{"id":1009,"date":"2022-03-22T09:12:59","date_gmt":"2022-03-22T08:12:59","guid":{"rendered":"http:\/\/passeurspatrimoineplogonnec.fr\/?page_id=1009"},"modified":"2022-03-22T09:41:59","modified_gmt":"2022-03-22T08:41:59","slug":"les-cours-deau-de-plogonnec","status":"publish","type":"page","link":"https:\/\/passeurspatrimoineplogonnec.fr\/?page_id=1009","title":{"rendered":"Les cours d&rsquo;eau de Plogonnec"},"content":{"rendered":"\n<p>Cette revue a \u00e9t\u00e9 r\u00e9alis\u00e9e principalement \u00e0 partir des cartes de l\u2019Institut g\u00e9ographique national avec la s\u00e9rie topographique au 1\/25 000 (4 cm = 1 km), et par mes observations sur le terrain. Lorsque le ruisseau n\u2019avait pas de nom officiel \u00e9tabli, je l\u2019ai d\u00e9sign\u00e9 par celui de la ferme la plus proche de son cours continu et permanent.<\/p>\n\n\n\n<p>La commune de Plogonnec se d\u00e9ploie de part ses plus de 2880 hectares carr\u00e9s sur deux bassins versants hydrographiques. La sagesse des anciens, quand il s\u2019est agit de tracer les fronti\u00e8res des paroisses, les a conduit a retenir les lignes de cr\u00eates des bassins versants pour des questions pratiques et de clart\u00e9 dans les sections int\u00e9gralement terrestres, et en suite en s\u2019appuyant sur les cours d\u2019eau pour le reste, avant de s\u2019en remettre aux limites parcellaires. Pour Plogonnec, au-del\u00e0 du parcellaire, il y a en plus le cas tr\u00e8s singulier de retenir une fraction du parcours de la trom\u00e9nie au travers de plusieurs champs. Cette section assez originale de la limite communale comme de la trom\u00e9nie ne vient pas bouleverser le principe du bassin versant hydrologique. Il ne s\u2019agit que d\u2019une transition dans la descente vers le premier ruisseau tributaire du Nevet.<\/p>\n\n\n\n<p>Le bourg de Plogonnec se situe juste \u00e0 un point d\u2019\u00e9quilibre entre ces deux bassins versants, celui du Ris \u00e0 l\u2019ouest et nord-ouest, celui du Ste\u00efr Penn Odet pour tout le reste. Sur la base de ce constat, voici la revue des cours d\u2019eau de Plogonnec.<\/p>\n\n\n\n<p>Sur le bassin versant du N\u00e9vet&nbsp;:<\/p>\n\n\n\n<p><strong>Le Ris<\/strong><\/p>\n\n\n\n<p>Le descriptif commence mal car le ruisseau qui aboutit \u00e0 la plage du Ris s\u2019appelle officiellement le Nevet, d\u2019o\u00f9 la confusion entre les deux. Cela s\u2019aggrave en suite parce que le cours d\u2019eau d\u2019alimentation principale est bien le Ris qui prend sa source en aval de Kervellou en Ploar\u00e9 et vient faire fronti\u00e8re entre Plogonnec et Le Juc\u2019h au contrebas de ce bourg. L\u2019on y trouvait le moulin de l\u2019Etang (Meilh Lenn) qui \u00e9tait suffisamment bien aliment\u00e9 en eau pour pouvoir fonctionner toute l\u2019ann\u00e9e.<\/p>\n\n\n\n<p><strong>Le Nevet<\/strong><\/p>\n\n\n\n<p>Le Nevet n\u2019est donc de fait qu\u2019un des affluents du Ris qu\u2019il rejoint juste au dessus nord du bourg du Juc\u2019h. Ce dernier prend sa source au dessus de Kergoat-N\u00e9vet. Il comprend un certain nombre de branches secondaires dont l\u2019une a fait l\u2019objet d\u2019une exploitation orifaire et du fer au moyen-\u00e2ge. Il capte au sud le Kersimon. Il existait trois moulins seigneuriaux \u00e0 N\u00e9vet sur ce cours d\u2019eau.<\/p>\n\n\n\n<p><strong>Le Stang ar Raz<\/strong><\/p>\n\n\n\n<p>Ce ruisseau prend sa source un peu au dessous de Stang ar Raz. Il cour d\u2019abord vers le sud-ouest jusqu\u2019\u00e0 Kervec, puis il oblique au sud-est jusqu\u2019en contrebas de Kroaz Goulit, et continue au sud-ouest jusqu\u2019\u00e0 Meilh Kerrec\u2019h pour venir abonder le Ris au dessus de Kermoal en Guengat. Le moulin de Kerrec\u2019h \u00e9tait \u00e0 l\u2019origine le moulin seigneurial du manoir de Kerj\u00e9gu dont la juridiction sera vite absorb\u00e9e par les N\u00e9vet.<\/p>\n\n\n\n<p>Sur le bassin versant du Ste\u00efr Penn Odet&nbsp;:<\/p>\n\n\n\n<p><strong>Le Ste\u00efr Penn Odet<\/strong><\/p>\n\n\n\n<p>La rivi\u00e8re que l\u2019on appelle aujourd\u2019hui \u00ab&nbsp;Ste\u00efr&nbsp;\u00bb coule depuis l\u2019avant sud-ouest de la commune de Plogonnec et remonte en suite plein nord vers Qu\u00e9m\u00e9n\u00e9ven. Globalement elle accomplie un grand arc de cercle dont tout le versant nord est le territoire communal jusqu\u2019au contrebas de Coat Squiriou.<\/p>\n\n\n\n<p>Son vrai nom, qui correspond \u00e0 sa r\u00e9alit\u00e9 physique, est \u00ab&nbsp;Ste\u00efr Penn Odet&nbsp;\u00bb. En effet, et pour qui veux bien soit lire les cartes, o\u00f9 alors aller sur place, ce cour d\u2019eau est le dernier qui rejoint l\u2019Odet, en pleine ville de Quimper, \u00e0 un endroit o\u00f9 l\u2019on ne peux plus trop bien dire suivant le cours des mar\u00e9es si l\u2019on est encore dans du fluvial ou du maritime. C\u2019est donc essentiellement la rive droite de cette rivi\u00e8re que nous allons d\u00e9crire.<\/p>\n\n\n\n<p>Le Ste\u00efr Penn Odet fait fronti\u00e8re pour Plogonnec \u00e0 sa jointure avec le Pellavon jusqu\u2019au seuil de Koz Kastel \u00e0 la pointe nord-est.<\/p>\n\n\n\n<p><strong>Le Pellavon<\/strong><\/p>\n\n\n\n<p>Ce dernier collecte le Rubian (qui lui-m\u00eame capte le Guengat et les deux branches du Lezoudoar\u00e9), le Camasquel, le Kerellec, le Pen-Prat Lorette au bas de Stang ar Guell en Guengat. (Anciennement en Plogonnec avant la modification de fronti\u00e8re).<\/p>\n\n\n\n<p><strong>Le Gouesnac\u2019h<\/strong><\/p>\n\n\n\n<p>En suite, apr\u00e8s le seuil du Saint Eug\u00e8ne, le Ste\u00efr Penn Odet capte le ruisseau de Gouesnac\u2019h qui draine depuis presque le Cro\u00e9ziou tout le bas du plateau.<\/p>\n\n\n\n<p><strong>Le Kerganap\u00e9<\/strong><\/p>\n\n\n\n<p>Ce ruisseau embranche en face de Ste\u00efr Hoat. Il remonte vers le bourg de Plogonnec. Sur sa rive gauche et assez en amont il capte le Kervolzet et le Saint Thurien. En rive droite, il capte le Saint Elo, le Sant M\u00e9en, Le Penn ar Vouez, le Staven, le Keryacob-Vian.<\/p>\n\n\n\n<p><strong>Le Garlan<\/strong><\/p>\n\n\n\n<p>Ce ruisseau embranche au bas de Coate\u00efr et capte le Trevanec.<\/p>\n\n\n\n<p><strong>Le Kerguinou<\/strong><\/p>\n\n\n\n<p>Ce ruisseau embranche le Ste\u00efr Penn Odet au bas de Kervoan en Landr\u00e9varzec.<\/p>\n\n\n\n<p>Voila la revue g\u00e9ographique de ces ruisseaux. Autours de ces derniers, au fil du temps, des vies ce sont construites, des entreprises ont pris formes, des r\u00eaves et des \u00e9mois y ont pris source.<\/p>\n\n\n\n<p class=\"has-text-align-center\">&#8212;&#8212;&#8212;&#8212;&#8212;&#8212;&#8212;&#8212;&#8212;&#8212;&#8212;&#8212;&#8212;&#8212;&#8212;&#8212;&#8212;&#8212;&#8212;&#8212;<\/p>\n\n\n\n<p><strong>Andr\u00e9 Bozec<\/strong><\/p>\n","protected":false},"excerpt":{"rendered":"<p>Cette revue a \u00e9t\u00e9 r\u00e9alis\u00e9e principalement \u00e0 partir des cartes de l\u2019Institut g\u00e9ographique national avec la s\u00e9rie topographique au 1\/25 000 (4 cm = 1 km), et par mes observations sur le terrain. Lorsque le ruisseau n\u2019avait pas de nom &hellip; <a href=\"https:\/\/passeurspatrimoineplogonnec.fr\/?page_id=1009\">Continuer la lecture <span class=\"meta-nav\">&rarr;<\/span><\/a><\/p>\n","protected":false},"author":1,"featured_media":0,"parent":0,"menu_order":0,"comment_status":"closed","ping_status":"closed","template":"","meta":{"footnotes":""},"class_list":["post-1009","page","type-page","status-publish","hentry"],"yoast_head":"<!-- This site is optimized with the Yoast SEO plugin v27.4 - https:\/\/yoast.com\/product\/yoast-seo-wordpress\/ -->\n<title>Les cours d&#039;eau de Plogonnec - Passeurs de Patrimoine de Plogonnec<\/title>\n<meta name=\"robots\" content=\"index, follow, max-snippet:-1, max-image-preview:large, max-video-preview:-1\" \/>\n<link rel=\"canonical\" href=\"https:\/\/passeurspatrimoineplogonnec.fr\/?page_id=1009\" \/>\n<meta property=\"og:locale\" content=\"fr_FR\" \/>\n<meta property=\"og:type\" content=\"article\" \/>\n<meta property=\"og:title\" content=\"Les cours d&#039;eau de Plogonnec - Passeurs de Patrimoine de Plogonnec\" \/>\n<meta property=\"og:description\" content=\"Cette revue a \u00e9t\u00e9 r\u00e9alis\u00e9e principalement \u00e0 partir des cartes de l\u2019Institut g\u00e9ographique national avec la s\u00e9rie topographique au 1\/25 000 (4 cm = 1 km), et par mes observations sur le terrain. Lorsque le ruisseau n\u2019avait pas de nom &hellip; Continuer la lecture &rarr;\" \/>\n<meta property=\"og:url\" content=\"https:\/\/passeurspatrimoineplogonnec.fr\/?page_id=1009\" \/>\n<meta property=\"og:site_name\" content=\"Passeurs de Patrimoine de Plogonnec\" \/>\n<meta property=\"article:modified_time\" content=\"2022-03-22T08:41:59+00:00\" \/>\n<meta name=\"twitter:card\" content=\"summary_large_image\" \/>\n<meta name=\"twitter:label1\" content=\"Dur\u00e9e de lecture estim\u00e9e\" \/>\n\t<meta name=\"twitter:data1\" content=\"5 minutes\" \/>\n<script type=\"application\/ld+json\" class=\"yoast-schema-graph\">{\"@context\":\"https:\\\/\\\/schema.org\",\"@graph\":[{\"@type\":\"WebPage\",\"@id\":\"https:\\\/\\\/passeurspatrimoineplogonnec.fr\\\/?page_id=1009\",\"url\":\"https:\\\/\\\/passeurspatrimoineplogonnec.fr\\\/?page_id=1009\",\"name\":\"Les cours d'eau de Plogonnec - Passeurs de Patrimoine de Plogonnec\",\"isPartOf\":{\"@id\":\"https:\\\/\\\/passeurspatrimoineplogonnec.fr\\\/#website\"},\"datePublished\":\"2022-03-22T08:12:59+00:00\",\"dateModified\":\"2022-03-22T08:41:59+00:00\",\"breadcrumb\":{\"@id\":\"https:\\\/\\\/passeurspatrimoineplogonnec.fr\\\/?page_id=1009#breadcrumb\"},\"inLanguage\":\"fr-FR\",\"potentialAction\":[{\"@type\":\"ReadAction\",\"target\":[\"https:\\\/\\\/passeurspatrimoineplogonnec.fr\\\/?page_id=1009\"]}]},{\"@type\":\"BreadcrumbList\",\"@id\":\"https:\\\/\\\/passeurspatrimoineplogonnec.fr\\\/?page_id=1009#breadcrumb\",\"itemListElement\":[{\"@type\":\"ListItem\",\"position\":1,\"name\":\"Accueil\",\"item\":\"https:\\\/\\\/passeurspatrimoineplogonnec.fr\\\/\"},{\"@type\":\"ListItem\",\"position\":2,\"name\":\"Les cours d&#8217;eau de Plogonnec\"}]},{\"@type\":\"WebSite\",\"@id\":\"https:\\\/\\\/passeurspatrimoineplogonnec.fr\\\/#website\",\"url\":\"https:\\\/\\\/passeurspatrimoineplogonnec.fr\\\/\",\"name\":\"Passeurs de Patrimoine de Plogonnec\",\"description\":\"\",\"potentialAction\":[{\"@type\":\"SearchAction\",\"target\":{\"@type\":\"EntryPoint\",\"urlTemplate\":\"https:\\\/\\\/passeurspatrimoineplogonnec.fr\\\/?s={search_term_string}\"},\"query-input\":{\"@type\":\"PropertyValueSpecification\",\"valueRequired\":true,\"valueName\":\"search_term_string\"}}],\"inLanguage\":\"fr-FR\"}]}<\/script>\n<!-- \/ Yoast SEO plugin. -->","yoast_head_json":{"title":"Les cours d'eau de Plogonnec - Passeurs de Patrimoine de Plogonnec","robots":{"index":"index","follow":"follow","max-snippet":"max-snippet:-1","max-image-preview":"max-image-preview:large","max-video-preview":"max-video-preview:-1"},"canonical":"https:\/\/passeurspatrimoineplogonnec.fr\/?page_id=1009","og_locale":"fr_FR","og_type":"article","og_title":"Les cours d'eau de Plogonnec - Passeurs de Patrimoine de Plogonnec","og_description":"Cette revue a \u00e9t\u00e9 r\u00e9alis\u00e9e principalement \u00e0 partir des cartes de l\u2019Institut g\u00e9ographique national avec la s\u00e9rie topographique au 1\/25 000 (4 cm = 1 km), et par mes observations sur le terrain. Lorsque le ruisseau n\u2019avait pas de nom &hellip; Continuer la lecture &rarr;","og_url":"https:\/\/passeurspatrimoineplogonnec.fr\/?page_id=1009","og_site_name":"Passeurs de Patrimoine de Plogonnec","article_modified_time":"2022-03-22T08:41:59+00:00","twitter_card":"summary_large_image","twitter_misc":{"Dur\u00e9e de lecture estim\u00e9e":"5 minutes"},"schema":{"@context":"https:\/\/schema.org","@graph":[{"@type":"WebPage","@id":"https:\/\/passeurspatrimoineplogonnec.fr\/?page_id=1009","url":"https:\/\/passeurspatrimoineplogonnec.fr\/?page_id=1009","name":"Les cours d'eau de Plogonnec - Passeurs de Patrimoine de Plogonnec","isPartOf":{"@id":"https:\/\/passeurspatrimoineplogonnec.fr\/#website"},"datePublished":"2022-03-22T08:12:59+00:00","dateModified":"2022-03-22T08:41:59+00:00","breadcrumb":{"@id":"https:\/\/passeurspatrimoineplogonnec.fr\/?page_id=1009#breadcrumb"},"inLanguage":"fr-FR","potentialAction":[{"@type":"ReadAction","target":["https:\/\/passeurspatrimoineplogonnec.fr\/?page_id=1009"]}]},{"@type":"BreadcrumbList","@id":"https:\/\/passeurspatrimoineplogonnec.fr\/?page_id=1009#breadcrumb","itemListElement":[{"@type":"ListItem","position":1,"name":"Accueil","item":"https:\/\/passeurspatrimoineplogonnec.fr\/"},{"@type":"ListItem","position":2,"name":"Les cours d&#8217;eau de Plogonnec"}]},{"@type":"WebSite","@id":"https:\/\/passeurspatrimoineplogonnec.fr\/#website","url":"https:\/\/passeurspatrimoineplogonnec.fr\/","name":"Passeurs de Patrimoine de Plogonnec","description":"","potentialAction":[{"@type":"SearchAction","target":{"@type":"EntryPoint","urlTemplate":"https:\/\/passeurspatrimoineplogonnec.fr\/?s={search_term_string}"},"query-input":{"@type":"PropertyValueSpecification","valueRequired":true,"valueName":"search_term_string"}}],"inLanguage":"fr-FR"}]}},"_links":{"self":[{"href":"https:\/\/passeurspatrimoineplogonnec.fr\/index.php?rest_route=\/wp\/v2\/pages\/1009","targetHints":{"allow":["GET"]}}],"collection":[{"href":"https:\/\/passeurspatrimoineplogonnec.fr\/index.php?rest_route=\/wp\/v2\/pages"}],"about":[{"href":"https:\/\/passeurspatrimoineplogonnec.fr\/index.php?rest_route=\/wp\/v2\/types\/page"}],"author":[{"embeddable":true,"href":"https:\/\/passeurspatrimoineplogonnec.fr\/index.php?rest_route=\/wp\/v2\/users\/1"}],"replies":[{"embeddable":true,"href":"https:\/\/passeurspatrimoineplogonnec.fr\/index.php?rest_route=%2Fwp%2Fv2%2Fcomments&post=1009"}],"version-history":[{"count":2,"href":"https:\/\/passeurspatrimoineplogonnec.fr\/index.php?rest_route=\/wp\/v2\/pages\/1009\/revisions"}],"predecessor-version":[{"id":1012,"href":"https:\/\/passeurspatrimoineplogonnec.fr\/index.php?rest_route=\/wp\/v2\/pages\/1009\/revisions\/1012"}],"wp:attachment":[{"href":"https:\/\/passeurspatrimoineplogonnec.fr\/index.php?rest_route=%2Fwp%2Fv2%2Fmedia&parent=1009"}],"curies":[{"name":"wp","href":"https:\/\/api.w.org\/{rel}","templated":true}]}}