{"id":1133,"date":"2022-05-31T17:11:36","date_gmt":"2022-05-31T15:11:36","guid":{"rendered":"http:\/\/passeurspatrimoineplogonnec.fr\/?page_id=1133"},"modified":"2023-11-11T18:19:32","modified_gmt":"2023-11-11T17:19:32","slug":"paul-chancerelle-de-lille-a-lourdes","status":"publish","type":"page","link":"https:\/\/passeurspatrimoineplogonnec.fr\/?page_id=1133","title":{"rendered":"Paul Chancerelle : De Lille \u00e0 Lourdes"},"content":{"rendered":"\n<p>&nbsp;<em>&#8230;Suite<\/em><em>&nbsp;<\/em><em><a href=\"https:\/\/www.google.com\/url?q=https:\/\/docs.google.com\/document\/d\/1xIpb-GUaKvLjbcuIO7kTTgtIAO0dD-A_CyvYKlBYht0\/pub&amp;sa=D&amp;source=editors&amp;ust=1654013423592407&amp;usg=AOvVaw2o6hFL029dZjHH3BcTeMoK\">\u00e9vasion de Paul<\/a><\/em><em><a href=\"https:\/\/www.google.com\/url?q=https:\/\/docs.google.com\/document\/d\/1xIpb-GUaKvLjbcuIO7kTTgtIAO0dD-A_CyvYKlBYht0\/pub&amp;sa=D&amp;source=editors&amp;ust=1654013423592748&amp;usg=AOvVaw1AcFP-GW_pmneGajj4pRix\">&nbsp;&nbsp;<\/a><\/em><em><a href=\"https:\/\/www.google.com\/url?q=https:\/\/docs.google.com\/document\/d\/1xIpb-GUaKvLjbcuIO7kTTgtIAO0dD-A_CyvYKlBYht0\/pub&amp;sa=D&amp;source=editors&amp;ust=1654013423592937&amp;usg=AOvVaw0F7UMbZiRyP14UytFUU1dj\">Chancerelle<\/a><\/em><em>&nbsp;en territoire occup\u00e9.<\/em>&nbsp; &nbsp; &nbsp; &nbsp; &nbsp; &nbsp; &nbsp; &nbsp; &nbsp;<\/p>\n\n\n\n<p><strong>DOLBA\u00db &#8211; LOURDES<\/strong>&nbsp;<a><\/a><a><\/a><\/p>\n\n\n\n<figure class=\"wp-block-table\"><table><tbody><tr><td>Arriv\u00e9 \u00e0\u00a0<a href=\"https:\/\/www.google.com\/url?q=https:\/\/fr.wikipedia.org\/wiki\/Lille&amp;sa=D&amp;source=editors&amp;ust=1654013423594110&amp;usg=AOvVaw1b1aimmCMA3tIDWde0B4jC\">Lille<\/a>, je n\u2019\u00e9tais pas encore au bout de mes peines.\u00a0<a href=\"https:\/\/www.google.com\/url?q=https:\/\/fr.wikipedia.org\/wiki\/Lourdes&amp;sa=D&amp;source=editors&amp;ust=1654013423594317&amp;usg=AOvVaw1OijMiADX7sRGUWmSkDgYv\">Lourdes<\/a>\u00a0\u00e9tait encore loin. Je prends le train pour\u00a0<a href=\"https:\/\/www.google.com\/url?q=https:\/\/fr.wikipedia.org\/wiki\/Paris&amp;sa=D&amp;source=editors&amp;ust=1654013423594492&amp;usg=AOvVaw2ZZ55-yY5lj__QvXo-_T5N\">Paris<\/a>, mais toujours sans-papiers, ni carte d&rsquo;identit\u00e9, donc \u00e0 la merci du premier contr\u00f4le allemand. Je m\u2019installe dans mon compartiment et, \u00e9puis\u00e9, je m\u2019endors jusqu\u2019\u00e0 \u00a0Paris.<br>En arrivant \u00e0 Paris, je passe ma main dans mes cheveux et je me trouve avec une couche de beurre sur la t\u00eate. Incident bien typique de l&rsquo;\u00e9poque du march\u00e9 noir. Il faisait tr\u00e8s chaud et la provision de beurre, stock\u00e9e dans le filet au dessus de ma t\u00eate, avait Iitt\u00e9ralement fondue sur moi. Dommage pour le propri\u00e9taire qui n&rsquo;a pas d\u00fb trouver son compte, ni pour moi qui ai senti le rance pendant plusieurs jours.<br>Je descends chez les B. DEBROTSE qui se trouvaient au mariage des YVONS \u00e0\u00a0<a href=\"https:\/\/www.google.com\/url?q=https:\/\/fr.wikipedia.org\/wiki\/Saint-Jean-de-Luz&amp;sa=D&amp;source=editors&amp;ust=1654013423595183&amp;usg=AOvVaw1i0zsoNthpyDeNy3fQgVtR\">Saint Jean-de-Luz<\/a>. Seule, Marie me re\u00e7oit avec beaucoup de gentillesse.<br>Il me restait maintenant \u00e0 franchir la ligne de d\u00e9marcation, dernier obstacle s\u00e9rieux. Bernard m\u2019indique qu\u2019il peut avoir des relations avec le Directeur S.N.C.F. de\u00a0<a href=\"https:\/\/www.google.com\/url?q=https:\/\/fr.wikipedia.org\/wiki\/Bordeaux&amp;sa=D&amp;source=editors&amp;ust=1654013423595714&amp;usg=AOvVaw3w4ELicVeCzaSkR0LW3ZOZ\">Bordeaux<\/a>\u00a0et me conseille d\u2019avoir recours \u00e0 lui.<br>Toujours sans papiers, je reprends le train. Voyage sans encombre. Je me pr\u00e9sente au chef de gare. Ce dernier un peu m\u00e9fiant, m\u00e9fiance bien compr\u00e9hensible o\u00f9 \u00e0 cette \u00e9poque tout Ie monde \u00e9tait suspect\u00e9. Il feint de ne rien comprendre et comme c\u2019\u00e9tait Ie 14 Juillet, iI me dit de repasser dans 2 jours. Me voil\u00e0 donc, pour 48 heures, sur les pav\u00e9s de Bordeaux.<br>Le 15, me voil\u00e0 \u00e0 nouveau chez mon chef de gare qui, cette fois, est adorable. Entre-temps il avait communiqu\u00e9 avec Paris. Il me dit \u00ab\u00a0D&rsquo;accord, ce soir au d\u00e9p\u00f4t des locomotives\u00a0\u00bb.<br>Je suis au rendez-vous et on me donne un bleu de chauffe, une petite lanterne et je vais me coucher au d\u00e9p\u00f4t. 5 heures du matin un cheminot frappe \u00e0 Ia porte ! \u00ab\u00a0\u00c7a y est, on y va !\u00a0\u00bb. Je le suis sur le quai, nous y croisons des sentinelles allemandes. J&rsquo;agite ma lanterne. Nous arrivons devant la locomotive. Le m\u00e9canicien qui est pr\u00e9venu, lance un grand jet de vapeur et mon coll\u00e8gue cheminot me glisse \u00e0 l&rsquo;oreille \u00ab\u00a0Allez fonce et bonne route !\u00a0\u00bb. Je me hisse un peu \u00e9mu sous le tander. Entre les roues avait \u00e9t\u00e9 fix\u00e9e une poutre. J&rsquo;ai Ia surprise d&rsquo;y trouver un compagnon de voyage. Longue attente, un sifflet et Ie convoi s\u2019\u00e9branle. Je vois sous moi les traverses de chemin de fer qui s\u2019acc\u00e9l\u00e8rent. Tout va bien.<br>Le train s&rsquo;arr\u00eate \u00e0 la ligne de d\u00e9marcation \u00e0 hauteur de mon nez. Sur le quai je distingue les bottes des\u00a0<a href=\"https:\/\/www.google.com\/url?q=https:\/\/fr.wikipedia.org\/wiki\/Feldgendarmerie&amp;sa=D&amp;source=editors&amp;ust=1654013423596899&amp;usg=AOvVaw21GeHb4KuAfsy4smXtFWAh\">Feld-gendarmes<\/a>\u00a0venus inspecter le train.<br>Le train repart et s&rsquo;arr\u00eate \u00e0 nouveau \u00e0\u00a0<a href=\"https:\/\/www.google.com\/url?q=https:\/\/fr.wikipedia.org\/wiki\/Agen&amp;sa=D&amp;source=editors&amp;ust=1654013423597304&amp;usg=AOvVaw0dp6FDxxqc76TK8_3BocmZ\">Agen<\/a>. Le chauffeur de Ia loco m\u2019appelle et me fait descendre de mon perchoir, me fait monter avec lui. On y est quand m\u00eame mieux pour voir d\u00e9filer le paysage. Je donne \u00e0 mon nouveau coIl\u00e8gue un coup de main pour alimenter le foyer en charbon. Me voil\u00e0 maintenant m\u00e9canicien de locomotive ! J\u2019avais d\u00e9j\u00e0 \u00e9t\u00e9 cultivateur, Iaitier, horticulteur, cantonnier, vacher, mon \u00e9ducation continue !<br>Arriv\u00e9 \u00e0\u00a0<a href=\"https:\/\/www.google.com\/url?q=https:\/\/fr.wikipedia.org\/wiki\/Montauban&amp;sa=D&amp;source=editors&amp;ust=1654013423597730&amp;usg=AOvVaw19Z0yXL3xmToVQmvAx8jmb\">Montauban<\/a>, je fais mes adieux \u00e0 mon cheminot et demande I&rsquo;adresse des autorit\u00e9s militaires pour me faire d\u00e9mobiliser. Dans la cour de Ia gare je suis un peu surpris de trouver des \u00ab\u00a0<a href=\"https:\/\/www.google.com\/url?q=https:\/\/fr.wikipedia.org\/wiki\/Paris_sous_l%2527Occupation_allemande&amp;sa=D&amp;source=editors&amp;ust=1654013423597931&amp;usg=AOvVaw2W1roJ3c6-ACxACatlocd7\">v\u00e9los pousse-pousse<\/a>\u00ab\u00a0. Je me paie Ie luxe d\u2019en appeler un qui me m\u00e8ne \u00e0 toute allure \u00e0 une caserne.<br>Trois jours dans cette caserne et je reprends le train pour\u00a0<a href=\"https:\/\/www.google.com\/url?q=https:\/\/fr.wikipedia.org\/wiki\/Toulouse&amp;sa=D&amp;source=editors&amp;ust=1654013423598396&amp;usg=AOvVaw1fFVDKAG0XX7zRuS2r6d8c\">Toulouse<\/a>. De l\u00e0 je mets le cap sur Lourdes \u00e0 pied pour terminer mon voyage et accomplir mon voeu : \u00a0Halle &#8211; Lourdes.<br>\u00c0 20 kms de Lourdes, vers 22 heures, ne sachant o\u00f9 coucher, je rentre dans un village et vais frapper \u00e0 la porte d&rsquo;un presbyt\u00e8re. Je trouve un cur\u00e9 assez peu compr\u00e9hensif. Je lui explique que j&rsquo;arrive tout droit d\u2019Allemagne et que je vais en p\u00e8lerinage d&rsquo;action de gr\u00e2ce \u00e0 Lourdes. Peut-\u00eatre pourrait-il \u00a0m&rsquo;abriter pour la nuit ? Je ne suis pas exigeant : une botte de foin et si possible un abri feraient bien mon affaire. Eh bien non ! Il faut croire que je sentais encore le rance et que ma t\u00eate ne lui revenait pas !<br>Je repars un peu d\u00e9\u00e7u et vex\u00e9. Je suis all\u00e9 me coucher un peu plus loin dans un foss\u00e9. Le froid me r\u00e9veille assez t\u00f4t et je reprends ma route.<br>J&rsquo;arrive au petit matin devant la grotte de Lourdes o\u00f9 je me retrouve unique p\u00e8lerin, mais combien \u00e9mu et reconnaissant apr\u00e8s tant d\u2019incidents et d\u2019\u00e9motions v\u00e9cus pendant mon odyss\u00e9e.<br>Juin 1992&#8230; 50 ans ont pass\u00e9 et, conduit par Lo\u00efc et ses filles, je revois Halle &#8211; Volpern ! Que de souvenirs ! ! !<br><br><strong>Source passeurs de m\u00e9moire E bro Plogoneg :<\/strong><em>\u00e0 partir de documents pr\u00eat\u00e9s par la famille Chancerelle de Kernoalet en Plogonnec.<\/em><\/td><\/tr><\/tbody><\/table><\/figure>\n","protected":false},"excerpt":{"rendered":"<p>&nbsp;&#8230;Suite&nbsp;\u00e9vasion de Paul&nbsp;&nbsp;Chancerelle&nbsp;en territoire occup\u00e9.&nbsp; &nbsp; &nbsp; &nbsp; &nbsp; &nbsp; &nbsp; &nbsp; &nbsp; DOLBA\u00db &#8211; LOURDES&nbsp; Arriv\u00e9 \u00e0\u00a0Lille, je n\u2019\u00e9tais pas encore au bout de mes peines.\u00a0Lourdes\u00a0\u00e9tait encore loin. Je prends le train pour\u00a0Paris, mais toujours sans-papiers, ni carte d&rsquo;identit\u00e9, &hellip; <a href=\"https:\/\/passeurspatrimoineplogonnec.fr\/?page_id=1133\">Continuer la lecture <span class=\"meta-nav\">&rarr;<\/span><\/a><\/p>\n","protected":false},"author":1,"featured_media":0,"parent":0,"menu_order":0,"comment_status":"closed","ping_status":"closed","template":"","meta":{"footnotes":""},"class_list":["post-1133","page","type-page","status-publish","hentry"],"yoast_head":"<!-- This site is optimized with the Yoast SEO plugin v27.4 - https:\/\/yoast.com\/product\/yoast-seo-wordpress\/ -->\n<title>Paul Chancerelle : De Lille \u00e0 Lourdes - Passeurs de Patrimoine de Plogonnec<\/title>\n<meta name=\"robots\" content=\"index, follow, max-snippet:-1, max-image-preview:large, max-video-preview:-1\" \/>\n<link rel=\"canonical\" href=\"https:\/\/passeurspatrimoineplogonnec.fr\/?page_id=1133\" \/>\n<meta property=\"og:locale\" content=\"fr_FR\" \/>\n<meta property=\"og:type\" content=\"article\" \/>\n<meta property=\"og:title\" content=\"Paul Chancerelle : De Lille \u00e0 Lourdes - Passeurs de Patrimoine de Plogonnec\" \/>\n<meta property=\"og:description\" content=\"&nbsp;&#8230;Suite&nbsp;\u00e9vasion de Paul&nbsp;&nbsp;Chancerelle&nbsp;en territoire occup\u00e9.&nbsp; &nbsp; &nbsp; &nbsp; &nbsp; &nbsp; &nbsp; &nbsp; &nbsp; DOLBA\u00db &#8211; LOURDES&nbsp; Arriv\u00e9 \u00e0\u00a0Lille, je n\u2019\u00e9tais pas encore au bout de mes peines.\u00a0Lourdes\u00a0\u00e9tait encore loin. Je prends le train pour\u00a0Paris, mais toujours sans-papiers, ni carte d&rsquo;identit\u00e9, &hellip; Continuer la lecture &rarr;\" \/>\n<meta property=\"og:url\" content=\"https:\/\/passeurspatrimoineplogonnec.fr\/?page_id=1133\" \/>\n<meta property=\"og:site_name\" content=\"Passeurs de Patrimoine de Plogonnec\" \/>\n<meta property=\"article:modified_time\" content=\"2023-11-11T17:19:32+00:00\" \/>\n<meta name=\"twitter:card\" content=\"summary_large_image\" \/>\n<meta name=\"twitter:label1\" content=\"Dur\u00e9e de lecture estim\u00e9e\" \/>\n\t<meta name=\"twitter:data1\" content=\"4 minutes\" \/>\n<script type=\"application\/ld+json\" class=\"yoast-schema-graph\">{\"@context\":\"https:\\\/\\\/schema.org\",\"@graph\":[{\"@type\":\"WebPage\",\"@id\":\"https:\\\/\\\/passeurspatrimoineplogonnec.fr\\\/?page_id=1133\",\"url\":\"https:\\\/\\\/passeurspatrimoineplogonnec.fr\\\/?page_id=1133\",\"name\":\"Paul Chancerelle : De Lille \u00e0 Lourdes - Passeurs de Patrimoine de Plogonnec\",\"isPartOf\":{\"@id\":\"https:\\\/\\\/passeurspatrimoineplogonnec.fr\\\/#website\"},\"datePublished\":\"2022-05-31T15:11:36+00:00\",\"dateModified\":\"2023-11-11T17:19:32+00:00\",\"breadcrumb\":{\"@id\":\"https:\\\/\\\/passeurspatrimoineplogonnec.fr\\\/?page_id=1133#breadcrumb\"},\"inLanguage\":\"fr-FR\",\"potentialAction\":[{\"@type\":\"ReadAction\",\"target\":[\"https:\\\/\\\/passeurspatrimoineplogonnec.fr\\\/?page_id=1133\"]}]},{\"@type\":\"BreadcrumbList\",\"@id\":\"https:\\\/\\\/passeurspatrimoineplogonnec.fr\\\/?page_id=1133#breadcrumb\",\"itemListElement\":[{\"@type\":\"ListItem\",\"position\":1,\"name\":\"Accueil\",\"item\":\"https:\\\/\\\/passeurspatrimoineplogonnec.fr\\\/\"},{\"@type\":\"ListItem\",\"position\":2,\"name\":\"Paul Chancerelle : De Lille \u00e0 Lourdes\"}]},{\"@type\":\"WebSite\",\"@id\":\"https:\\\/\\\/passeurspatrimoineplogonnec.fr\\\/#website\",\"url\":\"https:\\\/\\\/passeurspatrimoineplogonnec.fr\\\/\",\"name\":\"Passeurs de Patrimoine de Plogonnec\",\"description\":\"\",\"potentialAction\":[{\"@type\":\"SearchAction\",\"target\":{\"@type\":\"EntryPoint\",\"urlTemplate\":\"https:\\\/\\\/passeurspatrimoineplogonnec.fr\\\/?s={search_term_string}\"},\"query-input\":{\"@type\":\"PropertyValueSpecification\",\"valueRequired\":true,\"valueName\":\"search_term_string\"}}],\"inLanguage\":\"fr-FR\"}]}<\/script>\n<!-- \/ Yoast SEO plugin. -->","yoast_head_json":{"title":"Paul Chancerelle : De Lille \u00e0 Lourdes - Passeurs de Patrimoine de Plogonnec","robots":{"index":"index","follow":"follow","max-snippet":"max-snippet:-1","max-image-preview":"max-image-preview:large","max-video-preview":"max-video-preview:-1"},"canonical":"https:\/\/passeurspatrimoineplogonnec.fr\/?page_id=1133","og_locale":"fr_FR","og_type":"article","og_title":"Paul Chancerelle : De Lille \u00e0 Lourdes - Passeurs de Patrimoine de Plogonnec","og_description":"&nbsp;&#8230;Suite&nbsp;\u00e9vasion de Paul&nbsp;&nbsp;Chancerelle&nbsp;en territoire occup\u00e9.&nbsp; &nbsp; &nbsp; &nbsp; &nbsp; &nbsp; &nbsp; &nbsp; &nbsp; DOLBA\u00db &#8211; LOURDES&nbsp; Arriv\u00e9 \u00e0\u00a0Lille, je n\u2019\u00e9tais pas encore au bout de mes peines.\u00a0Lourdes\u00a0\u00e9tait encore loin. Je prends le train pour\u00a0Paris, mais toujours sans-papiers, ni carte d&rsquo;identit\u00e9, &hellip; Continuer la lecture &rarr;","og_url":"https:\/\/passeurspatrimoineplogonnec.fr\/?page_id=1133","og_site_name":"Passeurs de Patrimoine de Plogonnec","article_modified_time":"2023-11-11T17:19:32+00:00","twitter_card":"summary_large_image","twitter_misc":{"Dur\u00e9e de lecture estim\u00e9e":"4 minutes"},"schema":{"@context":"https:\/\/schema.org","@graph":[{"@type":"WebPage","@id":"https:\/\/passeurspatrimoineplogonnec.fr\/?page_id=1133","url":"https:\/\/passeurspatrimoineplogonnec.fr\/?page_id=1133","name":"Paul Chancerelle : De Lille \u00e0 Lourdes - Passeurs de Patrimoine de Plogonnec","isPartOf":{"@id":"https:\/\/passeurspatrimoineplogonnec.fr\/#website"},"datePublished":"2022-05-31T15:11:36+00:00","dateModified":"2023-11-11T17:19:32+00:00","breadcrumb":{"@id":"https:\/\/passeurspatrimoineplogonnec.fr\/?page_id=1133#breadcrumb"},"inLanguage":"fr-FR","potentialAction":[{"@type":"ReadAction","target":["https:\/\/passeurspatrimoineplogonnec.fr\/?page_id=1133"]}]},{"@type":"BreadcrumbList","@id":"https:\/\/passeurspatrimoineplogonnec.fr\/?page_id=1133#breadcrumb","itemListElement":[{"@type":"ListItem","position":1,"name":"Accueil","item":"https:\/\/passeurspatrimoineplogonnec.fr\/"},{"@type":"ListItem","position":2,"name":"Paul Chancerelle : De Lille \u00e0 Lourdes"}]},{"@type":"WebSite","@id":"https:\/\/passeurspatrimoineplogonnec.fr\/#website","url":"https:\/\/passeurspatrimoineplogonnec.fr\/","name":"Passeurs de Patrimoine de Plogonnec","description":"","potentialAction":[{"@type":"SearchAction","target":{"@type":"EntryPoint","urlTemplate":"https:\/\/passeurspatrimoineplogonnec.fr\/?s={search_term_string}"},"query-input":{"@type":"PropertyValueSpecification","valueRequired":true,"valueName":"search_term_string"}}],"inLanguage":"fr-FR"}]}},"_links":{"self":[{"href":"https:\/\/passeurspatrimoineplogonnec.fr\/index.php?rest_route=\/wp\/v2\/pages\/1133","targetHints":{"allow":["GET"]}}],"collection":[{"href":"https:\/\/passeurspatrimoineplogonnec.fr\/index.php?rest_route=\/wp\/v2\/pages"}],"about":[{"href":"https:\/\/passeurspatrimoineplogonnec.fr\/index.php?rest_route=\/wp\/v2\/types\/page"}],"author":[{"embeddable":true,"href":"https:\/\/passeurspatrimoineplogonnec.fr\/index.php?rest_route=\/wp\/v2\/users\/1"}],"replies":[{"embeddable":true,"href":"https:\/\/passeurspatrimoineplogonnec.fr\/index.php?rest_route=%2Fwp%2Fv2%2Fcomments&post=1133"}],"version-history":[{"count":6,"href":"https:\/\/passeurspatrimoineplogonnec.fr\/index.php?rest_route=\/wp\/v2\/pages\/1133\/revisions"}],"predecessor-version":[{"id":1144,"href":"https:\/\/passeurspatrimoineplogonnec.fr\/index.php?rest_route=\/wp\/v2\/pages\/1133\/revisions\/1144"}],"wp:attachment":[{"href":"https:\/\/passeurspatrimoineplogonnec.fr\/index.php?rest_route=%2Fwp%2Fv2%2Fmedia&parent=1133"}],"curies":[{"name":"wp","href":"https:\/\/api.w.org\/{rel}","templated":true}]}}