{"id":1145,"date":"2022-05-31T17:24:20","date_gmt":"2022-05-31T15:24:20","guid":{"rendered":"http:\/\/passeurspatrimoineplogonnec.fr\/?page_id=1145"},"modified":"2023-11-11T18:20:21","modified_gmt":"2023-11-11T17:20:21","slug":"yvon-chancerelle-sa-vie-de-resistant-de-1939-a-1944","status":"publish","type":"page","link":"https:\/\/passeurspatrimoineplogonnec.fr\/?page_id=1145","title":{"rendered":"Yvon Chancerelle : sa vie de r\u00e9sistant de 1939 \u00e0 1944"},"content":{"rendered":"\n<p><strong>RECIT PARTIEL de la vie d\u2019Yvon Chancerelle<\/strong><strong>,<\/strong><strong>&nbsp;<\/strong><\/p>\n\n\n\n<p><strong>fr\u00e8re de Patrick Chancerelle, et de son action dans la R\u00e9sistance<\/strong><\/p>\n\n\n\n<p>&#8230; Apr\u00e8s des vacances \u00e0 Douarnenez en septembre 1938, je rentre \u00e0 Salon-de-Provence comme \u00e9l\u00e8ve officier. Nous commen\u00e7ons rapidement \u00e0 voler sur&nbsp;<a href=\"https:\/\/www.google.com\/url?q=https:\/\/fr.wikipedia.org\/wiki\/Potez_25&amp;sa=D&amp;source=editors&amp;ust=1654014162632444&amp;usg=AOvVaw3zQ1BLkXnBm3r-Y-m9SocE\">POTEZ 25<\/a>&nbsp;pour passer notre brevet d\u2019observateur, puis quelques mois apr\u00e8s nous avons commenc\u00e9 des vols sur&nbsp;<a href=\"https:\/\/www.google.com\/url?q=https:\/\/fr.wikipedia.org\/wiki\/Morane-Saulnier_MS.315&amp;sa=D&amp;source=editors&amp;ust=1654014162632749&amp;usg=AOvVaw2p7kW4y6NmJpKa0Gu5Rt2v\">MORANE 315<\/a>&nbsp;et&nbsp;<a href=\"https:\/\/www.google.com\/url?q=https:\/\/fr.wikipedia.org\/wiki\/Morane-Saulnier_MS.230&amp;sa=D&amp;source=editors&amp;ust=1654014162632944&amp;usg=AOvVaw3HsvGXh-Y94kZdiMbjs0-r\">MORANE 230<\/a>&nbsp;en vue de notre brevet de pilote.<\/p>\n\n\n\n<p><strong>Septembre 1939, ce sont les bruits de guerre.<\/strong><\/p>\n\n\n\n<p>L\u2019Italie rentre en guerre et l\u2019Ecole de l\u2019Air doit \u00e9vacuer Salon-de-Provence. C\u2019est ainsi que tous les aspirants de l\u2019\u00e9cole de l\u2019air, tr\u00e8s fiers de leurs galons, sont charg\u00e9s dans des wagons \u00e0 bestiaux, direction Bordeaux et Mont-de-Marsan.<\/p>\n\n\n\n<p><strong>Juin 1940<\/strong><\/p>\n\n\n\n<p>C\u2019est la d\u00e9bandade. Je quitte Bordeaux dans un avion de fortune vers Perpignan. Arriv\u00e9 \u00e0 Perpignan, je traverse la M\u00e9diterran\u00e9e et me retrouve \u00e0 Oran. Je continue sur Marrakech o\u00f9 je suis affect\u00e9 au groupe de \u00ab&nbsp;reconnaissance&nbsp;\u00bb, observateur sur&nbsp;<a href=\"https:\/\/www.google.com\/url?q=https:\/\/fr.wikipedia.org\/wiki\/Potez&amp;sa=D&amp;source=editors&amp;ust=1654014162634083&amp;usg=AOvVaw1yOtcXJC0UrYHv13QAeXQN\">POTEZ 52<\/a>. Comme nous ne volons plus, du fait de l\u2019Armistice, fin 1940 je rentre en France. Je me porte volontaire pour encadrer \u00ab&nbsp;les chantiers de jeunesse&nbsp;\u00bb&nbsp;; &nbsp;un mois apr\u00e8s je suis affect\u00e9 \u00e0 Cauterets.<\/p>\n\n\n\n<p>Que vous dire de Cauterets&nbsp;: la vie consiste pour les jeunes \u00e0 rester dans leur piaule pendant que les moniteurs escaladent les pics environnants pendant tout l\u2019hiver 1940\/1941&nbsp;!!! Je monte donc un jour \u00e0 Chamali\u00e8res pour voir le grand patron pour lui dire que cela ne peut pas durer, il me met \u00e0 la porte&nbsp;!&nbsp;Je reprends contact avec l\u2019Arm\u00e9e de l\u2019Air de la Zone Libre et suis imm\u00e9diatement affect\u00e9 au groupe de bombardement 1\/12 sur&nbsp;<a href=\"https:\/\/www.google.com\/url?q=https:\/\/fr.wikipedia.org\/wiki\/Lior%25C3%25A9_et_Olivier_LeO_451&amp;sa=D&amp;source=editors&amp;ust=1654014162634426&amp;usg=AOvVaw3Xq9wKUh6gpH_TalZ-CkkS\">LEO<\/a>&nbsp;\u00e0 Istres.<\/p>\n\n\n\n<p><strong>L\u2019ann\u00e9e 1941 se passe sans \u00e9l\u00e9ments marquants<\/strong><\/p>\n\n\n\n<p>Affect\u00e9 dans une Arm\u00e9e sous les ordres du Mar\u00e9chal P\u00e9tain et sous surveillance de l\u2019Occupant.<\/p>\n\n\n\n<p><strong>Le 22 juin 1942<\/strong>&nbsp;Yvon \u00e9pouse Catherine, rencontr\u00e9e en 1940 et s\u2019installe \u00e0 Salon-de-Provence.<\/p>\n\n\n\n<p>A peine install\u00e9s, nous recevons beaucoup de visites. Une premi\u00e8re surprise c\u2019est&nbsp;<strong>Patrick&nbsp;!<\/strong>&nbsp;Mon fr\u00e8re Patrick qui vient de s\u2019\u00e9vader d\u2019Allemagne\u2026&nbsp;<\/p>\n\n\n\n<p><strong>novembre 1942,<\/strong><\/p>\n\n\n\n<p>La situation est assez tendue et il est question pour beaucoup de pilotes de partir pour l\u2019Afrique du Nord. Avec un ami, nous avons l\u2019intention de voler un avion et de traverser la M\u00e9diterran\u00e9e. Mais la flotte de Toulon se saborde et nous recevons l\u2019ordre de quitter Istres pour remonter vers Lyon.<\/p>\n\n\n\n<p>Les pleins d\u2019essence des&nbsp;<a href=\"https:\/\/www.google.com\/url?q=https:\/\/fr.wikipedia.org\/wiki\/Lior%25C3%25A9_et_Olivier_LeO_451&amp;sa=D&amp;source=editors&amp;ust=1654014162636149&amp;usg=AOvVaw2Q9nHHlTsCFwxcJVizlK6k\">LEO 45<\/a>&nbsp;sont faits de telle mani\u00e8re qu\u2019on ne puisse traverser la M\u00e9diterran\u00e9e. Nous avons juste ce qu\u2019il faut pour aller \u00e0 Saint-Rembert-d\u2019Albron, o\u00f9 nous nous posons tous. Cinq heures du matin les Allemands arrivent, mitraillettes aux poings&nbsp;: ils viennent d\u2019envahir la Zone Libre. Ils nous retiennent jusqu\u2019en fin de matin\u00e9e o\u00f9 nous recevons l\u2019ordre de rejoindre nos foyers, nos avions passant aux mains de l\u2019occupant.<\/p>\n\n\n\n<p><strong>F\u00e9vrier 1943 \u2013 Octobre 1944&nbsp;: P\u00e9riode de R\u00e9sistance \u00e0 Douarnenez et Plogonnec<\/strong><\/p>\n\n\n\n<p>Nous arrivons \u00e0 Douarnenez par le train et nous trouvons une Bretagne triste et noire. Nous nous installons \u00e0 Ker Bihen.<\/p>\n\n\n\n<p>Je ne sais pas ce que je vais faire&nbsp;: soit partir pour l\u2019Angleterre, soit pour l\u2019Afrique du Nord\u2026 Tr\u00e8s vite, je prends contact avec Luc Robet qui est dans la R\u00e9sistance depuis un long moment. Il me met en contact avec une organisation de r\u00e9sistance de l\u2019arm\u00e9e \u00ab&nbsp;l\u2019O.R.A&nbsp;\u00bb dirig\u00e9e par le G\u00e9n\u00e9ral MASNOU. Il me dissuade de rejoindre l\u2019Angleterre ou l\u2019Afrique. Finalement je rencontre le G\u00e9n\u00e9ral et nous organisons \u00ab&nbsp;l\u2019O.R.A&nbsp;\u00bb dans la r\u00e9gion de Douarnenez.<\/p>\n\n\n\n<p>Notre P.C sera \u00e0 Ker Noalet o\u00f9 viendra s\u2019installer&nbsp;<strong>Patrick<\/strong>&nbsp;de retour de Grenoble. Il y a des d\u00e9parts de bateaux de Douarnenez et d\u2019autres ports de la c\u00f4te. La Gestapo s\u2019active beaucoup, elle recherche les r\u00e9sistants. Aussi, prenons-nous quelques pr\u00e9cautions. Nous creusons dans le jardin de Ker Bihen une cache dissimul\u00e9e sous des rondins, des branches et des feuilles mortes, de fa\u00e7on \u00e0 pouvoir nous cacher, si nous \u00e9tions r\u00e9veill\u00e9s vers deux ou trois heures du matin par la Gestapo (leur habitude de surprendre les gens dans leur plus profond sommeil). J\u2019ai pr\u00e9vu une corde pour passer par la fen\u00eatre et rejoindre plus rapidement le jardin. Mon fr\u00e8re Patrick a pris les m\u00eames dispositions \u00e0 Ker Noalet. Cette cache lui a \u00e9t\u00e9 d\u2019ailleurs tr\u00e8s efficace lors d\u2019une rafle que les Allemands ont mont\u00e9e pour le capturer.<\/p>\n\n\n\n<p><strong>L\u2019hiver 1944<\/strong>&nbsp;<\/p>\n\n\n\n<p>Nous avons de nombreuses r\u00e9unions de r\u00e9sistance. Il est pr\u00e9vu un parachutage d\u2019armes dans la for\u00eat du N\u00e9vet. Nous y passons quelques nuits sans succ\u00e8s&nbsp;!<\/p>\n\n\n\n<p>La Gestapo est de plus en plus active. Il y a des arrestations. Ce pauvre Luc est arr\u00eat\u00e9 \u00e0 l\u2019arriv\u00e9e du train \u00e0 Rennes, train que je devais prendre avec lui, mais que j\u2019avais manqu\u00e9. Peu de temps apr\u00e8s c\u2019est l\u2019abb\u00e9 Cariou qui est arr\u00eat\u00e9. Puis Ker Noalet est entour\u00e9 par plusieurs centaines d\u2019Allemands qui arrivent du Juch. Ils fouillent toutes les fermes sauf la maison o\u00f9 se trouve Patrick. Elle ne figure pas sur la carte d\u2019Etat-major que d\u00e9tient l\u2019officier en charge des op\u00e9rations&nbsp;!<\/p>\n\n\n\n<p>Un matin mon fr\u00e8re Herv\u00e9 qui va \u00e0 la messe \u00e0 Sainte-H\u00e9l\u00e8ne se fait arr\u00eater par les Allemands. Ils regardent la liste et disent \u00ab&nbsp;non, ce n\u2019est pas le Chancerelle que nous cherchons.&nbsp;\u00bb, Herv\u00e9 se pr\u00e9cipite \u00e0 la maison pour nous alerter. Nous avons disparus dans la nature\u2026<\/p>\n\n\n\n<p><strong>juin 1944&nbsp;: le d\u00e9barquement en Normandie<\/strong>.<\/p>\n\n\n\n<p>Les F.F.I. sont en folie, il faut les calmer. Nous intervenons pour les mod\u00e9rer et essayer de s\u2019organiser.<\/p>\n\n\n\n<p><strong>Ao\u00fbt 1944. \u2013 Lib\u00e9ration de Douarnenez<\/strong><\/p>\n\n\n\n<p>On dit que les Am\u00e9ricains arrivent sur Quimper, sur la pointe de la Bretagne. Les F.F.I. sont des plus excit\u00e9s. C\u2019est la lib\u00e9ration de Douarnenez, des coups de feu partent d\u2019un petit peu partout. Des unit\u00e9s allemandes qui se trouvent du c\u00f4t\u00e9 d\u2019Audierne et de la Pointe du Raz se replient sur Douarnenez. Dans la nuit les F.F.I. se pr\u00e9cipitent sur l\u2019\u00eele Tristan pour obtenir la reddition des Allemands qui y sont. Ils ne veulent se rendre qu\u2019\u00e0 un officier Fran\u00e7ais. J\u2019ai donc le m\u00e9rite d\u2019aller recueillir leur reddition. La nuit est tr\u00e8s chaude. Au petit jour des renforts allemands arrivent par le Ris et viennent s\u2019\u00e9tablir dans le bois des Plomarc\u2019h. Une r\u00e9sistance F.F.I se met en place. Les fusils-mitrailleurs sont bien utiles. Au m\u00eame moment, les unit\u00e9s F.F.I qui se trouvent \u00e0 Ker Noalet sous les ordres de&nbsp;<strong>Patrick,&nbsp;<\/strong>reviennent sur les Plomarc\u2019h. La situation est assez dramatique. Le Commandant Gu\u00e9briac qui a pris le commandement de l\u2019ensemble des unit\u00e9s F.F.I. obtient une tr\u00eave de la part des Allemands et les armes sont d\u00e9pos\u00e9es au carrefour de la Croix.<\/p>\n\n\n\n<p>Nous nous rendons \u00e0 la Kommandantur de Ploar\u00e9 pour n\u00e9gocier une reddition. Nous sommes consid\u00e9r\u00e9s comme des \u00ab&nbsp;terroristes&nbsp;\u00bb et le Kommandant Allemand nous \u00ab&nbsp;engueule&nbsp;\u00bb tout ce qu\u2019il peut. Nous n\u2019en menons pas large, lorsque quelqu\u2019un frappe \u00e0 la porte du Kommandant et lui remet un papier. Au bout de dix secondes de silence il nous dit \u00ab&nbsp;vous \u00eates libres&nbsp;\u00bb.<\/p>\n\n\n\n<p>Je n\u2019ai jamais su exactement de quoi il s\u2019agissait, mais je pense que c\u2019\u00e9tait une information comme quoi les troupes am\u00e9ricaines avan\u00e7aient en direction de Douarnenez. En effet, le soir m\u00eame les troupes allemandes avaient quitt\u00e9 la ville et s\u2019\u00e9taient repli\u00e9es du c\u00f4t\u00e9 de Sainte-Anne-la-Palud.<\/p>\n\n\n\n<p>Nous occupons les hauteurs de Tr\u00e9funtec, au-dessus de la plage et retrouvons les unit\u00e9s F.F.I, ainsi que des unit\u00e9s fran\u00e7aises et am\u00e9ricaines. Nous avons devant nous les troupes allemandes qui se replient\u2026<\/p>\n\n\n\n<p><strong>La suite de ces r\u00e9cits de combat et de l\u2019engagement des forces fran\u00e7aises libres vous seront cont\u00e9s dans les chapitres suivants&nbsp;:<\/strong><\/p>\n\n\n\n<ul class=\"wp-block-list\"><li><strong>Naissance de l\u2019Organisation de R\u00e9sistance de l\u2019Arm\u00e9e (l\u2019O.R.A.),<\/strong><\/li><li><strong>Combat du M\u00e9nez-Hom,<\/strong><\/li><li><strong>Le d\u00e9sastre de Telgruc.<\/strong><\/li><\/ul>\n\n\n\n<p>Texte extrait de l\u2019autobiographie d\u2019Yvon CANCERELLE,<\/p>\n\n\n\n<p>Hubert DANTIC \u2013 \u00ab&nbsp;les passeurs de m\u00e9moire \u2013 E bro Plogoneg&nbsp;\u00bb<\/p>\n","protected":false},"excerpt":{"rendered":"<p>RECIT PARTIEL de la vie d\u2019Yvon Chancerelle,&nbsp; fr\u00e8re de Patrick Chancerelle, et de son action dans la R\u00e9sistance &#8230; Apr\u00e8s des vacances \u00e0 Douarnenez en septembre 1938, je rentre \u00e0 Salon-de-Provence comme \u00e9l\u00e8ve officier. Nous commen\u00e7ons rapidement \u00e0 voler sur&nbsp;POTEZ &hellip; <a href=\"https:\/\/passeurspatrimoineplogonnec.fr\/?page_id=1145\">Continuer la lecture <span class=\"meta-nav\">&rarr;<\/span><\/a><\/p>\n","protected":false},"author":1,"featured_media":0,"parent":0,"menu_order":0,"comment_status":"closed","ping_status":"closed","template":"","meta":{"footnotes":""},"class_list":["post-1145","page","type-page","status-publish","hentry"],"yoast_head":"<!-- This site is optimized with the Yoast SEO plugin v27.4 - https:\/\/yoast.com\/product\/yoast-seo-wordpress\/ -->\n<title>Yvon Chancerelle : sa vie de r\u00e9sistant de 1939 \u00e0 1944 - Passeurs de Patrimoine de Plogonnec<\/title>\n<meta name=\"robots\" content=\"index, follow, max-snippet:-1, max-image-preview:large, max-video-preview:-1\" \/>\n<link rel=\"canonical\" href=\"https:\/\/passeurspatrimoineplogonnec.fr\/?page_id=1145\" \/>\n<meta property=\"og:locale\" content=\"fr_FR\" \/>\n<meta property=\"og:type\" content=\"article\" \/>\n<meta property=\"og:title\" content=\"Yvon Chancerelle : sa vie de r\u00e9sistant de 1939 \u00e0 1944 - Passeurs de Patrimoine de Plogonnec\" \/>\n<meta property=\"og:description\" content=\"RECIT PARTIEL de la vie d\u2019Yvon Chancerelle,&nbsp; fr\u00e8re de Patrick Chancerelle, et de son action dans la R\u00e9sistance &#8230; Apr\u00e8s des vacances \u00e0 Douarnenez en septembre 1938, je rentre \u00e0 Salon-de-Provence comme \u00e9l\u00e8ve officier. Nous commen\u00e7ons rapidement \u00e0 voler sur&nbsp;POTEZ &hellip; Continuer la lecture &rarr;\" \/>\n<meta property=\"og:url\" content=\"https:\/\/passeurspatrimoineplogonnec.fr\/?page_id=1145\" \/>\n<meta property=\"og:site_name\" content=\"Passeurs de Patrimoine de Plogonnec\" \/>\n<meta property=\"article:modified_time\" content=\"2023-11-11T17:20:21+00:00\" \/>\n<meta name=\"twitter:card\" content=\"summary_large_image\" \/>\n<meta name=\"twitter:label1\" content=\"Dur\u00e9e de lecture estim\u00e9e\" \/>\n\t<meta name=\"twitter:data1\" content=\"6 minutes\" \/>\n<script type=\"application\/ld+json\" class=\"yoast-schema-graph\">{\"@context\":\"https:\\\/\\\/schema.org\",\"@graph\":[{\"@type\":\"WebPage\",\"@id\":\"https:\\\/\\\/passeurspatrimoineplogonnec.fr\\\/?page_id=1145\",\"url\":\"https:\\\/\\\/passeurspatrimoineplogonnec.fr\\\/?page_id=1145\",\"name\":\"Yvon Chancerelle : sa vie de r\u00e9sistant de 1939 \u00e0 1944 - Passeurs de Patrimoine de Plogonnec\",\"isPartOf\":{\"@id\":\"https:\\\/\\\/passeurspatrimoineplogonnec.fr\\\/#website\"},\"datePublished\":\"2022-05-31T15:24:20+00:00\",\"dateModified\":\"2023-11-11T17:20:21+00:00\",\"breadcrumb\":{\"@id\":\"https:\\\/\\\/passeurspatrimoineplogonnec.fr\\\/?page_id=1145#breadcrumb\"},\"inLanguage\":\"fr-FR\",\"potentialAction\":[{\"@type\":\"ReadAction\",\"target\":[\"https:\\\/\\\/passeurspatrimoineplogonnec.fr\\\/?page_id=1145\"]}]},{\"@type\":\"BreadcrumbList\",\"@id\":\"https:\\\/\\\/passeurspatrimoineplogonnec.fr\\\/?page_id=1145#breadcrumb\",\"itemListElement\":[{\"@type\":\"ListItem\",\"position\":1,\"name\":\"Accueil\",\"item\":\"https:\\\/\\\/passeurspatrimoineplogonnec.fr\\\/\"},{\"@type\":\"ListItem\",\"position\":2,\"name\":\"Yvon Chancerelle : sa vie de r\u00e9sistant de 1939 \u00e0 1944\"}]},{\"@type\":\"WebSite\",\"@id\":\"https:\\\/\\\/passeurspatrimoineplogonnec.fr\\\/#website\",\"url\":\"https:\\\/\\\/passeurspatrimoineplogonnec.fr\\\/\",\"name\":\"Passeurs de Patrimoine de Plogonnec\",\"description\":\"\",\"potentialAction\":[{\"@type\":\"SearchAction\",\"target\":{\"@type\":\"EntryPoint\",\"urlTemplate\":\"https:\\\/\\\/passeurspatrimoineplogonnec.fr\\\/?s={search_term_string}\"},\"query-input\":{\"@type\":\"PropertyValueSpecification\",\"valueRequired\":true,\"valueName\":\"search_term_string\"}}],\"inLanguage\":\"fr-FR\"}]}<\/script>\n<!-- \/ Yoast SEO plugin. -->","yoast_head_json":{"title":"Yvon Chancerelle : sa vie de r\u00e9sistant de 1939 \u00e0 1944 - Passeurs de Patrimoine de Plogonnec","robots":{"index":"index","follow":"follow","max-snippet":"max-snippet:-1","max-image-preview":"max-image-preview:large","max-video-preview":"max-video-preview:-1"},"canonical":"https:\/\/passeurspatrimoineplogonnec.fr\/?page_id=1145","og_locale":"fr_FR","og_type":"article","og_title":"Yvon Chancerelle : sa vie de r\u00e9sistant de 1939 \u00e0 1944 - Passeurs de Patrimoine de Plogonnec","og_description":"RECIT PARTIEL de la vie d\u2019Yvon Chancerelle,&nbsp; fr\u00e8re de Patrick Chancerelle, et de son action dans la R\u00e9sistance &#8230; Apr\u00e8s des vacances \u00e0 Douarnenez en septembre 1938, je rentre \u00e0 Salon-de-Provence comme \u00e9l\u00e8ve officier. Nous commen\u00e7ons rapidement \u00e0 voler sur&nbsp;POTEZ &hellip; Continuer la lecture &rarr;","og_url":"https:\/\/passeurspatrimoineplogonnec.fr\/?page_id=1145","og_site_name":"Passeurs de Patrimoine de Plogonnec","article_modified_time":"2023-11-11T17:20:21+00:00","twitter_card":"summary_large_image","twitter_misc":{"Dur\u00e9e de lecture estim\u00e9e":"6 minutes"},"schema":{"@context":"https:\/\/schema.org","@graph":[{"@type":"WebPage","@id":"https:\/\/passeurspatrimoineplogonnec.fr\/?page_id=1145","url":"https:\/\/passeurspatrimoineplogonnec.fr\/?page_id=1145","name":"Yvon Chancerelle : sa vie de r\u00e9sistant de 1939 \u00e0 1944 - Passeurs de Patrimoine de Plogonnec","isPartOf":{"@id":"https:\/\/passeurspatrimoineplogonnec.fr\/#website"},"datePublished":"2022-05-31T15:24:20+00:00","dateModified":"2023-11-11T17:20:21+00:00","breadcrumb":{"@id":"https:\/\/passeurspatrimoineplogonnec.fr\/?page_id=1145#breadcrumb"},"inLanguage":"fr-FR","potentialAction":[{"@type":"ReadAction","target":["https:\/\/passeurspatrimoineplogonnec.fr\/?page_id=1145"]}]},{"@type":"BreadcrumbList","@id":"https:\/\/passeurspatrimoineplogonnec.fr\/?page_id=1145#breadcrumb","itemListElement":[{"@type":"ListItem","position":1,"name":"Accueil","item":"https:\/\/passeurspatrimoineplogonnec.fr\/"},{"@type":"ListItem","position":2,"name":"Yvon Chancerelle : sa vie de r\u00e9sistant de 1939 \u00e0 1944"}]},{"@type":"WebSite","@id":"https:\/\/passeurspatrimoineplogonnec.fr\/#website","url":"https:\/\/passeurspatrimoineplogonnec.fr\/","name":"Passeurs de Patrimoine de Plogonnec","description":"","potentialAction":[{"@type":"SearchAction","target":{"@type":"EntryPoint","urlTemplate":"https:\/\/passeurspatrimoineplogonnec.fr\/?s={search_term_string}"},"query-input":{"@type":"PropertyValueSpecification","valueRequired":true,"valueName":"search_term_string"}}],"inLanguage":"fr-FR"}]}},"_links":{"self":[{"href":"https:\/\/passeurspatrimoineplogonnec.fr\/index.php?rest_route=\/wp\/v2\/pages\/1145","targetHints":{"allow":["GET"]}}],"collection":[{"href":"https:\/\/passeurspatrimoineplogonnec.fr\/index.php?rest_route=\/wp\/v2\/pages"}],"about":[{"href":"https:\/\/passeurspatrimoineplogonnec.fr\/index.php?rest_route=\/wp\/v2\/types\/page"}],"author":[{"embeddable":true,"href":"https:\/\/passeurspatrimoineplogonnec.fr\/index.php?rest_route=\/wp\/v2\/users\/1"}],"replies":[{"embeddable":true,"href":"https:\/\/passeurspatrimoineplogonnec.fr\/index.php?rest_route=%2Fwp%2Fv2%2Fcomments&post=1145"}],"version-history":[{"count":1,"href":"https:\/\/passeurspatrimoineplogonnec.fr\/index.php?rest_route=\/wp\/v2\/pages\/1145\/revisions"}],"predecessor-version":[{"id":1147,"href":"https:\/\/passeurspatrimoineplogonnec.fr\/index.php?rest_route=\/wp\/v2\/pages\/1145\/revisions\/1147"}],"wp:attachment":[{"href":"https:\/\/passeurspatrimoineplogonnec.fr\/index.php?rest_route=%2Fwp%2Fv2%2Fmedia&parent=1145"}],"curies":[{"name":"wp","href":"https:\/\/api.w.org\/{rel}","templated":true}]}}