{"id":1165,"date":"2022-06-01T09:48:46","date_gmt":"2022-06-01T07:48:46","guid":{"rendered":"http:\/\/passeurspatrimoineplogonnec.fr\/?page_id=1165"},"modified":"2023-11-12T13:20:22","modified_gmt":"2023-11-12T12:20:22","slug":"les-ponts-de-plogonnec-par-andre-bozec","status":"publish","type":"page","link":"https:\/\/passeurspatrimoineplogonnec.fr\/?page_id=1165","title":{"rendered":"Les ponts de Plogonnec par Andr\u00e9 \u00a0Bozec"},"content":{"rendered":"\n<p><\/p>\n\n\n\n<figure class=\"wp-block-image size-full\"><img loading=\"lazy\" decoding=\"async\" width=\"192\" height=\"124\" src=\"http:\/\/passeurspatrimoineplogonnec.fr\/wp-content\/uploads\/2022\/06\/image-1.png\" alt=\"\" class=\"wp-image-1169\"\/><\/figure>\n\n\n\n<p><\/p>\n\n\n\n<figure class=\"wp-block-table\"><table><tbody><tr><td><strong>Le pont de Guengat<\/strong><br><img decoding=\"async\" src=\"https:\/\/lh6.googleusercontent.com\/6e6LBUxgH3PC6I85YwpsJ5VHz2T0Vb0axAAakSCWgUVg2NMYmNHpynoG7WVVEpmcsBS-FoLQgZs2Y_Y4-IB3sheRS2wsUsFCHulrI9fVdi5aQ0HUS-5wpgMDz7y6l5YndeAyqE206Gs\" alt=\"\"><br><br><br><strong>Le pont de la Lorette<\/strong><img decoding=\"async\" src=\"https:\/\/lh3.googleusercontent.com\/wvEZ7N7ViAlU2mVffptU0zweMoWYPlaNP96x9OBMtuQD29EP_gU6plF079sOjTBxPbykOaL6ox4LiSl32hmibFTLfc6oRVhAH8Pzc7ySSIJJi3hOkAQMh-qliYWqIN7Qo1AVmnN87dk\" alt=\"\"><br><br><br><strong>Le pont de Tr\u00e9biolet<\/strong><img decoding=\"async\" src=\"https:\/\/lh3.googleusercontent.com\/Yu_T7Q3lfYP9StF8tks7zsqOsLiq8TI3hs4yD5pJuX4fcme7m5pq65G_hMYj2IlbkZM9lN_sIjf92-r4D9yBDi-VRFJt1Ck5oYdhYDrHp5NgHTkO3jvQvvP2kuwrUN_lm-wkgkhkrMU\" alt=\"\"><br><br><br><strong>Le pont de Treunot &#8211; Pont Iven<\/strong><img decoding=\"async\" src=\"https:\/\/lh3.googleusercontent.com\/E1obmXfcHAEeiMI1bhPgce46aS8iz_8pSGQwglEuZwxfizxCBh3gpaxEPwY_aoWiJhx64r8qJYDXs_XavYSLrlFSOEVM6TZHGyXOasQ5gume17XEzQ3j2A2HTuCvZo5CEInkiZsgXrY\" alt=\"\"><br><br><br><strong>Le pont du N\u00e9vet<\/strong><img decoding=\"async\" src=\"https:\/\/lh6.googleusercontent.com\/eH3-4FqSwbBCs8f234VrJIpXV1x47thIn2dB746g1mUeRrYNnRumHXSuke6oAiIKqbf8Yjk2AgnsmvKEzvY3cVAn946FwiYHVKmbIAKdXAoM9zTTeX2pcPd6zfdsKYFPexG4aaqU1WI\" alt=\"\"><br><br><br><strong>Le pont Qu\u00e9au<\/strong><img decoding=\"async\" src=\"https:\/\/lh4.googleusercontent.com\/Cubp05EqqYe_7fv8nkXbxES50lckmriqwAgA33xOCBoFld-p2926V1cXUY4mI4wc_i89WiKJar1qpDpVwqzjorTgeM4lRkI_XRmeLNG02O22xbJQJ7XYNQ_yAAQ78gAJWbhWTI3HaIk\" alt=\"\"><\/td><\/tr><\/tbody><\/table><\/figure>\n","protected":false},"excerpt":{"rendered":"<p>Le pont de Guengat Le pont de la Lorette Le pont de Tr\u00e9biolet Le pont de Treunot &#8211; Pont Iven Le pont du N\u00e9vet Le pont Qu\u00e9au<\/p>\n","protected":false},"author":1,"featured_media":0,"parent":0,"menu_order":0,"comment_status":"closed","ping_status":"closed","template":"","meta":{"footnotes":""},"class_list":["post-1165","page","type-page","status-publish","hentry"],"yoast_head":"<!-- This site is optimized with the Yoast SEO plugin v27.4 - https:\/\/yoast.com\/product\/yoast-seo-wordpress\/ -->\n<title>Les ponts de Plogonnec par Andr\u00e9 \u00a0Bozec - Passeurs de Patrimoine de Plogonnec<\/title>\n<meta name=\"robots\" content=\"index, follow, max-snippet:-1, max-image-preview:large, max-video-preview:-1\" \/>\n<link rel=\"canonical\" href=\"https:\/\/passeurspatrimoineplogonnec.fr\/?page_id=1165\" \/>\n<meta property=\"og:locale\" content=\"fr_FR\" \/>\n<meta property=\"og:type\" content=\"article\" \/>\n<meta property=\"og:title\" content=\"Les ponts de Plogonnec par Andr\u00e9 \u00a0Bozec - Passeurs de Patrimoine de Plogonnec\" \/>\n<meta property=\"og:description\" content=\"Le pont de Guengat Le pont de la Lorette Le pont de Tr\u00e9biolet Le pont de Treunot &#8211; Pont Iven Le pont du N\u00e9vet Le pont Qu\u00e9au\" \/>\n<meta property=\"og:url\" content=\"https:\/\/passeurspatrimoineplogonnec.fr\/?page_id=1165\" \/>\n<meta property=\"og:site_name\" content=\"Passeurs de Patrimoine de Plogonnec\" \/>\n<meta property=\"article:modified_time\" content=\"2023-11-12T12:20:22+00:00\" \/>\n<meta property=\"og:image\" content=\"http:\/\/passeurspatrimoineplogonnec.fr\/wp-content\/uploads\/2022\/06\/image-1.png\" \/>\n<meta name=\"twitter:card\" content=\"summary_large_image\" \/>\n<meta name=\"twitter:label1\" content=\"Dur\u00e9e de lecture estim\u00e9e\" \/>\n\t<meta name=\"twitter:data1\" content=\"2 minutes\" \/>\n<script type=\"application\/ld+json\" class=\"yoast-schema-graph\">{\"@context\":\"https:\\\/\\\/schema.org\",\"@graph\":[{\"@type\":\"WebPage\",\"@id\":\"https:\\\/\\\/passeurspatrimoineplogonnec.fr\\\/?page_id=1165\",\"url\":\"https:\\\/\\\/passeurspatrimoineplogonnec.fr\\\/?page_id=1165\",\"name\":\"Les ponts de Plogonnec par Andr\u00e9 \u00a0Bozec - Passeurs de Patrimoine de Plogonnec\",\"isPartOf\":{\"@id\":\"https:\\\/\\\/passeurspatrimoineplogonnec.fr\\\/#website\"},\"primaryImageOfPage\":{\"@id\":\"https:\\\/\\\/passeurspatrimoineplogonnec.fr\\\/?page_id=1165#primaryimage\"},\"image\":{\"@id\":\"https:\\\/\\\/passeurspatrimoineplogonnec.fr\\\/?page_id=1165#primaryimage\"},\"thumbnailUrl\":\"http:\\\/\\\/passeurspatrimoineplogonnec.fr\\\/wp-content\\\/uploads\\\/2022\\\/06\\\/image-1.png\",\"datePublished\":\"2022-06-01T07:48:46+00:00\",\"dateModified\":\"2023-11-12T12:20:22+00:00\",\"breadcrumb\":{\"@id\":\"https:\\\/\\\/passeurspatrimoineplogonnec.fr\\\/?page_id=1165#breadcrumb\"},\"inLanguage\":\"fr-FR\",\"potentialAction\":[{\"@type\":\"ReadAction\",\"target\":[\"https:\\\/\\\/passeurspatrimoineplogonnec.fr\\\/?page_id=1165\"]}]},{\"@type\":\"ImageObject\",\"inLanguage\":\"fr-FR\",\"@id\":\"https:\\\/\\\/passeurspatrimoineplogonnec.fr\\\/?page_id=1165#primaryimage\",\"url\":\"https:\\\/\\\/passeurspatrimoineplogonnec.fr\\\/wp-content\\\/uploads\\\/2022\\\/06\\\/image-1.png\",\"contentUrl\":\"https:\\\/\\\/passeurspatrimoineplogonnec.fr\\\/wp-content\\\/uploads\\\/2022\\\/06\\\/image-1.png\",\"width\":192,\"height\":124},{\"@type\":\"BreadcrumbList\",\"@id\":\"https:\\\/\\\/passeurspatrimoineplogonnec.fr\\\/?page_id=1165#breadcrumb\",\"itemListElement\":[{\"@type\":\"ListItem\",\"position\":1,\"name\":\"Accueil\",\"item\":\"https:\\\/\\\/passeurspatrimoineplogonnec.fr\\\/\"},{\"@type\":\"ListItem\",\"position\":2,\"name\":\"Les ponts de Plogonnec par Andr\u00e9 \u00a0Bozec\"}]},{\"@type\":\"WebSite\",\"@id\":\"https:\\\/\\\/passeurspatrimoineplogonnec.fr\\\/#website\",\"url\":\"https:\\\/\\\/passeurspatrimoineplogonnec.fr\\\/\",\"name\":\"Passeurs de Patrimoine de Plogonnec\",\"description\":\"\",\"potentialAction\":[{\"@type\":\"SearchAction\",\"target\":{\"@type\":\"EntryPoint\",\"urlTemplate\":\"https:\\\/\\\/passeurspatrimoineplogonnec.fr\\\/?s={search_term_string}\"},\"query-input\":{\"@type\":\"PropertyValueSpecification\",\"valueRequired\":true,\"valueName\":\"search_term_string\"}}],\"inLanguage\":\"fr-FR\"}]}<\/script>\n<!-- \/ Yoast SEO plugin. -->","yoast_head_json":{"title":"Les ponts de Plogonnec par Andr\u00e9 \u00a0Bozec - Passeurs de Patrimoine de Plogonnec","robots":{"index":"index","follow":"follow","max-snippet":"max-snippet:-1","max-image-preview":"max-image-preview:large","max-video-preview":"max-video-preview:-1"},"canonical":"https:\/\/passeurspatrimoineplogonnec.fr\/?page_id=1165","og_locale":"fr_FR","og_type":"article","og_title":"Les ponts de Plogonnec par Andr\u00e9 \u00a0Bozec - Passeurs de Patrimoine de Plogonnec","og_description":"Le pont de Guengat Le pont de la Lorette Le pont de Tr\u00e9biolet Le pont de Treunot &#8211; Pont Iven Le pont du N\u00e9vet Le pont Qu\u00e9au","og_url":"https:\/\/passeurspatrimoineplogonnec.fr\/?page_id=1165","og_site_name":"Passeurs de Patrimoine de Plogonnec","article_modified_time":"2023-11-12T12:20:22+00:00","og_image":[{"url":"http:\/\/passeurspatrimoineplogonnec.fr\/wp-content\/uploads\/2022\/06\/image-1.png","type":"","width":"","height":""}],"twitter_card":"summary_large_image","twitter_misc":{"Dur\u00e9e de lecture estim\u00e9e":"2 minutes"},"schema":{"@context":"https:\/\/schema.org","@graph":[{"@type":"WebPage","@id":"https:\/\/passeurspatrimoineplogonnec.fr\/?page_id=1165","url":"https:\/\/passeurspatrimoineplogonnec.fr\/?page_id=1165","name":"Les ponts de Plogonnec par Andr\u00e9 \u00a0Bozec - Passeurs de Patrimoine de Plogonnec","isPartOf":{"@id":"https:\/\/passeurspatrimoineplogonnec.fr\/#website"},"primaryImageOfPage":{"@id":"https:\/\/passeurspatrimoineplogonnec.fr\/?page_id=1165#primaryimage"},"image":{"@id":"https:\/\/passeurspatrimoineplogonnec.fr\/?page_id=1165#primaryimage"},"thumbnailUrl":"http:\/\/passeurspatrimoineplogonnec.fr\/wp-content\/uploads\/2022\/06\/image-1.png","datePublished":"2022-06-01T07:48:46+00:00","dateModified":"2023-11-12T12:20:22+00:00","breadcrumb":{"@id":"https:\/\/passeurspatrimoineplogonnec.fr\/?page_id=1165#breadcrumb"},"inLanguage":"fr-FR","potentialAction":[{"@type":"ReadAction","target":["https:\/\/passeurspatrimoineplogonnec.fr\/?page_id=1165"]}]},{"@type":"ImageObject","inLanguage":"fr-FR","@id":"https:\/\/passeurspatrimoineplogonnec.fr\/?page_id=1165#primaryimage","url":"https:\/\/passeurspatrimoineplogonnec.fr\/wp-content\/uploads\/2022\/06\/image-1.png","contentUrl":"https:\/\/passeurspatrimoineplogonnec.fr\/wp-content\/uploads\/2022\/06\/image-1.png","width":192,"height":124},{"@type":"BreadcrumbList","@id":"https:\/\/passeurspatrimoineplogonnec.fr\/?page_id=1165#breadcrumb","itemListElement":[{"@type":"ListItem","position":1,"name":"Accueil","item":"https:\/\/passeurspatrimoineplogonnec.fr\/"},{"@type":"ListItem","position":2,"name":"Les ponts de Plogonnec par Andr\u00e9 \u00a0Bozec"}]},{"@type":"WebSite","@id":"https:\/\/passeurspatrimoineplogonnec.fr\/#website","url":"https:\/\/passeurspatrimoineplogonnec.fr\/","name":"Passeurs de Patrimoine de Plogonnec","description":"","potentialAction":[{"@type":"SearchAction","target":{"@type":"EntryPoint","urlTemplate":"https:\/\/passeurspatrimoineplogonnec.fr\/?s={search_term_string}"},"query-input":{"@type":"PropertyValueSpecification","valueRequired":true,"valueName":"search_term_string"}}],"inLanguage":"fr-FR"}]}},"_links":{"self":[{"href":"https:\/\/passeurspatrimoineplogonnec.fr\/index.php?rest_route=\/wp\/v2\/pages\/1165","targetHints":{"allow":["GET"]}}],"collection":[{"href":"https:\/\/passeurspatrimoineplogonnec.fr\/index.php?rest_route=\/wp\/v2\/pages"}],"about":[{"href":"https:\/\/passeurspatrimoineplogonnec.fr\/index.php?rest_route=\/wp\/v2\/types\/page"}],"author":[{"embeddable":true,"href":"https:\/\/passeurspatrimoineplogonnec.fr\/index.php?rest_route=\/wp\/v2\/users\/1"}],"replies":[{"embeddable":true,"href":"https:\/\/passeurspatrimoineplogonnec.fr\/index.php?rest_route=%2Fwp%2Fv2%2Fcomments&post=1165"}],"version-history":[{"count":5,"href":"https:\/\/passeurspatrimoineplogonnec.fr\/index.php?rest_route=\/wp\/v2\/pages\/1165\/revisions"}],"predecessor-version":[{"id":1176,"href":"https:\/\/passeurspatrimoineplogonnec.fr\/index.php?rest_route=\/wp\/v2\/pages\/1165\/revisions\/1176"}],"wp:attachment":[{"href":"https:\/\/passeurspatrimoineplogonnec.fr\/index.php?rest_route=%2Fwp%2Fv2%2Fmedia&parent=1165"}],"curies":[{"name":"wp","href":"https:\/\/api.w.org\/{rel}","templated":true}]}}