{"id":1401,"date":"2022-06-08T10:38:59","date_gmt":"2022-06-08T08:38:59","guid":{"rendered":"http:\/\/passeurspatrimoineplogonnec.fr\/?page_id=1401"},"modified":"2023-11-12T12:46:48","modified_gmt":"2023-11-12T11:46:48","slug":"chapelle-de-st-theleau","status":"publish","type":"page","link":"https:\/\/passeurspatrimoineplogonnec.fr\/?page_id=1401","title":{"rendered":"Chapelle de St Th\u00e9leau"},"content":{"rendered":"\n<figure class=\"wp-block-gallery has-nested-images columns-default is-cropped wp-block-gallery-1 is-layout-flex wp-block-gallery-is-layout-flex\">\n<figure class=\"wp-block-image size-large\"><a href=\"http:\/\/passeurspatrimoineplogonnec.fr\/wp-content\/uploads\/2022\/07\/5516320_orig.jpg\" target=\"_blank\" rel=\"noreferrer noopener\"><img loading=\"lazy\" decoding=\"async\" width=\"261\" height=\"353\" data-id=\"1555\" src=\"http:\/\/passeurspatrimoineplogonnec.fr\/wp-content\/uploads\/2022\/07\/5516320_orig.jpg\" alt=\"\" class=\"wp-image-1555\" srcset=\"https:\/\/passeurspatrimoineplogonnec.fr\/wp-content\/uploads\/2022\/07\/5516320_orig.jpg 261w, https:\/\/passeurspatrimoineplogonnec.fr\/wp-content\/uploads\/2022\/07\/5516320_orig-222x300.jpg 222w\" sizes=\"auto, (max-width: 261px) 100vw, 261px\" \/><\/a><\/figure>\n\n\n\n<figure class=\"wp-block-image size-large\"><a href=\"http:\/\/passeurspatrimoineplogonnec.fr\/wp-content\/uploads\/2023\/01\/st-Thelau.png\" target=\"_blank\" rel=\"noreferrer noopener\"><img loading=\"lazy\" decoding=\"async\" width=\"823\" height=\"473\" data-id=\"2162\" src=\"http:\/\/passeurspatrimoineplogonnec.fr\/wp-content\/uploads\/2023\/01\/st-Thelau.png\" alt=\"\" class=\"wp-image-2162\" srcset=\"https:\/\/passeurspatrimoineplogonnec.fr\/wp-content\/uploads\/2023\/01\/st-Thelau.png 823w, https:\/\/passeurspatrimoineplogonnec.fr\/wp-content\/uploads\/2023\/01\/st-Thelau-300x172.png 300w, https:\/\/passeurspatrimoineplogonnec.fr\/wp-content\/uploads\/2023\/01\/st-Thelau-768x441.png 768w\" sizes=\"auto, (max-width: 823px) 100vw, 823px\" \/><\/a><\/figure>\n<\/figure>\n\n\n\n<p><\/p>\n\n\n\n<p><\/p>\n\n\n\n<p><a href=\"https:\/\/www.plogonnec.fr\/chapelle-de-saint-theleau\/\" target=\"_blank\" rel=\"noreferrer noopener\">Lien vers le site de la mairie de Plogonnec<\/a><\/p>\n\n\n\n<p><a href=\"http:\/\/www.jplours.fr\/plogonnec_saint_theleau.htm\" target=\"_blank\" rel=\"noreferrer noopener\">Lien vers le site de Jean-pierre Lours<\/a><\/p>\n\n\n\n<h2 class=\"wp-block-heading\"><br><strong>L&rsquo;expertise d&rsquo;Andr\u00e9 Bozec :<\/strong><\/h2>\n\n\n\n<p>Selon la l\u00e9gende Sainte \u00c9lo \u00e9vang\u00e9lisa le pays de Landeleau. A Plogonnec son culte s\u2019est substitu\u00e9 \u00e0 celui de Taranis, puis de Jupiter. Nous sommes donc sur le site d\u2019un<br>syncr\u00e9tisme celto-chr\u00e9tien. La chapelle est remarquable de par ses proportions et la finesse de son ornementation ext\u00e9rieure et int\u00e9rieure. Elle a accueilli des vitraux de qualit\u00e9 qui ont depuis \u00e9t\u00e9 transf\u00e9r\u00e9s \u00e0 l\u2019\u00e9glise paroissiale. La confr\u00e9rie qui l\u2019a r\u00e9gie jusqu\u2019\u00e0 la fin de l\u2019ancien r\u00e9gime fut durant longtemps la plus prosp\u00e8re de la paroisse.<\/p>\n\n\n\n<p><strong>1\u00b0 Ext\u00e9rieur de la chapelle.<\/strong><br>Cette chapelle est du XVIe si\u00e8cle. Elle est en forme de croix latine \u00e0 chevet plat.<br>Le mur du croisillon sud du transept porte la date de 1573 et sur le chevet on lit la date<br>de 1695. La fa\u00e7ade sud a \u00e9t\u00e9 remani\u00e9e en 1775. Cette chapelle se caract\u00e9rise par ses grandes dimensions, par la finesse de son appareillage, et par la richesse de ses tr\u00e8s nombreux ornements ext\u00e9rieurs. La fa\u00e7ade sud et le mur sud-ouest du transept sont perc\u00e9s par deux belles portes gothiques avec des fleurons et des pinacles, encadr\u00e9es par des colonnettes \u00e0 nid d\u2019abeilles, et par une fen\u00eatre \u00e0 arc aigu.<\/p>\n\n\n\n<p> Le pignon ouest est orn\u00e9 d\u2019une belle porte gothique monumentale inspir\u00e9e de celle de l\u2019\u00e9glise de Ploar\u00e9, avec ses voussures, ses colonnettes sans chapiteaux, et au-dessus avec la galerie en encorbellement et \u00e0 balustrade aveugle. Deux tourelles polygonales accostent le clocher. La tourelle de droite (sud-ouest) est d\u00e9cor\u00e9e de niches gothiques. Le clocher a \u00e9t\u00e9 foudroy\u00e9 en 1976. Il a \u00e9t\u00e9 remont\u00e9 depuis, mais en de plus faibles proportions. C\u2019est un clocher de type cornouaillais avec des gargouilles dragonn\u00e9es. La chambre des cloches est tr\u00e8s \u00e9lev\u00e9e. La fl\u00e8che octogonale est accost\u00e9e de rinceaux charg\u00e9s de crochets. A ses angles des pinacles encadrent des lucarnes sur trois niveaux et ferm\u00e9es par un gable crochet\u00e9. <\/p>\n\n\n\n<p> Le mur nord est en bel appareillage et conserve la trace d\u2019annexes adjacentes. Outre la \u00ab prison \u00bb l\u2019on trouve trace d\u2019une maison accol\u00e9e au b\u00e2timent, sans doute le si\u00e8ge de la confr\u00e9rie de saint Elo. Le local de la \u00ab prison \u00bb est un petit \u00e9difice, une remise initialement.<br>Elle servait \u00e0 l\u2019occasion de cellule de d\u00e9grisement le jour du grand pardon, d\u2019o\u00f9 son<br>appellation de \u00ab prison \u00bb.<\/p>\n\n\n\n<p> La sacristie, mal int\u00e9gr\u00e9e au chevet, est de 1695. Son toit est en car\u00e8ne de bateau renvers\u00e9e. La tradition locale \u00e9voque la pr\u00e9sence d\u2019un petit cimeti\u00e8re au nord de la nef.<\/p>\n\n\n\n<p><\/p>\n\n\n\n<figure class=\"wp-block-image size-large\"><img loading=\"lazy\" decoding=\"async\" width=\"745\" height=\"1024\" src=\"http:\/\/passeurspatrimoineplogonnec.fr\/wp-content\/uploads\/2022\/07\/image-de-st-theleau-745x1024.jpg\" alt=\"\" class=\"wp-image-1532\" srcset=\"https:\/\/passeurspatrimoineplogonnec.fr\/wp-content\/uploads\/2022\/07\/image-de-st-theleau-745x1024.jpg 745w, https:\/\/passeurspatrimoineplogonnec.fr\/wp-content\/uploads\/2022\/07\/image-de-st-theleau-218x300.jpg 218w, https:\/\/passeurspatrimoineplogonnec.fr\/wp-content\/uploads\/2022\/07\/image-de-st-theleau-768x1056.jpg 768w, https:\/\/passeurspatrimoineplogonnec.fr\/wp-content\/uploads\/2022\/07\/image-de-st-theleau-1117x1536.jpg 1117w, https:\/\/passeurspatrimoineplogonnec.fr\/wp-content\/uploads\/2022\/07\/image-de-st-theleau-1489x2048.jpg 1489w, https:\/\/passeurspatrimoineplogonnec.fr\/wp-content\/uploads\/2022\/07\/image-de-st-theleau.jpg 1700w\" sizes=\"auto, (max-width: 745px) 100vw, 745px\" \/><figcaption class=\"wp-element-caption\">La chapelle de St Th\u00e9leau<\/figcaption><\/figure>\n\n\n\n<p><br><br><strong>2\u00b0 L\u2019int\u00e9rieur de la chapelle.<\/strong><br>L\u2019int\u00e9rieur de la chapelle de Saint Elo est form\u00e9 de murs bien appareill\u00e9s Le pignon<br>ouest comprend des panneaux moulur\u00e9s qui ont pu servir de d\u00e9cors \u00e0 une ancienne tribune.<\/p>\n\n\n\n<p><br>Dans le c\u0153ur le ma\u00eetre autel est surmont\u00e9 d\u2019un retable sculpt\u00e9. Il est encadr\u00e9 par deux<br>statues. A droite se trouve Saint \u00c9lo assis sur un cerf (pierre polychrome du XVIe si\u00e8cle). A gauche se trouve Saint M\u00e9en. Au croisillon Nord du transept on d\u00e9couvre une pi\u00e9ta en pierre polychrome, puis sur l\u2019autel lat\u00e9ral un Saint S\u00e9bastien, et \u00e0 l\u2019angle un Saint J\u00e9rome.<\/p>\n\n\n\n<p> Dans le transept sud, en hauteur pr\u00e8s de la crois\u00e9e un homme v\u00eatue d\u2019une dalmatique, t\u00eate nue, qui pourrait-\u00eatre un Saint Gwenol\u00e9 ? Et \u00e0 c\u00f4t\u00e9, dans le transept sud, sur l\u2019autel de pierre accoint\u00e9 de t\u00eate de colonne d\u2019angle en nid d\u2019abeille, un Saint Jean en bois brut, et \u00e0 l\u2019angle sud-est du transept l\u2019on trouve un Saint \u00c9loi ferrant la patte coup\u00e9e d\u2019un cheval (bois polychrome), tout comme pour l\u2019ancien vitrail transport\u00e9 depuis \u00e0 l\u2019\u00e9glise paroissiale de Saint Thurien. La translation de ce vitrail fait probl\u00e8me. Elle a permis sa sauvegarde et est venue rehausser le prestige de l\u2019\u00e9glise paroissiale. En m\u00eame temps elle a appauvrie la chapelle. Une restauration \u00e0 l\u2019identique ne pourrait-elle pas \u00eatre envisag\u00e9e ?<\/p>\n\n\n\n<p><strong>3\u00b0 Le calvaire de Saint \u00c9lo.<\/strong><br>Sur le plac\u00eetre, le calvaire sans doute du XVIe si\u00e8cle a conserv\u00e9 \u00e0 sa base les statues<br>jumel\u00e9es de la Vierge et de Saint Pierre, de Saint Jean et d\u2019un abb\u00e9 mitr\u00e9, sans doute Saint<br>Gwenolle. Ce calvaire a \u00e9t\u00e9 endommag\u00e9 par des projections de pierres lors du foudroiement de 1976.<\/p>\n\n\n\n<p> Depuis 1976, une association du quartier contribue dynamiquement \u00e0 l\u2019entretien et \u00e0 la r\u00e9novation de la chapelle, dans l\u2019esprit des anciennes confr\u00e9ries de quartier.<\/p>\n\n\n\n<p><strong>4\u00b0) La fontaine de Saint \u00c9lo et la fontaine de Saint M\u00e9en.<\/strong><br>La fontaine de Saint \u00c9lo se trouve dans la prairie situ\u00e9e \u00e0 l\u2019ouest de la chapelle. Elle a<br>fait l\u2019objet d\u2019un captage moderne qui a entra\u00een\u00e9 son busage. Le monument a \u00e9t\u00e9 transf\u00e9r\u00e9 \u00e0 la ferme voisine de Ty Conan. Cette fontaine \u00e9tait de dimension modeste avec une cuve<br>ench\u00e2ss\u00e9e dans un caisson \u00e0 pignon triangulaire orn\u00e9 d\u2019un arc gothique.<\/p>\n\n\n\n<p> La fontaine de Saint M\u00e9en relevait de la ferme de Pen Ty Hor. C\u2019est une fontaine ancienne qui a \u00e9t\u00e9 remodel\u00e9e au cours du XIXe si\u00e8cle. Elle se situe au contrebas de cette ferme, \u00e0 gauche au sud est en bordure est d\u2019une prairie toute en longueur orient\u00e9e nord-sud. Cette fontaine est constitu\u00e9e d\u2019un bassin rectangulaire de soixante centim\u00e8tres de largeur (2 coud\u00e9es) sur quatre-vingt-dix de longueur (trois coud\u00e9es). Ce bassin s\u2019\u00e9l\u00e8ve \u00e0 plus de trente centim\u00e8tres du sol initial et est constitu\u00e9 d\u2019un ensemble appareill\u00e9 quadrangulaire. Il estorient\u00e9 vers le sud. La cuve rectangulaire initiale a \u00e9t\u00e9 rehauss\u00e9e par un premier parement biais\u00e9 depuis le sud vers le nord dont le mur fronton contient une niche destin\u00e9e \u00e0 recevoir la statue de Saint M\u00e9en. La premi\u00e8re pierre biais\u00e9e du c\u00f4t\u00e9 ouest de ce parage comporte la mention de la date de 1829 sur sa face c\u00f4t\u00e9 bassin. Le mur nord du bassin est surmont\u00e9 audessus de la niche par une large pierre qui comporte la mention de la date de 1881. A c\u00f4t\u00e9 de la fontaine se trouvait un modeste lavoir \u00e0 une seule place de lavage.<\/p>\n\n\n\n<p><strong>5\u00b0) La chaise de Saint \u00c9lo.<\/strong><br>Face \u00e0 la chapelle de Saint \u00c9lo sur le flanc sud-ouest d\u2019une ligne de collines qui<br>aujourd\u2019hui servent de limite entre les communes de Plogonnec et de Guengat, au-dessus de la ferme de Guinorvan se trouvent les vestiges d\u2019un ancien cromlech avec \u00ab la chaise de Saint \u00c9lo \/ kador Sant Elo \u00bb. Il s\u2019agit d\u2019un bloc granitique d\u2019origine locale en forme de banquette comprenant plusieurs alv\u00e9oles. L\u2019une d\u2019elle situ\u00e9e lat\u00e9ralement porte ne nom \u00e9vocateur de \u00ab Toul an Ney \u00bb, le trou du chevreuil qui se tient \u00e0 c\u00f4t\u00e9 du saint, vivant ou sacrifi\u00e9.<\/p>\n\n\n\n<p> Le pardon de Saint Elo se c\u00e9l\u00e8bre le dernier dimanche de juin.<\/p>\n\n\n\n<p><br><strong>Remarque personnelle de l\u2019auteur :<\/strong><br>L\u2019on ne saurait bien comprendre la coh\u00e9rence de ce site sans l\u2019associer \u00e0 celui du bourg de Plogonnec ainsi qu\u2019avec celui de la chapelle de Saint Egonnec, en Plogonnec actuellement, et aussi avec le cromlec\u2019h de Kador Sant Elo, actuellement en Guengat, mais anciennement \u00e0 Plogonnec.<\/p>\n\n\n\n<p> Nous retrouvons l\u00e0 un triptyque celtique de la d\u00e9esse m\u00e8re (bas\u00e9e \u00e0 la fontaine de saint Egonnec) et de ses deux \u00e9poux cosmiques (celui du jour Taranis, sans doute au bourg de Plogonnec, et celui de la nuit Cernunos, sans doute \u00e0 Saint Elo).<\/p>\n\n\n\n<p> La Kador Sant Elo a entre-temps \u00e9t\u00e9 oubli\u00e9e de tous. Pour qui s\u2019y est rendu, c\u2019est pourtant tr\u00e8s simple pour qui sait faire \u0153uvre de bons sens et d\u2019observation. Aujourd\u2019hui le cromlec\u2019h a un peu souffert du remembrement des parcelles agricoles par la pouss\u00e9e m\u00e9canique de certains de ses \u00e9l\u00e9ments, mais la pi\u00e8ce centrale, \u00e0 savoir la chaise du saint, elle, n\u2019a pas \u00e9t\u00e9 pouss\u00e9e. Une fois assis dans cette chaise de granit, une personne assez grande pour pouvoir incruster son arri\u00e8re cr\u00e2ne dans l\u2019alv\u00e9ole secondaire plac\u00e9e \u00e0 cet effet en haut du dossier se trouve g\u00e9ographiquement orient\u00e9 directement vers l\u2019actuelle chapelle de Saint Elo. Seule une ligne d\u2019arbre vient aujourd\u2019hui couper cette vision.<\/p>\n\n\n\n<p> Et tout cela \u00e0 tr\u00e8s faible distance de la fontaine de Saint Egonnec !<br>A analyser.<\/p>\n\n\n\n<p><strong>Le pardon de Saint Elo se c\u00e9l\u00e8bre le dernier dimanche de juin.<\/strong><\/p>\n\n\n\n<p><strong>Andr\u00e9 Bozec<\/strong><\/p>\n","protected":false},"excerpt":{"rendered":"<p>Lien vers le site de la mairie de Plogonnec Lien vers le site de Jean-pierre Lours L&rsquo;expertise d&rsquo;Andr\u00e9 Bozec : Selon la l\u00e9gende Sainte \u00c9lo \u00e9vang\u00e9lisa le pays de Landeleau. A Plogonnec son culte s\u2019est substitu\u00e9 \u00e0 celui de Taranis, &hellip; <a href=\"https:\/\/passeurspatrimoineplogonnec.fr\/?page_id=1401\">Continuer la lecture <span class=\"meta-nav\">&rarr;<\/span><\/a><\/p>\n","protected":false},"author":1,"featured_media":0,"parent":0,"menu_order":0,"comment_status":"closed","ping_status":"closed","template":"","meta":{"footnotes":""},"class_list":["post-1401","page","type-page","status-publish","hentry"],"yoast_head":"<!-- This site is optimized with the Yoast SEO plugin v27.4 - https:\/\/yoast.com\/product\/yoast-seo-wordpress\/ -->\n<title>Chapelle de St Th\u00e9leau - Passeurs de Patrimoine de Plogonnec<\/title>\n<meta name=\"robots\" content=\"index, follow, max-snippet:-1, max-image-preview:large, max-video-preview:-1\" \/>\n<link rel=\"canonical\" href=\"https:\/\/passeurspatrimoineplogonnec.fr\/?page_id=1401\" \/>\n<meta property=\"og:locale\" content=\"fr_FR\" \/>\n<meta property=\"og:type\" content=\"article\" \/>\n<meta property=\"og:title\" content=\"Chapelle de St Th\u00e9leau - Passeurs de Patrimoine de Plogonnec\" \/>\n<meta property=\"og:description\" content=\"Lien vers le site de la mairie de Plogonnec Lien vers le site de Jean-pierre Lours L&rsquo;expertise d&rsquo;Andr\u00e9 Bozec : Selon la l\u00e9gende Sainte \u00c9lo \u00e9vang\u00e9lisa le pays de Landeleau. A Plogonnec son culte s\u2019est substitu\u00e9 \u00e0 celui de Taranis, &hellip; Continuer la lecture &rarr;\" \/>\n<meta property=\"og:url\" content=\"https:\/\/passeurspatrimoineplogonnec.fr\/?page_id=1401\" \/>\n<meta property=\"og:site_name\" content=\"Passeurs de Patrimoine de Plogonnec\" \/>\n<meta property=\"article:modified_time\" content=\"2023-11-12T11:46:48+00:00\" \/>\n<meta property=\"og:image\" content=\"http:\/\/passeurspatrimoineplogonnec.fr\/wp-content\/uploads\/2022\/07\/5516320_orig.jpg\" \/>\n<meta name=\"twitter:card\" content=\"summary_large_image\" \/>\n<meta name=\"twitter:label1\" content=\"Dur\u00e9e de lecture estim\u00e9e\" \/>\n\t<meta name=\"twitter:data1\" content=\"7 minutes\" \/>\n<script type=\"application\/ld+json\" class=\"yoast-schema-graph\">{\"@context\":\"https:\\\/\\\/schema.org\",\"@graph\":[{\"@type\":\"WebPage\",\"@id\":\"https:\\\/\\\/passeurspatrimoineplogonnec.fr\\\/?page_id=1401\",\"url\":\"https:\\\/\\\/passeurspatrimoineplogonnec.fr\\\/?page_id=1401\",\"name\":\"Chapelle de St Th\u00e9leau - Passeurs de Patrimoine de Plogonnec\",\"isPartOf\":{\"@id\":\"https:\\\/\\\/passeurspatrimoineplogonnec.fr\\\/#website\"},\"primaryImageOfPage\":{\"@id\":\"https:\\\/\\\/passeurspatrimoineplogonnec.fr\\\/?page_id=1401#primaryimage\"},\"image\":{\"@id\":\"https:\\\/\\\/passeurspatrimoineplogonnec.fr\\\/?page_id=1401#primaryimage\"},\"thumbnailUrl\":\"http:\\\/\\\/passeurspatrimoineplogonnec.fr\\\/wp-content\\\/uploads\\\/2022\\\/07\\\/5516320_orig.jpg\",\"datePublished\":\"2022-06-08T08:38:59+00:00\",\"dateModified\":\"2023-11-12T11:46:48+00:00\",\"breadcrumb\":{\"@id\":\"https:\\\/\\\/passeurspatrimoineplogonnec.fr\\\/?page_id=1401#breadcrumb\"},\"inLanguage\":\"fr-FR\",\"potentialAction\":[{\"@type\":\"ReadAction\",\"target\":[\"https:\\\/\\\/passeurspatrimoineplogonnec.fr\\\/?page_id=1401\"]}]},{\"@type\":\"ImageObject\",\"inLanguage\":\"fr-FR\",\"@id\":\"https:\\\/\\\/passeurspatrimoineplogonnec.fr\\\/?page_id=1401#primaryimage\",\"url\":\"http:\\\/\\\/passeurspatrimoineplogonnec.fr\\\/wp-content\\\/uploads\\\/2022\\\/07\\\/5516320_orig.jpg\",\"contentUrl\":\"http:\\\/\\\/passeurspatrimoineplogonnec.fr\\\/wp-content\\\/uploads\\\/2022\\\/07\\\/5516320_orig.jpg\"},{\"@type\":\"BreadcrumbList\",\"@id\":\"https:\\\/\\\/passeurspatrimoineplogonnec.fr\\\/?page_id=1401#breadcrumb\",\"itemListElement\":[{\"@type\":\"ListItem\",\"position\":1,\"name\":\"Accueil\",\"item\":\"https:\\\/\\\/passeurspatrimoineplogonnec.fr\\\/\"},{\"@type\":\"ListItem\",\"position\":2,\"name\":\"Chapelle de St Th\u00e9leau\"}]},{\"@type\":\"WebSite\",\"@id\":\"https:\\\/\\\/passeurspatrimoineplogonnec.fr\\\/#website\",\"url\":\"https:\\\/\\\/passeurspatrimoineplogonnec.fr\\\/\",\"name\":\"Passeurs de Patrimoine de Plogonnec\",\"description\":\"\",\"potentialAction\":[{\"@type\":\"SearchAction\",\"target\":{\"@type\":\"EntryPoint\",\"urlTemplate\":\"https:\\\/\\\/passeurspatrimoineplogonnec.fr\\\/?s={search_term_string}\"},\"query-input\":{\"@type\":\"PropertyValueSpecification\",\"valueRequired\":true,\"valueName\":\"search_term_string\"}}],\"inLanguage\":\"fr-FR\"}]}<\/script>\n<!-- \/ Yoast SEO plugin. -->","yoast_head_json":{"title":"Chapelle de St Th\u00e9leau - Passeurs de Patrimoine de Plogonnec","robots":{"index":"index","follow":"follow","max-snippet":"max-snippet:-1","max-image-preview":"max-image-preview:large","max-video-preview":"max-video-preview:-1"},"canonical":"https:\/\/passeurspatrimoineplogonnec.fr\/?page_id=1401","og_locale":"fr_FR","og_type":"article","og_title":"Chapelle de St Th\u00e9leau - Passeurs de Patrimoine de Plogonnec","og_description":"Lien vers le site de la mairie de Plogonnec Lien vers le site de Jean-pierre Lours L&rsquo;expertise d&rsquo;Andr\u00e9 Bozec : Selon la l\u00e9gende Sainte \u00c9lo \u00e9vang\u00e9lisa le pays de Landeleau. A Plogonnec son culte s\u2019est substitu\u00e9 \u00e0 celui de Taranis, &hellip; Continuer la lecture &rarr;","og_url":"https:\/\/passeurspatrimoineplogonnec.fr\/?page_id=1401","og_site_name":"Passeurs de Patrimoine de Plogonnec","article_modified_time":"2023-11-12T11:46:48+00:00","og_image":[{"url":"http:\/\/passeurspatrimoineplogonnec.fr\/wp-content\/uploads\/2022\/07\/5516320_orig.jpg","type":"","width":"","height":""}],"twitter_card":"summary_large_image","twitter_misc":{"Dur\u00e9e de lecture estim\u00e9e":"7 minutes"},"schema":{"@context":"https:\/\/schema.org","@graph":[{"@type":"WebPage","@id":"https:\/\/passeurspatrimoineplogonnec.fr\/?page_id=1401","url":"https:\/\/passeurspatrimoineplogonnec.fr\/?page_id=1401","name":"Chapelle de St Th\u00e9leau - Passeurs de Patrimoine de Plogonnec","isPartOf":{"@id":"https:\/\/passeurspatrimoineplogonnec.fr\/#website"},"primaryImageOfPage":{"@id":"https:\/\/passeurspatrimoineplogonnec.fr\/?page_id=1401#primaryimage"},"image":{"@id":"https:\/\/passeurspatrimoineplogonnec.fr\/?page_id=1401#primaryimage"},"thumbnailUrl":"http:\/\/passeurspatrimoineplogonnec.fr\/wp-content\/uploads\/2022\/07\/5516320_orig.jpg","datePublished":"2022-06-08T08:38:59+00:00","dateModified":"2023-11-12T11:46:48+00:00","breadcrumb":{"@id":"https:\/\/passeurspatrimoineplogonnec.fr\/?page_id=1401#breadcrumb"},"inLanguage":"fr-FR","potentialAction":[{"@type":"ReadAction","target":["https:\/\/passeurspatrimoineplogonnec.fr\/?page_id=1401"]}]},{"@type":"ImageObject","inLanguage":"fr-FR","@id":"https:\/\/passeurspatrimoineplogonnec.fr\/?page_id=1401#primaryimage","url":"http:\/\/passeurspatrimoineplogonnec.fr\/wp-content\/uploads\/2022\/07\/5516320_orig.jpg","contentUrl":"http:\/\/passeurspatrimoineplogonnec.fr\/wp-content\/uploads\/2022\/07\/5516320_orig.jpg"},{"@type":"BreadcrumbList","@id":"https:\/\/passeurspatrimoineplogonnec.fr\/?page_id=1401#breadcrumb","itemListElement":[{"@type":"ListItem","position":1,"name":"Accueil","item":"https:\/\/passeurspatrimoineplogonnec.fr\/"},{"@type":"ListItem","position":2,"name":"Chapelle de St Th\u00e9leau"}]},{"@type":"WebSite","@id":"https:\/\/passeurspatrimoineplogonnec.fr\/#website","url":"https:\/\/passeurspatrimoineplogonnec.fr\/","name":"Passeurs de Patrimoine de Plogonnec","description":"","potentialAction":[{"@type":"SearchAction","target":{"@type":"EntryPoint","urlTemplate":"https:\/\/passeurspatrimoineplogonnec.fr\/?s={search_term_string}"},"query-input":{"@type":"PropertyValueSpecification","valueRequired":true,"valueName":"search_term_string"}}],"inLanguage":"fr-FR"}]}},"_links":{"self":[{"href":"https:\/\/passeurspatrimoineplogonnec.fr\/index.php?rest_route=\/wp\/v2\/pages\/1401","targetHints":{"allow":["GET"]}}],"collection":[{"href":"https:\/\/passeurspatrimoineplogonnec.fr\/index.php?rest_route=\/wp\/v2\/pages"}],"about":[{"href":"https:\/\/passeurspatrimoineplogonnec.fr\/index.php?rest_route=\/wp\/v2\/types\/page"}],"author":[{"embeddable":true,"href":"https:\/\/passeurspatrimoineplogonnec.fr\/index.php?rest_route=\/wp\/v2\/users\/1"}],"replies":[{"embeddable":true,"href":"https:\/\/passeurspatrimoineplogonnec.fr\/index.php?rest_route=%2Fwp%2Fv2%2Fcomments&post=1401"}],"version-history":[{"count":64,"href":"https:\/\/passeurspatrimoineplogonnec.fr\/index.php?rest_route=\/wp\/v2\/pages\/1401\/revisions"}],"predecessor-version":[{"id":2190,"href":"https:\/\/passeurspatrimoineplogonnec.fr\/index.php?rest_route=\/wp\/v2\/pages\/1401\/revisions\/2190"}],"wp:attachment":[{"href":"https:\/\/passeurspatrimoineplogonnec.fr\/index.php?rest_route=%2Fwp%2Fv2%2Fmedia&parent=1401"}],"curies":[{"name":"wp","href":"https:\/\/api.w.org\/{rel}","templated":true}]}}