{"id":1563,"date":"2022-07-01T20:40:44","date_gmt":"2022-07-01T18:40:44","guid":{"rendered":"http:\/\/passeurspatrimoineplogonnec.fr\/?page_id=1563"},"modified":"2023-11-12T12:44:03","modified_gmt":"2023-11-12T11:44:03","slug":"chapelle-de-st-albin","status":"publish","type":"page","link":"https:\/\/passeurspatrimoineplogonnec.fr\/?page_id=1563","title":{"rendered":"Chapelle de St Albin"},"content":{"rendered":"\n<figure class=\"wp-block-gallery has-nested-images columns-default is-cropped wp-block-gallery-1 is-layout-flex wp-block-gallery-is-layout-flex\">\n<figure class=\"wp-block-image size-large\"><a href=\"http:\/\/passeurspatrimoineplogonnec.fr\/wp-content\/uploads\/2022\/07\/St-Albin1.jpg\" target=\"_blank\" rel=\"noreferrer noopener\"><img loading=\"lazy\" decoding=\"async\" width=\"518\" height=\"393\" data-id=\"1567\" src=\"http:\/\/passeurspatrimoineplogonnec.fr\/wp-content\/uploads\/2022\/07\/St-Albin1.jpg\" alt=\"\" class=\"wp-image-1567\" srcset=\"https:\/\/passeurspatrimoineplogonnec.fr\/wp-content\/uploads\/2022\/07\/St-Albin1.jpg 518w, https:\/\/passeurspatrimoineplogonnec.fr\/wp-content\/uploads\/2022\/07\/St-Albin1-300x228.jpg 300w\" sizes=\"auto, (max-width: 518px) 100vw, 518px\" \/><\/a><\/figure>\n\n\n\n<figure class=\"wp-block-image size-large\"><a href=\"http:\/\/passeurspatrimoineplogonnec.fr\/wp-content\/uploads\/2023\/01\/st-albin1.png\" target=\"_blank\" rel=\"noreferrer noopener\"><img loading=\"lazy\" decoding=\"async\" width=\"1024\" height=\"497\" data-id=\"2191\" src=\"http:\/\/passeurspatrimoineplogonnec.fr\/wp-content\/uploads\/2023\/01\/st-albin1-1024x497.png\" alt=\"\" class=\"wp-image-2191\" srcset=\"https:\/\/passeurspatrimoineplogonnec.fr\/wp-content\/uploads\/2023\/01\/st-albin1-1024x497.png 1024w, https:\/\/passeurspatrimoineplogonnec.fr\/wp-content\/uploads\/2023\/01\/st-albin1-300x146.png 300w, https:\/\/passeurspatrimoineplogonnec.fr\/wp-content\/uploads\/2023\/01\/st-albin1-768x373.png 768w, https:\/\/passeurspatrimoineplogonnec.fr\/wp-content\/uploads\/2023\/01\/st-albin1.png 1214w\" sizes=\"auto, (max-width: 1024px) 100vw, 1024px\" \/><\/a><\/figure>\n<\/figure>\n\n\n\n<p><\/p>\n\n\n\n<p><a href=\"https:\/\/www.plogonnec.fr\/chapelle-de-saint-albin\/\" target=\"_blank\" rel=\"noreferrer noopener\">Lien vers le site de la commune de Plogonnec<\/a><\/p>\n\n\n\n<p><a href=\"https:\/\/www.lavieb-aile.com\/article-la-chapelle-st-albin-a-plogonnec-109127392.html\" target=\"_blank\" rel=\"noreferrer noopener\">Lien vers le blog de Jean-Yves Cordier<\/a><\/p>\n\n\n\n<p><\/p>\n\n\n\n<h2 class=\"wp-block-heading\">L&rsquo;expertise d&rsquo;Andr\u00e9 Bozec<\/h2>\n\n\n\n<p><\/p>\n\n\n\n<p><strong>LA CHAPELLE DE SAINT ALBAIN.<\/strong><\/p>\n\n\n\n<p>Selon Lukian Kergoat la d\u00e9signation de ce lieu en Saint Albain r\u00e9sulte d\u2019une francisation de saint Telc\u2019hoen. Sur le plan religieux, Saint Albain fut un des premiers \u00e9v\u00eaques de la ville d\u2019Angers. Son culte est tr\u00e8s peu r\u00e9pandu en Cornouaille. Le site de la chapelle se situe sur une parcelle d\u00e9sign\u00e9e \u00e0 l\u2019origine sous le vocable \u00e9vocateur de \u00ab&nbsp;lez lia&nbsp;\u00bb le lieu des pierres affleurantes, sans doute un lieu de culte pr\u00e9 chr\u00e9tien.<\/p>\n\n\n\n<p><strong>1\u00b0 L\u2019ext\u00e9rieur de la chapelle de Saint Albain.<\/strong><\/p>\n\n\n\n<p>C\u2019est un \u00e9difice en forme de croix latine dont la nef du XV<sup>e<\/sup> si\u00e8cle a \u00e9t\u00e9 prolong\u00e9e en 1951 par un transept plus important en dimension et par une sacristie. Les portes de la fa\u00e7ade sud et du mur au sud-ouest du transept ne sont pas \u00e0 la bonne proportion avec le b\u00e2timent initial. Le pignon \u00e0 l\u2019ouest est perc\u00e9 d\u2019une petite porte en arc aigu. Le clocher est court. Un escalier jet\u00e9 sur le tas de charge du rampant nord du pignon y donne acc\u00e8s. Les embrasures de la chambre des cloches sont en anse de panier. Une petite corniche surplombe le tout et supporte sur chaque c\u00f4t\u00e9 une frise triangulaire perc\u00e9e d\u2019un oculus. Un d\u00f4me conique vient coiffer le tout.<\/p>\n\n\n\n<p>Le mur nord de la nef est perc\u00e9 de deux petites fen\u00eatres gothiques. Le mur \u00e0 l\u2019ouest du transept nord est perc\u00e9 par une fen\u00eatre gothique \u00e0 deux lancettes trilob\u00e9es, avec des mouchettes et un oculus. Il s\u2019agit de l\u2019ancienne fen\u00eatre du chevet. Le reste du b\u00e2timent reprend avec plus ou moins de bon go\u00fbt des \u00e9l\u00e9ments et des mat\u00e9riaux du XX<sup>e<\/sup> si\u00e8cle.<\/p>\n\n\n\n<p><strong>2\u00b0 L\u2019int\u00e9rieur de la chapelle de Saint Albain.<\/strong><\/p>\n\n\n\n<p>La transformation de l\u2019\u00e9difice en 1951 en a \u00e9pur\u00e9 l\u2019aspect int\u00e9rieur. La statuaire comprend un fort belle Vierge primitive du XVI<sup>e<\/sup> si\u00e8cle, une Sainte Barbe, Saint Albain, Saint Gurloes, et Notre-Dame des portes. Le Christ lumineux du chevet est l\u2019\u0153uvre d\u2019un artisan local (M. Provost). Il est \u00e0 noter que la statue de Saint Gurloes a \u00e9t\u00e9 remani\u00e9e par l\u2019ajout d\u2019une tiare de bois sur la t\u00eate du saint.<\/p>\n\n\n\n<p><strong>3\u00b0 Le calvaire de la chapelle de Saint Albain.<\/strong><\/p>\n\n\n\n<p>Le calvaire de la chapelle de Saint Albain semble \u00eatre du XVII<sup>e<\/sup> si\u00e8cle. Il avait \u00e9t\u00e9 d\u00e9mont\u00e9 et d\u00e9plac\u00e9 en 1951 pour faciliter l\u2019accessibilit\u00e9 du chantier de r\u00e9novation de la chapelle. Les pierres ainsi que les statues sont ainsi rest\u00e9es enterr\u00e9es dans le plac\u00eetre jusqu\u2019en 1984 o\u00f9 il fut d\u00e9cid\u00e9 de le relever. Une erreur de remontage fait que ce calvaire a un Christ qui regarde \u00e0 l\u2019est plut\u00f4t qu\u2018\u00e0 l\u2019ouest, tout comme celui de la Magdeleine \u00e0 Briec. La Vierge y est assez originale avec le port de l\u2019Enfant sur son bras droit et sa couronne faite d\u2019un cercle d\u2019hermines.<\/p>\n\n\n\n<p><strong>4\u00b0) La fontaine de la chapelle de Saint Albain.<\/strong><\/p>\n\n\n\n<p>La fontaine de Saint-Albain se trouve juste \u00e0 c\u00f4t\u00e9 du manoir de Garlan, dans un champ en contre bas du manoir. Sa structure est assez sommaire. Trois \u00e0 quatre pierres \u00e0 peine d\u00e9grossies viennent encadrer le filet d\u2019eau initial.<\/p>\n\n\n\n<p><\/p>\n\n\n\n<figure class=\"wp-block-image size-large\"><img loading=\"lazy\" decoding=\"async\" width=\"745\" height=\"1024\" src=\"http:\/\/passeurspatrimoineplogonnec.fr\/wp-content\/uploads\/2022\/07\/St-albin2-745x1024.jpg\" alt=\"\" class=\"wp-image-1579\" srcset=\"https:\/\/passeurspatrimoineplogonnec.fr\/wp-content\/uploads\/2022\/07\/St-albin2-745x1024.jpg 745w, https:\/\/passeurspatrimoineplogonnec.fr\/wp-content\/uploads\/2022\/07\/St-albin2-218x300.jpg 218w, https:\/\/passeurspatrimoineplogonnec.fr\/wp-content\/uploads\/2022\/07\/St-albin2-768x1056.jpg 768w, https:\/\/passeurspatrimoineplogonnec.fr\/wp-content\/uploads\/2022\/07\/St-albin2-1117x1536.jpg 1117w, https:\/\/passeurspatrimoineplogonnec.fr\/wp-content\/uploads\/2022\/07\/St-albin2-1489x2048.jpg 1489w, https:\/\/passeurspatrimoineplogonnec.fr\/wp-content\/uploads\/2022\/07\/St-albin2.jpg 1700w\" sizes=\"auto, (max-width: 745px) 100vw, 745px\" \/><figcaption class=\"wp-element-caption\"><strong>La chapelle de Saint Albin<\/strong><\/figcaption><\/figure>\n\n\n\n<p><\/p>\n\n\n\n<p>Vendue sous la R\u00e9volution, la chapelle de Saint Albain fut achet\u00e9e par des particuliers qui, plus tard, l\u2019ont revendue \u00e0 la fabrique comme l\u2019indique l\u2019acte de vente \u00ab&nbsp;Nous, soussign\u00e9s, Jean Cariou, de Coat-Gallou, Ren\u00e9 Seznec, de Garlan, et Ren\u00e9 Le Noac\u2019h, de Keryacob, nous avons re\u00e7u du tr\u00e9sorier de la fabrique de Plogonnec, la somme de trois cent francs pour la somme que nous avions avanc\u00e9e pour acheter la dite chapelle de Saint-Albain&nbsp;\u00bb. L\u2019office du dimanche a r\u00e9guli\u00e8rement \u00e9t\u00e9 c\u00e9l\u00e9br\u00e9 dans la chapelle de Saint-Albain durant tout le XIX<sup>e<\/sup> si\u00e8cle, et durant tout le XX<sup>e<\/sup> si\u00e8cle. Il a \u00e9t\u00e9 arr\u00eat\u00e9 en 1998.<\/p>\n\n\n\n<p><strong>Le pardon de Saint Albain se c\u00e9l\u00e8bre le premier dimanche de septembre.<\/strong><\/p>\n\n\n\n<p><strong>Andr\u00e9 Bozec<\/strong><\/p>\n","protected":false},"excerpt":{"rendered":"<p>Lien vers le site de la commune de Plogonnec Lien vers le blog de Jean-Yves Cordier L&rsquo;expertise d&rsquo;Andr\u00e9 Bozec LA CHAPELLE DE SAINT ALBAIN. Selon Lukian Kergoat la d\u00e9signation de ce lieu en Saint Albain r\u00e9sulte d\u2019une francisation de saint &hellip; <a href=\"https:\/\/passeurspatrimoineplogonnec.fr\/?page_id=1563\">Continuer la lecture <span class=\"meta-nav\">&rarr;<\/span><\/a><\/p>\n","protected":false},"author":1,"featured_media":0,"parent":0,"menu_order":0,"comment_status":"closed","ping_status":"closed","template":"","meta":{"footnotes":""},"class_list":["post-1563","page","type-page","status-publish","hentry"],"yoast_head":"<!-- This site is optimized with the Yoast SEO plugin v27.4 - https:\/\/yoast.com\/product\/yoast-seo-wordpress\/ -->\n<title>Chapelle de St Albin - Passeurs de Patrimoine de Plogonnec<\/title>\n<meta name=\"robots\" content=\"index, follow, max-snippet:-1, max-image-preview:large, max-video-preview:-1\" \/>\n<link rel=\"canonical\" href=\"https:\/\/passeurspatrimoineplogonnec.fr\/?page_id=1563\" \/>\n<meta property=\"og:locale\" content=\"fr_FR\" \/>\n<meta property=\"og:type\" content=\"article\" \/>\n<meta property=\"og:title\" content=\"Chapelle de St Albin - Passeurs de Patrimoine de Plogonnec\" \/>\n<meta property=\"og:description\" content=\"Lien vers le site de la commune de Plogonnec Lien vers le blog de Jean-Yves Cordier L&rsquo;expertise d&rsquo;Andr\u00e9 Bozec LA CHAPELLE DE SAINT ALBAIN. Selon Lukian Kergoat la d\u00e9signation de ce lieu en Saint Albain r\u00e9sulte d\u2019une francisation de saint &hellip; Continuer la lecture &rarr;\" \/>\n<meta property=\"og:url\" content=\"https:\/\/passeurspatrimoineplogonnec.fr\/?page_id=1563\" \/>\n<meta property=\"og:site_name\" content=\"Passeurs de Patrimoine de Plogonnec\" \/>\n<meta property=\"article:modified_time\" content=\"2023-11-12T11:44:03+00:00\" \/>\n<meta property=\"og:image\" content=\"http:\/\/passeurspatrimoineplogonnec.fr\/wp-content\/uploads\/2022\/07\/St-Albin1.jpg\" \/>\n<meta name=\"twitter:card\" content=\"summary_large_image\" \/>\n<meta name=\"twitter:label1\" content=\"Dur\u00e9e de lecture estim\u00e9e\" \/>\n\t<meta name=\"twitter:data1\" content=\"4 minutes\" \/>\n<script type=\"application\/ld+json\" class=\"yoast-schema-graph\">{\"@context\":\"https:\\\/\\\/schema.org\",\"@graph\":[{\"@type\":\"WebPage\",\"@id\":\"https:\\\/\\\/passeurspatrimoineplogonnec.fr\\\/?page_id=1563\",\"url\":\"https:\\\/\\\/passeurspatrimoineplogonnec.fr\\\/?page_id=1563\",\"name\":\"Chapelle de St Albin - Passeurs de Patrimoine de Plogonnec\",\"isPartOf\":{\"@id\":\"https:\\\/\\\/passeurspatrimoineplogonnec.fr\\\/#website\"},\"primaryImageOfPage\":{\"@id\":\"https:\\\/\\\/passeurspatrimoineplogonnec.fr\\\/?page_id=1563#primaryimage\"},\"image\":{\"@id\":\"https:\\\/\\\/passeurspatrimoineplogonnec.fr\\\/?page_id=1563#primaryimage\"},\"thumbnailUrl\":\"http:\\\/\\\/passeurspatrimoineplogonnec.fr\\\/wp-content\\\/uploads\\\/2022\\\/07\\\/St-Albin1.jpg\",\"datePublished\":\"2022-07-01T18:40:44+00:00\",\"dateModified\":\"2023-11-12T11:44:03+00:00\",\"breadcrumb\":{\"@id\":\"https:\\\/\\\/passeurspatrimoineplogonnec.fr\\\/?page_id=1563#breadcrumb\"},\"inLanguage\":\"fr-FR\",\"potentialAction\":[{\"@type\":\"ReadAction\",\"target\":[\"https:\\\/\\\/passeurspatrimoineplogonnec.fr\\\/?page_id=1563\"]}]},{\"@type\":\"ImageObject\",\"inLanguage\":\"fr-FR\",\"@id\":\"https:\\\/\\\/passeurspatrimoineplogonnec.fr\\\/?page_id=1563#primaryimage\",\"url\":\"http:\\\/\\\/passeurspatrimoineplogonnec.fr\\\/wp-content\\\/uploads\\\/2022\\\/07\\\/St-Albin1.jpg\",\"contentUrl\":\"http:\\\/\\\/passeurspatrimoineplogonnec.fr\\\/wp-content\\\/uploads\\\/2022\\\/07\\\/St-Albin1.jpg\"},{\"@type\":\"BreadcrumbList\",\"@id\":\"https:\\\/\\\/passeurspatrimoineplogonnec.fr\\\/?page_id=1563#breadcrumb\",\"itemListElement\":[{\"@type\":\"ListItem\",\"position\":1,\"name\":\"Accueil\",\"item\":\"https:\\\/\\\/passeurspatrimoineplogonnec.fr\\\/\"},{\"@type\":\"ListItem\",\"position\":2,\"name\":\"Chapelle de St Albin\"}]},{\"@type\":\"WebSite\",\"@id\":\"https:\\\/\\\/passeurspatrimoineplogonnec.fr\\\/#website\",\"url\":\"https:\\\/\\\/passeurspatrimoineplogonnec.fr\\\/\",\"name\":\"Passeurs de Patrimoine de Plogonnec\",\"description\":\"\",\"potentialAction\":[{\"@type\":\"SearchAction\",\"target\":{\"@type\":\"EntryPoint\",\"urlTemplate\":\"https:\\\/\\\/passeurspatrimoineplogonnec.fr\\\/?s={search_term_string}\"},\"query-input\":{\"@type\":\"PropertyValueSpecification\",\"valueRequired\":true,\"valueName\":\"search_term_string\"}}],\"inLanguage\":\"fr-FR\"}]}<\/script>\n<!-- \/ Yoast SEO plugin. -->","yoast_head_json":{"title":"Chapelle de St Albin - Passeurs de Patrimoine de Plogonnec","robots":{"index":"index","follow":"follow","max-snippet":"max-snippet:-1","max-image-preview":"max-image-preview:large","max-video-preview":"max-video-preview:-1"},"canonical":"https:\/\/passeurspatrimoineplogonnec.fr\/?page_id=1563","og_locale":"fr_FR","og_type":"article","og_title":"Chapelle de St Albin - Passeurs de Patrimoine de Plogonnec","og_description":"Lien vers le site de la commune de Plogonnec Lien vers le blog de Jean-Yves Cordier L&rsquo;expertise d&rsquo;Andr\u00e9 Bozec LA CHAPELLE DE SAINT ALBAIN. Selon Lukian Kergoat la d\u00e9signation de ce lieu en Saint Albain r\u00e9sulte d\u2019une francisation de saint &hellip; Continuer la lecture &rarr;","og_url":"https:\/\/passeurspatrimoineplogonnec.fr\/?page_id=1563","og_site_name":"Passeurs de Patrimoine de Plogonnec","article_modified_time":"2023-11-12T11:44:03+00:00","og_image":[{"url":"http:\/\/passeurspatrimoineplogonnec.fr\/wp-content\/uploads\/2022\/07\/St-Albin1.jpg","type":"","width":"","height":""}],"twitter_card":"summary_large_image","twitter_misc":{"Dur\u00e9e de lecture estim\u00e9e":"4 minutes"},"schema":{"@context":"https:\/\/schema.org","@graph":[{"@type":"WebPage","@id":"https:\/\/passeurspatrimoineplogonnec.fr\/?page_id=1563","url":"https:\/\/passeurspatrimoineplogonnec.fr\/?page_id=1563","name":"Chapelle de St Albin - Passeurs de Patrimoine de Plogonnec","isPartOf":{"@id":"https:\/\/passeurspatrimoineplogonnec.fr\/#website"},"primaryImageOfPage":{"@id":"https:\/\/passeurspatrimoineplogonnec.fr\/?page_id=1563#primaryimage"},"image":{"@id":"https:\/\/passeurspatrimoineplogonnec.fr\/?page_id=1563#primaryimage"},"thumbnailUrl":"http:\/\/passeurspatrimoineplogonnec.fr\/wp-content\/uploads\/2022\/07\/St-Albin1.jpg","datePublished":"2022-07-01T18:40:44+00:00","dateModified":"2023-11-12T11:44:03+00:00","breadcrumb":{"@id":"https:\/\/passeurspatrimoineplogonnec.fr\/?page_id=1563#breadcrumb"},"inLanguage":"fr-FR","potentialAction":[{"@type":"ReadAction","target":["https:\/\/passeurspatrimoineplogonnec.fr\/?page_id=1563"]}]},{"@type":"ImageObject","inLanguage":"fr-FR","@id":"https:\/\/passeurspatrimoineplogonnec.fr\/?page_id=1563#primaryimage","url":"http:\/\/passeurspatrimoineplogonnec.fr\/wp-content\/uploads\/2022\/07\/St-Albin1.jpg","contentUrl":"http:\/\/passeurspatrimoineplogonnec.fr\/wp-content\/uploads\/2022\/07\/St-Albin1.jpg"},{"@type":"BreadcrumbList","@id":"https:\/\/passeurspatrimoineplogonnec.fr\/?page_id=1563#breadcrumb","itemListElement":[{"@type":"ListItem","position":1,"name":"Accueil","item":"https:\/\/passeurspatrimoineplogonnec.fr\/"},{"@type":"ListItem","position":2,"name":"Chapelle de St Albin"}]},{"@type":"WebSite","@id":"https:\/\/passeurspatrimoineplogonnec.fr\/#website","url":"https:\/\/passeurspatrimoineplogonnec.fr\/","name":"Passeurs de Patrimoine de Plogonnec","description":"","potentialAction":[{"@type":"SearchAction","target":{"@type":"EntryPoint","urlTemplate":"https:\/\/passeurspatrimoineplogonnec.fr\/?s={search_term_string}"},"query-input":{"@type":"PropertyValueSpecification","valueRequired":true,"valueName":"search_term_string"}}],"inLanguage":"fr-FR"}]}},"_links":{"self":[{"href":"https:\/\/passeurspatrimoineplogonnec.fr\/index.php?rest_route=\/wp\/v2\/pages\/1563","targetHints":{"allow":["GET"]}}],"collection":[{"href":"https:\/\/passeurspatrimoineplogonnec.fr\/index.php?rest_route=\/wp\/v2\/pages"}],"about":[{"href":"https:\/\/passeurspatrimoineplogonnec.fr\/index.php?rest_route=\/wp\/v2\/types\/page"}],"author":[{"embeddable":true,"href":"https:\/\/passeurspatrimoineplogonnec.fr\/index.php?rest_route=\/wp\/v2\/users\/1"}],"replies":[{"embeddable":true,"href":"https:\/\/passeurspatrimoineplogonnec.fr\/index.php?rest_route=%2Fwp%2Fv2%2Fcomments&post=1563"}],"version-history":[{"count":17,"href":"https:\/\/passeurspatrimoineplogonnec.fr\/index.php?rest_route=\/wp\/v2\/pages\/1563\/revisions"}],"predecessor-version":[{"id":2192,"href":"https:\/\/passeurspatrimoineplogonnec.fr\/index.php?rest_route=\/wp\/v2\/pages\/1563\/revisions\/2192"}],"wp:attachment":[{"href":"https:\/\/passeurspatrimoineplogonnec.fr\/index.php?rest_route=%2Fwp%2Fv2%2Fmedia&parent=1563"}],"curies":[{"name":"wp","href":"https:\/\/api.w.org\/{rel}","templated":true}]}}