{"id":1609,"date":"2022-07-01T21:21:04","date_gmt":"2022-07-01T19:21:04","guid":{"rendered":"http:\/\/passeurspatrimoineplogonnec.fr\/?page_id=1609"},"modified":"2023-11-12T12:43:14","modified_gmt":"2023-11-12T11:43:14","slug":"chapelle-de-seznec","status":"publish","type":"page","link":"https:\/\/passeurspatrimoineplogonnec.fr\/?page_id=1609","title":{"rendered":"Chapelle Saint Denis de Seznec"},"content":{"rendered":"\n<figure class=\"wp-block-gallery has-nested-images columns-default is-cropped wp-block-gallery-1 is-layout-flex wp-block-gallery-is-layout-flex\">\n<figure class=\"wp-block-image size-large\"><a href=\"http:\/\/passeurspatrimoineplogonnec.fr\/wp-content\/uploads\/2022\/07\/La-chapelle-de-Seznec1.jpg\" target=\"_blank\" rel=\"noreferrer noopener\"><img loading=\"lazy\" decoding=\"async\" width=\"519\" height=\"385\" data-id=\"1616\" src=\"http:\/\/passeurspatrimoineplogonnec.fr\/wp-content\/uploads\/2022\/07\/La-chapelle-de-Seznec1.jpg\" alt=\"\" class=\"wp-image-1616\" srcset=\"https:\/\/passeurspatrimoineplogonnec.fr\/wp-content\/uploads\/2022\/07\/La-chapelle-de-Seznec1.jpg 519w, https:\/\/passeurspatrimoineplogonnec.fr\/wp-content\/uploads\/2022\/07\/La-chapelle-de-Seznec1-300x223.jpg 300w\" sizes=\"auto, (max-width: 519px) 100vw, 519px\" \/><\/a><\/figure>\n\n\n\n<figure class=\"wp-block-image size-large\"><a href=\"http:\/\/passeurspatrimoineplogonnec.fr\/wp-content\/uploads\/2023\/01\/Seznec.png\" target=\"_blank\" rel=\"noreferrer noopener\"><img loading=\"lazy\" decoding=\"async\" width=\"990\" height=\"515\" data-id=\"2158\" src=\"http:\/\/passeurspatrimoineplogonnec.fr\/wp-content\/uploads\/2023\/01\/Seznec.png\" alt=\"\" class=\"wp-image-2158\" srcset=\"https:\/\/passeurspatrimoineplogonnec.fr\/wp-content\/uploads\/2023\/01\/Seznec.png 990w, https:\/\/passeurspatrimoineplogonnec.fr\/wp-content\/uploads\/2023\/01\/Seznec-300x156.png 300w, https:\/\/passeurspatrimoineplogonnec.fr\/wp-content\/uploads\/2023\/01\/Seznec-768x400.png 768w\" sizes=\"auto, (max-width: 990px) 100vw, 990px\" \/><\/a><\/figure>\n<\/figure>\n\n\n\n<p><\/p>\n\n\n\n<p><\/p>\n\n\n\n<p><a href=\"https:\/\/www.plogonnec.fr\/chapelle-de-saint-denis-seznec\/\" target=\"_blank\" rel=\"noreferrer noopener\">Lien vers le site de la commune de Plogonnec<\/a><\/p>\n\n\n\n<p>L<a href=\"https:\/\/www.lavieb-aile.com\/article-vierges-allaitantes-la-chapelle-st-denis-de-seznec-a-plogonnec-108982681.html\" target=\"_blank\" rel=\"noreferrer noopener\">ien vers le blog de Jean-Yves Cordier<\/a><\/p>\n\n\n\n<p><\/p>\n\n\n\n<h2 class=\"wp-block-heading\">L&rsquo;expertise de Andr\u00e9 Bozec<\/h2>\n\n\n\n<p><\/p>\n\n\n\n<p><strong>LA CHAPELLE DE SEZNEC TR\u00c9GURON<\/strong><\/p>\n\n\n\n<p>Cette chapelle est d\u00e9di\u00e9e \u00e0 la fois \u00e0 Saint Denys et \u00e0 Notre Dame de Tr\u00e9guron. Elle correspond sans doute \u00e0 la christianisation d\u2019un lieu sacr\u00e9 celtique d\u00e9di\u00e9 \u00e0 la d\u00e9esse m\u00e8re et \u00e0 la f\u00e9condit\u00e9 comme le sugg\u00e8re la pr\u00e9sence d\u2019une vierge allaitante dans la statuaire. Toutefois l\u2019\u00e9vocation de la Vierge aux trois couronnes est totalement absente de sa statuaire. Il est fort \u00e0 penser que ce nom de \u00ab&nbsp;Tregeuren&nbsp;\u00bb renvoie plut\u00f4t \u00e0 une d\u00e9signation g\u00e9ographique locale et que le saint initial \u00e9tait saint Sezni (c.f. L. Kergoat).<\/p>\n\n\n\n<p>A la fin de l\u2019ancien r\u00e9gime la chapelle \u00e9tait desservie en permanence par un pr\u00eatre r\u00e9sidentiel (dont sire Charles Le Bozec, ente 1723 et 1770) qui intervenait aussi sur la fr\u00e8rie de la Lorette. La chapelle avait son fonctionnement sp\u00e9cifique qui transpara\u00eet au travers de registres de comptes conserv\u00e9s en archives.<\/p>\n\n\n\n<p><strong>1\u00b0 L\u2019ext\u00e9rieur de la chapelle de Seznec Tr\u00e9guron.<\/strong><\/p>\n\n\n\n<p>C\u2019est un \u00e9difice de taille modeste reconstruit entre 1673 et 1675. Il fait suite \u00e0 un \u00e9difice plus ancien du XV<sup>e<\/sup> si\u00e8cle dont certains \u00e9l\u00e9ments ont \u00e9t\u00e9 r\u00e9employ\u00e9s.<\/p>\n\n\n\n<p>La chapelle est de forme rectangulaire. La fa\u00e7ade sud est perc\u00e9e d\u2019une porte en plein cintre et \u00e0 voussures, du XV<sup>e<\/sup> si\u00e8cle, surmont\u00e9e d\u2019une pierre portant la date de 1673, et d\u2019une modeste fen\u00eatre \u00e0 meneaux au linteau en anse de panier du XVII<sup>e<\/sup> si\u00e8cle. Celle-ci interrompt le larmier simple du haut du mur. La fa\u00e7ade est marqu\u00e9e dans son tiers sup\u00e9rieur par une reprise de niveau de l\u2019appareillage suite \u00e0 un glissement des fondations de part et d\u2019autre de la porte.<\/p>\n\n\n\n<p>Le pignon de l\u2019est est perc\u00e9 d\u2019une simple fen\u00eatre gothique trilob\u00e9e du XV<sup>e<\/sup> si\u00e8cle. Il est encadr\u00e9 par un gable tr\u00e8s simple et somm\u00e9 d\u2019une croix arrondie.<\/p>\n\n\n\n<p>Le clocher de type cornouaillais, a \u00e9t\u00e9 foudroy\u00e9 le 30 novembre 1937. Il n\u2019en subsiste que la base orn\u00e9e d\u2019une corniche \u00e0 listels et la chambre des cloches.<\/p>\n\n\n\n<p>Le pignon ouest est du XVII<sup>e<\/sup> si\u00e8cle. Le seuil de sa porte est fait \u00e0 partir d\u2019une vieille pierre perc\u00e9e par une encoche en demi-cercle que l\u2019on retrouve habituellement dans les vieilles fontaines.<\/p>\n\n\n\n<p>Le mur Nord est fait d\u2019un appareillage tr\u00e8s simple de pierre de granit local et ondule du fait du glissement central des bases du b\u00e2timent.<\/p>\n\n\n\n<p><strong>2\u00b0 L\u2019int\u00e9rieur de la chapelle de Seznec Tr\u00e9guron.<\/strong><\/p>\n\n\n\n<p>L\u2019int\u00e9rieur de l\u2019\u00e9difice est simple. Le sol est b\u00e9tonn\u00e9 fa\u00e7on local agricole des ann\u00e9es 1950 et les murs sont couverts d\u2019un cr\u00e9pis peint de couleur blanche.<\/p>\n\n\n\n<p>Le ma\u00eetre autel en granit est encadr\u00e9 par deux niches de style de la Renaissance \u00e0 quatre colonnes torses aux chapiteaux corinthiens surmont\u00e9s de pots \u00e0 feu et de vases. La base est par\u00e9e d\u2019une table moulur\u00e9e et avec une ornementation de trois angelots, le plus grand couvrant la base de la statue, les deux collat\u00e9raux ornant la base des colonnes qui encadrent la statue. Celle du c\u00f4t\u00e9 de l\u2019Evangile accueil une statue en pierre d\u2019une Vierge allaitante aux formes alourdies. Sa niche comporte dans la treille de la seconde colonne de gauche la figurine d\u2019un jeune enfant nu et comporte deux inscriptions sous chacun des angelots lat\u00e9raux. Celle du c\u00f4t\u00e9 gauche mentionne \u00ab&nbsp;R&nbsp;: SEZNEC .F . 1682&nbsp;\u00bb. Elle fait mention du fabricien de l\u2019ann\u00e9e. Celle du c\u00f4t\u00e9 droit mentionne \u00ab&nbsp;MIRE&nbsp;: R SEZNEC. R&nbsp;\u00bb. Elle fait mention du recteur de l\u2019\u00e9poque dont le rectorat dura de 1671 \u00e0 1697. L\u2019autre niche accueil un saint Denys (Sezni) \u00e9v\u00eaque. Sa niche est de m\u00eame facture que celle de la Vi\u00e8ge allaitante. Elle comporte de la m\u00eame fa\u00e7on deux inscriptions. Celle du c\u00f4t\u00e9 gauche mentionne \u00ab&nbsp;MIRE&nbsp;: H&nbsp;: QVEINEC&nbsp;: C&nbsp;:&nbsp;\u00bb. Elle \u00e9voque le cur\u00e9 desservant de la chapelle \u00e0 l\u2019\u00e9poque. Celle du c\u00f4t\u00e9 droit mentionne \u00ab&nbsp;H&nbsp;: BRA.S&nbsp;: FAb&nbsp;: 1683&nbsp;\u00bb. Elle fait mention du fabricien de l\u2019ann\u00e9e.<\/p>\n\n\n\n<p>Deux autres statues ornent l\u2019int\u00e9rieur&nbsp;: une Pi\u00e9ta du XV<sup>e<\/sup> si\u00e8cle qui viendrait de l\u2019\u00e9glise paroissiale de Plogonnec et une Notre Dame de \u00ab&nbsp;Tregeuren&nbsp;\u00bb en bois du XVII<sup>e<\/sup> si\u00e8cle et qui pourrait \u00eatre issue d\u2019un retable.<\/p>\n\n\n\n<p>Le vitrail contemporain de la ma\u00eetresse vitre est une \u0153uvre d\u2019Alain Grall r\u00e9alis\u00e9e en 1981. L\u2019on note aux arri\u00e8res droits des deux portes des d\u00e9bordements d\u2019appareillage \u00e0 hauteur de main. Nous n\u2019avons pas l\u2019explication pratique de ce fait.<\/p>\n\n\n\n<p><strong>3\u00b0 la cloche de la chapelle de Treguron.<\/strong><\/p>\n\n\n\n<p>La cloche de la chapelle date de 1891. Elle a surv\u00e9cu au coup de foudre du 30 novembre 1937. Monsieur Jean-Yves Cordier, auteur d\u2019un tr\u00e8s int\u00e9ressant article du 4 janvier 2012 sur la chapelle a d\u00e9chiffr\u00e9 sur la cloche les mentions suivantes \u00ab&nbsp;MARIE-YVONNE, DEDIEE A ST-DENYS EN (PLOG)ONNEC\/ Mr J.F. LE BRAS RECTEUR. PARRAIN YVES LOUBOUTIN \u2026KERRADILY-VRAZ\/MARRAINE MARIE-RENEE ST \u2026 DE SEZNEC. \/ C. LORIT FONDEUR A QUIMPER. 1891.&nbsp;\u00bb. Le parrain et la marraine sont des gens du quartier ayant une certaine aisance sociale.<\/p>\n\n\n\n<p><strong>4\u00b0 Le calvaire de la chapelle de Tr\u00e9guron.<\/strong><\/p>\n\n\n\n<p>Le plac\u00eetre comprend un tr\u00e8s beau calvaire aux statues en granit de Kersanton, \u0153uvre de Roland Dor\u00e9 et dat\u00e9 de 1641. Ce calvaire a conserv\u00e9 sa fine statuette du Saint Esprit.<\/p>\n\n\n\n<p>Sur son pan oriental il est orn\u00e9 d\u2019un Christ en majest\u00e9 central accompagn\u00e9 de deux eccl\u00e9siastiques, celui de gauche \u00e9tant un \u00e9v\u00eaque portant sa crosse \u00e9piscopale, sans doute Saint Denys, celui de droite, mitr\u00e9, portant une croix latine godronn\u00e9e, sans doute Saint Gwenole. La potence comporte en sa voussure la mention suivante \u00ab&nbsp;M.P. SEZNEC \u2013 1641 \u2013 CHAPALAIN&nbsp;\u00bb.<\/p>\n\n\n\n<p>Le pan occidental pr\u00e9sente une crucifixion avec au centre un Christ en croix accompagn\u00e9 \u00e0 gauche d\u2019une Vierge, et \u00e0 droite d\u2019un Saint Jean. La potence comporte une double inscription voussur\u00e9e \u00ab&nbsp;M\/G\/ TOULGUEGAT \u2013 RECTEUR \/ POUR LORS&nbsp;\u00bb. Sur le socle \u00e0 pan du c\u00f4t\u00e9 ouest l\u2019on l\u2019inscription \u00ab&nbsp;MORS FIT VITA ITE\/RNUM VICTRIS HAE\/ CORNIC&nbsp;\u00bb.<\/p>\n\n\n\n<p><strong>5\u00b0 La fontaine de Tr\u00e9guron.<\/strong><\/p>\n\n\n\n<p>La fontaine de la chapelle se situe dans un petit bois en contre-bas au sud de la chapelle, dit le&nbsp;\u00bbBois de Seznec&nbsp;\u00bb. Elle ne comporte pas de monument, celui-ci a d\u00fb \u00eatre d\u00e9mantel\u00e9 au XVII<sup>e<\/sup> si\u00e8cle car il est curieux de retrouver dans le seuil de la porte du pignon ouest de la chapelle une grande pierre encoch\u00e9e du m\u00eame type que celles que l\u2019onc retrouve habituellement dans de nombreuses fontaines. Jean-Ren\u00e9 Le Goff, de la ferme de Gouesnac\u2019h, signale que cette fontaine a \u00e9t\u00e9 partiellement ensevelie en 1955 lors du terrassement de la route communale de la Lorette qu\u2019on l\u2019y mettait la cr\u00e8me \u00e0 rafra\u00eechir.<\/p>\n\n\n\n<p>.Je me suis rendu sur place et j\u2019ai pu constater qu\u2019aujourd\u2019hui ce n\u2019est ni plus ni moins qu\u2019un trou de boue dont le fond a quand m\u00eame \u00e9t\u00e9 cal\u00e9 par des pierres. Il est s\u00fbr que le terrassement de la route de la Lorette a modifi\u00e9 l\u2019\u00e9coulement d\u2019eau et a contribu\u00e9 \u00e0 l\u2019embourbement actuel de cette fontaine.<\/p>\n\n\n\n<p><strong>Le pardon de Seznec Tr\u00e9guron se c\u00e9l\u00e8bre le premier dimanche de mai.<\/strong><\/p>\n\n\n\n<p><strong>Andr\u00e9 Bozec<\/strong><\/p>\n","protected":false},"excerpt":{"rendered":"<p>Lien vers le site de la commune de Plogonnec Lien vers le blog de Jean-Yves Cordier L&rsquo;expertise de Andr\u00e9 Bozec LA CHAPELLE DE SEZNEC TR\u00c9GURON Cette chapelle est d\u00e9di\u00e9e \u00e0 la fois \u00e0 Saint Denys et \u00e0 Notre Dame de &hellip; <a href=\"https:\/\/passeurspatrimoineplogonnec.fr\/?page_id=1609\">Continuer la lecture <span class=\"meta-nav\">&rarr;<\/span><\/a><\/p>\n","protected":false},"author":1,"featured_media":0,"parent":0,"menu_order":0,"comment_status":"closed","ping_status":"closed","template":"","meta":{"footnotes":""},"class_list":["post-1609","page","type-page","status-publish","hentry"],"yoast_head":"<!-- This site is optimized with the Yoast SEO plugin v27.3 - https:\/\/yoast.com\/product\/yoast-seo-wordpress\/ -->\n<title>Chapelle Saint Denis de Seznec - Passeurs de Patrimoine de Plogonnec<\/title>\n<meta name=\"robots\" content=\"index, follow, max-snippet:-1, max-image-preview:large, max-video-preview:-1\" \/>\n<link rel=\"canonical\" href=\"https:\/\/passeurspatrimoineplogonnec.fr\/?page_id=1609\" \/>\n<meta property=\"og:locale\" content=\"fr_FR\" \/>\n<meta property=\"og:type\" content=\"article\" \/>\n<meta property=\"og:title\" content=\"Chapelle Saint Denis de Seznec - Passeurs de Patrimoine de Plogonnec\" \/>\n<meta property=\"og:description\" content=\"Lien vers le site de la commune de Plogonnec Lien vers le blog de Jean-Yves Cordier L&rsquo;expertise de Andr\u00e9 Bozec LA CHAPELLE DE SEZNEC TR\u00c9GURON Cette chapelle est d\u00e9di\u00e9e \u00e0 la fois \u00e0 Saint Denys et \u00e0 Notre Dame de &hellip; Continuer la lecture &rarr;\" \/>\n<meta property=\"og:url\" content=\"https:\/\/passeurspatrimoineplogonnec.fr\/?page_id=1609\" \/>\n<meta property=\"og:site_name\" content=\"Passeurs de Patrimoine de Plogonnec\" \/>\n<meta property=\"article:modified_time\" content=\"2023-11-12T11:43:14+00:00\" \/>\n<meta property=\"og:image\" content=\"http:\/\/passeurspatrimoineplogonnec.fr\/wp-content\/uploads\/2022\/07\/La-chapelle-de-Seznec1.jpg\" \/>\n<meta name=\"twitter:card\" content=\"summary_large_image\" \/>\n<meta name=\"twitter:label1\" content=\"Dur\u00e9e de lecture estim\u00e9e\" \/>\n\t<meta name=\"twitter:data1\" content=\"6 minutes\" \/>\n<script type=\"application\/ld+json\" class=\"yoast-schema-graph\">{\"@context\":\"https:\\\/\\\/schema.org\",\"@graph\":[{\"@type\":\"WebPage\",\"@id\":\"https:\\\/\\\/passeurspatrimoineplogonnec.fr\\\/?page_id=1609\",\"url\":\"https:\\\/\\\/passeurspatrimoineplogonnec.fr\\\/?page_id=1609\",\"name\":\"Chapelle Saint Denis de Seznec - Passeurs de Patrimoine de Plogonnec\",\"isPartOf\":{\"@id\":\"https:\\\/\\\/passeurspatrimoineplogonnec.fr\\\/#website\"},\"primaryImageOfPage\":{\"@id\":\"https:\\\/\\\/passeurspatrimoineplogonnec.fr\\\/?page_id=1609#primaryimage\"},\"image\":{\"@id\":\"https:\\\/\\\/passeurspatrimoineplogonnec.fr\\\/?page_id=1609#primaryimage\"},\"thumbnailUrl\":\"http:\\\/\\\/passeurspatrimoineplogonnec.fr\\\/wp-content\\\/uploads\\\/2022\\\/07\\\/La-chapelle-de-Seznec1.jpg\",\"datePublished\":\"2022-07-01T19:21:04+00:00\",\"dateModified\":\"2023-11-12T11:43:14+00:00\",\"breadcrumb\":{\"@id\":\"https:\\\/\\\/passeurspatrimoineplogonnec.fr\\\/?page_id=1609#breadcrumb\"},\"inLanguage\":\"fr-FR\",\"potentialAction\":[{\"@type\":\"ReadAction\",\"target\":[\"https:\\\/\\\/passeurspatrimoineplogonnec.fr\\\/?page_id=1609\"]}]},{\"@type\":\"ImageObject\",\"inLanguage\":\"fr-FR\",\"@id\":\"https:\\\/\\\/passeurspatrimoineplogonnec.fr\\\/?page_id=1609#primaryimage\",\"url\":\"http:\\\/\\\/passeurspatrimoineplogonnec.fr\\\/wp-content\\\/uploads\\\/2022\\\/07\\\/La-chapelle-de-Seznec1.jpg\",\"contentUrl\":\"http:\\\/\\\/passeurspatrimoineplogonnec.fr\\\/wp-content\\\/uploads\\\/2022\\\/07\\\/La-chapelle-de-Seznec1.jpg\"},{\"@type\":\"BreadcrumbList\",\"@id\":\"https:\\\/\\\/passeurspatrimoineplogonnec.fr\\\/?page_id=1609#breadcrumb\",\"itemListElement\":[{\"@type\":\"ListItem\",\"position\":1,\"name\":\"Accueil\",\"item\":\"https:\\\/\\\/passeurspatrimoineplogonnec.fr\\\/\"},{\"@type\":\"ListItem\",\"position\":2,\"name\":\"Chapelle Saint Denis de Seznec\"}]},{\"@type\":\"WebSite\",\"@id\":\"https:\\\/\\\/passeurspatrimoineplogonnec.fr\\\/#website\",\"url\":\"https:\\\/\\\/passeurspatrimoineplogonnec.fr\\\/\",\"name\":\"Passeurs de Patrimoine de Plogonnec\",\"description\":\"\",\"potentialAction\":[{\"@type\":\"SearchAction\",\"target\":{\"@type\":\"EntryPoint\",\"urlTemplate\":\"https:\\\/\\\/passeurspatrimoineplogonnec.fr\\\/?s={search_term_string}\"},\"query-input\":{\"@type\":\"PropertyValueSpecification\",\"valueRequired\":true,\"valueName\":\"search_term_string\"}}],\"inLanguage\":\"fr-FR\"}]}<\/script>\n<!-- \/ Yoast SEO plugin. -->","yoast_head_json":{"title":"Chapelle Saint Denis de Seznec - Passeurs de Patrimoine de Plogonnec","robots":{"index":"index","follow":"follow","max-snippet":"max-snippet:-1","max-image-preview":"max-image-preview:large","max-video-preview":"max-video-preview:-1"},"canonical":"https:\/\/passeurspatrimoineplogonnec.fr\/?page_id=1609","og_locale":"fr_FR","og_type":"article","og_title":"Chapelle Saint Denis de Seznec - Passeurs de Patrimoine de Plogonnec","og_description":"Lien vers le site de la commune de Plogonnec Lien vers le blog de Jean-Yves Cordier L&rsquo;expertise de Andr\u00e9 Bozec LA CHAPELLE DE SEZNEC TR\u00c9GURON Cette chapelle est d\u00e9di\u00e9e \u00e0 la fois \u00e0 Saint Denys et \u00e0 Notre Dame de &hellip; Continuer la lecture &rarr;","og_url":"https:\/\/passeurspatrimoineplogonnec.fr\/?page_id=1609","og_site_name":"Passeurs de Patrimoine de Plogonnec","article_modified_time":"2023-11-12T11:43:14+00:00","og_image":[{"url":"http:\/\/passeurspatrimoineplogonnec.fr\/wp-content\/uploads\/2022\/07\/La-chapelle-de-Seznec1.jpg","type":"","width":"","height":""}],"twitter_card":"summary_large_image","twitter_misc":{"Dur\u00e9e de lecture estim\u00e9e":"6 minutes"},"schema":{"@context":"https:\/\/schema.org","@graph":[{"@type":"WebPage","@id":"https:\/\/passeurspatrimoineplogonnec.fr\/?page_id=1609","url":"https:\/\/passeurspatrimoineplogonnec.fr\/?page_id=1609","name":"Chapelle Saint Denis de Seznec - Passeurs de Patrimoine de Plogonnec","isPartOf":{"@id":"https:\/\/passeurspatrimoineplogonnec.fr\/#website"},"primaryImageOfPage":{"@id":"https:\/\/passeurspatrimoineplogonnec.fr\/?page_id=1609#primaryimage"},"image":{"@id":"https:\/\/passeurspatrimoineplogonnec.fr\/?page_id=1609#primaryimage"},"thumbnailUrl":"http:\/\/passeurspatrimoineplogonnec.fr\/wp-content\/uploads\/2022\/07\/La-chapelle-de-Seznec1.jpg","datePublished":"2022-07-01T19:21:04+00:00","dateModified":"2023-11-12T11:43:14+00:00","breadcrumb":{"@id":"https:\/\/passeurspatrimoineplogonnec.fr\/?page_id=1609#breadcrumb"},"inLanguage":"fr-FR","potentialAction":[{"@type":"ReadAction","target":["https:\/\/passeurspatrimoineplogonnec.fr\/?page_id=1609"]}]},{"@type":"ImageObject","inLanguage":"fr-FR","@id":"https:\/\/passeurspatrimoineplogonnec.fr\/?page_id=1609#primaryimage","url":"http:\/\/passeurspatrimoineplogonnec.fr\/wp-content\/uploads\/2022\/07\/La-chapelle-de-Seznec1.jpg","contentUrl":"http:\/\/passeurspatrimoineplogonnec.fr\/wp-content\/uploads\/2022\/07\/La-chapelle-de-Seznec1.jpg"},{"@type":"BreadcrumbList","@id":"https:\/\/passeurspatrimoineplogonnec.fr\/?page_id=1609#breadcrumb","itemListElement":[{"@type":"ListItem","position":1,"name":"Accueil","item":"https:\/\/passeurspatrimoineplogonnec.fr\/"},{"@type":"ListItem","position":2,"name":"Chapelle Saint Denis de Seznec"}]},{"@type":"WebSite","@id":"https:\/\/passeurspatrimoineplogonnec.fr\/#website","url":"https:\/\/passeurspatrimoineplogonnec.fr\/","name":"Passeurs de Patrimoine de Plogonnec","description":"","potentialAction":[{"@type":"SearchAction","target":{"@type":"EntryPoint","urlTemplate":"https:\/\/passeurspatrimoineplogonnec.fr\/?s={search_term_string}"},"query-input":{"@type":"PropertyValueSpecification","valueRequired":true,"valueName":"search_term_string"}}],"inLanguage":"fr-FR"}]}},"_links":{"self":[{"href":"https:\/\/passeurspatrimoineplogonnec.fr\/index.php?rest_route=\/wp\/v2\/pages\/1609","targetHints":{"allow":["GET"]}}],"collection":[{"href":"https:\/\/passeurspatrimoineplogonnec.fr\/index.php?rest_route=\/wp\/v2\/pages"}],"about":[{"href":"https:\/\/passeurspatrimoineplogonnec.fr\/index.php?rest_route=\/wp\/v2\/types\/page"}],"author":[{"embeddable":true,"href":"https:\/\/passeurspatrimoineplogonnec.fr\/index.php?rest_route=\/wp\/v2\/users\/1"}],"replies":[{"embeddable":true,"href":"https:\/\/passeurspatrimoineplogonnec.fr\/index.php?rest_route=%2Fwp%2Fv2%2Fcomments&post=1609"}],"version-history":[{"count":13,"href":"https:\/\/passeurspatrimoineplogonnec.fr\/index.php?rest_route=\/wp\/v2\/pages\/1609\/revisions"}],"predecessor-version":[{"id":2174,"href":"https:\/\/passeurspatrimoineplogonnec.fr\/index.php?rest_route=\/wp\/v2\/pages\/1609\/revisions\/2174"}],"wp:attachment":[{"href":"https:\/\/passeurspatrimoineplogonnec.fr\/index.php?rest_route=%2Fwp%2Fv2%2Fmedia&parent=1609"}],"curies":[{"name":"wp","href":"https:\/\/api.w.org\/{rel}","templated":true}]}}