{"id":1626,"date":"2022-07-01T21:33:51","date_gmt":"2022-07-01T19:33:51","guid":{"rendered":"http:\/\/passeurspatrimoineplogonnec.fr\/?page_id=1626"},"modified":"2023-11-12T12:44:59","modified_gmt":"2023-11-12T11:44:59","slug":"chapelle-de-st-egonnec","status":"publish","type":"page","link":"https:\/\/passeurspatrimoineplogonnec.fr\/?page_id=1626","title":{"rendered":"Chapelle de St Egonnec"},"content":{"rendered":"\n<p><\/p>\n\n\n\n<figure class=\"wp-block-gallery has-nested-images columns-default is-cropped wp-block-gallery-1 is-layout-flex wp-block-gallery-is-layout-flex\">\n<figure class=\"wp-block-image size-large\"><a href=\"http:\/\/passeurspatrimoineplogonnec.fr\/wp-content\/uploads\/2022\/07\/St-egonnec1.jpg\" target=\"_blank\" rel=\"noreferrer noopener\"><img loading=\"lazy\" decoding=\"async\" width=\"389\" height=\"369\" data-id=\"1630\" src=\"http:\/\/passeurspatrimoineplogonnec.fr\/wp-content\/uploads\/2022\/07\/St-egonnec1.jpg\" alt=\"\" class=\"wp-image-1630\" srcset=\"https:\/\/passeurspatrimoineplogonnec.fr\/wp-content\/uploads\/2022\/07\/St-egonnec1.jpg 389w, https:\/\/passeurspatrimoineplogonnec.fr\/wp-content\/uploads\/2022\/07\/St-egonnec1-300x285.jpg 300w\" sizes=\"auto, (max-width: 389px) 100vw, 389px\" \/><\/a><\/figure>\n\n\n\n<figure class=\"wp-block-image size-large\"><a href=\"http:\/\/passeurspatrimoineplogonnec.fr\/wp-content\/uploads\/2023\/01\/st-Thegonnec.png\" target=\"_blank\" rel=\"noreferrer noopener\"><img loading=\"lazy\" decoding=\"async\" width=\"906\" height=\"538\" data-id=\"2161\" src=\"http:\/\/passeurspatrimoineplogonnec.fr\/wp-content\/uploads\/2023\/01\/st-Thegonnec.png\" alt=\"\" class=\"wp-image-2161\" srcset=\"https:\/\/passeurspatrimoineplogonnec.fr\/wp-content\/uploads\/2023\/01\/st-Thegonnec.png 906w, https:\/\/passeurspatrimoineplogonnec.fr\/wp-content\/uploads\/2023\/01\/st-Thegonnec-300x178.png 300w, https:\/\/passeurspatrimoineplogonnec.fr\/wp-content\/uploads\/2023\/01\/st-Thegonnec-768x456.png 768w\" sizes=\"auto, (max-width: 906px) 100vw, 906px\" \/><\/a><\/figure>\n<\/figure>\n\n\n\n<p><\/p>\n\n\n\n<p><a href=\"https:\/\/www.plogonnec.fr\/chapelle-de-saint-thegonnec\/\" target=\"_blank\" rel=\"noreferrer noopener\">Lien vers le site internet de la commune<\/a><\/p>\n\n\n\n<p><a href=\"https:\/\/www.lavieb-aile.com\/article-la-chapelle-st-thegonnec-a-plogonnec-109028774.html\" target=\"_blank\" rel=\"noreferrer noopener\">Lien vers le blog de Jean-Yves Cordier<\/a><\/p>\n\n\n\n<p><\/p>\n\n\n\n<h2 class=\"wp-block-heading\">L&rsquo;expertise de Andr\u00e9 Bozec<\/h2>\n\n\n\n<p><\/p>\n\n\n\n<p>D\u2019apr\u00e8s la l\u00e9gende locale, Saint \u00c9gonnec \u00e9tait un des fr\u00e8res de Saint Pol Aur\u00e9lien. Il fut chass\u00e9 de Tr\u00e9funtec en Plon\u00e9vez-Porzay et se replia \u00e0 Plogonnec dont il est l\u2019\u00e9ponyme. Ce lieu fut aussi l\u2019objet d\u2019un culte fort ancien \u00e0 la d\u00e9esse m\u00e8re celtique via les fontaines. Il se coordonne avec les sites du Bourg de Plogonnec et de la chapelle de saint T\u00e9lo.<\/p>\n\n\n\n<p><strong>1\u00b0 L\u2019ext\u00e9rieur de la chapelle de Saint \u00c9gonnec.<\/strong><\/p>\n\n\n\n<p>C\u2019est un \u00e9difice rectangulaire simple ancien et remodel\u00e9 au XVII<sup>e<\/sup> si\u00e8cle. Il comporte nettement deux phases de reconstruction. La partie de l\u2019est de l\u2019\u00e9difice est du XVII<sup>e<\/sup> si\u00e8cle comme l\u2019indique la pierre de d\u00e9dicace implant\u00e9e \u00e0 l\u2019angle sud du pignon oriental. Elle t\u00e9moigne de la sanctification du lieu hors de la fontaine. Il y a pu y avoir \u00e0 l\u2019\u00e9poque un prolongement en bois vers l\u2019ouest de mani\u00e8re \u00e0 englober la fontaine. Dans une seconde \u00e9tape la fontaine a \u00e9t\u00e9 directement int\u00e9gr\u00e9e \u00e0 l\u2019\u00e9difice.<\/p>\n\n\n\n<p>Le pignon ouest comporte en fa\u00e7ade une porte en anse de panier surmont\u00e9e d\u2019une fen\u00eatre de m\u00eame et comportant sur ses flanc la d\u00e9dicace suivante&nbsp;:<\/p>\n\n\n\n<p class=\"has-text-align-center\">Y LEGR L\u2019AN&nbsp;:<\/p>\n\n\n\n<p class=\"has-text-align-center\">AND. F 1701<\/p>\n\n\n\n<p>La porte sud est sans doute l\u2019ancienne porte ouest de l\u2019\u00e9difice initial. Lors de l\u2019extension du XVIII<sup>e<\/sup> si\u00e8cle elle aurait \u00e9t\u00e9 plac\u00e9e au sud. Elle est surmont\u00e9e d\u2019un appareillage qui garde la trace de la pr\u00e9sence d\u2019\u00e9cus.<\/p>\n\n\n\n<p>Le mur nord de l\u2019\u00e9difice est en simple moellon.<\/p>\n\n\n\n<p>Le mur de l\u2019est comporte \u00e0 son angle sud une pierre acrot\u00e8re orn\u00e9e d\u2019une d\u00e9dicace relative \u00e0 la construction du pignon&nbsp;; la d\u00e9dicace est la suivante&nbsp;:<\/p>\n\n\n\n<p class=\"has-text-align-center\">1673 \u2013 F<\/p>\n\n\n\n<p class=\"has-text-align-center\">Y NIHOUARN F<\/p>\n\n\n\n<p class=\"has-text-align-center\">DE KGANAPE<\/p>\n\n\n\n<p>Le clocher, tr\u00e8s \u00e9l\u00e9gant, est sans balustrade et comporte une corniche denticul\u00e9e. Il est coiff\u00e9 d\u2019un d\u00f4me \u00e0 rouleau cantonn\u00e9 de quatre figurines. Un campanile \u00e0 lanternon termine le tout. Il est somm\u00e9 d\u2019une croix m\u00e9tallique aux pointes florenc\u00e9es r\u00e9alis\u00e9e et plac\u00e9e en 2016, \u0153uvre d\u2019un ferronnier local, C\u00e9dric Le Braz, de Toul Gollo ar Goulit en Plogonnec.<\/p>\n\n\n\n<p>La cloche originelle de 1701 a \u00e9t\u00e9 d\u00e9pos\u00e9e en 2016, suit \u00e0 sa d\u00e9gradation naturelle qui la rendait inop\u00e9rante. Elle comporte les mentions suivantes&nbsp;: sur la collerette sup\u00e9rieure \u00ab&nbsp;GUILLme COADOU \u2013 MARIANNE CARIOU \u2013 M.Y. MAINGUY&nbsp;\u00bb et sur la collerette inf\u00e9rieure \u00ab&nbsp; BRIENS F A MORLAIX&nbsp;\u00bb. La nouvelle cloche a \u00e9t\u00e9 r\u00e9alis\u00e9e par la fonderie Paccard, de Sevrier en Savoie (74), et le campaniste a \u00e9t\u00e9 la soci\u00e9t\u00e9 Artcamp, de Pommeret, dans les C\u00f4tes d\u2019Armor (22). La nouvelle cloche fait environ soixante-dix kilogrammes et a co\u00fbt\u00e9 5000,00 \u20ac. Elle a \u00e9t\u00e9 b\u00e9nie le 05 mai 2016 par Ren\u00e9 Rannou, recteur de Plogonnec. Monsieur K\u00e9ribin, maire de Plogonnec a proc\u00e9d\u00e9 publiquement \u00e0 son tintement. La cloche comporte les mentions suivantes \u00ab&nbsp;CHAPELLE ST THEGONNEC \/ PLOGONNEC \/ 05.05.2016&nbsp;\u00bb.<\/p>\n\n\n\n<p><\/p>\n\n\n\n<figure class=\"wp-block-image size-large\"><img loading=\"lazy\" decoding=\"async\" width=\"745\" height=\"1024\" src=\"http:\/\/passeurspatrimoineplogonnec.fr\/wp-content\/uploads\/2022\/07\/La-chapelle-de-St-Egonnec-745x1024.jpg\" alt=\"\" class=\"wp-image-1638\" srcset=\"https:\/\/passeurspatrimoineplogonnec.fr\/wp-content\/uploads\/2022\/07\/La-chapelle-de-St-Egonnec-745x1024.jpg 745w, https:\/\/passeurspatrimoineplogonnec.fr\/wp-content\/uploads\/2022\/07\/La-chapelle-de-St-Egonnec-218x300.jpg 218w, https:\/\/passeurspatrimoineplogonnec.fr\/wp-content\/uploads\/2022\/07\/La-chapelle-de-St-Egonnec-768x1056.jpg 768w, https:\/\/passeurspatrimoineplogonnec.fr\/wp-content\/uploads\/2022\/07\/La-chapelle-de-St-Egonnec-1117x1536.jpg 1117w, https:\/\/passeurspatrimoineplogonnec.fr\/wp-content\/uploads\/2022\/07\/La-chapelle-de-St-Egonnec-1489x2048.jpg 1489w, https:\/\/passeurspatrimoineplogonnec.fr\/wp-content\/uploads\/2022\/07\/La-chapelle-de-St-Egonnec.jpg 1700w\" sizes=\"auto, (max-width: 745px) 100vw, 745px\" \/><figcaption class=\"wp-element-caption\"><strong>La chapelle de Saint Egonnec<\/strong><\/figcaption><\/figure>\n\n\n\n<p><\/p>\n\n\n\n<p><strong>2\u00b0 L\u2019int\u00e9rieur de la chapelle de Saint \u00c9gonnec.<\/strong><\/p>\n\n\n\n<p>L\u2019int\u00e9rieur de la chapelle est tr\u00e8s simple d\u2019apparence mais assez probl\u00e9matique quant \u00e0 l\u2019appr\u00e9ciation de la chronologie et de la distribution de sa construction. Un arc gothique marque la s\u00e9paration entre la nef et le c\u0153ur. Cet arc marque sans doute une \u00e9tape dans la construction de l\u2019\u00e9difice, \u00e0 savoir qu\u2019il a sans doute exist\u00e9 un premier \u00e9difice du XVI<sup>e<\/sup> si\u00e8cle qui correspond au haut de la chapelle, pr\u00e8s de la fontaine, et que dans un second temps une prolongation int\u00e9grant ladite fontaine, a \u00e9t\u00e9 rajout\u00e9e, \u00e0 moins qu\u2019il ne s\u2019agisse de l\u2019inverse. Il n\u2019est pas impossible qu\u2019une structure en bois est exist\u00e9e entre temps \u00e0 la place du prolongement.<\/p>\n\n\n\n<p>La porte ouest comprend un linteau avec une cl\u00e9 d\u2019agrafe en anse de panier. Le c\u0153ur est orn\u00e9 par les statues polychromes de Saint \u00c9gonnec et de Saint \u00c9garec. Une statue polychrome de Sainte Marguerite figure \u00e0 la droite dans la nef. Le mur nord accueil une petite fontaine qui fait toute l\u2019originalit\u00e9 de cet \u00e9difice. Elle comprend un premier bassin h\u00e9misph\u00e9rique encastr\u00e9 dans une niche en arc outrepass\u00e9 dont le fond est orn\u00e9 par le socle destin\u00e9 \u00e0 recevoir la statuette de Saint Konnoc. Un second bassin circulaire permet aux fid\u00e8les de faire leurs ablutions. Il d\u00e9borde en suite dans une conduite forc\u00e9e faite de grandes dalles au travers de l\u2019\u00e9difice. Le filet d\u2019eau jaillit en suite \u00e0 l\u2019ext\u00e9rieur par un d\u00e9versoir situ\u00e9 au bas de la porte de la fa\u00e7ade sud, puis il s\u2019\u00e9coule par une autre conduite dall\u00e9e au travers du plac\u00eetre pour aller en suite nourrir un bassin \u00e0 rouir le lin. Cette eau est r\u00e9put\u00e9e pour gu\u00e9rir les fi\u00e8vres.<\/p>\n\n\n\n<p>Plus loin dans le plac\u00eetre, un petit escalier de pierre conduit \u00e0 une seconde fontaine log\u00e9e sous une grande dalle. Cette deuxi\u00e8me fontaine, aujourd\u2019hui tarie, est d\u00e9di\u00e9e \u00e0 Saint \u00c9garec. On y soignait les maux d\u2019oreilles. A l\u2019arri\u00e8re de la chapelle, un passage pi\u00e9ton a \u00e9t\u00e9 r\u00e9tabli en l\u2019ann\u00e9e 2000 gr\u00e2ce \u00e0 la reconstruction d\u2019un vieux mur de parement.<\/p>\n\n\n\n<p><strong>3\u00b0) Le \u00ab&nbsp;pardon mud&nbsp;\u00bb de Saint \u00c9gonnec.<\/strong><\/p>\n\n\n\n<p>Il s\u2019agit d\u2019un pardon muet classique qui a lieu le vendredi Saint avant P\u00e2ques. Le rituel consiste \u00e0 partir depuis le calvaire de Kroaz Bleon \u00e0 l\u2019ouest du bourg de Plogonnec pour aller en parfait silence jusqu\u2019\u00e0 la chapelle de Saint \u00c9gonnec. Arriv\u00e9 au niveau de l\u2019ancien dolmen de Toul ar gramp zu en Kertanguy, il faut m\u00eame arr\u00eater de faire du bruit en marchant de peur de r\u00e9veiller les lutins qui sont dans le dolmen. Ceux qui ont des sabots les enl\u00e8vent alors, m\u00eame si le chemin est mouill\u00e9. Arriv\u00e9 \u00e0 la chapelle l\u2019on en fait le tour trois fois depuis le c\u00f4t\u00e9 d\u2019o\u00f9 l\u2019on arrive de mani\u00e8re que du c\u00f4t\u00e9 sud l\u2019on aille d\u2019est en ouest pour respecter le sens de la course du soleil. Habituellement les gens vont ensuite boire l\u2019eau de la fontaine qui sort directement du mur nord \u00e0 l\u2019int\u00e9rieur de la chapelle, o\u00f9, si elle est ferm\u00e9e, au d\u00e9versoir ext\u00e9rieur du c\u00f4t\u00e9 sud.<\/p>\n\n\n\n<p>4\u00b0) <strong>Le pardon habituel de Saint \u00c9gonnec<\/strong> se c\u00e9l\u00e8bre le jeudi de l\u2019Ascension. A cette occasion le quartier se mobilise pour faire la propret\u00e9 et l\u2019embellissement des lieux. Un comit\u00e9 de chapelle coordonne le tout et met en \u0153uvre la logistique pour le verre de l\u2019amiti\u00e9 et le caf\u00e9 qui suivent l\u2019office. Le comit\u00e9 se retrouve en suite pour son repas annuel de pardon.<\/p>\n\n\n\n<p>5\u00b0) <strong>La fontaine de la chapelle de Saint Egonnec<\/strong><\/p>\n\n\n\n<p>D\u2019apr\u00e8s la l\u00e9gende locale, Saint \u00c9gonnec \u00e9tait un des fr\u00e8res de Saint Pol Aur\u00e9lien. Il fut chass\u00e9 de Trefeuntec en Plon\u00e9vez-Porzay et se replia \u00e0 Plogonnec dont il est l\u2019\u00e9ponyme. Ce lieu fut aussi l\u2019objet d\u2019un culte fort ancien \u00e0 la d\u00e9esse m\u00e8re celtique via les fontaines. Il se coordonne avec les sites du Bourg de Plogonnec et de la chapelle de Saint T\u00e9lo.<\/p>\n\n\n\n<figure class=\"wp-block-gallery has-nested-images columns-default is-cropped wp-block-gallery-2 is-layout-flex wp-block-gallery-is-layout-flex\">\n<figure class=\"wp-block-image size-large\"><img loading=\"lazy\" decoding=\"async\" width=\"745\" height=\"1024\" data-id=\"1651\" src=\"http:\/\/passeurspatrimoineplogonnec.fr\/wp-content\/uploads\/2022\/07\/la-fontaine-de-St-Egonnec2-745x1024.jpg\" alt=\"\" class=\"wp-image-1651\" srcset=\"https:\/\/passeurspatrimoineplogonnec.fr\/wp-content\/uploads\/2022\/07\/la-fontaine-de-St-Egonnec2-745x1024.jpg 745w, https:\/\/passeurspatrimoineplogonnec.fr\/wp-content\/uploads\/2022\/07\/la-fontaine-de-St-Egonnec2-218x300.jpg 218w, https:\/\/passeurspatrimoineplogonnec.fr\/wp-content\/uploads\/2022\/07\/la-fontaine-de-St-Egonnec2-768x1056.jpg 768w, https:\/\/passeurspatrimoineplogonnec.fr\/wp-content\/uploads\/2022\/07\/la-fontaine-de-St-Egonnec2-1117x1536.jpg 1117w, https:\/\/passeurspatrimoineplogonnec.fr\/wp-content\/uploads\/2022\/07\/la-fontaine-de-St-Egonnec2-1489x2048.jpg 1489w, https:\/\/passeurspatrimoineplogonnec.fr\/wp-content\/uploads\/2022\/07\/la-fontaine-de-St-Egonnec2.jpg 1746w\" sizes=\"auto, (max-width: 745px) 100vw, 745px\" \/><\/figure>\n\n\n\n<figure class=\"wp-block-image size-large\"><img loading=\"lazy\" decoding=\"async\" width=\"745\" height=\"1024\" data-id=\"1652\" src=\"http:\/\/passeurspatrimoineplogonnec.fr\/wp-content\/uploads\/2022\/07\/Le-deversoir-exterieur2-745x1024.jpg\" alt=\"\" class=\"wp-image-1652\" srcset=\"https:\/\/passeurspatrimoineplogonnec.fr\/wp-content\/uploads\/2022\/07\/Le-deversoir-exterieur2-745x1024.jpg 745w, https:\/\/passeurspatrimoineplogonnec.fr\/wp-content\/uploads\/2022\/07\/Le-deversoir-exterieur2-218x300.jpg 218w, https:\/\/passeurspatrimoineplogonnec.fr\/wp-content\/uploads\/2022\/07\/Le-deversoir-exterieur2-768x1056.jpg 768w, https:\/\/passeurspatrimoineplogonnec.fr\/wp-content\/uploads\/2022\/07\/Le-deversoir-exterieur2-1117x1536.jpg 1117w, https:\/\/passeurspatrimoineplogonnec.fr\/wp-content\/uploads\/2022\/07\/Le-deversoir-exterieur2-1489x2048.jpg 1489w, https:\/\/passeurspatrimoineplogonnec.fr\/wp-content\/uploads\/2022\/07\/Le-deversoir-exterieur2.jpg 1746w\" sizes=\"auto, (max-width: 745px) 100vw, 745px\" \/><\/figure>\n<\/figure>\n\n\n\n<p>&#8212;-La fontaine de Saint Egonnec &#8212;&#8212;&#8212;&#8212;&#8212;&#8212;&#8212;&#8212;&#8212;&#8212;&#8212;-Le d\u00e9versoir ext\u00e9rieur&#8212;&#8212;&#8212;&#8212;-<\/p>\n\n\n\n<p>La fontaine de Saint Egonnec se trouve \u00e0 l\u2019int\u00e9rieur de la chapelle. Le mur nord accueil une petite fontaine qui fait toute l\u2019originalit\u00e9 de cet \u00e9difice. Elle comprend un premier bassin h\u00e9misph\u00e9rique encastr\u00e9 dans une niche en arc outrepass\u00e9 dont le fond est orn\u00e9 par le socle destin\u00e9 \u00e0 recevoir la statuette de Saint Gonnec. Un second bassin circulaire permet aux fid\u00e8les de faire leurs ablutions. Il d\u00e9borde en suite dans une conduite forc\u00e9e faite de grandes dalles au travers de l\u2019\u00e9difice. Le filet d\u2019eau jaillit en suite \u00e0 l\u2019ext\u00e9rieur par un d\u00e9versoir situ\u00e9 au bas de la porte de la fa\u00e7ade sud, puis il s\u2019\u00e9coule par une autre conduite dall\u00e9e au travers du plac\u00eetre pour aller en suite nourrir un bassin \u00e0 rouir le lin. Cette eau est r\u00e9put\u00e9e pour gu\u00e9rir les fi\u00e8vres.<\/p>\n\n\n\n<figure class=\"wp-block-gallery has-nested-images columns-default is-cropped wp-block-gallery-3 is-layout-flex wp-block-gallery-is-layout-flex\">\n<figure class=\"wp-block-image size-large\"><img loading=\"lazy\" decoding=\"async\" width=\"436\" height=\"600\" data-id=\"1675\" src=\"http:\/\/passeurspatrimoineplogonnec.fr\/wp-content\/uploads\/2022\/07\/la-fontaine-Saint-Egarec-11.jpg\" alt=\"\" class=\"wp-image-1675\" srcset=\"https:\/\/passeurspatrimoineplogonnec.fr\/wp-content\/uploads\/2022\/07\/la-fontaine-Saint-Egarec-11.jpg 436w, https:\/\/passeurspatrimoineplogonnec.fr\/wp-content\/uploads\/2022\/07\/la-fontaine-Saint-Egarec-11-218x300.jpg 218w\" sizes=\"auto, (max-width: 436px) 100vw, 436px\" \/><\/figure>\n\n\n\n<figure class=\"wp-block-image size-large\"><img loading=\"lazy\" decoding=\"async\" width=\"450\" height=\"581\" data-id=\"1674\" src=\"http:\/\/passeurspatrimoineplogonnec.fr\/wp-content\/uploads\/2022\/07\/larc-diaphragme-a-St-Egonnec-11.jpg\" alt=\"\" class=\"wp-image-1674\" srcset=\"https:\/\/passeurspatrimoineplogonnec.fr\/wp-content\/uploads\/2022\/07\/larc-diaphragme-a-St-Egonnec-11.jpg 450w, https:\/\/passeurspatrimoineplogonnec.fr\/wp-content\/uploads\/2022\/07\/larc-diaphragme-a-St-Egonnec-11-232x300.jpg 232w\" sizes=\"auto, (max-width: 450px) 100vw, 450px\" \/><\/figure>\n<\/figure>\n\n\n\n<p>&#8212;&#8212;&#8212;-La fontaine Saint Egarec&#8212;&#8212;&#8212;&#8212;&#8212;&#8212;&#8212;&#8211;L&rsquo;arc diaphragme \u00e0 Saint Egonnec&#8212;&#8212;&#8212;<\/p>\n\n\n\n<p>Plus loin dans le plac\u00eetre, un petit escalier de pierre conduit \u00e0 une seconde fontaine log\u00e9e sous une grande dalle. Cette deuxi\u00e8me fontaine, aujourd\u2019hui tarie, est d\u00e9di\u00e9e \u00e0 Saint \u00c9garec. On y soignait les maux d\u2019oreilles.<\/p>\n\n\n\n<p>Le pardon habituel de Saint \u00c9gonnec se c\u00e9l\u00e8bre le jeudi de l\u2019Ascension. Il y a aussi eu jusqu\u2019\u00e0 la fin du XX<sup>e<\/sup> si\u00e8cle un pardon mud qui se faisait le vendredi saint.<\/p>\n\n\n\n<p><\/p>\n\n\n\n<p><strong>Andr\u00e9 Bozec<\/strong><\/p>\n","protected":false},"excerpt":{"rendered":"<p>Lien vers le site internet de la commune Lien vers le blog de Jean-Yves Cordier L&rsquo;expertise de Andr\u00e9 Bozec D\u2019apr\u00e8s la l\u00e9gende locale, Saint \u00c9gonnec \u00e9tait un des fr\u00e8res de Saint Pol Aur\u00e9lien. Il fut chass\u00e9 de Tr\u00e9funtec en Plon\u00e9vez-Porzay &hellip; <a href=\"https:\/\/passeurspatrimoineplogonnec.fr\/?page_id=1626\">Continuer la lecture <span class=\"meta-nav\">&rarr;<\/span><\/a><\/p>\n","protected":false},"author":1,"featured_media":0,"parent":0,"menu_order":0,"comment_status":"closed","ping_status":"closed","template":"","meta":{"footnotes":""},"class_list":["post-1626","page","type-page","status-publish","hentry"],"yoast_head":"<!-- This site is optimized with the Yoast SEO plugin v27.4 - https:\/\/yoast.com\/product\/yoast-seo-wordpress\/ -->\n<title>Chapelle de St Egonnec - Passeurs de Patrimoine de Plogonnec<\/title>\n<meta name=\"robots\" content=\"index, follow, max-snippet:-1, max-image-preview:large, max-video-preview:-1\" \/>\n<link rel=\"canonical\" href=\"https:\/\/passeurspatrimoineplogonnec.fr\/?page_id=1626\" \/>\n<meta property=\"og:locale\" content=\"fr_FR\" \/>\n<meta property=\"og:type\" content=\"article\" \/>\n<meta property=\"og:title\" content=\"Chapelle de St Egonnec - Passeurs de Patrimoine de Plogonnec\" \/>\n<meta property=\"og:description\" content=\"Lien vers le site internet de la commune Lien vers le blog de Jean-Yves Cordier L&rsquo;expertise de Andr\u00e9 Bozec D\u2019apr\u00e8s la l\u00e9gende locale, Saint \u00c9gonnec \u00e9tait un des fr\u00e8res de Saint Pol Aur\u00e9lien. Il fut chass\u00e9 de Tr\u00e9funtec en Plon\u00e9vez-Porzay &hellip; Continuer la lecture &rarr;\" \/>\n<meta property=\"og:url\" content=\"https:\/\/passeurspatrimoineplogonnec.fr\/?page_id=1626\" \/>\n<meta property=\"og:site_name\" content=\"Passeurs de Patrimoine de Plogonnec\" \/>\n<meta property=\"article:modified_time\" content=\"2023-11-12T11:44:59+00:00\" \/>\n<meta property=\"og:image\" content=\"http:\/\/passeurspatrimoineplogonnec.fr\/wp-content\/uploads\/2022\/07\/St-egonnec1.jpg\" \/>\n<meta name=\"twitter:card\" content=\"summary_large_image\" \/>\n<meta name=\"twitter:label1\" content=\"Dur\u00e9e de lecture estim\u00e9e\" \/>\n\t<meta name=\"twitter:data1\" content=\"8 minutes\" \/>\n<script type=\"application\/ld+json\" class=\"yoast-schema-graph\">{\"@context\":\"https:\\\/\\\/schema.org\",\"@graph\":[{\"@type\":\"WebPage\",\"@id\":\"https:\\\/\\\/passeurspatrimoineplogonnec.fr\\\/?page_id=1626\",\"url\":\"https:\\\/\\\/passeurspatrimoineplogonnec.fr\\\/?page_id=1626\",\"name\":\"Chapelle de St Egonnec - Passeurs de Patrimoine de Plogonnec\",\"isPartOf\":{\"@id\":\"https:\\\/\\\/passeurspatrimoineplogonnec.fr\\\/#website\"},\"primaryImageOfPage\":{\"@id\":\"https:\\\/\\\/passeurspatrimoineplogonnec.fr\\\/?page_id=1626#primaryimage\"},\"image\":{\"@id\":\"https:\\\/\\\/passeurspatrimoineplogonnec.fr\\\/?page_id=1626#primaryimage\"},\"thumbnailUrl\":\"http:\\\/\\\/passeurspatrimoineplogonnec.fr\\\/wp-content\\\/uploads\\\/2022\\\/07\\\/St-egonnec1.jpg\",\"datePublished\":\"2022-07-01T19:33:51+00:00\",\"dateModified\":\"2023-11-12T11:44:59+00:00\",\"breadcrumb\":{\"@id\":\"https:\\\/\\\/passeurspatrimoineplogonnec.fr\\\/?page_id=1626#breadcrumb\"},\"inLanguage\":\"fr-FR\",\"potentialAction\":[{\"@type\":\"ReadAction\",\"target\":[\"https:\\\/\\\/passeurspatrimoineplogonnec.fr\\\/?page_id=1626\"]}]},{\"@type\":\"ImageObject\",\"inLanguage\":\"fr-FR\",\"@id\":\"https:\\\/\\\/passeurspatrimoineplogonnec.fr\\\/?page_id=1626#primaryimage\",\"url\":\"http:\\\/\\\/passeurspatrimoineplogonnec.fr\\\/wp-content\\\/uploads\\\/2022\\\/07\\\/St-egonnec1.jpg\",\"contentUrl\":\"http:\\\/\\\/passeurspatrimoineplogonnec.fr\\\/wp-content\\\/uploads\\\/2022\\\/07\\\/St-egonnec1.jpg\"},{\"@type\":\"BreadcrumbList\",\"@id\":\"https:\\\/\\\/passeurspatrimoineplogonnec.fr\\\/?page_id=1626#breadcrumb\",\"itemListElement\":[{\"@type\":\"ListItem\",\"position\":1,\"name\":\"Accueil\",\"item\":\"https:\\\/\\\/passeurspatrimoineplogonnec.fr\\\/\"},{\"@type\":\"ListItem\",\"position\":2,\"name\":\"Chapelle de St Egonnec\"}]},{\"@type\":\"WebSite\",\"@id\":\"https:\\\/\\\/passeurspatrimoineplogonnec.fr\\\/#website\",\"url\":\"https:\\\/\\\/passeurspatrimoineplogonnec.fr\\\/\",\"name\":\"Passeurs de Patrimoine de Plogonnec\",\"description\":\"\",\"potentialAction\":[{\"@type\":\"SearchAction\",\"target\":{\"@type\":\"EntryPoint\",\"urlTemplate\":\"https:\\\/\\\/passeurspatrimoineplogonnec.fr\\\/?s={search_term_string}\"},\"query-input\":{\"@type\":\"PropertyValueSpecification\",\"valueRequired\":true,\"valueName\":\"search_term_string\"}}],\"inLanguage\":\"fr-FR\"}]}<\/script>\n<!-- \/ Yoast SEO plugin. -->","yoast_head_json":{"title":"Chapelle de St Egonnec - Passeurs de Patrimoine de Plogonnec","robots":{"index":"index","follow":"follow","max-snippet":"max-snippet:-1","max-image-preview":"max-image-preview:large","max-video-preview":"max-video-preview:-1"},"canonical":"https:\/\/passeurspatrimoineplogonnec.fr\/?page_id=1626","og_locale":"fr_FR","og_type":"article","og_title":"Chapelle de St Egonnec - Passeurs de Patrimoine de Plogonnec","og_description":"Lien vers le site internet de la commune Lien vers le blog de Jean-Yves Cordier L&rsquo;expertise de Andr\u00e9 Bozec D\u2019apr\u00e8s la l\u00e9gende locale, Saint \u00c9gonnec \u00e9tait un des fr\u00e8res de Saint Pol Aur\u00e9lien. Il fut chass\u00e9 de Tr\u00e9funtec en Plon\u00e9vez-Porzay &hellip; Continuer la lecture &rarr;","og_url":"https:\/\/passeurspatrimoineplogonnec.fr\/?page_id=1626","og_site_name":"Passeurs de Patrimoine de Plogonnec","article_modified_time":"2023-11-12T11:44:59+00:00","og_image":[{"url":"http:\/\/passeurspatrimoineplogonnec.fr\/wp-content\/uploads\/2022\/07\/St-egonnec1.jpg","type":"","width":"","height":""}],"twitter_card":"summary_large_image","twitter_misc":{"Dur\u00e9e de lecture estim\u00e9e":"8 minutes"},"schema":{"@context":"https:\/\/schema.org","@graph":[{"@type":"WebPage","@id":"https:\/\/passeurspatrimoineplogonnec.fr\/?page_id=1626","url":"https:\/\/passeurspatrimoineplogonnec.fr\/?page_id=1626","name":"Chapelle de St Egonnec - Passeurs de Patrimoine de Plogonnec","isPartOf":{"@id":"https:\/\/passeurspatrimoineplogonnec.fr\/#website"},"primaryImageOfPage":{"@id":"https:\/\/passeurspatrimoineplogonnec.fr\/?page_id=1626#primaryimage"},"image":{"@id":"https:\/\/passeurspatrimoineplogonnec.fr\/?page_id=1626#primaryimage"},"thumbnailUrl":"http:\/\/passeurspatrimoineplogonnec.fr\/wp-content\/uploads\/2022\/07\/St-egonnec1.jpg","datePublished":"2022-07-01T19:33:51+00:00","dateModified":"2023-11-12T11:44:59+00:00","breadcrumb":{"@id":"https:\/\/passeurspatrimoineplogonnec.fr\/?page_id=1626#breadcrumb"},"inLanguage":"fr-FR","potentialAction":[{"@type":"ReadAction","target":["https:\/\/passeurspatrimoineplogonnec.fr\/?page_id=1626"]}]},{"@type":"ImageObject","inLanguage":"fr-FR","@id":"https:\/\/passeurspatrimoineplogonnec.fr\/?page_id=1626#primaryimage","url":"http:\/\/passeurspatrimoineplogonnec.fr\/wp-content\/uploads\/2022\/07\/St-egonnec1.jpg","contentUrl":"http:\/\/passeurspatrimoineplogonnec.fr\/wp-content\/uploads\/2022\/07\/St-egonnec1.jpg"},{"@type":"BreadcrumbList","@id":"https:\/\/passeurspatrimoineplogonnec.fr\/?page_id=1626#breadcrumb","itemListElement":[{"@type":"ListItem","position":1,"name":"Accueil","item":"https:\/\/passeurspatrimoineplogonnec.fr\/"},{"@type":"ListItem","position":2,"name":"Chapelle de St Egonnec"}]},{"@type":"WebSite","@id":"https:\/\/passeurspatrimoineplogonnec.fr\/#website","url":"https:\/\/passeurspatrimoineplogonnec.fr\/","name":"Passeurs de Patrimoine de Plogonnec","description":"","potentialAction":[{"@type":"SearchAction","target":{"@type":"EntryPoint","urlTemplate":"https:\/\/passeurspatrimoineplogonnec.fr\/?s={search_term_string}"},"query-input":{"@type":"PropertyValueSpecification","valueRequired":true,"valueName":"search_term_string"}}],"inLanguage":"fr-FR"}]}},"_links":{"self":[{"href":"https:\/\/passeurspatrimoineplogonnec.fr\/index.php?rest_route=\/wp\/v2\/pages\/1626","targetHints":{"allow":["GET"]}}],"collection":[{"href":"https:\/\/passeurspatrimoineplogonnec.fr\/index.php?rest_route=\/wp\/v2\/pages"}],"about":[{"href":"https:\/\/passeurspatrimoineplogonnec.fr\/index.php?rest_route=\/wp\/v2\/types\/page"}],"author":[{"embeddable":true,"href":"https:\/\/passeurspatrimoineplogonnec.fr\/index.php?rest_route=\/wp\/v2\/users\/1"}],"replies":[{"embeddable":true,"href":"https:\/\/passeurspatrimoineplogonnec.fr\/index.php?rest_route=%2Fwp%2Fv2%2Fcomments&post=1626"}],"version-history":[{"count":23,"href":"https:\/\/passeurspatrimoineplogonnec.fr\/index.php?rest_route=\/wp\/v2\/pages\/1626\/revisions"}],"predecessor-version":[{"id":2182,"href":"https:\/\/passeurspatrimoineplogonnec.fr\/index.php?rest_route=\/wp\/v2\/pages\/1626\/revisions\/2182"}],"wp:attachment":[{"href":"https:\/\/passeurspatrimoineplogonnec.fr\/index.php?rest_route=%2Fwp%2Fv2%2Fmedia&parent=1626"}],"curies":[{"name":"wp","href":"https:\/\/api.w.org\/{rel}","templated":true}]}}