{"id":1681,"date":"2022-07-04T11:30:24","date_gmt":"2022-07-04T09:30:24","guid":{"rendered":"http:\/\/passeurspatrimoineplogonnec.fr\/?page_id=1681"},"modified":"2023-11-12T12:48:46","modified_gmt":"2023-11-12T11:48:46","slug":"la-fontaine-sant-meen","status":"publish","type":"page","link":"https:\/\/passeurspatrimoineplogonnec.fr\/?page_id=1681","title":{"rendered":"La fontaine Sant M\u00e9en"},"content":{"rendered":"\n<p><a href=\"http:\/\/passeurspatrimoineplogonnec.fr\/?page_id=3051\" target=\"_blank\" rel=\"noreferrer noopener\">Cliquez ici pour voir les photos de la r\u00e9fection par les passeurs.<\/a><\/p>\n\n\n\n<p>La fontaine de Saint M\u00e9en relevait de la ferme de Pen Ty Hor. Elle conflue avec un ruisseau qui va vers le moulin de Kerganap\u00e9.<\/p>\n\n\n\n<p><\/p>\n\n\n\n<figure class=\"wp-block-image size-full\"><img loading=\"lazy\" decoding=\"async\" width=\"436\" height=\"600\" src=\"http:\/\/passeurspatrimoineplogonnec.fr\/wp-content\/uploads\/2022\/07\/la-fontaine-sant-Meen-1.jpg\" alt=\"\" class=\"wp-image-1688\" srcset=\"https:\/\/passeurspatrimoineplogonnec.fr\/wp-content\/uploads\/2022\/07\/la-fontaine-sant-Meen-1.jpg 436w, https:\/\/passeurspatrimoineplogonnec.fr\/wp-content\/uploads\/2022\/07\/la-fontaine-sant-Meen-1-218x300.jpg 218w\" sizes=\"auto, (max-width: 436px) 100vw, 436px\" \/><\/figure>\n\n\n\n<p>C\u2019est une fontaine ancienne qui a \u00e9t\u00e9 remodel\u00e9e au cours du XIX<sup>e<\/sup> si\u00e8cle. Elle se situe au contrebas de cette ferme, \u00e0 gauche au sud est en bordure est d\u2019une prairie toute en longueur orient\u00e9e nord-sud. Cette fontaine est constitu\u00e9e d\u2019un bassin rectangulaire de soixante centim\u00e8tres de largeur (deux coud\u00e9es) sur quatre-vingt-dix de longueur (trois coud\u00e9es). Ce bassin s\u2019\u00e9l\u00e8ve \u00e0 plus de trente centim\u00e8tres du sol initial et est constitu\u00e9 d\u2019un ensemble appareill\u00e9 quadrangulaire. Il est orient\u00e9 vers le sud. La cuve rectangulaire initiale a \u00e9t\u00e9 rehauss\u00e9e par un premier parement biais\u00e9 depuis le sud vers le nord dont le mur fronton contient une niche destin\u00e9e \u00e0 recevoir la statue de Saint M\u00e9en. Le bas de la cuve re\u00e7oit la r\u00e9surgence naturelle d\u2019eau \u00e0 la jointure des deux dalles du fonds.<\/p>\n\n\n\n<p>La premi\u00e8re pierre biais\u00e9e du c\u00f4t\u00e9 ouest de ce parage comporte la mention de la date de 1829 sur sa face c\u00f4t\u00e9 bassin. Le mur nord du bassin est surmont\u00e9 au-dessus de la niche par une large pierre qui comporte la mention de la date de 1881.<\/p>\n\n\n\n<p>A c\u00f4t\u00e9 de la fontaine se trouvait un modeste lavoir \u00e0 une seule place de lavage. Lors des op\u00e9rations de remembrement l\u2019ensemble a \u00e9t\u00e9 bouscul\u00e9. Puis s\u2019est progressivement install\u00e9 l\u2019oubli et sa submersion par pr\u00e8s d\u2019un m\u00e8tre de tourbe jusqu\u2019\u00e0 son exhumation fin ao\u00fbt 2016 par l\u2019association des Passeurs de m\u00e9moire e Bro Plogoneg.<\/p>\n\n\n\n<p><strong>Andr\u00e9 Bozec<\/strong><\/p>\n\n\n\n<p><\/p>\n","protected":false},"excerpt":{"rendered":"<p>Cliquez ici pour voir les photos de la r\u00e9fection par les passeurs. La fontaine de Saint M\u00e9en relevait de la ferme de Pen Ty Hor. Elle conflue avec un ruisseau qui va vers le moulin de Kerganap\u00e9. C\u2019est une fontaine &hellip; <a href=\"https:\/\/passeurspatrimoineplogonnec.fr\/?page_id=1681\">Continuer la lecture <span class=\"meta-nav\">&rarr;<\/span><\/a><\/p>\n","protected":false},"author":1,"featured_media":0,"parent":0,"menu_order":0,"comment_status":"closed","ping_status":"closed","template":"","meta":{"footnotes":""},"class_list":["post-1681","page","type-page","status-publish","hentry"],"yoast_head":"<!-- This site is optimized with the Yoast SEO plugin v27.4 - https:\/\/yoast.com\/product\/yoast-seo-wordpress\/ -->\n<title>La fontaine Sant M\u00e9en - Passeurs de Patrimoine de Plogonnec<\/title>\n<meta name=\"robots\" content=\"index, follow, max-snippet:-1, max-image-preview:large, max-video-preview:-1\" \/>\n<link rel=\"canonical\" href=\"https:\/\/passeurspatrimoineplogonnec.fr\/?page_id=1681\" \/>\n<meta property=\"og:locale\" content=\"fr_FR\" \/>\n<meta property=\"og:type\" content=\"article\" \/>\n<meta property=\"og:title\" content=\"La fontaine Sant M\u00e9en - Passeurs de Patrimoine de Plogonnec\" \/>\n<meta property=\"og:description\" content=\"Cliquez ici pour voir les photos de la r\u00e9fection par les passeurs. La fontaine de Saint M\u00e9en relevait de la ferme de Pen Ty Hor. Elle conflue avec un ruisseau qui va vers le moulin de Kerganap\u00e9. C\u2019est une fontaine &hellip; Continuer la lecture &rarr;\" \/>\n<meta property=\"og:url\" content=\"https:\/\/passeurspatrimoineplogonnec.fr\/?page_id=1681\" \/>\n<meta property=\"og:site_name\" content=\"Passeurs de Patrimoine de Plogonnec\" \/>\n<meta property=\"article:modified_time\" content=\"2023-11-12T11:48:46+00:00\" \/>\n<meta property=\"og:image\" content=\"http:\/\/passeurspatrimoineplogonnec.fr\/wp-content\/uploads\/2022\/07\/la-fontaine-sant-Meen-1.jpg\" \/>\n<meta name=\"twitter:card\" content=\"summary_large_image\" \/>\n<meta name=\"twitter:label1\" content=\"Dur\u00e9e de lecture estim\u00e9e\" \/>\n\t<meta name=\"twitter:data1\" content=\"2 minutes\" \/>\n<script type=\"application\/ld+json\" class=\"yoast-schema-graph\">{\"@context\":\"https:\\\/\\\/schema.org\",\"@graph\":[{\"@type\":\"WebPage\",\"@id\":\"https:\\\/\\\/passeurspatrimoineplogonnec.fr\\\/?page_id=1681\",\"url\":\"https:\\\/\\\/passeurspatrimoineplogonnec.fr\\\/?page_id=1681\",\"name\":\"La fontaine Sant M\u00e9en - Passeurs de Patrimoine de Plogonnec\",\"isPartOf\":{\"@id\":\"https:\\\/\\\/passeurspatrimoineplogonnec.fr\\\/#website\"},\"primaryImageOfPage\":{\"@id\":\"https:\\\/\\\/passeurspatrimoineplogonnec.fr\\\/?page_id=1681#primaryimage\"},\"image\":{\"@id\":\"https:\\\/\\\/passeurspatrimoineplogonnec.fr\\\/?page_id=1681#primaryimage\"},\"thumbnailUrl\":\"http:\\\/\\\/passeurspatrimoineplogonnec.fr\\\/wp-content\\\/uploads\\\/2022\\\/07\\\/la-fontaine-sant-Meen-1.jpg\",\"datePublished\":\"2022-07-04T09:30:24+00:00\",\"dateModified\":\"2023-11-12T11:48:46+00:00\",\"breadcrumb\":{\"@id\":\"https:\\\/\\\/passeurspatrimoineplogonnec.fr\\\/?page_id=1681#breadcrumb\"},\"inLanguage\":\"fr-FR\",\"potentialAction\":[{\"@type\":\"ReadAction\",\"target\":[\"https:\\\/\\\/passeurspatrimoineplogonnec.fr\\\/?page_id=1681\"]}]},{\"@type\":\"ImageObject\",\"inLanguage\":\"fr-FR\",\"@id\":\"https:\\\/\\\/passeurspatrimoineplogonnec.fr\\\/?page_id=1681#primaryimage\",\"url\":\"https:\\\/\\\/passeurspatrimoineplogonnec.fr\\\/wp-content\\\/uploads\\\/2022\\\/07\\\/la-fontaine-sant-Meen-1.jpg\",\"contentUrl\":\"https:\\\/\\\/passeurspatrimoineplogonnec.fr\\\/wp-content\\\/uploads\\\/2022\\\/07\\\/la-fontaine-sant-Meen-1.jpg\",\"width\":436,\"height\":600},{\"@type\":\"BreadcrumbList\",\"@id\":\"https:\\\/\\\/passeurspatrimoineplogonnec.fr\\\/?page_id=1681#breadcrumb\",\"itemListElement\":[{\"@type\":\"ListItem\",\"position\":1,\"name\":\"Accueil\",\"item\":\"https:\\\/\\\/passeurspatrimoineplogonnec.fr\\\/\"},{\"@type\":\"ListItem\",\"position\":2,\"name\":\"La fontaine Sant M\u00e9en\"}]},{\"@type\":\"WebSite\",\"@id\":\"https:\\\/\\\/passeurspatrimoineplogonnec.fr\\\/#website\",\"url\":\"https:\\\/\\\/passeurspatrimoineplogonnec.fr\\\/\",\"name\":\"Passeurs de Patrimoine de Plogonnec\",\"description\":\"\",\"potentialAction\":[{\"@type\":\"SearchAction\",\"target\":{\"@type\":\"EntryPoint\",\"urlTemplate\":\"https:\\\/\\\/passeurspatrimoineplogonnec.fr\\\/?s={search_term_string}\"},\"query-input\":{\"@type\":\"PropertyValueSpecification\",\"valueRequired\":true,\"valueName\":\"search_term_string\"}}],\"inLanguage\":\"fr-FR\"}]}<\/script>\n<!-- \/ Yoast SEO plugin. -->","yoast_head_json":{"title":"La fontaine Sant M\u00e9en - Passeurs de Patrimoine de Plogonnec","robots":{"index":"index","follow":"follow","max-snippet":"max-snippet:-1","max-image-preview":"max-image-preview:large","max-video-preview":"max-video-preview:-1"},"canonical":"https:\/\/passeurspatrimoineplogonnec.fr\/?page_id=1681","og_locale":"fr_FR","og_type":"article","og_title":"La fontaine Sant M\u00e9en - Passeurs de Patrimoine de Plogonnec","og_description":"Cliquez ici pour voir les photos de la r\u00e9fection par les passeurs. La fontaine de Saint M\u00e9en relevait de la ferme de Pen Ty Hor. Elle conflue avec un ruisseau qui va vers le moulin de Kerganap\u00e9. C\u2019est une fontaine &hellip; Continuer la lecture &rarr;","og_url":"https:\/\/passeurspatrimoineplogonnec.fr\/?page_id=1681","og_site_name":"Passeurs de Patrimoine de Plogonnec","article_modified_time":"2023-11-12T11:48:46+00:00","og_image":[{"url":"http:\/\/passeurspatrimoineplogonnec.fr\/wp-content\/uploads\/2022\/07\/la-fontaine-sant-Meen-1.jpg","type":"","width":"","height":""}],"twitter_card":"summary_large_image","twitter_misc":{"Dur\u00e9e de lecture estim\u00e9e":"2 minutes"},"schema":{"@context":"https:\/\/schema.org","@graph":[{"@type":"WebPage","@id":"https:\/\/passeurspatrimoineplogonnec.fr\/?page_id=1681","url":"https:\/\/passeurspatrimoineplogonnec.fr\/?page_id=1681","name":"La fontaine Sant M\u00e9en - Passeurs de Patrimoine de Plogonnec","isPartOf":{"@id":"https:\/\/passeurspatrimoineplogonnec.fr\/#website"},"primaryImageOfPage":{"@id":"https:\/\/passeurspatrimoineplogonnec.fr\/?page_id=1681#primaryimage"},"image":{"@id":"https:\/\/passeurspatrimoineplogonnec.fr\/?page_id=1681#primaryimage"},"thumbnailUrl":"http:\/\/passeurspatrimoineplogonnec.fr\/wp-content\/uploads\/2022\/07\/la-fontaine-sant-Meen-1.jpg","datePublished":"2022-07-04T09:30:24+00:00","dateModified":"2023-11-12T11:48:46+00:00","breadcrumb":{"@id":"https:\/\/passeurspatrimoineplogonnec.fr\/?page_id=1681#breadcrumb"},"inLanguage":"fr-FR","potentialAction":[{"@type":"ReadAction","target":["https:\/\/passeurspatrimoineplogonnec.fr\/?page_id=1681"]}]},{"@type":"ImageObject","inLanguage":"fr-FR","@id":"https:\/\/passeurspatrimoineplogonnec.fr\/?page_id=1681#primaryimage","url":"https:\/\/passeurspatrimoineplogonnec.fr\/wp-content\/uploads\/2022\/07\/la-fontaine-sant-Meen-1.jpg","contentUrl":"https:\/\/passeurspatrimoineplogonnec.fr\/wp-content\/uploads\/2022\/07\/la-fontaine-sant-Meen-1.jpg","width":436,"height":600},{"@type":"BreadcrumbList","@id":"https:\/\/passeurspatrimoineplogonnec.fr\/?page_id=1681#breadcrumb","itemListElement":[{"@type":"ListItem","position":1,"name":"Accueil","item":"https:\/\/passeurspatrimoineplogonnec.fr\/"},{"@type":"ListItem","position":2,"name":"La fontaine Sant M\u00e9en"}]},{"@type":"WebSite","@id":"https:\/\/passeurspatrimoineplogonnec.fr\/#website","url":"https:\/\/passeurspatrimoineplogonnec.fr\/","name":"Passeurs de Patrimoine de Plogonnec","description":"","potentialAction":[{"@type":"SearchAction","target":{"@type":"EntryPoint","urlTemplate":"https:\/\/passeurspatrimoineplogonnec.fr\/?s={search_term_string}"},"query-input":{"@type":"PropertyValueSpecification","valueRequired":true,"valueName":"search_term_string"}}],"inLanguage":"fr-FR"}]}},"_links":{"self":[{"href":"https:\/\/passeurspatrimoineplogonnec.fr\/index.php?rest_route=\/wp\/v2\/pages\/1681","targetHints":{"allow":["GET"]}}],"collection":[{"href":"https:\/\/passeurspatrimoineplogonnec.fr\/index.php?rest_route=\/wp\/v2\/pages"}],"about":[{"href":"https:\/\/passeurspatrimoineplogonnec.fr\/index.php?rest_route=\/wp\/v2\/types\/page"}],"author":[{"embeddable":true,"href":"https:\/\/passeurspatrimoineplogonnec.fr\/index.php?rest_route=\/wp\/v2\/users\/1"}],"replies":[{"embeddable":true,"href":"https:\/\/passeurspatrimoineplogonnec.fr\/index.php?rest_route=%2Fwp%2Fv2%2Fcomments&post=1681"}],"version-history":[{"count":5,"href":"https:\/\/passeurspatrimoineplogonnec.fr\/index.php?rest_route=\/wp\/v2\/pages\/1681\/revisions"}],"predecessor-version":[{"id":3077,"href":"https:\/\/passeurspatrimoineplogonnec.fr\/index.php?rest_route=\/wp\/v2\/pages\/1681\/revisions\/3077"}],"wp:attachment":[{"href":"https:\/\/passeurspatrimoineplogonnec.fr\/index.php?rest_route=%2Fwp%2Fv2%2Fmedia&parent=1681"}],"curies":[{"name":"wp","href":"https:\/\/api.w.org\/{rel}","templated":true}]}}