{"id":1825,"date":"2022-10-18T09:52:59","date_gmt":"2022-10-18T07:52:59","guid":{"rendered":"http:\/\/passeurspatrimoineplogonnec.fr\/?page_id=1825"},"modified":"2023-11-12T13:48:11","modified_gmt":"2023-11-12T12:48:11","slug":"chemin-de-fer","status":"publish","type":"page","link":"https:\/\/passeurspatrimoineplogonnec.fr\/?page_id=1825","title":{"rendered":"Construction de la voie de chemin de fer sur Plogonnec."},"content":{"rendered":"\n<p><\/p>\n\n\n\n<p><strong>Le projet :<\/strong><\/p>\n\n\n\n<ul class=\"wp-block-list\">\n<li>Le th\u00e8me de la construction de la voie ferr\u00e9e Quimper \u2013 Ch\u00e2teaulin sur le&nbsp;territoire de la commune de Plogonnec&nbsp;et \u00e9voquera :<\/li>\n<\/ul>\n\n\n\n<p>&#8211;&nbsp;&nbsp;&nbsp;&nbsp;&nbsp;&nbsp;&nbsp;&nbsp;&nbsp;&nbsp;Les expropriations (propri\u00e9taires concern\u00e9s, surfaces, proc\u00e8s, &#8230;)<\/p>\n\n\n\n<p>&#8211;&nbsp;&nbsp;&nbsp;&nbsp;&nbsp;&nbsp;&nbsp;&nbsp;&nbsp;&nbsp;La construction (dur\u00e9e, ouvriers, \u2026)<\/p>\n\n\n\n<p>&#8211;&nbsp;&nbsp;&nbsp;&nbsp;&nbsp;&nbsp;&nbsp;&nbsp;&nbsp;&nbsp;Les ouvrages d&rsquo;art<\/p>\n\n\n\n<p>&#8211;&nbsp;&nbsp;&nbsp;&nbsp;&nbsp;  &nbsp; Les&nbsp;&nbsp;&nbsp;carri\u00e8res<\/p>\n\n\n\n<p>&#8211;&nbsp;&nbsp;&nbsp;&nbsp;&nbsp;&nbsp;&nbsp;&nbsp;&nbsp;Les anecdotes (anciennes ou r\u00e9centes)<\/p>\n\n\n\n<p>&#8211;&nbsp;&nbsp;&nbsp;&nbsp;&nbsp;&nbsp;&nbsp;&nbsp;&nbsp;Les accidents<\/p>\n\n\n\n<p>&#8211;&nbsp;&nbsp;&nbsp;&nbsp;&nbsp;&nbsp;&nbsp;&nbsp;&nbsp;Tout ce qui a pu se passer en plus de 150 ans sur cette portion de voie.<\/p>\n\n\n\n<p><strong>Objectifs<\/strong>:<\/p>\n\n\n\n<p>&#8211;\u00a0\u00a0\u00a0Exposition \u00e0 l&rsquo;occasion des journ\u00e9es du patrimoine dans la salle Arp\u00e8ge de Plogonnec.<\/p>\n\n\n\n<p>&#8211;&nbsp;&nbsp;&nbsp;Edition d&rsquo;un fascicule reprenant l&rsquo;ensemble des documents.<\/p>\n\n\n\n<p><a href=\"https:\/\/mediatheques.quimper-bretagne-occidentale.bzh\/iguana\/www.main.cls?surl=search&amp;p=af3e6a0a-94ab-11e8-a80b-0050568050bf#recordId=1.272915\" target=\"_blank\" rel=\"noreferrer noopener\">Lien vers les documents du r\u00e9seau des m\u00e9diath\u00e8ques concernant la voie de chemin de fer.<\/a><\/p>\n\n\n\n<p>Ligne de Nantes \u00e0 Ch\u00e2teaulin : acquisitions de terrains : travers\u00e9e de l&rsquo;arrondissement communal de Quimper : communes de Quimper, Penhars, Kerfeunteun, Plogonnec et Briec : extrait des plans parcellaires des superficies de terrains \u00e0 acqu\u00e9rir. Les plans concernant Plogonnec commencent \u00e0 la page 14.<\/p>\n\n\n\n<p>Le site : <a href=\"https:\/\/mediatheques.quimper-bretagne-occidentale.bzh\" target=\"_blank\" rel=\"noreferrer noopener\">https:\/\/mediatheques.quimper-bretagne-occidentale.bzh<\/a> reprend nombre de livres, cd, dvd,\u2026 libres de droits et accessibles \u00e0 tous sur l\u2019histoire de notre r\u00e9gion. La voie ferr\u00e9e Quimper \u2013 Landerneau passe sur le territoire de Plogonnec.<\/p>\n\n\n\n<p class=\"has-text-align-center\">*********************************************<\/p>\n\n\n\n<p><strong>Photos de la visite des passeurs aux Archives: le plan de la voie ferr\u00e9e sur Plogonnec.<\/strong><\/p>\n\n\n\n<figure class=\"wp-block-gallery has-nested-images columns-default is-cropped wp-block-gallery-1 is-layout-flex wp-block-gallery-is-layout-flex\">\n<figure class=\"wp-block-image size-large\"><a href=\"http:\/\/passeurspatrimoineplogonnec.fr\/wp-content\/uploads\/2022\/12\/Plan-de-la-voie-ferree-2-rotated.jpg\" target=\"_blank\" rel=\"noreferrer noopener\"><img loading=\"lazy\" decoding=\"async\" width=\"768\" height=\"1024\" data-id=\"2022\" src=\"http:\/\/passeurspatrimoineplogonnec.fr\/wp-content\/uploads\/2022\/12\/Plan-de-la-voie-ferree-2-768x1024.jpg\" alt=\"\" class=\"wp-image-2022\" srcset=\"https:\/\/passeurspatrimoineplogonnec.fr\/wp-content\/uploads\/2022\/12\/Plan-de-la-voie-ferree-2-768x1024.jpg 768w, https:\/\/passeurspatrimoineplogonnec.fr\/wp-content\/uploads\/2022\/12\/Plan-de-la-voie-ferree-2-225x300.jpg 225w, https:\/\/passeurspatrimoineplogonnec.fr\/wp-content\/uploads\/2022\/12\/Plan-de-la-voie-ferree-2-1152x1536.jpg 1152w, https:\/\/passeurspatrimoineplogonnec.fr\/wp-content\/uploads\/2022\/12\/Plan-de-la-voie-ferree-2-rotated.jpg 1512w\" sizes=\"auto, (max-width: 768px) 100vw, 768px\" \/><\/a><figcaption class=\"wp-element-caption\"> <\/figcaption><\/figure>\n\n\n\n<figure class=\"wp-block-image size-large\"><a href=\"http:\/\/passeurspatrimoineplogonnec.fr\/wp-content\/uploads\/2022\/12\/Plan-de-la-voie-ferree-1-rotated.jpg\" target=\"_blank\" rel=\"noreferrer noopener\"><img loading=\"lazy\" decoding=\"async\" width=\"768\" height=\"1024\" data-id=\"2021\" src=\"http:\/\/passeurspatrimoineplogonnec.fr\/wp-content\/uploads\/2022\/12\/Plan-de-la-voie-ferree-1-768x1024.jpg\" alt=\"\" class=\"wp-image-2021\" srcset=\"https:\/\/passeurspatrimoineplogonnec.fr\/wp-content\/uploads\/2022\/12\/Plan-de-la-voie-ferree-1-768x1024.jpg 768w, https:\/\/passeurspatrimoineplogonnec.fr\/wp-content\/uploads\/2022\/12\/Plan-de-la-voie-ferree-1-225x300.jpg 225w, https:\/\/passeurspatrimoineplogonnec.fr\/wp-content\/uploads\/2022\/12\/Plan-de-la-voie-ferree-1-1152x1536.jpg 1152w, https:\/\/passeurspatrimoineplogonnec.fr\/wp-content\/uploads\/2022\/12\/Plan-de-la-voie-ferree-1-rotated.jpg 1512w\" sizes=\"auto, (max-width: 768px) 100vw, 768px\" \/><\/a><\/figure>\n<\/figure>\n\n\n\n<p class=\"has-text-align-center\">***********************************************<\/p>\n\n\n\n<p><a href=\"http:\/\/passeurspatrimoineplogonnec.fr\/wp-content\/uploads\/2022\/12\/Reglement-des-archives-departementales.pdf\" target=\"_blank\" rel=\"noreferrer noopener\">Le r\u00e8glement des archives d\u00e9partementales et le prix des reproductions.<\/a><\/p>\n\n\n\n<p class=\"has-text-align-center\">*****************************************<\/p>\n\n\n\n<h3 class=\"wp-block-heading\">Reconnaissance des lieux par l&rsquo;\u00e9quipe des passeurs le 24 f\u00e9vrier 2023, les photos repr\u00e9sentant les d\u00e9tails de la voie ferr\u00e9e entre Pont-Qu\u00e9au et Qu\u00e9m\u00e9n\u00e9ven.<\/h3>\n\n\n\n<figure class=\"wp-block-gallery has-nested-images columns-default is-cropped wp-block-gallery-2 is-layout-flex wp-block-gallery-is-layout-flex\">\n<figure class=\"wp-block-image size-large\"><img loading=\"lazy\" decoding=\"async\" width=\"1024\" height=\"576\" data-id=\"2260\" src=\"http:\/\/passeurspatrimoineplogonnec.fr\/wp-content\/uploads\/2023\/03\/IMG_5991-1024x576.jpg\" alt=\"\" class=\"wp-image-2260\" srcset=\"https:\/\/passeurspatrimoineplogonnec.fr\/wp-content\/uploads\/2023\/03\/IMG_5991-1024x576.jpg 1024w, https:\/\/passeurspatrimoineplogonnec.fr\/wp-content\/uploads\/2023\/03\/IMG_5991-300x169.jpg 300w, https:\/\/passeurspatrimoineplogonnec.fr\/wp-content\/uploads\/2023\/03\/IMG_5991-768x432.jpg 768w, https:\/\/passeurspatrimoineplogonnec.fr\/wp-content\/uploads\/2023\/03\/IMG_5991-1536x864.jpg 1536w, https:\/\/passeurspatrimoineplogonnec.fr\/wp-content\/uploads\/2023\/03\/IMG_5991.jpg 2016w\" sizes=\"auto, (max-width: 1024px) 100vw, 1024px\" \/><\/figure>\n\n\n\n<figure class=\"wp-block-image size-large\"><img loading=\"lazy\" decoding=\"async\" width=\"1024\" height=\"576\" data-id=\"2257\" src=\"http:\/\/passeurspatrimoineplogonnec.fr\/wp-content\/uploads\/2023\/03\/IMG_5992-1024x576.jpg\" alt=\"\" class=\"wp-image-2257\" srcset=\"https:\/\/passeurspatrimoineplogonnec.fr\/wp-content\/uploads\/2023\/03\/IMG_5992-1024x576.jpg 1024w, https:\/\/passeurspatrimoineplogonnec.fr\/wp-content\/uploads\/2023\/03\/IMG_5992-300x169.jpg 300w, https:\/\/passeurspatrimoineplogonnec.fr\/wp-content\/uploads\/2023\/03\/IMG_5992-768x432.jpg 768w, https:\/\/passeurspatrimoineplogonnec.fr\/wp-content\/uploads\/2023\/03\/IMG_5992-1536x864.jpg 1536w, https:\/\/passeurspatrimoineplogonnec.fr\/wp-content\/uploads\/2023\/03\/IMG_5992.jpg 2016w\" sizes=\"auto, (max-width: 1024px) 100vw, 1024px\" \/><\/figure>\n\n\n\n<figure class=\"wp-block-image size-large\"><img loading=\"lazy\" decoding=\"async\" width=\"1024\" height=\"768\" data-id=\"2259\" src=\"http:\/\/passeurspatrimoineplogonnec.fr\/wp-content\/uploads\/2023\/03\/IMG_6001-1024x768.jpg\" alt=\"\" class=\"wp-image-2259\" srcset=\"https:\/\/passeurspatrimoineplogonnec.fr\/wp-content\/uploads\/2023\/03\/IMG_6001-1024x768.jpg 1024w, https:\/\/passeurspatrimoineplogonnec.fr\/wp-content\/uploads\/2023\/03\/IMG_6001-300x225.jpg 300w, https:\/\/passeurspatrimoineplogonnec.fr\/wp-content\/uploads\/2023\/03\/IMG_6001-768x576.jpg 768w, https:\/\/passeurspatrimoineplogonnec.fr\/wp-content\/uploads\/2023\/03\/IMG_6001-1536x1152.jpg 1536w, https:\/\/passeurspatrimoineplogonnec.fr\/wp-content\/uploads\/2023\/03\/IMG_6001.jpg 2016w\" sizes=\"auto, (max-width: 1024px) 100vw, 1024px\" \/><\/figure>\n\n\n\n<figure class=\"wp-block-image size-large\"><img loading=\"lazy\" decoding=\"async\" width=\"1024\" height=\"576\" data-id=\"2262\" src=\"http:\/\/passeurspatrimoineplogonnec.fr\/wp-content\/uploads\/2023\/03\/IMG_6002-1024x576.jpg\" alt=\"\" class=\"wp-image-2262\" srcset=\"https:\/\/passeurspatrimoineplogonnec.fr\/wp-content\/uploads\/2023\/03\/IMG_6002-1024x576.jpg 1024w, https:\/\/passeurspatrimoineplogonnec.fr\/wp-content\/uploads\/2023\/03\/IMG_6002-300x169.jpg 300w, https:\/\/passeurspatrimoineplogonnec.fr\/wp-content\/uploads\/2023\/03\/IMG_6002-768x432.jpg 768w, https:\/\/passeurspatrimoineplogonnec.fr\/wp-content\/uploads\/2023\/03\/IMG_6002-1536x864.jpg 1536w, https:\/\/passeurspatrimoineplogonnec.fr\/wp-content\/uploads\/2023\/03\/IMG_6002.jpg 2016w\" sizes=\"auto, (max-width: 1024px) 100vw, 1024px\" \/><\/figure>\n\n\n\n<figure class=\"wp-block-image size-large\"><img loading=\"lazy\" decoding=\"async\" width=\"1024\" height=\"576\" data-id=\"2261\" src=\"http:\/\/passeurspatrimoineplogonnec.fr\/wp-content\/uploads\/2023\/03\/IMG_6011-1024x576.jpg\" alt=\"\" class=\"wp-image-2261\" srcset=\"https:\/\/passeurspatrimoineplogonnec.fr\/wp-content\/uploads\/2023\/03\/IMG_6011-1024x576.jpg 1024w, https:\/\/passeurspatrimoineplogonnec.fr\/wp-content\/uploads\/2023\/03\/IMG_6011-300x169.jpg 300w, https:\/\/passeurspatrimoineplogonnec.fr\/wp-content\/uploads\/2023\/03\/IMG_6011-768x432.jpg 768w, https:\/\/passeurspatrimoineplogonnec.fr\/wp-content\/uploads\/2023\/03\/IMG_6011-1536x864.jpg 1536w, https:\/\/passeurspatrimoineplogonnec.fr\/wp-content\/uploads\/2023\/03\/IMG_6011.jpg 2016w\" sizes=\"auto, (max-width: 1024px) 100vw, 1024px\" \/><\/figure>\n\n\n\n<figure class=\"wp-block-image size-large\"><img loading=\"lazy\" decoding=\"async\" width=\"1024\" height=\"768\" data-id=\"2258\" src=\"http:\/\/passeurspatrimoineplogonnec.fr\/wp-content\/uploads\/2023\/03\/IMG_6016-1024x768.jpg\" alt=\"\" class=\"wp-image-2258\" srcset=\"https:\/\/passeurspatrimoineplogonnec.fr\/wp-content\/uploads\/2023\/03\/IMG_6016-1024x768.jpg 1024w, https:\/\/passeurspatrimoineplogonnec.fr\/wp-content\/uploads\/2023\/03\/IMG_6016-300x225.jpg 300w, https:\/\/passeurspatrimoineplogonnec.fr\/wp-content\/uploads\/2023\/03\/IMG_6016-768x576.jpg 768w, https:\/\/passeurspatrimoineplogonnec.fr\/wp-content\/uploads\/2023\/03\/IMG_6016-1536x1152.jpg 1536w, https:\/\/passeurspatrimoineplogonnec.fr\/wp-content\/uploads\/2023\/03\/IMG_6016.jpg 2016w\" sizes=\"auto, (max-width: 1024px) 100vw, 1024px\" \/><\/figure>\n\n\n\n<figure class=\"wp-block-image size-large\"><img loading=\"lazy\" decoding=\"async\" width=\"768\" height=\"1024\" data-id=\"2263\" src=\"http:\/\/passeurspatrimoineplogonnec.fr\/wp-content\/uploads\/2023\/03\/IMG_6018-768x1024.jpg\" alt=\"\" class=\"wp-image-2263\" srcset=\"https:\/\/passeurspatrimoineplogonnec.fr\/wp-content\/uploads\/2023\/03\/IMG_6018-768x1024.jpg 768w, https:\/\/passeurspatrimoineplogonnec.fr\/wp-content\/uploads\/2023\/03\/IMG_6018-225x300.jpg 225w, https:\/\/passeurspatrimoineplogonnec.fr\/wp-content\/uploads\/2023\/03\/IMG_6018-1152x1536.jpg 1152w, https:\/\/passeurspatrimoineplogonnec.fr\/wp-content\/uploads\/2023\/03\/IMG_6018-rotated.jpg 1512w\" sizes=\"auto, (max-width: 768px) 100vw, 768px\" \/><\/figure>\n\n\n\n<figure class=\"wp-block-image size-large\"><img loading=\"lazy\" decoding=\"async\" width=\"1024\" height=\"768\" data-id=\"2264\" src=\"http:\/\/passeurspatrimoineplogonnec.fr\/wp-content\/uploads\/2023\/03\/IMG_6033-1024x768.jpg\" alt=\"\" class=\"wp-image-2264\" srcset=\"https:\/\/passeurspatrimoineplogonnec.fr\/wp-content\/uploads\/2023\/03\/IMG_6033-1024x768.jpg 1024w, https:\/\/passeurspatrimoineplogonnec.fr\/wp-content\/uploads\/2023\/03\/IMG_6033-300x225.jpg 300w, https:\/\/passeurspatrimoineplogonnec.fr\/wp-content\/uploads\/2023\/03\/IMG_6033-768x576.jpg 768w, https:\/\/passeurspatrimoineplogonnec.fr\/wp-content\/uploads\/2023\/03\/IMG_6033-1536x1152.jpg 1536w, https:\/\/passeurspatrimoineplogonnec.fr\/wp-content\/uploads\/2023\/03\/IMG_6033.jpg 2016w\" sizes=\"auto, (max-width: 1024px) 100vw, 1024px\" \/><\/figure>\n\n\n\n<figure class=\"wp-block-image size-large\"><img loading=\"lazy\" decoding=\"async\" width=\"768\" height=\"1024\" data-id=\"2266\" src=\"http:\/\/passeurspatrimoineplogonnec.fr\/wp-content\/uploads\/2023\/03\/IMG_6036-768x1024.jpg\" alt=\"\" class=\"wp-image-2266\" srcset=\"https:\/\/passeurspatrimoineplogonnec.fr\/wp-content\/uploads\/2023\/03\/IMG_6036-768x1024.jpg 768w, https:\/\/passeurspatrimoineplogonnec.fr\/wp-content\/uploads\/2023\/03\/IMG_6036-225x300.jpg 225w, https:\/\/passeurspatrimoineplogonnec.fr\/wp-content\/uploads\/2023\/03\/IMG_6036-1152x1536.jpg 1152w, https:\/\/passeurspatrimoineplogonnec.fr\/wp-content\/uploads\/2023\/03\/IMG_6036-rotated.jpg 1512w\" sizes=\"auto, (max-width: 768px) 100vw, 768px\" \/><\/figure>\n\n\n\n<figure class=\"wp-block-image size-large\"><img loading=\"lazy\" decoding=\"async\" width=\"768\" height=\"1024\" data-id=\"2265\" src=\"http:\/\/passeurspatrimoineplogonnec.fr\/wp-content\/uploads\/2023\/03\/IMG_6037-768x1024.jpg\" alt=\"\" class=\"wp-image-2265\" srcset=\"https:\/\/passeurspatrimoineplogonnec.fr\/wp-content\/uploads\/2023\/03\/IMG_6037-768x1024.jpg 768w, https:\/\/passeurspatrimoineplogonnec.fr\/wp-content\/uploads\/2023\/03\/IMG_6037-225x300.jpg 225w, https:\/\/passeurspatrimoineplogonnec.fr\/wp-content\/uploads\/2023\/03\/IMG_6037-1152x1536.jpg 1152w, https:\/\/passeurspatrimoineplogonnec.fr\/wp-content\/uploads\/2023\/03\/IMG_6037-rotated.jpg 1512w\" sizes=\"auto, (max-width: 768px) 100vw, 768px\" \/><\/figure>\n\n\n\n<figure class=\"wp-block-image size-large\"><img loading=\"lazy\" decoding=\"async\" width=\"1024\" height=\"768\" data-id=\"2267\" src=\"http:\/\/passeurspatrimoineplogonnec.fr\/wp-content\/uploads\/2023\/03\/IMG_6059-1024x768.jpg\" alt=\"\" class=\"wp-image-2267\" srcset=\"https:\/\/passeurspatrimoineplogonnec.fr\/wp-content\/uploads\/2023\/03\/IMG_6059-1024x768.jpg 1024w, https:\/\/passeurspatrimoineplogonnec.fr\/wp-content\/uploads\/2023\/03\/IMG_6059-300x225.jpg 300w, https:\/\/passeurspatrimoineplogonnec.fr\/wp-content\/uploads\/2023\/03\/IMG_6059-768x576.jpg 768w, https:\/\/passeurspatrimoineplogonnec.fr\/wp-content\/uploads\/2023\/03\/IMG_6059-1536x1152.jpg 1536w, https:\/\/passeurspatrimoineplogonnec.fr\/wp-content\/uploads\/2023\/03\/IMG_6059.jpg 2016w\" sizes=\"auto, (max-width: 1024px) 100vw, 1024px\" \/><\/figure>\n<\/figure>\n","protected":false},"excerpt":{"rendered":"<p>Le projet : &#8211;&nbsp;&nbsp;&nbsp;&nbsp;&nbsp;&nbsp;&nbsp;&nbsp;&nbsp;&nbsp;Les expropriations (propri\u00e9taires concern\u00e9s, surfaces, proc\u00e8s, &#8230;) &#8211;&nbsp;&nbsp;&nbsp;&nbsp;&nbsp;&nbsp;&nbsp;&nbsp;&nbsp;&nbsp;La construction (dur\u00e9e, ouvriers, \u2026) &#8211;&nbsp;&nbsp;&nbsp;&nbsp;&nbsp;&nbsp;&nbsp;&nbsp;&nbsp;&nbsp;Les ouvrages d&rsquo;art &#8211;&nbsp;&nbsp;&nbsp;&nbsp;&nbsp; &nbsp; Les&nbsp;&nbsp;&nbsp;carri\u00e8res &#8211;&nbsp;&nbsp;&nbsp;&nbsp;&nbsp;&nbsp;&nbsp;&nbsp;&nbsp;Les anecdotes (anciennes ou r\u00e9centes) &#8211;&nbsp;&nbsp;&nbsp;&nbsp;&nbsp;&nbsp;&nbsp;&nbsp;&nbsp;Les accidents &#8211;&nbsp;&nbsp;&nbsp;&nbsp;&nbsp;&nbsp;&nbsp;&nbsp;&nbsp;Tout ce qui a pu se passer en plus de 150 ans &hellip; <a href=\"https:\/\/passeurspatrimoineplogonnec.fr\/?page_id=1825\">Continuer la lecture <span class=\"meta-nav\">&rarr;<\/span><\/a><\/p>\n","protected":false},"author":1,"featured_media":0,"parent":0,"menu_order":0,"comment_status":"closed","ping_status":"closed","template":"","meta":{"footnotes":""},"class_list":["post-1825","page","type-page","status-publish","hentry"],"yoast_head":"<!-- This site is optimized with the Yoast SEO plugin v27.3 - https:\/\/yoast.com\/product\/yoast-seo-wordpress\/ -->\n<title>Construction de la voie de chemin de fer sur Plogonnec. - Passeurs de Patrimoine de Plogonnec<\/title>\n<meta name=\"robots\" content=\"index, follow, max-snippet:-1, max-image-preview:large, max-video-preview:-1\" \/>\n<link rel=\"canonical\" href=\"https:\/\/passeurspatrimoineplogonnec.fr\/?page_id=1825\" \/>\n<meta property=\"og:locale\" content=\"fr_FR\" \/>\n<meta property=\"og:type\" content=\"article\" \/>\n<meta property=\"og:title\" content=\"Construction de la voie de chemin de fer sur Plogonnec. - Passeurs de Patrimoine de Plogonnec\" \/>\n<meta property=\"og:description\" content=\"Le projet : &#8211;&nbsp;&nbsp;&nbsp;&nbsp;&nbsp;&nbsp;&nbsp;&nbsp;&nbsp;&nbsp;Les expropriations (propri\u00e9taires concern\u00e9s, surfaces, proc\u00e8s, &#8230;) &#8211;&nbsp;&nbsp;&nbsp;&nbsp;&nbsp;&nbsp;&nbsp;&nbsp;&nbsp;&nbsp;La construction (dur\u00e9e, ouvriers, \u2026) &#8211;&nbsp;&nbsp;&nbsp;&nbsp;&nbsp;&nbsp;&nbsp;&nbsp;&nbsp;&nbsp;Les ouvrages d&rsquo;art &#8211;&nbsp;&nbsp;&nbsp;&nbsp;&nbsp; &nbsp; Les&nbsp;&nbsp;&nbsp;carri\u00e8res &#8211;&nbsp;&nbsp;&nbsp;&nbsp;&nbsp;&nbsp;&nbsp;&nbsp;&nbsp;Les anecdotes (anciennes ou r\u00e9centes) &#8211;&nbsp;&nbsp;&nbsp;&nbsp;&nbsp;&nbsp;&nbsp;&nbsp;&nbsp;Les accidents &#8211;&nbsp;&nbsp;&nbsp;&nbsp;&nbsp;&nbsp;&nbsp;&nbsp;&nbsp;Tout ce qui a pu se passer en plus de 150 ans &hellip; Continuer la lecture &rarr;\" \/>\n<meta property=\"og:url\" content=\"https:\/\/passeurspatrimoineplogonnec.fr\/?page_id=1825\" \/>\n<meta property=\"og:site_name\" content=\"Passeurs de Patrimoine de Plogonnec\" \/>\n<meta property=\"article:modified_time\" content=\"2023-11-12T12:48:11+00:00\" \/>\n<meta property=\"og:image\" content=\"http:\/\/passeurspatrimoineplogonnec.fr\/wp-content\/uploads\/2022\/12\/Plan-de-la-voie-ferree-2-768x1024.jpg\" \/>\n<meta name=\"twitter:card\" content=\"summary_large_image\" \/>\n<meta name=\"twitter:label1\" content=\"Dur\u00e9e de lecture estim\u00e9e\" \/>\n\t<meta name=\"twitter:data1\" content=\"4 minutes\" \/>\n<script type=\"application\/ld+json\" class=\"yoast-schema-graph\">{\"@context\":\"https:\\\/\\\/schema.org\",\"@graph\":[{\"@type\":\"WebPage\",\"@id\":\"https:\\\/\\\/passeurspatrimoineplogonnec.fr\\\/?page_id=1825\",\"url\":\"https:\\\/\\\/passeurspatrimoineplogonnec.fr\\\/?page_id=1825\",\"name\":\"Construction de la voie de chemin de fer sur Plogonnec. - Passeurs de Patrimoine de Plogonnec\",\"isPartOf\":{\"@id\":\"https:\\\/\\\/passeurspatrimoineplogonnec.fr\\\/#website\"},\"primaryImageOfPage\":{\"@id\":\"https:\\\/\\\/passeurspatrimoineplogonnec.fr\\\/?page_id=1825#primaryimage\"},\"image\":{\"@id\":\"https:\\\/\\\/passeurspatrimoineplogonnec.fr\\\/?page_id=1825#primaryimage\"},\"thumbnailUrl\":\"http:\\\/\\\/passeurspatrimoineplogonnec.fr\\\/wp-content\\\/uploads\\\/2022\\\/12\\\/Plan-de-la-voie-ferree-2-768x1024.jpg\",\"datePublished\":\"2022-10-18T07:52:59+00:00\",\"dateModified\":\"2023-11-12T12:48:11+00:00\",\"breadcrumb\":{\"@id\":\"https:\\\/\\\/passeurspatrimoineplogonnec.fr\\\/?page_id=1825#breadcrumb\"},\"inLanguage\":\"fr-FR\",\"potentialAction\":[{\"@type\":\"ReadAction\",\"target\":[\"https:\\\/\\\/passeurspatrimoineplogonnec.fr\\\/?page_id=1825\"]}]},{\"@type\":\"ImageObject\",\"inLanguage\":\"fr-FR\",\"@id\":\"https:\\\/\\\/passeurspatrimoineplogonnec.fr\\\/?page_id=1825#primaryimage\",\"url\":\"http:\\\/\\\/passeurspatrimoineplogonnec.fr\\\/wp-content\\\/uploads\\\/2022\\\/12\\\/Plan-de-la-voie-ferree-2-768x1024.jpg\",\"contentUrl\":\"http:\\\/\\\/passeurspatrimoineplogonnec.fr\\\/wp-content\\\/uploads\\\/2022\\\/12\\\/Plan-de-la-voie-ferree-2-768x1024.jpg\"},{\"@type\":\"BreadcrumbList\",\"@id\":\"https:\\\/\\\/passeurspatrimoineplogonnec.fr\\\/?page_id=1825#breadcrumb\",\"itemListElement\":[{\"@type\":\"ListItem\",\"position\":1,\"name\":\"Accueil\",\"item\":\"https:\\\/\\\/passeurspatrimoineplogonnec.fr\\\/\"},{\"@type\":\"ListItem\",\"position\":2,\"name\":\"Construction de la voie de chemin de fer sur Plogonnec.\"}]},{\"@type\":\"WebSite\",\"@id\":\"https:\\\/\\\/passeurspatrimoineplogonnec.fr\\\/#website\",\"url\":\"https:\\\/\\\/passeurspatrimoineplogonnec.fr\\\/\",\"name\":\"Passeurs de Patrimoine de Plogonnec\",\"description\":\"\",\"potentialAction\":[{\"@type\":\"SearchAction\",\"target\":{\"@type\":\"EntryPoint\",\"urlTemplate\":\"https:\\\/\\\/passeurspatrimoineplogonnec.fr\\\/?s={search_term_string}\"},\"query-input\":{\"@type\":\"PropertyValueSpecification\",\"valueRequired\":true,\"valueName\":\"search_term_string\"}}],\"inLanguage\":\"fr-FR\"}]}<\/script>\n<!-- \/ Yoast SEO plugin. -->","yoast_head_json":{"title":"Construction de la voie de chemin de fer sur Plogonnec. - Passeurs de Patrimoine de Plogonnec","robots":{"index":"index","follow":"follow","max-snippet":"max-snippet:-1","max-image-preview":"max-image-preview:large","max-video-preview":"max-video-preview:-1"},"canonical":"https:\/\/passeurspatrimoineplogonnec.fr\/?page_id=1825","og_locale":"fr_FR","og_type":"article","og_title":"Construction de la voie de chemin de fer sur Plogonnec. - Passeurs de Patrimoine de Plogonnec","og_description":"Le projet : &#8211;&nbsp;&nbsp;&nbsp;&nbsp;&nbsp;&nbsp;&nbsp;&nbsp;&nbsp;&nbsp;Les expropriations (propri\u00e9taires concern\u00e9s, surfaces, proc\u00e8s, &#8230;) &#8211;&nbsp;&nbsp;&nbsp;&nbsp;&nbsp;&nbsp;&nbsp;&nbsp;&nbsp;&nbsp;La construction (dur\u00e9e, ouvriers, \u2026) &#8211;&nbsp;&nbsp;&nbsp;&nbsp;&nbsp;&nbsp;&nbsp;&nbsp;&nbsp;&nbsp;Les ouvrages d&rsquo;art &#8211;&nbsp;&nbsp;&nbsp;&nbsp;&nbsp; &nbsp; Les&nbsp;&nbsp;&nbsp;carri\u00e8res &#8211;&nbsp;&nbsp;&nbsp;&nbsp;&nbsp;&nbsp;&nbsp;&nbsp;&nbsp;Les anecdotes (anciennes ou r\u00e9centes) &#8211;&nbsp;&nbsp;&nbsp;&nbsp;&nbsp;&nbsp;&nbsp;&nbsp;&nbsp;Les accidents &#8211;&nbsp;&nbsp;&nbsp;&nbsp;&nbsp;&nbsp;&nbsp;&nbsp;&nbsp;Tout ce qui a pu se passer en plus de 150 ans &hellip; Continuer la lecture &rarr;","og_url":"https:\/\/passeurspatrimoineplogonnec.fr\/?page_id=1825","og_site_name":"Passeurs de Patrimoine de Plogonnec","article_modified_time":"2023-11-12T12:48:11+00:00","og_image":[{"url":"http:\/\/passeurspatrimoineplogonnec.fr\/wp-content\/uploads\/2022\/12\/Plan-de-la-voie-ferree-2-768x1024.jpg","type":"","width":"","height":""}],"twitter_card":"summary_large_image","twitter_misc":{"Dur\u00e9e de lecture estim\u00e9e":"4 minutes"},"schema":{"@context":"https:\/\/schema.org","@graph":[{"@type":"WebPage","@id":"https:\/\/passeurspatrimoineplogonnec.fr\/?page_id=1825","url":"https:\/\/passeurspatrimoineplogonnec.fr\/?page_id=1825","name":"Construction de la voie de chemin de fer sur Plogonnec. - Passeurs de Patrimoine de Plogonnec","isPartOf":{"@id":"https:\/\/passeurspatrimoineplogonnec.fr\/#website"},"primaryImageOfPage":{"@id":"https:\/\/passeurspatrimoineplogonnec.fr\/?page_id=1825#primaryimage"},"image":{"@id":"https:\/\/passeurspatrimoineplogonnec.fr\/?page_id=1825#primaryimage"},"thumbnailUrl":"http:\/\/passeurspatrimoineplogonnec.fr\/wp-content\/uploads\/2022\/12\/Plan-de-la-voie-ferree-2-768x1024.jpg","datePublished":"2022-10-18T07:52:59+00:00","dateModified":"2023-11-12T12:48:11+00:00","breadcrumb":{"@id":"https:\/\/passeurspatrimoineplogonnec.fr\/?page_id=1825#breadcrumb"},"inLanguage":"fr-FR","potentialAction":[{"@type":"ReadAction","target":["https:\/\/passeurspatrimoineplogonnec.fr\/?page_id=1825"]}]},{"@type":"ImageObject","inLanguage":"fr-FR","@id":"https:\/\/passeurspatrimoineplogonnec.fr\/?page_id=1825#primaryimage","url":"http:\/\/passeurspatrimoineplogonnec.fr\/wp-content\/uploads\/2022\/12\/Plan-de-la-voie-ferree-2-768x1024.jpg","contentUrl":"http:\/\/passeurspatrimoineplogonnec.fr\/wp-content\/uploads\/2022\/12\/Plan-de-la-voie-ferree-2-768x1024.jpg"},{"@type":"BreadcrumbList","@id":"https:\/\/passeurspatrimoineplogonnec.fr\/?page_id=1825#breadcrumb","itemListElement":[{"@type":"ListItem","position":1,"name":"Accueil","item":"https:\/\/passeurspatrimoineplogonnec.fr\/"},{"@type":"ListItem","position":2,"name":"Construction de la voie de chemin de fer sur Plogonnec."}]},{"@type":"WebSite","@id":"https:\/\/passeurspatrimoineplogonnec.fr\/#website","url":"https:\/\/passeurspatrimoineplogonnec.fr\/","name":"Passeurs de Patrimoine de Plogonnec","description":"","potentialAction":[{"@type":"SearchAction","target":{"@type":"EntryPoint","urlTemplate":"https:\/\/passeurspatrimoineplogonnec.fr\/?s={search_term_string}"},"query-input":{"@type":"PropertyValueSpecification","valueRequired":true,"valueName":"search_term_string"}}],"inLanguage":"fr-FR"}]}},"_links":{"self":[{"href":"https:\/\/passeurspatrimoineplogonnec.fr\/index.php?rest_route=\/wp\/v2\/pages\/1825","targetHints":{"allow":["GET"]}}],"collection":[{"href":"https:\/\/passeurspatrimoineplogonnec.fr\/index.php?rest_route=\/wp\/v2\/pages"}],"about":[{"href":"https:\/\/passeurspatrimoineplogonnec.fr\/index.php?rest_route=\/wp\/v2\/types\/page"}],"author":[{"embeddable":true,"href":"https:\/\/passeurspatrimoineplogonnec.fr\/index.php?rest_route=\/wp\/v2\/users\/1"}],"replies":[{"embeddable":true,"href":"https:\/\/passeurspatrimoineplogonnec.fr\/index.php?rest_route=%2Fwp%2Fv2%2Fcomments&post=1825"}],"version-history":[{"count":26,"href":"https:\/\/passeurspatrimoineplogonnec.fr\/index.php?rest_route=\/wp\/v2\/pages\/1825\/revisions"}],"predecessor-version":[{"id":2977,"href":"https:\/\/passeurspatrimoineplogonnec.fr\/index.php?rest_route=\/wp\/v2\/pages\/1825\/revisions\/2977"}],"wp:attachment":[{"href":"https:\/\/passeurspatrimoineplogonnec.fr\/index.php?rest_route=%2Fwp%2Fv2%2Fmedia&parent=1825"}],"curies":[{"name":"wp","href":"https:\/\/api.w.org\/{rel}","templated":true}]}}