{"id":223,"date":"2021-11-13T17:55:03","date_gmt":"2021-11-13T16:55:03","guid":{"rendered":"http:\/\/passeurspatrimoineplogonnec.fr\/?page_id=223"},"modified":"2023-11-11T17:43:38","modified_gmt":"2023-11-11T16:43:38","slug":"11-novembre-2021","status":"publish","type":"page","link":"https:\/\/passeurspatrimoineplogonnec.fr\/?page_id=223","title":{"rendered":"11 novembre 2021"},"content":{"rendered":"\n<p><strong><a rel=\"noreferrer noopener\" href=\"http:\/\/passeurspatrimoineplogonnec.fr\/wp-content\/uploads\/2021\/11\/Texte-de-la-ceremonie.pdf\" target=\"_blank\">Texte de la c\u00e9r\u00e9monie comm\u00e9morative.<\/a><\/strong><\/p>\n\n\n\n<figure class=\"wp-block-gallery has-nested-images columns-default is-cropped wp-block-gallery-1 is-layout-flex wp-block-gallery-is-layout-flex\">\n<figure class=\"wp-block-image size-large\"><a href=\"http:\/\/passeurspatrimoineplogonnec.fr\/wp-content\/uploads\/2021\/11\/11-novembre-2021-15.jpg\"><img loading=\"lazy\" decoding=\"async\" width=\"627\" height=\"417\" data-id=\"242\" src=\"http:\/\/passeurspatrimoineplogonnec.fr\/wp-content\/uploads\/2021\/11\/11-novembre-2021-15.jpg\" alt=\"\" class=\"wp-image-242\" srcset=\"https:\/\/passeurspatrimoineplogonnec.fr\/wp-content\/uploads\/2021\/11\/11-novembre-2021-15.jpg 627w, https:\/\/passeurspatrimoineplogonnec.fr\/wp-content\/uploads\/2021\/11\/11-novembre-2021-15-300x200.jpg 300w\" sizes=\"auto, (max-width: 627px) 100vw, 627px\" \/><\/a><\/figure>\n\n\n\n<figure class=\"wp-block-image size-large\"><a href=\"http:\/\/passeurspatrimoineplogonnec.fr\/wp-content\/uploads\/2021\/11\/11-novembre-2021-19.jpg\"><img loading=\"lazy\" decoding=\"async\" width=\"627\" height=\"417\" data-id=\"243\" src=\"http:\/\/passeurspatrimoineplogonnec.fr\/wp-content\/uploads\/2021\/11\/11-novembre-2021-19.jpg\" alt=\"\" class=\"wp-image-243\" srcset=\"https:\/\/passeurspatrimoineplogonnec.fr\/wp-content\/uploads\/2021\/11\/11-novembre-2021-19.jpg 627w, https:\/\/passeurspatrimoineplogonnec.fr\/wp-content\/uploads\/2021\/11\/11-novembre-2021-19-300x200.jpg 300w\" sizes=\"auto, (max-width: 627px) 100vw, 627px\" \/><\/a><\/figure>\n\n\n\n<figure class=\"wp-block-image size-large\"><a href=\"http:\/\/passeurspatrimoineplogonnec.fr\/wp-content\/uploads\/2021\/11\/11-novembre-2021-20.jpg\"><img loading=\"lazy\" decoding=\"async\" width=\"627\" height=\"417\" data-id=\"240\" src=\"http:\/\/passeurspatrimoineplogonnec.fr\/wp-content\/uploads\/2021\/11\/11-novembre-2021-20.jpg\" alt=\"\" class=\"wp-image-240\" srcset=\"https:\/\/passeurspatrimoineplogonnec.fr\/wp-content\/uploads\/2021\/11\/11-novembre-2021-20.jpg 627w, https:\/\/passeurspatrimoineplogonnec.fr\/wp-content\/uploads\/2021\/11\/11-novembre-2021-20-300x200.jpg 300w\" sizes=\"auto, (max-width: 627px) 100vw, 627px\" \/><\/a><\/figure>\n\n\n\n<figure class=\"wp-block-image size-large\"><a href=\"http:\/\/passeurspatrimoineplogonnec.fr\/wp-content\/uploads\/2021\/11\/11-novembre-2021-21.jpg\"><img loading=\"lazy\" decoding=\"async\" width=\"627\" height=\"417\" data-id=\"241\" src=\"http:\/\/passeurspatrimoineplogonnec.fr\/wp-content\/uploads\/2021\/11\/11-novembre-2021-21.jpg\" alt=\"\" class=\"wp-image-241\" srcset=\"https:\/\/passeurspatrimoineplogonnec.fr\/wp-content\/uploads\/2021\/11\/11-novembre-2021-21.jpg 627w, https:\/\/passeurspatrimoineplogonnec.fr\/wp-content\/uploads\/2021\/11\/11-novembre-2021-21-300x200.jpg 300w\" sizes=\"auto, (max-width: 627px) 100vw, 627px\" \/><\/a><\/figure>\n\n\n\n<figure class=\"wp-block-image size-large\"><a href=\"http:\/\/passeurspatrimoineplogonnec.fr\/wp-content\/uploads\/2021\/11\/11-novembre-2021-17.jpg\"><img loading=\"lazy\" decoding=\"async\" width=\"627\" height=\"417\" data-id=\"238\" src=\"http:\/\/passeurspatrimoineplogonnec.fr\/wp-content\/uploads\/2021\/11\/11-novembre-2021-17.jpg\" alt=\"\" class=\"wp-image-238\" srcset=\"https:\/\/passeurspatrimoineplogonnec.fr\/wp-content\/uploads\/2021\/11\/11-novembre-2021-17.jpg 627w, https:\/\/passeurspatrimoineplogonnec.fr\/wp-content\/uploads\/2021\/11\/11-novembre-2021-17-300x200.jpg 300w\" sizes=\"auto, (max-width: 627px) 100vw, 627px\" \/><\/a><\/figure>\n\n\n\n<figure class=\"wp-block-image size-large\"><a href=\"http:\/\/passeurspatrimoineplogonnec.fr\/wp-content\/uploads\/2021\/11\/11-novembre-2021-18.jpg\"><img loading=\"lazy\" decoding=\"async\" width=\"627\" height=\"417\" data-id=\"239\" src=\"http:\/\/passeurspatrimoineplogonnec.fr\/wp-content\/uploads\/2021\/11\/11-novembre-2021-18.jpg\" alt=\"\" class=\"wp-image-239\" srcset=\"https:\/\/passeurspatrimoineplogonnec.fr\/wp-content\/uploads\/2021\/11\/11-novembre-2021-18.jpg 627w, https:\/\/passeurspatrimoineplogonnec.fr\/wp-content\/uploads\/2021\/11\/11-novembre-2021-18-300x200.jpg 300w\" sizes=\"auto, (max-width: 627px) 100vw, 627px\" \/><\/a><\/figure>\n\n\n\n<figure class=\"wp-block-image size-large\"><a href=\"http:\/\/passeurspatrimoineplogonnec.fr\/wp-content\/uploads\/2021\/11\/11-novembre-2021-16.jpg\"><img loading=\"lazy\" decoding=\"async\" width=\"627\" height=\"417\" data-id=\"237\" src=\"http:\/\/passeurspatrimoineplogonnec.fr\/wp-content\/uploads\/2021\/11\/11-novembre-2021-16.jpg\" alt=\"\" class=\"wp-image-237\" srcset=\"https:\/\/passeurspatrimoineplogonnec.fr\/wp-content\/uploads\/2021\/11\/11-novembre-2021-16.jpg 627w, https:\/\/passeurspatrimoineplogonnec.fr\/wp-content\/uploads\/2021\/11\/11-novembre-2021-16-300x200.jpg 300w\" sizes=\"auto, (max-width: 627px) 100vw, 627px\" \/><\/a><\/figure>\n\n\n\n<figure class=\"wp-block-image size-large\"><a href=\"http:\/\/passeurspatrimoineplogonnec.fr\/wp-content\/uploads\/2021\/11\/11-novembre-2021-14.jpg\"><img loading=\"lazy\" decoding=\"async\" width=\"627\" height=\"417\" data-id=\"236\" src=\"http:\/\/passeurspatrimoineplogonnec.fr\/wp-content\/uploads\/2021\/11\/11-novembre-2021-14.jpg\" alt=\"\" class=\"wp-image-236\" srcset=\"https:\/\/passeurspatrimoineplogonnec.fr\/wp-content\/uploads\/2021\/11\/11-novembre-2021-14.jpg 627w, https:\/\/passeurspatrimoineplogonnec.fr\/wp-content\/uploads\/2021\/11\/11-novembre-2021-14-300x200.jpg 300w\" sizes=\"auto, (max-width: 627px) 100vw, 627px\" \/><\/a><\/figure>\n\n\n\n<figure class=\"wp-block-image size-large\"><a href=\"http:\/\/passeurspatrimoineplogonnec.fr\/wp-content\/uploads\/2021\/11\/11-novembre-2021-13.jpg\"><img loading=\"lazy\" decoding=\"async\" width=\"627\" height=\"417\" data-id=\"235\" src=\"http:\/\/passeurspatrimoineplogonnec.fr\/wp-content\/uploads\/2021\/11\/11-novembre-2021-13.jpg\" alt=\"\" class=\"wp-image-235\" srcset=\"https:\/\/passeurspatrimoineplogonnec.fr\/wp-content\/uploads\/2021\/11\/11-novembre-2021-13.jpg 627w, https:\/\/passeurspatrimoineplogonnec.fr\/wp-content\/uploads\/2021\/11\/11-novembre-2021-13-300x200.jpg 300w\" sizes=\"auto, (max-width: 627px) 100vw, 627px\" \/><\/a><\/figure>\n\n\n\n<figure class=\"wp-block-image size-large\"><a href=\"http:\/\/passeurspatrimoineplogonnec.fr\/wp-content\/uploads\/2021\/11\/11-novembre-2021-10.jpg\"><img loading=\"lazy\" decoding=\"async\" width=\"627\" height=\"417\" data-id=\"233\" src=\"http:\/\/passeurspatrimoineplogonnec.fr\/wp-content\/uploads\/2021\/11\/11-novembre-2021-10.jpg\" alt=\"\" class=\"wp-image-233\" srcset=\"https:\/\/passeurspatrimoineplogonnec.fr\/wp-content\/uploads\/2021\/11\/11-novembre-2021-10.jpg 627w, https:\/\/passeurspatrimoineplogonnec.fr\/wp-content\/uploads\/2021\/11\/11-novembre-2021-10-300x200.jpg 300w\" sizes=\"auto, (max-width: 627px) 100vw, 627px\" \/><\/a><\/figure>\n\n\n\n<figure class=\"wp-block-image size-large\"><a href=\"http:\/\/passeurspatrimoineplogonnec.fr\/wp-content\/uploads\/2021\/11\/11-novembre-2021-11-.jpg\"><img loading=\"lazy\" decoding=\"async\" width=\"627\" height=\"417\" data-id=\"234\" src=\"http:\/\/passeurspatrimoineplogonnec.fr\/wp-content\/uploads\/2021\/11\/11-novembre-2021-11-.jpg\" alt=\"\" class=\"wp-image-234\" srcset=\"https:\/\/passeurspatrimoineplogonnec.fr\/wp-content\/uploads\/2021\/11\/11-novembre-2021-11-.jpg 627w, https:\/\/passeurspatrimoineplogonnec.fr\/wp-content\/uploads\/2021\/11\/11-novembre-2021-11--300x200.jpg 300w\" sizes=\"auto, (max-width: 627px) 100vw, 627px\" \/><\/a><\/figure>\n\n\n\n<figure class=\"wp-block-image size-large\"><a href=\"http:\/\/passeurspatrimoineplogonnec.fr\/wp-content\/uploads\/2021\/11\/11-novembre-2021-2.jpg\"><img loading=\"lazy\" decoding=\"async\" width=\"627\" height=\"417\" data-id=\"232\" src=\"http:\/\/passeurspatrimoineplogonnec.fr\/wp-content\/uploads\/2021\/11\/11-novembre-2021-2.jpg\" alt=\"\" class=\"wp-image-232\" srcset=\"https:\/\/passeurspatrimoineplogonnec.fr\/wp-content\/uploads\/2021\/11\/11-novembre-2021-2.jpg 627w, https:\/\/passeurspatrimoineplogonnec.fr\/wp-content\/uploads\/2021\/11\/11-novembre-2021-2-300x200.jpg 300w\" sizes=\"auto, (max-width: 627px) 100vw, 627px\" \/><\/a><\/figure>\n<\/figure>\n","protected":false},"excerpt":{"rendered":"<p>Texte de la c\u00e9r\u00e9monie comm\u00e9morative.<\/p>\n","protected":false},"author":1,"featured_media":0,"parent":0,"menu_order":0,"comment_status":"closed","ping_status":"closed","template":"","meta":{"footnotes":""},"class_list":["post-223","page","type-page","status-publish","hentry"],"yoast_head":"<!-- This site is optimized with the Yoast SEO plugin v27.4 - https:\/\/yoast.com\/product\/yoast-seo-wordpress\/ -->\n<title>11 novembre 2021 - Passeurs de Patrimoine de Plogonnec<\/title>\n<meta name=\"robots\" content=\"index, follow, max-snippet:-1, max-image-preview:large, max-video-preview:-1\" \/>\n<link rel=\"canonical\" href=\"https:\/\/passeurspatrimoineplogonnec.fr\/?page_id=223\" \/>\n<meta property=\"og:locale\" content=\"fr_FR\" \/>\n<meta property=\"og:type\" content=\"article\" \/>\n<meta property=\"og:title\" content=\"11 novembre 2021 - Passeurs de Patrimoine de Plogonnec\" \/>\n<meta property=\"og:description\" content=\"Texte de la c\u00e9r\u00e9monie comm\u00e9morative.\" \/>\n<meta property=\"og:url\" content=\"https:\/\/passeurspatrimoineplogonnec.fr\/?page_id=223\" \/>\n<meta property=\"og:site_name\" content=\"Passeurs de Patrimoine de Plogonnec\" \/>\n<meta property=\"article:modified_time\" content=\"2023-11-11T16:43:38+00:00\" \/>\n<meta property=\"og:image\" content=\"http:\/\/passeurspatrimoineplogonnec.fr\/wp-content\/uploads\/2021\/11\/11-novembre-2021-15.jpg\" \/>\n<meta name=\"twitter:card\" content=\"summary_large_image\" \/>\n<meta name=\"twitter:label1\" content=\"Dur\u00e9e de lecture estim\u00e9e\" \/>\n\t<meta name=\"twitter:data1\" content=\"3 minutes\" \/>\n<script type=\"application\/ld+json\" class=\"yoast-schema-graph\">{\"@context\":\"https:\\\/\\\/schema.org\",\"@graph\":[{\"@type\":\"WebPage\",\"@id\":\"https:\\\/\\\/passeurspatrimoineplogonnec.fr\\\/?page_id=223\",\"url\":\"https:\\\/\\\/passeurspatrimoineplogonnec.fr\\\/?page_id=223\",\"name\":\"11 novembre 2021 - Passeurs de Patrimoine de Plogonnec\",\"isPartOf\":{\"@id\":\"https:\\\/\\\/passeurspatrimoineplogonnec.fr\\\/#website\"},\"primaryImageOfPage\":{\"@id\":\"https:\\\/\\\/passeurspatrimoineplogonnec.fr\\\/?page_id=223#primaryimage\"},\"image\":{\"@id\":\"https:\\\/\\\/passeurspatrimoineplogonnec.fr\\\/?page_id=223#primaryimage\"},\"thumbnailUrl\":\"http:\\\/\\\/passeurspatrimoineplogonnec.fr\\\/wp-content\\\/uploads\\\/2021\\\/11\\\/11-novembre-2021-15.jpg\",\"datePublished\":\"2021-11-13T16:55:03+00:00\",\"dateModified\":\"2023-11-11T16:43:38+00:00\",\"breadcrumb\":{\"@id\":\"https:\\\/\\\/passeurspatrimoineplogonnec.fr\\\/?page_id=223#breadcrumb\"},\"inLanguage\":\"fr-FR\",\"potentialAction\":[{\"@type\":\"ReadAction\",\"target\":[\"https:\\\/\\\/passeurspatrimoineplogonnec.fr\\\/?page_id=223\"]}]},{\"@type\":\"ImageObject\",\"inLanguage\":\"fr-FR\",\"@id\":\"https:\\\/\\\/passeurspatrimoineplogonnec.fr\\\/?page_id=223#primaryimage\",\"url\":\"https:\\\/\\\/passeurspatrimoineplogonnec.fr\\\/wp-content\\\/uploads\\\/2021\\\/11\\\/11-novembre-2021-15.jpg\",\"contentUrl\":\"https:\\\/\\\/passeurspatrimoineplogonnec.fr\\\/wp-content\\\/uploads\\\/2021\\\/11\\\/11-novembre-2021-15.jpg\",\"width\":627,\"height\":417},{\"@type\":\"BreadcrumbList\",\"@id\":\"https:\\\/\\\/passeurspatrimoineplogonnec.fr\\\/?page_id=223#breadcrumb\",\"itemListElement\":[{\"@type\":\"ListItem\",\"position\":1,\"name\":\"Accueil\",\"item\":\"https:\\\/\\\/passeurspatrimoineplogonnec.fr\\\/\"},{\"@type\":\"ListItem\",\"position\":2,\"name\":\"11 novembre 2021\"}]},{\"@type\":\"WebSite\",\"@id\":\"https:\\\/\\\/passeurspatrimoineplogonnec.fr\\\/#website\",\"url\":\"https:\\\/\\\/passeurspatrimoineplogonnec.fr\\\/\",\"name\":\"Passeurs de Patrimoine de Plogonnec\",\"description\":\"\",\"potentialAction\":[{\"@type\":\"SearchAction\",\"target\":{\"@type\":\"EntryPoint\",\"urlTemplate\":\"https:\\\/\\\/passeurspatrimoineplogonnec.fr\\\/?s={search_term_string}\"},\"query-input\":{\"@type\":\"PropertyValueSpecification\",\"valueRequired\":true,\"valueName\":\"search_term_string\"}}],\"inLanguage\":\"fr-FR\"}]}<\/script>\n<!-- \/ Yoast SEO plugin. -->","yoast_head_json":{"title":"11 novembre 2021 - Passeurs de Patrimoine de Plogonnec","robots":{"index":"index","follow":"follow","max-snippet":"max-snippet:-1","max-image-preview":"max-image-preview:large","max-video-preview":"max-video-preview:-1"},"canonical":"https:\/\/passeurspatrimoineplogonnec.fr\/?page_id=223","og_locale":"fr_FR","og_type":"article","og_title":"11 novembre 2021 - Passeurs de Patrimoine de Plogonnec","og_description":"Texte de la c\u00e9r\u00e9monie comm\u00e9morative.","og_url":"https:\/\/passeurspatrimoineplogonnec.fr\/?page_id=223","og_site_name":"Passeurs de Patrimoine de Plogonnec","article_modified_time":"2023-11-11T16:43:38+00:00","og_image":[{"url":"http:\/\/passeurspatrimoineplogonnec.fr\/wp-content\/uploads\/2021\/11\/11-novembre-2021-15.jpg","type":"","width":"","height":""}],"twitter_card":"summary_large_image","twitter_misc":{"Dur\u00e9e de lecture estim\u00e9e":"3 minutes"},"schema":{"@context":"https:\/\/schema.org","@graph":[{"@type":"WebPage","@id":"https:\/\/passeurspatrimoineplogonnec.fr\/?page_id=223","url":"https:\/\/passeurspatrimoineplogonnec.fr\/?page_id=223","name":"11 novembre 2021 - Passeurs de Patrimoine de Plogonnec","isPartOf":{"@id":"https:\/\/passeurspatrimoineplogonnec.fr\/#website"},"primaryImageOfPage":{"@id":"https:\/\/passeurspatrimoineplogonnec.fr\/?page_id=223#primaryimage"},"image":{"@id":"https:\/\/passeurspatrimoineplogonnec.fr\/?page_id=223#primaryimage"},"thumbnailUrl":"http:\/\/passeurspatrimoineplogonnec.fr\/wp-content\/uploads\/2021\/11\/11-novembre-2021-15.jpg","datePublished":"2021-11-13T16:55:03+00:00","dateModified":"2023-11-11T16:43:38+00:00","breadcrumb":{"@id":"https:\/\/passeurspatrimoineplogonnec.fr\/?page_id=223#breadcrumb"},"inLanguage":"fr-FR","potentialAction":[{"@type":"ReadAction","target":["https:\/\/passeurspatrimoineplogonnec.fr\/?page_id=223"]}]},{"@type":"ImageObject","inLanguage":"fr-FR","@id":"https:\/\/passeurspatrimoineplogonnec.fr\/?page_id=223#primaryimage","url":"https:\/\/passeurspatrimoineplogonnec.fr\/wp-content\/uploads\/2021\/11\/11-novembre-2021-15.jpg","contentUrl":"https:\/\/passeurspatrimoineplogonnec.fr\/wp-content\/uploads\/2021\/11\/11-novembre-2021-15.jpg","width":627,"height":417},{"@type":"BreadcrumbList","@id":"https:\/\/passeurspatrimoineplogonnec.fr\/?page_id=223#breadcrumb","itemListElement":[{"@type":"ListItem","position":1,"name":"Accueil","item":"https:\/\/passeurspatrimoineplogonnec.fr\/"},{"@type":"ListItem","position":2,"name":"11 novembre 2021"}]},{"@type":"WebSite","@id":"https:\/\/passeurspatrimoineplogonnec.fr\/#website","url":"https:\/\/passeurspatrimoineplogonnec.fr\/","name":"Passeurs de Patrimoine de Plogonnec","description":"","potentialAction":[{"@type":"SearchAction","target":{"@type":"EntryPoint","urlTemplate":"https:\/\/passeurspatrimoineplogonnec.fr\/?s={search_term_string}"},"query-input":{"@type":"PropertyValueSpecification","valueRequired":true,"valueName":"search_term_string"}}],"inLanguage":"fr-FR"}]}},"_links":{"self":[{"href":"https:\/\/passeurspatrimoineplogonnec.fr\/index.php?rest_route=\/wp\/v2\/pages\/223","targetHints":{"allow":["GET"]}}],"collection":[{"href":"https:\/\/passeurspatrimoineplogonnec.fr\/index.php?rest_route=\/wp\/v2\/pages"}],"about":[{"href":"https:\/\/passeurspatrimoineplogonnec.fr\/index.php?rest_route=\/wp\/v2\/types\/page"}],"author":[{"embeddable":true,"href":"https:\/\/passeurspatrimoineplogonnec.fr\/index.php?rest_route=\/wp\/v2\/users\/1"}],"replies":[{"embeddable":true,"href":"https:\/\/passeurspatrimoineplogonnec.fr\/index.php?rest_route=%2Fwp%2Fv2%2Fcomments&post=223"}],"version-history":[{"count":7,"href":"https:\/\/passeurspatrimoineplogonnec.fr\/index.php?rest_route=\/wp\/v2\/pages\/223\/revisions"}],"predecessor-version":[{"id":3809,"href":"https:\/\/passeurspatrimoineplogonnec.fr\/index.php?rest_route=\/wp\/v2\/pages\/223\/revisions\/3809"}],"wp:attachment":[{"href":"https:\/\/passeurspatrimoineplogonnec.fr\/index.php?rest_route=%2Fwp%2Fv2%2Fmedia&parent=223"}],"curies":[{"name":"wp","href":"https:\/\/api.w.org\/{rel}","templated":true}]}}