{"id":2672,"date":"2023-04-10T19:10:20","date_gmt":"2023-04-10T17:10:20","guid":{"rendered":"http:\/\/passeurspatrimoineplogonnec.fr\/?page_id=2672"},"modified":"2023-04-13T10:43:43","modified_gmt":"2023-04-13T08:43:43","slug":"photos-de-la-1ere-journee-de-travaux-a-st-egonnec-le-06-avril-2023","status":"publish","type":"page","link":"https:\/\/passeurspatrimoineplogonnec.fr\/?page_id=2672","title":{"rendered":"Photos de la 1\u00e8re journ\u00e9e de travaux \u00e0 St Egonnec le 06 avril 2023."},"content":{"rendered":"\n<figure class=\"wp-block-gallery has-nested-images columns-default is-cropped wp-block-gallery-1 is-layout-flex wp-block-gallery-is-layout-flex\">\n<figure class=\"wp-block-image size-large\"><a href=\"http:\/\/passeurspatrimoineplogonnec.fr\/wp-content\/uploads\/2023\/04\/2023-04-06-St-Egonnec-1-rotated.jpg\" target=\"_blank\" rel=\"noreferrer noopener\"><img loading=\"lazy\" decoding=\"async\" width=\"480\" height=\"640\" data-id=\"2676\" src=\"http:\/\/passeurspatrimoineplogonnec.fr\/wp-content\/uploads\/2023\/04\/2023-04-06-St-Egonnec-1-rotated.jpg\" alt=\"\" class=\"wp-image-2676\" srcset=\"https:\/\/passeurspatrimoineplogonnec.fr\/wp-content\/uploads\/2023\/04\/2023-04-06-St-Egonnec-1-rotated.jpg 480w, https:\/\/passeurspatrimoineplogonnec.fr\/wp-content\/uploads\/2023\/04\/2023-04-06-St-Egonnec-1-225x300.jpg 225w\" sizes=\"auto, (max-width: 480px) 100vw, 480px\" \/><\/a><\/figure>\n\n\n\n<figure class=\"wp-block-image size-large\"><a href=\"http:\/\/passeurspatrimoineplogonnec.fr\/wp-content\/uploads\/2023\/04\/2023-04-06-St-Egonnec-3-rotated.jpg\" target=\"_blank\" rel=\"noreferrer noopener\"><img loading=\"lazy\" decoding=\"async\" width=\"480\" height=\"640\" data-id=\"2677\" src=\"http:\/\/passeurspatrimoineplogonnec.fr\/wp-content\/uploads\/2023\/04\/2023-04-06-St-Egonnec-3-rotated.jpg\" alt=\"\" class=\"wp-image-2677\" srcset=\"https:\/\/passeurspatrimoineplogonnec.fr\/wp-content\/uploads\/2023\/04\/2023-04-06-St-Egonnec-3-rotated.jpg 480w, https:\/\/passeurspatrimoineplogonnec.fr\/wp-content\/uploads\/2023\/04\/2023-04-06-St-Egonnec-3-225x300.jpg 225w\" sizes=\"auto, (max-width: 480px) 100vw, 480px\" \/><\/a><\/figure>\n\n\n\n<figure class=\"wp-block-image size-large\"><a href=\"http:\/\/passeurspatrimoineplogonnec.fr\/wp-content\/uploads\/2023\/04\/2023-04-06-St-Egonnec-4.jpg\" target=\"_blank\" rel=\"noreferrer noopener\"><img loading=\"lazy\" decoding=\"async\" width=\"640\" height=\"480\" data-id=\"2675\" src=\"http:\/\/passeurspatrimoineplogonnec.fr\/wp-content\/uploads\/2023\/04\/2023-04-06-St-Egonnec-4.jpg\" alt=\"\" class=\"wp-image-2675\" srcset=\"https:\/\/passeurspatrimoineplogonnec.fr\/wp-content\/uploads\/2023\/04\/2023-04-06-St-Egonnec-4.jpg 640w, https:\/\/passeurspatrimoineplogonnec.fr\/wp-content\/uploads\/2023\/04\/2023-04-06-St-Egonnec-4-300x225.jpg 300w\" sizes=\"auto, (max-width: 640px) 100vw, 640px\" \/><\/a><\/figure>\n\n\n\n<figure class=\"wp-block-image size-large\"><a href=\"http:\/\/passeurspatrimoineplogonnec.fr\/wp-content\/uploads\/2023\/04\/2023-04-06-St-Egonnec-5.jpg\" target=\"_blank\" rel=\"noreferrer noopener\"><img loading=\"lazy\" decoding=\"async\" width=\"640\" height=\"480\" data-id=\"2678\" src=\"http:\/\/passeurspatrimoineplogonnec.fr\/wp-content\/uploads\/2023\/04\/2023-04-06-St-Egonnec-5.jpg\" alt=\"\" class=\"wp-image-2678\" srcset=\"https:\/\/passeurspatrimoineplogonnec.fr\/wp-content\/uploads\/2023\/04\/2023-04-06-St-Egonnec-5.jpg 640w, https:\/\/passeurspatrimoineplogonnec.fr\/wp-content\/uploads\/2023\/04\/2023-04-06-St-Egonnec-5-300x225.jpg 300w\" sizes=\"auto, (max-width: 640px) 100vw, 640px\" \/><\/a><\/figure>\n\n\n\n<figure class=\"wp-block-image size-large\"><a href=\"http:\/\/passeurspatrimoineplogonnec.fr\/wp-content\/uploads\/2023\/04\/2023-04-06-St-Egonnec-7-rotated.jpg\" target=\"_blank\" rel=\"noreferrer noopener\"><img loading=\"lazy\" decoding=\"async\" width=\"480\" height=\"640\" data-id=\"2679\" src=\"http:\/\/passeurspatrimoineplogonnec.fr\/wp-content\/uploads\/2023\/04\/2023-04-06-St-Egonnec-7-rotated.jpg\" alt=\"\" class=\"wp-image-2679\" srcset=\"https:\/\/passeurspatrimoineplogonnec.fr\/wp-content\/uploads\/2023\/04\/2023-04-06-St-Egonnec-7-rotated.jpg 480w, https:\/\/passeurspatrimoineplogonnec.fr\/wp-content\/uploads\/2023\/04\/2023-04-06-St-Egonnec-7-225x300.jpg 225w\" sizes=\"auto, (max-width: 480px) 100vw, 480px\" \/><\/a><\/figure>\n\n\n\n<figure class=\"wp-block-image size-large\"><a href=\"http:\/\/passeurspatrimoineplogonnec.fr\/wp-content\/uploads\/2023\/04\/2023-04-06-St-Egonnec-16-1-scaled.jpg\" target=\"_blank\" rel=\"noreferrer noopener\"><img loading=\"lazy\" decoding=\"async\" width=\"1024\" height=\"1024\" data-id=\"2684\" src=\"http:\/\/passeurspatrimoineplogonnec.fr\/wp-content\/uploads\/2023\/04\/2023-04-06-St-Egonnec-16-1-1024x1024.jpg\" alt=\"\" class=\"wp-image-2684\" srcset=\"https:\/\/passeurspatrimoineplogonnec.fr\/wp-content\/uploads\/2023\/04\/2023-04-06-St-Egonnec-16-1-1024x1024.jpg 1024w, https:\/\/passeurspatrimoineplogonnec.fr\/wp-content\/uploads\/2023\/04\/2023-04-06-St-Egonnec-16-1-300x300.jpg 300w, https:\/\/passeurspatrimoineplogonnec.fr\/wp-content\/uploads\/2023\/04\/2023-04-06-St-Egonnec-16-1-150x150.jpg 150w, https:\/\/passeurspatrimoineplogonnec.fr\/wp-content\/uploads\/2023\/04\/2023-04-06-St-Egonnec-16-1-768x768.jpg 768w, https:\/\/passeurspatrimoineplogonnec.fr\/wp-content\/uploads\/2023\/04\/2023-04-06-St-Egonnec-16-1-1536x1536.jpg 1536w, https:\/\/passeurspatrimoineplogonnec.fr\/wp-content\/uploads\/2023\/04\/2023-04-06-St-Egonnec-16-1-2048x2048.jpg 2048w\" sizes=\"auto, (max-width: 1024px) 100vw, 1024px\" \/><\/a><\/figure>\n\n\n\n<figure class=\"wp-block-image size-large\"><a href=\"http:\/\/passeurspatrimoineplogonnec.fr\/wp-content\/uploads\/2023\/04\/2023-04-06-St-Egonnec-17-scaled.jpg\" target=\"_blank\" rel=\"noreferrer noopener\"><img loading=\"lazy\" decoding=\"async\" width=\"1024\" height=\"1024\" data-id=\"2681\" src=\"http:\/\/passeurspatrimoineplogonnec.fr\/wp-content\/uploads\/2023\/04\/2023-04-06-St-Egonnec-17-1024x1024.jpg\" alt=\"\" class=\"wp-image-2681\" srcset=\"https:\/\/passeurspatrimoineplogonnec.fr\/wp-content\/uploads\/2023\/04\/2023-04-06-St-Egonnec-17-1024x1024.jpg 1024w, https:\/\/passeurspatrimoineplogonnec.fr\/wp-content\/uploads\/2023\/04\/2023-04-06-St-Egonnec-17-300x300.jpg 300w, https:\/\/passeurspatrimoineplogonnec.fr\/wp-content\/uploads\/2023\/04\/2023-04-06-St-Egonnec-17-150x150.jpg 150w, https:\/\/passeurspatrimoineplogonnec.fr\/wp-content\/uploads\/2023\/04\/2023-04-06-St-Egonnec-17-768x768.jpg 768w, https:\/\/passeurspatrimoineplogonnec.fr\/wp-content\/uploads\/2023\/04\/2023-04-06-St-Egonnec-17-1536x1536.jpg 1536w, https:\/\/passeurspatrimoineplogonnec.fr\/wp-content\/uploads\/2023\/04\/2023-04-06-St-Egonnec-17-2048x2048.jpg 2048w\" sizes=\"auto, (max-width: 1024px) 100vw, 1024px\" \/><\/a><\/figure>\n\n\n\n<figure class=\"wp-block-image size-large\"><a href=\"http:\/\/passeurspatrimoineplogonnec.fr\/wp-content\/uploads\/2023\/04\/IMG20230406152704-scaled.jpg\" target=\"_blank\" rel=\"noreferrer noopener\"><img loading=\"lazy\" decoding=\"async\" width=\"1024\" height=\"1024\" data-id=\"2682\" src=\"http:\/\/passeurspatrimoineplogonnec.fr\/wp-content\/uploads\/2023\/04\/IMG20230406152704-1024x1024.jpg\" alt=\"\" class=\"wp-image-2682\" srcset=\"https:\/\/passeurspatrimoineplogonnec.fr\/wp-content\/uploads\/2023\/04\/IMG20230406152704-1024x1024.jpg 1024w, https:\/\/passeurspatrimoineplogonnec.fr\/wp-content\/uploads\/2023\/04\/IMG20230406152704-300x300.jpg 300w, https:\/\/passeurspatrimoineplogonnec.fr\/wp-content\/uploads\/2023\/04\/IMG20230406152704-150x150.jpg 150w, https:\/\/passeurspatrimoineplogonnec.fr\/wp-content\/uploads\/2023\/04\/IMG20230406152704-768x768.jpg 768w, https:\/\/passeurspatrimoineplogonnec.fr\/wp-content\/uploads\/2023\/04\/IMG20230406152704-1536x1536.jpg 1536w, https:\/\/passeurspatrimoineplogonnec.fr\/wp-content\/uploads\/2023\/04\/IMG20230406152704-2048x2048.jpg 2048w\" sizes=\"auto, (max-width: 1024px) 100vw, 1024px\" \/><\/a><\/figure>\n\n\n\n<figure class=\"wp-block-image size-large\"><a href=\"http:\/\/passeurspatrimoineplogonnec.fr\/wp-content\/uploads\/2023\/04\/IMG20230406152720-1-scaled.jpg\" target=\"_blank\" rel=\"noreferrer noopener\"><img loading=\"lazy\" decoding=\"async\" width=\"1024\" height=\"1024\" data-id=\"2686\" src=\"http:\/\/passeurspatrimoineplogonnec.fr\/wp-content\/uploads\/2023\/04\/IMG20230406152720-1-1024x1024.jpg\" alt=\"\" class=\"wp-image-2686\" srcset=\"https:\/\/passeurspatrimoineplogonnec.fr\/wp-content\/uploads\/2023\/04\/IMG20230406152720-1-1024x1024.jpg 1024w, https:\/\/passeurspatrimoineplogonnec.fr\/wp-content\/uploads\/2023\/04\/IMG20230406152720-1-300x300.jpg 300w, https:\/\/passeurspatrimoineplogonnec.fr\/wp-content\/uploads\/2023\/04\/IMG20230406152720-1-150x150.jpg 150w, https:\/\/passeurspatrimoineplogonnec.fr\/wp-content\/uploads\/2023\/04\/IMG20230406152720-1-768x768.jpg 768w, https:\/\/passeurspatrimoineplogonnec.fr\/wp-content\/uploads\/2023\/04\/IMG20230406152720-1-1536x1536.jpg 1536w, https:\/\/passeurspatrimoineplogonnec.fr\/wp-content\/uploads\/2023\/04\/IMG20230406152720-1-2048x2048.jpg 2048w\" sizes=\"auto, (max-width: 1024px) 100vw, 1024px\" \/><\/a><\/figure>\n<\/figure>\n\n\n\n<p>Finalement, pas de trace de lavoir dans la mare, nous sommes d\u00e9\u00e7us.<\/p>\n\n\n\n<p class=\"has-text-align-center\">*****************************<\/p>\n\n\n\n<p><\/p>\n","protected":false},"excerpt":{"rendered":"<p>Finalement, pas de trace de lavoir dans la mare, nous sommes d\u00e9\u00e7us. *****************************<\/p>\n","protected":false},"author":1,"featured_media":0,"parent":0,"menu_order":0,"comment_status":"closed","ping_status":"closed","template":"","meta":{"footnotes":""},"class_list":["post-2672","page","type-page","status-publish","hentry"],"yoast_head":"<!-- This site is optimized with the Yoast SEO plugin v27.4 - https:\/\/yoast.com\/product\/yoast-seo-wordpress\/ -->\n<title>Photos de la 1\u00e8re journ\u00e9e de travaux \u00e0 St Egonnec le 06 avril 2023. - Passeurs de Patrimoine de Plogonnec<\/title>\n<meta name=\"robots\" content=\"index, follow, max-snippet:-1, max-image-preview:large, max-video-preview:-1\" \/>\n<link rel=\"canonical\" href=\"https:\/\/passeurspatrimoineplogonnec.fr\/?page_id=2672\" \/>\n<meta property=\"og:locale\" content=\"fr_FR\" \/>\n<meta property=\"og:type\" content=\"article\" \/>\n<meta property=\"og:title\" content=\"Photos de la 1\u00e8re journ\u00e9e de travaux \u00e0 St Egonnec le 06 avril 2023. - Passeurs de Patrimoine de Plogonnec\" \/>\n<meta property=\"og:description\" content=\"Finalement, pas de trace de lavoir dans la mare, nous sommes d\u00e9\u00e7us. *****************************\" \/>\n<meta property=\"og:url\" content=\"https:\/\/passeurspatrimoineplogonnec.fr\/?page_id=2672\" \/>\n<meta property=\"og:site_name\" content=\"Passeurs de Patrimoine de Plogonnec\" \/>\n<meta property=\"article:modified_time\" content=\"2023-04-13T08:43:43+00:00\" \/>\n<meta property=\"og:image\" content=\"http:\/\/passeurspatrimoineplogonnec.fr\/wp-content\/uploads\/2023\/04\/2023-04-06-St-Egonnec-1-rotated.jpg\" \/>\n<meta name=\"twitter:card\" content=\"summary_large_image\" \/>\n<meta name=\"twitter:label1\" content=\"Dur\u00e9e de lecture estim\u00e9e\" \/>\n\t<meta name=\"twitter:data1\" content=\"2 minutes\" \/>\n<script type=\"application\/ld+json\" class=\"yoast-schema-graph\">{\"@context\":\"https:\\\/\\\/schema.org\",\"@graph\":[{\"@type\":\"WebPage\",\"@id\":\"https:\\\/\\\/passeurspatrimoineplogonnec.fr\\\/?page_id=2672\",\"url\":\"https:\\\/\\\/passeurspatrimoineplogonnec.fr\\\/?page_id=2672\",\"name\":\"Photos de la 1\u00e8re journ\u00e9e de travaux \u00e0 St Egonnec le 06 avril 2023. - Passeurs de Patrimoine de Plogonnec\",\"isPartOf\":{\"@id\":\"https:\\\/\\\/passeurspatrimoineplogonnec.fr\\\/#website\"},\"primaryImageOfPage\":{\"@id\":\"https:\\\/\\\/passeurspatrimoineplogonnec.fr\\\/?page_id=2672#primaryimage\"},\"image\":{\"@id\":\"https:\\\/\\\/passeurspatrimoineplogonnec.fr\\\/?page_id=2672#primaryimage\"},\"thumbnailUrl\":\"http:\\\/\\\/passeurspatrimoineplogonnec.fr\\\/wp-content\\\/uploads\\\/2023\\\/04\\\/2023-04-06-St-Egonnec-1-rotated.jpg\",\"datePublished\":\"2023-04-10T17:10:20+00:00\",\"dateModified\":\"2023-04-13T08:43:43+00:00\",\"breadcrumb\":{\"@id\":\"https:\\\/\\\/passeurspatrimoineplogonnec.fr\\\/?page_id=2672#breadcrumb\"},\"inLanguage\":\"fr-FR\",\"potentialAction\":[{\"@type\":\"ReadAction\",\"target\":[\"https:\\\/\\\/passeurspatrimoineplogonnec.fr\\\/?page_id=2672\"]}]},{\"@type\":\"ImageObject\",\"inLanguage\":\"fr-FR\",\"@id\":\"https:\\\/\\\/passeurspatrimoineplogonnec.fr\\\/?page_id=2672#primaryimage\",\"url\":\"https:\\\/\\\/passeurspatrimoineplogonnec.fr\\\/wp-content\\\/uploads\\\/2023\\\/04\\\/2023-04-06-St-Egonnec-1-rotated.jpg\",\"contentUrl\":\"https:\\\/\\\/passeurspatrimoineplogonnec.fr\\\/wp-content\\\/uploads\\\/2023\\\/04\\\/2023-04-06-St-Egonnec-1-rotated.jpg\",\"width\":480,\"height\":640},{\"@type\":\"BreadcrumbList\",\"@id\":\"https:\\\/\\\/passeurspatrimoineplogonnec.fr\\\/?page_id=2672#breadcrumb\",\"itemListElement\":[{\"@type\":\"ListItem\",\"position\":1,\"name\":\"Accueil\",\"item\":\"https:\\\/\\\/passeurspatrimoineplogonnec.fr\\\/\"},{\"@type\":\"ListItem\",\"position\":2,\"name\":\"Photos de la 1\u00e8re journ\u00e9e de travaux \u00e0 St Egonnec le 06 avril 2023.\"}]},{\"@type\":\"WebSite\",\"@id\":\"https:\\\/\\\/passeurspatrimoineplogonnec.fr\\\/#website\",\"url\":\"https:\\\/\\\/passeurspatrimoineplogonnec.fr\\\/\",\"name\":\"Passeurs de Patrimoine de Plogonnec\",\"description\":\"\",\"potentialAction\":[{\"@type\":\"SearchAction\",\"target\":{\"@type\":\"EntryPoint\",\"urlTemplate\":\"https:\\\/\\\/passeurspatrimoineplogonnec.fr\\\/?s={search_term_string}\"},\"query-input\":{\"@type\":\"PropertyValueSpecification\",\"valueRequired\":true,\"valueName\":\"search_term_string\"}}],\"inLanguage\":\"fr-FR\"}]}<\/script>\n<!-- \/ Yoast SEO plugin. -->","yoast_head_json":{"title":"Photos de la 1\u00e8re journ\u00e9e de travaux \u00e0 St Egonnec le 06 avril 2023. - Passeurs de Patrimoine de Plogonnec","robots":{"index":"index","follow":"follow","max-snippet":"max-snippet:-1","max-image-preview":"max-image-preview:large","max-video-preview":"max-video-preview:-1"},"canonical":"https:\/\/passeurspatrimoineplogonnec.fr\/?page_id=2672","og_locale":"fr_FR","og_type":"article","og_title":"Photos de la 1\u00e8re journ\u00e9e de travaux \u00e0 St Egonnec le 06 avril 2023. - Passeurs de Patrimoine de Plogonnec","og_description":"Finalement, pas de trace de lavoir dans la mare, nous sommes d\u00e9\u00e7us. *****************************","og_url":"https:\/\/passeurspatrimoineplogonnec.fr\/?page_id=2672","og_site_name":"Passeurs de Patrimoine de Plogonnec","article_modified_time":"2023-04-13T08:43:43+00:00","og_image":[{"url":"http:\/\/passeurspatrimoineplogonnec.fr\/wp-content\/uploads\/2023\/04\/2023-04-06-St-Egonnec-1-rotated.jpg","type":"","width":"","height":""}],"twitter_card":"summary_large_image","twitter_misc":{"Dur\u00e9e de lecture estim\u00e9e":"2 minutes"},"schema":{"@context":"https:\/\/schema.org","@graph":[{"@type":"WebPage","@id":"https:\/\/passeurspatrimoineplogonnec.fr\/?page_id=2672","url":"https:\/\/passeurspatrimoineplogonnec.fr\/?page_id=2672","name":"Photos de la 1\u00e8re journ\u00e9e de travaux \u00e0 St Egonnec le 06 avril 2023. - Passeurs de Patrimoine de Plogonnec","isPartOf":{"@id":"https:\/\/passeurspatrimoineplogonnec.fr\/#website"},"primaryImageOfPage":{"@id":"https:\/\/passeurspatrimoineplogonnec.fr\/?page_id=2672#primaryimage"},"image":{"@id":"https:\/\/passeurspatrimoineplogonnec.fr\/?page_id=2672#primaryimage"},"thumbnailUrl":"http:\/\/passeurspatrimoineplogonnec.fr\/wp-content\/uploads\/2023\/04\/2023-04-06-St-Egonnec-1-rotated.jpg","datePublished":"2023-04-10T17:10:20+00:00","dateModified":"2023-04-13T08:43:43+00:00","breadcrumb":{"@id":"https:\/\/passeurspatrimoineplogonnec.fr\/?page_id=2672#breadcrumb"},"inLanguage":"fr-FR","potentialAction":[{"@type":"ReadAction","target":["https:\/\/passeurspatrimoineplogonnec.fr\/?page_id=2672"]}]},{"@type":"ImageObject","inLanguage":"fr-FR","@id":"https:\/\/passeurspatrimoineplogonnec.fr\/?page_id=2672#primaryimage","url":"https:\/\/passeurspatrimoineplogonnec.fr\/wp-content\/uploads\/2023\/04\/2023-04-06-St-Egonnec-1-rotated.jpg","contentUrl":"https:\/\/passeurspatrimoineplogonnec.fr\/wp-content\/uploads\/2023\/04\/2023-04-06-St-Egonnec-1-rotated.jpg","width":480,"height":640},{"@type":"BreadcrumbList","@id":"https:\/\/passeurspatrimoineplogonnec.fr\/?page_id=2672#breadcrumb","itemListElement":[{"@type":"ListItem","position":1,"name":"Accueil","item":"https:\/\/passeurspatrimoineplogonnec.fr\/"},{"@type":"ListItem","position":2,"name":"Photos de la 1\u00e8re journ\u00e9e de travaux \u00e0 St Egonnec le 06 avril 2023."}]},{"@type":"WebSite","@id":"https:\/\/passeurspatrimoineplogonnec.fr\/#website","url":"https:\/\/passeurspatrimoineplogonnec.fr\/","name":"Passeurs de Patrimoine de Plogonnec","description":"","potentialAction":[{"@type":"SearchAction","target":{"@type":"EntryPoint","urlTemplate":"https:\/\/passeurspatrimoineplogonnec.fr\/?s={search_term_string}"},"query-input":{"@type":"PropertyValueSpecification","valueRequired":true,"valueName":"search_term_string"}}],"inLanguage":"fr-FR"}]}},"_links":{"self":[{"href":"https:\/\/passeurspatrimoineplogonnec.fr\/index.php?rest_route=\/wp\/v2\/pages\/2672","targetHints":{"allow":["GET"]}}],"collection":[{"href":"https:\/\/passeurspatrimoineplogonnec.fr\/index.php?rest_route=\/wp\/v2\/pages"}],"about":[{"href":"https:\/\/passeurspatrimoineplogonnec.fr\/index.php?rest_route=\/wp\/v2\/types\/page"}],"author":[{"embeddable":true,"href":"https:\/\/passeurspatrimoineplogonnec.fr\/index.php?rest_route=\/wp\/v2\/users\/1"}],"replies":[{"embeddable":true,"href":"https:\/\/passeurspatrimoineplogonnec.fr\/index.php?rest_route=%2Fwp%2Fv2%2Fcomments&post=2672"}],"version-history":[{"count":21,"href":"https:\/\/passeurspatrimoineplogonnec.fr\/index.php?rest_route=\/wp\/v2\/pages\/2672\/revisions"}],"predecessor-version":[{"id":2757,"href":"https:\/\/passeurspatrimoineplogonnec.fr\/index.php?rest_route=\/wp\/v2\/pages\/2672\/revisions\/2757"}],"wp:attachment":[{"href":"https:\/\/passeurspatrimoineplogonnec.fr\/index.php?rest_route=%2Fwp%2Fv2%2Fmedia&parent=2672"}],"curies":[{"name":"wp","href":"https:\/\/api.w.org\/{rel}","templated":true}]}}