{"id":295,"date":"2021-11-15T16:52:36","date_gmt":"2021-11-15T15:52:36","guid":{"rendered":"http:\/\/passeurspatrimoineplogonnec.fr\/?page_id=295"},"modified":"2023-10-27T19:28:30","modified_gmt":"2023-10-27T17:28:30","slug":"histoire-locale-2","status":"publish","type":"page","link":"https:\/\/passeurspatrimoineplogonnec.fr\/?page_id=295","title":{"rendered":"Histoire locale"},"content":{"rendered":"\n<p><\/p>\n\n\n\n<figure class=\"wp-block-pullquote has-black-color has-text-color has-background has-small-font-size\" style=\"background:linear-gradient(118deg,rgb(238,238,238) 44%,rgb(169,184,195) 100%)\"><blockquote><p><a href=\"http:\/\/passeurspatrimoineplogonnec.fr\/?page_id=3691\">Commerces et artisans de Plogonnec au 20 \u00e8me si\u00e8cle.<\/a><br><br><a href=\"http:\/\/passeurspatrimoineplogonnec.fr\/?page_id=601\" target=\"_blank\" rel=\"noreferrer noopener\">La voie antique<\/a><br><br><a href=\"http:\/\/passeurspatrimoineplogonnec.fr\/?page_id=535\">La milice r\u00e9publicaine de Plogonnec.<\/a><br><br><a href=\"http:\/\/passeurspatrimoineplogonnec.fr\/?page_id=594\">Plan cadastral 1829.<\/a><br><br><a href=\"http:\/\/passeurspatrimoineplogonnec.fr\/?page_id=428\">Les maires de Plogonnec.<\/a><br><br><a href=\"http:\/\/passeurspatrimoineplogonnec.fr\/?page_id=458\">Les secr\u00e9taires de mairie de Plogonnec.<\/a><br><br><a href=\"http:\/\/passeurspatrimoineplogonnec.fr\/?page_id=628\">Les recteurs de Plogonnec.<\/a><br><br><a href=\"http:\/\/passeurspatrimoineplogonnec.fr\/?page_id=467\">Les vicaires de Plogonnec.<\/a><br><br><a href=\"http:\/\/passeurspatrimoineplogonnec.fr\/?page_id=3001\">Mort de l&rsquo;\u00e9v\u00eaque Audrein.<\/a><br><br><a href=\"http:\/\/passeurspatrimoineplogonnec.fr\/?page_id=616\">Famille Damey.<\/a><\/p><\/blockquote><\/figure>\n","protected":false},"excerpt":{"rendered":"<p>Commerces et artisans de Plogonnec au 20 \u00e8me si\u00e8cle. La voie antique La milice r\u00e9publicaine de Plogonnec. Plan cadastral 1829. Les maires de Plogonnec. Les secr\u00e9taires de mairie de Plogonnec. Les recteurs de Plogonnec. Les vicaires de Plogonnec. Mort de &hellip; <a href=\"https:\/\/passeurspatrimoineplogonnec.fr\/?page_id=295\">Continuer la lecture <span class=\"meta-nav\">&rarr;<\/span><\/a><\/p>\n","protected":false},"author":1,"featured_media":0,"parent":0,"menu_order":0,"comment_status":"closed","ping_status":"closed","template":"","meta":{"footnotes":""},"class_list":["post-295","page","type-page","status-publish","hentry"],"yoast_head":"<!-- This site is optimized with the Yoast SEO plugin v27.4 - https:\/\/yoast.com\/product\/yoast-seo-wordpress\/ -->\n<title>Histoire locale - Passeurs de Patrimoine de Plogonnec<\/title>\n<meta name=\"robots\" content=\"index, follow, max-snippet:-1, max-image-preview:large, max-video-preview:-1\" \/>\n<link rel=\"canonical\" href=\"https:\/\/passeurspatrimoineplogonnec.fr\/?page_id=295\" \/>\n<meta property=\"og:locale\" content=\"fr_FR\" \/>\n<meta property=\"og:type\" content=\"article\" \/>\n<meta property=\"og:title\" content=\"Histoire locale - Passeurs de Patrimoine de Plogonnec\" \/>\n<meta property=\"og:description\" content=\"Commerces et artisans de Plogonnec au 20 \u00e8me si\u00e8cle. La voie antique La milice r\u00e9publicaine de Plogonnec. Plan cadastral 1829. Les maires de Plogonnec. Les secr\u00e9taires de mairie de Plogonnec. Les recteurs de Plogonnec. Les vicaires de Plogonnec. Mort de &hellip; Continuer la lecture &rarr;\" \/>\n<meta property=\"og:url\" content=\"https:\/\/passeurspatrimoineplogonnec.fr\/?page_id=295\" \/>\n<meta property=\"og:site_name\" content=\"Passeurs de Patrimoine de Plogonnec\" \/>\n<meta property=\"article:modified_time\" content=\"2023-10-27T17:28:30+00:00\" \/>\n<meta name=\"twitter:card\" content=\"summary_large_image\" \/>\n<script type=\"application\/ld+json\" class=\"yoast-schema-graph\">{\"@context\":\"https:\\\/\\\/schema.org\",\"@graph\":[{\"@type\":\"WebPage\",\"@id\":\"https:\\\/\\\/passeurspatrimoineplogonnec.fr\\\/?page_id=295\",\"url\":\"https:\\\/\\\/passeurspatrimoineplogonnec.fr\\\/?page_id=295\",\"name\":\"Histoire locale - Passeurs de Patrimoine de Plogonnec\",\"isPartOf\":{\"@id\":\"https:\\\/\\\/passeurspatrimoineplogonnec.fr\\\/#website\"},\"datePublished\":\"2021-11-15T15:52:36+00:00\",\"dateModified\":\"2023-10-27T17:28:30+00:00\",\"breadcrumb\":{\"@id\":\"https:\\\/\\\/passeurspatrimoineplogonnec.fr\\\/?page_id=295#breadcrumb\"},\"inLanguage\":\"fr-FR\",\"potentialAction\":[{\"@type\":\"ReadAction\",\"target\":[\"https:\\\/\\\/passeurspatrimoineplogonnec.fr\\\/?page_id=295\"]}]},{\"@type\":\"BreadcrumbList\",\"@id\":\"https:\\\/\\\/passeurspatrimoineplogonnec.fr\\\/?page_id=295#breadcrumb\",\"itemListElement\":[{\"@type\":\"ListItem\",\"position\":1,\"name\":\"Accueil\",\"item\":\"https:\\\/\\\/passeurspatrimoineplogonnec.fr\\\/\"},{\"@type\":\"ListItem\",\"position\":2,\"name\":\"Histoire locale\"}]},{\"@type\":\"WebSite\",\"@id\":\"https:\\\/\\\/passeurspatrimoineplogonnec.fr\\\/#website\",\"url\":\"https:\\\/\\\/passeurspatrimoineplogonnec.fr\\\/\",\"name\":\"Passeurs de Patrimoine de Plogonnec\",\"description\":\"\",\"potentialAction\":[{\"@type\":\"SearchAction\",\"target\":{\"@type\":\"EntryPoint\",\"urlTemplate\":\"https:\\\/\\\/passeurspatrimoineplogonnec.fr\\\/?s={search_term_string}\"},\"query-input\":{\"@type\":\"PropertyValueSpecification\",\"valueRequired\":true,\"valueName\":\"search_term_string\"}}],\"inLanguage\":\"fr-FR\"}]}<\/script>\n<!-- \/ Yoast SEO plugin. -->","yoast_head_json":{"title":"Histoire locale - Passeurs de Patrimoine de Plogonnec","robots":{"index":"index","follow":"follow","max-snippet":"max-snippet:-1","max-image-preview":"max-image-preview:large","max-video-preview":"max-video-preview:-1"},"canonical":"https:\/\/passeurspatrimoineplogonnec.fr\/?page_id=295","og_locale":"fr_FR","og_type":"article","og_title":"Histoire locale - Passeurs de Patrimoine de Plogonnec","og_description":"Commerces et artisans de Plogonnec au 20 \u00e8me si\u00e8cle. La voie antique La milice r\u00e9publicaine de Plogonnec. Plan cadastral 1829. Les maires de Plogonnec. Les secr\u00e9taires de mairie de Plogonnec. Les recteurs de Plogonnec. Les vicaires de Plogonnec. Mort de &hellip; Continuer la lecture &rarr;","og_url":"https:\/\/passeurspatrimoineplogonnec.fr\/?page_id=295","og_site_name":"Passeurs de Patrimoine de Plogonnec","article_modified_time":"2023-10-27T17:28:30+00:00","twitter_card":"summary_large_image","schema":{"@context":"https:\/\/schema.org","@graph":[{"@type":"WebPage","@id":"https:\/\/passeurspatrimoineplogonnec.fr\/?page_id=295","url":"https:\/\/passeurspatrimoineplogonnec.fr\/?page_id=295","name":"Histoire locale - Passeurs de Patrimoine de Plogonnec","isPartOf":{"@id":"https:\/\/passeurspatrimoineplogonnec.fr\/#website"},"datePublished":"2021-11-15T15:52:36+00:00","dateModified":"2023-10-27T17:28:30+00:00","breadcrumb":{"@id":"https:\/\/passeurspatrimoineplogonnec.fr\/?page_id=295#breadcrumb"},"inLanguage":"fr-FR","potentialAction":[{"@type":"ReadAction","target":["https:\/\/passeurspatrimoineplogonnec.fr\/?page_id=295"]}]},{"@type":"BreadcrumbList","@id":"https:\/\/passeurspatrimoineplogonnec.fr\/?page_id=295#breadcrumb","itemListElement":[{"@type":"ListItem","position":1,"name":"Accueil","item":"https:\/\/passeurspatrimoineplogonnec.fr\/"},{"@type":"ListItem","position":2,"name":"Histoire locale"}]},{"@type":"WebSite","@id":"https:\/\/passeurspatrimoineplogonnec.fr\/#website","url":"https:\/\/passeurspatrimoineplogonnec.fr\/","name":"Passeurs de Patrimoine de Plogonnec","description":"","potentialAction":[{"@type":"SearchAction","target":{"@type":"EntryPoint","urlTemplate":"https:\/\/passeurspatrimoineplogonnec.fr\/?s={search_term_string}"},"query-input":{"@type":"PropertyValueSpecification","valueRequired":true,"valueName":"search_term_string"}}],"inLanguage":"fr-FR"}]}},"_links":{"self":[{"href":"https:\/\/passeurspatrimoineplogonnec.fr\/index.php?rest_route=\/wp\/v2\/pages\/295","targetHints":{"allow":["GET"]}}],"collection":[{"href":"https:\/\/passeurspatrimoineplogonnec.fr\/index.php?rest_route=\/wp\/v2\/pages"}],"about":[{"href":"https:\/\/passeurspatrimoineplogonnec.fr\/index.php?rest_route=\/wp\/v2\/types\/page"}],"author":[{"embeddable":true,"href":"https:\/\/passeurspatrimoineplogonnec.fr\/index.php?rest_route=\/wp\/v2\/users\/1"}],"replies":[{"embeddable":true,"href":"https:\/\/passeurspatrimoineplogonnec.fr\/index.php?rest_route=%2Fwp%2Fv2%2Fcomments&post=295"}],"version-history":[{"count":36,"href":"https:\/\/passeurspatrimoineplogonnec.fr\/index.php?rest_route=\/wp\/v2\/pages\/295\/revisions"}],"predecessor-version":[{"id":3747,"href":"https:\/\/passeurspatrimoineplogonnec.fr\/index.php?rest_route=\/wp\/v2\/pages\/295\/revisions\/3747"}],"wp:attachment":[{"href":"https:\/\/passeurspatrimoineplogonnec.fr\/index.php?rest_route=%2Fwp%2Fv2%2Fmedia&parent=295"}],"curies":[{"name":"wp","href":"https:\/\/api.w.org\/{rel}","templated":true}]}}