{"id":3051,"date":"2023-05-10T14:56:41","date_gmt":"2023-05-10T12:56:41","guid":{"rendered":"http:\/\/passeurspatrimoineplogonnec.fr\/?page_id=3051"},"modified":"2023-11-11T17:40:45","modified_gmt":"2023-11-11T16:40:45","slug":"la-fontaine-st-meen","status":"publish","type":"page","link":"https:\/\/passeurspatrimoineplogonnec.fr\/?page_id=3051","title":{"rendered":"R\u00e9fection de la fontaine St M\u00e9en."},"content":{"rendered":"\n<figure class=\"wp-block-gallery has-nested-images columns-default is-cropped wp-block-gallery-1 is-layout-flex wp-block-gallery-is-layout-flex\">\n<figure class=\"wp-block-image size-large\"><a href=\"http:\/\/passeurspatrimoineplogonnec.fr\/wp-content\/uploads\/2023\/05\/aout-2016-1-1er-contact-avec-le-site-scaled.jpg\" target=\"_blank\" rel=\"noreferrer noopener\"><img loading=\"lazy\" decoding=\"async\" width=\"1024\" height=\"720\" data-id=\"3058\" src=\"http:\/\/passeurspatrimoineplogonnec.fr\/wp-content\/uploads\/2023\/05\/aout-2016-1-1er-contact-avec-le-site-1024x720.jpg\" alt=\"\" class=\"wp-image-3058\" srcset=\"https:\/\/passeurspatrimoineplogonnec.fr\/wp-content\/uploads\/2023\/05\/aout-2016-1-1er-contact-avec-le-site-1024x720.jpg 1024w, https:\/\/passeurspatrimoineplogonnec.fr\/wp-content\/uploads\/2023\/05\/aout-2016-1-1er-contact-avec-le-site-300x211.jpg 300w, https:\/\/passeurspatrimoineplogonnec.fr\/wp-content\/uploads\/2023\/05\/aout-2016-1-1er-contact-avec-le-site-768x540.jpg 768w, https:\/\/passeurspatrimoineplogonnec.fr\/wp-content\/uploads\/2023\/05\/aout-2016-1-1er-contact-avec-le-site-1536x1080.jpg 1536w, https:\/\/passeurspatrimoineplogonnec.fr\/wp-content\/uploads\/2023\/05\/aout-2016-1-1er-contact-avec-le-site-2048x1439.jpg 2048w\" sizes=\"auto, (max-width: 1024px) 100vw, 1024px\" \/><\/a><\/figure>\n\n\n\n<figure class=\"wp-block-image size-large\"><a href=\"http:\/\/passeurspatrimoineplogonnec.fr\/wp-content\/uploads\/2023\/05\/aout-2016-2-apres-un-premier-debroussaillage-1-scaled.jpg\" target=\"_blank\" rel=\"noreferrer noopener\"><img loading=\"lazy\" decoding=\"async\" width=\"1024\" height=\"726\" data-id=\"3065\" src=\"http:\/\/passeurspatrimoineplogonnec.fr\/wp-content\/uploads\/2023\/05\/aout-2016-2-apres-un-premier-debroussaillage-1-1024x726.jpg\" alt=\"\" class=\"wp-image-3065\" srcset=\"https:\/\/passeurspatrimoineplogonnec.fr\/wp-content\/uploads\/2023\/05\/aout-2016-2-apres-un-premier-debroussaillage-1-1024x726.jpg 1024w, https:\/\/passeurspatrimoineplogonnec.fr\/wp-content\/uploads\/2023\/05\/aout-2016-2-apres-un-premier-debroussaillage-1-300x213.jpg 300w, https:\/\/passeurspatrimoineplogonnec.fr\/wp-content\/uploads\/2023\/05\/aout-2016-2-apres-un-premier-debroussaillage-1-768x544.jpg 768w, https:\/\/passeurspatrimoineplogonnec.fr\/wp-content\/uploads\/2023\/05\/aout-2016-2-apres-un-premier-debroussaillage-1-1536x1089.jpg 1536w, https:\/\/passeurspatrimoineplogonnec.fr\/wp-content\/uploads\/2023\/05\/aout-2016-2-apres-un-premier-debroussaillage-1-2048x1452.jpg 2048w\" sizes=\"auto, (max-width: 1024px) 100vw, 1024px\" \/><\/a><\/figure>\n\n\n\n<figure class=\"wp-block-image size-large\"><a href=\"http:\/\/passeurspatrimoineplogonnec.fr\/wp-content\/uploads\/2023\/05\/aout-2016-3-Paskal-Rene-Hubert-scaled.jpg\" target=\"_blank\" rel=\"noreferrer noopener\"><img loading=\"lazy\" decoding=\"async\" width=\"1024\" height=\"737\" data-id=\"3055\" src=\"http:\/\/passeurspatrimoineplogonnec.fr\/wp-content\/uploads\/2023\/05\/aout-2016-3-Paskal-Rene-Hubert-1024x737.jpg\" alt=\"\" class=\"wp-image-3055\" srcset=\"https:\/\/passeurspatrimoineplogonnec.fr\/wp-content\/uploads\/2023\/05\/aout-2016-3-Paskal-Rene-Hubert-1024x737.jpg 1024w, https:\/\/passeurspatrimoineplogonnec.fr\/wp-content\/uploads\/2023\/05\/aout-2016-3-Paskal-Rene-Hubert-300x216.jpg 300w, https:\/\/passeurspatrimoineplogonnec.fr\/wp-content\/uploads\/2023\/05\/aout-2016-3-Paskal-Rene-Hubert-768x553.jpg 768w, https:\/\/passeurspatrimoineplogonnec.fr\/wp-content\/uploads\/2023\/05\/aout-2016-3-Paskal-Rene-Hubert-1536x1106.jpg 1536w, https:\/\/passeurspatrimoineplogonnec.fr\/wp-content\/uploads\/2023\/05\/aout-2016-3-Paskal-Rene-Hubert-2048x1474.jpg 2048w\" sizes=\"auto, (max-width: 1024px) 100vw, 1024px\" \/><\/a><\/figure>\n\n\n\n<figure class=\"wp-block-image size-large\"><a href=\"http:\/\/passeurspatrimoineplogonnec.fr\/wp-content\/uploads\/2023\/05\/aout-2016-4-Roger-dans-la-scaled.jpg\" target=\"_blank\" rel=\"noreferrer noopener\"><img loading=\"lazy\" decoding=\"async\" width=\"1024\" height=\"720\" data-id=\"3057\" src=\"http:\/\/passeurspatrimoineplogonnec.fr\/wp-content\/uploads\/2023\/05\/aout-2016-4-Roger-dans-la-1024x720.jpg\" alt=\"\" class=\"wp-image-3057\" srcset=\"https:\/\/passeurspatrimoineplogonnec.fr\/wp-content\/uploads\/2023\/05\/aout-2016-4-Roger-dans-la-1024x720.jpg 1024w, https:\/\/passeurspatrimoineplogonnec.fr\/wp-content\/uploads\/2023\/05\/aout-2016-4-Roger-dans-la-300x211.jpg 300w, https:\/\/passeurspatrimoineplogonnec.fr\/wp-content\/uploads\/2023\/05\/aout-2016-4-Roger-dans-la-768x540.jpg 768w, https:\/\/passeurspatrimoineplogonnec.fr\/wp-content\/uploads\/2023\/05\/aout-2016-4-Roger-dans-la-1536x1080.jpg 1536w, https:\/\/passeurspatrimoineplogonnec.fr\/wp-content\/uploads\/2023\/05\/aout-2016-4-Roger-dans-la-2048x1439.jpg 2048w\" sizes=\"auto, (max-width: 1024px) 100vw, 1024px\" \/><\/a><\/figure>\n\n\n\n<figure class=\"wp-block-image size-large\"><a href=\"http:\/\/passeurspatrimoineplogonnec.fr\/wp-content\/uploads\/2023\/05\/aout-2016-5-1ere-vue-de-la-fontaine-1-scaled.jpg\" target=\"_blank\" rel=\"noreferrer noopener\"><img loading=\"lazy\" decoding=\"async\" width=\"760\" height=\"1024\" data-id=\"3066\" src=\"http:\/\/passeurspatrimoineplogonnec.fr\/wp-content\/uploads\/2023\/05\/aout-2016-5-1ere-vue-de-la-fontaine-1-760x1024.jpg\" alt=\"\" class=\"wp-image-3066\" srcset=\"https:\/\/passeurspatrimoineplogonnec.fr\/wp-content\/uploads\/2023\/05\/aout-2016-5-1ere-vue-de-la-fontaine-1-760x1024.jpg 760w, https:\/\/passeurspatrimoineplogonnec.fr\/wp-content\/uploads\/2023\/05\/aout-2016-5-1ere-vue-de-la-fontaine-1-223x300.jpg 223w, https:\/\/passeurspatrimoineplogonnec.fr\/wp-content\/uploads\/2023\/05\/aout-2016-5-1ere-vue-de-la-fontaine-1-768x1034.jpg 768w, https:\/\/passeurspatrimoineplogonnec.fr\/wp-content\/uploads\/2023\/05\/aout-2016-5-1ere-vue-de-la-fontaine-1-1141x1536.jpg 1141w, https:\/\/passeurspatrimoineplogonnec.fr\/wp-content\/uploads\/2023\/05\/aout-2016-5-1ere-vue-de-la-fontaine-1-1521x2048.jpg 1521w, https:\/\/passeurspatrimoineplogonnec.fr\/wp-content\/uploads\/2023\/05\/aout-2016-5-1ere-vue-de-la-fontaine-1-scaled.jpg 1901w\" sizes=\"auto, (max-width: 760px) 100vw, 760px\" \/><\/a><\/figure>\n\n\n\n<figure class=\"wp-block-image size-large\"><a href=\"http:\/\/passeurspatrimoineplogonnec.fr\/wp-content\/uploads\/2023\/05\/aout-2016-6-leau-est-claire-scaled.jpg\" target=\"_blank\" rel=\"noreferrer noopener\"><img loading=\"lazy\" decoding=\"async\" width=\"754\" height=\"1024\" data-id=\"3060\" src=\"http:\/\/passeurspatrimoineplogonnec.fr\/wp-content\/uploads\/2023\/05\/aout-2016-6-leau-est-claire-754x1024.jpg\" alt=\"\" class=\"wp-image-3060\" srcset=\"https:\/\/passeurspatrimoineplogonnec.fr\/wp-content\/uploads\/2023\/05\/aout-2016-6-leau-est-claire-754x1024.jpg 754w, https:\/\/passeurspatrimoineplogonnec.fr\/wp-content\/uploads\/2023\/05\/aout-2016-6-leau-est-claire-221x300.jpg 221w, https:\/\/passeurspatrimoineplogonnec.fr\/wp-content\/uploads\/2023\/05\/aout-2016-6-leau-est-claire-768x1043.jpg 768w, https:\/\/passeurspatrimoineplogonnec.fr\/wp-content\/uploads\/2023\/05\/aout-2016-6-leau-est-claire-1131x1536.jpg 1131w, https:\/\/passeurspatrimoineplogonnec.fr\/wp-content\/uploads\/2023\/05\/aout-2016-6-leau-est-claire-1508x2048.jpg 1508w, https:\/\/passeurspatrimoineplogonnec.fr\/wp-content\/uploads\/2023\/05\/aout-2016-6-leau-est-claire-scaled.jpg 1885w\" sizes=\"auto, (max-width: 754px) 100vw, 754px\" \/><\/a><\/figure>\n\n\n\n<figure class=\"wp-block-image size-large\"><a href=\"http:\/\/passeurspatrimoineplogonnec.fr\/wp-content\/uploads\/2023\/05\/aout-2016-7-dessin-Andre-Bozec-scaled.jpg\" target=\"_blank\" rel=\"noreferrer noopener\"><img loading=\"lazy\" decoding=\"async\" width=\"725\" height=\"1024\" data-id=\"3061\" src=\"http:\/\/passeurspatrimoineplogonnec.fr\/wp-content\/uploads\/2023\/05\/aout-2016-7-dessin-Andre-Bozec-725x1024.jpg\" alt=\"\" class=\"wp-image-3061\" srcset=\"https:\/\/passeurspatrimoineplogonnec.fr\/wp-content\/uploads\/2023\/05\/aout-2016-7-dessin-Andre-Bozec-725x1024.jpg 725w, https:\/\/passeurspatrimoineplogonnec.fr\/wp-content\/uploads\/2023\/05\/aout-2016-7-dessin-Andre-Bozec-212x300.jpg 212w, https:\/\/passeurspatrimoineplogonnec.fr\/wp-content\/uploads\/2023\/05\/aout-2016-7-dessin-Andre-Bozec-768x1085.jpg 768w, https:\/\/passeurspatrimoineplogonnec.fr\/wp-content\/uploads\/2023\/05\/aout-2016-7-dessin-Andre-Bozec-1087x1536.jpg 1087w, https:\/\/passeurspatrimoineplogonnec.fr\/wp-content\/uploads\/2023\/05\/aout-2016-7-dessin-Andre-Bozec-1449x2048.jpg 1449w, https:\/\/passeurspatrimoineplogonnec.fr\/wp-content\/uploads\/2023\/05\/aout-2016-7-dessin-Andre-Bozec-scaled.jpg 1811w\" sizes=\"auto, (max-width: 725px) 100vw, 725px\" \/><\/a><\/figure>\n\n\n\n<figure class=\"wp-block-image size-large\"><a href=\"http:\/\/passeurspatrimoineplogonnec.fr\/wp-content\/uploads\/2023\/05\/aout-2016-8-apres-leffort-scaled.jpg\" target=\"_blank\" rel=\"noreferrer noopener\"><img loading=\"lazy\" decoding=\"async\" width=\"1024\" height=\"733\" data-id=\"3062\" src=\"http:\/\/passeurspatrimoineplogonnec.fr\/wp-content\/uploads\/2023\/05\/aout-2016-8-apres-leffort-1024x733.jpg\" alt=\"\" class=\"wp-image-3062\" srcset=\"https:\/\/passeurspatrimoineplogonnec.fr\/wp-content\/uploads\/2023\/05\/aout-2016-8-apres-leffort-1024x733.jpg 1024w, https:\/\/passeurspatrimoineplogonnec.fr\/wp-content\/uploads\/2023\/05\/aout-2016-8-apres-leffort-300x215.jpg 300w, https:\/\/passeurspatrimoineplogonnec.fr\/wp-content\/uploads\/2023\/05\/aout-2016-8-apres-leffort-768x550.jpg 768w, https:\/\/passeurspatrimoineplogonnec.fr\/wp-content\/uploads\/2023\/05\/aout-2016-8-apres-leffort-1536x1099.jpg 1536w, https:\/\/passeurspatrimoineplogonnec.fr\/wp-content\/uploads\/2023\/05\/aout-2016-8-apres-leffort-2048x1466.jpg 2048w\" sizes=\"auto, (max-width: 1024px) 100vw, 1024px\" \/><\/a><\/figure>\n<\/figure>\n\n\n\n<p><strong><a href=\"http:\/\/passeurspatrimoineplogonnec.fr\/?page_id=1681\" target=\"_blank\" rel=\"noreferrer noopener\">Le commentaire historique par Andr\u00e9 Bozec.<\/a><\/strong><\/p>\n","protected":false},"excerpt":{"rendered":"<p>Le commentaire historique par Andr\u00e9 Bozec.<\/p>\n","protected":false},"author":1,"featured_media":0,"parent":0,"menu_order":0,"comment_status":"closed","ping_status":"closed","template":"","meta":{"footnotes":""},"class_list":["post-3051","page","type-page","status-publish","hentry"],"yoast_head":"<!-- This site is optimized with the Yoast SEO plugin v27.4 - https:\/\/yoast.com\/product\/yoast-seo-wordpress\/ -->\n<title>R\u00e9fection de la fontaine St M\u00e9en. - Passeurs de Patrimoine de Plogonnec<\/title>\n<meta name=\"robots\" content=\"index, follow, max-snippet:-1, max-image-preview:large, max-video-preview:-1\" \/>\n<link rel=\"canonical\" href=\"https:\/\/passeurspatrimoineplogonnec.fr\/?page_id=3051\" \/>\n<meta property=\"og:locale\" content=\"fr_FR\" \/>\n<meta property=\"og:type\" content=\"article\" \/>\n<meta property=\"og:title\" content=\"R\u00e9fection de la fontaine St M\u00e9en. - Passeurs de Patrimoine de Plogonnec\" \/>\n<meta property=\"og:description\" content=\"Le commentaire historique par Andr\u00e9 Bozec.\" \/>\n<meta property=\"og:url\" content=\"https:\/\/passeurspatrimoineplogonnec.fr\/?page_id=3051\" \/>\n<meta property=\"og:site_name\" content=\"Passeurs de Patrimoine de Plogonnec\" \/>\n<meta property=\"article:modified_time\" content=\"2023-11-11T16:40:45+00:00\" \/>\n<meta property=\"og:image\" content=\"http:\/\/passeurspatrimoineplogonnec.fr\/wp-content\/uploads\/2023\/05\/aout-2016-1-1er-contact-avec-le-site-1024x720.jpg\" \/>\n<meta name=\"twitter:card\" content=\"summary_large_image\" \/>\n<meta name=\"twitter:label1\" content=\"Dur\u00e9e de lecture estim\u00e9e\" \/>\n\t<meta name=\"twitter:data1\" content=\"2 minutes\" \/>\n<script type=\"application\/ld+json\" class=\"yoast-schema-graph\">{\"@context\":\"https:\\\/\\\/schema.org\",\"@graph\":[{\"@type\":\"WebPage\",\"@id\":\"https:\\\/\\\/passeurspatrimoineplogonnec.fr\\\/?page_id=3051\",\"url\":\"https:\\\/\\\/passeurspatrimoineplogonnec.fr\\\/?page_id=3051\",\"name\":\"R\u00e9fection de la fontaine St M\u00e9en. - Passeurs de Patrimoine de Plogonnec\",\"isPartOf\":{\"@id\":\"https:\\\/\\\/passeurspatrimoineplogonnec.fr\\\/#website\"},\"primaryImageOfPage\":{\"@id\":\"https:\\\/\\\/passeurspatrimoineplogonnec.fr\\\/?page_id=3051#primaryimage\"},\"image\":{\"@id\":\"https:\\\/\\\/passeurspatrimoineplogonnec.fr\\\/?page_id=3051#primaryimage\"},\"thumbnailUrl\":\"http:\\\/\\\/passeurspatrimoineplogonnec.fr\\\/wp-content\\\/uploads\\\/2023\\\/05\\\/aout-2016-1-1er-contact-avec-le-site-1024x720.jpg\",\"datePublished\":\"2023-05-10T12:56:41+00:00\",\"dateModified\":\"2023-11-11T16:40:45+00:00\",\"breadcrumb\":{\"@id\":\"https:\\\/\\\/passeurspatrimoineplogonnec.fr\\\/?page_id=3051#breadcrumb\"},\"inLanguage\":\"fr-FR\",\"potentialAction\":[{\"@type\":\"ReadAction\",\"target\":[\"https:\\\/\\\/passeurspatrimoineplogonnec.fr\\\/?page_id=3051\"]}]},{\"@type\":\"ImageObject\",\"inLanguage\":\"fr-FR\",\"@id\":\"https:\\\/\\\/passeurspatrimoineplogonnec.fr\\\/?page_id=3051#primaryimage\",\"url\":\"https:\\\/\\\/passeurspatrimoineplogonnec.fr\\\/wp-content\\\/uploads\\\/2023\\\/05\\\/aout-2016-1-1er-contact-avec-le-site-scaled.jpg\",\"contentUrl\":\"https:\\\/\\\/passeurspatrimoineplogonnec.fr\\\/wp-content\\\/uploads\\\/2023\\\/05\\\/aout-2016-1-1er-contact-avec-le-site-scaled.jpg\",\"width\":2560,\"height\":1799},{\"@type\":\"BreadcrumbList\",\"@id\":\"https:\\\/\\\/passeurspatrimoineplogonnec.fr\\\/?page_id=3051#breadcrumb\",\"itemListElement\":[{\"@type\":\"ListItem\",\"position\":1,\"name\":\"Accueil\",\"item\":\"https:\\\/\\\/passeurspatrimoineplogonnec.fr\\\/\"},{\"@type\":\"ListItem\",\"position\":2,\"name\":\"R\u00e9fection de la fontaine St M\u00e9en.\"}]},{\"@type\":\"WebSite\",\"@id\":\"https:\\\/\\\/passeurspatrimoineplogonnec.fr\\\/#website\",\"url\":\"https:\\\/\\\/passeurspatrimoineplogonnec.fr\\\/\",\"name\":\"Passeurs de Patrimoine de Plogonnec\",\"description\":\"\",\"potentialAction\":[{\"@type\":\"SearchAction\",\"target\":{\"@type\":\"EntryPoint\",\"urlTemplate\":\"https:\\\/\\\/passeurspatrimoineplogonnec.fr\\\/?s={search_term_string}\"},\"query-input\":{\"@type\":\"PropertyValueSpecification\",\"valueRequired\":true,\"valueName\":\"search_term_string\"}}],\"inLanguage\":\"fr-FR\"}]}<\/script>\n<!-- \/ Yoast SEO plugin. -->","yoast_head_json":{"title":"R\u00e9fection de la fontaine St M\u00e9en. - Passeurs de Patrimoine de Plogonnec","robots":{"index":"index","follow":"follow","max-snippet":"max-snippet:-1","max-image-preview":"max-image-preview:large","max-video-preview":"max-video-preview:-1"},"canonical":"https:\/\/passeurspatrimoineplogonnec.fr\/?page_id=3051","og_locale":"fr_FR","og_type":"article","og_title":"R\u00e9fection de la fontaine St M\u00e9en. - Passeurs de Patrimoine de Plogonnec","og_description":"Le commentaire historique par Andr\u00e9 Bozec.","og_url":"https:\/\/passeurspatrimoineplogonnec.fr\/?page_id=3051","og_site_name":"Passeurs de Patrimoine de Plogonnec","article_modified_time":"2023-11-11T16:40:45+00:00","og_image":[{"url":"http:\/\/passeurspatrimoineplogonnec.fr\/wp-content\/uploads\/2023\/05\/aout-2016-1-1er-contact-avec-le-site-1024x720.jpg","type":"","width":"","height":""}],"twitter_card":"summary_large_image","twitter_misc":{"Dur\u00e9e de lecture estim\u00e9e":"2 minutes"},"schema":{"@context":"https:\/\/schema.org","@graph":[{"@type":"WebPage","@id":"https:\/\/passeurspatrimoineplogonnec.fr\/?page_id=3051","url":"https:\/\/passeurspatrimoineplogonnec.fr\/?page_id=3051","name":"R\u00e9fection de la fontaine St M\u00e9en. - Passeurs de Patrimoine de Plogonnec","isPartOf":{"@id":"https:\/\/passeurspatrimoineplogonnec.fr\/#website"},"primaryImageOfPage":{"@id":"https:\/\/passeurspatrimoineplogonnec.fr\/?page_id=3051#primaryimage"},"image":{"@id":"https:\/\/passeurspatrimoineplogonnec.fr\/?page_id=3051#primaryimage"},"thumbnailUrl":"http:\/\/passeurspatrimoineplogonnec.fr\/wp-content\/uploads\/2023\/05\/aout-2016-1-1er-contact-avec-le-site-1024x720.jpg","datePublished":"2023-05-10T12:56:41+00:00","dateModified":"2023-11-11T16:40:45+00:00","breadcrumb":{"@id":"https:\/\/passeurspatrimoineplogonnec.fr\/?page_id=3051#breadcrumb"},"inLanguage":"fr-FR","potentialAction":[{"@type":"ReadAction","target":["https:\/\/passeurspatrimoineplogonnec.fr\/?page_id=3051"]}]},{"@type":"ImageObject","inLanguage":"fr-FR","@id":"https:\/\/passeurspatrimoineplogonnec.fr\/?page_id=3051#primaryimage","url":"https:\/\/passeurspatrimoineplogonnec.fr\/wp-content\/uploads\/2023\/05\/aout-2016-1-1er-contact-avec-le-site-scaled.jpg","contentUrl":"https:\/\/passeurspatrimoineplogonnec.fr\/wp-content\/uploads\/2023\/05\/aout-2016-1-1er-contact-avec-le-site-scaled.jpg","width":2560,"height":1799},{"@type":"BreadcrumbList","@id":"https:\/\/passeurspatrimoineplogonnec.fr\/?page_id=3051#breadcrumb","itemListElement":[{"@type":"ListItem","position":1,"name":"Accueil","item":"https:\/\/passeurspatrimoineplogonnec.fr\/"},{"@type":"ListItem","position":2,"name":"R\u00e9fection de la fontaine St M\u00e9en."}]},{"@type":"WebSite","@id":"https:\/\/passeurspatrimoineplogonnec.fr\/#website","url":"https:\/\/passeurspatrimoineplogonnec.fr\/","name":"Passeurs de Patrimoine de Plogonnec","description":"","potentialAction":[{"@type":"SearchAction","target":{"@type":"EntryPoint","urlTemplate":"https:\/\/passeurspatrimoineplogonnec.fr\/?s={search_term_string}"},"query-input":{"@type":"PropertyValueSpecification","valueRequired":true,"valueName":"search_term_string"}}],"inLanguage":"fr-FR"}]}},"_links":{"self":[{"href":"https:\/\/passeurspatrimoineplogonnec.fr\/index.php?rest_route=\/wp\/v2\/pages\/3051","targetHints":{"allow":["GET"]}}],"collection":[{"href":"https:\/\/passeurspatrimoineplogonnec.fr\/index.php?rest_route=\/wp\/v2\/pages"}],"about":[{"href":"https:\/\/passeurspatrimoineplogonnec.fr\/index.php?rest_route=\/wp\/v2\/types\/page"}],"author":[{"embeddable":true,"href":"https:\/\/passeurspatrimoineplogonnec.fr\/index.php?rest_route=\/wp\/v2\/users\/1"}],"replies":[{"embeddable":true,"href":"https:\/\/passeurspatrimoineplogonnec.fr\/index.php?rest_route=%2Fwp%2Fv2%2Fcomments&post=3051"}],"version-history":[{"count":14,"href":"https:\/\/passeurspatrimoineplogonnec.fr\/index.php?rest_route=\/wp\/v2\/pages\/3051\/revisions"}],"predecessor-version":[{"id":5160,"href":"https:\/\/passeurspatrimoineplogonnec.fr\/index.php?rest_route=\/wp\/v2\/pages\/3051\/revisions\/5160"}],"wp:attachment":[{"href":"https:\/\/passeurspatrimoineplogonnec.fr\/index.php?rest_route=%2Fwp%2Fv2%2Fmedia&parent=3051"}],"curies":[{"name":"wp","href":"https:\/\/api.w.org\/{rel}","templated":true}]}}