{"id":3080,"date":"2023-05-10T15:31:29","date_gmt":"2023-05-10T13:31:29","guid":{"rendered":"http:\/\/passeurspatrimoineplogonnec.fr\/?page_id=3080"},"modified":"2025-05-07T10:29:31","modified_gmt":"2025-05-07T08:29:31","slug":"revue-de-presse","status":"publish","type":"page","link":"https:\/\/passeurspatrimoineplogonnec.fr\/?page_id=3080","title":{"rendered":"Revue de presse"},"content":{"rendered":"\n<p>07\/05\/2025<\/p>\n\n\n\n<p>Mur du souvenir : Article du T\u00e9l\u00e9gramme du 22 avril 2025<\/p>\n\n\n\n<div data-wp-interactive=\"core\/file\" class=\"wp-block-file\"><object data-wp-bind--hidden=\"!state.hasPdfPreview\" hidden class=\"wp-block-file__embed\" data=\"http:\/\/passeurspatrimoineplogonnec.fr\/wp-content\/uploads\/2025\/05\/article-telegramme-22-avril.pdf\" type=\"application\/pdf\" style=\"width:100%;height:600px\" aria-label=\"Contenu embarqu\u00e9 article telegramme 22 avril.\"><\/object><a id=\"wp-block-file--media-8d0c5de3-598d-4c1b-bcd1-6fc5c1d6a220\" href=\"http:\/\/passeurspatrimoineplogonnec.fr\/wp-content\/uploads\/2025\/05\/article-telegramme-22-avril.pdf\">article telegramme 22 avril<\/a><a href=\"http:\/\/passeurspatrimoineplogonnec.fr\/wp-content\/uploads\/2025\/05\/article-telegramme-22-avril.pdf\" class=\"wp-block-file__button wp-element-button\" download aria-describedby=\"wp-block-file--media-8d0c5de3-598d-4c1b-bcd1-6fc5c1d6a220\">T\u00e9l\u00e9charger<\/a><\/div>\n\n\n\n<p class=\"has-text-align-center\">*************************************************<\/p>\n\n\n\n<p>07\/05\/2025<\/p>\n\n\n\n<p>Mur du souvenir : Article du T\u00e9l\u00e9gramme du 29 avril 2025.<\/p>\n\n\n\n<div data-wp-interactive=\"core\/file\" class=\"wp-block-file\"><object data-wp-bind--hidden=\"!state.hasPdfPreview\" hidden class=\"wp-block-file__embed\" data=\"http:\/\/passeurspatrimoineplogonnec.fr\/wp-content\/uploads\/2025\/05\/article-telegramme-29-avril.pdf\" type=\"application\/pdf\" style=\"width:100%;height:600px\" aria-label=\"Contenu embarqu\u00e9 article telegramme 29 avril.\"><\/object><a id=\"wp-block-file--media-195d0bdd-a595-4909-ae69-e2de5eee6f3a\" href=\"http:\/\/passeurspatrimoineplogonnec.fr\/wp-content\/uploads\/2025\/05\/article-telegramme-29-avril.pdf\">article telegramme 29 avril<\/a><a href=\"http:\/\/passeurspatrimoineplogonnec.fr\/wp-content\/uploads\/2025\/05\/article-telegramme-29-avril.pdf\" class=\"wp-block-file__button wp-element-button\" download aria-describedby=\"wp-block-file--media-195d0bdd-a595-4909-ae69-e2de5eee6f3a\">T\u00e9l\u00e9charger<\/a><\/div>\n\n\n\n<p class=\"has-text-align-center\">*************************************************<\/p>\n\n\n\n<p>07\/05\/2025<\/p>\n\n\n\n<p>Mur du souvenir : les \u00e9lus et invit\u00e9s lors de la c\u00e9r\u00e9monie du 27 avril 2025.<\/p>\n\n\n\n<figure class=\"wp-block-image size-full\"><img loading=\"lazy\" decoding=\"async\" width=\"960\" height=\"720\" src=\"http:\/\/passeurspatrimoineplogonnec.fr\/wp-content\/uploads\/2025\/05\/Les-elus-et-invites-a-la-ceremonie-du-27-avril.jpg\" alt=\"\" class=\"wp-image-4734\" srcset=\"https:\/\/passeurspatrimoineplogonnec.fr\/wp-content\/uploads\/2025\/05\/Les-elus-et-invites-a-la-ceremonie-du-27-avril.jpg 960w, https:\/\/passeurspatrimoineplogonnec.fr\/wp-content\/uploads\/2025\/05\/Les-elus-et-invites-a-la-ceremonie-du-27-avril-300x225.jpg 300w, https:\/\/passeurspatrimoineplogonnec.fr\/wp-content\/uploads\/2025\/05\/Les-elus-et-invites-a-la-ceremonie-du-27-avril-768x576.jpg 768w\" sizes=\"auto, (max-width: 960px) 100vw, 960px\" \/><\/figure>\n\n\n\n<p class=\"has-text-align-center\">**************************************************<\/p>\n\n\n\n<p>30\/04\/2025<\/p>\n\n\n\n<p>Mur du souvenir : Ouest-france du mercredi 30 avril 2025<\/p>\n\n\n\n<div data-wp-interactive=\"core\/file\" class=\"wp-block-file\"><object data-wp-bind--hidden=\"!state.hasPdfPreview\" hidden class=\"wp-block-file__embed\" data=\"http:\/\/passeurspatrimoineplogonnec.fr\/wp-content\/uploads\/2025\/04\/Journal-Ouest-France-Quimper-Centre-Finistere-_-Mercredi-30-avril-2025.pdf\" type=\"application\/pdf\" style=\"width:100%;height:600px\" aria-label=\"Contenu embarqu\u00e9 Journal Ouest-France Quimper - Centre-Finist\u00e8re _ Mercredi 30 avril 2025.\"><\/object><a id=\"wp-block-file--media-a91b6508-9cd1-4cb2-984a-22a7f405c913\" href=\"http:\/\/passeurspatrimoineplogonnec.fr\/wp-content\/uploads\/2025\/04\/Journal-Ouest-France-Quimper-Centre-Finistere-_-Mercredi-30-avril-2025.pdf\" target=\"_blank\" rel=\"noreferrer noopener\">Journal Ouest-France Quimper &#8211; Centre-Finist\u00e8re _ Mercredi 30 avril 2025<\/a><\/div>\n\n\n\n<div class=\"wp-block-media-text is-stacked-on-mobile\"><figure class=\"wp-block-media-text__media\"><\/figure><div class=\"wp-block-media-text__content\">\n<p><\/p>\n<\/div><\/div>\n\n\n\n<p class=\"has-text-align-center\">********************************************<\/p>\n\n\n\n<p>23\/02\/2024<\/p>\n\n\n\n<h2 class=\"wp-block-heading\">An Daouarn glas int\u00e8gre les Passeurs de Patrimoine.<\/h2>\n\n\n\n<figure class=\"wp-block-image size-full\"><a href=\"http:\/\/passeurspatrimoineplogonnec.fr\/wp-content\/uploads\/2024\/02\/22-02-2024-LTG-An-Daouarn-Glas-integre-lassociation-les-passeurs-de-patrimoine.png\" target=\"_blank\" rel=\"noreferrer noopener\"><img loading=\"lazy\" decoding=\"async\" width=\"393\" height=\"612\" src=\"http:\/\/passeurspatrimoineplogonnec.fr\/wp-content\/uploads\/2024\/02\/22-02-2024-LTG-An-Daouarn-Glas-integre-lassociation-les-passeurs-de-patrimoine.png\" alt=\"\" class=\"wp-image-4122\" srcset=\"https:\/\/passeurspatrimoineplogonnec.fr\/wp-content\/uploads\/2024\/02\/22-02-2024-LTG-An-Daouarn-Glas-integre-lassociation-les-passeurs-de-patrimoine.png 393w, https:\/\/passeurspatrimoineplogonnec.fr\/wp-content\/uploads\/2024\/02\/22-02-2024-LTG-An-Daouarn-Glas-integre-lassociation-les-passeurs-de-patrimoine-193x300.png 193w\" sizes=\"auto, (max-width: 393px) 100vw, 393px\" \/><\/a><\/figure>\n\n\n\n<p><\/p>\n\n\n\n<p class=\"has-text-align-center\">****************************************************<\/p>\n\n\n\n<p>Ouest-france du 25 ao\u00fbt 2023<\/p>\n\n\n\n<p><\/p>\n\n\n\n<figure class=\"wp-block-image size-full\"><img loading=\"lazy\" decoding=\"async\" width=\"512\" height=\"369\" src=\"http:\/\/passeurspatrimoineplogonnec.fr\/wp-content\/uploads\/2023\/09\/Photo-ouest-france.jpg\" alt=\"\" class=\"wp-image-3634\" srcset=\"https:\/\/passeurspatrimoineplogonnec.fr\/wp-content\/uploads\/2023\/09\/Photo-ouest-france.jpg 512w, https:\/\/passeurspatrimoineplogonnec.fr\/wp-content\/uploads\/2023\/09\/Photo-ouest-france-300x216.jpg 300w\" sizes=\"auto, (max-width: 512px) 100vw, 512px\" \/><\/figure>\n\n\n\n<figure class=\"wp-block-image size-large is-resized\"><img loading=\"lazy\" decoding=\"async\" width=\"724\" height=\"1024\" src=\"http:\/\/passeurspatrimoineplogonnec.fr\/wp-content\/uploads\/2023\/09\/Les-Passeurs-Ouest-France-Le-journal-25-aout-2023_page-0001-724x1024.jpg\" alt=\"\" class=\"wp-image-3636\" style=\"width:670px;height:948px\" srcset=\"https:\/\/passeurspatrimoineplogonnec.fr\/wp-content\/uploads\/2023\/09\/Les-Passeurs-Ouest-France-Le-journal-25-aout-2023_page-0001-724x1024.jpg 724w, https:\/\/passeurspatrimoineplogonnec.fr\/wp-content\/uploads\/2023\/09\/Les-Passeurs-Ouest-France-Le-journal-25-aout-2023_page-0001-212x300.jpg 212w, https:\/\/passeurspatrimoineplogonnec.fr\/wp-content\/uploads\/2023\/09\/Les-Passeurs-Ouest-France-Le-journal-25-aout-2023_page-0001-768x1087.jpg 768w, https:\/\/passeurspatrimoineplogonnec.fr\/wp-content\/uploads\/2023\/09\/Les-Passeurs-Ouest-France-Le-journal-25-aout-2023_page-0001-1085x1536.jpg 1085w, https:\/\/passeurspatrimoineplogonnec.fr\/wp-content\/uploads\/2023\/09\/Les-Passeurs-Ouest-France-Le-journal-25-aout-2023_page-0001.jpg 1240w\" sizes=\"auto, (max-width: 724px) 100vw, 724px\" \/><\/figure>\n\n\n\n<figure class=\"wp-block-image size-large\"><img loading=\"lazy\" decoding=\"async\" width=\"724\" height=\"1024\" src=\"http:\/\/passeurspatrimoineplogonnec.fr\/wp-content\/uploads\/2023\/09\/Les-Passeurs-Ouest-France-Le-journal-25-aout-2023_page-0002-724x1024.jpg\" alt=\"\" class=\"wp-image-3637\" srcset=\"https:\/\/passeurspatrimoineplogonnec.fr\/wp-content\/uploads\/2023\/09\/Les-Passeurs-Ouest-France-Le-journal-25-aout-2023_page-0002-724x1024.jpg 724w, https:\/\/passeurspatrimoineplogonnec.fr\/wp-content\/uploads\/2023\/09\/Les-Passeurs-Ouest-France-Le-journal-25-aout-2023_page-0002-212x300.jpg 212w, https:\/\/passeurspatrimoineplogonnec.fr\/wp-content\/uploads\/2023\/09\/Les-Passeurs-Ouest-France-Le-journal-25-aout-2023_page-0002-768x1087.jpg 768w, https:\/\/passeurspatrimoineplogonnec.fr\/wp-content\/uploads\/2023\/09\/Les-Passeurs-Ouest-France-Le-journal-25-aout-2023_page-0002-1085x1536.jpg 1085w, https:\/\/passeurspatrimoineplogonnec.fr\/wp-content\/uploads\/2023\/09\/Les-Passeurs-Ouest-France-Le-journal-25-aout-2023_page-0002.jpg 1240w\" sizes=\"auto, (max-width: 724px) 100vw, 724px\" \/><\/figure>\n\n\n\n<p class=\"has-text-align-center\">**********************************************************<\/p>\n\n\n\n<p>Ouest-france du 10 mai 2023 :<\/p>\n\n\n\n<figure class=\"wp-block-gallery has-nested-images columns-default is-cropped wp-block-gallery-1 is-layout-flex wp-block-gallery-is-layout-flex\">\n<figure class=\"wp-block-image size-large\"><a href=\"http:\/\/passeurspatrimoineplogonnec.fr\/wp-content\/uploads\/2023\/05\/Preview-XLARGE-84714192.jpg\" target=\"_blank\" rel=\"noreferrer noopener\"><img loading=\"lazy\" decoding=\"async\" width=\"752\" height=\"1024\" data-id=\"3084\" src=\"http:\/\/passeurspatrimoineplogonnec.fr\/wp-content\/uploads\/2023\/05\/Preview-XLARGE-84714192-752x1024.jpg\" alt=\"\" class=\"wp-image-3084\" srcset=\"https:\/\/passeurspatrimoineplogonnec.fr\/wp-content\/uploads\/2023\/05\/Preview-XLARGE-84714192-752x1024.jpg 752w, https:\/\/passeurspatrimoineplogonnec.fr\/wp-content\/uploads\/2023\/05\/Preview-XLARGE-84714192-220x300.jpg 220w, https:\/\/passeurspatrimoineplogonnec.fr\/wp-content\/uploads\/2023\/05\/Preview-XLARGE-84714192-768x1045.jpg 768w, https:\/\/passeurspatrimoineplogonnec.fr\/wp-content\/uploads\/2023\/05\/Preview-XLARGE-84714192-1129x1536.jpg 1129w, https:\/\/passeurspatrimoineplogonnec.fr\/wp-content\/uploads\/2023\/05\/Preview-XLARGE-84714192-1505x2048.jpg 1505w, https:\/\/passeurspatrimoineplogonnec.fr\/wp-content\/uploads\/2023\/05\/Preview-XLARGE-84714192.jpg 1828w\" sizes=\"auto, (max-width: 752px) 100vw, 752px\" \/><\/a><\/figure>\n<\/figure>\n","protected":false},"excerpt":{"rendered":"<p>07\/05\/2025 Mur du souvenir : Article du T\u00e9l\u00e9gramme du 22 avril 2025 ************************************************* 07\/05\/2025 Mur du souvenir : Article du T\u00e9l\u00e9gramme du 29 avril 2025. ************************************************* 07\/05\/2025 Mur du souvenir : les \u00e9lus et invit\u00e9s lors de la c\u00e9r\u00e9monie du &hellip; <a href=\"https:\/\/passeurspatrimoineplogonnec.fr\/?page_id=3080\">Continuer la lecture <span class=\"meta-nav\">&rarr;<\/span><\/a><\/p>\n","protected":false},"author":1,"featured_media":0,"parent":0,"menu_order":0,"comment_status":"closed","ping_status":"closed","template":"","meta":{"footnotes":""},"class_list":["post-3080","page","type-page","status-publish","hentry"],"yoast_head":"<!-- This site is optimized with the Yoast SEO plugin v27.4 - https:\/\/yoast.com\/product\/yoast-seo-wordpress\/ -->\n<title>Revue de presse - Passeurs de Patrimoine de Plogonnec<\/title>\n<meta name=\"robots\" content=\"index, follow, max-snippet:-1, max-image-preview:large, max-video-preview:-1\" \/>\n<link rel=\"canonical\" href=\"https:\/\/passeurspatrimoineplogonnec.fr\/?page_id=3080\" \/>\n<meta property=\"og:locale\" content=\"fr_FR\" \/>\n<meta property=\"og:type\" content=\"article\" \/>\n<meta property=\"og:title\" content=\"Revue de presse - Passeurs de Patrimoine de Plogonnec\" \/>\n<meta property=\"og:description\" content=\"07\/05\/2025 Mur du souvenir : Article du T\u00e9l\u00e9gramme du 22 avril 2025 ************************************************* 07\/05\/2025 Mur du souvenir : Article du T\u00e9l\u00e9gramme du 29 avril 2025. ************************************************* 07\/05\/2025 Mur du souvenir : les \u00e9lus et invit\u00e9s lors de la c\u00e9r\u00e9monie du &hellip; Continuer la lecture &rarr;\" \/>\n<meta property=\"og:url\" content=\"https:\/\/passeurspatrimoineplogonnec.fr\/?page_id=3080\" \/>\n<meta property=\"og:site_name\" content=\"Passeurs de Patrimoine de Plogonnec\" \/>\n<meta property=\"article:modified_time\" content=\"2025-05-07T08:29:31+00:00\" \/>\n<meta property=\"og:image\" content=\"http:\/\/passeurspatrimoineplogonnec.fr\/wp-content\/uploads\/2025\/05\/Les-elus-et-invites-a-la-ceremonie-du-27-avril.jpg\" \/>\n<meta name=\"twitter:card\" content=\"summary_large_image\" \/>\n<meta name=\"twitter:label1\" content=\"Dur\u00e9e de lecture estim\u00e9e\" \/>\n\t<meta name=\"twitter:data1\" content=\"2 minutes\" \/>\n<script type=\"application\/ld+json\" class=\"yoast-schema-graph\">{\"@context\":\"https:\\\/\\\/schema.org\",\"@graph\":[{\"@type\":\"WebPage\",\"@id\":\"https:\\\/\\\/passeurspatrimoineplogonnec.fr\\\/?page_id=3080\",\"url\":\"https:\\\/\\\/passeurspatrimoineplogonnec.fr\\\/?page_id=3080\",\"name\":\"Revue de presse - Passeurs de Patrimoine de Plogonnec\",\"isPartOf\":{\"@id\":\"https:\\\/\\\/passeurspatrimoineplogonnec.fr\\\/#website\"},\"primaryImageOfPage\":{\"@id\":\"https:\\\/\\\/passeurspatrimoineplogonnec.fr\\\/?page_id=3080#primaryimage\"},\"image\":{\"@id\":\"https:\\\/\\\/passeurspatrimoineplogonnec.fr\\\/?page_id=3080#primaryimage\"},\"thumbnailUrl\":\"http:\\\/\\\/passeurspatrimoineplogonnec.fr\\\/wp-content\\\/uploads\\\/2025\\\/05\\\/Les-elus-et-invites-a-la-ceremonie-du-27-avril.jpg\",\"datePublished\":\"2023-05-10T13:31:29+00:00\",\"dateModified\":\"2025-05-07T08:29:31+00:00\",\"breadcrumb\":{\"@id\":\"https:\\\/\\\/passeurspatrimoineplogonnec.fr\\\/?page_id=3080#breadcrumb\"},\"inLanguage\":\"fr-FR\",\"potentialAction\":[{\"@type\":\"ReadAction\",\"target\":[\"https:\\\/\\\/passeurspatrimoineplogonnec.fr\\\/?page_id=3080\"]}]},{\"@type\":\"ImageObject\",\"inLanguage\":\"fr-FR\",\"@id\":\"https:\\\/\\\/passeurspatrimoineplogonnec.fr\\\/?page_id=3080#primaryimage\",\"url\":\"https:\\\/\\\/passeurspatrimoineplogonnec.fr\\\/wp-content\\\/uploads\\\/2025\\\/05\\\/Les-elus-et-invites-a-la-ceremonie-du-27-avril.jpg\",\"contentUrl\":\"https:\\\/\\\/passeurspatrimoineplogonnec.fr\\\/wp-content\\\/uploads\\\/2025\\\/05\\\/Les-elus-et-invites-a-la-ceremonie-du-27-avril.jpg\",\"width\":960,\"height\":720},{\"@type\":\"BreadcrumbList\",\"@id\":\"https:\\\/\\\/passeurspatrimoineplogonnec.fr\\\/?page_id=3080#breadcrumb\",\"itemListElement\":[{\"@type\":\"ListItem\",\"position\":1,\"name\":\"Accueil\",\"item\":\"https:\\\/\\\/passeurspatrimoineplogonnec.fr\\\/\"},{\"@type\":\"ListItem\",\"position\":2,\"name\":\"Revue de presse\"}]},{\"@type\":\"WebSite\",\"@id\":\"https:\\\/\\\/passeurspatrimoineplogonnec.fr\\\/#website\",\"url\":\"https:\\\/\\\/passeurspatrimoineplogonnec.fr\\\/\",\"name\":\"Passeurs de Patrimoine de Plogonnec\",\"description\":\"\",\"potentialAction\":[{\"@type\":\"SearchAction\",\"target\":{\"@type\":\"EntryPoint\",\"urlTemplate\":\"https:\\\/\\\/passeurspatrimoineplogonnec.fr\\\/?s={search_term_string}\"},\"query-input\":{\"@type\":\"PropertyValueSpecification\",\"valueRequired\":true,\"valueName\":\"search_term_string\"}}],\"inLanguage\":\"fr-FR\"}]}<\/script>\n<!-- \/ Yoast SEO plugin. -->","yoast_head_json":{"title":"Revue de presse - Passeurs de Patrimoine de Plogonnec","robots":{"index":"index","follow":"follow","max-snippet":"max-snippet:-1","max-image-preview":"max-image-preview:large","max-video-preview":"max-video-preview:-1"},"canonical":"https:\/\/passeurspatrimoineplogonnec.fr\/?page_id=3080","og_locale":"fr_FR","og_type":"article","og_title":"Revue de presse - Passeurs de Patrimoine de Plogonnec","og_description":"07\/05\/2025 Mur du souvenir : Article du T\u00e9l\u00e9gramme du 22 avril 2025 ************************************************* 07\/05\/2025 Mur du souvenir : Article du T\u00e9l\u00e9gramme du 29 avril 2025. ************************************************* 07\/05\/2025 Mur du souvenir : les \u00e9lus et invit\u00e9s lors de la c\u00e9r\u00e9monie du &hellip; Continuer la lecture &rarr;","og_url":"https:\/\/passeurspatrimoineplogonnec.fr\/?page_id=3080","og_site_name":"Passeurs de Patrimoine de Plogonnec","article_modified_time":"2025-05-07T08:29:31+00:00","og_image":[{"url":"http:\/\/passeurspatrimoineplogonnec.fr\/wp-content\/uploads\/2025\/05\/Les-elus-et-invites-a-la-ceremonie-du-27-avril.jpg","type":"","width":"","height":""}],"twitter_card":"summary_large_image","twitter_misc":{"Dur\u00e9e de lecture estim\u00e9e":"2 minutes"},"schema":{"@context":"https:\/\/schema.org","@graph":[{"@type":"WebPage","@id":"https:\/\/passeurspatrimoineplogonnec.fr\/?page_id=3080","url":"https:\/\/passeurspatrimoineplogonnec.fr\/?page_id=3080","name":"Revue de presse - Passeurs de Patrimoine de Plogonnec","isPartOf":{"@id":"https:\/\/passeurspatrimoineplogonnec.fr\/#website"},"primaryImageOfPage":{"@id":"https:\/\/passeurspatrimoineplogonnec.fr\/?page_id=3080#primaryimage"},"image":{"@id":"https:\/\/passeurspatrimoineplogonnec.fr\/?page_id=3080#primaryimage"},"thumbnailUrl":"http:\/\/passeurspatrimoineplogonnec.fr\/wp-content\/uploads\/2025\/05\/Les-elus-et-invites-a-la-ceremonie-du-27-avril.jpg","datePublished":"2023-05-10T13:31:29+00:00","dateModified":"2025-05-07T08:29:31+00:00","breadcrumb":{"@id":"https:\/\/passeurspatrimoineplogonnec.fr\/?page_id=3080#breadcrumb"},"inLanguage":"fr-FR","potentialAction":[{"@type":"ReadAction","target":["https:\/\/passeurspatrimoineplogonnec.fr\/?page_id=3080"]}]},{"@type":"ImageObject","inLanguage":"fr-FR","@id":"https:\/\/passeurspatrimoineplogonnec.fr\/?page_id=3080#primaryimage","url":"https:\/\/passeurspatrimoineplogonnec.fr\/wp-content\/uploads\/2025\/05\/Les-elus-et-invites-a-la-ceremonie-du-27-avril.jpg","contentUrl":"https:\/\/passeurspatrimoineplogonnec.fr\/wp-content\/uploads\/2025\/05\/Les-elus-et-invites-a-la-ceremonie-du-27-avril.jpg","width":960,"height":720},{"@type":"BreadcrumbList","@id":"https:\/\/passeurspatrimoineplogonnec.fr\/?page_id=3080#breadcrumb","itemListElement":[{"@type":"ListItem","position":1,"name":"Accueil","item":"https:\/\/passeurspatrimoineplogonnec.fr\/"},{"@type":"ListItem","position":2,"name":"Revue de presse"}]},{"@type":"WebSite","@id":"https:\/\/passeurspatrimoineplogonnec.fr\/#website","url":"https:\/\/passeurspatrimoineplogonnec.fr\/","name":"Passeurs de Patrimoine de Plogonnec","description":"","potentialAction":[{"@type":"SearchAction","target":{"@type":"EntryPoint","urlTemplate":"https:\/\/passeurspatrimoineplogonnec.fr\/?s={search_term_string}"},"query-input":{"@type":"PropertyValueSpecification","valueRequired":true,"valueName":"search_term_string"}}],"inLanguage":"fr-FR"}]}},"_links":{"self":[{"href":"https:\/\/passeurspatrimoineplogonnec.fr\/index.php?rest_route=\/wp\/v2\/pages\/3080","targetHints":{"allow":["GET"]}}],"collection":[{"href":"https:\/\/passeurspatrimoineplogonnec.fr\/index.php?rest_route=\/wp\/v2\/pages"}],"about":[{"href":"https:\/\/passeurspatrimoineplogonnec.fr\/index.php?rest_route=\/wp\/v2\/types\/page"}],"author":[{"embeddable":true,"href":"https:\/\/passeurspatrimoineplogonnec.fr\/index.php?rest_route=\/wp\/v2\/users\/1"}],"replies":[{"embeddable":true,"href":"https:\/\/passeurspatrimoineplogonnec.fr\/index.php?rest_route=%2Fwp%2Fv2%2Fcomments&post=3080"}],"version-history":[{"count":21,"href":"https:\/\/passeurspatrimoineplogonnec.fr\/index.php?rest_route=\/wp\/v2\/pages\/3080\/revisions"}],"predecessor-version":[{"id":4742,"href":"https:\/\/passeurspatrimoineplogonnec.fr\/index.php?rest_route=\/wp\/v2\/pages\/3080\/revisions\/4742"}],"wp:attachment":[{"href":"https:\/\/passeurspatrimoineplogonnec.fr\/index.php?rest_route=%2Fwp%2Fv2%2Fmedia&parent=3080"}],"curies":[{"name":"wp","href":"https:\/\/api.w.org\/{rel}","templated":true}]}}