{"id":3188,"date":"2023-05-20T09:40:06","date_gmt":"2023-05-20T07:40:06","guid":{"rendered":"http:\/\/passeurspatrimoineplogonnec.fr\/?page_id=3188"},"modified":"2023-11-12T13:23:20","modified_gmt":"2023-11-12T12:23:20","slug":"histoire-nationale","status":"publish","type":"page","link":"https:\/\/passeurspatrimoineplogonnec.fr\/?page_id=3188","title":{"rendered":"Histoire nationale"},"content":{"rendered":"\n<p><\/p>\n\n\n\n<p><a href=\"http:\/\/passeurspatrimoineplogonnec.fr\/?page_id=3192\" target=\"_blank\" rel=\"noreferrer noopener\"><strong>L&rsquo;enfer des poilus sur le front, guerre 14-18.<\/strong><\/a><\/p>\n\n\n\n<p><strong><a href=\"http:\/\/passeurspatrimoineplogonnec.fr\/?page_id=3203\" target=\"_blank\" rel=\"noreferrer noopener\">Les coups de main et le nettoyage des tranch\u00e9es. Guerre 14-18.<\/a><\/strong><\/p>\n\n\n\n<p><strong><a href=\"http:\/\/passeurspatrimoineplogonnec.fr\/?page_id=3220\" target=\"_blank\" rel=\"noreferrer noopener\">La violence sur le champ de bataille, guerre 14-18.<\/a><\/strong><\/p>\n\n\n\n<p><strong><a href=\"http:\/\/passeurspatrimoineplogonnec.fr\/?page_id=3235\" target=\"_blank\" rel=\"noreferrer noopener\">Les nettoyeurs de tranch\u00e9es, guerre 14-18.<\/a><\/strong><\/p>\n\n\n\n<p><strong><a href=\"http:\/\/passeurspatrimoineplogonnec.fr\/?page_id=3247\" target=\"_blank\" rel=\"noreferrer noopener\">Les fusill\u00e9s, guerre 14-18.<\/a><\/strong><\/p>\n\n\n\n<p><strong><a href=\"http:\/\/passeurspatrimoineplogonnec.fr\/?page_id=3265\" target=\"_blank\" rel=\"noreferrer noopener\">Les suicid\u00e9s, guerre 14-18.<\/a><\/strong><\/p>\n","protected":false},"excerpt":{"rendered":"<p>L&rsquo;enfer des poilus sur le front, guerre 14-18. Les coups de main et le nettoyage des tranch\u00e9es. Guerre 14-18. La violence sur le champ de bataille, guerre 14-18. Les nettoyeurs de tranch\u00e9es, guerre 14-18. Les fusill\u00e9s, guerre 14-18. Les suicid\u00e9s, &hellip; <a href=\"https:\/\/passeurspatrimoineplogonnec.fr\/?page_id=3188\">Continuer la lecture <span class=\"meta-nav\">&rarr;<\/span><\/a><\/p>\n","protected":false},"author":1,"featured_media":0,"parent":0,"menu_order":0,"comment_status":"closed","ping_status":"closed","template":"","meta":{"footnotes":""},"class_list":["post-3188","page","type-page","status-publish","hentry"],"yoast_head":"<!-- This site is optimized with the Yoast SEO plugin v27.4 - https:\/\/yoast.com\/product\/yoast-seo-wordpress\/ -->\n<title>Histoire nationale - Passeurs de Patrimoine de Plogonnec<\/title>\n<meta name=\"robots\" content=\"index, follow, max-snippet:-1, max-image-preview:large, max-video-preview:-1\" \/>\n<link rel=\"canonical\" href=\"https:\/\/passeurspatrimoineplogonnec.fr\/?page_id=3188\" \/>\n<meta property=\"og:locale\" content=\"fr_FR\" \/>\n<meta property=\"og:type\" content=\"article\" \/>\n<meta property=\"og:title\" content=\"Histoire nationale - Passeurs de Patrimoine de Plogonnec\" \/>\n<meta property=\"og:description\" content=\"L&rsquo;enfer des poilus sur le front, guerre 14-18. Les coups de main et le nettoyage des tranch\u00e9es. Guerre 14-18. La violence sur le champ de bataille, guerre 14-18. Les nettoyeurs de tranch\u00e9es, guerre 14-18. Les fusill\u00e9s, guerre 14-18. Les suicid\u00e9s, &hellip; Continuer la lecture &rarr;\" \/>\n<meta property=\"og:url\" content=\"https:\/\/passeurspatrimoineplogonnec.fr\/?page_id=3188\" \/>\n<meta property=\"og:site_name\" content=\"Passeurs de Patrimoine de Plogonnec\" \/>\n<meta property=\"article:modified_time\" content=\"2023-11-12T12:23:20+00:00\" \/>\n<meta name=\"twitter:card\" content=\"summary_large_image\" \/>\n<meta name=\"twitter:label1\" content=\"Dur\u00e9e de lecture estim\u00e9e\" \/>\n\t<meta name=\"twitter:data1\" content=\"1 minute\" \/>\n<script type=\"application\/ld+json\" class=\"yoast-schema-graph\">{\"@context\":\"https:\\\/\\\/schema.org\",\"@graph\":[{\"@type\":\"WebPage\",\"@id\":\"https:\\\/\\\/passeurspatrimoineplogonnec.fr\\\/?page_id=3188\",\"url\":\"https:\\\/\\\/passeurspatrimoineplogonnec.fr\\\/?page_id=3188\",\"name\":\"Histoire nationale - Passeurs de Patrimoine de Plogonnec\",\"isPartOf\":{\"@id\":\"https:\\\/\\\/passeurspatrimoineplogonnec.fr\\\/#website\"},\"datePublished\":\"2023-05-20T07:40:06+00:00\",\"dateModified\":\"2023-11-12T12:23:20+00:00\",\"breadcrumb\":{\"@id\":\"https:\\\/\\\/passeurspatrimoineplogonnec.fr\\\/?page_id=3188#breadcrumb\"},\"inLanguage\":\"fr-FR\",\"potentialAction\":[{\"@type\":\"ReadAction\",\"target\":[\"https:\\\/\\\/passeurspatrimoineplogonnec.fr\\\/?page_id=3188\"]}]},{\"@type\":\"BreadcrumbList\",\"@id\":\"https:\\\/\\\/passeurspatrimoineplogonnec.fr\\\/?page_id=3188#breadcrumb\",\"itemListElement\":[{\"@type\":\"ListItem\",\"position\":1,\"name\":\"Accueil\",\"item\":\"https:\\\/\\\/passeurspatrimoineplogonnec.fr\\\/\"},{\"@type\":\"ListItem\",\"position\":2,\"name\":\"Histoire nationale\"}]},{\"@type\":\"WebSite\",\"@id\":\"https:\\\/\\\/passeurspatrimoineplogonnec.fr\\\/#website\",\"url\":\"https:\\\/\\\/passeurspatrimoineplogonnec.fr\\\/\",\"name\":\"Passeurs de Patrimoine de Plogonnec\",\"description\":\"\",\"potentialAction\":[{\"@type\":\"SearchAction\",\"target\":{\"@type\":\"EntryPoint\",\"urlTemplate\":\"https:\\\/\\\/passeurspatrimoineplogonnec.fr\\\/?s={search_term_string}\"},\"query-input\":{\"@type\":\"PropertyValueSpecification\",\"valueRequired\":true,\"valueName\":\"search_term_string\"}}],\"inLanguage\":\"fr-FR\"}]}<\/script>\n<!-- \/ Yoast SEO plugin. -->","yoast_head_json":{"title":"Histoire nationale - Passeurs de Patrimoine de Plogonnec","robots":{"index":"index","follow":"follow","max-snippet":"max-snippet:-1","max-image-preview":"max-image-preview:large","max-video-preview":"max-video-preview:-1"},"canonical":"https:\/\/passeurspatrimoineplogonnec.fr\/?page_id=3188","og_locale":"fr_FR","og_type":"article","og_title":"Histoire nationale - Passeurs de Patrimoine de Plogonnec","og_description":"L&rsquo;enfer des poilus sur le front, guerre 14-18. Les coups de main et le nettoyage des tranch\u00e9es. Guerre 14-18. La violence sur le champ de bataille, guerre 14-18. Les nettoyeurs de tranch\u00e9es, guerre 14-18. Les fusill\u00e9s, guerre 14-18. Les suicid\u00e9s, &hellip; Continuer la lecture &rarr;","og_url":"https:\/\/passeurspatrimoineplogonnec.fr\/?page_id=3188","og_site_name":"Passeurs de Patrimoine de Plogonnec","article_modified_time":"2023-11-12T12:23:20+00:00","twitter_card":"summary_large_image","twitter_misc":{"Dur\u00e9e de lecture estim\u00e9e":"1 minute"},"schema":{"@context":"https:\/\/schema.org","@graph":[{"@type":"WebPage","@id":"https:\/\/passeurspatrimoineplogonnec.fr\/?page_id=3188","url":"https:\/\/passeurspatrimoineplogonnec.fr\/?page_id=3188","name":"Histoire nationale - Passeurs de Patrimoine de Plogonnec","isPartOf":{"@id":"https:\/\/passeurspatrimoineplogonnec.fr\/#website"},"datePublished":"2023-05-20T07:40:06+00:00","dateModified":"2023-11-12T12:23:20+00:00","breadcrumb":{"@id":"https:\/\/passeurspatrimoineplogonnec.fr\/?page_id=3188#breadcrumb"},"inLanguage":"fr-FR","potentialAction":[{"@type":"ReadAction","target":["https:\/\/passeurspatrimoineplogonnec.fr\/?page_id=3188"]}]},{"@type":"BreadcrumbList","@id":"https:\/\/passeurspatrimoineplogonnec.fr\/?page_id=3188#breadcrumb","itemListElement":[{"@type":"ListItem","position":1,"name":"Accueil","item":"https:\/\/passeurspatrimoineplogonnec.fr\/"},{"@type":"ListItem","position":2,"name":"Histoire nationale"}]},{"@type":"WebSite","@id":"https:\/\/passeurspatrimoineplogonnec.fr\/#website","url":"https:\/\/passeurspatrimoineplogonnec.fr\/","name":"Passeurs de Patrimoine de Plogonnec","description":"","potentialAction":[{"@type":"SearchAction","target":{"@type":"EntryPoint","urlTemplate":"https:\/\/passeurspatrimoineplogonnec.fr\/?s={search_term_string}"},"query-input":{"@type":"PropertyValueSpecification","valueRequired":true,"valueName":"search_term_string"}}],"inLanguage":"fr-FR"}]}},"_links":{"self":[{"href":"https:\/\/passeurspatrimoineplogonnec.fr\/index.php?rest_route=\/wp\/v2\/pages\/3188","targetHints":{"allow":["GET"]}}],"collection":[{"href":"https:\/\/passeurspatrimoineplogonnec.fr\/index.php?rest_route=\/wp\/v2\/pages"}],"about":[{"href":"https:\/\/passeurspatrimoineplogonnec.fr\/index.php?rest_route=\/wp\/v2\/types\/page"}],"author":[{"embeddable":true,"href":"https:\/\/passeurspatrimoineplogonnec.fr\/index.php?rest_route=\/wp\/v2\/users\/1"}],"replies":[{"embeddable":true,"href":"https:\/\/passeurspatrimoineplogonnec.fr\/index.php?rest_route=%2Fwp%2Fv2%2Fcomments&post=3188"}],"version-history":[{"count":13,"href":"https:\/\/passeurspatrimoineplogonnec.fr\/index.php?rest_route=\/wp\/v2\/pages\/3188\/revisions"}],"predecessor-version":[{"id":3269,"href":"https:\/\/passeurspatrimoineplogonnec.fr\/index.php?rest_route=\/wp\/v2\/pages\/3188\/revisions\/3269"}],"wp:attachment":[{"href":"https:\/\/passeurspatrimoineplogonnec.fr\/index.php?rest_route=%2Fwp%2Fv2%2Fmedia&parent=3188"}],"curies":[{"name":"wp","href":"https:\/\/api.w.org\/{rel}","templated":true}]}}