{"id":3945,"date":"2023-12-14T20:24:22","date_gmt":"2023-12-14T19:24:22","guid":{"rendered":"https:\/\/passeurspatrimoineplogonnec.fr\/?page_id=3945"},"modified":"2024-02-05T14:24:10","modified_gmt":"2024-02-05T13:24:10","slug":"les-cantiques-de-plogonnec","status":"publish","type":"page","link":"https:\/\/passeurspatrimoineplogonnec.fr\/?page_id=3945","title":{"rendered":"Les cantiques de Plogonnec"},"content":{"rendered":"\n<p><strong>Les cantiques de Plogonnec<\/strong><\/p>\n\n\n\n<p>La paroisse de Plogonnec faisait usage de cantiques locaux pour les c\u00e9l\u00e9brations de ses divers pardons. Il y avait huit cantiques en usage, un par pardon.<\/p>\n\n\n\n<p>Les airs utilis\u00e9s \u00e9taient des airs de cantiques bretons g\u00e9n\u00e9raux bien connus comme \u00ab&nbsp;Itron Santez Anna&nbsp;\u00bb &#8211; \u00ab&nbsp;Itron Varia Rumengol&nbsp;\u00bb &#8211; \u00ab&nbsp;Kanomp, kanomp gant levenez&nbsp;\u00bb &#8211; \u00ab&nbsp;Santez Mari, Mamm Doue\u201d &#8211; \u201cAve Marie Stella \/ D\u2019hor mamm\u2019 Santez Anna\u201d &#8211; \u201cItron Santez Anna\u201d &#8211; \u201cSantez Mari, Mamm Doue\u201d en usage dans l\u2019\u00e9v\u00each\u00e9 de Quimper &amp; L\u00e9on.<\/p>\n\n\n\n<p>Les paroles sont r\u00e9dig\u00e9es en breton eccl\u00e9siastique de la fin du XIX<sup>e<\/sup> si\u00e8cle et du premier quart du XX<sup>e<\/sup> si\u00e8cle. On ne connait pas pr\u00e9cis\u00e9ment l\u2019auteur du cantique de Notre Dame de Lorette. Compte tenu d\u2019une r\u00e9f\u00e9rence au couplet sept, l\u2019on peut envisager une r\u00e9daction du texte par le recteur de Plogonnec en 1872, <strong>Laurent Pennarun<\/strong>, aid\u00e9 par son vicaire <strong>Yves Velly<\/strong>. Par contre <strong>Pierre Vincent Cariou<\/strong>, n\u00e9 \u00e0 Coat Gallou, pr\u00eatre d\u00e9c\u00e9d\u00e9 en 1905, est l\u2019auteur \u00e0 la fin du XIX<sup>e<\/sup> si\u00e8cle des cantiques en l\u2019honneur de saint Thurien et de saint Stefan. Tous les autres cantiques sont l\u2019\u0153uvre de <strong>Yann Reun Nihouarn<\/strong>, de Rubihan. Ce dernier \u00e9tait s\u00e9minariste \u00e0 la d\u00e9claration de la premi\u00e8re guerre mondiale. Fortement marqu\u00e9 par sa p\u00e9riode militaire, il renonce \u00e0 la pr\u00eatrise de retour de guerre, et reste vivre comme rentier au manoir de Rubihan. Son talent litt\u00e9raire l\u2019am\u00e8ne \u00e0 cr\u00e9er les paroles des cantiques de saint Th\u00e9lau, saint Albin, Notre Dame de Treguron, saint Th\u00e9gonnec, saint Pierre.<\/p>\n\n\n\n<p>Tableau g\u00e9n\u00e9ral des cantiques de Plogonnec<\/p>\n\n\n\n<p><strong>Cliquez sur le cantique pour acc\u00e9der aux paroles.<\/strong><\/p>\n\n\n\n<figure class=\"wp-block-table\"><table><tbody><tr><td><strong>N\u00b0<\/strong><\/td><td><strong>Lieux<\/strong><\/td><td><strong>Tous les couplets<\/strong><\/td><td><br><\/td><td><strong>Couplets chant\u00e9s dans les paroisses<\/strong><\/td><td><strong>Auteurs<\/strong><\/td><\/tr><tr><td>1<\/td><td>Bourg<\/td><td><a href=\"http:\/\/passeurspatrimoineplogonnec.fr\/wp-content\/uploads\/2023\/12\/PPP_KANTIK-SANT-TURIEN-complet.pdf\" target=\"_blank\" rel=\"noreferrer noopener\">Sant Turien<\/a><\/td><td>18<\/td><td><a href=\"http:\/\/passeurspatrimoineplogonnec.fr\/wp-content\/uploads\/2024\/02\/Cantique-de-st-thurien.pdf\" target=\"_blank\" rel=\"noreferrer noopener\">St Thurien<\/a><\/td><td>Pierre Vincent Cariou<\/td><\/tr><tr><td>2<\/td><td>Bourg<\/td><td><a href=\"http:\/\/passeurspatrimoineplogonnec.fr\/wp-content\/uploads\/2023\/12\/PPP_KANTIK-SANT-STEFAN-complet.pdf\" target=\"_blank\" rel=\"noreferrer noopener\">Sant Stefan<\/a><\/td><td>4<\/td><td><a href=\"http:\/\/passeurspatrimoineplogonnec.fr\/wp-content\/uploads\/2024\/02\/Cantique-de-St-Stephan.pdf\" target=\"_blank\" rel=\"noreferrer noopener\">St Stephan<\/a><\/td><td>Pierre Vincent Cariou<\/td><\/tr><tr><td>3<\/td><td>Saint Th\u00e9lau<\/td><td><a href=\"http:\/\/passeurspatrimoineplogonnec.fr\/wp-content\/uploads\/2023\/12\/PPP_KANTIK-SANT-TELO-complet.pdf\" target=\"_blank\" rel=\"noreferrer noopener\">Sant Telo<\/a><\/td><td>12<\/td><td><a href=\"http:\/\/passeurspatrimoineplogonnec.fr\/wp-content\/uploads\/2024\/02\/Cantique-de-st-theleau.pdf\" target=\"_blank\" rel=\"noreferrer noopener\">St Theleau<\/a><\/td><td>Yann Reun Nihouarn<\/td><\/tr><tr><td>4<\/td><td>Saint Albin<\/td><td><a href=\"http:\/\/passeurspatrimoineplogonnec.fr\/wp-content\/uploads\/2023\/12\/PPP_KANTIK-SANT-ALBIN-complet.pdf\" target=\"_blank\" rel=\"noreferrer noopener\">Sant&nbsp;Albin<\/a><\/td><td>11<\/td><td><a href=\"http:\/\/passeurspatrimoineplogonnec.fr\/wp-content\/uploads\/2024\/02\/Cantique-de-St-Albin.pdf\" target=\"_blank\" rel=\"noreferrer noopener\">St Albin<\/a><\/td><td>Yann Reun Nihouarn<\/td><\/tr><tr><td>5<\/td><td>Seznec<\/td><td><a href=\"http:\/\/passeurspatrimoineplogonnec.fr\/wp-content\/uploads\/2023\/12\/PPP_KANTIK-I.V.-TREGURON-complet.pdf\" target=\"_blank\" rel=\"noreferrer noopener\">I.V. Treguron<\/a><\/td><td>7<\/td><td><a href=\"http:\/\/passeurspatrimoineplogonnec.fr\/wp-content\/uploads\/2024\/02\/Cantique-de-Seznec-notre-dame-de-Treguron.pdf\" target=\"_blank\" rel=\"noreferrer noopener\">Seznec<\/a><\/td><td>Yann Reun Nihouarn<\/td><\/tr><tr><td>6<\/td><td>La Lorette<\/td><td><a href=\"http:\/\/passeurspatrimoineplogonnec.fr\/wp-content\/uploads\/2023\/12\/PPP_KANTIK-I.V.-LORETA-complet.pdf\" target=\"_blank\" rel=\"noreferrer noopener\">I.V. Loreta<\/a><\/td><td>21<\/td><td><a href=\"http:\/\/passeurspatrimoineplogonnec.fr\/wp-content\/uploads\/2024\/02\/Cantique-de-La-lorette.pdf\" target=\"_blank\" rel=\"noreferrer noopener\">La Lorette<\/a><\/td><td>Laurent Pennarun&nbsp;?<\/td><\/tr><tr><td>7<\/td><td>Saint Th\u00e9gonnec<\/td><td><a href=\"http:\/\/passeurspatrimoineplogonnec.fr\/wp-content\/uploads\/2023\/12\/PPP_KANTIK-SANT-TEGONEG-complet.pdf\" target=\"_blank\" rel=\"noreferrer noopener\">Sant Tegoneg<\/a><\/td><td>6<\/td><td><a href=\"http:\/\/passeurspatrimoineplogonnec.fr\/wp-content\/uploads\/2024\/02\/Cantique-de-St-Egonnec.pdf\" target=\"_blank\" rel=\"noreferrer noopener\">St Th\u00e9gonnec<\/a><\/td><td>Yann Reun Nihouarn<\/td><\/tr><tr><td>8<\/td><td>Saint Pierre<\/td><td><a href=\"http:\/\/passeurspatrimoineplogonnec.fr\/wp-content\/uploads\/2023\/12\/PPP_KANTIK-SANT-PER-complet.pdf\" target=\"_blank\" rel=\"noreferrer noopener\">Sant P\u00ear<\/a><\/td><td>6<\/td><td><a href=\"http:\/\/passeurspatrimoineplogonnec.fr\/wp-content\/uploads\/2024\/02\/Cantique-de-St-Pierre.pdf\" target=\"_blank\" rel=\"noreferrer noopener\">St Pierre<\/a><\/td><td>Yann Reun Nihouarn<\/td><\/tr><\/tbody><\/table><\/figure>\n\n\n\n<p>Pendant longtemps, ces cantiques locaux \u00e9taient imprim\u00e9s par le presbyt\u00e8re sur de simples feuilles et ils \u00e9taient distribu\u00e9s aux fid\u00e8les avant les offices. A partir du dernier quart du XXe&nbsp;si\u00e8cle, lorsque les paroisses se sont \u00e9quip\u00e9es de recueils sp\u00e9cifiques de cantiques pour l\u2019usage des diff\u00e9rents offices, des extraits des cantiques locaux y ont \u00e9t\u00e9 rajout\u00e9s et plac\u00e9s en suppl\u00e9ments \u00e0 la fin de la liasse.<\/p>\n\n\n\n<p>L\u2019attachement de la population \u00e0 ces cantiques locaux reste tr\u00e8s fort aujourd\u2019hui, et l\u2019on ne saurait envisager un d\u00e9roulement de c\u00e9r\u00e9monie de pardon sans les chanter.<\/p>\n\n\n\n<p><a href=\"https:\/\/passeurspatrimoineplogonnec.fr\/?page_id=3990\" target=\"_blank\" rel=\"noreferrer noopener\"><strong>Les partitions c&rsquo;est par ici.<\/strong><\/a><\/p>\n\n\n\n<p><strong><a href=\"https:\/\/passeurspatrimoineplogonnec.fr\/?page_id=4037\" target=\"_blank\" rel=\"noreferrer noopener\">Les m\u00e9lodies des cantiques.<\/a><\/strong><\/p>\n\n\n\n<p><strong>Andr\u00e9 Bozec<\/strong><\/p>\n","protected":false},"excerpt":{"rendered":"<p>Les cantiques de Plogonnec La paroisse de Plogonnec faisait usage de cantiques locaux pour les c\u00e9l\u00e9brations de ses divers pardons. Il y avait huit cantiques en usage, un par pardon. Les airs utilis\u00e9s \u00e9taient des airs de cantiques bretons g\u00e9n\u00e9raux &hellip; <a href=\"https:\/\/passeurspatrimoineplogonnec.fr\/?page_id=3945\">Continuer la lecture <span class=\"meta-nav\">&rarr;<\/span><\/a><\/p>\n","protected":false},"author":1,"featured_media":0,"parent":0,"menu_order":0,"comment_status":"closed","ping_status":"closed","template":"","meta":{"footnotes":""},"class_list":["post-3945","page","type-page","status-publish","hentry"],"yoast_head":"<!-- This site is optimized with the Yoast SEO plugin v27.4 - https:\/\/yoast.com\/product\/yoast-seo-wordpress\/ -->\n<title>Les cantiques de Plogonnec - Passeurs de Patrimoine de Plogonnec<\/title>\n<meta name=\"robots\" content=\"index, follow, max-snippet:-1, max-image-preview:large, max-video-preview:-1\" \/>\n<link rel=\"canonical\" href=\"https:\/\/passeurspatrimoineplogonnec.fr\/?page_id=3945\" \/>\n<meta property=\"og:locale\" content=\"fr_FR\" \/>\n<meta property=\"og:type\" content=\"article\" \/>\n<meta property=\"og:title\" content=\"Les cantiques de Plogonnec - Passeurs de Patrimoine de Plogonnec\" \/>\n<meta property=\"og:description\" content=\"Les cantiques de Plogonnec La paroisse de Plogonnec faisait usage de cantiques locaux pour les c\u00e9l\u00e9brations de ses divers pardons. Il y avait huit cantiques en usage, un par pardon. Les airs utilis\u00e9s \u00e9taient des airs de cantiques bretons g\u00e9n\u00e9raux &hellip; Continuer la lecture &rarr;\" \/>\n<meta property=\"og:url\" content=\"https:\/\/passeurspatrimoineplogonnec.fr\/?page_id=3945\" \/>\n<meta property=\"og:site_name\" content=\"Passeurs de Patrimoine de Plogonnec\" \/>\n<meta property=\"article:modified_time\" content=\"2024-02-05T13:24:10+00:00\" \/>\n<meta name=\"twitter:card\" content=\"summary_large_image\" \/>\n<meta name=\"twitter:label1\" content=\"Dur\u00e9e de lecture estim\u00e9e\" \/>\n\t<meta name=\"twitter:data1\" content=\"3 minutes\" \/>\n<script type=\"application\/ld+json\" class=\"yoast-schema-graph\">{\"@context\":\"https:\\\/\\\/schema.org\",\"@graph\":[{\"@type\":\"WebPage\",\"@id\":\"https:\\\/\\\/passeurspatrimoineplogonnec.fr\\\/?page_id=3945\",\"url\":\"https:\\\/\\\/passeurspatrimoineplogonnec.fr\\\/?page_id=3945\",\"name\":\"Les cantiques de Plogonnec - Passeurs de Patrimoine de Plogonnec\",\"isPartOf\":{\"@id\":\"https:\\\/\\\/passeurspatrimoineplogonnec.fr\\\/#website\"},\"datePublished\":\"2023-12-14T19:24:22+00:00\",\"dateModified\":\"2024-02-05T13:24:10+00:00\",\"breadcrumb\":{\"@id\":\"https:\\\/\\\/passeurspatrimoineplogonnec.fr\\\/?page_id=3945#breadcrumb\"},\"inLanguage\":\"fr-FR\",\"potentialAction\":[{\"@type\":\"ReadAction\",\"target\":[\"https:\\\/\\\/passeurspatrimoineplogonnec.fr\\\/?page_id=3945\"]}]},{\"@type\":\"BreadcrumbList\",\"@id\":\"https:\\\/\\\/passeurspatrimoineplogonnec.fr\\\/?page_id=3945#breadcrumb\",\"itemListElement\":[{\"@type\":\"ListItem\",\"position\":1,\"name\":\"Accueil\",\"item\":\"https:\\\/\\\/passeurspatrimoineplogonnec.fr\\\/\"},{\"@type\":\"ListItem\",\"position\":2,\"name\":\"Les cantiques de Plogonnec\"}]},{\"@type\":\"WebSite\",\"@id\":\"https:\\\/\\\/passeurspatrimoineplogonnec.fr\\\/#website\",\"url\":\"https:\\\/\\\/passeurspatrimoineplogonnec.fr\\\/\",\"name\":\"Passeurs de Patrimoine de Plogonnec\",\"description\":\"\",\"potentialAction\":[{\"@type\":\"SearchAction\",\"target\":{\"@type\":\"EntryPoint\",\"urlTemplate\":\"https:\\\/\\\/passeurspatrimoineplogonnec.fr\\\/?s={search_term_string}\"},\"query-input\":{\"@type\":\"PropertyValueSpecification\",\"valueRequired\":true,\"valueName\":\"search_term_string\"}}],\"inLanguage\":\"fr-FR\"}]}<\/script>\n<!-- \/ Yoast SEO plugin. -->","yoast_head_json":{"title":"Les cantiques de Plogonnec - Passeurs de Patrimoine de Plogonnec","robots":{"index":"index","follow":"follow","max-snippet":"max-snippet:-1","max-image-preview":"max-image-preview:large","max-video-preview":"max-video-preview:-1"},"canonical":"https:\/\/passeurspatrimoineplogonnec.fr\/?page_id=3945","og_locale":"fr_FR","og_type":"article","og_title":"Les cantiques de Plogonnec - Passeurs de Patrimoine de Plogonnec","og_description":"Les cantiques de Plogonnec La paroisse de Plogonnec faisait usage de cantiques locaux pour les c\u00e9l\u00e9brations de ses divers pardons. Il y avait huit cantiques en usage, un par pardon. Les airs utilis\u00e9s \u00e9taient des airs de cantiques bretons g\u00e9n\u00e9raux &hellip; Continuer la lecture &rarr;","og_url":"https:\/\/passeurspatrimoineplogonnec.fr\/?page_id=3945","og_site_name":"Passeurs de Patrimoine de Plogonnec","article_modified_time":"2024-02-05T13:24:10+00:00","twitter_card":"summary_large_image","twitter_misc":{"Dur\u00e9e de lecture estim\u00e9e":"3 minutes"},"schema":{"@context":"https:\/\/schema.org","@graph":[{"@type":"WebPage","@id":"https:\/\/passeurspatrimoineplogonnec.fr\/?page_id=3945","url":"https:\/\/passeurspatrimoineplogonnec.fr\/?page_id=3945","name":"Les cantiques de Plogonnec - Passeurs de Patrimoine de Plogonnec","isPartOf":{"@id":"https:\/\/passeurspatrimoineplogonnec.fr\/#website"},"datePublished":"2023-12-14T19:24:22+00:00","dateModified":"2024-02-05T13:24:10+00:00","breadcrumb":{"@id":"https:\/\/passeurspatrimoineplogonnec.fr\/?page_id=3945#breadcrumb"},"inLanguage":"fr-FR","potentialAction":[{"@type":"ReadAction","target":["https:\/\/passeurspatrimoineplogonnec.fr\/?page_id=3945"]}]},{"@type":"BreadcrumbList","@id":"https:\/\/passeurspatrimoineplogonnec.fr\/?page_id=3945#breadcrumb","itemListElement":[{"@type":"ListItem","position":1,"name":"Accueil","item":"https:\/\/passeurspatrimoineplogonnec.fr\/"},{"@type":"ListItem","position":2,"name":"Les cantiques de Plogonnec"}]},{"@type":"WebSite","@id":"https:\/\/passeurspatrimoineplogonnec.fr\/#website","url":"https:\/\/passeurspatrimoineplogonnec.fr\/","name":"Passeurs de Patrimoine de Plogonnec","description":"","potentialAction":[{"@type":"SearchAction","target":{"@type":"EntryPoint","urlTemplate":"https:\/\/passeurspatrimoineplogonnec.fr\/?s={search_term_string}"},"query-input":{"@type":"PropertyValueSpecification","valueRequired":true,"valueName":"search_term_string"}}],"inLanguage":"fr-FR"}]}},"_links":{"self":[{"href":"https:\/\/passeurspatrimoineplogonnec.fr\/index.php?rest_route=\/wp\/v2\/pages\/3945","targetHints":{"allow":["GET"]}}],"collection":[{"href":"https:\/\/passeurspatrimoineplogonnec.fr\/index.php?rest_route=\/wp\/v2\/pages"}],"about":[{"href":"https:\/\/passeurspatrimoineplogonnec.fr\/index.php?rest_route=\/wp\/v2\/types\/page"}],"author":[{"embeddable":true,"href":"https:\/\/passeurspatrimoineplogonnec.fr\/index.php?rest_route=\/wp\/v2\/users\/1"}],"replies":[{"embeddable":true,"href":"https:\/\/passeurspatrimoineplogonnec.fr\/index.php?rest_route=%2Fwp%2Fv2%2Fcomments&post=3945"}],"version-history":[{"count":50,"href":"https:\/\/passeurspatrimoineplogonnec.fr\/index.php?rest_route=\/wp\/v2\/pages\/3945\/revisions"}],"predecessor-version":[{"id":4086,"href":"https:\/\/passeurspatrimoineplogonnec.fr\/index.php?rest_route=\/wp\/v2\/pages\/3945\/revisions\/4086"}],"wp:attachment":[{"href":"https:\/\/passeurspatrimoineplogonnec.fr\/index.php?rest_route=%2Fwp%2Fv2%2Fmedia&parent=3945"}],"curies":[{"name":"wp","href":"https:\/\/api.w.org\/{rel}","templated":true}]}}