{"id":406,"date":"2021-12-02T16:16:59","date_gmt":"2021-12-02T15:16:59","guid":{"rendered":"http:\/\/passeurspatrimoineplogonnec.fr\/?page_id=406"},"modified":"2023-11-12T12:52:27","modified_gmt":"2023-11-12T11:52:27","slug":"le-bourg-de-plogonnec","status":"publish","type":"page","link":"https:\/\/passeurspatrimoineplogonnec.fr\/?page_id=406","title":{"rendered":"Le bourg de Plogonnec"},"content":{"rendered":"\n<figure class=\"wp-block-image size-full\"><img loading=\"lazy\" decoding=\"async\" width=\"711\" height=\"497\" src=\"http:\/\/passeurspatrimoineplogonnec.fr\/wp-content\/uploads\/2021\/12\/le-bourg.png\" alt=\"\" class=\"wp-image-407\" srcset=\"https:\/\/passeurspatrimoineplogonnec.fr\/wp-content\/uploads\/2021\/12\/le-bourg.png 711w, https:\/\/passeurspatrimoineplogonnec.fr\/wp-content\/uploads\/2021\/12\/le-bourg-300x210.png 300w\" sizes=\"auto, (max-width: 711px) 100vw, 711px\" \/><\/figure>\n\n\n\n<p><em>Photo &nbsp;Archives D\u00e9partementales du Finist\u00e8re.<\/em><\/p>\n\n\n\n<p><\/p>\n\n\n\n<p>&nbsp;&nbsp;&nbsp;&nbsp;&nbsp;&nbsp;<\/p>\n\n\n\n<p>&nbsp;&nbsp;L\u2019implantation du bourg primitif de Plogonnec n\u2019est pas le fait du hasard. Elle r\u00e9sulte de deux causes, l\u2019une g\u00e9ographique et strat\u00e9gique, l\u2019autre religieuse.<\/p>\n\n\n\n<p>Le bourg primitif de Plogonnec se trouve \u00eatre plac\u00e9 sur le sommet d\u2019un mamelon de relief orient\u00e9 est-ouest. Ce mamelon fait un peu promontoire. Il n\u2019est reli\u00e9 sur le plat que de son c\u00f4t\u00e9 ouest. Au nord, \u00e0 l\u2019est et au sud il est ceintur\u00e9, \u00e0 l\u2019origine, par des marais. Ces marais forment une protection d\u2019acc\u00e8s vers le bout de colline qui ne reste directement accessible \u00e0 pied sec que par l\u2019ouest. Au petit matin, pour acc\u00e9der \u00e0 pied sec au bourg l\u2019on passe par le c\u00f4t\u00e9 ouest, mais l\u2019on se retrouve aussi avec le soleil dans les yeux. C\u2019est l\u00e0 une autre astuce de d\u00e9fense.<\/p>\n\n\n\n<p>Toutefois, l\u2019on ne peut pas dire que le vieux bourg ait \u00e9t\u00e9 fortifi\u00e9. L\u2019autonomie de d\u00e9fense est possible gr\u00e2ce aux puits. Du c\u00f4t\u00e9 nord, la forte d\u00e9clivit\u00e9 au-dessus du marais de Lostic-Moor se suffit \u00e0 elle-m\u00eame pour contrer un assaut. Sur les flancs est et sud, au de\u00e7\u00e0 des marais, la pente permet de balayer large en vision et de r\u00e9agir assez librement avec des armes de jet. Reste le c\u00f4t\u00e9 ouest, sur le plat. Il n\u2019est pas impossible qu\u2019un simple foss\u00e9 assez profond ait suffi en d\u00e9fense.<\/p>\n\n\n\n<p>Au-del\u00e0 de l\u2019aspect d\u00e9fensif, le site de l\u2019\u00e9glise de Saint Thurien a sans doute \u00e9t\u00e9 un lieu de culte pr\u00e9chr\u00e9tien comme le laisse supposer la pr\u00e9sence d\u2019un premier menhir christianis\u00e9 ench\u00e2ss\u00e9 dans le mur d\u2019enceinte du plac\u00eetre et d\u2019un autre cannel\u00e9 sur ce m\u00eame plac\u00eetre. Ces deux menhirs ont \u00e9t\u00e9 depuis d\u00e9plac\u00e9s suite \u00e0 divers travaux d\u2019am\u00e9nagement, mais ils ont toujours \u00e9t\u00e9 pr\u00e9sents en ces lieux.<\/p>\n\n\n\n<p>Le culte pr\u00e9chr\u00e9tien devait \u00eatre consacr\u00e9 au dieu gaulois Taranis. Il est l\u2019\u00e9poux du jour de la d\u00e9esse m\u00e8re qui a en plus le dieu Cernunos comme \u00e9poux de la nuit. Ce lieu de culte s\u2019articule dans un ensemble qui comprend l\u2019actuel lieu de culte de la chapelle de Saint Elo (pour Cernunos), le bourg (pour Taranis), Saint Egonnec (pour la fontaine de la d\u00e9esse m\u00e8re), et avec en compl\u00e9ment l\u2019ancienne all\u00e9e couverte de Toul ar gramp zu sur la route de Guengat, et le cromlec\u2019h de Kador Sant Elo sur les hauteurs de Guinorvan en Guengat.<\/p>\n\n\n\n<p>L\u2019on ne dispose d\u2019aucune preuve historique et arch\u00e9ologique de l\u2019existence du vieux bourg de Plogonnec avant le XVIIIe&nbsp;si\u00e8cle. Le placement d\u2019une \u00e9glise n\u2019implique pas d\u2019office l\u2019existence d\u2019une agglom\u00e9ration. Toutefois, dans le cas de Plogonnec il y a fort \u00e0 penser qu\u2019il devait y avoir un groupement de maisons autour de l\u2019\u00e9glise d\u00e8s le XIIIe&nbsp;si\u00e8cle.<\/p>\n\n\n\n<p><strong>Andr\u00e9 BOZEC<\/strong><\/p>\n","protected":false},"excerpt":{"rendered":"<p>Photo &nbsp;Archives D\u00e9partementales du Finist\u00e8re. &nbsp;&nbsp;&nbsp;&nbsp;&nbsp;&nbsp; &nbsp;&nbsp;L\u2019implantation du bourg primitif de Plogonnec n\u2019est pas le fait du hasard. Elle r\u00e9sulte de deux causes, l\u2019une g\u00e9ographique et strat\u00e9gique, l\u2019autre religieuse. Le bourg primitif de Plogonnec se trouve \u00eatre plac\u00e9 sur le &hellip; <a href=\"https:\/\/passeurspatrimoineplogonnec.fr\/?page_id=406\">Continuer la lecture <span class=\"meta-nav\">&rarr;<\/span><\/a><\/p>\n","protected":false},"author":1,"featured_media":0,"parent":0,"menu_order":0,"comment_status":"closed","ping_status":"closed","template":"","meta":{"footnotes":""},"class_list":["post-406","page","type-page","status-publish","hentry"],"yoast_head":"<!-- This site is optimized with the Yoast SEO plugin v27.4 - https:\/\/yoast.com\/product\/yoast-seo-wordpress\/ -->\n<title>Le bourg de Plogonnec - Passeurs de Patrimoine de Plogonnec<\/title>\n<meta name=\"robots\" content=\"index, follow, max-snippet:-1, max-image-preview:large, max-video-preview:-1\" \/>\n<link rel=\"canonical\" href=\"https:\/\/passeurspatrimoineplogonnec.fr\/?page_id=406\" \/>\n<meta property=\"og:locale\" content=\"fr_FR\" \/>\n<meta property=\"og:type\" content=\"article\" \/>\n<meta property=\"og:title\" content=\"Le bourg de Plogonnec - Passeurs de Patrimoine de Plogonnec\" \/>\n<meta property=\"og:description\" content=\"Photo &nbsp;Archives D\u00e9partementales du Finist\u00e8re. &nbsp;&nbsp;&nbsp;&nbsp;&nbsp;&nbsp; &nbsp;&nbsp;L\u2019implantation du bourg primitif de Plogonnec n\u2019est pas le fait du hasard. Elle r\u00e9sulte de deux causes, l\u2019une g\u00e9ographique et strat\u00e9gique, l\u2019autre religieuse. Le bourg primitif de Plogonnec se trouve \u00eatre plac\u00e9 sur le &hellip; Continuer la lecture &rarr;\" \/>\n<meta property=\"og:url\" content=\"https:\/\/passeurspatrimoineplogonnec.fr\/?page_id=406\" \/>\n<meta property=\"og:site_name\" content=\"Passeurs de Patrimoine de Plogonnec\" \/>\n<meta property=\"article:modified_time\" content=\"2023-11-12T11:52:27+00:00\" \/>\n<meta property=\"og:image\" content=\"http:\/\/passeurspatrimoineplogonnec.fr\/wp-content\/uploads\/2021\/12\/le-bourg.png\" \/>\n<meta name=\"twitter:card\" content=\"summary_large_image\" \/>\n<meta name=\"twitter:label1\" content=\"Dur\u00e9e de lecture estim\u00e9e\" \/>\n\t<meta name=\"twitter:data1\" content=\"3 minutes\" \/>\n<script type=\"application\/ld+json\" class=\"yoast-schema-graph\">{\"@context\":\"https:\\\/\\\/schema.org\",\"@graph\":[{\"@type\":\"WebPage\",\"@id\":\"https:\\\/\\\/passeurspatrimoineplogonnec.fr\\\/?page_id=406\",\"url\":\"https:\\\/\\\/passeurspatrimoineplogonnec.fr\\\/?page_id=406\",\"name\":\"Le bourg de Plogonnec - Passeurs de Patrimoine de Plogonnec\",\"isPartOf\":{\"@id\":\"https:\\\/\\\/passeurspatrimoineplogonnec.fr\\\/#website\"},\"primaryImageOfPage\":{\"@id\":\"https:\\\/\\\/passeurspatrimoineplogonnec.fr\\\/?page_id=406#primaryimage\"},\"image\":{\"@id\":\"https:\\\/\\\/passeurspatrimoineplogonnec.fr\\\/?page_id=406#primaryimage\"},\"thumbnailUrl\":\"http:\\\/\\\/passeurspatrimoineplogonnec.fr\\\/wp-content\\\/uploads\\\/2021\\\/12\\\/le-bourg.png\",\"datePublished\":\"2021-12-02T15:16:59+00:00\",\"dateModified\":\"2023-11-12T11:52:27+00:00\",\"breadcrumb\":{\"@id\":\"https:\\\/\\\/passeurspatrimoineplogonnec.fr\\\/?page_id=406#breadcrumb\"},\"inLanguage\":\"fr-FR\",\"potentialAction\":[{\"@type\":\"ReadAction\",\"target\":[\"https:\\\/\\\/passeurspatrimoineplogonnec.fr\\\/?page_id=406\"]}]},{\"@type\":\"ImageObject\",\"inLanguage\":\"fr-FR\",\"@id\":\"https:\\\/\\\/passeurspatrimoineplogonnec.fr\\\/?page_id=406#primaryimage\",\"url\":\"https:\\\/\\\/passeurspatrimoineplogonnec.fr\\\/wp-content\\\/uploads\\\/2021\\\/12\\\/le-bourg.png\",\"contentUrl\":\"https:\\\/\\\/passeurspatrimoineplogonnec.fr\\\/wp-content\\\/uploads\\\/2021\\\/12\\\/le-bourg.png\",\"width\":711,\"height\":497},{\"@type\":\"BreadcrumbList\",\"@id\":\"https:\\\/\\\/passeurspatrimoineplogonnec.fr\\\/?page_id=406#breadcrumb\",\"itemListElement\":[{\"@type\":\"ListItem\",\"position\":1,\"name\":\"Accueil\",\"item\":\"https:\\\/\\\/passeurspatrimoineplogonnec.fr\\\/\"},{\"@type\":\"ListItem\",\"position\":2,\"name\":\"Le bourg de Plogonnec\"}]},{\"@type\":\"WebSite\",\"@id\":\"https:\\\/\\\/passeurspatrimoineplogonnec.fr\\\/#website\",\"url\":\"https:\\\/\\\/passeurspatrimoineplogonnec.fr\\\/\",\"name\":\"Passeurs de Patrimoine de Plogonnec\",\"description\":\"\",\"potentialAction\":[{\"@type\":\"SearchAction\",\"target\":{\"@type\":\"EntryPoint\",\"urlTemplate\":\"https:\\\/\\\/passeurspatrimoineplogonnec.fr\\\/?s={search_term_string}\"},\"query-input\":{\"@type\":\"PropertyValueSpecification\",\"valueRequired\":true,\"valueName\":\"search_term_string\"}}],\"inLanguage\":\"fr-FR\"}]}<\/script>\n<!-- \/ Yoast SEO plugin. -->","yoast_head_json":{"title":"Le bourg de Plogonnec - Passeurs de Patrimoine de Plogonnec","robots":{"index":"index","follow":"follow","max-snippet":"max-snippet:-1","max-image-preview":"max-image-preview:large","max-video-preview":"max-video-preview:-1"},"canonical":"https:\/\/passeurspatrimoineplogonnec.fr\/?page_id=406","og_locale":"fr_FR","og_type":"article","og_title":"Le bourg de Plogonnec - Passeurs de Patrimoine de Plogonnec","og_description":"Photo &nbsp;Archives D\u00e9partementales du Finist\u00e8re. &nbsp;&nbsp;&nbsp;&nbsp;&nbsp;&nbsp; &nbsp;&nbsp;L\u2019implantation du bourg primitif de Plogonnec n\u2019est pas le fait du hasard. Elle r\u00e9sulte de deux causes, l\u2019une g\u00e9ographique et strat\u00e9gique, l\u2019autre religieuse. Le bourg primitif de Plogonnec se trouve \u00eatre plac\u00e9 sur le &hellip; Continuer la lecture &rarr;","og_url":"https:\/\/passeurspatrimoineplogonnec.fr\/?page_id=406","og_site_name":"Passeurs de Patrimoine de Plogonnec","article_modified_time":"2023-11-12T11:52:27+00:00","og_image":[{"url":"http:\/\/passeurspatrimoineplogonnec.fr\/wp-content\/uploads\/2021\/12\/le-bourg.png","type":"","width":"","height":""}],"twitter_card":"summary_large_image","twitter_misc":{"Dur\u00e9e de lecture estim\u00e9e":"3 minutes"},"schema":{"@context":"https:\/\/schema.org","@graph":[{"@type":"WebPage","@id":"https:\/\/passeurspatrimoineplogonnec.fr\/?page_id=406","url":"https:\/\/passeurspatrimoineplogonnec.fr\/?page_id=406","name":"Le bourg de Plogonnec - Passeurs de Patrimoine de Plogonnec","isPartOf":{"@id":"https:\/\/passeurspatrimoineplogonnec.fr\/#website"},"primaryImageOfPage":{"@id":"https:\/\/passeurspatrimoineplogonnec.fr\/?page_id=406#primaryimage"},"image":{"@id":"https:\/\/passeurspatrimoineplogonnec.fr\/?page_id=406#primaryimage"},"thumbnailUrl":"http:\/\/passeurspatrimoineplogonnec.fr\/wp-content\/uploads\/2021\/12\/le-bourg.png","datePublished":"2021-12-02T15:16:59+00:00","dateModified":"2023-11-12T11:52:27+00:00","breadcrumb":{"@id":"https:\/\/passeurspatrimoineplogonnec.fr\/?page_id=406#breadcrumb"},"inLanguage":"fr-FR","potentialAction":[{"@type":"ReadAction","target":["https:\/\/passeurspatrimoineplogonnec.fr\/?page_id=406"]}]},{"@type":"ImageObject","inLanguage":"fr-FR","@id":"https:\/\/passeurspatrimoineplogonnec.fr\/?page_id=406#primaryimage","url":"https:\/\/passeurspatrimoineplogonnec.fr\/wp-content\/uploads\/2021\/12\/le-bourg.png","contentUrl":"https:\/\/passeurspatrimoineplogonnec.fr\/wp-content\/uploads\/2021\/12\/le-bourg.png","width":711,"height":497},{"@type":"BreadcrumbList","@id":"https:\/\/passeurspatrimoineplogonnec.fr\/?page_id=406#breadcrumb","itemListElement":[{"@type":"ListItem","position":1,"name":"Accueil","item":"https:\/\/passeurspatrimoineplogonnec.fr\/"},{"@type":"ListItem","position":2,"name":"Le bourg de Plogonnec"}]},{"@type":"WebSite","@id":"https:\/\/passeurspatrimoineplogonnec.fr\/#website","url":"https:\/\/passeurspatrimoineplogonnec.fr\/","name":"Passeurs de Patrimoine de Plogonnec","description":"","potentialAction":[{"@type":"SearchAction","target":{"@type":"EntryPoint","urlTemplate":"https:\/\/passeurspatrimoineplogonnec.fr\/?s={search_term_string}"},"query-input":{"@type":"PropertyValueSpecification","valueRequired":true,"valueName":"search_term_string"}}],"inLanguage":"fr-FR"}]}},"_links":{"self":[{"href":"https:\/\/passeurspatrimoineplogonnec.fr\/index.php?rest_route=\/wp\/v2\/pages\/406","targetHints":{"allow":["GET"]}}],"collection":[{"href":"https:\/\/passeurspatrimoineplogonnec.fr\/index.php?rest_route=\/wp\/v2\/pages"}],"about":[{"href":"https:\/\/passeurspatrimoineplogonnec.fr\/index.php?rest_route=\/wp\/v2\/types\/page"}],"author":[{"embeddable":true,"href":"https:\/\/passeurspatrimoineplogonnec.fr\/index.php?rest_route=\/wp\/v2\/users\/1"}],"replies":[{"embeddable":true,"href":"https:\/\/passeurspatrimoineplogonnec.fr\/index.php?rest_route=%2Fwp%2Fv2%2Fcomments&post=406"}],"version-history":[{"count":4,"href":"https:\/\/passeurspatrimoineplogonnec.fr\/index.php?rest_route=\/wp\/v2\/pages\/406\/revisions"}],"predecessor-version":[{"id":427,"href":"https:\/\/passeurspatrimoineplogonnec.fr\/index.php?rest_route=\/wp\/v2\/pages\/406\/revisions\/427"}],"wp:attachment":[{"href":"https:\/\/passeurspatrimoineplogonnec.fr\/index.php?rest_route=%2Fwp%2Fv2%2Fmedia&parent=406"}],"curies":[{"name":"wp","href":"https:\/\/api.w.org\/{rel}","templated":true}]}}