{"id":418,"date":"2021-12-03T14:16:27","date_gmt":"2021-12-03T13:16:27","guid":{"rendered":"http:\/\/passeurspatrimoineplogonnec.fr\/?page_id=418"},"modified":"2023-11-12T13:21:42","modified_gmt":"2023-11-12T12:21:42","slug":"person-vihan-kerven","status":"publish","type":"page","link":"https:\/\/passeurspatrimoineplogonnec.fr\/?page_id=418","title":{"rendered":"Person Vihan Kerven"},"content":{"rendered":"\n<p><\/p>\n\n\n\n<p><strong>Un rite satanique dans le Yeun de Qu\u00e9m\u00e9n\u00e9ven<\/strong><\/p>\n\n\n\n<p>Dans mon enfance, il circulait du c\u00f4t\u00e9 de Saint Albain une l\u00e9gende locale de personnes qui, il y a longtemps, avaient fait un pacte avec le Diable pour avoir toujours une bonne pi\u00e8ce de monnaie dans la poche \u00e0 tout moment. Mais l\u2019affaire n\u2019aurait pas fonctionn\u00e9 et aurait pu avoir de graves cons\u00e9quences. Avec le temps, les d\u00e9tails de cette \u00e9trange histoire se perdaient et je sentais comme une certaine g\u00e8ne chez mes informateurs qui furent ma grand m\u00e8re Marie-Jeanne Le Noac\u2019h de Keryacob et mon oncle Ren\u00e9 Hasco\u00ebt, son fils, lorsque j\u2019\u00e9voquais cette tr\u00e8s \u00e9trange affaire. La voici donc relat\u00e9e ci-dessous avec plus de d\u00e9tail que j\u2019expliquerai et pr\u00e9ciserai en suite.<\/p>\n\n\n\n<p><a><\/a> A cette \u00e9poque-l\u00e0, il existait pas loin du hameau de saint Albin un personnage \u00e9trange dont la plupart avaient oubli\u00e9 le vrai nom et que l\u2019on connaissait surtout sous le surnom de \u00ab&nbsp;Person Vihan Kerven&nbsp;\u00bb (Le petit pr\u00eatre de Kerven). Cela venait d\u2019une part du fait qu\u2019il vivait au dit lieu de Kerven en Plogonnec et que d\u2019autre part il avait \u00e9t\u00e9 auparavant pr\u00eatre. Ce Monsieur avait sans doute un pass\u00e9 assez lourd pour avoir d\u00fb abandonner la pr\u00eatrise. Il vivait seul et retir\u00e9 dans la ferme de Kerven qui est assez centrale de Plogonnec. Il avait beaucoup de livres, dont certains qu\u2019il lisait \u00e0 l\u2019endroit pour prier Dieu, et \u00e0 l\u2019envers pour appeler le Diable&nbsp;! De ce fait il \u00e9tait craint dans le pays et on pr\u00e9f\u00e9rait l\u2019\u00e9viter si on le croisait.<\/p>\n\n\n\n<p>Un jour donc, sans doute apr\u00e8s une messe de dimanche \u00e0 laquelle il n\u2019assistait pas par principe, \u00ab&nbsp;Person Vihan Kerven&nbsp;\u00bb avisa un groupe de jeunes hommes du quartier. C\u2019\u00e9taient des fils de bonnes familles bien install\u00e9es qui s\u2019ennuyaient un peu de leur jeunesse. Il vint vers eux, et malgr\u00e9 leur r\u00e9ticence apparente, il les aborda et leur dit&nbsp;: \u00ab&nbsp;Cela vous int\u00e9resserait-il d\u2019avoir toujours en poche une grosse pi\u00e8ce de monnaie \u00e0 tout moment&nbsp;?&nbsp;\u00bb Aussit\u00f4t la question les int\u00e9resse, car si l\u2019on est fils de bonne famille, l\u2019on n\u2019est pas forc\u00e9ment imm\u00e9diatement argent\u00e9, les parents se conservant la monnaie pour l\u2019exploitation. Nos jeunes qui souhaiteraient pouvoir aller faire la f\u00eate manquent de liquidit\u00e9.<\/p>\n\n\n\n<p>La proposition est opportune. Une discussion s\u2019amorce entre eux et notre petit recteur qui a en plus \u00e0 quelques pi\u00e8ces dans sa poche. Quelles sont les conditions requises \u00e0 cet effet&nbsp;? \u00ab&nbsp;Person Vihan Kerven&nbsp;\u00bb leur explique alors que la base de ce proc\u00e9d\u00e9 rel\u00e8ve du Diable. Moyennant la vente d\u2019une \u00e2me au Diable, celui-ci garanti au vendeur et \u00e0 ceux qui l\u2019am\u00e8neraient de disposer en permanence en poche d\u2019une grosse pi\u00e8ce de monnaie de la valeur de celles qu\u2019ils miseraient au moment de la vente&nbsp;!!!<\/p>\n\n\n\n<p>Voil\u00e0 donc quelque chose de bien complexe et de tr\u00e8s subtile qui m\u00e9rite un certain d\u00e9lai de r\u00e9flexion. Comme nous sommes \u00e0 Plogonnec, un avis imm\u00e9diat ne saurait \u00eatre envisageable (hamzer-zo) et la question touchant \u00e0 l\u2019essentiel de la Religion il faut \u00eatre plus que prudent. Il est convenu de se revoir \u00e0 une autre date.<\/p>\n\n\n\n<p>Entre temps, nos jeunes se retrouvent en semaine pour mieux creuser le projet. Le but est tr\u00e8s tentant, mais la condition de base, vendre son \u00e2me au Diable, n\u2019est pas si simple. Personne parmi eux ne veut vraiment vendre son \u00e2me au Diable&nbsp;! C\u2019est en suite le passeport assur\u00e9 pour l\u2019Enfer \u00e9ternel&nbsp;! Apr\u00e8s avoir tourn\u00e9 le probl\u00e8me dans tous les sens, l\u2019un d\u2019eux a une id\u00e9e g\u00e9niale&nbsp;: ils ne seront pas les vendeurs mais les miseurs. Il leur suffit simplement de trouver un vendeur qui sera sans scrupule au regard de la Religion, o\u00f9 qui n\u2019aura rien comprit sur le fonds.<\/p>\n\n\n\n<p>Pour les sans scrupules, ils n\u2019en connaissent pas vraiment, mais pour ce qui est de celui qui ne comprend rien, il y a bien un autre fils de bonne famille du secteur que la nature n\u2019a pas trop avantag\u00e9 de ce c\u00f4t\u00e9. L\u2019on pourrait donc aller le voir pour le convaincre, et en plus il en b\u00e9n\u00e9ficierait si cela marche.<\/p>\n\n\n\n<p>La fine \u00e9quipe s\u2019en va donc chez l\u2019int\u00e9ress\u00e9 pour le solliciter. C\u2019est laborieux, car d\u2019une part cela ne saurait se traiter en public, et d\u2019autre part il ne comprend vraiment rien. A la longue, et pour faire plaisir \u00e0 ses solliciteurs, il accepte.<\/p>\n\n\n\n<p>Nos jeunes reprennent contact avec \u00ab&nbsp;Person Vihan Kerven&nbsp;\u00bb et une date est arr\u00eat\u00e9e \u00e0 la prochaine pleine lune. Rendez-vous leur est donn\u00e9 \u00e0 minuit devant la grande porte de l\u2019\u00e9glise de Notre Dame de Kergoat, en Qu\u00e9m\u00e9n\u00e9ven. L\u00e0, un mendiant leur indiquera le lieu de rencontre d\u00e9finitif. Entre-temps, ce soir l\u00e0, depuis l\u2019instant de leur d\u00e9part individuel ils devront injurier tous les symboles de la foi qu\u2019ils croiseront et se feront conna\u00eetre au point de rencontre en tapant de leur derri\u00e8re contre la grande porte de Notre Dame de Kergoat.<\/p>\n\n\n\n<p>Au soir convenu, chacun se met en chemin et se laisse \u00e0 cracher sur les statues de la Vierge au dessus des portes d\u2019entr\u00e9es des maisons et \u00e0 pisser sur les calvaires du parcours. Vers le minuit, chacun arrive \u00e0 Kergoat et va taper de son cul contre la porte\u2026 Le mendiant est l\u00e0. On le r\u00e9veil et il leur indique qu\u2019ils sont attendus dans le yeun au nord de l\u2019\u00e9glise, \u00e0 la source du Steir Pen-Odet.<\/p>\n\n\n\n<p>Notre fine \u00e9quipe s\u2019aventure dans ce secteur glauque.<\/p>\n\n\n\n<p>Au bout d\u2019un moment ils aper\u00e7oivent de loin comme une petite lumi\u00e8re. Enfin arriv\u00e9 pr\u00e8s de cette lumi\u00e8re ils y retrouvent \u00ab&nbsp;Person Vihan Kerven&nbsp;\u00bb. Imm\u00e9diatement celui-ci leur commande le silence&nbsp;: le Diable n\u2019est pas loin et avec lui ont ne peut jamais pr\u00e9voir. Notre petit recteur les d\u00e9visage et s\u2019attarde sur le nouveau qui est aussi le vendeur. Il l\u2019interroge sur son souhait de vendre son \u00e2me, puis il se retire derri\u00e8re un \u00e9pais fourr\u00e9. L\u00e0, il se fait un premier tumulte qui affole la fine \u00e9quipe.<\/p>\n\n\n\n<p>Sur cet entre fait, le petit recteur reparait, suant \u00e0 grosses goutes&nbsp;: le Diable n\u2019est pas tr\u00e8s contant, il doute de leur intention et exige de voir les mises. Le petit recteur sort donc un mouchoir o\u00f9 chacun s\u2019empresse de d\u00e9poser sa mise d\u2019or, il le referme et s\u2019en retourne dans le fourr\u00e9. Il s\u2019en suit un second tumulte.<\/p>\n\n\n\n<p>Puis il revient tout apeur\u00e9 et dit&nbsp;: \u00ab&nbsp;le Diable veut que le vendeur se pr\u00e9sente et se fasse conna\u00eetre\u00bb. Le vendeur se l\u00e8ve donc, tout tremblant, et ose \u00e0 peine marmonner qui il est et de quelle ferme il vient. Entre temps le petit recteur est retourn\u00e9 au fourr\u00e9. Il se fait entre temps un troisi\u00e8me tumulte.<\/p>\n\n\n\n<p>Le petit recteur bondit alors hors du buisson en leur criant \u00ab&nbsp;fuyez, fuyez, fuyez, le Diable est en col\u00e8re \/ e mez, e mez, e mez, droug zo b\u2019an diaoul \u00ab. \u00ab&nbsp;Et faites des ronds autour de vous avec votre pen-baz pour vous prot\u00e9ger&nbsp;jusqu\u2019\u00e0 Kergoat \u00bb. Et nos trafiquants pris de panique et de terreur de s\u2019ex\u00e9cuter p\u00e9niblement car, si le cercle magique peut prot\u00e9ger, il n\u2019est pas \u00e9vident \u00e0 faire dans un marais, d\u2019ou une progression plus que lente. Entre temps, le petit recteur s\u2019enfuit discr\u00e8tement de la place avec l\u2019argent et s\u2019en retourne au grand galop vers Kerven.<\/p>\n\n\n\n<p>Au petit matin, notre fine \u00e9quipe atteint tout juste Kergoat, et chacun s\u2019en va chez lui, honteux et tremblant, et soulag\u00e9 de ses pi\u00e8ces d\u2019or.<\/p>\n\n\n\n<p>Toutefois, nos miseurs n\u2019en restent pas l\u00e0. Entre temps ils retrouvent un autre dimanche notre petit recteur et lui demandent des comptes. Sans se d\u00e9monter celui-ci leur explique qu\u2019ils ont eu de la chance et que c\u2019est gr\u00e2ce \u00e0 lui qu\u2019ils sont encore l\u00e0. Certes, ils ont bien voulu vendre une \u00e2me mais en fait ils ont menti. En effet, le vendeur propos\u00e9, en plus d\u2019\u00eatre un peu simple d\u2019esprit, s\u2019est pr\u00e9sent\u00e9 sous sa r\u00e9f\u00e9rence sociale officielle, mais pas r\u00e9elle, car, il est entre autre de rumeur public qu\u2019il n\u2019est pas le fils du mari de sa m\u00e8re mais des \u0153uvres d\u2019un valet de la ferme. Il a donc menti au Diable&nbsp;! Si mentir \u00e0 Dieu est un p\u00e9ch\u00e9, Dieu pardonne les p\u00e9ch\u00e9s, et le p\u00eacheur peut \u00eatre absout et oubli\u00e9. Mentir au Diable est aussi lui faire injure, mais le Diable ne pardonne pas, et le Diable n\u2019oublie pas \u2026 Les voil\u00e0 donc maintenant dans le collimateur du Diable. La situation est terrible.<\/p>\n\n\n\n<p>Mais notre petit recteur les rassure en leur expliquant que de part ses connaissances et son exp\u00e9rience, il est parvenu \u00e0 calmer la col\u00e8re du Diable moyennant le prix des mises. Nos miseurs doivent donc s\u2019estimer heureux de s\u2019en tirer \u00e0 si bon compte&nbsp;!<\/p>\n\n\n\n<p>D\u00e9pit\u00e9s, notre fine \u00e9quipe en reste l\u00e0 et se disperse.<\/p>\n\n\n\n<p>Cette histoire insolite pourrait-\u00eatre issue d\u2019une vive imagination, mais en fait elle est vraie. Quelques incidents nous permettent de s\u2019y retrouver.<\/p>\n\n\n\n<p>D\u2019abord le petit recteur de Kerven. L\u2019on trouve aux registres municipaux des d\u00e9c\u00e8s de Plogonnec l\u2019acte num\u00e9ro 51 qui relate en date du 10 f\u00e9vrier 1837 le d\u00e9c\u00e8s, avec mention en marge gauche de \u00ab&nbsp;Monsieur Antoine Marie Le Hars, 78 ans&nbsp;\u00bb (un bel \u00e2ge pour l\u2019\u00e9poque). Il y est mentionn\u00e9 comme \u00ab&nbsp;ex desservant&nbsp;de cette commune&nbsp;\u00bb. En fait il est mort la veille le 9 f\u00e9vrier \u00ab&nbsp;au lieu de Kvern&nbsp;\u00bb. Voici donc notre petit recteur. Ce personnage a eut tout un parcours. En 1792, il est nomm\u00e9 recteur de Plovan, mais en avril de cette ann\u00e9e il est \u00e9lu \u00e0 la cure de Plogonnec. Pour plus de d\u00e9tail je vous renvoi \u00e0 l\u2019ouvrage de mon parent l\u2019abb\u00e9 Pierre Cariou sur Plogonnec \u00ab&nbsp;Plogonnec, terre natale&nbsp;\u00bb Imprimerie R\u00e9gionale, 29380 Bannalec, D\u00e9p\u00f4t l\u00e9gal 4<sup>\u00e8me<\/sup> trimestre 2000. Pour cette \u00e9tape, le \u00ab&nbsp;tonton Pierre&nbsp;\u00bb m\u2019a requis. Pour r\u00e9sumer, Le Hars est ni plus ni moins le commissaire politique du moment, un pas tr\u00e8s pur, mais un tr\u00e8s dur. C\u00f4t\u00e9 pas tr\u00e8s pur, un sectarisme id\u00e9ologique, des m\u0153urs de pochetron et contrari\u00e9s, une cupidit\u00e9 av\u00e9r\u00e9e (sous couvert de soutenir financi\u00e8rement l\u2019effort de guerre de la R\u00e9publique, il d\u00e9tourne \u00e0 son profit la fonte de l\u2019argenterie religieuse de la paroisse).<\/p>\n\n\n\n<p>C\u00f4t\u00e9 dur, le petit tyran local manipule au gr\u00e9 des tumultes du temps. A chaque fois il trouve des pr\u00eate-noms qui en m\u00eame temps lui servent de tampons. A chaque fois il rebondit, et se sert au passage. Mais il finit par tomber sur un bec&nbsp;: un bonapartiste du nom d\u2019Henry Claude Damey, colonel en retraite. Celui-ci a bien saisi la situation ubuesque en cours \u00e0 Plogonnec. Avec l\u2019appui du ministre Barras, Damey jette Le Hars le 10 Messidor an VIII (le 30 juin 1800) et Plogonnec retrouve la s\u00e9r\u00e9nit\u00e9.<\/p>\n\n\n\n<p>Le Hars se retire juste \u00e0 c\u00f4t\u00e9, au bourg de Guengat o\u00f9 il tient une taverne un peu borgne \u2026 Sa relation personnelle avec son ancien vicaire Colin fait jaser \u2026 Puis c\u2019est l\u2019oubli, jusqu\u2019\u00e0 ce 9 f\u00e9vrier 1837. Entre temps, Le Hars a v\u00e9cu sa vie jusqu\u2019\u00e0 Kerven. Le fougueux \u00ab&nbsp;sanglier&nbsp;\u00bb thermidorien (il a de son c\u00f4t\u00e9 donn\u00e9 l\u2019ordre de tirer sur le pr\u00eatre r\u00e9fractaires comme sur du gibier) survie par des exp\u00e9dients douteux, du style de notre trafic d\u2019\u00e2mes.<\/p>\n\n\n\n<p>C\u00f4t\u00e9 religieux, le cur\u00e9 jureur n\u2019a jamais fait retour au pr\u00e8s de l\u2019\u00c9glise catholique. Il est rest\u00e9 dans sa vision r\u00e9volutionnaire. Aucun reniement, aucun remords. Son inhumation n\u2019appara\u00eet pas dans les registres religieux, il est donc pass\u00e9 \u00ab&nbsp;\u00e0 c\u00f4t\u00e9&nbsp;\u00bb. (J\u2019en ai d\u00e9battu avec le Chanoine Le Floc\u2019h). Et pour sa mort, il est pass\u00e9 sans doute par dessus le mur du cimeti\u00e8re autour de l\u2019\u00e9glise pour aller dans le carr\u00e9 des enfants mort-n\u00e9s, au mieux, o\u00f9 alors ailleurs. A mon avis, il a du pr\u00e9f\u00e9rer le fond de son jardin.<\/p>\n\n\n\n<p>Pour le reste, et au risque de f\u00e2cher des familles de Plogonnec, j\u2019ai eu des informations sur les miseurs et les vendeurs, car finalement les vendeurs furent au nombre de deux, deux simples d\u2019esprit. La fine \u00e9quipe comportait un d\u00e9nomm\u00e9 Scordia de Kerroriou ar Gore, et dix autres jeunes dont un issu de Kerfrientet, la ferme natale de la Tante Mimie Rividic, \u00e9pouse de mon oncle Ren\u00e9 Hasco\u00ebt, d\u2019o\u00f9 l\u2019agacement de la grand-m\u00e8re quant \u00e0 l\u2019\u00e9vocation de cette histoire. En bref, la famille \u00e9tait parente de certains acteurs de cette op\u00e9ration.<\/p>\n\n\n\n<p><strong>Andr\u00e9 BOZEC, le 07 mai 2010.<\/strong><\/p>\n","protected":false},"excerpt":{"rendered":"<p>Un rite satanique dans le Yeun de Qu\u00e9m\u00e9n\u00e9ven Dans mon enfance, il circulait du c\u00f4t\u00e9 de Saint Albain une l\u00e9gende locale de personnes qui, il y a longtemps, avaient fait un pacte avec le Diable pour avoir toujours une bonne &hellip; <a href=\"https:\/\/passeurspatrimoineplogonnec.fr\/?page_id=418\">Continuer la lecture <span class=\"meta-nav\">&rarr;<\/span><\/a><\/p>\n","protected":false},"author":1,"featured_media":0,"parent":0,"menu_order":0,"comment_status":"closed","ping_status":"closed","template":"","meta":{"footnotes":""},"class_list":["post-418","page","type-page","status-publish","hentry"],"yoast_head":"<!-- This site is optimized with the Yoast SEO plugin v27.4 - https:\/\/yoast.com\/product\/yoast-seo-wordpress\/ -->\n<title>Person Vihan Kerven - Passeurs de Patrimoine de Plogonnec<\/title>\n<meta name=\"robots\" content=\"index, follow, max-snippet:-1, max-image-preview:large, max-video-preview:-1\" \/>\n<link rel=\"canonical\" href=\"https:\/\/passeurspatrimoineplogonnec.fr\/?page_id=418\" \/>\n<meta property=\"og:locale\" content=\"fr_FR\" \/>\n<meta property=\"og:type\" content=\"article\" \/>\n<meta property=\"og:title\" content=\"Person Vihan Kerven - Passeurs de Patrimoine de Plogonnec\" \/>\n<meta property=\"og:description\" content=\"Un rite satanique dans le Yeun de Qu\u00e9m\u00e9n\u00e9ven Dans mon enfance, il circulait du c\u00f4t\u00e9 de Saint Albain une l\u00e9gende locale de personnes qui, il y a longtemps, avaient fait un pacte avec le Diable pour avoir toujours une bonne &hellip; Continuer la lecture &rarr;\" \/>\n<meta property=\"og:url\" content=\"https:\/\/passeurspatrimoineplogonnec.fr\/?page_id=418\" \/>\n<meta property=\"og:site_name\" content=\"Passeurs de Patrimoine de Plogonnec\" \/>\n<meta property=\"article:modified_time\" content=\"2023-11-12T12:21:42+00:00\" \/>\n<meta name=\"twitter:card\" content=\"summary_large_image\" \/>\n<meta name=\"twitter:label1\" content=\"Dur\u00e9e de lecture estim\u00e9e\" \/>\n\t<meta name=\"twitter:data1\" content=\"9 minutes\" \/>\n<script type=\"application\/ld+json\" class=\"yoast-schema-graph\">{\"@context\":\"https:\\\/\\\/schema.org\",\"@graph\":[{\"@type\":\"WebPage\",\"@id\":\"https:\\\/\\\/passeurspatrimoineplogonnec.fr\\\/?page_id=418\",\"url\":\"https:\\\/\\\/passeurspatrimoineplogonnec.fr\\\/?page_id=418\",\"name\":\"Person Vihan Kerven - Passeurs de Patrimoine de Plogonnec\",\"isPartOf\":{\"@id\":\"https:\\\/\\\/passeurspatrimoineplogonnec.fr\\\/#website\"},\"datePublished\":\"2021-12-03T13:16:27+00:00\",\"dateModified\":\"2023-11-12T12:21:42+00:00\",\"breadcrumb\":{\"@id\":\"https:\\\/\\\/passeurspatrimoineplogonnec.fr\\\/?page_id=418#breadcrumb\"},\"inLanguage\":\"fr-FR\",\"potentialAction\":[{\"@type\":\"ReadAction\",\"target\":[\"https:\\\/\\\/passeurspatrimoineplogonnec.fr\\\/?page_id=418\"]}]},{\"@type\":\"BreadcrumbList\",\"@id\":\"https:\\\/\\\/passeurspatrimoineplogonnec.fr\\\/?page_id=418#breadcrumb\",\"itemListElement\":[{\"@type\":\"ListItem\",\"position\":1,\"name\":\"Accueil\",\"item\":\"https:\\\/\\\/passeurspatrimoineplogonnec.fr\\\/\"},{\"@type\":\"ListItem\",\"position\":2,\"name\":\"Person Vihan Kerven\"}]},{\"@type\":\"WebSite\",\"@id\":\"https:\\\/\\\/passeurspatrimoineplogonnec.fr\\\/#website\",\"url\":\"https:\\\/\\\/passeurspatrimoineplogonnec.fr\\\/\",\"name\":\"Passeurs de Patrimoine de Plogonnec\",\"description\":\"\",\"potentialAction\":[{\"@type\":\"SearchAction\",\"target\":{\"@type\":\"EntryPoint\",\"urlTemplate\":\"https:\\\/\\\/passeurspatrimoineplogonnec.fr\\\/?s={search_term_string}\"},\"query-input\":{\"@type\":\"PropertyValueSpecification\",\"valueRequired\":true,\"valueName\":\"search_term_string\"}}],\"inLanguage\":\"fr-FR\"}]}<\/script>\n<!-- \/ Yoast SEO plugin. -->","yoast_head_json":{"title":"Person Vihan Kerven - Passeurs de Patrimoine de Plogonnec","robots":{"index":"index","follow":"follow","max-snippet":"max-snippet:-1","max-image-preview":"max-image-preview:large","max-video-preview":"max-video-preview:-1"},"canonical":"https:\/\/passeurspatrimoineplogonnec.fr\/?page_id=418","og_locale":"fr_FR","og_type":"article","og_title":"Person Vihan Kerven - Passeurs de Patrimoine de Plogonnec","og_description":"Un rite satanique dans le Yeun de Qu\u00e9m\u00e9n\u00e9ven Dans mon enfance, il circulait du c\u00f4t\u00e9 de Saint Albain une l\u00e9gende locale de personnes qui, il y a longtemps, avaient fait un pacte avec le Diable pour avoir toujours une bonne &hellip; Continuer la lecture &rarr;","og_url":"https:\/\/passeurspatrimoineplogonnec.fr\/?page_id=418","og_site_name":"Passeurs de Patrimoine de Plogonnec","article_modified_time":"2023-11-12T12:21:42+00:00","twitter_card":"summary_large_image","twitter_misc":{"Dur\u00e9e de lecture estim\u00e9e":"9 minutes"},"schema":{"@context":"https:\/\/schema.org","@graph":[{"@type":"WebPage","@id":"https:\/\/passeurspatrimoineplogonnec.fr\/?page_id=418","url":"https:\/\/passeurspatrimoineplogonnec.fr\/?page_id=418","name":"Person Vihan Kerven - Passeurs de Patrimoine de Plogonnec","isPartOf":{"@id":"https:\/\/passeurspatrimoineplogonnec.fr\/#website"},"datePublished":"2021-12-03T13:16:27+00:00","dateModified":"2023-11-12T12:21:42+00:00","breadcrumb":{"@id":"https:\/\/passeurspatrimoineplogonnec.fr\/?page_id=418#breadcrumb"},"inLanguage":"fr-FR","potentialAction":[{"@type":"ReadAction","target":["https:\/\/passeurspatrimoineplogonnec.fr\/?page_id=418"]}]},{"@type":"BreadcrumbList","@id":"https:\/\/passeurspatrimoineplogonnec.fr\/?page_id=418#breadcrumb","itemListElement":[{"@type":"ListItem","position":1,"name":"Accueil","item":"https:\/\/passeurspatrimoineplogonnec.fr\/"},{"@type":"ListItem","position":2,"name":"Person Vihan Kerven"}]},{"@type":"WebSite","@id":"https:\/\/passeurspatrimoineplogonnec.fr\/#website","url":"https:\/\/passeurspatrimoineplogonnec.fr\/","name":"Passeurs de Patrimoine de Plogonnec","description":"","potentialAction":[{"@type":"SearchAction","target":{"@type":"EntryPoint","urlTemplate":"https:\/\/passeurspatrimoineplogonnec.fr\/?s={search_term_string}"},"query-input":{"@type":"PropertyValueSpecification","valueRequired":true,"valueName":"search_term_string"}}],"inLanguage":"fr-FR"}]}},"_links":{"self":[{"href":"https:\/\/passeurspatrimoineplogonnec.fr\/index.php?rest_route=\/wp\/v2\/pages\/418","targetHints":{"allow":["GET"]}}],"collection":[{"href":"https:\/\/passeurspatrimoineplogonnec.fr\/index.php?rest_route=\/wp\/v2\/pages"}],"about":[{"href":"https:\/\/passeurspatrimoineplogonnec.fr\/index.php?rest_route=\/wp\/v2\/types\/page"}],"author":[{"embeddable":true,"href":"https:\/\/passeurspatrimoineplogonnec.fr\/index.php?rest_route=\/wp\/v2\/users\/1"}],"replies":[{"embeddable":true,"href":"https:\/\/passeurspatrimoineplogonnec.fr\/index.php?rest_route=%2Fwp%2Fv2%2Fcomments&post=418"}],"version-history":[{"count":2,"href":"https:\/\/passeurspatrimoineplogonnec.fr\/index.php?rest_route=\/wp\/v2\/pages\/418\/revisions"}],"predecessor-version":[{"id":421,"href":"https:\/\/passeurspatrimoineplogonnec.fr\/index.php?rest_route=\/wp\/v2\/pages\/418\/revisions\/421"}],"wp:attachment":[{"href":"https:\/\/passeurspatrimoineplogonnec.fr\/index.php?rest_route=%2Fwp%2Fv2%2Fmedia&parent=418"}],"curies":[{"name":"wp","href":"https:\/\/api.w.org\/{rel}","templated":true}]}}