{"id":4191,"date":"2024-03-10T15:50:39","date_gmt":"2024-03-10T14:50:39","guid":{"rendered":"https:\/\/passeurspatrimoineplogonnec.fr\/?page_id=4191"},"modified":"2024-03-10T15:57:01","modified_gmt":"2024-03-10T14:57:01","slug":"il-y-a-80-ans-a-plogonnec","status":"publish","type":"page","link":"https:\/\/passeurspatrimoineplogonnec.fr\/?page_id=4191","title":{"rendered":"Il y a 80 ans \u00e0 Plogonnec"},"content":{"rendered":"\n<p> <\/p>\n\n\n\n<p>Le d\u00e9barquement en Normandie du 6 juin 1944 fut un choc terrible pour les arm\u00e9es allemandes. Jusqu\u2019\u00e0 cette date les troupes d\u2019occupation r\u00e9pondaient ponctuellement aux sabotages et attaques des r\u00e9sistants et maquisards.<\/p>\n\n\n\n<p>La Gestapo et la feldgendarmerie traquaient ces derniers et effectuaient des rafles, des prises d\u2019otages et proc\u00e9daient \u00e0 de nombreuses arrestations. Deux ne nos concitoyens, Alain Fily et Jean-Louis Louarn, moururent en camp de concentration. Louise le Page et Anne Cuzon, surv\u00e9curent \u00e0 leur d\u00e9portation, elles furent lib\u00e9r\u00e9es le 22 avril 1945.<\/p>\n\n\n\n<p>A partir du 6 juin, les troupes allemandes stationn\u00e9es dans le sud de la France, re\u00e7urent l\u2019ordre de monter de vive force vers le front de Normandie, exer\u00e7ant sur leurs parcours des repr\u00e9sailles et massacres \u00e9pouvantables, comme ceux de Tulle ou Oradour sur Glane.<\/p>\n\n\n\n<p>Les troupes allemandes d\u2019occupation de l\u2019Ouest tent\u00e8rent un repli vers l\u2019Est, mais se heurt\u00e8rent \u00e0 une vive opposition des r\u00e9sistants du centre Bretagne.<\/p>\n\n\n\n<p>Cette r\u00e9sistance les contraignit \u00e0 se replier sur les poches de Brest et de Lorient. Dans ce temps les r\u00e9sistants F.F.I et F.T.P. s\u2019organisaient et se renfor\u00e7aient en armement. Comme toutes les communes, Plogonnec fut le lieu de plusieurs \u00e9v\u00e8nements, tous en lien avec le repli des troupes allemandes.<\/p>\n\n\n\n<p>Ayant d\u00e9cid\u00e9 de quitter leur casernement, situ\u00e9 dans l\u2019\u00e9cole St Egoneg, les occupants demand\u00e8rent \u00e0 la municipalit\u00e9 la r\u00e9quisition des moyens de transports et des hommes n\u00e9cessaires \u00e0 leur \u00e9vacuation.<\/p>\n\n\n\n<p>Le maire pour d\u00e9cider qui serait r\u00e9quisitionn\u00e9, prit un compas et tra\u00e7a un cercle de deux kilom\u00e8tres de rayons autour du centre bourg. Toutes les fermes se trouvant dans ce cercle, devant fournir un cheval, une charrette et un homme.<\/p>\n\n\n\n<p>Le 1er ao\u00fbt, ils partirent vers Carhaix, le 3 ao\u00fbt aux environs de Landeleau, le convoi tomba dans une embuscade tendue par ceux que les Allemands appelaient \u00ab terroristes . Profitant de la confusion, les Plogonnistes s\u2019\u00e9chapp\u00e8rent en abandonnant chevaux et charrettes.<\/p>\n\n\n\n<p>Le 5 ao\u00fbt, Yves Marie Bothorel, sera abattu au Croezou. Les Allemands interdirent pendant deux jours, que le corps soit r\u00e9cup\u00e9r\u00e9, pour servir d\u2019exemple.<\/p>\n\n\n\n<p>Le dimanche 6 ao\u00fbt, un d\u00e9tachement d\u2019\u00e9tat-major allemand circulant entre Guengat et Plogonnec est attaqu\u00e9, un peu avant la Plaisance par un groupe de r\u00e9sistants ; leur commandant, bless\u00e9 au bras, les Allemands poursuivirent leur progression vers Plogonnec.<\/p>\n\n\n\n<p>Tout en cherchant un m\u00e9decin pour soign\u00e9 leur commandant, les allemands rassembl\u00e8rent tous les hommes adultes des environs, align\u00e9s dos au mur, face \u00e0 des ennemis particuli\u00e8rement mena\u00e7ants. Pendant ce temps, les femmes et les enfants, craignant des repr\u00e9sailles, s\u2019enfuyaient dans les jardins et la campagne environnante.<\/p>\n\n\n\n<p>Le docteur Kerbourg, tout en refusant d\u2019accueillir le commandant bless\u00e9 chez lui, accepta de le soigner \u00e0 l\u2019ext\u00e9rieur de son cabinet.<\/p>\n\n\n\n<p>Les soins furent efficaces et, la \u00ab compagne locale \u00bb du commandant qui connaissait bien la r\u00e9gion, lui expliqua que les habitants de Plogonnec n\u2019\u00e9taient pas responsables de l\u2019embuscade.<\/p>\n\n\n\n<p>D\u2019autre part, le chanoine Bihan, cur\u00e9 de la paroisse, parlant l\u2019allemand, contribua \u00e0 arrondir les angles et \u00e0 faire lib\u00e9rer les otages.<\/p>\n\n\n\n<p>Les Allemands press\u00e9s de reprendre sa route, vers la Presqu\u2019\u00eele de Crozon, r\u00e9quisitionn\u00e8rent quatre ou cinq hommes pour leur servir de bouclier humain jusqu\u2019\u00e0 Plon\u00e9vez-Porzay.<\/p>\n\n\n\n<p class=\"has-text-align-center\">-=!=-<\/p>\n\n\n\n<p><strong>T\u00e9moignage recueilli par Ange Le Gall, aupr\u00e8s de Madeleine Le Corre-Ligavan et de Ren\u00e9 Le Grand.<\/strong><\/p>\n\n\n\n<p><strong>Retranscrit et annot\u00e9 par Hubert Dantic. 07\/03\/2024<\/strong><\/p>\n","protected":false},"excerpt":{"rendered":"<p>Le d\u00e9barquement en Normandie du 6 juin 1944 fut un choc terrible pour les arm\u00e9es allemandes. Jusqu\u2019\u00e0 cette date les troupes d\u2019occupation r\u00e9pondaient ponctuellement aux sabotages et attaques des r\u00e9sistants et maquisards. La Gestapo et la feldgendarmerie traquaient ces derniers &hellip; <a href=\"https:\/\/passeurspatrimoineplogonnec.fr\/?page_id=4191\">Continuer la lecture <span class=\"meta-nav\">&rarr;<\/span><\/a><\/p>\n","protected":false},"author":1,"featured_media":0,"parent":0,"menu_order":0,"comment_status":"closed","ping_status":"closed","template":"","meta":{"footnotes":""},"class_list":["post-4191","page","type-page","status-publish","hentry"],"yoast_head":"<!-- This site is optimized with the Yoast SEO plugin v27.4 - https:\/\/yoast.com\/product\/yoast-seo-wordpress\/ -->\n<title>Il y a 80 ans \u00e0 Plogonnec - Passeurs de Patrimoine de Plogonnec<\/title>\n<meta name=\"robots\" content=\"index, follow, max-snippet:-1, max-image-preview:large, max-video-preview:-1\" \/>\n<link rel=\"canonical\" href=\"https:\/\/passeurspatrimoineplogonnec.fr\/?page_id=4191\" \/>\n<meta property=\"og:locale\" content=\"fr_FR\" \/>\n<meta property=\"og:type\" content=\"article\" \/>\n<meta property=\"og:title\" content=\"Il y a 80 ans \u00e0 Plogonnec - Passeurs de Patrimoine de Plogonnec\" \/>\n<meta property=\"og:description\" content=\"Le d\u00e9barquement en Normandie du 6 juin 1944 fut un choc terrible pour les arm\u00e9es allemandes. Jusqu\u2019\u00e0 cette date les troupes d\u2019occupation r\u00e9pondaient ponctuellement aux sabotages et attaques des r\u00e9sistants et maquisards. La Gestapo et la feldgendarmerie traquaient ces derniers &hellip; Continuer la lecture &rarr;\" \/>\n<meta property=\"og:url\" content=\"https:\/\/passeurspatrimoineplogonnec.fr\/?page_id=4191\" \/>\n<meta property=\"og:site_name\" content=\"Passeurs de Patrimoine de Plogonnec\" \/>\n<meta property=\"article:modified_time\" content=\"2024-03-10T14:57:01+00:00\" \/>\n<meta name=\"twitter:card\" content=\"summary_large_image\" \/>\n<meta name=\"twitter:label1\" content=\"Dur\u00e9e de lecture estim\u00e9e\" \/>\n\t<meta name=\"twitter:data1\" content=\"3 minutes\" \/>\n<script type=\"application\/ld+json\" class=\"yoast-schema-graph\">{\"@context\":\"https:\\\/\\\/schema.org\",\"@graph\":[{\"@type\":\"WebPage\",\"@id\":\"https:\\\/\\\/passeurspatrimoineplogonnec.fr\\\/?page_id=4191\",\"url\":\"https:\\\/\\\/passeurspatrimoineplogonnec.fr\\\/?page_id=4191\",\"name\":\"Il y a 80 ans \u00e0 Plogonnec - Passeurs de Patrimoine de Plogonnec\",\"isPartOf\":{\"@id\":\"https:\\\/\\\/passeurspatrimoineplogonnec.fr\\\/#website\"},\"datePublished\":\"2024-03-10T14:50:39+00:00\",\"dateModified\":\"2024-03-10T14:57:01+00:00\",\"breadcrumb\":{\"@id\":\"https:\\\/\\\/passeurspatrimoineplogonnec.fr\\\/?page_id=4191#breadcrumb\"},\"inLanguage\":\"fr-FR\",\"potentialAction\":[{\"@type\":\"ReadAction\",\"target\":[\"https:\\\/\\\/passeurspatrimoineplogonnec.fr\\\/?page_id=4191\"]}]},{\"@type\":\"BreadcrumbList\",\"@id\":\"https:\\\/\\\/passeurspatrimoineplogonnec.fr\\\/?page_id=4191#breadcrumb\",\"itemListElement\":[{\"@type\":\"ListItem\",\"position\":1,\"name\":\"Accueil\",\"item\":\"https:\\\/\\\/passeurspatrimoineplogonnec.fr\\\/\"},{\"@type\":\"ListItem\",\"position\":2,\"name\":\"Il y a 80 ans \u00e0 Plogonnec\"}]},{\"@type\":\"WebSite\",\"@id\":\"https:\\\/\\\/passeurspatrimoineplogonnec.fr\\\/#website\",\"url\":\"https:\\\/\\\/passeurspatrimoineplogonnec.fr\\\/\",\"name\":\"Passeurs de Patrimoine de Plogonnec\",\"description\":\"\",\"potentialAction\":[{\"@type\":\"SearchAction\",\"target\":{\"@type\":\"EntryPoint\",\"urlTemplate\":\"https:\\\/\\\/passeurspatrimoineplogonnec.fr\\\/?s={search_term_string}\"},\"query-input\":{\"@type\":\"PropertyValueSpecification\",\"valueRequired\":true,\"valueName\":\"search_term_string\"}}],\"inLanguage\":\"fr-FR\"}]}<\/script>\n<!-- \/ Yoast SEO plugin. -->","yoast_head_json":{"title":"Il y a 80 ans \u00e0 Plogonnec - Passeurs de Patrimoine de Plogonnec","robots":{"index":"index","follow":"follow","max-snippet":"max-snippet:-1","max-image-preview":"max-image-preview:large","max-video-preview":"max-video-preview:-1"},"canonical":"https:\/\/passeurspatrimoineplogonnec.fr\/?page_id=4191","og_locale":"fr_FR","og_type":"article","og_title":"Il y a 80 ans \u00e0 Plogonnec - Passeurs de Patrimoine de Plogonnec","og_description":"Le d\u00e9barquement en Normandie du 6 juin 1944 fut un choc terrible pour les arm\u00e9es allemandes. Jusqu\u2019\u00e0 cette date les troupes d\u2019occupation r\u00e9pondaient ponctuellement aux sabotages et attaques des r\u00e9sistants et maquisards. La Gestapo et la feldgendarmerie traquaient ces derniers &hellip; Continuer la lecture &rarr;","og_url":"https:\/\/passeurspatrimoineplogonnec.fr\/?page_id=4191","og_site_name":"Passeurs de Patrimoine de Plogonnec","article_modified_time":"2024-03-10T14:57:01+00:00","twitter_card":"summary_large_image","twitter_misc":{"Dur\u00e9e de lecture estim\u00e9e":"3 minutes"},"schema":{"@context":"https:\/\/schema.org","@graph":[{"@type":"WebPage","@id":"https:\/\/passeurspatrimoineplogonnec.fr\/?page_id=4191","url":"https:\/\/passeurspatrimoineplogonnec.fr\/?page_id=4191","name":"Il y a 80 ans \u00e0 Plogonnec - Passeurs de Patrimoine de Plogonnec","isPartOf":{"@id":"https:\/\/passeurspatrimoineplogonnec.fr\/#website"},"datePublished":"2024-03-10T14:50:39+00:00","dateModified":"2024-03-10T14:57:01+00:00","breadcrumb":{"@id":"https:\/\/passeurspatrimoineplogonnec.fr\/?page_id=4191#breadcrumb"},"inLanguage":"fr-FR","potentialAction":[{"@type":"ReadAction","target":["https:\/\/passeurspatrimoineplogonnec.fr\/?page_id=4191"]}]},{"@type":"BreadcrumbList","@id":"https:\/\/passeurspatrimoineplogonnec.fr\/?page_id=4191#breadcrumb","itemListElement":[{"@type":"ListItem","position":1,"name":"Accueil","item":"https:\/\/passeurspatrimoineplogonnec.fr\/"},{"@type":"ListItem","position":2,"name":"Il y a 80 ans \u00e0 Plogonnec"}]},{"@type":"WebSite","@id":"https:\/\/passeurspatrimoineplogonnec.fr\/#website","url":"https:\/\/passeurspatrimoineplogonnec.fr\/","name":"Passeurs de Patrimoine de Plogonnec","description":"","potentialAction":[{"@type":"SearchAction","target":{"@type":"EntryPoint","urlTemplate":"https:\/\/passeurspatrimoineplogonnec.fr\/?s={search_term_string}"},"query-input":{"@type":"PropertyValueSpecification","valueRequired":true,"valueName":"search_term_string"}}],"inLanguage":"fr-FR"}]}},"_links":{"self":[{"href":"https:\/\/passeurspatrimoineplogonnec.fr\/index.php?rest_route=\/wp\/v2\/pages\/4191","targetHints":{"allow":["GET"]}}],"collection":[{"href":"https:\/\/passeurspatrimoineplogonnec.fr\/index.php?rest_route=\/wp\/v2\/pages"}],"about":[{"href":"https:\/\/passeurspatrimoineplogonnec.fr\/index.php?rest_route=\/wp\/v2\/types\/page"}],"author":[{"embeddable":true,"href":"https:\/\/passeurspatrimoineplogonnec.fr\/index.php?rest_route=\/wp\/v2\/users\/1"}],"replies":[{"embeddable":true,"href":"https:\/\/passeurspatrimoineplogonnec.fr\/index.php?rest_route=%2Fwp%2Fv2%2Fcomments&post=4191"}],"version-history":[{"count":6,"href":"https:\/\/passeurspatrimoineplogonnec.fr\/index.php?rest_route=\/wp\/v2\/pages\/4191\/revisions"}],"predecessor-version":[{"id":4199,"href":"https:\/\/passeurspatrimoineplogonnec.fr\/index.php?rest_route=\/wp\/v2\/pages\/4191\/revisions\/4199"}],"wp:attachment":[{"href":"https:\/\/passeurspatrimoineplogonnec.fr\/index.php?rest_route=%2Fwp%2Fv2%2Fmedia&parent=4191"}],"curies":[{"name":"wp","href":"https:\/\/api.w.org\/{rel}","templated":true}]}}