{"id":4200,"date":"2024-03-10T15:58:21","date_gmt":"2024-03-10T14:58:21","guid":{"rendered":"https:\/\/passeurspatrimoineplogonnec.fr\/?page_id=4200"},"modified":"2024-03-10T16:43:20","modified_gmt":"2024-03-10T15:43:20","slug":"8-juin-44-et-5-aout-44","status":"publish","type":"page","link":"https:\/\/passeurspatrimoineplogonnec.fr\/?page_id=4200","title":{"rendered":"8 juin 44 et 5 ao\u00fbt 44."},"content":{"rendered":"\n<p class=\"has-text-align-center\">Fiche annexe<\/p>\n\n\n\n<p class=\"has-text-align-center\"><strong>8 JUIN 1944<\/strong><\/p>\n\n\n\n<p class=\"has-text-align-center\">\u00ab Le chapeau de Napol\u00e9on est-il toujours \u00e0 Perros-Guirec ? \u00bb<\/p>\n\n\n\n<p class=\"has-text-align-center\">Ce message cod\u00e9, annon\u00e7ait le soul\u00e8vement g\u00e9n\u00e9ral de la R\u00e9sistance Int\u00e9rieure.<\/p>\n\n\n\n<p class=\"has-text-align-center\">-=!=-<\/p>\n\n\n\n<p>Ce jour l\u00e0, vers les coups de midi, dix jeunes r\u00e9sistants F.F.I. d\u00e9barquent dans la ferme de Youenn M\u00e9vel au village de Lamprat, en Ploun\u00e9v\u00e9zel. Youenn M\u00e9vel, maire de la commune, est absent. Les jeunes gens s\u2019installent \u00e0 table et d\u00e9jeunent, l\u2019ambiance est anim\u00e9e et joyeuse.<\/p>\n\n\n\n<p>Soudain une patrouille allemande en v\u00e9hicules surgit. Elle vient r\u00e9quisitionner des charrettes pour transporter leur mat\u00e9riel jusqu\u2019\u00e0 Rennes. Chez les r\u00e9sistants c\u2019est la panique, ils tentent de se cacher. En vain.<\/p>\n\n\n\n<p>Seul, Jean Le Manac\u2019h, 20 ans, r\u00e9ussit dans la confusion, \u00e0 agripper les parois de la grande chemin\u00e9e et s\u2019y cacher, Il sera le seul rescap\u00e9 du drame.<\/p>\n\n\n\n<p>Sur Eug\u00e8ne L\u00e9on, 24 ans, les Allemands trouvent un chargeur de pistolet, il tente de fuir, il est abattu d\u2019une rafale de mitraillette dans le dos.<\/p>\n\n\n\n<p>Les Allemands fouillent la maison, avant d\u2019y mettre le feu. Le b\u00e2timent, duquel r\u00e9ussit \u00e0 s\u2019\u00e9chapper Jean Le Manac\u2019h, sera enti\u00e8rement d\u00e9truit.<\/p>\n\n\n\n<p>Des renforts arrivent, les huit jeunes gens et les membres de la famille M\u00e9vel sont conduits jusqu\u2019au bois de Coat-Penhoat sur la route de Poullaouen, pour y subir un interrogatoire. Les F.F.I. sont battus et tortur\u00e9s, avant d\u2019\u00eatre embarqu\u00e9s ligot\u00e9s dans un camion b\u00e2ch\u00e9 qui prend la route vers Rennes.<\/p>\n\n\n\n<p>C\u2019est \u00e0 cet instant que commence leur martyre. Ils seront tous pendus.<\/p>\n\n\n\n<ul class=\"wp-block-list\">\n<li>Jean Le Dain, 23 ans, pendu \u00e0 Moulin-Mer \u00e0 un poteau t\u00e9l\u00e9phonique, il est 21h00.<\/li>\n\n\n\n<li>Georges Auffret, 23 ans, pendu devant le caf\u00e9 Harnais, route de Brest, \u00e0 l\u2019entr\u00e9e de Carhaix.<\/li>\n\n\n\n<li>Marcel Goadec, 22 ans, pendu au centre ville, rue de la Fontaine Blanche au centre de Carhaix.<\/li>\n\n\n\n<li>Georges Le Na\u00eblou, 22 ans, pendu dans le bourg du Moustoir, il est 23h00.<\/li>\n\n\n\n<li>Marcel Le Goff, 22 ans, pendu \u00e0 Rostrenen.<\/li>\n\n\n\n<li>Marcel Bernard, 19 ans, pendu, Louis Briand, 19 ans pendu, sur le trajet vers Loud\u00e9ac, o\u00f9 le convoi arrive \u00e0 l\u2019aube. Il ne reste plus dans le camion que Fran\u00e7ois l\u2019Hostis, 19 ans, il sera pendu apr\u00e8s avoir assist\u00e9 \u00e0 ces sc\u00e8nes atroces et au martyre de ses compagnons d\u2019armes.<\/li>\n<\/ul>\n\n\n\n<p class=\"has-text-align-center\">-=!=-<\/p>\n\n\n\n<p><\/p>\n\n\n\n<p class=\"has-text-align-center\"><strong>5 AO\u00dbT 44<\/strong><\/p>\n\n\n\n<p>Vers 16h00, des r\u00e9sistants venant de Briec et se rendant \u00e0 St Denis, s&rsquo;arr\u00eatent au caf\u00e9 de la famille Lejeune \u00e0 Gourvilly, pour faire une pause et se d\u00e9salt\u00e9rer. A l&rsquo;ext\u00e9rieur un autre groupe contr\u00f4lait les papiers de deux jeunes \u00e9tudiants en vacances se rendant dans leur famille. <\/p>\n\n\n\n<p>Soudain, surgit un convoi allemand compos\u00e9 de quatre v\u00e9hicules, avec chacun une vingtaine de soldats. Surpris par l&rsquo;arriv\u00e9e des camions, un r\u00e9sistant tira un coup de feu en l&rsquo;air, pendant que ses compagnons se dispersaient, les uns vers Croas-Kaer, les autres vers Ty Gardien.<\/p>\n\n\n\n<p>En repr\u00e9sailles aveugles, les Allemands brul\u00e8rent le caf\u00e9 Lejeune et tu\u00e8rent :<\/p>\n\n\n\n<ul class=\"wp-block-list\">\n<li>Jean-Louis Lejeune, 67 ans, Anne-Marie, n\u00e9e Cuzon, 64 ans, son \u00e9pouse.<\/li>\n\n\n\n<li>Leur belle-filles Marie-Ren\u00e9e Le Jeune, n\u00e9e Le Quillec, 33 ans, enceinte de son cinqui\u00e8me enfant.<\/li>\n\n\n\n<li>Leur fille, Marie-Anne Toullec, n\u00e9e Le Jeune, 32 ans, m\u00e8re de deux enfants. <\/li>\n<\/ul>\n\n\n\n<p>Dans l\u2019euphorie du D\u00e9barquement, les R\u00e9sistants, souvent sous arm\u00e9s et sous entra\u00een\u00e9s, ma\u00eetrisant peu l\u2019art du combat rapproch\u00e9 et de l\u2019embuscade, face \u00e0 un ennemi aguerri en pleine d\u00e9b\u00e2cle et pr\u00eat \u00e0 tout pour \u00ab sauver leur peau \u00bb , pay\u00e8rent un lourd tribu \u00e0 la victoire. <\/p>\n\n\n\n<p>Ces escarmouches et embuscades eurent aussi un effet ravageur sur la population civile, l\u00e0 o\u00f9 les Allemands \u00e9taient attaqu\u00e9s, sans distinction aucune, ils br\u00fblaient les habitations et tuaient les personnes pr\u00e9sentes ou se trouvant \u00e0 proximit\u00e9 du lieu de l\u2019attaque.<\/p>\n\n\n\n<p> L\u2019intervention du chanoine Bihan, cur\u00e9 de Plogonnec, m\u00eame si son action semble aujourd\u2019hui b\u00e9nigne, a sans doute \u00e9vit\u00e9 que Plogonnec et ses habitants, ne subissent les m\u00eames sorts que ceux relat\u00e9s ci-dessus.<\/p>\n\n\n\n<p class=\"has-text-align-center\">-=!=-<\/p>\n","protected":false},"excerpt":{"rendered":"<p>Fiche annexe 8 JUIN 1944 \u00ab Le chapeau de Napol\u00e9on est-il toujours \u00e0 Perros-Guirec ? \u00bb Ce message cod\u00e9, annon\u00e7ait le soul\u00e8vement g\u00e9n\u00e9ral de la R\u00e9sistance Int\u00e9rieure. -=!=- Ce jour l\u00e0, vers les coups de midi, dix jeunes r\u00e9sistants F.F.I. &hellip; <a href=\"https:\/\/passeurspatrimoineplogonnec.fr\/?page_id=4200\">Continuer la lecture <span class=\"meta-nav\">&rarr;<\/span><\/a><\/p>\n","protected":false},"author":1,"featured_media":0,"parent":0,"menu_order":0,"comment_status":"closed","ping_status":"closed","template":"","meta":{"footnotes":""},"class_list":["post-4200","page","type-page","status-publish","hentry"],"yoast_head":"<!-- This site is optimized with the Yoast SEO plugin v27.4 - https:\/\/yoast.com\/product\/yoast-seo-wordpress\/ -->\n<title>8 juin 44 et 5 ao\u00fbt 44. - Passeurs de Patrimoine de Plogonnec<\/title>\n<meta name=\"robots\" content=\"index, follow, max-snippet:-1, max-image-preview:large, max-video-preview:-1\" \/>\n<link rel=\"canonical\" href=\"https:\/\/passeurspatrimoineplogonnec.fr\/?page_id=4200\" \/>\n<meta property=\"og:locale\" content=\"fr_FR\" \/>\n<meta property=\"og:type\" content=\"article\" \/>\n<meta property=\"og:title\" content=\"8 juin 44 et 5 ao\u00fbt 44. - Passeurs de Patrimoine de Plogonnec\" \/>\n<meta property=\"og:description\" content=\"Fiche annexe 8 JUIN 1944 \u00ab Le chapeau de Napol\u00e9on est-il toujours \u00e0 Perros-Guirec ? \u00bb Ce message cod\u00e9, annon\u00e7ait le soul\u00e8vement g\u00e9n\u00e9ral de la R\u00e9sistance Int\u00e9rieure. -=!=- Ce jour l\u00e0, vers les coups de midi, dix jeunes r\u00e9sistants F.F.I. &hellip; Continuer la lecture &rarr;\" \/>\n<meta property=\"og:url\" content=\"https:\/\/passeurspatrimoineplogonnec.fr\/?page_id=4200\" \/>\n<meta property=\"og:site_name\" content=\"Passeurs de Patrimoine de Plogonnec\" \/>\n<meta property=\"article:modified_time\" content=\"2024-03-10T15:43:20+00:00\" \/>\n<meta name=\"twitter:card\" content=\"summary_large_image\" \/>\n<meta name=\"twitter:label1\" content=\"Dur\u00e9e de lecture estim\u00e9e\" \/>\n\t<meta name=\"twitter:data1\" content=\"3 minutes\" \/>\n<script type=\"application\/ld+json\" class=\"yoast-schema-graph\">{\"@context\":\"https:\\\/\\\/schema.org\",\"@graph\":[{\"@type\":\"WebPage\",\"@id\":\"https:\\\/\\\/passeurspatrimoineplogonnec.fr\\\/?page_id=4200\",\"url\":\"https:\\\/\\\/passeurspatrimoineplogonnec.fr\\\/?page_id=4200\",\"name\":\"8 juin 44 et 5 ao\u00fbt 44. - Passeurs de Patrimoine de Plogonnec\",\"isPartOf\":{\"@id\":\"https:\\\/\\\/passeurspatrimoineplogonnec.fr\\\/#website\"},\"datePublished\":\"2024-03-10T14:58:21+00:00\",\"dateModified\":\"2024-03-10T15:43:20+00:00\",\"breadcrumb\":{\"@id\":\"https:\\\/\\\/passeurspatrimoineplogonnec.fr\\\/?page_id=4200#breadcrumb\"},\"inLanguage\":\"fr-FR\",\"potentialAction\":[{\"@type\":\"ReadAction\",\"target\":[\"https:\\\/\\\/passeurspatrimoineplogonnec.fr\\\/?page_id=4200\"]}]},{\"@type\":\"BreadcrumbList\",\"@id\":\"https:\\\/\\\/passeurspatrimoineplogonnec.fr\\\/?page_id=4200#breadcrumb\",\"itemListElement\":[{\"@type\":\"ListItem\",\"position\":1,\"name\":\"Accueil\",\"item\":\"https:\\\/\\\/passeurspatrimoineplogonnec.fr\\\/\"},{\"@type\":\"ListItem\",\"position\":2,\"name\":\"8 juin 44 et 5 ao\u00fbt 44.\"}]},{\"@type\":\"WebSite\",\"@id\":\"https:\\\/\\\/passeurspatrimoineplogonnec.fr\\\/#website\",\"url\":\"https:\\\/\\\/passeurspatrimoineplogonnec.fr\\\/\",\"name\":\"Passeurs de Patrimoine de Plogonnec\",\"description\":\"\",\"potentialAction\":[{\"@type\":\"SearchAction\",\"target\":{\"@type\":\"EntryPoint\",\"urlTemplate\":\"https:\\\/\\\/passeurspatrimoineplogonnec.fr\\\/?s={search_term_string}\"},\"query-input\":{\"@type\":\"PropertyValueSpecification\",\"valueRequired\":true,\"valueName\":\"search_term_string\"}}],\"inLanguage\":\"fr-FR\"}]}<\/script>\n<!-- \/ Yoast SEO plugin. -->","yoast_head_json":{"title":"8 juin 44 et 5 ao\u00fbt 44. - Passeurs de Patrimoine de Plogonnec","robots":{"index":"index","follow":"follow","max-snippet":"max-snippet:-1","max-image-preview":"max-image-preview:large","max-video-preview":"max-video-preview:-1"},"canonical":"https:\/\/passeurspatrimoineplogonnec.fr\/?page_id=4200","og_locale":"fr_FR","og_type":"article","og_title":"8 juin 44 et 5 ao\u00fbt 44. - Passeurs de Patrimoine de Plogonnec","og_description":"Fiche annexe 8 JUIN 1944 \u00ab Le chapeau de Napol\u00e9on est-il toujours \u00e0 Perros-Guirec ? \u00bb Ce message cod\u00e9, annon\u00e7ait le soul\u00e8vement g\u00e9n\u00e9ral de la R\u00e9sistance Int\u00e9rieure. -=!=- Ce jour l\u00e0, vers les coups de midi, dix jeunes r\u00e9sistants F.F.I. &hellip; Continuer la lecture &rarr;","og_url":"https:\/\/passeurspatrimoineplogonnec.fr\/?page_id=4200","og_site_name":"Passeurs de Patrimoine de Plogonnec","article_modified_time":"2024-03-10T15:43:20+00:00","twitter_card":"summary_large_image","twitter_misc":{"Dur\u00e9e de lecture estim\u00e9e":"3 minutes"},"schema":{"@context":"https:\/\/schema.org","@graph":[{"@type":"WebPage","@id":"https:\/\/passeurspatrimoineplogonnec.fr\/?page_id=4200","url":"https:\/\/passeurspatrimoineplogonnec.fr\/?page_id=4200","name":"8 juin 44 et 5 ao\u00fbt 44. - Passeurs de Patrimoine de Plogonnec","isPartOf":{"@id":"https:\/\/passeurspatrimoineplogonnec.fr\/#website"},"datePublished":"2024-03-10T14:58:21+00:00","dateModified":"2024-03-10T15:43:20+00:00","breadcrumb":{"@id":"https:\/\/passeurspatrimoineplogonnec.fr\/?page_id=4200#breadcrumb"},"inLanguage":"fr-FR","potentialAction":[{"@type":"ReadAction","target":["https:\/\/passeurspatrimoineplogonnec.fr\/?page_id=4200"]}]},{"@type":"BreadcrumbList","@id":"https:\/\/passeurspatrimoineplogonnec.fr\/?page_id=4200#breadcrumb","itemListElement":[{"@type":"ListItem","position":1,"name":"Accueil","item":"https:\/\/passeurspatrimoineplogonnec.fr\/"},{"@type":"ListItem","position":2,"name":"8 juin 44 et 5 ao\u00fbt 44."}]},{"@type":"WebSite","@id":"https:\/\/passeurspatrimoineplogonnec.fr\/#website","url":"https:\/\/passeurspatrimoineplogonnec.fr\/","name":"Passeurs de Patrimoine de Plogonnec","description":"","potentialAction":[{"@type":"SearchAction","target":{"@type":"EntryPoint","urlTemplate":"https:\/\/passeurspatrimoineplogonnec.fr\/?s={search_term_string}"},"query-input":{"@type":"PropertyValueSpecification","valueRequired":true,"valueName":"search_term_string"}}],"inLanguage":"fr-FR"}]}},"_links":{"self":[{"href":"https:\/\/passeurspatrimoineplogonnec.fr\/index.php?rest_route=\/wp\/v2\/pages\/4200","targetHints":{"allow":["GET"]}}],"collection":[{"href":"https:\/\/passeurspatrimoineplogonnec.fr\/index.php?rest_route=\/wp\/v2\/pages"}],"about":[{"href":"https:\/\/passeurspatrimoineplogonnec.fr\/index.php?rest_route=\/wp\/v2\/types\/page"}],"author":[{"embeddable":true,"href":"https:\/\/passeurspatrimoineplogonnec.fr\/index.php?rest_route=\/wp\/v2\/users\/1"}],"replies":[{"embeddable":true,"href":"https:\/\/passeurspatrimoineplogonnec.fr\/index.php?rest_route=%2Fwp%2Fv2%2Fcomments&post=4200"}],"version-history":[{"count":13,"href":"https:\/\/passeurspatrimoineplogonnec.fr\/index.php?rest_route=\/wp\/v2\/pages\/4200\/revisions"}],"predecessor-version":[{"id":4223,"href":"https:\/\/passeurspatrimoineplogonnec.fr\/index.php?rest_route=\/wp\/v2\/pages\/4200\/revisions\/4223"}],"wp:attachment":[{"href":"https:\/\/passeurspatrimoineplogonnec.fr\/index.php?rest_route=%2Fwp%2Fv2%2Fmedia&parent=4200"}],"curies":[{"name":"wp","href":"https:\/\/api.w.org\/{rel}","templated":true}]}}