{"id":422,"date":"2021-12-03T14:21:14","date_gmt":"2021-12-03T13:21:14","guid":{"rendered":"http:\/\/passeurspatrimoineplogonnec.fr\/?page_id=422"},"modified":"2023-11-12T12:53:46","modified_gmt":"2023-11-12T11:53:46","slug":"le-bois-du-nevet","status":"publish","type":"page","link":"https:\/\/passeurspatrimoineplogonnec.fr\/?page_id=422","title":{"rendered":"Le bois du N\u00e9vet"},"content":{"rendered":"\n<p><\/p>\n\n\n\n<figure class=\"wp-block-image size-large\"><a href=\"http:\/\/passeurspatrimoineplogonnec.fr\/wp-content\/uploads\/2022\/09\/Le-bois-du-Nevet.pdf\" target=\"_blank\" rel=\"noreferrer noopener\"><img loading=\"lazy\" decoding=\"async\" width=\"1024\" height=\"745\" src=\"http:\/\/passeurspatrimoineplogonnec.fr\/wp-content\/uploads\/2022\/09\/Le-bois-du-Nevet-1024x745.jpg\" alt=\"\" class=\"wp-image-1740\" srcset=\"https:\/\/passeurspatrimoineplogonnec.fr\/wp-content\/uploads\/2022\/09\/Le-bois-du-Nevet-1024x745.jpg 1024w, https:\/\/passeurspatrimoineplogonnec.fr\/wp-content\/uploads\/2022\/09\/Le-bois-du-Nevet-300x218.jpg 300w, https:\/\/passeurspatrimoineplogonnec.fr\/wp-content\/uploads\/2022\/09\/Le-bois-du-Nevet-768x558.jpg 768w, https:\/\/passeurspatrimoineplogonnec.fr\/wp-content\/uploads\/2022\/09\/Le-bois-du-Nevet-1536x1117.jpg 1536w, https:\/\/passeurspatrimoineplogonnec.fr\/wp-content\/uploads\/2022\/09\/Le-bois-du-Nevet-2048x1489.jpg 2048w\" sizes=\"auto, (max-width: 1024px) 100vw, 1024px\" \/><\/a><\/figure>\n\n\n\n<p><\/p>\n\n\n\n<p><strong>Le bois du N\u00e9vet<\/strong> s\u2019\u00e9tend sur 225 hectares pour la partie relevant du Conseil d\u00e9partemental du Finist\u00e8re\/Penn ar Bed. Il se prolonge \u00e0 l\u2019ouest sur une cinquantaine d\u2019hectares sur des propri\u00e9t\u00e9s priv\u00e9es. Il s\u2019\u00e9tend sur les communes de Kerlaz (anciennement Plon\u00e9vez-Porzay), de Locronan, et marginalement de Plogonnec. Son point culminant s\u2019\u00e9l\u00e8ve \u00e0 132 m\u00e8tres dans sa parcelle foresti\u00e8re num\u00e9ro 13. L\u2019ensemble est aujourd\u2019hui principalement constitu\u00e9 de taillis assez d\u00e9grad\u00e9s.<\/p>\n\n\n\n<p>Ce bois a \u00e9t\u00e9 exploit\u00e9 durant des si\u00e8cles comme r\u00e9serve de chasse et pour la production de charbon de bois. Cette derni\u00e8re activit\u00e9 n\u2019a pris fin qu\u2019apr\u00e8s la fin de la seconde guerre mondiale. Le sous-sol de ce bois a aussi \u00e9t\u00e9 le seul lieu d\u2019exploitation connu de minerai d\u2019or \u00e0 des fins mon\u00e9taires au moyen-\u00e2ge en Cornouaille. La mine se trouvait \u00e0 la droite de l\u2019ancien ch\u00e2teau quand on en franchit le ruisseau N\u00e9vet en venant par Plogonnec. L\u2019on ne connait pas pr\u00e9cis\u00e9ment l\u2019\u00e9poque du d\u00e9but de cette exploitation. Il y a sans doute eu une premi\u00e8re phase d\u2019orpaillage \u00e0 la fin du XIV<sup>e<\/sup> si\u00e8cle. Le filon orifaire a sans doute \u00e9t\u00e9 trouv\u00e9 au cours du XV<sup>e<\/sup> si\u00e8cle. L\u2019exploitation se fera jusqu\u2019\u00e0 la fin du XVI<sup>e<\/sup> si\u00e8cle, avec peut-\u00eatre une phase finale d\u2019orpaillage du ruisseau et des graviers d\u2019extraction.<\/p>\n\n\n\n<p>La mine se distribue sur trois galeries dont l\u2019entr\u00e9e centrale se trouve dans la propri\u00e9t\u00e9 priv\u00e9e du ch\u00e2teau. Elle est contr\u00e9e par un talus qui semble dater de la seconde guerre mondiale. La pr\u00e9sence de cette mine \u00e0 l\u2019or\u00e9e du ch\u00e2teau a aliment\u00e9 les l\u00e9gendes locales sur les \u00ab&nbsp;souterrains&nbsp;\u00bb du ch\u00e2teau de N\u00e9vet. Plus r\u00e9cemment ces galeries ont \u00e9t\u00e9 utilis\u00e9es par les troupes allemandes pour le stockage des munitions durant la seconde guerre mondiale.<\/p>\n\n\n\n<p>Le bois de N\u00e9vet passa \u00e0 la r\u00e9volution dans les biens nationaux et fut achet\u00e9 en 1806 par la famille des Lantivy de Tr\u00e9dion. Elle le vendit en 1843 \u00e0 Eug\u00e8ne Marie Damey dont le p\u00e8re Claude Henri \u00e9tait arriv\u00e9 entre temps \u00e0 Plogonnec pour y \u00e9tablir une charge notariale. Elle en garda la propri\u00e9t\u00e9 jusqu\u2019en 1958 o\u00f9 Bernard Bischoff le vendit \u00e0 Monsieur Leroux, quincailler \u00e0 Quimper. Jusqu\u2019alors le bois \u00e9tait rest\u00e9 ouvert \u00e0 tous. Monsieur Leroux le fit cl\u00f4turer int\u00e9gralement pour son usage exclusif. Il fit aussi l\u2019acquisition des diverses propri\u00e9t\u00e9s enclav\u00e9es dans le bois.<\/p>\n\n\n\n<p>En 1989 le bois fut vendu au Conseil G\u00e9n\u00e9ral du Finist\u00e8re\/Penn ar Bed. Il fut rapidement ouvert au public pour les randonn\u00e9es p\u00e9destres, \u00e0 cheval et cyclistes.<\/p>\n\n\n\n<p><\/p>\n\n\n\n<p>C<strong>ompte rendu de la visite de la mine d\u2019or de N\u00e9vet le 31 ao\u00fbt 1996.<\/strong><\/p>\n\n\n\n<p>Le 31 ao\u00fbt 1996 nous nous sommes rendus en compagnie de Monsieur Yves Coativy \u00e0 Mel N\u00e9vet et \u00e0 Maner N\u00e9vet. Nous avons \u00e9t\u00e9 tr\u00e8s bien re\u00e7us par Monsieur Kern, actuel propri\u00e9taire qui nous a fait visiter la maison de garde, le reste du manoir et puis nous a conduit \u00e0 la mine o\u00f9 Monsieur Coativy a pu proc\u00e9der \u00e0 une rapide investigation et faire quelques photographies.<\/p>\n\n\n\n<p>L\u2019entr\u00e9e de la mine est contr\u00e9e par un talus sableux. Elle comprend un acc\u00e8s renfonc\u00e9 par deux murs de pierres appareill\u00e9es. Le sommet s\u2019est \u00e9croul\u00e9 et a obstru\u00e9 partiellement l\u2019entr\u00e9e de la mine qui fait \u00e0 peine trois m\u00e8tres de large. Tout de suite \u00e0 l\u2019entr\u00e9e se distribuent trois galeries. Celle de gauche va vers le sud sur au moins cent-vingt m\u00e8tres de longueur \u00e0 sec, mais le reste est inond\u00e9. Monsieur Kern nous dit qu\u2019elle fait bien quatre-cent m\u00e8tres de long. La galerie de face va vers l\u2019ouest sur une quinzaine de m\u00e8tres. La galerie de droite va vers le nord-est sur plus de vingt m\u00e8tres. L\u2019ensemble n\u2019est pas \u00e9tay\u00e9 et l\u2019on y trouve encore les traces d\u2019outils qui ont servi \u00e0 creuser. Les galeries sont r\u00e9guli\u00e8rement obstru\u00e9es du fait des infiltrations d\u2019eau, surtout pour la galerie sud.<\/p>\n\n\n\n<p>Monsieur Yves Coativy a convenu avec Monsieur Kern de revenir en hiver pour faire d\u2019autres photographies.<\/p>\n\n\n\n<p>Yves Coativy a fait un r\u00e9sum\u00e9 sur cette mine d\u2019or dans son ouvrage intitul\u00e9 \u00ab&nbsp;L\u2019or des bretons dans l\u2019histoire&nbsp;\u00bb, P.P. 13 \u00e0 16, \u00e9ditions Skol Vreiz, n\u00b0 60, ISBN&nbsp;: 978 \u2013 2 \u2013 915623 \u2013 35 \u2013 2, d\u00e9p\u00f4t l\u00e9gal ao\u00fbt 2007.<\/p>\n\n\n\n<p><strong>Andr\u00e9 Bozec<\/strong><\/p>\n","protected":false},"excerpt":{"rendered":"<p>Le bois du N\u00e9vet s\u2019\u00e9tend sur 225 hectares pour la partie relevant du Conseil d\u00e9partemental du Finist\u00e8re\/Penn ar Bed. Il se prolonge \u00e0 l\u2019ouest sur une cinquantaine d\u2019hectares sur des propri\u00e9t\u00e9s priv\u00e9es. Il s\u2019\u00e9tend sur les communes de Kerlaz (anciennement &hellip; <a href=\"https:\/\/passeurspatrimoineplogonnec.fr\/?page_id=422\">Continuer la lecture <span class=\"meta-nav\">&rarr;<\/span><\/a><\/p>\n","protected":false},"author":1,"featured_media":0,"parent":0,"menu_order":0,"comment_status":"closed","ping_status":"closed","template":"","meta":{"footnotes":""},"class_list":["post-422","page","type-page","status-publish","hentry"],"yoast_head":"<!-- This site is optimized with the Yoast SEO plugin v27.4 - https:\/\/yoast.com\/product\/yoast-seo-wordpress\/ -->\n<title>Le bois du N\u00e9vet - Passeurs de Patrimoine de Plogonnec<\/title>\n<meta name=\"robots\" content=\"index, follow, max-snippet:-1, max-image-preview:large, max-video-preview:-1\" \/>\n<link rel=\"canonical\" href=\"https:\/\/passeurspatrimoineplogonnec.fr\/?page_id=422\" \/>\n<meta property=\"og:locale\" content=\"fr_FR\" \/>\n<meta property=\"og:type\" content=\"article\" \/>\n<meta property=\"og:title\" content=\"Le bois du N\u00e9vet - Passeurs de Patrimoine de Plogonnec\" \/>\n<meta property=\"og:description\" content=\"Le bois du N\u00e9vet s\u2019\u00e9tend sur 225 hectares pour la partie relevant du Conseil d\u00e9partemental du Finist\u00e8re\/Penn ar Bed. Il se prolonge \u00e0 l\u2019ouest sur une cinquantaine d\u2019hectares sur des propri\u00e9t\u00e9s priv\u00e9es. Il s\u2019\u00e9tend sur les communes de Kerlaz (anciennement &hellip; Continuer la lecture &rarr;\" \/>\n<meta property=\"og:url\" content=\"https:\/\/passeurspatrimoineplogonnec.fr\/?page_id=422\" \/>\n<meta property=\"og:site_name\" content=\"Passeurs de Patrimoine de Plogonnec\" \/>\n<meta property=\"article:modified_time\" content=\"2023-11-12T11:53:46+00:00\" \/>\n<meta property=\"og:image\" content=\"http:\/\/passeurspatrimoineplogonnec.fr\/wp-content\/uploads\/2022\/09\/Le-bois-du-Nevet-1024x745.jpg\" \/>\n<meta name=\"twitter:card\" content=\"summary_large_image\" \/>\n<meta name=\"twitter:label1\" content=\"Dur\u00e9e de lecture estim\u00e9e\" \/>\n\t<meta name=\"twitter:data1\" content=\"4 minutes\" \/>\n<script type=\"application\/ld+json\" class=\"yoast-schema-graph\">{\"@context\":\"https:\\\/\\\/schema.org\",\"@graph\":[{\"@type\":\"WebPage\",\"@id\":\"https:\\\/\\\/passeurspatrimoineplogonnec.fr\\\/?page_id=422\",\"url\":\"https:\\\/\\\/passeurspatrimoineplogonnec.fr\\\/?page_id=422\",\"name\":\"Le bois du N\u00e9vet - Passeurs de Patrimoine de Plogonnec\",\"isPartOf\":{\"@id\":\"https:\\\/\\\/passeurspatrimoineplogonnec.fr\\\/#website\"},\"primaryImageOfPage\":{\"@id\":\"https:\\\/\\\/passeurspatrimoineplogonnec.fr\\\/?page_id=422#primaryimage\"},\"image\":{\"@id\":\"https:\\\/\\\/passeurspatrimoineplogonnec.fr\\\/?page_id=422#primaryimage\"},\"thumbnailUrl\":\"http:\\\/\\\/passeurspatrimoineplogonnec.fr\\\/wp-content\\\/uploads\\\/2022\\\/09\\\/Le-bois-du-Nevet-1024x745.jpg\",\"datePublished\":\"2021-12-03T13:21:14+00:00\",\"dateModified\":\"2023-11-12T11:53:46+00:00\",\"breadcrumb\":{\"@id\":\"https:\\\/\\\/passeurspatrimoineplogonnec.fr\\\/?page_id=422#breadcrumb\"},\"inLanguage\":\"fr-FR\",\"potentialAction\":[{\"@type\":\"ReadAction\",\"target\":[\"https:\\\/\\\/passeurspatrimoineplogonnec.fr\\\/?page_id=422\"]}]},{\"@type\":\"ImageObject\",\"inLanguage\":\"fr-FR\",\"@id\":\"https:\\\/\\\/passeurspatrimoineplogonnec.fr\\\/?page_id=422#primaryimage\",\"url\":\"https:\\\/\\\/passeurspatrimoineplogonnec.fr\\\/wp-content\\\/uploads\\\/2022\\\/09\\\/Le-bois-du-Nevet.jpg\",\"contentUrl\":\"https:\\\/\\\/passeurspatrimoineplogonnec.fr\\\/wp-content\\\/uploads\\\/2022\\\/09\\\/Le-bois-du-Nevet.jpg\",\"width\":2338,\"height\":1700},{\"@type\":\"BreadcrumbList\",\"@id\":\"https:\\\/\\\/passeurspatrimoineplogonnec.fr\\\/?page_id=422#breadcrumb\",\"itemListElement\":[{\"@type\":\"ListItem\",\"position\":1,\"name\":\"Accueil\",\"item\":\"https:\\\/\\\/passeurspatrimoineplogonnec.fr\\\/\"},{\"@type\":\"ListItem\",\"position\":2,\"name\":\"Le bois du N\u00e9vet\"}]},{\"@type\":\"WebSite\",\"@id\":\"https:\\\/\\\/passeurspatrimoineplogonnec.fr\\\/#website\",\"url\":\"https:\\\/\\\/passeurspatrimoineplogonnec.fr\\\/\",\"name\":\"Passeurs de Patrimoine de Plogonnec\",\"description\":\"\",\"potentialAction\":[{\"@type\":\"SearchAction\",\"target\":{\"@type\":\"EntryPoint\",\"urlTemplate\":\"https:\\\/\\\/passeurspatrimoineplogonnec.fr\\\/?s={search_term_string}\"},\"query-input\":{\"@type\":\"PropertyValueSpecification\",\"valueRequired\":true,\"valueName\":\"search_term_string\"}}],\"inLanguage\":\"fr-FR\"}]}<\/script>\n<!-- \/ Yoast SEO plugin. -->","yoast_head_json":{"title":"Le bois du N\u00e9vet - Passeurs de Patrimoine de Plogonnec","robots":{"index":"index","follow":"follow","max-snippet":"max-snippet:-1","max-image-preview":"max-image-preview:large","max-video-preview":"max-video-preview:-1"},"canonical":"https:\/\/passeurspatrimoineplogonnec.fr\/?page_id=422","og_locale":"fr_FR","og_type":"article","og_title":"Le bois du N\u00e9vet - Passeurs de Patrimoine de Plogonnec","og_description":"Le bois du N\u00e9vet s\u2019\u00e9tend sur 225 hectares pour la partie relevant du Conseil d\u00e9partemental du Finist\u00e8re\/Penn ar Bed. Il se prolonge \u00e0 l\u2019ouest sur une cinquantaine d\u2019hectares sur des propri\u00e9t\u00e9s priv\u00e9es. Il s\u2019\u00e9tend sur les communes de Kerlaz (anciennement &hellip; Continuer la lecture &rarr;","og_url":"https:\/\/passeurspatrimoineplogonnec.fr\/?page_id=422","og_site_name":"Passeurs de Patrimoine de Plogonnec","article_modified_time":"2023-11-12T11:53:46+00:00","og_image":[{"url":"http:\/\/passeurspatrimoineplogonnec.fr\/wp-content\/uploads\/2022\/09\/Le-bois-du-Nevet-1024x745.jpg","type":"","width":"","height":""}],"twitter_card":"summary_large_image","twitter_misc":{"Dur\u00e9e de lecture estim\u00e9e":"4 minutes"},"schema":{"@context":"https:\/\/schema.org","@graph":[{"@type":"WebPage","@id":"https:\/\/passeurspatrimoineplogonnec.fr\/?page_id=422","url":"https:\/\/passeurspatrimoineplogonnec.fr\/?page_id=422","name":"Le bois du N\u00e9vet - Passeurs de Patrimoine de Plogonnec","isPartOf":{"@id":"https:\/\/passeurspatrimoineplogonnec.fr\/#website"},"primaryImageOfPage":{"@id":"https:\/\/passeurspatrimoineplogonnec.fr\/?page_id=422#primaryimage"},"image":{"@id":"https:\/\/passeurspatrimoineplogonnec.fr\/?page_id=422#primaryimage"},"thumbnailUrl":"http:\/\/passeurspatrimoineplogonnec.fr\/wp-content\/uploads\/2022\/09\/Le-bois-du-Nevet-1024x745.jpg","datePublished":"2021-12-03T13:21:14+00:00","dateModified":"2023-11-12T11:53:46+00:00","breadcrumb":{"@id":"https:\/\/passeurspatrimoineplogonnec.fr\/?page_id=422#breadcrumb"},"inLanguage":"fr-FR","potentialAction":[{"@type":"ReadAction","target":["https:\/\/passeurspatrimoineplogonnec.fr\/?page_id=422"]}]},{"@type":"ImageObject","inLanguage":"fr-FR","@id":"https:\/\/passeurspatrimoineplogonnec.fr\/?page_id=422#primaryimage","url":"https:\/\/passeurspatrimoineplogonnec.fr\/wp-content\/uploads\/2022\/09\/Le-bois-du-Nevet.jpg","contentUrl":"https:\/\/passeurspatrimoineplogonnec.fr\/wp-content\/uploads\/2022\/09\/Le-bois-du-Nevet.jpg","width":2338,"height":1700},{"@type":"BreadcrumbList","@id":"https:\/\/passeurspatrimoineplogonnec.fr\/?page_id=422#breadcrumb","itemListElement":[{"@type":"ListItem","position":1,"name":"Accueil","item":"https:\/\/passeurspatrimoineplogonnec.fr\/"},{"@type":"ListItem","position":2,"name":"Le bois du N\u00e9vet"}]},{"@type":"WebSite","@id":"https:\/\/passeurspatrimoineplogonnec.fr\/#website","url":"https:\/\/passeurspatrimoineplogonnec.fr\/","name":"Passeurs de Patrimoine de Plogonnec","description":"","potentialAction":[{"@type":"SearchAction","target":{"@type":"EntryPoint","urlTemplate":"https:\/\/passeurspatrimoineplogonnec.fr\/?s={search_term_string}"},"query-input":{"@type":"PropertyValueSpecification","valueRequired":true,"valueName":"search_term_string"}}],"inLanguage":"fr-FR"}]}},"_links":{"self":[{"href":"https:\/\/passeurspatrimoineplogonnec.fr\/index.php?rest_route=\/wp\/v2\/pages\/422","targetHints":{"allow":["GET"]}}],"collection":[{"href":"https:\/\/passeurspatrimoineplogonnec.fr\/index.php?rest_route=\/wp\/v2\/pages"}],"about":[{"href":"https:\/\/passeurspatrimoineplogonnec.fr\/index.php?rest_route=\/wp\/v2\/types\/page"}],"author":[{"embeddable":true,"href":"https:\/\/passeurspatrimoineplogonnec.fr\/index.php?rest_route=\/wp\/v2\/users\/1"}],"replies":[{"embeddable":true,"href":"https:\/\/passeurspatrimoineplogonnec.fr\/index.php?rest_route=%2Fwp%2Fv2%2Fcomments&post=422"}],"version-history":[{"count":5,"href":"https:\/\/passeurspatrimoineplogonnec.fr\/index.php?rest_route=\/wp\/v2\/pages\/422\/revisions"}],"predecessor-version":[{"id":1742,"href":"https:\/\/passeurspatrimoineplogonnec.fr\/index.php?rest_route=\/wp\/v2\/pages\/422\/revisions\/1742"}],"wp:attachment":[{"href":"https:\/\/passeurspatrimoineplogonnec.fr\/index.php?rest_route=%2Fwp%2Fv2%2Fmedia&parent=422"}],"curies":[{"name":"wp","href":"https:\/\/api.w.org\/{rel}","templated":true}]}}