{"id":4523,"date":"2024-09-16T16:23:06","date_gmt":"2024-09-16T14:23:06","guid":{"rendered":"https:\/\/passeurspatrimoineplogonnec.fr\/?page_id=4523"},"modified":"2024-09-22T12:09:52","modified_gmt":"2024-09-22T10:09:52","slug":"le-lavoir-de-kergoc","status":"publish","type":"page","link":"https:\/\/passeurspatrimoineplogonnec.fr\/?page_id=4523","title":{"rendered":"Le lavoir de Kergoc"},"content":{"rendered":"\n<p class=\"has-text-align-center\"><strong>La d\u00e9couverte du lavoir.<\/strong><\/p>\n\n\n\n<p>Le 19 juin 2024 \u00e0 09h30 du matin, 5 passeurs ont rendez-vous avec l&rsquo;histoire sur le chantier du <strong>\u00ab\u00a0Lavoir de Kergoc\u00a0\u00bb<\/strong>, ainsi Raymond, Jean-louis, Daniel, Marcel et Jean-luc d\u00e9couvrent l&rsquo;ampleur de la t\u00e2che.<\/p>\n\n\n\n<p>L&rsquo;ancien lavoir est compl\u00e8tement couvert par la v\u00e9g\u00e9tation.<\/p>\n\n\n\n<figure class=\"wp-block-gallery has-nested-images columns-default is-cropped wp-block-gallery-1 is-layout-flex wp-block-gallery-is-layout-flex\">\n<figure class=\"wp-block-image size-large\"><img loading=\"lazy\" decoding=\"async\" width=\"768\" height=\"1024\" data-id=\"4524\" src=\"https:\/\/passeurspatrimoineplogonnec.fr\/wp-content\/uploads\/2024\/09\/Lavoir-de-Kergoc1-768x1024.jpg\" alt=\"\" class=\"wp-image-4524\" srcset=\"https:\/\/passeurspatrimoineplogonnec.fr\/wp-content\/uploads\/2024\/09\/Lavoir-de-Kergoc1-768x1024.jpg 768w, https:\/\/passeurspatrimoineplogonnec.fr\/wp-content\/uploads\/2024\/09\/Lavoir-de-Kergoc1-225x300.jpg 225w, https:\/\/passeurspatrimoineplogonnec.fr\/wp-content\/uploads\/2024\/09\/Lavoir-de-Kergoc1-1152x1536.jpg 1152w, https:\/\/passeurspatrimoineplogonnec.fr\/wp-content\/uploads\/2024\/09\/Lavoir-de-Kergoc1-1536x2048.jpg 1536w, https:\/\/passeurspatrimoineplogonnec.fr\/wp-content\/uploads\/2024\/09\/Lavoir-de-Kergoc1-scaled.jpg 1920w\" sizes=\"auto, (max-width: 768px) 100vw, 768px\" \/><\/figure>\n\n\n\n<figure class=\"wp-block-image size-large\"><img loading=\"lazy\" decoding=\"async\" width=\"768\" height=\"1024\" data-id=\"4525\" src=\"https:\/\/passeurspatrimoineplogonnec.fr\/wp-content\/uploads\/2024\/09\/Lavoir-de-Kergoc2-768x1024.jpg\" alt=\"\" class=\"wp-image-4525\" srcset=\"https:\/\/passeurspatrimoineplogonnec.fr\/wp-content\/uploads\/2024\/09\/Lavoir-de-Kergoc2-768x1024.jpg 768w, https:\/\/passeurspatrimoineplogonnec.fr\/wp-content\/uploads\/2024\/09\/Lavoir-de-Kergoc2-225x300.jpg 225w, https:\/\/passeurspatrimoineplogonnec.fr\/wp-content\/uploads\/2024\/09\/Lavoir-de-Kergoc2-1152x1536.jpg 1152w, https:\/\/passeurspatrimoineplogonnec.fr\/wp-content\/uploads\/2024\/09\/Lavoir-de-Kergoc2-1536x2048.jpg 1536w, https:\/\/passeurspatrimoineplogonnec.fr\/wp-content\/uploads\/2024\/09\/Lavoir-de-Kergoc2-scaled.jpg 1920w\" sizes=\"auto, (max-width: 768px) 100vw, 768px\" \/><\/figure>\n<\/figure>\n\n\n\n<p><br>Apr\u00e8s le d\u00e9broussaillage Raymond, Jean-Louis et Daniel se sont employ\u00e9s \u00e0 d\u00e9blayer quelques m3 de terre et enfin trouver la sortie du lavoir. <\/p>\n\n\n\n<p>Pendant ce temps Marcel recherche l&rsquo;arriv\u00e9e d&rsquo;eau de l&rsquo;autre c\u00f4t\u00e9 de la route.&nbsp;<\/p>\n\n\n\n<p>Apr\u00e8s une journ\u00e9e de dur labeur le lavoir reprends forme.<\/p>\n\n\n\n<figure class=\"wp-block-gallery has-nested-images columns-default is-cropped wp-block-gallery-2 is-layout-flex wp-block-gallery-is-layout-flex\">\n<figure class=\"wp-block-image size-large\"><img loading=\"lazy\" decoding=\"async\" width=\"768\" height=\"1024\" data-id=\"4526\" src=\"https:\/\/passeurspatrimoineplogonnec.fr\/wp-content\/uploads\/2024\/09\/Lavoir-de-Kergoc3-768x1024.jpg\" alt=\"\" class=\"wp-image-4526\" srcset=\"https:\/\/passeurspatrimoineplogonnec.fr\/wp-content\/uploads\/2024\/09\/Lavoir-de-Kergoc3-768x1024.jpg 768w, https:\/\/passeurspatrimoineplogonnec.fr\/wp-content\/uploads\/2024\/09\/Lavoir-de-Kergoc3-225x300.jpg 225w, https:\/\/passeurspatrimoineplogonnec.fr\/wp-content\/uploads\/2024\/09\/Lavoir-de-Kergoc3-1152x1536.jpg 1152w, https:\/\/passeurspatrimoineplogonnec.fr\/wp-content\/uploads\/2024\/09\/Lavoir-de-Kergoc3-1536x2048.jpg 1536w, https:\/\/passeurspatrimoineplogonnec.fr\/wp-content\/uploads\/2024\/09\/Lavoir-de-Kergoc3-scaled.jpg 1920w\" sizes=\"auto, (max-width: 768px) 100vw, 768px\" \/><\/figure>\n\n\n\n<figure class=\"wp-block-image size-large\"><img loading=\"lazy\" decoding=\"async\" width=\"768\" height=\"1024\" data-id=\"4527\" src=\"https:\/\/passeurspatrimoineplogonnec.fr\/wp-content\/uploads\/2024\/09\/Lavoir-de-Kergoc4-768x1024.jpg\" alt=\"\" class=\"wp-image-4527\" srcset=\"https:\/\/passeurspatrimoineplogonnec.fr\/wp-content\/uploads\/2024\/09\/Lavoir-de-Kergoc4-768x1024.jpg 768w, https:\/\/passeurspatrimoineplogonnec.fr\/wp-content\/uploads\/2024\/09\/Lavoir-de-Kergoc4-225x300.jpg 225w, https:\/\/passeurspatrimoineplogonnec.fr\/wp-content\/uploads\/2024\/09\/Lavoir-de-Kergoc4-1152x1536.jpg 1152w, https:\/\/passeurspatrimoineplogonnec.fr\/wp-content\/uploads\/2024\/09\/Lavoir-de-Kergoc4-1536x2048.jpg 1536w, https:\/\/passeurspatrimoineplogonnec.fr\/wp-content\/uploads\/2024\/09\/Lavoir-de-Kergoc4-scaled.jpg 1920w\" sizes=\"auto, (max-width: 768px) 100vw, 768px\" \/><\/figure>\n<\/figure>\n\n\n\n<figure class=\"wp-block-gallery has-nested-images columns-default is-cropped wp-block-gallery-3 is-layout-flex wp-block-gallery-is-layout-flex\">\n<figure class=\"wp-block-image size-large\"><img loading=\"lazy\" decoding=\"async\" width=\"768\" height=\"1024\" data-id=\"4552\" src=\"http:\/\/passeurspatrimoineplogonnec.fr\/wp-content\/uploads\/2024\/09\/Lavoir-de-Kergoc9-768x1024.jpg\" alt=\"\" class=\"wp-image-4552\" srcset=\"https:\/\/passeurspatrimoineplogonnec.fr\/wp-content\/uploads\/2024\/09\/Lavoir-de-Kergoc9-768x1024.jpg 768w, https:\/\/passeurspatrimoineplogonnec.fr\/wp-content\/uploads\/2024\/09\/Lavoir-de-Kergoc9-225x300.jpg 225w, https:\/\/passeurspatrimoineplogonnec.fr\/wp-content\/uploads\/2024\/09\/Lavoir-de-Kergoc9-1152x1536.jpg 1152w, https:\/\/passeurspatrimoineplogonnec.fr\/wp-content\/uploads\/2024\/09\/Lavoir-de-Kergoc9-1536x2048.jpg 1536w, https:\/\/passeurspatrimoineplogonnec.fr\/wp-content\/uploads\/2024\/09\/Lavoir-de-Kergoc9-scaled.jpg 1920w\" sizes=\"auto, (max-width: 768px) 100vw, 768px\" \/><\/figure>\n\n\n\n<figure class=\"wp-block-image size-large\"><img loading=\"lazy\" decoding=\"async\" width=\"1024\" height=\"768\" data-id=\"4551\" src=\"http:\/\/passeurspatrimoineplogonnec.fr\/wp-content\/uploads\/2024\/09\/Lavoir-de-Kergoc8-1024x768.jpg\" alt=\"\" class=\"wp-image-4551\" srcset=\"https:\/\/passeurspatrimoineplogonnec.fr\/wp-content\/uploads\/2024\/09\/Lavoir-de-Kergoc8-1024x768.jpg 1024w, https:\/\/passeurspatrimoineplogonnec.fr\/wp-content\/uploads\/2024\/09\/Lavoir-de-Kergoc8-300x225.jpg 300w, https:\/\/passeurspatrimoineplogonnec.fr\/wp-content\/uploads\/2024\/09\/Lavoir-de-Kergoc8-768x576.jpg 768w, https:\/\/passeurspatrimoineplogonnec.fr\/wp-content\/uploads\/2024\/09\/Lavoir-de-Kergoc8-1536x1152.jpg 1536w, https:\/\/passeurspatrimoineplogonnec.fr\/wp-content\/uploads\/2024\/09\/Lavoir-de-Kergoc8-2048x1536.jpg 2048w\" sizes=\"auto, (max-width: 1024px) 100vw, 1024px\" \/><\/figure>\n<\/figure>\n\n\n\n<figure class=\"wp-block-gallery has-nested-images columns-default is-cropped wp-block-gallery-4 is-layout-flex wp-block-gallery-is-layout-flex\">\n<figure class=\"wp-block-image size-large\"><img loading=\"lazy\" decoding=\"async\" width=\"1024\" height=\"768\" data-id=\"4556\" src=\"https:\/\/passeurspatrimoineplogonnec.fr\/wp-content\/uploads\/2024\/09\/J.Luc-est-heureux-du-resultat-1024x768.jpg\" alt=\"\" class=\"wp-image-4556\" srcset=\"https:\/\/passeurspatrimoineplogonnec.fr\/wp-content\/uploads\/2024\/09\/J.Luc-est-heureux-du-resultat-1024x768.jpg 1024w, https:\/\/passeurspatrimoineplogonnec.fr\/wp-content\/uploads\/2024\/09\/J.Luc-est-heureux-du-resultat-300x225.jpg 300w, https:\/\/passeurspatrimoineplogonnec.fr\/wp-content\/uploads\/2024\/09\/J.Luc-est-heureux-du-resultat-768x576.jpg 768w, https:\/\/passeurspatrimoineplogonnec.fr\/wp-content\/uploads\/2024\/09\/J.Luc-est-heureux-du-resultat-1536x1152.jpg 1536w, https:\/\/passeurspatrimoineplogonnec.fr\/wp-content\/uploads\/2024\/09\/J.Luc-est-heureux-du-resultat-2048x1536.jpg 2048w\" sizes=\"auto, (max-width: 1024px) 100vw, 1024px\" \/><\/figure>\n\n\n\n<figure class=\"wp-block-image size-large\"><img loading=\"lazy\" decoding=\"async\" width=\"1024\" height=\"768\" data-id=\"4555\" src=\"https:\/\/passeurspatrimoineplogonnec.fr\/wp-content\/uploads\/2024\/09\/Christian-Raymond-J.Louis_-1024x768.jpg\" alt=\"\" class=\"wp-image-4555\" srcset=\"https:\/\/passeurspatrimoineplogonnec.fr\/wp-content\/uploads\/2024\/09\/Christian-Raymond-J.Louis_-1024x768.jpg 1024w, https:\/\/passeurspatrimoineplogonnec.fr\/wp-content\/uploads\/2024\/09\/Christian-Raymond-J.Louis_-300x225.jpg 300w, https:\/\/passeurspatrimoineplogonnec.fr\/wp-content\/uploads\/2024\/09\/Christian-Raymond-J.Louis_-768x576.jpg 768w, https:\/\/passeurspatrimoineplogonnec.fr\/wp-content\/uploads\/2024\/09\/Christian-Raymond-J.Louis_-1536x1152.jpg 1536w, https:\/\/passeurspatrimoineplogonnec.fr\/wp-content\/uploads\/2024\/09\/Christian-Raymond-J.Louis_-2048x1536.jpg 2048w\" sizes=\"auto, (max-width: 1024px) 100vw, 1024px\" \/><\/figure>\n<\/figure>\n\n\n\n<p class=\"has-text-align-center\">*******************<br><br>Voici le panneau que nous avons plant\u00e9 et planterons \u00e0 l&rsquo;avenir pr\u00e8s des chantiers que nous entreprendrons.&nbsp;<\/p>\n\n\n\n<figure class=\"wp-block-image size-large\"><img loading=\"lazy\" decoding=\"async\" width=\"1024\" height=\"768\" src=\"https:\/\/passeurspatrimoineplogonnec.fr\/wp-content\/uploads\/2024\/09\/Chantier-Kergoc-panneau-1024x768.jpg\" alt=\"\" class=\"wp-image-4538\" srcset=\"https:\/\/passeurspatrimoineplogonnec.fr\/wp-content\/uploads\/2024\/09\/Chantier-Kergoc-panneau-1024x768.jpg 1024w, https:\/\/passeurspatrimoineplogonnec.fr\/wp-content\/uploads\/2024\/09\/Chantier-Kergoc-panneau-300x225.jpg 300w, https:\/\/passeurspatrimoineplogonnec.fr\/wp-content\/uploads\/2024\/09\/Chantier-Kergoc-panneau-768x576.jpg 768w, https:\/\/passeurspatrimoineplogonnec.fr\/wp-content\/uploads\/2024\/09\/Chantier-Kergoc-panneau-1536x1152.jpg 1536w, https:\/\/passeurspatrimoineplogonnec.fr\/wp-content\/uploads\/2024\/09\/Chantier-Kergoc-panneau-2048x1536.jpg 2048w\" sizes=\"auto, (max-width: 1024px) 100vw, 1024px\" \/><\/figure>\n\n\n\n<p class=\"has-text-align-center\">*******************<\/p>\n\n\n\n<p class=\"has-text-align-center\"><strong>La mise en eau.<\/strong><\/p>\n\n\n\n<p>Il aura fallu une bonne journ\u00e9e de travail pour d\u00e9blayer des masses de terre, de cailloux, de boue, etc &#8230; mais&nbsp; le boulot paye puisque en cours d&rsquo;apr\u00e8s midi&nbsp; on a pu mettre en eau le lavoir.<\/p>\n\n\n\n<p>Il reste encore pas de travail , mais on avance&#8230;<\/p>\n\n\n\n<figure class=\"wp-block-gallery has-nested-images columns-default is-cropped wp-block-gallery-5 is-layout-flex wp-block-gallery-is-layout-flex\">\n<figure class=\"wp-block-image size-large\"><img loading=\"lazy\" decoding=\"async\" width=\"1024\" height=\"578\" data-id=\"4545\" src=\"https:\/\/passeurspatrimoineplogonnec.fr\/wp-content\/uploads\/2024\/09\/Lavoir-de-Kergoc5-1024x578.jpg\" alt=\"\" class=\"wp-image-4545\" srcset=\"https:\/\/passeurspatrimoineplogonnec.fr\/wp-content\/uploads\/2024\/09\/Lavoir-de-Kergoc5-1024x578.jpg 1024w, https:\/\/passeurspatrimoineplogonnec.fr\/wp-content\/uploads\/2024\/09\/Lavoir-de-Kergoc5-300x169.jpg 300w, https:\/\/passeurspatrimoineplogonnec.fr\/wp-content\/uploads\/2024\/09\/Lavoir-de-Kergoc5-768x433.jpg 768w, https:\/\/passeurspatrimoineplogonnec.fr\/wp-content\/uploads\/2024\/09\/Lavoir-de-Kergoc5-1536x866.jpg 1536w, https:\/\/passeurspatrimoineplogonnec.fr\/wp-content\/uploads\/2024\/09\/Lavoir-de-Kergoc5-2048x1155.jpg 2048w\" sizes=\"auto, (max-width: 1024px) 100vw, 1024px\" \/><figcaption class=\"wp-element-caption\">oplus_0<\/figcaption><\/figure>\n\n\n\n<figure class=\"wp-block-image size-large\"><img loading=\"lazy\" decoding=\"async\" width=\"1024\" height=\"578\" data-id=\"4546\" src=\"https:\/\/passeurspatrimoineplogonnec.fr\/wp-content\/uploads\/2024\/09\/Lavoir-de-Kergoc6-1024x578.jpg\" alt=\"\" class=\"wp-image-4546\" srcset=\"https:\/\/passeurspatrimoineplogonnec.fr\/wp-content\/uploads\/2024\/09\/Lavoir-de-Kergoc6-1024x578.jpg 1024w, https:\/\/passeurspatrimoineplogonnec.fr\/wp-content\/uploads\/2024\/09\/Lavoir-de-Kergoc6-300x169.jpg 300w, https:\/\/passeurspatrimoineplogonnec.fr\/wp-content\/uploads\/2024\/09\/Lavoir-de-Kergoc6-768x433.jpg 768w, https:\/\/passeurspatrimoineplogonnec.fr\/wp-content\/uploads\/2024\/09\/Lavoir-de-Kergoc6-1536x866.jpg 1536w, https:\/\/passeurspatrimoineplogonnec.fr\/wp-content\/uploads\/2024\/09\/Lavoir-de-Kergoc6-2048x1155.jpg 2048w\" sizes=\"auto, (max-width: 1024px) 100vw, 1024px\" \/><figcaption class=\"wp-element-caption\">oplus_0<\/figcaption><\/figure>\n\n\n\n<figure class=\"wp-block-image size-large\"><img loading=\"lazy\" decoding=\"async\" width=\"1024\" height=\"578\" data-id=\"4547\" src=\"https:\/\/passeurspatrimoineplogonnec.fr\/wp-content\/uploads\/2024\/09\/Lavoir-de-Kergoc7-1024x578.jpg\" alt=\"\" class=\"wp-image-4547\" srcset=\"https:\/\/passeurspatrimoineplogonnec.fr\/wp-content\/uploads\/2024\/09\/Lavoir-de-Kergoc7-1024x578.jpg 1024w, https:\/\/passeurspatrimoineplogonnec.fr\/wp-content\/uploads\/2024\/09\/Lavoir-de-Kergoc7-300x169.jpg 300w, https:\/\/passeurspatrimoineplogonnec.fr\/wp-content\/uploads\/2024\/09\/Lavoir-de-Kergoc7-768x433.jpg 768w, https:\/\/passeurspatrimoineplogonnec.fr\/wp-content\/uploads\/2024\/09\/Lavoir-de-Kergoc7-1536x866.jpg 1536w, https:\/\/passeurspatrimoineplogonnec.fr\/wp-content\/uploads\/2024\/09\/Lavoir-de-Kergoc7-2048x1155.jpg 2048w\" sizes=\"auto, (max-width: 1024px) 100vw, 1024px\" \/><figcaption class=\"wp-element-caption\">oplus_0<\/figcaption><\/figure>\n<\/figure>\n\n\n\n<p>F\u00e9licitations pour le travail de ce jour et \u00e0 toute l&rsquo;\u00e9quipe du chantier, et le tout dans la bonne humeur.&nbsp;<\/p>\n\n\n\n<p>Pour les randonneurs qui fr\u00e9quentent ce secteur, ce lieu sera un havre de fraicheur et de pause.&nbsp;<\/p>\n\n\n\n<p>Sur le plan historique, on a rien au sujet de ce lavoir qui semble avoir \u00e9t\u00e9 modernis\u00e9 au si\u00e8cle dernier.<\/p>\n\n\n\n<figure class=\"wp-block-gallery has-nested-images columns-default is-cropped wp-block-gallery-6 is-layout-flex wp-block-gallery-is-layout-flex\">\n<figure class=\"wp-block-image size-large\"><img loading=\"lazy\" decoding=\"async\" width=\"1024\" height=\"768\" data-id=\"4560\" src=\"https:\/\/passeurspatrimoineplogonnec.fr\/wp-content\/uploads\/2024\/09\/IMG_1998-1024x768.jpeg\" alt=\"\" class=\"wp-image-4560\" srcset=\"https:\/\/passeurspatrimoineplogonnec.fr\/wp-content\/uploads\/2024\/09\/IMG_1998-1024x768.jpeg 1024w, https:\/\/passeurspatrimoineplogonnec.fr\/wp-content\/uploads\/2024\/09\/IMG_1998-300x225.jpeg 300w, https:\/\/passeurspatrimoineplogonnec.fr\/wp-content\/uploads\/2024\/09\/IMG_1998-768x576.jpeg 768w, https:\/\/passeurspatrimoineplogonnec.fr\/wp-content\/uploads\/2024\/09\/IMG_1998-1536x1152.jpeg 1536w, https:\/\/passeurspatrimoineplogonnec.fr\/wp-content\/uploads\/2024\/09\/IMG_1998.jpeg 2048w\" sizes=\"auto, (max-width: 1024px) 100vw, 1024px\" \/><\/figure>\n\n\n\n<figure class=\"wp-block-image size-large\"><img loading=\"lazy\" decoding=\"async\" width=\"1024\" height=\"768\" data-id=\"4559\" src=\"https:\/\/passeurspatrimoineplogonnec.fr\/wp-content\/uploads\/2024\/09\/IMG_1999-1024x768.jpeg\" alt=\"\" class=\"wp-image-4559\" srcset=\"https:\/\/passeurspatrimoineplogonnec.fr\/wp-content\/uploads\/2024\/09\/IMG_1999-1024x768.jpeg 1024w, https:\/\/passeurspatrimoineplogonnec.fr\/wp-content\/uploads\/2024\/09\/IMG_1999-300x225.jpeg 300w, https:\/\/passeurspatrimoineplogonnec.fr\/wp-content\/uploads\/2024\/09\/IMG_1999-768x576.jpeg 768w, https:\/\/passeurspatrimoineplogonnec.fr\/wp-content\/uploads\/2024\/09\/IMG_1999-1536x1152.jpeg 1536w, https:\/\/passeurspatrimoineplogonnec.fr\/wp-content\/uploads\/2024\/09\/IMG_1999.jpeg 2048w\" sizes=\"auto, (max-width: 1024px) 100vw, 1024px\" \/><\/figure>\n\n\n\n<figure class=\"wp-block-image size-large\"><img loading=\"lazy\" decoding=\"async\" width=\"1024\" height=\"578\" data-id=\"4558\" src=\"https:\/\/passeurspatrimoineplogonnec.fr\/wp-content\/uploads\/2024\/09\/Chantier-Kergoc-le-3.6.24-2-1024x578.jpg\" alt=\"\" class=\"wp-image-4558\" srcset=\"https:\/\/passeurspatrimoineplogonnec.fr\/wp-content\/uploads\/2024\/09\/Chantier-Kergoc-le-3.6.24-2-1024x578.jpg 1024w, https:\/\/passeurspatrimoineplogonnec.fr\/wp-content\/uploads\/2024\/09\/Chantier-Kergoc-le-3.6.24-2-300x169.jpg 300w, https:\/\/passeurspatrimoineplogonnec.fr\/wp-content\/uploads\/2024\/09\/Chantier-Kergoc-le-3.6.24-2-768x433.jpg 768w, https:\/\/passeurspatrimoineplogonnec.fr\/wp-content\/uploads\/2024\/09\/Chantier-Kergoc-le-3.6.24-2-1536x866.jpg 1536w, https:\/\/passeurspatrimoineplogonnec.fr\/wp-content\/uploads\/2024\/09\/Chantier-Kergoc-le-3.6.24-2-2048x1155.jpg 2048w\" sizes=\"auto, (max-width: 1024px) 100vw, 1024px\" \/><figcaption class=\"wp-element-caption\">oplus_0<\/figcaption><\/figure>\n<\/figure>\n\n\n\n<p>Le lavoir aujourd&rsquo;hui.<\/p>\n","protected":false},"excerpt":{"rendered":"<p>La d\u00e9couverte du lavoir. Le 19 juin 2024 \u00e0 09h30 du matin, 5 passeurs ont rendez-vous avec l&rsquo;histoire sur le chantier du \u00ab\u00a0Lavoir de Kergoc\u00a0\u00bb, ainsi Raymond, Jean-louis, Daniel, Marcel et Jean-luc d\u00e9couvrent l&rsquo;ampleur de la t\u00e2che. L&rsquo;ancien lavoir est &hellip; <a href=\"https:\/\/passeurspatrimoineplogonnec.fr\/?page_id=4523\">Continuer la lecture <span class=\"meta-nav\">&rarr;<\/span><\/a><\/p>\n","protected":false},"author":1,"featured_media":0,"parent":0,"menu_order":0,"comment_status":"closed","ping_status":"closed","template":"","meta":{"footnotes":""},"class_list":["post-4523","page","type-page","status-publish","hentry"],"yoast_head":"<!-- This site is optimized with the Yoast SEO plugin v27.4 - https:\/\/yoast.com\/product\/yoast-seo-wordpress\/ -->\n<title>Le lavoir de Kergoc - Passeurs de Patrimoine de Plogonnec<\/title>\n<meta name=\"robots\" content=\"index, follow, max-snippet:-1, max-image-preview:large, max-video-preview:-1\" \/>\n<link rel=\"canonical\" href=\"https:\/\/passeurspatrimoineplogonnec.fr\/?page_id=4523\" \/>\n<meta property=\"og:locale\" content=\"fr_FR\" \/>\n<meta property=\"og:type\" content=\"article\" \/>\n<meta property=\"og:title\" content=\"Le lavoir de Kergoc - Passeurs de Patrimoine de Plogonnec\" \/>\n<meta property=\"og:description\" content=\"La d\u00e9couverte du lavoir. Le 19 juin 2024 \u00e0 09h30 du matin, 5 passeurs ont rendez-vous avec l&rsquo;histoire sur le chantier du \u00ab\u00a0Lavoir de Kergoc\u00a0\u00bb, ainsi Raymond, Jean-louis, Daniel, Marcel et Jean-luc d\u00e9couvrent l&rsquo;ampleur de la t\u00e2che. L&rsquo;ancien lavoir est &hellip; Continuer la lecture &rarr;\" \/>\n<meta property=\"og:url\" content=\"https:\/\/passeurspatrimoineplogonnec.fr\/?page_id=4523\" \/>\n<meta property=\"og:site_name\" content=\"Passeurs de Patrimoine de Plogonnec\" \/>\n<meta property=\"article:modified_time\" content=\"2024-09-22T10:09:52+00:00\" \/>\n<meta property=\"og:image\" content=\"https:\/\/passeurspatrimoineplogonnec.fr\/wp-content\/uploads\/2024\/09\/Lavoir-de-Kergoc1-768x1024.jpg\" \/>\n<meta name=\"twitter:card\" content=\"summary_large_image\" \/>\n<meta name=\"twitter:label1\" content=\"Dur\u00e9e de lecture estim\u00e9e\" \/>\n\t<meta name=\"twitter:data1\" content=\"4 minutes\" \/>\n<script type=\"application\/ld+json\" class=\"yoast-schema-graph\">{\"@context\":\"https:\\\/\\\/schema.org\",\"@graph\":[{\"@type\":\"WebPage\",\"@id\":\"https:\\\/\\\/passeurspatrimoineplogonnec.fr\\\/?page_id=4523\",\"url\":\"https:\\\/\\\/passeurspatrimoineplogonnec.fr\\\/?page_id=4523\",\"name\":\"Le lavoir de Kergoc - Passeurs de Patrimoine de Plogonnec\",\"isPartOf\":{\"@id\":\"https:\\\/\\\/passeurspatrimoineplogonnec.fr\\\/#website\"},\"primaryImageOfPage\":{\"@id\":\"https:\\\/\\\/passeurspatrimoineplogonnec.fr\\\/?page_id=4523#primaryimage\"},\"image\":{\"@id\":\"https:\\\/\\\/passeurspatrimoineplogonnec.fr\\\/?page_id=4523#primaryimage\"},\"thumbnailUrl\":\"https:\\\/\\\/passeurspatrimoineplogonnec.fr\\\/wp-content\\\/uploads\\\/2024\\\/09\\\/Lavoir-de-Kergoc1-768x1024.jpg\",\"datePublished\":\"2024-09-16T14:23:06+00:00\",\"dateModified\":\"2024-09-22T10:09:52+00:00\",\"breadcrumb\":{\"@id\":\"https:\\\/\\\/passeurspatrimoineplogonnec.fr\\\/?page_id=4523#breadcrumb\"},\"inLanguage\":\"fr-FR\",\"potentialAction\":[{\"@type\":\"ReadAction\",\"target\":[\"https:\\\/\\\/passeurspatrimoineplogonnec.fr\\\/?page_id=4523\"]}]},{\"@type\":\"ImageObject\",\"inLanguage\":\"fr-FR\",\"@id\":\"https:\\\/\\\/passeurspatrimoineplogonnec.fr\\\/?page_id=4523#primaryimage\",\"url\":\"https:\\\/\\\/passeurspatrimoineplogonnec.fr\\\/wp-content\\\/uploads\\\/2024\\\/09\\\/Lavoir-de-Kergoc1-scaled.jpg\",\"contentUrl\":\"https:\\\/\\\/passeurspatrimoineplogonnec.fr\\\/wp-content\\\/uploads\\\/2024\\\/09\\\/Lavoir-de-Kergoc1-scaled.jpg\",\"width\":1920,\"height\":2560},{\"@type\":\"BreadcrumbList\",\"@id\":\"https:\\\/\\\/passeurspatrimoineplogonnec.fr\\\/?page_id=4523#breadcrumb\",\"itemListElement\":[{\"@type\":\"ListItem\",\"position\":1,\"name\":\"Accueil\",\"item\":\"https:\\\/\\\/passeurspatrimoineplogonnec.fr\\\/\"},{\"@type\":\"ListItem\",\"position\":2,\"name\":\"Le lavoir de Kergoc\"}]},{\"@type\":\"WebSite\",\"@id\":\"https:\\\/\\\/passeurspatrimoineplogonnec.fr\\\/#website\",\"url\":\"https:\\\/\\\/passeurspatrimoineplogonnec.fr\\\/\",\"name\":\"Passeurs de Patrimoine de Plogonnec\",\"description\":\"\",\"potentialAction\":[{\"@type\":\"SearchAction\",\"target\":{\"@type\":\"EntryPoint\",\"urlTemplate\":\"https:\\\/\\\/passeurspatrimoineplogonnec.fr\\\/?s={search_term_string}\"},\"query-input\":{\"@type\":\"PropertyValueSpecification\",\"valueRequired\":true,\"valueName\":\"search_term_string\"}}],\"inLanguage\":\"fr-FR\"}]}<\/script>\n<!-- \/ Yoast SEO plugin. -->","yoast_head_json":{"title":"Le lavoir de Kergoc - Passeurs de Patrimoine de Plogonnec","robots":{"index":"index","follow":"follow","max-snippet":"max-snippet:-1","max-image-preview":"max-image-preview:large","max-video-preview":"max-video-preview:-1"},"canonical":"https:\/\/passeurspatrimoineplogonnec.fr\/?page_id=4523","og_locale":"fr_FR","og_type":"article","og_title":"Le lavoir de Kergoc - Passeurs de Patrimoine de Plogonnec","og_description":"La d\u00e9couverte du lavoir. Le 19 juin 2024 \u00e0 09h30 du matin, 5 passeurs ont rendez-vous avec l&rsquo;histoire sur le chantier du \u00ab\u00a0Lavoir de Kergoc\u00a0\u00bb, ainsi Raymond, Jean-louis, Daniel, Marcel et Jean-luc d\u00e9couvrent l&rsquo;ampleur de la t\u00e2che. L&rsquo;ancien lavoir est &hellip; Continuer la lecture &rarr;","og_url":"https:\/\/passeurspatrimoineplogonnec.fr\/?page_id=4523","og_site_name":"Passeurs de Patrimoine de Plogonnec","article_modified_time":"2024-09-22T10:09:52+00:00","og_image":[{"url":"https:\/\/passeurspatrimoineplogonnec.fr\/wp-content\/uploads\/2024\/09\/Lavoir-de-Kergoc1-768x1024.jpg","type":"","width":"","height":""}],"twitter_card":"summary_large_image","twitter_misc":{"Dur\u00e9e de lecture estim\u00e9e":"4 minutes"},"schema":{"@context":"https:\/\/schema.org","@graph":[{"@type":"WebPage","@id":"https:\/\/passeurspatrimoineplogonnec.fr\/?page_id=4523","url":"https:\/\/passeurspatrimoineplogonnec.fr\/?page_id=4523","name":"Le lavoir de Kergoc - Passeurs de Patrimoine de Plogonnec","isPartOf":{"@id":"https:\/\/passeurspatrimoineplogonnec.fr\/#website"},"primaryImageOfPage":{"@id":"https:\/\/passeurspatrimoineplogonnec.fr\/?page_id=4523#primaryimage"},"image":{"@id":"https:\/\/passeurspatrimoineplogonnec.fr\/?page_id=4523#primaryimage"},"thumbnailUrl":"https:\/\/passeurspatrimoineplogonnec.fr\/wp-content\/uploads\/2024\/09\/Lavoir-de-Kergoc1-768x1024.jpg","datePublished":"2024-09-16T14:23:06+00:00","dateModified":"2024-09-22T10:09:52+00:00","breadcrumb":{"@id":"https:\/\/passeurspatrimoineplogonnec.fr\/?page_id=4523#breadcrumb"},"inLanguage":"fr-FR","potentialAction":[{"@type":"ReadAction","target":["https:\/\/passeurspatrimoineplogonnec.fr\/?page_id=4523"]}]},{"@type":"ImageObject","inLanguage":"fr-FR","@id":"https:\/\/passeurspatrimoineplogonnec.fr\/?page_id=4523#primaryimage","url":"https:\/\/passeurspatrimoineplogonnec.fr\/wp-content\/uploads\/2024\/09\/Lavoir-de-Kergoc1-scaled.jpg","contentUrl":"https:\/\/passeurspatrimoineplogonnec.fr\/wp-content\/uploads\/2024\/09\/Lavoir-de-Kergoc1-scaled.jpg","width":1920,"height":2560},{"@type":"BreadcrumbList","@id":"https:\/\/passeurspatrimoineplogonnec.fr\/?page_id=4523#breadcrumb","itemListElement":[{"@type":"ListItem","position":1,"name":"Accueil","item":"https:\/\/passeurspatrimoineplogonnec.fr\/"},{"@type":"ListItem","position":2,"name":"Le lavoir de Kergoc"}]},{"@type":"WebSite","@id":"https:\/\/passeurspatrimoineplogonnec.fr\/#website","url":"https:\/\/passeurspatrimoineplogonnec.fr\/","name":"Passeurs de Patrimoine de Plogonnec","description":"","potentialAction":[{"@type":"SearchAction","target":{"@type":"EntryPoint","urlTemplate":"https:\/\/passeurspatrimoineplogonnec.fr\/?s={search_term_string}"},"query-input":{"@type":"PropertyValueSpecification","valueRequired":true,"valueName":"search_term_string"}}],"inLanguage":"fr-FR"}]}},"_links":{"self":[{"href":"https:\/\/passeurspatrimoineplogonnec.fr\/index.php?rest_route=\/wp\/v2\/pages\/4523","targetHints":{"allow":["GET"]}}],"collection":[{"href":"https:\/\/passeurspatrimoineplogonnec.fr\/index.php?rest_route=\/wp\/v2\/pages"}],"about":[{"href":"https:\/\/passeurspatrimoineplogonnec.fr\/index.php?rest_route=\/wp\/v2\/types\/page"}],"author":[{"embeddable":true,"href":"https:\/\/passeurspatrimoineplogonnec.fr\/index.php?rest_route=\/wp\/v2\/users\/1"}],"replies":[{"embeddable":true,"href":"https:\/\/passeurspatrimoineplogonnec.fr\/index.php?rest_route=%2Fwp%2Fv2%2Fcomments&post=4523"}],"version-history":[{"count":17,"href":"https:\/\/passeurspatrimoineplogonnec.fr\/index.php?rest_route=\/wp\/v2\/pages\/4523\/revisions"}],"predecessor-version":[{"id":4563,"href":"https:\/\/passeurspatrimoineplogonnec.fr\/index.php?rest_route=\/wp\/v2\/pages\/4523\/revisions\/4563"}],"wp:attachment":[{"href":"https:\/\/passeurspatrimoineplogonnec.fr\/index.php?rest_route=%2Fwp%2Fv2%2Fmedia&parent=4523"}],"curies":[{"name":"wp","href":"https:\/\/api.w.org\/{rel}","templated":true}]}}