{"id":4582,"date":"2024-11-30T17:05:13","date_gmt":"2024-11-30T16:05:13","guid":{"rendered":"https:\/\/passeurspatrimoineplogonnec.fr\/?page_id=4582"},"modified":"2025-05-21T18:09:16","modified_gmt":"2025-05-21T16:09:16","slug":"les-bijoux-portes-avec-les-costumes-bretons-de-plogonnec1830-1930","status":"publish","type":"page","link":"https:\/\/passeurspatrimoineplogonnec.fr\/?page_id=4582","title":{"rendered":"Les bijoux port\u00e9s avec les costumes bretons de Plogonnec  (1830 &#8211; 1930)."},"content":{"rendered":"\n<figure class=\"wp-block-image size-large\"><img loading=\"lazy\" decoding=\"async\" width=\"739\" height=\"1024\" src=\"http:\/\/passeurspatrimoineplogonnec.fr\/wp-content\/uploads\/2024\/09\/Exposition-comme-autrefois-739x1024.jpg\" alt=\"\" class=\"wp-image-4516\" srcset=\"https:\/\/passeurspatrimoineplogonnec.fr\/wp-content\/uploads\/2024\/09\/Exposition-comme-autrefois-739x1024.jpg 739w, https:\/\/passeurspatrimoineplogonnec.fr\/wp-content\/uploads\/2024\/09\/Exposition-comme-autrefois-216x300.jpg 216w, https:\/\/passeurspatrimoineplogonnec.fr\/wp-content\/uploads\/2024\/09\/Exposition-comme-autrefois-768x1064.jpg 768w, https:\/\/passeurspatrimoineplogonnec.fr\/wp-content\/uploads\/2024\/09\/Exposition-comme-autrefois-1108x1536.jpg 1108w, https:\/\/passeurspatrimoineplogonnec.fr\/wp-content\/uploads\/2024\/09\/Exposition-comme-autrefois-1478x2048.jpg 1478w, https:\/\/passeurspatrimoineplogonnec.fr\/wp-content\/uploads\/2024\/09\/Exposition-comme-autrefois-scaled.jpg 1847w\" sizes=\"auto, (max-width: 739px) 100vw, 739px\" \/><\/figure>\n\n\n\n<p><strong><a href=\"http:\/\/passeurspatrimoineplogonnec.fr\/wp-content\/uploads\/2024\/11\/Les-bijoux-portes-avec-les-costumes-bretons-de-Plogonnec.pdf\" target=\"_blank\" rel=\"noreferrer noopener\">Andr\u00e9 Bozec s&rsquo;est pench\u00e9 sur les bijoux qui ornaient les costumes bretons, cliquez ici pou<\/a><a href=\"http:\/\/passeurspatrimoineplogonnec.fr\/wp-content\/uploads\/2024\/11\/Les-bijoux-portes-avec-les-costumes-bretons-de-Plogonnec.pdf\">r visualiser l&rsquo;ensemble du diaporama.<\/a><\/strong><\/p>\n\n\n\n<p><\/p>\n","protected":false},"excerpt":{"rendered":"<p>Andr\u00e9 Bozec s&rsquo;est pench\u00e9 sur les bijoux qui ornaient les costumes bretons, cliquez ici pour visualiser l&rsquo;ensemble du diaporama.<\/p>\n","protected":false},"author":1,"featured_media":0,"parent":0,"menu_order":0,"comment_status":"closed","ping_status":"closed","template":"","meta":{"footnotes":""},"class_list":["post-4582","page","type-page","status-publish","hentry"],"yoast_head":"<!-- This site is optimized with the Yoast SEO plugin v27.4 - https:\/\/yoast.com\/product\/yoast-seo-wordpress\/ -->\n<title>Les bijoux port\u00e9s avec les costumes bretons de Plogonnec (1830 - 1930). - Passeurs de Patrimoine de Plogonnec<\/title>\n<meta name=\"robots\" content=\"index, follow, max-snippet:-1, max-image-preview:large, max-video-preview:-1\" \/>\n<link rel=\"canonical\" href=\"https:\/\/passeurspatrimoineplogonnec.fr\/?page_id=4582\" \/>\n<meta property=\"og:locale\" content=\"fr_FR\" \/>\n<meta property=\"og:type\" content=\"article\" \/>\n<meta property=\"og:title\" content=\"Les bijoux port\u00e9s avec les costumes bretons de Plogonnec (1830 - 1930). - Passeurs de Patrimoine de Plogonnec\" \/>\n<meta property=\"og:description\" content=\"Andr\u00e9 Bozec s&rsquo;est pench\u00e9 sur les bijoux qui ornaient les costumes bretons, cliquez ici pour visualiser l&rsquo;ensemble du diaporama.\" \/>\n<meta property=\"og:url\" content=\"https:\/\/passeurspatrimoineplogonnec.fr\/?page_id=4582\" \/>\n<meta property=\"og:site_name\" content=\"Passeurs de Patrimoine de Plogonnec\" \/>\n<meta property=\"article:modified_time\" content=\"2025-05-21T16:09:16+00:00\" \/>\n<meta property=\"og:image\" content=\"http:\/\/passeurspatrimoineplogonnec.fr\/wp-content\/uploads\/2024\/09\/Exposition-comme-autrefois-739x1024.jpg\" \/>\n<meta name=\"twitter:card\" content=\"summary_large_image\" \/>\n<meta name=\"twitter:label1\" content=\"Dur\u00e9e de lecture estim\u00e9e\" \/>\n\t<meta name=\"twitter:data1\" content=\"1 minute\" \/>\n<script type=\"application\/ld+json\" class=\"yoast-schema-graph\">{\"@context\":\"https:\\\/\\\/schema.org\",\"@graph\":[{\"@type\":\"WebPage\",\"@id\":\"https:\\\/\\\/passeurspatrimoineplogonnec.fr\\\/?page_id=4582\",\"url\":\"https:\\\/\\\/passeurspatrimoineplogonnec.fr\\\/?page_id=4582\",\"name\":\"Les bijoux port\u00e9s avec les costumes bretons de Plogonnec (1830 - 1930). - Passeurs de Patrimoine de Plogonnec\",\"isPartOf\":{\"@id\":\"https:\\\/\\\/passeurspatrimoineplogonnec.fr\\\/#website\"},\"primaryImageOfPage\":{\"@id\":\"https:\\\/\\\/passeurspatrimoineplogonnec.fr\\\/?page_id=4582#primaryimage\"},\"image\":{\"@id\":\"https:\\\/\\\/passeurspatrimoineplogonnec.fr\\\/?page_id=4582#primaryimage\"},\"thumbnailUrl\":\"http:\\\/\\\/passeurspatrimoineplogonnec.fr\\\/wp-content\\\/uploads\\\/2024\\\/09\\\/Exposition-comme-autrefois-739x1024.jpg\",\"datePublished\":\"2024-11-30T16:05:13+00:00\",\"dateModified\":\"2025-05-21T16:09:16+00:00\",\"breadcrumb\":{\"@id\":\"https:\\\/\\\/passeurspatrimoineplogonnec.fr\\\/?page_id=4582#breadcrumb\"},\"inLanguage\":\"fr-FR\",\"potentialAction\":[{\"@type\":\"ReadAction\",\"target\":[\"https:\\\/\\\/passeurspatrimoineplogonnec.fr\\\/?page_id=4582\"]}]},{\"@type\":\"ImageObject\",\"inLanguage\":\"fr-FR\",\"@id\":\"https:\\\/\\\/passeurspatrimoineplogonnec.fr\\\/?page_id=4582#primaryimage\",\"url\":\"https:\\\/\\\/passeurspatrimoineplogonnec.fr\\\/wp-content\\\/uploads\\\/2024\\\/09\\\/Exposition-comme-autrefois-scaled.jpg\",\"contentUrl\":\"https:\\\/\\\/passeurspatrimoineplogonnec.fr\\\/wp-content\\\/uploads\\\/2024\\\/09\\\/Exposition-comme-autrefois-scaled.jpg\",\"width\":1847,\"height\":2560},{\"@type\":\"BreadcrumbList\",\"@id\":\"https:\\\/\\\/passeurspatrimoineplogonnec.fr\\\/?page_id=4582#breadcrumb\",\"itemListElement\":[{\"@type\":\"ListItem\",\"position\":1,\"name\":\"Accueil\",\"item\":\"https:\\\/\\\/passeurspatrimoineplogonnec.fr\\\/\"},{\"@type\":\"ListItem\",\"position\":2,\"name\":\"Les bijoux port\u00e9s avec les costumes bretons de Plogonnec (1830 &#8211; 1930).\"}]},{\"@type\":\"WebSite\",\"@id\":\"https:\\\/\\\/passeurspatrimoineplogonnec.fr\\\/#website\",\"url\":\"https:\\\/\\\/passeurspatrimoineplogonnec.fr\\\/\",\"name\":\"Passeurs de Patrimoine de Plogonnec\",\"description\":\"\",\"potentialAction\":[{\"@type\":\"SearchAction\",\"target\":{\"@type\":\"EntryPoint\",\"urlTemplate\":\"https:\\\/\\\/passeurspatrimoineplogonnec.fr\\\/?s={search_term_string}\"},\"query-input\":{\"@type\":\"PropertyValueSpecification\",\"valueRequired\":true,\"valueName\":\"search_term_string\"}}],\"inLanguage\":\"fr-FR\"}]}<\/script>\n<!-- \/ Yoast SEO plugin. -->","yoast_head_json":{"title":"Les bijoux port\u00e9s avec les costumes bretons de Plogonnec (1830 - 1930). - Passeurs de Patrimoine de Plogonnec","robots":{"index":"index","follow":"follow","max-snippet":"max-snippet:-1","max-image-preview":"max-image-preview:large","max-video-preview":"max-video-preview:-1"},"canonical":"https:\/\/passeurspatrimoineplogonnec.fr\/?page_id=4582","og_locale":"fr_FR","og_type":"article","og_title":"Les bijoux port\u00e9s avec les costumes bretons de Plogonnec (1830 - 1930). - Passeurs de Patrimoine de Plogonnec","og_description":"Andr\u00e9 Bozec s&rsquo;est pench\u00e9 sur les bijoux qui ornaient les costumes bretons, cliquez ici pour visualiser l&rsquo;ensemble du diaporama.","og_url":"https:\/\/passeurspatrimoineplogonnec.fr\/?page_id=4582","og_site_name":"Passeurs de Patrimoine de Plogonnec","article_modified_time":"2025-05-21T16:09:16+00:00","og_image":[{"url":"http:\/\/passeurspatrimoineplogonnec.fr\/wp-content\/uploads\/2024\/09\/Exposition-comme-autrefois-739x1024.jpg","type":"","width":"","height":""}],"twitter_card":"summary_large_image","twitter_misc":{"Dur\u00e9e de lecture estim\u00e9e":"1 minute"},"schema":{"@context":"https:\/\/schema.org","@graph":[{"@type":"WebPage","@id":"https:\/\/passeurspatrimoineplogonnec.fr\/?page_id=4582","url":"https:\/\/passeurspatrimoineplogonnec.fr\/?page_id=4582","name":"Les bijoux port\u00e9s avec les costumes bretons de Plogonnec (1830 - 1930). - Passeurs de Patrimoine de Plogonnec","isPartOf":{"@id":"https:\/\/passeurspatrimoineplogonnec.fr\/#website"},"primaryImageOfPage":{"@id":"https:\/\/passeurspatrimoineplogonnec.fr\/?page_id=4582#primaryimage"},"image":{"@id":"https:\/\/passeurspatrimoineplogonnec.fr\/?page_id=4582#primaryimage"},"thumbnailUrl":"http:\/\/passeurspatrimoineplogonnec.fr\/wp-content\/uploads\/2024\/09\/Exposition-comme-autrefois-739x1024.jpg","datePublished":"2024-11-30T16:05:13+00:00","dateModified":"2025-05-21T16:09:16+00:00","breadcrumb":{"@id":"https:\/\/passeurspatrimoineplogonnec.fr\/?page_id=4582#breadcrumb"},"inLanguage":"fr-FR","potentialAction":[{"@type":"ReadAction","target":["https:\/\/passeurspatrimoineplogonnec.fr\/?page_id=4582"]}]},{"@type":"ImageObject","inLanguage":"fr-FR","@id":"https:\/\/passeurspatrimoineplogonnec.fr\/?page_id=4582#primaryimage","url":"https:\/\/passeurspatrimoineplogonnec.fr\/wp-content\/uploads\/2024\/09\/Exposition-comme-autrefois-scaled.jpg","contentUrl":"https:\/\/passeurspatrimoineplogonnec.fr\/wp-content\/uploads\/2024\/09\/Exposition-comme-autrefois-scaled.jpg","width":1847,"height":2560},{"@type":"BreadcrumbList","@id":"https:\/\/passeurspatrimoineplogonnec.fr\/?page_id=4582#breadcrumb","itemListElement":[{"@type":"ListItem","position":1,"name":"Accueil","item":"https:\/\/passeurspatrimoineplogonnec.fr\/"},{"@type":"ListItem","position":2,"name":"Les bijoux port\u00e9s avec les costumes bretons de Plogonnec (1830 &#8211; 1930)."}]},{"@type":"WebSite","@id":"https:\/\/passeurspatrimoineplogonnec.fr\/#website","url":"https:\/\/passeurspatrimoineplogonnec.fr\/","name":"Passeurs de Patrimoine de Plogonnec","description":"","potentialAction":[{"@type":"SearchAction","target":{"@type":"EntryPoint","urlTemplate":"https:\/\/passeurspatrimoineplogonnec.fr\/?s={search_term_string}"},"query-input":{"@type":"PropertyValueSpecification","valueRequired":true,"valueName":"search_term_string"}}],"inLanguage":"fr-FR"}]}},"_links":{"self":[{"href":"https:\/\/passeurspatrimoineplogonnec.fr\/index.php?rest_route=\/wp\/v2\/pages\/4582","targetHints":{"allow":["GET"]}}],"collection":[{"href":"https:\/\/passeurspatrimoineplogonnec.fr\/index.php?rest_route=\/wp\/v2\/pages"}],"about":[{"href":"https:\/\/passeurspatrimoineplogonnec.fr\/index.php?rest_route=\/wp\/v2\/types\/page"}],"author":[{"embeddable":true,"href":"https:\/\/passeurspatrimoineplogonnec.fr\/index.php?rest_route=\/wp\/v2\/users\/1"}],"replies":[{"embeddable":true,"href":"https:\/\/passeurspatrimoineplogonnec.fr\/index.php?rest_route=%2Fwp%2Fv2%2Fcomments&post=4582"}],"version-history":[{"count":5,"href":"https:\/\/passeurspatrimoineplogonnec.fr\/index.php?rest_route=\/wp\/v2\/pages\/4582\/revisions"}],"predecessor-version":[{"id":4589,"href":"https:\/\/passeurspatrimoineplogonnec.fr\/index.php?rest_route=\/wp\/v2\/pages\/4582\/revisions\/4589"}],"wp:attachment":[{"href":"https:\/\/passeurspatrimoineplogonnec.fr\/index.php?rest_route=%2Fwp%2Fv2%2Fmedia&parent=4582"}],"curies":[{"name":"wp","href":"https:\/\/api.w.org\/{rel}","templated":true}]}}