{"id":467,"date":"2021-12-03T15:14:28","date_gmt":"2021-12-03T14:14:28","guid":{"rendered":"http:\/\/passeurspatrimoineplogonnec.fr\/?page_id=467"},"modified":"2023-11-12T12:36:18","modified_gmt":"2023-11-12T11:36:18","slug":"les-vicaires-de-plogonnec","status":"publish","type":"page","link":"https:\/\/passeurspatrimoineplogonnec.fr\/?page_id=467","title":{"rendered":"Les vicaires de Plogonnec"},"content":{"rendered":"\n<p><\/p>\n\n\n\n<p><\/p>\n\n\n\n<figure class=\"wp-block-table\"><table><tbody><tr><td>1<\/td><td>Jean-Marie \u00c9lien<\/td><td>1802 \u2013 1810&nbsp;<\/td><\/tr><tr><td>2<\/td><td>Nicolas Louboutin<\/td><td>1804 \u2013 1805<\/td><\/tr><tr><td>3<\/td><td>Jean-Marie Le Bail<\/td><td>1810 \u2013 1815<\/td><\/tr><tr><td>4<\/td><td>Jean Morvan<\/td><td>1816 \u2013 1819<\/td><\/tr><tr><td>5<\/td><td>Guillaume Le Guen<\/td><td>1819 \u2013 1824<\/td><\/tr><tr><td>6<\/td><td>Joseph Gu\u00e9vel<\/td><td>1823 \u2013 1823<\/td><\/tr><tr><td>7<\/td><td>Louis Tand\u00e9<\/td><td>1824 \u2013 1842<\/td><\/tr><tr><td>8<\/td><td>Herv\u00e9 Goasguen<\/td><td>1831 \u2013 1834<\/td><\/tr><tr><td>9<\/td><td>Louis Le Nahennec<\/td><td>1834 \u2013 1838<\/td><\/tr><tr><td>10<\/td><td>Pierre Le Tanter<\/td><td>1838 \u2013 1839<\/td><\/tr><tr><td>11<\/td><td>Monsieur Le Barn<\/td><td>1840 \u2013 1854<\/td><\/tr><tr><td>12<\/td><td>Alain Berthou<\/td><td>1843 \u2013 1844<\/td><\/tr><tr><td>13<\/td><td>Jean L\u00e9ost<\/td><td>1844 \u2013 1847<\/td><\/tr><tr><td>14<\/td><td>Henry Paillart<\/td><td>1847 \u2013 1854<\/td><\/tr><tr><td>15<\/td><td>Fran\u00e7ois P\u00e9rennou<\/td><td>1854 \u2013 1859<\/td><\/tr><tr><td>16<\/td><td>Fran\u00e7ois Guillerm<\/td><td>1854 \u2013 1858<\/td><\/tr><tr><td>17<\/td><td>Emile Floc\u2019h<\/td><td>1859 \u2013 1863<\/td><\/tr><tr><td>18<\/td><td>Herv\u00e9 Kervennic<\/td><td>1861 \u2013 1862<\/td><\/tr><tr><td>19<\/td><td>Jean Le Normand<\/td><td>1862 \u2013 1875<\/td><\/tr><tr><td>20<\/td><td>Jacques Coroller<\/td><td>1863 \u2013 1868<\/td><\/tr><tr><td>21<\/td><td>Bernard Herjean<\/td><td>1868 \u2013 1871<\/td><\/tr><tr><td>22<\/td><td>Yves Velly<\/td><td>1871 \u2013 1874<\/td><\/tr><tr><td>23<\/td><td>Ren\u00e9 Le Gall<\/td><td>1874 \u2013 1891<\/td><\/tr><tr><td>24<\/td><td>Clet Berriet<\/td><td>1875 \u2013 1892<\/td><\/tr><tr><td>25<\/td><td>Pierre Lesvenan<\/td><td>1891 \u2013 1906<\/td><\/tr><tr><td>26<\/td><td>Alain Le Pape<\/td><td>1892 \u2013 1895<\/td><\/tr><tr><td>27<\/td><td>Jean Sergent<\/td><td>1895 \u2013 1911<\/td><\/tr><tr><td>28<\/td><td>Jean Menguy, tu\u00e9 \u00e0 Salonique le 07 novembre 1918<\/td><td>1909 \u2013 1918<\/td><\/tr><tr><td>29<\/td><td>Jean-Marie Le Stum<\/td><td>1911 \u2013 1931<\/td><\/tr><tr><td>30<\/td><td>Goulven S\u00e9\u00eft\u00e9<\/td><td>1919 \u2013 1934<\/td><\/tr><tr><td>31<\/td><td>Joseph Corvez<\/td><td>1931 \u2013 1936<\/td><\/tr><tr><td>32<\/td><td>Louis Loaec<\/td><td>1935 \u2013 1942<\/td><\/tr><tr><td>33<\/td><td>Fran\u00e7ois-Marie Guivarc\u2019h<\/td><td>1936 \u2013 1941<\/td><\/tr><tr><td>34<\/td><td>Arthur Mouster<\/td><td>1942 \u2013 1945<\/td><\/tr><tr><td>35<\/td><td>Aim\u00e9 Mengan<\/td><td>1945 \u2013 1946<\/td><\/tr><tr><td>36<\/td><td>Edouard Clo\u00eetre<\/td><td>1946 \u2013 1948<\/td><\/tr><tr><td>37<\/td><td>Fran\u00e7ois Moysan.<\/td><td>1947 \u2013 1953<\/td><\/tr><tr><td>38<\/td><td>Yves Dagorn<\/td><td>1949 \u2013 1957<\/td><\/tr><tr><td>39<\/td><td>Vacance<\/td><td>1957 \u2013 1958<\/td><\/tr><tr><td>40<\/td><td>Louis Concq<\/td><td>1958 \u2013 1966<\/td><\/tr><tr><td>41<\/td><td>Vacance<\/td><td>1966 \u2013 1967<\/td><\/tr><tr><td>42<\/td><td>Jean Gu\u00e9guen<\/td><td>1967 \u2013 1969<\/td><\/tr><tr><td>43<\/td><td>Xavier Daniel<\/td><td>1969 \u2013 1969<\/td><\/tr><tr><td>44<\/td><td>Andr\u00e9 Jacq de Plougastel Daoulas<\/td><td>1969 \u2013 1973<\/td><\/tr><tr><td>45<\/td><td>Vacance<\/td><td>1973 \u2013 1990<\/td><\/tr><tr><td>46<\/td><td>Fran\u00e7ois Calvez<\/td><td>1990 \u2013 1996<\/td><\/tr><\/tbody><\/table><\/figure>\n\n\n\n<figure class=\"wp-block-table\"><table><tbody><tr><td>Les r\u00e9alit\u00e9s du temps font que cette fonction s\u2019\u00e9teint par replis vers celles de recteur,qui elles m\u00eames s\u2019\u00e9teignent dans celle du pr\u00eatre charg\u00e9 du secteur inter-paroissial.&nbsp;Source : communication du Chanoine Jean-Louis Le Floc\u2019h, actualis\u00e9e par <strong>Andr\u00e9 Bozec.<\/strong><\/td><\/tr><\/tbody><\/table><\/figure>\n\n\n\n<p><\/p>\n","protected":false},"excerpt":{"rendered":"<p>1 Jean-Marie \u00c9lien 1802 \u2013 1810&nbsp; 2 Nicolas Louboutin 1804 \u2013 1805 3 Jean-Marie Le Bail 1810 \u2013 1815 4 Jean Morvan 1816 \u2013 1819 5 Guillaume Le Guen 1819 \u2013 1824 6 Joseph Gu\u00e9vel 1823 \u2013 1823 7 Louis &hellip; <a href=\"https:\/\/passeurspatrimoineplogonnec.fr\/?page_id=467\">Continuer la lecture <span class=\"meta-nav\">&rarr;<\/span><\/a><\/p>\n","protected":false},"author":1,"featured_media":0,"parent":0,"menu_order":0,"comment_status":"closed","ping_status":"closed","template":"","meta":{"footnotes":""},"class_list":["post-467","page","type-page","status-publish","hentry"],"yoast_head":"<!-- This site is optimized with the Yoast SEO plugin v27.4 - https:\/\/yoast.com\/product\/yoast-seo-wordpress\/ -->\n<title>Les vicaires de Plogonnec - Passeurs de Patrimoine de Plogonnec<\/title>\n<meta name=\"robots\" content=\"index, follow, max-snippet:-1, max-image-preview:large, max-video-preview:-1\" \/>\n<link rel=\"canonical\" href=\"https:\/\/passeurspatrimoineplogonnec.fr\/?page_id=467\" \/>\n<meta property=\"og:locale\" content=\"fr_FR\" \/>\n<meta property=\"og:type\" content=\"article\" \/>\n<meta property=\"og:title\" content=\"Les vicaires de Plogonnec - Passeurs de Patrimoine de Plogonnec\" \/>\n<meta property=\"og:description\" content=\"1 Jean-Marie \u00c9lien 1802 \u2013 1810&nbsp; 2 Nicolas Louboutin 1804 \u2013 1805 3 Jean-Marie Le Bail 1810 \u2013 1815 4 Jean Morvan 1816 \u2013 1819 5 Guillaume Le Guen 1819 \u2013 1824 6 Joseph Gu\u00e9vel 1823 \u2013 1823 7 Louis &hellip; Continuer la lecture &rarr;\" \/>\n<meta property=\"og:url\" content=\"https:\/\/passeurspatrimoineplogonnec.fr\/?page_id=467\" \/>\n<meta property=\"og:site_name\" content=\"Passeurs de Patrimoine de Plogonnec\" \/>\n<meta property=\"article:modified_time\" content=\"2023-11-12T11:36:18+00:00\" \/>\n<meta name=\"twitter:card\" content=\"summary_large_image\" \/>\n<meta name=\"twitter:label1\" content=\"Dur\u00e9e de lecture estim\u00e9e\" \/>\n\t<meta name=\"twitter:data1\" content=\"2 minutes\" \/>\n<script type=\"application\/ld+json\" class=\"yoast-schema-graph\">{\"@context\":\"https:\\\/\\\/schema.org\",\"@graph\":[{\"@type\":\"WebPage\",\"@id\":\"https:\\\/\\\/passeurspatrimoineplogonnec.fr\\\/?page_id=467\",\"url\":\"https:\\\/\\\/passeurspatrimoineplogonnec.fr\\\/?page_id=467\",\"name\":\"Les vicaires de Plogonnec - Passeurs de Patrimoine de Plogonnec\",\"isPartOf\":{\"@id\":\"https:\\\/\\\/passeurspatrimoineplogonnec.fr\\\/#website\"},\"datePublished\":\"2021-12-03T14:14:28+00:00\",\"dateModified\":\"2023-11-12T11:36:18+00:00\",\"breadcrumb\":{\"@id\":\"https:\\\/\\\/passeurspatrimoineplogonnec.fr\\\/?page_id=467#breadcrumb\"},\"inLanguage\":\"fr-FR\",\"potentialAction\":[{\"@type\":\"ReadAction\",\"target\":[\"https:\\\/\\\/passeurspatrimoineplogonnec.fr\\\/?page_id=467\"]}]},{\"@type\":\"BreadcrumbList\",\"@id\":\"https:\\\/\\\/passeurspatrimoineplogonnec.fr\\\/?page_id=467#breadcrumb\",\"itemListElement\":[{\"@type\":\"ListItem\",\"position\":1,\"name\":\"Accueil\",\"item\":\"https:\\\/\\\/passeurspatrimoineplogonnec.fr\\\/\"},{\"@type\":\"ListItem\",\"position\":2,\"name\":\"Les vicaires de Plogonnec\"}]},{\"@type\":\"WebSite\",\"@id\":\"https:\\\/\\\/passeurspatrimoineplogonnec.fr\\\/#website\",\"url\":\"https:\\\/\\\/passeurspatrimoineplogonnec.fr\\\/\",\"name\":\"Passeurs de Patrimoine de Plogonnec\",\"description\":\"\",\"potentialAction\":[{\"@type\":\"SearchAction\",\"target\":{\"@type\":\"EntryPoint\",\"urlTemplate\":\"https:\\\/\\\/passeurspatrimoineplogonnec.fr\\\/?s={search_term_string}\"},\"query-input\":{\"@type\":\"PropertyValueSpecification\",\"valueRequired\":true,\"valueName\":\"search_term_string\"}}],\"inLanguage\":\"fr-FR\"}]}<\/script>\n<!-- \/ Yoast SEO plugin. -->","yoast_head_json":{"title":"Les vicaires de Plogonnec - Passeurs de Patrimoine de Plogonnec","robots":{"index":"index","follow":"follow","max-snippet":"max-snippet:-1","max-image-preview":"max-image-preview:large","max-video-preview":"max-video-preview:-1"},"canonical":"https:\/\/passeurspatrimoineplogonnec.fr\/?page_id=467","og_locale":"fr_FR","og_type":"article","og_title":"Les vicaires de Plogonnec - Passeurs de Patrimoine de Plogonnec","og_description":"1 Jean-Marie \u00c9lien 1802 \u2013 1810&nbsp; 2 Nicolas Louboutin 1804 \u2013 1805 3 Jean-Marie Le Bail 1810 \u2013 1815 4 Jean Morvan 1816 \u2013 1819 5 Guillaume Le Guen 1819 \u2013 1824 6 Joseph Gu\u00e9vel 1823 \u2013 1823 7 Louis &hellip; Continuer la lecture &rarr;","og_url":"https:\/\/passeurspatrimoineplogonnec.fr\/?page_id=467","og_site_name":"Passeurs de Patrimoine de Plogonnec","article_modified_time":"2023-11-12T11:36:18+00:00","twitter_card":"summary_large_image","twitter_misc":{"Dur\u00e9e de lecture estim\u00e9e":"2 minutes"},"schema":{"@context":"https:\/\/schema.org","@graph":[{"@type":"WebPage","@id":"https:\/\/passeurspatrimoineplogonnec.fr\/?page_id=467","url":"https:\/\/passeurspatrimoineplogonnec.fr\/?page_id=467","name":"Les vicaires de Plogonnec - Passeurs de Patrimoine de Plogonnec","isPartOf":{"@id":"https:\/\/passeurspatrimoineplogonnec.fr\/#website"},"datePublished":"2021-12-03T14:14:28+00:00","dateModified":"2023-11-12T11:36:18+00:00","breadcrumb":{"@id":"https:\/\/passeurspatrimoineplogonnec.fr\/?page_id=467#breadcrumb"},"inLanguage":"fr-FR","potentialAction":[{"@type":"ReadAction","target":["https:\/\/passeurspatrimoineplogonnec.fr\/?page_id=467"]}]},{"@type":"BreadcrumbList","@id":"https:\/\/passeurspatrimoineplogonnec.fr\/?page_id=467#breadcrumb","itemListElement":[{"@type":"ListItem","position":1,"name":"Accueil","item":"https:\/\/passeurspatrimoineplogonnec.fr\/"},{"@type":"ListItem","position":2,"name":"Les vicaires de Plogonnec"}]},{"@type":"WebSite","@id":"https:\/\/passeurspatrimoineplogonnec.fr\/#website","url":"https:\/\/passeurspatrimoineplogonnec.fr\/","name":"Passeurs de Patrimoine de Plogonnec","description":"","potentialAction":[{"@type":"SearchAction","target":{"@type":"EntryPoint","urlTemplate":"https:\/\/passeurspatrimoineplogonnec.fr\/?s={search_term_string}"},"query-input":{"@type":"PropertyValueSpecification","valueRequired":true,"valueName":"search_term_string"}}],"inLanguage":"fr-FR"}]}},"_links":{"self":[{"href":"https:\/\/passeurspatrimoineplogonnec.fr\/index.php?rest_route=\/wp\/v2\/pages\/467","targetHints":{"allow":["GET"]}}],"collection":[{"href":"https:\/\/passeurspatrimoineplogonnec.fr\/index.php?rest_route=\/wp\/v2\/pages"}],"about":[{"href":"https:\/\/passeurspatrimoineplogonnec.fr\/index.php?rest_route=\/wp\/v2\/types\/page"}],"author":[{"embeddable":true,"href":"https:\/\/passeurspatrimoineplogonnec.fr\/index.php?rest_route=\/wp\/v2\/users\/1"}],"replies":[{"embeddable":true,"href":"https:\/\/passeurspatrimoineplogonnec.fr\/index.php?rest_route=%2Fwp%2Fv2%2Fcomments&post=467"}],"version-history":[{"count":19,"href":"https:\/\/passeurspatrimoineplogonnec.fr\/index.php?rest_route=\/wp\/v2\/pages\/467\/revisions"}],"predecessor-version":[{"id":774,"href":"https:\/\/passeurspatrimoineplogonnec.fr\/index.php?rest_route=\/wp\/v2\/pages\/467\/revisions\/774"}],"wp:attachment":[{"href":"https:\/\/passeurspatrimoineplogonnec.fr\/index.php?rest_route=%2Fwp%2Fv2%2Fmedia&parent=467"}],"curies":[{"name":"wp","href":"https:\/\/api.w.org\/{rel}","templated":true}]}}