{"id":4785,"date":"2025-10-07T22:12:21","date_gmt":"2025-10-07T20:12:21","guid":{"rendered":"https:\/\/passeurspatrimoineplogonnec.fr\/?page_id=4785"},"modified":"2025-10-07T22:16:52","modified_gmt":"2025-10-07T20:16:52","slug":"cambriolage-a-la-mairie-de-plogonnec-en-1944","status":"publish","type":"page","link":"https:\/\/passeurspatrimoineplogonnec.fr\/?page_id=4785","title":{"rendered":"Cambriolage \u00e0 la mairie de Plogonnec en 1944."},"content":{"rendered":"\n<p>J&rsquo;ai retrouv\u00e9 dans les archives familiales cet article de presse et une photographie, qui datent de 1944&#8230;<\/p>\n\n\n\n<p>Comme vous le savez, C\u00e9cile Bozec \u00e9tait secr\u00e9taire de mairie et ma belle-m\u00e8re, Denise Tanguy (nom de jeune fille), avait \u00e9t\u00e9 embauch\u00e9e pour seconder C\u00e9cile, elle \u00e9tait particuli\u00e8rement charg\u00e9e de la distribution des tickets de rationnement.&nbsp;<\/p>\n\n\n\n<p>En lisant l&rsquo;article du T\u00e9l\u00e9gramme paru au lendemain des faits, vous serez inform\u00e9s de ce&nbsp;cambriolage&#8230; Un vrai SCOOP !!!<\/p>\n\n\n\n<p>Ma belle-m\u00e8re m&rsquo;a confi\u00e9 qu&rsquo;\u00e0 l&rsquo;\u00e9poque toute la commune savait qui avait&nbsp;commis cet acte malveillant, mais par peur de repr\u00e9sailles, personne n&rsquo;avait d\u00e9nonc\u00e9 les coupables.&nbsp;<\/p>\n\n\n\n<p>Mais, elle m&rsquo;a pr\u00e9cis\u00e9 que quelques jours apr\u00e8s, un des suspects \u00e9tait parti en train vers Paris, pour y vendre au march\u00e9 noir les tickets de rationnement d\u00e9rob\u00e9s.<\/p>\n\n\n\n<p>Elle m&rsquo;a confi\u00e9 les&nbsp;noms des suspects &#8230; !!!<\/p>\n\n\n\n<p class=\"has-text-align-right\">Hubert<\/p>\n\n\n\n<figure class=\"wp-block-image size-large\"><img loading=\"lazy\" decoding=\"async\" width=\"724\" height=\"1024\" src=\"https:\/\/passeurspatrimoineplogonnec.fr\/wp-content\/uploads\/2025\/10\/Cambriolage-a-la-mairie-de-Plogonnec-724x1024.jpg\" alt=\"\" class=\"wp-image-4786\" srcset=\"https:\/\/passeurspatrimoineplogonnec.fr\/wp-content\/uploads\/2025\/10\/Cambriolage-a-la-mairie-de-Plogonnec-724x1024.jpg 724w, https:\/\/passeurspatrimoineplogonnec.fr\/wp-content\/uploads\/2025\/10\/Cambriolage-a-la-mairie-de-Plogonnec-212x300.jpg 212w, https:\/\/passeurspatrimoineplogonnec.fr\/wp-content\/uploads\/2025\/10\/Cambriolage-a-la-mairie-de-Plogonnec-768x1086.jpg 768w, https:\/\/passeurspatrimoineplogonnec.fr\/wp-content\/uploads\/2025\/10\/Cambriolage-a-la-mairie-de-Plogonnec-1086x1536.jpg 1086w, https:\/\/passeurspatrimoineplogonnec.fr\/wp-content\/uploads\/2025\/10\/Cambriolage-a-la-mairie-de-Plogonnec.jpg 1240w\" sizes=\"auto, (max-width: 724px) 100vw, 724px\" \/><\/figure>\n\n\n\n<p><\/p>\n","protected":false},"excerpt":{"rendered":"<p>J&rsquo;ai retrouv\u00e9 dans les archives familiales cet article de presse et une photographie, qui datent de 1944&#8230; Comme vous le savez, C\u00e9cile Bozec \u00e9tait secr\u00e9taire de mairie et ma belle-m\u00e8re, Denise Tanguy (nom de jeune fille), avait \u00e9t\u00e9 embauch\u00e9e pour &hellip; <a href=\"https:\/\/passeurspatrimoineplogonnec.fr\/?page_id=4785\">Continuer la lecture <span class=\"meta-nav\">&rarr;<\/span><\/a><\/p>\n","protected":false},"author":1,"featured_media":0,"parent":0,"menu_order":0,"comment_status":"closed","ping_status":"closed","template":"","meta":{"footnotes":""},"class_list":["post-4785","page","type-page","status-publish","hentry"],"yoast_head":"<!-- This site is optimized with the Yoast SEO plugin v27.4 - https:\/\/yoast.com\/product\/yoast-seo-wordpress\/ -->\n<title>Cambriolage \u00e0 la mairie de Plogonnec en 1944. - Passeurs de Patrimoine de Plogonnec<\/title>\n<meta name=\"robots\" content=\"index, follow, max-snippet:-1, max-image-preview:large, max-video-preview:-1\" \/>\n<link rel=\"canonical\" href=\"https:\/\/passeurspatrimoineplogonnec.fr\/?page_id=4785\" \/>\n<meta property=\"og:locale\" content=\"fr_FR\" \/>\n<meta property=\"og:type\" content=\"article\" \/>\n<meta property=\"og:title\" content=\"Cambriolage \u00e0 la mairie de Plogonnec en 1944. - Passeurs de Patrimoine de Plogonnec\" \/>\n<meta property=\"og:description\" content=\"J&rsquo;ai retrouv\u00e9 dans les archives familiales cet article de presse et une photographie, qui datent de 1944&#8230; Comme vous le savez, C\u00e9cile Bozec \u00e9tait secr\u00e9taire de mairie et ma belle-m\u00e8re, Denise Tanguy (nom de jeune fille), avait \u00e9t\u00e9 embauch\u00e9e pour &hellip; Continuer la lecture &rarr;\" \/>\n<meta property=\"og:url\" content=\"https:\/\/passeurspatrimoineplogonnec.fr\/?page_id=4785\" \/>\n<meta property=\"og:site_name\" content=\"Passeurs de Patrimoine de Plogonnec\" \/>\n<meta property=\"article:modified_time\" content=\"2025-10-07T20:16:52+00:00\" \/>\n<meta property=\"og:image\" content=\"https:\/\/passeurspatrimoineplogonnec.fr\/wp-content\/uploads\/2025\/10\/Cambriolage-a-la-mairie-de-Plogonnec.jpg\" \/>\n\t<meta property=\"og:image:width\" content=\"1240\" \/>\n\t<meta property=\"og:image:height\" content=\"1754\" \/>\n\t<meta property=\"og:image:type\" content=\"image\/jpeg\" \/>\n<meta name=\"twitter:card\" content=\"summary_large_image\" \/>\n<meta name=\"twitter:label1\" content=\"Dur\u00e9e de lecture estim\u00e9e\" \/>\n\t<meta name=\"twitter:data1\" content=\"1 minute\" \/>\n<script type=\"application\/ld+json\" class=\"yoast-schema-graph\">{\"@context\":\"https:\\\/\\\/schema.org\",\"@graph\":[{\"@type\":\"WebPage\",\"@id\":\"https:\\\/\\\/passeurspatrimoineplogonnec.fr\\\/?page_id=4785\",\"url\":\"https:\\\/\\\/passeurspatrimoineplogonnec.fr\\\/?page_id=4785\",\"name\":\"Cambriolage \u00e0 la mairie de Plogonnec en 1944. - Passeurs de Patrimoine de Plogonnec\",\"isPartOf\":{\"@id\":\"https:\\\/\\\/passeurspatrimoineplogonnec.fr\\\/#website\"},\"primaryImageOfPage\":{\"@id\":\"https:\\\/\\\/passeurspatrimoineplogonnec.fr\\\/?page_id=4785#primaryimage\"},\"image\":{\"@id\":\"https:\\\/\\\/passeurspatrimoineplogonnec.fr\\\/?page_id=4785#primaryimage\"},\"thumbnailUrl\":\"https:\\\/\\\/passeurspatrimoineplogonnec.fr\\\/wp-content\\\/uploads\\\/2025\\\/10\\\/Cambriolage-a-la-mairie-de-Plogonnec-724x1024.jpg\",\"datePublished\":\"2025-10-07T20:12:21+00:00\",\"dateModified\":\"2025-10-07T20:16:52+00:00\",\"breadcrumb\":{\"@id\":\"https:\\\/\\\/passeurspatrimoineplogonnec.fr\\\/?page_id=4785#breadcrumb\"},\"inLanguage\":\"fr-FR\",\"potentialAction\":[{\"@type\":\"ReadAction\",\"target\":[\"https:\\\/\\\/passeurspatrimoineplogonnec.fr\\\/?page_id=4785\"]}]},{\"@type\":\"ImageObject\",\"inLanguage\":\"fr-FR\",\"@id\":\"https:\\\/\\\/passeurspatrimoineplogonnec.fr\\\/?page_id=4785#primaryimage\",\"url\":\"https:\\\/\\\/passeurspatrimoineplogonnec.fr\\\/wp-content\\\/uploads\\\/2025\\\/10\\\/Cambriolage-a-la-mairie-de-Plogonnec.jpg\",\"contentUrl\":\"https:\\\/\\\/passeurspatrimoineplogonnec.fr\\\/wp-content\\\/uploads\\\/2025\\\/10\\\/Cambriolage-a-la-mairie-de-Plogonnec.jpg\",\"width\":1240,\"height\":1754},{\"@type\":\"BreadcrumbList\",\"@id\":\"https:\\\/\\\/passeurspatrimoineplogonnec.fr\\\/?page_id=4785#breadcrumb\",\"itemListElement\":[{\"@type\":\"ListItem\",\"position\":1,\"name\":\"Accueil\",\"item\":\"https:\\\/\\\/passeurspatrimoineplogonnec.fr\\\/\"},{\"@type\":\"ListItem\",\"position\":2,\"name\":\"Cambriolage \u00e0 la mairie de Plogonnec en 1944.\"}]},{\"@type\":\"WebSite\",\"@id\":\"https:\\\/\\\/passeurspatrimoineplogonnec.fr\\\/#website\",\"url\":\"https:\\\/\\\/passeurspatrimoineplogonnec.fr\\\/\",\"name\":\"Passeurs de Patrimoine de Plogonnec\",\"description\":\"\",\"potentialAction\":[{\"@type\":\"SearchAction\",\"target\":{\"@type\":\"EntryPoint\",\"urlTemplate\":\"https:\\\/\\\/passeurspatrimoineplogonnec.fr\\\/?s={search_term_string}\"},\"query-input\":{\"@type\":\"PropertyValueSpecification\",\"valueRequired\":true,\"valueName\":\"search_term_string\"}}],\"inLanguage\":\"fr-FR\"}]}<\/script>\n<!-- \/ Yoast SEO plugin. -->","yoast_head_json":{"title":"Cambriolage \u00e0 la mairie de Plogonnec en 1944. - Passeurs de Patrimoine de Plogonnec","robots":{"index":"index","follow":"follow","max-snippet":"max-snippet:-1","max-image-preview":"max-image-preview:large","max-video-preview":"max-video-preview:-1"},"canonical":"https:\/\/passeurspatrimoineplogonnec.fr\/?page_id=4785","og_locale":"fr_FR","og_type":"article","og_title":"Cambriolage \u00e0 la mairie de Plogonnec en 1944. - Passeurs de Patrimoine de Plogonnec","og_description":"J&rsquo;ai retrouv\u00e9 dans les archives familiales cet article de presse et une photographie, qui datent de 1944&#8230; Comme vous le savez, C\u00e9cile Bozec \u00e9tait secr\u00e9taire de mairie et ma belle-m\u00e8re, Denise Tanguy (nom de jeune fille), avait \u00e9t\u00e9 embauch\u00e9e pour &hellip; Continuer la lecture &rarr;","og_url":"https:\/\/passeurspatrimoineplogonnec.fr\/?page_id=4785","og_site_name":"Passeurs de Patrimoine de Plogonnec","article_modified_time":"2025-10-07T20:16:52+00:00","og_image":[{"width":1240,"height":1754,"url":"https:\/\/passeurspatrimoineplogonnec.fr\/wp-content\/uploads\/2025\/10\/Cambriolage-a-la-mairie-de-Plogonnec.jpg","type":"image\/jpeg"}],"twitter_card":"summary_large_image","twitter_misc":{"Dur\u00e9e de lecture estim\u00e9e":"1 minute"},"schema":{"@context":"https:\/\/schema.org","@graph":[{"@type":"WebPage","@id":"https:\/\/passeurspatrimoineplogonnec.fr\/?page_id=4785","url":"https:\/\/passeurspatrimoineplogonnec.fr\/?page_id=4785","name":"Cambriolage \u00e0 la mairie de Plogonnec en 1944. - Passeurs de Patrimoine de Plogonnec","isPartOf":{"@id":"https:\/\/passeurspatrimoineplogonnec.fr\/#website"},"primaryImageOfPage":{"@id":"https:\/\/passeurspatrimoineplogonnec.fr\/?page_id=4785#primaryimage"},"image":{"@id":"https:\/\/passeurspatrimoineplogonnec.fr\/?page_id=4785#primaryimage"},"thumbnailUrl":"https:\/\/passeurspatrimoineplogonnec.fr\/wp-content\/uploads\/2025\/10\/Cambriolage-a-la-mairie-de-Plogonnec-724x1024.jpg","datePublished":"2025-10-07T20:12:21+00:00","dateModified":"2025-10-07T20:16:52+00:00","breadcrumb":{"@id":"https:\/\/passeurspatrimoineplogonnec.fr\/?page_id=4785#breadcrumb"},"inLanguage":"fr-FR","potentialAction":[{"@type":"ReadAction","target":["https:\/\/passeurspatrimoineplogonnec.fr\/?page_id=4785"]}]},{"@type":"ImageObject","inLanguage":"fr-FR","@id":"https:\/\/passeurspatrimoineplogonnec.fr\/?page_id=4785#primaryimage","url":"https:\/\/passeurspatrimoineplogonnec.fr\/wp-content\/uploads\/2025\/10\/Cambriolage-a-la-mairie-de-Plogonnec.jpg","contentUrl":"https:\/\/passeurspatrimoineplogonnec.fr\/wp-content\/uploads\/2025\/10\/Cambriolage-a-la-mairie-de-Plogonnec.jpg","width":1240,"height":1754},{"@type":"BreadcrumbList","@id":"https:\/\/passeurspatrimoineplogonnec.fr\/?page_id=4785#breadcrumb","itemListElement":[{"@type":"ListItem","position":1,"name":"Accueil","item":"https:\/\/passeurspatrimoineplogonnec.fr\/"},{"@type":"ListItem","position":2,"name":"Cambriolage \u00e0 la mairie de Plogonnec en 1944."}]},{"@type":"WebSite","@id":"https:\/\/passeurspatrimoineplogonnec.fr\/#website","url":"https:\/\/passeurspatrimoineplogonnec.fr\/","name":"Passeurs de Patrimoine de Plogonnec","description":"","potentialAction":[{"@type":"SearchAction","target":{"@type":"EntryPoint","urlTemplate":"https:\/\/passeurspatrimoineplogonnec.fr\/?s={search_term_string}"},"query-input":{"@type":"PropertyValueSpecification","valueRequired":true,"valueName":"search_term_string"}}],"inLanguage":"fr-FR"}]}},"_links":{"self":[{"href":"https:\/\/passeurspatrimoineplogonnec.fr\/index.php?rest_route=\/wp\/v2\/pages\/4785","targetHints":{"allow":["GET"]}}],"collection":[{"href":"https:\/\/passeurspatrimoineplogonnec.fr\/index.php?rest_route=\/wp\/v2\/pages"}],"about":[{"href":"https:\/\/passeurspatrimoineplogonnec.fr\/index.php?rest_route=\/wp\/v2\/types\/page"}],"author":[{"embeddable":true,"href":"https:\/\/passeurspatrimoineplogonnec.fr\/index.php?rest_route=\/wp\/v2\/users\/1"}],"replies":[{"embeddable":true,"href":"https:\/\/passeurspatrimoineplogonnec.fr\/index.php?rest_route=%2Fwp%2Fv2%2Fcomments&post=4785"}],"version-history":[{"count":1,"href":"https:\/\/passeurspatrimoineplogonnec.fr\/index.php?rest_route=\/wp\/v2\/pages\/4785\/revisions"}],"predecessor-version":[{"id":4788,"href":"https:\/\/passeurspatrimoineplogonnec.fr\/index.php?rest_route=\/wp\/v2\/pages\/4785\/revisions\/4788"}],"wp:attachment":[{"href":"https:\/\/passeurspatrimoineplogonnec.fr\/index.php?rest_route=%2Fwp%2Fv2%2Fmedia&parent=4785"}],"curies":[{"name":"wp","href":"https:\/\/api.w.org\/{rel}","templated":true}]}}