{"id":512,"date":"2021-12-03T16:14:32","date_gmt":"2021-12-03T15:14:32","guid":{"rendered":"http:\/\/passeurspatrimoineplogonnec.fr\/?page_id=512"},"modified":"2023-11-12T13:15:17","modified_gmt":"2023-11-12T12:15:17","slug":"ecu-de-la-commune-de-plogonnec","status":"publish","type":"page","link":"https:\/\/passeurspatrimoineplogonnec.fr\/?page_id=512","title":{"rendered":"Ecu de la commune de plogonnec"},"content":{"rendered":"\n<p>Comme de nombreuses communes du Finist\u00e8re, la commune de Plogonnec a souhait\u00e9 se doter d\u2019armoiries au d\u00e9but des ann\u00e9es 80. Apr\u00e8s une consultation avec les \u00e9rudits locaux ainsi qu\u2019avec un graphiste de Kerfeunteun, le conseil municipal a retenu une composition \u00e9voquant le terroir communal.<\/p>\n\n\n\n<p>La composition de l\u2019\u00e9cu est l\u2019\u0153uvre de Ren\u00e9 Henry, de Kerfeunteun. Il a \u00e9t\u00e9 adopt\u00e9 au 1<sup>er<\/sup>&nbsp;janvier 1981. Entre temps, le mod\u00e8le original d\u00e9pos\u00e9 en mairie par son auteur a \u00e9t\u00e9 perdu&nbsp;!<\/p>\n\n\n\n<p>Les services municipaux ont donc demand\u00e9 \u00e0 Andr\u00e9 Bozec de proc\u00e9der \u00e0 une restitution graphique du mod\u00e8le initial. C\u2019est cette restitution graphique qui a depuis servi \u00e0 la mairie pour sa signal\u00e9tique.<\/p>\n\n\n\n<p>L\u2019\u00e9cu de la commune de Plogonnec se blasonne comme suit&nbsp;:<\/p>\n\n\n\n<p>\u00ab&nbsp;D\u2019azur \u00e0 la fasce d\u2019or, charg\u00e9e d\u2019un l\u00e9opard morn\u00e9 de gueules, accompagn\u00e9 en chef de trois couronnes d\u2019or et en pointe de trois mouchetures hermin\u00e9es d\u2019or et pos\u00e9es en fasces&nbsp;\u00bb.<\/p>\n\n\n\n<p>L\u2019azur rappelle l\u2019appartenance de Plogonnec au pays glazik, les trois couronnes d\u2019or \u00e9voquent les trois fiefs de base de Plogonnec&nbsp;: celui de N\u00e9vet \u00e0 l\u2019ouest, celui du duc de Bretagne au centre, celui du prince \u00e9v\u00eaque de Cornouaille \u00e0 l\u2019est. Les trois hermines d\u2019or \u00e9voquent les trois agglom\u00e9rations de la commune&nbsp;: le bourg de Plogonnec, le Cro\u00e9ziou et saint Albin.<\/p>\n\n\n\n<p>La fasce reprend tout simplement les armes du marquisat de N\u00e9vet et de Pouldavid.<\/p>\n\n\n\n<p class=\"has-text-align-right\"><strong>Andr\u00e9 Bozec<\/strong><\/p>\n\n\n\n<div class=\"wp-block-image\"><figure class=\"aligncenter size-full\"><img loading=\"lazy\" decoding=\"async\" width=\"300\" height=\"330\" src=\"http:\/\/passeurspatrimoineplogonnec.fr\/wp-content\/uploads\/2021\/12\/Ecu-de-plogonnec3.jpg\" alt=\"\" class=\"wp-image-523\" srcset=\"https:\/\/passeurspatrimoineplogonnec.fr\/wp-content\/uploads\/2021\/12\/Ecu-de-plogonnec3.jpg 300w, https:\/\/passeurspatrimoineplogonnec.fr\/wp-content\/uploads\/2021\/12\/Ecu-de-plogonnec3-273x300.jpg 273w\" sizes=\"auto, (max-width: 300px) 100vw, 300px\" \/><\/figure><\/div>\n","protected":false},"excerpt":{"rendered":"<p>Comme de nombreuses communes du Finist\u00e8re, la commune de Plogonnec a souhait\u00e9 se doter d\u2019armoiries au d\u00e9but des ann\u00e9es 80. Apr\u00e8s une consultation avec les \u00e9rudits locaux ainsi qu\u2019avec un graphiste de Kerfeunteun, le conseil municipal a retenu une composition &hellip; <a href=\"https:\/\/passeurspatrimoineplogonnec.fr\/?page_id=512\">Continuer la lecture <span class=\"meta-nav\">&rarr;<\/span><\/a><\/p>\n","protected":false},"author":1,"featured_media":0,"parent":0,"menu_order":0,"comment_status":"closed","ping_status":"closed","template":"","meta":{"footnotes":""},"class_list":["post-512","page","type-page","status-publish","hentry"],"yoast_head":"<!-- This site is optimized with the Yoast SEO plugin v27.4 - https:\/\/yoast.com\/product\/yoast-seo-wordpress\/ -->\n<title>Ecu de la commune de plogonnec - Passeurs de Patrimoine de Plogonnec<\/title>\n<meta name=\"robots\" content=\"index, follow, max-snippet:-1, max-image-preview:large, max-video-preview:-1\" \/>\n<link rel=\"canonical\" href=\"https:\/\/passeurspatrimoineplogonnec.fr\/?page_id=512\" \/>\n<meta property=\"og:locale\" content=\"fr_FR\" \/>\n<meta property=\"og:type\" content=\"article\" \/>\n<meta property=\"og:title\" content=\"Ecu de la commune de plogonnec - Passeurs de Patrimoine de Plogonnec\" \/>\n<meta property=\"og:description\" content=\"Comme de nombreuses communes du Finist\u00e8re, la commune de Plogonnec a souhait\u00e9 se doter d\u2019armoiries au d\u00e9but des ann\u00e9es 80. Apr\u00e8s une consultation avec les \u00e9rudits locaux ainsi qu\u2019avec un graphiste de Kerfeunteun, le conseil municipal a retenu une composition &hellip; Continuer la lecture &rarr;\" \/>\n<meta property=\"og:url\" content=\"https:\/\/passeurspatrimoineplogonnec.fr\/?page_id=512\" \/>\n<meta property=\"og:site_name\" content=\"Passeurs de Patrimoine de Plogonnec\" \/>\n<meta property=\"article:modified_time\" content=\"2023-11-12T12:15:17+00:00\" \/>\n<meta property=\"og:image\" content=\"http:\/\/passeurspatrimoineplogonnec.fr\/wp-content\/uploads\/2021\/12\/Ecu-de-plogonnec3.jpg\" \/>\n<meta name=\"twitter:card\" content=\"summary_large_image\" \/>\n<meta name=\"twitter:label1\" content=\"Dur\u00e9e de lecture estim\u00e9e\" \/>\n\t<meta name=\"twitter:data1\" content=\"2 minutes\" \/>\n<script type=\"application\/ld+json\" class=\"yoast-schema-graph\">{\"@context\":\"https:\\\/\\\/schema.org\",\"@graph\":[{\"@type\":\"WebPage\",\"@id\":\"https:\\\/\\\/passeurspatrimoineplogonnec.fr\\\/?page_id=512\",\"url\":\"https:\\\/\\\/passeurspatrimoineplogonnec.fr\\\/?page_id=512\",\"name\":\"Ecu de la commune de plogonnec - Passeurs de Patrimoine de Plogonnec\",\"isPartOf\":{\"@id\":\"https:\\\/\\\/passeurspatrimoineplogonnec.fr\\\/#website\"},\"primaryImageOfPage\":{\"@id\":\"https:\\\/\\\/passeurspatrimoineplogonnec.fr\\\/?page_id=512#primaryimage\"},\"image\":{\"@id\":\"https:\\\/\\\/passeurspatrimoineplogonnec.fr\\\/?page_id=512#primaryimage\"},\"thumbnailUrl\":\"http:\\\/\\\/passeurspatrimoineplogonnec.fr\\\/wp-content\\\/uploads\\\/2021\\\/12\\\/Ecu-de-plogonnec3.jpg\",\"datePublished\":\"2021-12-03T15:14:32+00:00\",\"dateModified\":\"2023-11-12T12:15:17+00:00\",\"breadcrumb\":{\"@id\":\"https:\\\/\\\/passeurspatrimoineplogonnec.fr\\\/?page_id=512#breadcrumb\"},\"inLanguage\":\"fr-FR\",\"potentialAction\":[{\"@type\":\"ReadAction\",\"target\":[\"https:\\\/\\\/passeurspatrimoineplogonnec.fr\\\/?page_id=512\"]}]},{\"@type\":\"ImageObject\",\"inLanguage\":\"fr-FR\",\"@id\":\"https:\\\/\\\/passeurspatrimoineplogonnec.fr\\\/?page_id=512#primaryimage\",\"url\":\"https:\\\/\\\/passeurspatrimoineplogonnec.fr\\\/wp-content\\\/uploads\\\/2021\\\/12\\\/Ecu-de-plogonnec3.jpg\",\"contentUrl\":\"https:\\\/\\\/passeurspatrimoineplogonnec.fr\\\/wp-content\\\/uploads\\\/2021\\\/12\\\/Ecu-de-plogonnec3.jpg\",\"width\":300,\"height\":330},{\"@type\":\"BreadcrumbList\",\"@id\":\"https:\\\/\\\/passeurspatrimoineplogonnec.fr\\\/?page_id=512#breadcrumb\",\"itemListElement\":[{\"@type\":\"ListItem\",\"position\":1,\"name\":\"Accueil\",\"item\":\"https:\\\/\\\/passeurspatrimoineplogonnec.fr\\\/\"},{\"@type\":\"ListItem\",\"position\":2,\"name\":\"Ecu de la commune de plogonnec\"}]},{\"@type\":\"WebSite\",\"@id\":\"https:\\\/\\\/passeurspatrimoineplogonnec.fr\\\/#website\",\"url\":\"https:\\\/\\\/passeurspatrimoineplogonnec.fr\\\/\",\"name\":\"Passeurs de Patrimoine de Plogonnec\",\"description\":\"\",\"potentialAction\":[{\"@type\":\"SearchAction\",\"target\":{\"@type\":\"EntryPoint\",\"urlTemplate\":\"https:\\\/\\\/passeurspatrimoineplogonnec.fr\\\/?s={search_term_string}\"},\"query-input\":{\"@type\":\"PropertyValueSpecification\",\"valueRequired\":true,\"valueName\":\"search_term_string\"}}],\"inLanguage\":\"fr-FR\"}]}<\/script>\n<!-- \/ Yoast SEO plugin. -->","yoast_head_json":{"title":"Ecu de la commune de plogonnec - Passeurs de Patrimoine de Plogonnec","robots":{"index":"index","follow":"follow","max-snippet":"max-snippet:-1","max-image-preview":"max-image-preview:large","max-video-preview":"max-video-preview:-1"},"canonical":"https:\/\/passeurspatrimoineplogonnec.fr\/?page_id=512","og_locale":"fr_FR","og_type":"article","og_title":"Ecu de la commune de plogonnec - Passeurs de Patrimoine de Plogonnec","og_description":"Comme de nombreuses communes du Finist\u00e8re, la commune de Plogonnec a souhait\u00e9 se doter d\u2019armoiries au d\u00e9but des ann\u00e9es 80. Apr\u00e8s une consultation avec les \u00e9rudits locaux ainsi qu\u2019avec un graphiste de Kerfeunteun, le conseil municipal a retenu une composition &hellip; Continuer la lecture &rarr;","og_url":"https:\/\/passeurspatrimoineplogonnec.fr\/?page_id=512","og_site_name":"Passeurs de Patrimoine de Plogonnec","article_modified_time":"2023-11-12T12:15:17+00:00","og_image":[{"url":"http:\/\/passeurspatrimoineplogonnec.fr\/wp-content\/uploads\/2021\/12\/Ecu-de-plogonnec3.jpg","type":"","width":"","height":""}],"twitter_card":"summary_large_image","twitter_misc":{"Dur\u00e9e de lecture estim\u00e9e":"2 minutes"},"schema":{"@context":"https:\/\/schema.org","@graph":[{"@type":"WebPage","@id":"https:\/\/passeurspatrimoineplogonnec.fr\/?page_id=512","url":"https:\/\/passeurspatrimoineplogonnec.fr\/?page_id=512","name":"Ecu de la commune de plogonnec - Passeurs de Patrimoine de Plogonnec","isPartOf":{"@id":"https:\/\/passeurspatrimoineplogonnec.fr\/#website"},"primaryImageOfPage":{"@id":"https:\/\/passeurspatrimoineplogonnec.fr\/?page_id=512#primaryimage"},"image":{"@id":"https:\/\/passeurspatrimoineplogonnec.fr\/?page_id=512#primaryimage"},"thumbnailUrl":"http:\/\/passeurspatrimoineplogonnec.fr\/wp-content\/uploads\/2021\/12\/Ecu-de-plogonnec3.jpg","datePublished":"2021-12-03T15:14:32+00:00","dateModified":"2023-11-12T12:15:17+00:00","breadcrumb":{"@id":"https:\/\/passeurspatrimoineplogonnec.fr\/?page_id=512#breadcrumb"},"inLanguage":"fr-FR","potentialAction":[{"@type":"ReadAction","target":["https:\/\/passeurspatrimoineplogonnec.fr\/?page_id=512"]}]},{"@type":"ImageObject","inLanguage":"fr-FR","@id":"https:\/\/passeurspatrimoineplogonnec.fr\/?page_id=512#primaryimage","url":"https:\/\/passeurspatrimoineplogonnec.fr\/wp-content\/uploads\/2021\/12\/Ecu-de-plogonnec3.jpg","contentUrl":"https:\/\/passeurspatrimoineplogonnec.fr\/wp-content\/uploads\/2021\/12\/Ecu-de-plogonnec3.jpg","width":300,"height":330},{"@type":"BreadcrumbList","@id":"https:\/\/passeurspatrimoineplogonnec.fr\/?page_id=512#breadcrumb","itemListElement":[{"@type":"ListItem","position":1,"name":"Accueil","item":"https:\/\/passeurspatrimoineplogonnec.fr\/"},{"@type":"ListItem","position":2,"name":"Ecu de la commune de plogonnec"}]},{"@type":"WebSite","@id":"https:\/\/passeurspatrimoineplogonnec.fr\/#website","url":"https:\/\/passeurspatrimoineplogonnec.fr\/","name":"Passeurs de Patrimoine de Plogonnec","description":"","potentialAction":[{"@type":"SearchAction","target":{"@type":"EntryPoint","urlTemplate":"https:\/\/passeurspatrimoineplogonnec.fr\/?s={search_term_string}"},"query-input":{"@type":"PropertyValueSpecification","valueRequired":true,"valueName":"search_term_string"}}],"inLanguage":"fr-FR"}]}},"_links":{"self":[{"href":"https:\/\/passeurspatrimoineplogonnec.fr\/index.php?rest_route=\/wp\/v2\/pages\/512","targetHints":{"allow":["GET"]}}],"collection":[{"href":"https:\/\/passeurspatrimoineplogonnec.fr\/index.php?rest_route=\/wp\/v2\/pages"}],"about":[{"href":"https:\/\/passeurspatrimoineplogonnec.fr\/index.php?rest_route=\/wp\/v2\/types\/page"}],"author":[{"embeddable":true,"href":"https:\/\/passeurspatrimoineplogonnec.fr\/index.php?rest_route=\/wp\/v2\/users\/1"}],"replies":[{"embeddable":true,"href":"https:\/\/passeurspatrimoineplogonnec.fr\/index.php?rest_route=%2Fwp%2Fv2%2Fcomments&post=512"}],"version-history":[{"count":7,"href":"https:\/\/passeurspatrimoineplogonnec.fr\/index.php?rest_route=\/wp\/v2\/pages\/512\/revisions"}],"predecessor-version":[{"id":524,"href":"https:\/\/passeurspatrimoineplogonnec.fr\/index.php?rest_route=\/wp\/v2\/pages\/512\/revisions\/524"}],"wp:attachment":[{"href":"https:\/\/passeurspatrimoineplogonnec.fr\/index.php?rest_route=%2Fwp%2Fv2%2Fmedia&parent=512"}],"curies":[{"name":"wp","href":"https:\/\/api.w.org\/{rel}","templated":true}]}}