{"id":53,"date":"2021-11-09T14:48:03","date_gmt":"2021-11-09T13:48:03","guid":{"rendered":"http:\/\/passeurspatrimoineplogonnec.fr\/?page_id=53"},"modified":"2024-06-13T18:25:39","modified_gmt":"2024-06-13T16:25:39","slug":"statuts","status":"publish","type":"page","link":"https:\/\/passeurspatrimoineplogonnec.fr\/?page_id=53","title":{"rendered":"Statuts de l&rsquo;association"},"content":{"rendered":"\n<p class=\"has-text-align-center\"> <strong>\u00ab&nbsp;les passeurs de patrimoine de Plogonnec&nbsp;\u00bb<\/strong><\/p>\n\n\n\n<p class=\"has-text-align-center\"><a rel=\"noreferrer noopener\" href=\"http:\/\/passeurspatrimoineplogonnec.fr\/wp-content\/uploads\/2022\/01\/Statuts-des-passeurs-de-patrimoine.pdf\" target=\"_blank\">( Ouvrir les statuts au format PDF )<\/a><\/p>\n\n\n\n<p class=\"has-text-align-center\"><a href=\"http:\/\/passeurspatrimoineplogonnec.fr\/wp-content\/uploads\/2022\/01\/Statuts-et-R.I-pages-signees.pdf\" target=\"_blank\" rel=\"noreferrer noopener\">( Signatures des statuts au format PDF )<\/a><\/p>\n\n\n\n<p class=\"has-text-align-center\"><a href=\"http:\/\/passeurspatrimoineplogonnec.fr\/wp-content\/uploads\/2024\/06\/Statuts-2024-recepisse-prefecture.pdf\" target=\"_blank\" rel=\"noreferrer noopener\">( Statuts 2024 r\u00e9c\u00e9piss\u00e9 pr\u00e9fecture )<\/a><\/p>\n\n\n\n<p class=\"has-text-align-center\"><strong>-=\u00a7=-<\/strong><\/p>\n\n\n\n<p><strong>Article 1&nbsp;: D\u00e9nomination.<\/strong><\/p>\n\n\n\n<p>Il est fond\u00e9 entre les personnes adh\u00e9rant aux pr\u00e9sents statuts une association r\u00e9gie par la loi du 1<sup>er<\/sup> juillet 1901 et le d\u00e9cret du 16 ao\u00fbt 1901 ayant pour nom <strong>\u00ab&nbsp;les passeurs de patrimoine de Plogonnec&nbsp;\u00bb.<\/strong><\/p>\n\n\n\n<p><strong>Article 2&nbsp;: Objet.<\/strong><\/p>\n\n\n\n<p>Cette association a pour but&nbsp;: de sensibiliser l\u2019ensemble de la population et particuli\u00e8rement les jeunes g\u00e9n\u00e9rations, \u00e0 la d\u00e9couverte, \u00e0 la pr\u00e9servation du patrimoine communal sous toutes ses formes, d\u2019organiser le travail de recherche, de collecte de documents, de t\u00e9moignages et d\u2019objets.<\/p>\n\n\n\n<p>L\u2019association d\u00e9veloppera diverses actions&nbsp;:<\/p>\n\n\n\n<p>&#8211; Mise en valeur de sites,<\/p>\n\n\n\n<p>&#8211; Travaux d\u2019entretien,<\/p>\n\n\n\n<p>&#8211; Participation \u00e0 des projets communaux,<\/p>\n\n\n\n<p>&#8211; Participation \u00e0 des manifestations communales,<\/p>\n\n\n\n<p>&#8211; Expositions,<\/p>\n\n\n\n<p>&#8211; Conf\u00e9rences,<\/p>\n\n\n\n<p>&#8211; Voyages d\u2019\u00e9tudes,<\/p>\n\n\n\n<p>&#8211; Des partenariats avec les \u00e9coles de la commune, les collectivit\u00e9s territoriales, le milieu associatif pourront \u00eatre mis en place pour atteindre ces objectifs.<\/p>\n\n\n\n<p><strong>Article 3&nbsp;: Si\u00e8ge social.<\/strong><\/p>\n\n\n\n<p>Le si\u00e8ge social est fix\u00e9 au lieu-dit Tirien 29180 Plogonnec.<\/p>\n\n\n\n<p><strong>Article 4&nbsp;: Dur\u00e9e.<\/strong><\/p>\n\n\n\n<p>La dur\u00e9e de l\u2019association est illimit\u00e9e.<\/p>\n\n\n\n<p><strong>Article 5&nbsp;: Admission.<\/strong><\/p>\n\n\n\n<p>L\u2019adh\u00e9sion \u00e0 l\u2019association sera soumise \u00e0 l\u2019approbation des membres du bureau et sera d\u00e9finitive au terme d\u2019une ann\u00e9e. (cf. r\u00e8glement int\u00e9rieur).<\/p>\n\n\n\n<p><strong>Article 5 bis&nbsp;: Membres.<\/strong><\/p>\n\n\n\n<p>L\u2019association se compose de&nbsp;:<\/p>\n\n\n\n<p>&#8211; Membres actifs, membres bienfaiteurs et les membres de droit.<\/p>\n\n\n\n<p>Sont membres actifs ou adh\u00e9rents, les personnes qui ont pris l\u2019engagement de verser la cotisation annuelle.<\/p>\n\n\n\n<p>Sont membres bienfaiteurs toutes les personnes physiques ou morales ayant apport\u00e9 leur contribution financi\u00e8re \u00e0 l\u2019association pour l\u2019exercice en cours.<\/p>\n\n\n\n<p>Sont membres de droit et dispens\u00e9s de cotisations, le maire de Plogonnec et son adjoint(e) en charge du patrimoine.<\/p>\n\n\n\n<p><strong>Article 6&nbsp;: Cotisation.<\/strong><\/p>\n\n\n\n<p>Les cotisations dues \u00e0 l\u2019association sont individuelles et fix\u00e9es annuellement en assembl\u00e9e g\u00e9n\u00e9rale sur proposition du bureau.<\/p>\n\n\n\n<p><strong>Article 7&nbsp;: Radiation.<\/strong><\/p>\n\n\n\n<p>La qualit\u00e9 de membre se perd&nbsp;par&nbsp;:<\/p>\n\n\n\n<p>&#8211; La d\u00e9mission,<\/p>\n\n\n\n<p>&#8211; L\u2019exclusion, prononc\u00e9e par le bureau. (cf r\u00e8glement int\u00e9rieur).<\/p>\n\n\n\n<p>&#8211; Le d\u00e9c\u00e8s.<\/p>\n\n\n\n<p><strong>Article 8&nbsp;: Ressources.<\/strong><\/p>\n\n\n\n<p>Les ressources de l\u2019association comprennent&nbsp;:<\/p>\n\n\n\n<p>&#8211; Le montant des cotisations,<\/p>\n\n\n\n<p>&#8211; Toutes autres ressources autoris\u00e9es par les textes l\u00e9gislatifs et r\u00e9glementaires,<\/p>\n\n\n\n<p>&#8211; L\u2019autofinancement d\u00e9gag\u00e9 par des conf\u00e9rences, des manifestations, des expositions.<\/p>\n\n\n\n<p><strong>Article 9&nbsp;: Conseil d\u2019administration.<\/strong><\/p>\n\n\n\n<p>L\u2019association est dirig\u00e9e par un conseil compos\u00e9 de 9 membres \u00e9lus pour 3 ann\u00e9es, lors de l\u2019assembl\u00e9e g\u00e9n\u00e9rale.<\/p>\n\n\n\n<p>\u00ab&nbsp;le conseil \u00e9tant renouvel\u00e9 chaque ann\u00e9e par tiers, la premi\u00e8re ann\u00e9e, les membres sortants sont d\u00e9sign\u00e9s par tirage au sort&nbsp;\u00bb, ces membres sont r\u00e9\u00e9ligibles.<\/p>\n\n\n\n<p>Le conseil d\u2019administration choisit parmi ses membres un bureau compos\u00e9&nbsp;:<\/p>\n\n\n\n<p>&#8211; D\u2019un pr\u00e9sident, d\u2019un vice-pr\u00e9sident, d\u2019un tr\u00e9sorier, d\u2019un secr\u00e9taire.<\/p>\n\n\n\n<p><strong>Ce bureau est investi des pouvoirs les plus \u00e9tendus pour faire ou autoriser tous les actes li\u00e9s \u00e0 la vie de l\u2019association&nbsp;:<\/strong><\/p>\n\n\n\n<p>&#8211; Repr\u00e9sentation de l\u2019association dans tous les actes de la vie civile,<\/p>\n\n\n\n<p>&#8211; Mise en \u0153uvre de toutes les actions et orientations li\u00e9es \u00e0 la vie de l\u2019association,<\/p>\n\n\n\n<p>&#8211; Repr\u00e9sentation \u00e0 des comit\u00e9s et lors de manifestations,<\/p>\n\n\n\n<p>&#8211; Gestion du patrimoine de l\u2019association,<\/p>\n\n\n\n<p>&#8211; Mise en place et tenue d\u2019une comptabilit\u00e9,<\/p>\n\n\n\n<p>&#8211; Proc\u00e8s-verbaux des r\u00e9unions et assembl\u00e9es,<\/p>\n\n\n\n<p>&#8211; Correspondances, archives et actes courants administratifs.<\/p>\n\n\n\n<p><strong>Article 10&nbsp;: R\u00e9union du bureau.<\/strong><\/p>\n\n\n\n<p>Le bureau se r\u00e9unit au moins 6 fois par an et chaque fois que c\u2019est n\u00e9cessaire. Il d\u00e9cide de la programmation des conseils d\u2019administrations.<\/p>\n\n\n\n<p><strong>Article 10 bis&nbsp;: R\u00e9union du conseil d\u2019administration.<\/strong><\/p>\n\n\n\n<p>Le conseil d\u2019administration se r\u00e9unit \u00e0 la demande du bureau au moins 4 fois par an. Les d\u00e9cisions sont prises par consensus et \u00e0 d\u00e9faut \u00e0 la majorit\u00e9 simple des membres pr\u00e9sents. Tout administrateur peut demander la tenue d\u2019un conseil d\u2019administration si il juge que les circonstance l\u2019imposent.<\/p>\n\n\n\n<p><strong>Article 11&nbsp;: Assembl\u00e9e g\u00e9n\u00e9rale ordinaire.<\/strong><\/p>\n\n\n\n<p>L\u2019assembl\u00e9e g\u00e9n\u00e9rale ordinaire comprend tous les membres de l\u2019association. Elle se r\u00e9unit une fois par an et chaque fois qu\u2019elle est convoqu\u00e9e par le bureau. Les membres du bureau pr\u00e9sentent la situation morale et financi\u00e8re de l\u2019association, les activit\u00e9s r\u00e9alis\u00e9es depuis la derni\u00e8re assembl\u00e9e g\u00e9n\u00e9rale et les projets en cours.<\/p>\n\n\n\n<p>Le bilan est soumis \u00e0 l\u2019approbation de l\u2019assembl\u00e9e.<\/p>\n\n\n\n<p>Apr\u00e8s \u00e9puisement de l\u2019ordre du jour, il est proc\u00e9d\u00e9 au remplacement des administrateurs sortants.<\/p>\n\n\n\n<p>Les d\u00e9cisions sont prises par consensus ou \u00e0 d\u00e9faut, \u00e0 la majorit\u00e9 simple des membres pr\u00e9sents ou repr\u00e9sent\u00e9s.<\/p>\n\n\n\n<p>Est \u00e9lecteur tout membre \u00e0 jour de sa cotisation, le vote par correspondance ou par procuration est interdit.<\/p>\n\n\n\n<p><strong>Article 12&nbsp;: R\u00e8glement int\u00e9rieur.<\/strong><\/p>\n\n\n\n<p>Un r\u00e8glement int\u00e9rieur d\u00e9terminera les d\u00e9tails d\u2019ex\u00e9cution des pr\u00e9sents statuts.<\/p>\n\n\n\n<p><strong>Article 13&nbsp;: Repr\u00e9sentation en justice.<\/strong><\/p>\n\n\n\n<p>L\u2019association est repr\u00e9sent\u00e9e en justice et dans tous les actes de la vie civile par son pr\u00e9sident.<\/p>\n\n\n\n<p>Le tribunal comp\u00e9tent pour toutes actions est celui du domicile de son si\u00e8ge.<\/p>\n\n\n\n<p><strong>Article 14&nbsp;: Modifications.<\/strong><\/p>\n\n\n\n<p>Tous les changements d\u2019ordre administratif, tout changement de si\u00e8ge social, tous changements d\u2019administrateurs, toutes modifications apport\u00e9es aux statuts doivent faire l\u2019objet d\u2019une d\u00e9claration \u00e0 la Pr\u00e9fecture dans les 3 mois.<\/p>\n\n\n\n<p>Ces modifications et changements sont en outre consign\u00e9s dans un registre sp\u00e9cial, c\u00f4t\u00e9 et paraph\u00e9.<\/p>\n\n\n\n<p><strong>Article 15 : Dissolution.<\/strong><\/p>\n\n\n\n<p>La dissolution de l\u2019association ne peut \u00eatre prononc\u00e9e que par l\u2019assembl\u00e9e g\u00e9n\u00e9rale convoqu\u00e9e sp\u00e9cialement \u00e0 cet effet. Elle d\u00e9signe une ou plusieurs personnes charg\u00e9es des op\u00e9rations de dissolution.<\/p>\n\n\n\n<p>La dissolution fait l\u2019objet d\u2019une d\u00e9claration en pr\u00e9fecture.<\/p>\n\n\n\n<p>Fait \u00e0 Plogonnec,<strong> le 23 octobre 2019<\/strong>, en autant d\u2019exemplaires que de parties int\u00e9ress\u00e9es, plus un original \u00e0 des fins d\u2019archivage.<\/p>\n\n\n\n<p>Le pr\u00e9sident, Le vice-pr\u00e9sident,<\/p>\n\n\n\n<p>Mr Dantic Hubert. Mr Le Feunteun Pascal.<\/p>\n\n\n\n<p>Le tr\u00e9sorier, Le secr\u00e9taire,<\/p>\n\n\n\n<p>Mr. Sala\u00fcn Roger. Mr. Sala\u00fcn Pascal.<\/p>\n\n\n\n<p class=\"has-text-align-center\"><a href=\"http:\/\/passeurspatrimoineplogonnec.fr\/wp-content\/uploads\/2022\/01\/Statuts-et-R.I-pages-signees.pdf\" target=\"_blank\" rel=\"noreferrer noopener\"> ( Signatures des statuts au format PDF ) <\/a><\/p>\n","protected":false},"excerpt":{"rendered":"<p>\u00ab&nbsp;les passeurs de patrimoine de Plogonnec&nbsp;\u00bb ( Ouvrir les statuts au format PDF ) ( Signatures des statuts au format PDF ) ( Statuts 2024 r\u00e9c\u00e9piss\u00e9 pr\u00e9fecture ) -=\u00a7=- Article 1&nbsp;: D\u00e9nomination. Il est fond\u00e9 entre les personnes adh\u00e9rant aux &hellip; <a href=\"https:\/\/passeurspatrimoineplogonnec.fr\/?page_id=53\">Continuer la lecture <span class=\"meta-nav\">&rarr;<\/span><\/a><\/p>\n","protected":false},"author":1,"featured_media":0,"parent":0,"menu_order":0,"comment_status":"closed","ping_status":"closed","template":"","meta":{"footnotes":""},"class_list":["post-53","page","type-page","status-publish","hentry"],"yoast_head":"<!-- This site is optimized with the Yoast SEO plugin v27.4 - https:\/\/yoast.com\/product\/yoast-seo-wordpress\/ -->\n<title>Statuts de l&#039;association - Passeurs de Patrimoine de Plogonnec<\/title>\n<meta name=\"robots\" content=\"index, follow, max-snippet:-1, max-image-preview:large, max-video-preview:-1\" \/>\n<link rel=\"canonical\" href=\"https:\/\/passeurspatrimoineplogonnec.fr\/?page_id=53\" \/>\n<meta property=\"og:locale\" content=\"fr_FR\" \/>\n<meta property=\"og:type\" content=\"article\" \/>\n<meta property=\"og:title\" content=\"Statuts de l&#039;association - Passeurs de Patrimoine de Plogonnec\" \/>\n<meta property=\"og:description\" content=\"\u00ab&nbsp;les passeurs de patrimoine de Plogonnec&nbsp;\u00bb ( Ouvrir les statuts au format PDF ) ( Signatures des statuts au format PDF ) ( Statuts 2024 r\u00e9c\u00e9piss\u00e9 pr\u00e9fecture ) -=\u00a7=- Article 1&nbsp;: D\u00e9nomination. Il est fond\u00e9 entre les personnes adh\u00e9rant aux &hellip; Continuer la lecture &rarr;\" \/>\n<meta property=\"og:url\" content=\"https:\/\/passeurspatrimoineplogonnec.fr\/?page_id=53\" \/>\n<meta property=\"og:site_name\" content=\"Passeurs de Patrimoine de Plogonnec\" \/>\n<meta property=\"article:modified_time\" content=\"2024-06-13T16:25:39+00:00\" \/>\n<meta name=\"twitter:card\" content=\"summary_large_image\" \/>\n<meta name=\"twitter:label1\" content=\"Dur\u00e9e de lecture estim\u00e9e\" \/>\n\t<meta name=\"twitter:data1\" content=\"4 minutes\" \/>\n<script type=\"application\/ld+json\" class=\"yoast-schema-graph\">{\"@context\":\"https:\\\/\\\/schema.org\",\"@graph\":[{\"@type\":\"WebPage\",\"@id\":\"https:\\\/\\\/passeurspatrimoineplogonnec.fr\\\/?page_id=53\",\"url\":\"https:\\\/\\\/passeurspatrimoineplogonnec.fr\\\/?page_id=53\",\"name\":\"Statuts de l'association - Passeurs de Patrimoine de Plogonnec\",\"isPartOf\":{\"@id\":\"https:\\\/\\\/passeurspatrimoineplogonnec.fr\\\/#website\"},\"datePublished\":\"2021-11-09T13:48:03+00:00\",\"dateModified\":\"2024-06-13T16:25:39+00:00\",\"breadcrumb\":{\"@id\":\"https:\\\/\\\/passeurspatrimoineplogonnec.fr\\\/?page_id=53#breadcrumb\"},\"inLanguage\":\"fr-FR\",\"potentialAction\":[{\"@type\":\"ReadAction\",\"target\":[\"https:\\\/\\\/passeurspatrimoineplogonnec.fr\\\/?page_id=53\"]}]},{\"@type\":\"BreadcrumbList\",\"@id\":\"https:\\\/\\\/passeurspatrimoineplogonnec.fr\\\/?page_id=53#breadcrumb\",\"itemListElement\":[{\"@type\":\"ListItem\",\"position\":1,\"name\":\"Accueil\",\"item\":\"https:\\\/\\\/passeurspatrimoineplogonnec.fr\\\/\"},{\"@type\":\"ListItem\",\"position\":2,\"name\":\"Statuts de l&#8217;association\"}]},{\"@type\":\"WebSite\",\"@id\":\"https:\\\/\\\/passeurspatrimoineplogonnec.fr\\\/#website\",\"url\":\"https:\\\/\\\/passeurspatrimoineplogonnec.fr\\\/\",\"name\":\"Passeurs de Patrimoine de Plogonnec\",\"description\":\"\",\"potentialAction\":[{\"@type\":\"SearchAction\",\"target\":{\"@type\":\"EntryPoint\",\"urlTemplate\":\"https:\\\/\\\/passeurspatrimoineplogonnec.fr\\\/?s={search_term_string}\"},\"query-input\":{\"@type\":\"PropertyValueSpecification\",\"valueRequired\":true,\"valueName\":\"search_term_string\"}}],\"inLanguage\":\"fr-FR\"}]}<\/script>\n<!-- \/ Yoast SEO plugin. -->","yoast_head_json":{"title":"Statuts de l'association - Passeurs de Patrimoine de Plogonnec","robots":{"index":"index","follow":"follow","max-snippet":"max-snippet:-1","max-image-preview":"max-image-preview:large","max-video-preview":"max-video-preview:-1"},"canonical":"https:\/\/passeurspatrimoineplogonnec.fr\/?page_id=53","og_locale":"fr_FR","og_type":"article","og_title":"Statuts de l'association - Passeurs de Patrimoine de Plogonnec","og_description":"\u00ab&nbsp;les passeurs de patrimoine de Plogonnec&nbsp;\u00bb ( Ouvrir les statuts au format PDF ) ( Signatures des statuts au format PDF ) ( Statuts 2024 r\u00e9c\u00e9piss\u00e9 pr\u00e9fecture ) -=\u00a7=- Article 1&nbsp;: D\u00e9nomination. Il est fond\u00e9 entre les personnes adh\u00e9rant aux &hellip; Continuer la lecture &rarr;","og_url":"https:\/\/passeurspatrimoineplogonnec.fr\/?page_id=53","og_site_name":"Passeurs de Patrimoine de Plogonnec","article_modified_time":"2024-06-13T16:25:39+00:00","twitter_card":"summary_large_image","twitter_misc":{"Dur\u00e9e de lecture estim\u00e9e":"4 minutes"},"schema":{"@context":"https:\/\/schema.org","@graph":[{"@type":"WebPage","@id":"https:\/\/passeurspatrimoineplogonnec.fr\/?page_id=53","url":"https:\/\/passeurspatrimoineplogonnec.fr\/?page_id=53","name":"Statuts de l'association - Passeurs de Patrimoine de Plogonnec","isPartOf":{"@id":"https:\/\/passeurspatrimoineplogonnec.fr\/#website"},"datePublished":"2021-11-09T13:48:03+00:00","dateModified":"2024-06-13T16:25:39+00:00","breadcrumb":{"@id":"https:\/\/passeurspatrimoineplogonnec.fr\/?page_id=53#breadcrumb"},"inLanguage":"fr-FR","potentialAction":[{"@type":"ReadAction","target":["https:\/\/passeurspatrimoineplogonnec.fr\/?page_id=53"]}]},{"@type":"BreadcrumbList","@id":"https:\/\/passeurspatrimoineplogonnec.fr\/?page_id=53#breadcrumb","itemListElement":[{"@type":"ListItem","position":1,"name":"Accueil","item":"https:\/\/passeurspatrimoineplogonnec.fr\/"},{"@type":"ListItem","position":2,"name":"Statuts de l&#8217;association"}]},{"@type":"WebSite","@id":"https:\/\/passeurspatrimoineplogonnec.fr\/#website","url":"https:\/\/passeurspatrimoineplogonnec.fr\/","name":"Passeurs de Patrimoine de Plogonnec","description":"","potentialAction":[{"@type":"SearchAction","target":{"@type":"EntryPoint","urlTemplate":"https:\/\/passeurspatrimoineplogonnec.fr\/?s={search_term_string}"},"query-input":{"@type":"PropertyValueSpecification","valueRequired":true,"valueName":"search_term_string"}}],"inLanguage":"fr-FR"}]}},"_links":{"self":[{"href":"https:\/\/passeurspatrimoineplogonnec.fr\/index.php?rest_route=\/wp\/v2\/pages\/53","targetHints":{"allow":["GET"]}}],"collection":[{"href":"https:\/\/passeurspatrimoineplogonnec.fr\/index.php?rest_route=\/wp\/v2\/pages"}],"about":[{"href":"https:\/\/passeurspatrimoineplogonnec.fr\/index.php?rest_route=\/wp\/v2\/types\/page"}],"author":[{"embeddable":true,"href":"https:\/\/passeurspatrimoineplogonnec.fr\/index.php?rest_route=\/wp\/v2\/users\/1"}],"replies":[{"embeddable":true,"href":"https:\/\/passeurspatrimoineplogonnec.fr\/index.php?rest_route=%2Fwp%2Fv2%2Fcomments&post=53"}],"version-history":[{"count":12,"href":"https:\/\/passeurspatrimoineplogonnec.fr\/index.php?rest_route=\/wp\/v2\/pages\/53\/revisions"}],"predecessor-version":[{"id":4306,"href":"https:\/\/passeurspatrimoineplogonnec.fr\/index.php?rest_route=\/wp\/v2\/pages\/53\/revisions\/4306"}],"wp:attachment":[{"href":"https:\/\/passeurspatrimoineplogonnec.fr\/index.php?rest_route=%2Fwp%2Fv2%2Fmedia&parent=53"}],"curies":[{"name":"wp","href":"https:\/\/api.w.org\/{rel}","templated":true}]}}