{"id":530,"date":"2021-12-03T16:43:23","date_gmt":"2021-12-03T15:43:23","guid":{"rendered":"http:\/\/passeurspatrimoineplogonnec.fr\/?page_id=530"},"modified":"2023-11-12T13:16:04","modified_gmt":"2023-11-12T12:16:04","slug":"la-maison-des-sonneurs-de-plogonnec","status":"publish","type":"page","link":"https:\/\/passeurspatrimoineplogonnec.fr\/?page_id=530","title":{"rendered":"La maison des sonneurs de Plogonnec"},"content":{"rendered":"\n<p>Le parcours de la grande trom\u00e9nie emprunte depuis le sommet de Menez ar C\u2019horn, 10<sup>e<\/sup>&nbsp;station de Saint Ronan, la voie communale n\u00b0 25 qui conduit \u00e0 Kroaz Beuliec, \u00e0 la 11<sup>e<\/sup>&nbsp;station de Saint Elo, puis \u00e0 Kroaz Keben avant la 12<sup>e<\/sup>&nbsp;station de Saint Maurice. La route marque aussi la fronti\u00e8re entre Plogonnec au sud et Locronan au nord.<\/p>\n\n\n\n<p>Peu apr\u00e8s le calvaire de Saint Elo \u2013 Kroaz Beuliec, en Plogonnec, \u00e0 une centaine de m\u00e8tres sur la gauche en marchant vers l\u2019ouest se trouve le lieu-dit de Ty Hann. C\u2019est une parcelle rectangulaire de 70 m\u00e8tres sur 30 m\u00e8tres divis\u00e9e en deux \u00e9l\u00e9ments cadastraux de la section ZB n\u00b0 5 et n\u00b0 6, &nbsp;d\u2019environ cinquante m\u00e8tres de c\u00f4t\u00e9 et en l\u00e9g\u00e8re pente vers le sud-ouest. Ce parc aujourd\u2019hui bois\u00e9 accueille les ruines d\u2019une petite maison d\u2019habitation en pierre accost\u00e9e \u00e0 chacun de ses pignons par de tr\u00e8s petites cr\u00e8ches et remises, une du c\u00f4t\u00e9 est, deux du c\u00f4t\u00e9 ouest. Les ruines sont dans la parcelle cadastrale n\u00b0 6.<\/p>\n\n\n\n<p>Ce penn-ty de Ty Hann est aussi connu sous un autre nom li\u00e9 \u00e0 la qualit\u00e9 de ses derniers occupants : \u00ab Ty ar sonerion \u00bb. Ce lieu \u00e9tait \u00e0 la fin du XIX<sup>e<\/sup>&nbsp;si\u00e8cle la propri\u00e9t\u00e9 de la paroisse de Plogonnec. Pour des raisons pratiques elle \u00e9tait lou\u00e9e ou mise \u00e0 disposition des sonneurs du secteur qui pouvaient y r\u00e9p\u00e9ter sans trop g\u00eaner le voisinage ni semer le trouble au bourg, en dehors des jours de noces. Qui plus est le site est \u00e0 \u00e9gale distance entre les bourgs de Plogonnec et de Locronan. Ce syst\u00e8me d\u2019h\u00e9bergement avantageux a perdur\u00e9 au XX<sup>e<\/sup>&nbsp;si\u00e8cle jusque dans les ann\u00e9es trente. A cette \u00e9poque y r\u00e9sidait un couple de sonneurs fort demand\u00e9s dans le pays pour les noces de nos grands-parents.<\/p>\n\n\n\n<p>Entre temps, les noces sonn\u00e9es ont fait place aux noces avec orchestre et accord\u00e9on. Les sonneurs sont d\u00e9c\u00e9d\u00e9s et \u00ab Ty ar sonerion \u00bb a \u00e9t\u00e9 oubli\u00e9 jusqu\u2019\u00e0 finir en ruine apr\u00e8s la seconde guerre mondiale.<\/p>\n\n\n\n<p class=\"has-text-align-right\">A<strong>ndr\u00e9 Bozec<\/strong><\/p>\n\n\n\n<p><strong>Photos<\/strong><\/p>\n\n\n\n<h3 class=\"wp-block-heading\" id=\"h.idlr0dhf0so5\">Les photographies illustrant cet articles sont de Madame&nbsp;<strong>Isabelle Quemeneur<\/strong>, membre du comit\u00e9 directeur de Sonerion &#8211; Bodadeg ar Sonerion.<\/h3>\n\n\n\n<p><a><\/a><a><\/a><\/p>\n\n\n\n<figure class=\"wp-block-table\"><table><tbody><tr><td><img decoding=\"async\" alt=\"\" src=\"https:\/\/lh4.googleusercontent.com\/Is3TmbR_EumL9CQbu_-IpWPbCNsuvz0BTdvM8ju9Imd248GGCd4TfZNPYzqP-ACDAUaemzxqFx0SqiETVSUm0RoemntN3NpYe-ADOAryixR-8FwTfmad02CC2km3Pc32IA\">Ty ar sonerion, vue du nord.<\/td><td><img decoding=\"async\" alt=\"\" src=\"https:\/\/lh3.googleusercontent.com\/0jSSbznxiU1vG_9SfxEXJJtJxHpbjFQ-yM4Zrz21Ine3suiXtZDITkvzmPBohbxa_IvvYhWQKboyi4ObreOuvKTrrgB6p4mfsGpb5NWw-QCDdFN3op9yt6vyARbb7D2FvQ\">Ty ar sonerion, la premi\u00e8re cr\u00e8che du c\u00f4t\u00e9 ouest.<\/td><\/tr><tr><td><img decoding=\"async\" alt=\"\" src=\"https:\/\/lh3.googleusercontent.com\/EIJStggeekFHYNbl2DZVjv9exMlSAqXjAYg0C_NjuMibYi23cgIb3ghc8iHfmVHhFKzJ1C3MlaMM7PzIw0n_WaUrGzVPCuu8ZWD_c_Qb6na66s7wn3dqWadE70clzL_54w\">&nbsp;Ty ar sonerion, le premi\u00e8re cr\u00e8che du c\u00f4t\u00e9 sud-ouest.<\/td><td><img decoding=\"async\" alt=\"\" src=\"https:\/\/lh5.googleusercontent.com\/pofBwCqHQGK5HRQ5TrhrbAQtG_FhM9TTdibJRq116Sx1x56yKirpjvZMZu0C7jnH7pVkOAJdlV1iDR_wKHM2Rx30lHdsL_yibOsu0mqJgqPfJGbCGXE3MtIxfGRhXqUHxg\">Ty ar sonerion, la chemin\u00e9e du c\u00f4t\u00e9 est.<\/td><\/tr><tr><td><img decoding=\"async\" alt=\"\" src=\"https:\/\/lh3.googleusercontent.com\/HRsrTMEIV86q2Qd-0olzmIbmAIjdehfpNrjybzYDLqe1DaUu7PbcT-lkApwaavt4Rf8f1xYb81_LYDPVo3JZxLPGu0I6BWvUyta3ZevYTgAk5kurw68l-rc_wKt-d38dmg\">Ty ar sonerion du c\u00f4t\u00e9 sud-ouest.<\/td><td><img decoding=\"async\" alt=\"\" src=\"https:\/\/lh6.googleusercontent.com\/jYwy3ZzDNQtp3FdsxNcnp6_CUiO_51bHSfaB6rECOl7bmsEfgoh_FHjq5lmAyIjpHB-qPGmOSPcek_mJG7Pc8_2ZMA57RrvOyZJm2lbIuSoV4G2DQWL5ZDoVxKswba_66Q\">Ty ar sonerion, la deuxi\u00e8me cr\u00e8che du c\u00f4t\u00e9 sud-ouest.<\/td><\/tr><tr><td><img decoding=\"async\" alt=\"\" src=\"https:\/\/lh4.googleusercontent.com\/fN76MefmVdXMMAt9OPugNfC3ej3zKoN7-Qkc3z4ypf5wp-vv_scwgdxGDb1pqwHO2-u0weNbP707hw5c3ldHkG_6wwBlsOrejyZB-2n69fCNj6MJsF7mJeo3l2DNJw0t3w\">Ty ar sonerion, la chemin\u00e9e du c\u00f4t\u00e9 est.<\/td><td><img decoding=\"async\" alt=\"\" src=\"https:\/\/lh3.googleusercontent.com\/CkAcW5YiiS9kzY1HGsxv_kHgv2NcP5TnZVfl2uoV3jrGFH2nG94Uqkzov00orWC3d1ag11SI2NMS0Mc3TN5gxjdDhPwh0ic6n9MExqqqgsE_n77AcYtvnq6shunvgsOR9w\">Ty ar sonerion, du c\u00f4t\u00e9 nord-est.<\/td><\/tr><tr><td><img decoding=\"async\" alt=\"\" src=\"https:\/\/lh6.googleusercontent.com\/cEceO0acK-YTNJ68e_eJYExmvXs_mydeHc5RHYRCA8mzn1Ird8CAS5FtasuO9AF5MBSltXBjrp1nSu3xBrWEiUKKAjNL3jDKzBGpqfiR2eljAnH6ncxmNeBMHsBNhJYt1Q\">Ty ar sonerion, la chemin\u00e9e vue du nord.<\/td><td><img decoding=\"async\" alt=\"\" src=\"https:\/\/lh6.googleusercontent.com\/IJYHMuha-mBO5_D70M2mgQhZGJbhuU2tDEpyVNSzdHNUp4pggeMnha95yk51cu2yvgqc5bWpTv-9L6ehRl8BgetCNBmqW2Ga0fngk47HoQplBJGVocdd8dlfHDV5xTDz_A\">Ty ar sonerion, la cr\u00e8che du c\u00f4t\u00e9 est.<\/td><\/tr><tr><td><img decoding=\"async\" alt=\"\" src=\"https:\/\/lh3.googleusercontent.com\/uBv46XOsgzMp_NT9FXSgkiLFgbTnvJt4O8N6MwHGQfUCypZ36u6SwNEw_W0mHklpMLm_JVwaatIOW7DIQQqc5lQ_faRCAuK6_aWzbLjOUqrRn4Jw3Zq6OypRMCvSfwG_MA\">Ty ar sonerion, le pignon ouest.<\/td><td><img decoding=\"async\" alt=\"\" src=\"https:\/\/lh5.googleusercontent.com\/EQxIkIDtVm-1UOwokXJS61OnacksYO-swNOpJ28nutgA_uyrJvAntIB7PE3nRpkZ3L-IrLhIneSUCGHtIOU6vo4kUqkWcl39FB_a6iCSU3k6Usw6YK8RT18YT7doL3n5pQ\">Ty ar sonerion, du c\u00f4t\u00e9 sud.<\/td><\/tr><tr><td><img decoding=\"async\" alt=\"\" src=\"https:\/\/lh5.googleusercontent.com\/ORTdYs4NPVe8fj2E6g7GYDFu9RGNjrHNAHjcTSFxp0GtpET2jVEeUTJgoxmH3IwQp-ruj4j7yS2adTcznIRqYVeX4aUBd_9iTZDReqw6Y_DWtfVPOfFflUZpo79r9Ct9fA\">Ty ar sonerion, l\u2019entr\u00e9e du c\u00f4t\u00e9 sud.<\/td><td><img decoding=\"async\" alt=\"\" src=\"https:\/\/lh6.googleusercontent.com\/TaMTW7suld_zKM8RpM3OqopqNtayZ6YoHD1OiWpXQzQ_EvVJtjObz6UoAnlHMDIFas6lsj42nzWU-Sv_-rFrpjmg8LP3qFvCCcCqi1y2LmIc5VijGmRmYbHBJVvzz-Sfpg\">Ty ar sonerion, du c\u00f4t\u00e9 sud.<\/td><\/tr><\/tbody><\/table><\/figure>\n","protected":false},"excerpt":{"rendered":"<p>Le parcours de la grande trom\u00e9nie emprunte depuis le sommet de Menez ar C\u2019horn, 10e&nbsp;station de Saint Ronan, la voie communale n\u00b0 25 qui conduit \u00e0 Kroaz Beuliec, \u00e0 la 11e&nbsp;station de Saint Elo, puis \u00e0 Kroaz Keben avant la &hellip; <a href=\"https:\/\/passeurspatrimoineplogonnec.fr\/?page_id=530\">Continuer la lecture <span class=\"meta-nav\">&rarr;<\/span><\/a><\/p>\n","protected":false},"author":1,"featured_media":0,"parent":0,"menu_order":0,"comment_status":"closed","ping_status":"closed","template":"","meta":{"footnotes":""},"class_list":["post-530","page","type-page","status-publish","hentry"],"yoast_head":"<!-- This site is optimized with the Yoast SEO plugin v27.4 - https:\/\/yoast.com\/product\/yoast-seo-wordpress\/ -->\n<title>La maison des sonneurs de Plogonnec - Passeurs de Patrimoine de Plogonnec<\/title>\n<meta name=\"robots\" content=\"index, follow, max-snippet:-1, max-image-preview:large, max-video-preview:-1\" \/>\n<link rel=\"canonical\" href=\"https:\/\/passeurspatrimoineplogonnec.fr\/?page_id=530\" \/>\n<meta property=\"og:locale\" content=\"fr_FR\" \/>\n<meta property=\"og:type\" content=\"article\" \/>\n<meta property=\"og:title\" content=\"La maison des sonneurs de Plogonnec - Passeurs de Patrimoine de Plogonnec\" \/>\n<meta property=\"og:description\" content=\"Le parcours de la grande trom\u00e9nie emprunte depuis le sommet de Menez ar C\u2019horn, 10e&nbsp;station de Saint Ronan, la voie communale n\u00b0 25 qui conduit \u00e0 Kroaz Beuliec, \u00e0 la 11e&nbsp;station de Saint Elo, puis \u00e0 Kroaz Keben avant la &hellip; Continuer la lecture &rarr;\" \/>\n<meta property=\"og:url\" content=\"https:\/\/passeurspatrimoineplogonnec.fr\/?page_id=530\" \/>\n<meta property=\"og:site_name\" content=\"Passeurs de Patrimoine de Plogonnec\" \/>\n<meta property=\"article:modified_time\" content=\"2023-11-12T12:16:04+00:00\" \/>\n<meta property=\"og:image\" content=\"https:\/\/lh4.googleusercontent.com\/Is3TmbR_EumL9CQbu_-IpWPbCNsuvz0BTdvM8ju9Imd248GGCd4TfZNPYzqP-ACDAUaemzxqFx0SqiETVSUm0RoemntN3NpYe-ADOAryixR-8FwTfmad02CC2km3Pc32IA\" \/>\n<meta name=\"twitter:card\" content=\"summary_large_image\" \/>\n<meta name=\"twitter:label1\" content=\"Dur\u00e9e de lecture estim\u00e9e\" \/>\n\t<meta name=\"twitter:data1\" content=\"5 minutes\" \/>\n<script type=\"application\/ld+json\" class=\"yoast-schema-graph\">{\"@context\":\"https:\\\/\\\/schema.org\",\"@graph\":[{\"@type\":\"WebPage\",\"@id\":\"https:\\\/\\\/passeurspatrimoineplogonnec.fr\\\/?page_id=530\",\"url\":\"https:\\\/\\\/passeurspatrimoineplogonnec.fr\\\/?page_id=530\",\"name\":\"La maison des sonneurs de Plogonnec - Passeurs de Patrimoine de Plogonnec\",\"isPartOf\":{\"@id\":\"https:\\\/\\\/passeurspatrimoineplogonnec.fr\\\/#website\"},\"primaryImageOfPage\":{\"@id\":\"https:\\\/\\\/passeurspatrimoineplogonnec.fr\\\/?page_id=530#primaryimage\"},\"image\":{\"@id\":\"https:\\\/\\\/passeurspatrimoineplogonnec.fr\\\/?page_id=530#primaryimage\"},\"thumbnailUrl\":\"https:\\\/\\\/lh4.googleusercontent.com\\\/Is3TmbR_EumL9CQbu_-IpWPbCNsuvz0BTdvM8ju9Imd248GGCd4TfZNPYzqP-ACDAUaemzxqFx0SqiETVSUm0RoemntN3NpYe-ADOAryixR-8FwTfmad02CC2km3Pc32IA\",\"datePublished\":\"2021-12-03T15:43:23+00:00\",\"dateModified\":\"2023-11-12T12:16:04+00:00\",\"breadcrumb\":{\"@id\":\"https:\\\/\\\/passeurspatrimoineplogonnec.fr\\\/?page_id=530#breadcrumb\"},\"inLanguage\":\"fr-FR\",\"potentialAction\":[{\"@type\":\"ReadAction\",\"target\":[\"https:\\\/\\\/passeurspatrimoineplogonnec.fr\\\/?page_id=530\"]}]},{\"@type\":\"ImageObject\",\"inLanguage\":\"fr-FR\",\"@id\":\"https:\\\/\\\/passeurspatrimoineplogonnec.fr\\\/?page_id=530#primaryimage\",\"url\":\"https:\\\/\\\/lh4.googleusercontent.com\\\/Is3TmbR_EumL9CQbu_-IpWPbCNsuvz0BTdvM8ju9Imd248GGCd4TfZNPYzqP-ACDAUaemzxqFx0SqiETVSUm0RoemntN3NpYe-ADOAryixR-8FwTfmad02CC2km3Pc32IA\",\"contentUrl\":\"https:\\\/\\\/lh4.googleusercontent.com\\\/Is3TmbR_EumL9CQbu_-IpWPbCNsuvz0BTdvM8ju9Imd248GGCd4TfZNPYzqP-ACDAUaemzxqFx0SqiETVSUm0RoemntN3NpYe-ADOAryixR-8FwTfmad02CC2km3Pc32IA\"},{\"@type\":\"BreadcrumbList\",\"@id\":\"https:\\\/\\\/passeurspatrimoineplogonnec.fr\\\/?page_id=530#breadcrumb\",\"itemListElement\":[{\"@type\":\"ListItem\",\"position\":1,\"name\":\"Accueil\",\"item\":\"https:\\\/\\\/passeurspatrimoineplogonnec.fr\\\/\"},{\"@type\":\"ListItem\",\"position\":2,\"name\":\"La maison des sonneurs de Plogonnec\"}]},{\"@type\":\"WebSite\",\"@id\":\"https:\\\/\\\/passeurspatrimoineplogonnec.fr\\\/#website\",\"url\":\"https:\\\/\\\/passeurspatrimoineplogonnec.fr\\\/\",\"name\":\"Passeurs de Patrimoine de Plogonnec\",\"description\":\"\",\"potentialAction\":[{\"@type\":\"SearchAction\",\"target\":{\"@type\":\"EntryPoint\",\"urlTemplate\":\"https:\\\/\\\/passeurspatrimoineplogonnec.fr\\\/?s={search_term_string}\"},\"query-input\":{\"@type\":\"PropertyValueSpecification\",\"valueRequired\":true,\"valueName\":\"search_term_string\"}}],\"inLanguage\":\"fr-FR\"}]}<\/script>\n<!-- \/ Yoast SEO plugin. -->","yoast_head_json":{"title":"La maison des sonneurs de Plogonnec - Passeurs de Patrimoine de Plogonnec","robots":{"index":"index","follow":"follow","max-snippet":"max-snippet:-1","max-image-preview":"max-image-preview:large","max-video-preview":"max-video-preview:-1"},"canonical":"https:\/\/passeurspatrimoineplogonnec.fr\/?page_id=530","og_locale":"fr_FR","og_type":"article","og_title":"La maison des sonneurs de Plogonnec - Passeurs de Patrimoine de Plogonnec","og_description":"Le parcours de la grande trom\u00e9nie emprunte depuis le sommet de Menez ar C\u2019horn, 10e&nbsp;station de Saint Ronan, la voie communale n\u00b0 25 qui conduit \u00e0 Kroaz Beuliec, \u00e0 la 11e&nbsp;station de Saint Elo, puis \u00e0 Kroaz Keben avant la &hellip; Continuer la lecture &rarr;","og_url":"https:\/\/passeurspatrimoineplogonnec.fr\/?page_id=530","og_site_name":"Passeurs de Patrimoine de Plogonnec","article_modified_time":"2023-11-12T12:16:04+00:00","og_image":[{"url":"https:\/\/lh4.googleusercontent.com\/Is3TmbR_EumL9CQbu_-IpWPbCNsuvz0BTdvM8ju9Imd248GGCd4TfZNPYzqP-ACDAUaemzxqFx0SqiETVSUm0RoemntN3NpYe-ADOAryixR-8FwTfmad02CC2km3Pc32IA","type":"","width":"","height":""}],"twitter_card":"summary_large_image","twitter_misc":{"Dur\u00e9e de lecture estim\u00e9e":"5 minutes"},"schema":{"@context":"https:\/\/schema.org","@graph":[{"@type":"WebPage","@id":"https:\/\/passeurspatrimoineplogonnec.fr\/?page_id=530","url":"https:\/\/passeurspatrimoineplogonnec.fr\/?page_id=530","name":"La maison des sonneurs de Plogonnec - Passeurs de Patrimoine de Plogonnec","isPartOf":{"@id":"https:\/\/passeurspatrimoineplogonnec.fr\/#website"},"primaryImageOfPage":{"@id":"https:\/\/passeurspatrimoineplogonnec.fr\/?page_id=530#primaryimage"},"image":{"@id":"https:\/\/passeurspatrimoineplogonnec.fr\/?page_id=530#primaryimage"},"thumbnailUrl":"https:\/\/lh4.googleusercontent.com\/Is3TmbR_EumL9CQbu_-IpWPbCNsuvz0BTdvM8ju9Imd248GGCd4TfZNPYzqP-ACDAUaemzxqFx0SqiETVSUm0RoemntN3NpYe-ADOAryixR-8FwTfmad02CC2km3Pc32IA","datePublished":"2021-12-03T15:43:23+00:00","dateModified":"2023-11-12T12:16:04+00:00","breadcrumb":{"@id":"https:\/\/passeurspatrimoineplogonnec.fr\/?page_id=530#breadcrumb"},"inLanguage":"fr-FR","potentialAction":[{"@type":"ReadAction","target":["https:\/\/passeurspatrimoineplogonnec.fr\/?page_id=530"]}]},{"@type":"ImageObject","inLanguage":"fr-FR","@id":"https:\/\/passeurspatrimoineplogonnec.fr\/?page_id=530#primaryimage","url":"https:\/\/lh4.googleusercontent.com\/Is3TmbR_EumL9CQbu_-IpWPbCNsuvz0BTdvM8ju9Imd248GGCd4TfZNPYzqP-ACDAUaemzxqFx0SqiETVSUm0RoemntN3NpYe-ADOAryixR-8FwTfmad02CC2km3Pc32IA","contentUrl":"https:\/\/lh4.googleusercontent.com\/Is3TmbR_EumL9CQbu_-IpWPbCNsuvz0BTdvM8ju9Imd248GGCd4TfZNPYzqP-ACDAUaemzxqFx0SqiETVSUm0RoemntN3NpYe-ADOAryixR-8FwTfmad02CC2km3Pc32IA"},{"@type":"BreadcrumbList","@id":"https:\/\/passeurspatrimoineplogonnec.fr\/?page_id=530#breadcrumb","itemListElement":[{"@type":"ListItem","position":1,"name":"Accueil","item":"https:\/\/passeurspatrimoineplogonnec.fr\/"},{"@type":"ListItem","position":2,"name":"La maison des sonneurs de Plogonnec"}]},{"@type":"WebSite","@id":"https:\/\/passeurspatrimoineplogonnec.fr\/#website","url":"https:\/\/passeurspatrimoineplogonnec.fr\/","name":"Passeurs de Patrimoine de Plogonnec","description":"","potentialAction":[{"@type":"SearchAction","target":{"@type":"EntryPoint","urlTemplate":"https:\/\/passeurspatrimoineplogonnec.fr\/?s={search_term_string}"},"query-input":{"@type":"PropertyValueSpecification","valueRequired":true,"valueName":"search_term_string"}}],"inLanguage":"fr-FR"}]}},"_links":{"self":[{"href":"https:\/\/passeurspatrimoineplogonnec.fr\/index.php?rest_route=\/wp\/v2\/pages\/530","targetHints":{"allow":["GET"]}}],"collection":[{"href":"https:\/\/passeurspatrimoineplogonnec.fr\/index.php?rest_route=\/wp\/v2\/pages"}],"about":[{"href":"https:\/\/passeurspatrimoineplogonnec.fr\/index.php?rest_route=\/wp\/v2\/types\/page"}],"author":[{"embeddable":true,"href":"https:\/\/passeurspatrimoineplogonnec.fr\/index.php?rest_route=\/wp\/v2\/users\/1"}],"replies":[{"embeddable":true,"href":"https:\/\/passeurspatrimoineplogonnec.fr\/index.php?rest_route=%2Fwp%2Fv2%2Fcomments&post=530"}],"version-history":[{"count":3,"href":"https:\/\/passeurspatrimoineplogonnec.fr\/index.php?rest_route=\/wp\/v2\/pages\/530\/revisions"}],"predecessor-version":[{"id":534,"href":"https:\/\/passeurspatrimoineplogonnec.fr\/index.php?rest_route=\/wp\/v2\/pages\/530\/revisions\/534"}],"wp:attachment":[{"href":"https:\/\/passeurspatrimoineplogonnec.fr\/index.php?rest_route=%2Fwp%2Fv2%2Fmedia&parent=530"}],"curies":[{"name":"wp","href":"https:\/\/api.w.org\/{rel}","templated":true}]}}