{"id":550,"date":"2021-12-03T17:02:54","date_gmt":"2021-12-03T16:02:54","guid":{"rendered":"http:\/\/passeurspatrimoineplogonnec.fr\/?page_id=550"},"modified":"2023-11-12T13:16:55","modified_gmt":"2023-11-12T12:16:55","slug":"la-mediatheque-de-plogonnec","status":"publish","type":"page","link":"https:\/\/passeurspatrimoineplogonnec.fr\/?page_id=550","title":{"rendered":"la m\u00e9diath\u00e8que de Plogonnec"},"content":{"rendered":"\n<p><\/p>\n\n\n\n<p><\/p>\n\n\n\n<p>En face de l\u2019\u00e9glise de Plogonnec se trouve aujourd\u2019hui la m\u00e9diath\u00e8que &nbsp;intercommunale. C\u2019est un \u00e9difice en moellon tout en longueur \u00e0 la fa\u00e7on des anciennes long\u00e8res du pays, plus \u00e9lev\u00e9 cependant et orn\u00e9 de lucarnes \u00e0 vo\u00fbtes surbaiss\u00e9es. Sur le devant subsistent des tron\u00e7ons de mur d\u2019un autre b\u00e2timent en moellon. Sur la partie gauche une salle accueille aujourd\u2019hui le dispositif de \u00ab&nbsp;cyberplogo&nbsp;\u00bb.<\/p>\n\n\n\n<p>A l\u2019origine, cet endroit se trouvant sur la route de Quimper \u00e0 Crozon accueille un relais de diligences. Puis avec le temps le relais ferme et les b\u00e2timents trouvent une destination agricole. Une premi\u00e8re cr\u00e8che \u00e0 vaches est construite sans doute au XIX<sup>e<\/sup>&nbsp;si\u00e8cle, le long de la route, &nbsp;juste en face de l\u2019\u00e9glise.<\/p>\n\n\n\n<p>Au d\u00e9but du XX<sup>e<\/sup>&nbsp;si\u00e8cle, la famille Floc\u2019h qui exploite la ferme est sollicit\u00e9e par les haras nationaux d\u2019Hennebont pour mettre sa cour arri\u00e8re \u00e0 disposition des \u00e9leveurs pour accueillir une station de monte foraine. Avec l\u2019augmentation des activit\u00e9s de monte, la famille Floc\u2019h, avec l\u2019appui de l\u2019administration des haras, \u00e9difie une seconde cr\u00e8che accol\u00e9e \u00e0 la premi\u00e8re et destin\u00e9e \u00e0 recevoir les \u00e9quid\u00e9s. Mais entre-temps, l\u2019administration retient le site de La Coudraye en Penhars comme station de monte officielle.<\/p>\n\n\n\n<p>Les deux cr\u00e8ches du centre bourg retrouvent alors une simple destination agricole. La vieille cr\u00e8che \u00e0 vaches accueille un troupeau de \u201cpie noire\u201d jusque vers les ann\u00e9es 1980. Puis tout s\u2019arr\u00eate au d\u00e9c\u00e8s de Jean Floc\u2019h, le dernier exploitant.<\/p>\n\n\n\n<p>Le b\u00e2timent se d\u00e9grade et fait un peu t\u00e2che face \u00e0 l\u2019\u00e9glise.<\/p>\n\n\n\n<p>En 1999, la commune de Plogonnec devient propri\u00e9taire de l\u2019ensemble et d\u00e9cide d\u2019y \u00e9tablir une m\u00e9diath\u00e8que intercommunale. Le tout est compl\u00e8tement repris sur le plan architectural et la m\u00e9diath\u00e8que est inaugur\u00e9e en mai 2001. &nbsp;<\/p>\n\n\n\n<p class=\"has-text-align-right\"><strong>Andr\u00e9 BOZEC<\/strong><\/p>\n\n\n\n<figure class=\"wp-block-image size-full\"><img loading=\"lazy\" decoding=\"async\" width=\"600\" height=\"450\" src=\"http:\/\/passeurspatrimoineplogonnec.fr\/wp-content\/uploads\/2021\/12\/Mediatheque.jpg\" alt=\"\" class=\"wp-image-555\" srcset=\"https:\/\/passeurspatrimoineplogonnec.fr\/wp-content\/uploads\/2021\/12\/Mediatheque.jpg 600w, https:\/\/passeurspatrimoineplogonnec.fr\/wp-content\/uploads\/2021\/12\/Mediatheque-300x225.jpg 300w\" sizes=\"auto, (max-width: 600px) 100vw, 600px\" \/><\/figure>\n","protected":false},"excerpt":{"rendered":"<p>En face de l\u2019\u00e9glise de Plogonnec se trouve aujourd\u2019hui la m\u00e9diath\u00e8que &nbsp;intercommunale. C\u2019est un \u00e9difice en moellon tout en longueur \u00e0 la fa\u00e7on des anciennes long\u00e8res du pays, plus \u00e9lev\u00e9 cependant et orn\u00e9 de lucarnes \u00e0 vo\u00fbtes surbaiss\u00e9es. Sur le &hellip; <a href=\"https:\/\/passeurspatrimoineplogonnec.fr\/?page_id=550\">Continuer la lecture <span class=\"meta-nav\">&rarr;<\/span><\/a><\/p>\n","protected":false},"author":1,"featured_media":0,"parent":0,"menu_order":0,"comment_status":"closed","ping_status":"closed","template":"","meta":{"footnotes":""},"class_list":["post-550","page","type-page","status-publish","hentry"],"yoast_head":"<!-- This site is optimized with the Yoast SEO plugin v27.4 - https:\/\/yoast.com\/product\/yoast-seo-wordpress\/ -->\n<title>la m\u00e9diath\u00e8que de Plogonnec - Passeurs de Patrimoine de Plogonnec<\/title>\n<meta name=\"robots\" content=\"index, follow, max-snippet:-1, max-image-preview:large, max-video-preview:-1\" \/>\n<link rel=\"canonical\" href=\"https:\/\/passeurspatrimoineplogonnec.fr\/?page_id=550\" \/>\n<meta property=\"og:locale\" content=\"fr_FR\" \/>\n<meta property=\"og:type\" content=\"article\" \/>\n<meta property=\"og:title\" content=\"la m\u00e9diath\u00e8que de Plogonnec - Passeurs de Patrimoine de Plogonnec\" \/>\n<meta property=\"og:description\" content=\"En face de l\u2019\u00e9glise de Plogonnec se trouve aujourd\u2019hui la m\u00e9diath\u00e8que &nbsp;intercommunale. C\u2019est un \u00e9difice en moellon tout en longueur \u00e0 la fa\u00e7on des anciennes long\u00e8res du pays, plus \u00e9lev\u00e9 cependant et orn\u00e9 de lucarnes \u00e0 vo\u00fbtes surbaiss\u00e9es. Sur le &hellip; Continuer la lecture &rarr;\" \/>\n<meta property=\"og:url\" content=\"https:\/\/passeurspatrimoineplogonnec.fr\/?page_id=550\" \/>\n<meta property=\"og:site_name\" content=\"Passeurs de Patrimoine de Plogonnec\" \/>\n<meta property=\"article:modified_time\" content=\"2023-11-12T12:16:55+00:00\" \/>\n<meta property=\"og:image\" content=\"http:\/\/passeurspatrimoineplogonnec.fr\/wp-content\/uploads\/2021\/12\/Mediatheque.jpg\" \/>\n<meta name=\"twitter:card\" content=\"summary_large_image\" \/>\n<meta name=\"twitter:label1\" content=\"Dur\u00e9e de lecture estim\u00e9e\" \/>\n\t<meta name=\"twitter:data1\" content=\"2 minutes\" \/>\n<script type=\"application\/ld+json\" class=\"yoast-schema-graph\">{\"@context\":\"https:\\\/\\\/schema.org\",\"@graph\":[{\"@type\":\"WebPage\",\"@id\":\"https:\\\/\\\/passeurspatrimoineplogonnec.fr\\\/?page_id=550\",\"url\":\"https:\\\/\\\/passeurspatrimoineplogonnec.fr\\\/?page_id=550\",\"name\":\"la m\u00e9diath\u00e8que de Plogonnec - Passeurs de Patrimoine de Plogonnec\",\"isPartOf\":{\"@id\":\"https:\\\/\\\/passeurspatrimoineplogonnec.fr\\\/#website\"},\"primaryImageOfPage\":{\"@id\":\"https:\\\/\\\/passeurspatrimoineplogonnec.fr\\\/?page_id=550#primaryimage\"},\"image\":{\"@id\":\"https:\\\/\\\/passeurspatrimoineplogonnec.fr\\\/?page_id=550#primaryimage\"},\"thumbnailUrl\":\"http:\\\/\\\/passeurspatrimoineplogonnec.fr\\\/wp-content\\\/uploads\\\/2021\\\/12\\\/Mediatheque.jpg\",\"datePublished\":\"2021-12-03T16:02:54+00:00\",\"dateModified\":\"2023-11-12T12:16:55+00:00\",\"breadcrumb\":{\"@id\":\"https:\\\/\\\/passeurspatrimoineplogonnec.fr\\\/?page_id=550#breadcrumb\"},\"inLanguage\":\"fr-FR\",\"potentialAction\":[{\"@type\":\"ReadAction\",\"target\":[\"https:\\\/\\\/passeurspatrimoineplogonnec.fr\\\/?page_id=550\"]}]},{\"@type\":\"ImageObject\",\"inLanguage\":\"fr-FR\",\"@id\":\"https:\\\/\\\/passeurspatrimoineplogonnec.fr\\\/?page_id=550#primaryimage\",\"url\":\"https:\\\/\\\/passeurspatrimoineplogonnec.fr\\\/wp-content\\\/uploads\\\/2021\\\/12\\\/Mediatheque.jpg\",\"contentUrl\":\"https:\\\/\\\/passeurspatrimoineplogonnec.fr\\\/wp-content\\\/uploads\\\/2021\\\/12\\\/Mediatheque.jpg\",\"width\":600,\"height\":450},{\"@type\":\"BreadcrumbList\",\"@id\":\"https:\\\/\\\/passeurspatrimoineplogonnec.fr\\\/?page_id=550#breadcrumb\",\"itemListElement\":[{\"@type\":\"ListItem\",\"position\":1,\"name\":\"Accueil\",\"item\":\"https:\\\/\\\/passeurspatrimoineplogonnec.fr\\\/\"},{\"@type\":\"ListItem\",\"position\":2,\"name\":\"la m\u00e9diath\u00e8que de Plogonnec\"}]},{\"@type\":\"WebSite\",\"@id\":\"https:\\\/\\\/passeurspatrimoineplogonnec.fr\\\/#website\",\"url\":\"https:\\\/\\\/passeurspatrimoineplogonnec.fr\\\/\",\"name\":\"Passeurs de Patrimoine de Plogonnec\",\"description\":\"\",\"potentialAction\":[{\"@type\":\"SearchAction\",\"target\":{\"@type\":\"EntryPoint\",\"urlTemplate\":\"https:\\\/\\\/passeurspatrimoineplogonnec.fr\\\/?s={search_term_string}\"},\"query-input\":{\"@type\":\"PropertyValueSpecification\",\"valueRequired\":true,\"valueName\":\"search_term_string\"}}],\"inLanguage\":\"fr-FR\"}]}<\/script>\n<!-- \/ Yoast SEO plugin. -->","yoast_head_json":{"title":"la m\u00e9diath\u00e8que de Plogonnec - Passeurs de Patrimoine de Plogonnec","robots":{"index":"index","follow":"follow","max-snippet":"max-snippet:-1","max-image-preview":"max-image-preview:large","max-video-preview":"max-video-preview:-1"},"canonical":"https:\/\/passeurspatrimoineplogonnec.fr\/?page_id=550","og_locale":"fr_FR","og_type":"article","og_title":"la m\u00e9diath\u00e8que de Plogonnec - Passeurs de Patrimoine de Plogonnec","og_description":"En face de l\u2019\u00e9glise de Plogonnec se trouve aujourd\u2019hui la m\u00e9diath\u00e8que &nbsp;intercommunale. C\u2019est un \u00e9difice en moellon tout en longueur \u00e0 la fa\u00e7on des anciennes long\u00e8res du pays, plus \u00e9lev\u00e9 cependant et orn\u00e9 de lucarnes \u00e0 vo\u00fbtes surbaiss\u00e9es. Sur le &hellip; Continuer la lecture &rarr;","og_url":"https:\/\/passeurspatrimoineplogonnec.fr\/?page_id=550","og_site_name":"Passeurs de Patrimoine de Plogonnec","article_modified_time":"2023-11-12T12:16:55+00:00","og_image":[{"url":"http:\/\/passeurspatrimoineplogonnec.fr\/wp-content\/uploads\/2021\/12\/Mediatheque.jpg","type":"","width":"","height":""}],"twitter_card":"summary_large_image","twitter_misc":{"Dur\u00e9e de lecture estim\u00e9e":"2 minutes"},"schema":{"@context":"https:\/\/schema.org","@graph":[{"@type":"WebPage","@id":"https:\/\/passeurspatrimoineplogonnec.fr\/?page_id=550","url":"https:\/\/passeurspatrimoineplogonnec.fr\/?page_id=550","name":"la m\u00e9diath\u00e8que de Plogonnec - Passeurs de Patrimoine de Plogonnec","isPartOf":{"@id":"https:\/\/passeurspatrimoineplogonnec.fr\/#website"},"primaryImageOfPage":{"@id":"https:\/\/passeurspatrimoineplogonnec.fr\/?page_id=550#primaryimage"},"image":{"@id":"https:\/\/passeurspatrimoineplogonnec.fr\/?page_id=550#primaryimage"},"thumbnailUrl":"http:\/\/passeurspatrimoineplogonnec.fr\/wp-content\/uploads\/2021\/12\/Mediatheque.jpg","datePublished":"2021-12-03T16:02:54+00:00","dateModified":"2023-11-12T12:16:55+00:00","breadcrumb":{"@id":"https:\/\/passeurspatrimoineplogonnec.fr\/?page_id=550#breadcrumb"},"inLanguage":"fr-FR","potentialAction":[{"@type":"ReadAction","target":["https:\/\/passeurspatrimoineplogonnec.fr\/?page_id=550"]}]},{"@type":"ImageObject","inLanguage":"fr-FR","@id":"https:\/\/passeurspatrimoineplogonnec.fr\/?page_id=550#primaryimage","url":"https:\/\/passeurspatrimoineplogonnec.fr\/wp-content\/uploads\/2021\/12\/Mediatheque.jpg","contentUrl":"https:\/\/passeurspatrimoineplogonnec.fr\/wp-content\/uploads\/2021\/12\/Mediatheque.jpg","width":600,"height":450},{"@type":"BreadcrumbList","@id":"https:\/\/passeurspatrimoineplogonnec.fr\/?page_id=550#breadcrumb","itemListElement":[{"@type":"ListItem","position":1,"name":"Accueil","item":"https:\/\/passeurspatrimoineplogonnec.fr\/"},{"@type":"ListItem","position":2,"name":"la m\u00e9diath\u00e8que de Plogonnec"}]},{"@type":"WebSite","@id":"https:\/\/passeurspatrimoineplogonnec.fr\/#website","url":"https:\/\/passeurspatrimoineplogonnec.fr\/","name":"Passeurs de Patrimoine de Plogonnec","description":"","potentialAction":[{"@type":"SearchAction","target":{"@type":"EntryPoint","urlTemplate":"https:\/\/passeurspatrimoineplogonnec.fr\/?s={search_term_string}"},"query-input":{"@type":"PropertyValueSpecification","valueRequired":true,"valueName":"search_term_string"}}],"inLanguage":"fr-FR"}]}},"_links":{"self":[{"href":"https:\/\/passeurspatrimoineplogonnec.fr\/index.php?rest_route=\/wp\/v2\/pages\/550","targetHints":{"allow":["GET"]}}],"collection":[{"href":"https:\/\/passeurspatrimoineplogonnec.fr\/index.php?rest_route=\/wp\/v2\/pages"}],"about":[{"href":"https:\/\/passeurspatrimoineplogonnec.fr\/index.php?rest_route=\/wp\/v2\/types\/page"}],"author":[{"embeddable":true,"href":"https:\/\/passeurspatrimoineplogonnec.fr\/index.php?rest_route=\/wp\/v2\/users\/1"}],"replies":[{"embeddable":true,"href":"https:\/\/passeurspatrimoineplogonnec.fr\/index.php?rest_route=%2Fwp%2Fv2%2Fcomments&post=550"}],"version-history":[{"count":4,"href":"https:\/\/passeurspatrimoineplogonnec.fr\/index.php?rest_route=\/wp\/v2\/pages\/550\/revisions"}],"predecessor-version":[{"id":557,"href":"https:\/\/passeurspatrimoineplogonnec.fr\/index.php?rest_route=\/wp\/v2\/pages\/550\/revisions\/557"}],"wp:attachment":[{"href":"https:\/\/passeurspatrimoineplogonnec.fr\/index.php?rest_route=%2Fwp%2Fv2%2Fmedia&parent=550"}],"curies":[{"name":"wp","href":"https:\/\/api.w.org\/{rel}","templated":true}]}}