{"id":605,"date":"2021-12-03T18:01:18","date_gmt":"2021-12-03T17:01:18","guid":{"rendered":"http:\/\/passeurspatrimoineplogonnec.fr\/?page_id=605"},"modified":"2023-11-12T13:22:33","modified_gmt":"2023-11-12T12:22:33","slug":"histoire-dun-plogonniste-a-la-guerre-des-balkans","status":"publish","type":"page","link":"https:\/\/passeurspatrimoineplogonnec.fr\/?page_id=605","title":{"rendered":"Histoire d&rsquo;un Plogonniste \u00e0 la guerre des Balkans"},"content":{"rendered":"\n<p><\/p>\n\n\n\n<p>Histoire d\u2019un poilu de Plogonnec qui fit la guerre des Balkans.<\/p>\n\n\n\n<p><strong>Louis JUGEAU<\/strong><\/p>\n\n\n\n<p>Plogonnec compte officiellement cent soixante-sept \u00ab&nbsp;Morts pour la France&nbsp;\u00bb du fait de la premi\u00e8re guerre mondiale.<\/p>\n\n\n\n<p>En soit, ce chiffre est important pour une commune atteignant tout juste trois mille habitants au d\u00e9but du conflit. A cela il faut rajouter les personnes bless\u00e9es ou intoxiqu\u00e9es &nbsp;durant les combats qui d\u00e9c\u00e9d\u00e8rent rapidement apr\u00e8s la fin de la guerre. Dans le cas de Plogonnec, l\u2019on approcherait facilement le chiffre de deux cent personnes d\u00e9c\u00e9d\u00e9es du fait de cette guerre, soit presque 7% de la population totale.<\/p>\n\n\n\n<p>A c\u00f4t\u00e9 de tous ces morts, le lot militaire des plogonnistes &nbsp;fut celui de tous les Bretons, bien souvent expos\u00e9s plus largement que d\u2019autres r\u00e9giments issus d\u2019autres r\u00e9gions. Il y eut aussi des parcours atypiques et assez exceptionnels comme celui de Louis JUGEAU.<\/p>\n\n\n\n<p>Louis Marie Joseph JUGEAU est n\u00e9 le 07 mars 1894, \u00e0 Tr\u00e9vourda, dans la commune de Guengat. Il d\u00e9c\u00e8de le 12 mars 1970 \u00e0 Plogonnec, chez lui, en face de la route de la ferme de Kerustans. Il est issu d\u2019un milieu assez modeste et dans la soci\u00e9t\u00e9 traditionnelle bretonne du d\u00e9but du XX<sup>\u00e8me<\/sup>&nbsp;si\u00e8cle, son avenir se dessine comme ouvrier agricole et palefrenier. La premi\u00e8re guerre mondiale viendra modifier ce parcours.<\/p>\n\n\n\n<p>Au d\u00e9but de sa p\u00e9riode militaire Louis JUGEAU est affect\u00e9 dans la Marne. Comme tout combattant il y conna\u00eet la vie des tranch\u00e9es, temp\u00e9r\u00e9e du fait qu\u2019il s\u2019occupe des chevaux.<\/p>\n\n\n\n<p>Un jour vient la nouvelle : le front sud a besoin de palefreniers&nbsp;!<\/p>\n\n\n\n<p>L\u2019horizon marnois de Louis lui p\u00e8se. Quant au front sud, pour notre petit glazik cela signifie tout juste quelques kilom\u00e8tres en arri\u00e8re&nbsp;! Sit\u00f4t entendu, sit\u00f4t fait. Notre palefrenier se porte volontaire \u2026 Entre temps le front sud se pr\u00e9cise g\u00e9ographiquement&nbsp;: il s\u2019agit des Balkans, zone totalement inconnue et inimaginable pour notre Louis&nbsp;! On lui indique qu\u2019il doit rallier le port de Marseille, sans doute quelque chose du style de Douarnenez, mais en un peu plus grand&nbsp;!<\/p>\n\n\n\n<p>Arriv\u00e9 \u00e0 destination, c\u2019est l\u2019horreur&nbsp;! Il faut embarquer sur un b\u00e2timent, avec le risque de couler&nbsp;! Louis n\u2019est pas vraiment familier avec l\u2019\u00e9l\u00e9ment liquide, ni pour se laver, ni pour le mettre dans son verre. Il fera donc tout le trajet en ayant &nbsp;soin de garder sous son oreiller son pistolet charg\u00e9, pr\u00eat \u00e0 se tirer une balle dans la t\u00eate en cas de noyade par submersion.<\/p>\n\n\n\n<p>Destination, les bouches du Kotor dans la principaut\u00e9 du Mont\u00e9n\u00e9gro.<\/p>\n\n\n\n<p>A cette \u00e9poque une grande partie se joue dans ce secteur entre les Alli\u00e9s et les Serbes contre les Turcs et les Autrichiens. C\u2019est la campagne de Serbie qui se d\u00e9roule d\u2019octobre \u00e0 d\u00e9cembre 1915, puis c\u2019est le front d\u2019Orient. Louis est constamment en mouvement. Il fait une grande tourn\u00e9e au sein des Balkans&nbsp;: le Mont\u00e9n\u00e9gro, le sandjak de Novi-Passar, le Kosovo, la Serbie, la Mac\u00e9doine, la Thessalonique, la Thrace du sud, la Roum\u00e9lie orientale, la Bulgarie, la Valachie et la Basse Moldavie, la Bessarabie, la Kherson, la Tauride. (C.F. \u00ab&nbsp;Capitaine CONAN&nbsp;\u00bb de Roger Vercel, Editions Albin Michel, 1934).<\/p>\n\n\n\n<p>Dans toutes ces p\u00e9r\u00e9grinations Louis JUGEAU s\u2019occupe des chevaux. Le petit \u00ab&nbsp;paotr- saout&nbsp;\u00bb de Plogonnec se trouve ainsi constamment proche de la ligne de front.<\/p>\n\n\n\n<p>La guerre mondiale s\u2019ach\u00e8ve officiellement le 11 novembre 1918, mais pas pour Louis JUGEAU.<\/p>\n\n\n\n<p>En Ukraine, la guerre se poursuit pour les troupes fran\u00e7aises qui restent soutenir le g\u00e9n\u00e9ral DENIKINE en 1919, puis le g\u00e9n\u00e9ral WRANGEL en 1920. Mais en septembre 1920 le front du sud se disloque devant la pouss\u00e9e des bolcheviques. Louis JUGEAU se retrouve ainsi \u00e9gar\u00e9, \u00e0 pied, dans un repli anarchique des troupes fran\u00e7aises sur la plaine des Zaporogues. A ses trousses, mont\u00e9s sur des tarpans les petits cavaliers mongols Kalmouks s\u2019amusent \u00e0 couper les t\u00eates des fran\u00e7ais avec leurs sabres courb\u00e9s.<\/p>\n\n\n\n<p>Dans cet univers dantesque, Louis JUGEAU rencontre &nbsp;fortuitement un compatriote qu\u2019il a entendu jurer en breton. C\u2019est un d\u00e9nomm\u00e9 GUILLOU de Kerfeunteun&nbsp;! Celui-ci lui explique que la rivi\u00e8re Dniestr n\u2019est plus tr\u00e8s loin. Elle sert de fronti\u00e8re entre la Kherson et la Bessarabie qui reste sous le contr\u00f4le de la Roumanie. De cet autre c\u00f4t\u00e9 ils seront en s\u00e9curit\u00e9.<\/p>\n\n\n\n<p>En continuant leur marche forc\u00e9e nos deux Glaziks pourront peut-\u00eatre atteindre la fronti\u00e8re \u00e0 temps. Mais la fatigue, la faim et le manque de sommeil ont raison de Louis JUGEAU. Avisant une meule de foin dans la plaine, il s\u2019y arr\u00eate pour faire un petit somme, malgr\u00e9 la mise en garde de son coll\u00e8gue. Le petit somme dure jusqu\u2019au soir et lorsqu\u2019il se r\u00e9veille, Louis JUGEAU d\u00e9couvre que la meule est entour\u00e9e par un petit d\u00e9tachement de Kalmouks&nbsp;! Et chose plus g\u00eanante, ces derniers viennent se servir en foin r\u00e9guli\u00e8rement. Louis reste planqu\u00e9 dans sa cachette toute la nuit. Au petit matin, les Kalmouks s\u2019en vont et remontent vers l\u2019est car le froid arrive. Pour Louis JUGEAU il est urgent de foncer plein ouest pour atteindre le Dniestr. Il y arrive en d\u00e9but de soir\u00e9e. Mais au cours de la journ\u00e9e le temps s\u2019est grandement refroidi, ce qui peut expliquer le repli des Kalmouks.<\/p>\n\n\n\n<p>Au gu\u00e9 du Dniestr c\u2019est une pleine pagaille la travers\u00e9e. Fid\u00e8le \u00e0 sa phobie de l\u2019eau, Louis JUGEAU parvient astucieusement \u00e0 traverser le fleuve \u00e0 l\u2019eau glaciale. Mais \u00e0 peine a-t-il mis pied sur la rive roumaine, il se fait un grand tumulte. &nbsp;<\/p>\n\n\n\n<p>Pr\u00e8s de lui, au milieu du fleuve, un cavalier chamarr\u00e9 qui supervise les man\u0153uvres de passage vient de tomber de son cheval. La panique et l\u2019eau quasi glac\u00e9e m\u00e8nent celui-ci vers une noyade certaine et personne ne r\u00e9agit. A cet instant, et sans savoir pourquoi, Louis JUGEAU, surmontant son aversion pour l\u2019eau, se jette dans le fleuve, et tout en pataugeant, il attrape le cavalier et le ram\u00e8ne vers la berge. Imm\u00e9diatement il se voit entour\u00e9 par un groupe d\u2019officiers de diverses nations qui porte secours au demi-noy\u00e9. Dans ce groupe un officier fran\u00e7ais se fait conna\u00eetre et prend imm\u00e9diatement en charge Louis JUGEAU.<\/p>\n\n\n\n<p>Le lendemain soir Louis JUGEAU est convoqu\u00e9 au quartier g\u00e9n\u00e9ral. Plein d\u2019appr\u00e9hension, Louis se voit d\u00e9j\u00e0 devant le conseil de guerre du fait de son repli retard\u00e9 depuis l\u2019Ukraine. A l\u2019heure convenue il est transport\u00e9 \u00e0 la tente du commandement. L\u00e0, il est re\u00e7u par tout un ensemble de militaires de hauts grades richement chamarr\u00e9s qui s\u2019adressent \u00e0 lui dans une langue qu\u2019il ne comprend pas. Puis appara\u00eet le demi-noy\u00e9 de la veille, lui aussi en grande tenue, qui lui dit quelques mots de remerciement et lui remet une belle m\u00e9daille&nbsp;! A cet instant, l\u2019officier fran\u00e7ais rencontr\u00e9 la veille lui explique que la personne qu\u2019il a sauv\u00e9e de la noyade n\u2019est autre que le prince Nicolas de HOHENZOLLERN-SIGMARINGEN, deuxi\u00e8me fils du roi FERDINAND Ier de Roumanie.<\/p>\n\n\n\n<p>Pour son acte exceptionnel il re\u00e7oit en plus une m\u00e9daille fran\u00e7aise. Ainsi prend fin en beaut\u00e9 et bravoure la carri\u00e8re du soldat palefrenier Louis JUGEAU.<\/p>\n\n\n\n<p class=\"has-text-align-right\"><strong>Andr\u00e9 BOZEC<\/strong><\/p>\n\n\n\n<p><strong>Remarques&nbsp;:<\/strong>&nbsp;<\/p>\n\n\n\n<p>1\u00b0) J\u2019ai rencontr\u00e9 personnellement Louis JUGEAU \u00e0 plusieurs reprises, lorsqu\u2019il venait b\u00eacher le jardin chez mes parents. A cette \u00e9poque o\u00f9 les retraites agricoles venaient \u00e0 peine de se mettre en place, ces travaux de jardinage lui faisaient un compl\u00e9ment de revenus. Je crois pouvoir dire qu\u2019il \u00e9tait un familier de notre famille. Il aimait bien relater son parcours militaire surtout devant un bout de bara-segal&nbsp;avec du kig-sall (le vieux pain noir d\u2019antan qui n\u2019a plus rien \u00e0 voir avec ce que l\u2019on trouve aujourd\u2019hui).<\/p>\n\n\n\n<p>2\u00b0) Je n\u2019ai que tr\u00e8s vaguement vu ses m\u00e9dailles et un dipl\u00f4me qu\u2019il affichait dans sa cuisine. Du personnage, il en ressort une brave r\u00e9alit\u00e9, objective, qui n\u2019avait h\u00e9las que peu d\u2019impact aupr\u00e8s de l\u2019auditoire de base&nbsp;car une telle trajectoire d\u00e9passait les capacit\u00e9s d\u2019analyse et de compr\u00e9hension de l\u2019auditeur local. De ce fait, Louis JUGEAU est bien souvent apparu pour ses contemporains comme un affabulateur bien sympathique, alors qu\u2019en r\u00e9alit\u00e9 il s\u2019est content\u00e9 de se faire le t\u00e9moin oral et v\u00e9cu d\u2019une aventure extraordinaire.<\/p>\n\n\n\n<p>3\u00b0) Un autre Plogonniste, Guengatais de souche, Herv\u00e9 PETITBON (famille BACUS) conna\u00eetra aussi un parcours atypique en Syrie. Il sera assi\u00e9g\u00e9 &nbsp;par les Turcs dans sa garnison situ\u00e9e dans les montagnes du Liban. Les vivres manquant, il y mangera du rat, son ceinturon et ses chaussures&nbsp;! Il assistera plus tard \u00e0 l\u2019entr\u00e9e triomphale de Lawrence d\u2019Arabie le 01\/10\/1918 dans Damas. Il nous a compt\u00e9 gentiment tout cela au grand air au bout du chemin de Kergaradec depuis la route du Juc\u2019h o\u00f9 il aimait aller se poser sur les troncs d\u2019arbres vers\u00e9s par le remembrement, alors que nous allions faire des cabanes dans les talus des environs. Lui aussi subira les railleries d\u2019un entourage peu ouvert intellectuellement \u00e0 cette histoire.<\/p>\n\n\n\n<p><\/p>\n","protected":false},"excerpt":{"rendered":"<p>Histoire d\u2019un poilu de Plogonnec qui fit la guerre des Balkans. Louis JUGEAU Plogonnec compte officiellement cent soixante-sept \u00ab&nbsp;Morts pour la France&nbsp;\u00bb du fait de la premi\u00e8re guerre mondiale. En soit, ce chiffre est important pour une commune atteignant tout &hellip; <a href=\"https:\/\/passeurspatrimoineplogonnec.fr\/?page_id=605\">Continuer la lecture <span class=\"meta-nav\">&rarr;<\/span><\/a><\/p>\n","protected":false},"author":1,"featured_media":0,"parent":0,"menu_order":0,"comment_status":"closed","ping_status":"closed","template":"","meta":{"footnotes":""},"class_list":["post-605","page","type-page","status-publish","hentry"],"yoast_head":"<!-- This site is optimized with the Yoast SEO plugin v27.4 - https:\/\/yoast.com\/product\/yoast-seo-wordpress\/ -->\n<title>Histoire d&#039;un Plogonniste \u00e0 la guerre des Balkans - Passeurs de Patrimoine de Plogonnec<\/title>\n<meta name=\"robots\" content=\"index, follow, max-snippet:-1, max-image-preview:large, max-video-preview:-1\" \/>\n<link rel=\"canonical\" href=\"https:\/\/passeurspatrimoineplogonnec.fr\/?page_id=605\" \/>\n<meta property=\"og:locale\" content=\"fr_FR\" \/>\n<meta property=\"og:type\" content=\"article\" \/>\n<meta property=\"og:title\" content=\"Histoire d&#039;un Plogonniste \u00e0 la guerre des Balkans - Passeurs de Patrimoine de Plogonnec\" \/>\n<meta property=\"og:description\" content=\"Histoire d\u2019un poilu de Plogonnec qui fit la guerre des Balkans. Louis JUGEAU Plogonnec compte officiellement cent soixante-sept \u00ab&nbsp;Morts pour la France&nbsp;\u00bb du fait de la premi\u00e8re guerre mondiale. En soit, ce chiffre est important pour une commune atteignant tout &hellip; Continuer la lecture &rarr;\" \/>\n<meta property=\"og:url\" content=\"https:\/\/passeurspatrimoineplogonnec.fr\/?page_id=605\" \/>\n<meta property=\"og:site_name\" content=\"Passeurs de Patrimoine de Plogonnec\" \/>\n<meta property=\"article:modified_time\" content=\"2023-11-12T12:22:33+00:00\" \/>\n<meta name=\"twitter:card\" content=\"summary_large_image\" \/>\n<meta name=\"twitter:label1\" content=\"Dur\u00e9e de lecture estim\u00e9e\" \/>\n\t<meta name=\"twitter:data1\" content=\"7 minutes\" \/>\n<script type=\"application\/ld+json\" class=\"yoast-schema-graph\">{\"@context\":\"https:\\\/\\\/schema.org\",\"@graph\":[{\"@type\":\"WebPage\",\"@id\":\"https:\\\/\\\/passeurspatrimoineplogonnec.fr\\\/?page_id=605\",\"url\":\"https:\\\/\\\/passeurspatrimoineplogonnec.fr\\\/?page_id=605\",\"name\":\"Histoire d'un Plogonniste \u00e0 la guerre des Balkans - Passeurs de Patrimoine de Plogonnec\",\"isPartOf\":{\"@id\":\"https:\\\/\\\/passeurspatrimoineplogonnec.fr\\\/#website\"},\"datePublished\":\"2021-12-03T17:01:18+00:00\",\"dateModified\":\"2023-11-12T12:22:33+00:00\",\"breadcrumb\":{\"@id\":\"https:\\\/\\\/passeurspatrimoineplogonnec.fr\\\/?page_id=605#breadcrumb\"},\"inLanguage\":\"fr-FR\",\"potentialAction\":[{\"@type\":\"ReadAction\",\"target\":[\"https:\\\/\\\/passeurspatrimoineplogonnec.fr\\\/?page_id=605\"]}]},{\"@type\":\"BreadcrumbList\",\"@id\":\"https:\\\/\\\/passeurspatrimoineplogonnec.fr\\\/?page_id=605#breadcrumb\",\"itemListElement\":[{\"@type\":\"ListItem\",\"position\":1,\"name\":\"Accueil\",\"item\":\"https:\\\/\\\/passeurspatrimoineplogonnec.fr\\\/\"},{\"@type\":\"ListItem\",\"position\":2,\"name\":\"Histoire d&#8217;un Plogonniste \u00e0 la guerre des Balkans\"}]},{\"@type\":\"WebSite\",\"@id\":\"https:\\\/\\\/passeurspatrimoineplogonnec.fr\\\/#website\",\"url\":\"https:\\\/\\\/passeurspatrimoineplogonnec.fr\\\/\",\"name\":\"Passeurs de Patrimoine de Plogonnec\",\"description\":\"\",\"potentialAction\":[{\"@type\":\"SearchAction\",\"target\":{\"@type\":\"EntryPoint\",\"urlTemplate\":\"https:\\\/\\\/passeurspatrimoineplogonnec.fr\\\/?s={search_term_string}\"},\"query-input\":{\"@type\":\"PropertyValueSpecification\",\"valueRequired\":true,\"valueName\":\"search_term_string\"}}],\"inLanguage\":\"fr-FR\"}]}<\/script>\n<!-- \/ Yoast SEO plugin. -->","yoast_head_json":{"title":"Histoire d'un Plogonniste \u00e0 la guerre des Balkans - Passeurs de Patrimoine de Plogonnec","robots":{"index":"index","follow":"follow","max-snippet":"max-snippet:-1","max-image-preview":"max-image-preview:large","max-video-preview":"max-video-preview:-1"},"canonical":"https:\/\/passeurspatrimoineplogonnec.fr\/?page_id=605","og_locale":"fr_FR","og_type":"article","og_title":"Histoire d'un Plogonniste \u00e0 la guerre des Balkans - Passeurs de Patrimoine de Plogonnec","og_description":"Histoire d\u2019un poilu de Plogonnec qui fit la guerre des Balkans. Louis JUGEAU Plogonnec compte officiellement cent soixante-sept \u00ab&nbsp;Morts pour la France&nbsp;\u00bb du fait de la premi\u00e8re guerre mondiale. En soit, ce chiffre est important pour une commune atteignant tout &hellip; Continuer la lecture &rarr;","og_url":"https:\/\/passeurspatrimoineplogonnec.fr\/?page_id=605","og_site_name":"Passeurs de Patrimoine de Plogonnec","article_modified_time":"2023-11-12T12:22:33+00:00","twitter_card":"summary_large_image","twitter_misc":{"Dur\u00e9e de lecture estim\u00e9e":"7 minutes"},"schema":{"@context":"https:\/\/schema.org","@graph":[{"@type":"WebPage","@id":"https:\/\/passeurspatrimoineplogonnec.fr\/?page_id=605","url":"https:\/\/passeurspatrimoineplogonnec.fr\/?page_id=605","name":"Histoire d'un Plogonniste \u00e0 la guerre des Balkans - Passeurs de Patrimoine de Plogonnec","isPartOf":{"@id":"https:\/\/passeurspatrimoineplogonnec.fr\/#website"},"datePublished":"2021-12-03T17:01:18+00:00","dateModified":"2023-11-12T12:22:33+00:00","breadcrumb":{"@id":"https:\/\/passeurspatrimoineplogonnec.fr\/?page_id=605#breadcrumb"},"inLanguage":"fr-FR","potentialAction":[{"@type":"ReadAction","target":["https:\/\/passeurspatrimoineplogonnec.fr\/?page_id=605"]}]},{"@type":"BreadcrumbList","@id":"https:\/\/passeurspatrimoineplogonnec.fr\/?page_id=605#breadcrumb","itemListElement":[{"@type":"ListItem","position":1,"name":"Accueil","item":"https:\/\/passeurspatrimoineplogonnec.fr\/"},{"@type":"ListItem","position":2,"name":"Histoire d&#8217;un Plogonniste \u00e0 la guerre des Balkans"}]},{"@type":"WebSite","@id":"https:\/\/passeurspatrimoineplogonnec.fr\/#website","url":"https:\/\/passeurspatrimoineplogonnec.fr\/","name":"Passeurs de Patrimoine de Plogonnec","description":"","potentialAction":[{"@type":"SearchAction","target":{"@type":"EntryPoint","urlTemplate":"https:\/\/passeurspatrimoineplogonnec.fr\/?s={search_term_string}"},"query-input":{"@type":"PropertyValueSpecification","valueRequired":true,"valueName":"search_term_string"}}],"inLanguage":"fr-FR"}]}},"_links":{"self":[{"href":"https:\/\/passeurspatrimoineplogonnec.fr\/index.php?rest_route=\/wp\/v2\/pages\/605","targetHints":{"allow":["GET"]}}],"collection":[{"href":"https:\/\/passeurspatrimoineplogonnec.fr\/index.php?rest_route=\/wp\/v2\/pages"}],"about":[{"href":"https:\/\/passeurspatrimoineplogonnec.fr\/index.php?rest_route=\/wp\/v2\/types\/page"}],"author":[{"embeddable":true,"href":"https:\/\/passeurspatrimoineplogonnec.fr\/index.php?rest_route=\/wp\/v2\/users\/1"}],"replies":[{"embeddable":true,"href":"https:\/\/passeurspatrimoineplogonnec.fr\/index.php?rest_route=%2Fwp%2Fv2%2Fcomments&post=605"}],"version-history":[{"count":3,"href":"https:\/\/passeurspatrimoineplogonnec.fr\/index.php?rest_route=\/wp\/v2\/pages\/605\/revisions"}],"predecessor-version":[{"id":610,"href":"https:\/\/passeurspatrimoineplogonnec.fr\/index.php?rest_route=\/wp\/v2\/pages\/605\/revisions\/610"}],"wp:attachment":[{"href":"https:\/\/passeurspatrimoineplogonnec.fr\/index.php?rest_route=%2Fwp%2Fv2%2Fmedia&parent=605"}],"curies":[{"name":"wp","href":"https:\/\/api.w.org\/{rel}","templated":true}]}}