{"id":611,"date":"2021-12-03T18:07:16","date_gmt":"2021-12-03T17:07:16","guid":{"rendered":"http:\/\/passeurspatrimoineplogonnec.fr\/?page_id=611"},"modified":"2023-11-11T18:21:37","modified_gmt":"2023-11-11T17:21:37","slug":"prisonniers-allemands-a-keryacob","status":"publish","type":"page","link":"https:\/\/passeurspatrimoineplogonnec.fr\/?page_id=611","title":{"rendered":"Prisonniers allemands \u00e0 Keryacob"},"content":{"rendered":"\n<p class=\"has-text-align-center\"><strong>1945-1946<\/strong><\/p>\n\n\n\n<p><\/p>\n\n\n\n<p>Quelques mentions relatives \u00e0 l\u2019utilisation d\u2019un commando de prisonniers&#8230;<\/p>\n\n\n\n<p>&nbsp;&nbsp;&nbsp;&nbsp;&nbsp;&nbsp;&nbsp;&nbsp;A la fin de la seconde guerre mondiale, monsieur Jean-Marie Hasco\u00ebt, exploitant agricole \u00e0 la ferme de Keryacob-Vraz, pr\u00e8s du hameau de Saint Albin, avait su plaider aupr\u00e8s des autorit\u00e9s d\u00e9partementales la cause de l\u2019enclavement routier assez insolite de son exploitation. Malgr\u00e9 les r\u00e9ticences \u00e0 l\u2019\u00e9chelon communal, il fut d\u00e9cid\u00e9 alors de cr\u00e9er une route de liaison plus directe vers le hameau de Saint Albin, l\u2019actuelle voie communale num\u00e9ro douze. Cette section routi\u00e8re permettait ainsi le d\u00e9senclavement du hameau vers l\u2019ouest. Elle n\u00e9cessitait la mise en place de buses pour le franchissement du ruisseau de Kergueven \u00e0 Pont ar Rodou.<\/p>\n\n\n\n<p>&nbsp;&nbsp;&nbsp;&nbsp;&nbsp;&nbsp;&nbsp;&nbsp;Ces travaux furent r\u00e9alis\u00e9s en r\u00e9gie directe, mais avec pour originalit\u00e9 l\u2019utilisation d\u2019une main d\u2019\u0153uvre constitu\u00e9e de prisonniers de guerre allemands. Le nombre de prisonniers s\u2019\u00e9levait \u00e0 trente-quatre individus au d\u00e9but du chantier. Ils venaient d\u2019un camp d\u2019internement provisoire \u00e9tabli \u00e0 Quimper. Ce commando \u00e9tait structur\u00e9 en trois sections de dix prisonniers. Chaque section \u00e9tait encadr\u00e9e par un chef de section, lui-m\u00eame prisonnier, et les trois sections elles-m\u00eames encadr\u00e9es par un chef de commando, lui-aussi prisonnier.<\/p>\n\n\n\n<p>Ce commando \u00e9tait supervis\u00e9 par un agent fran\u00e7ais, monsieur Jean-Marie Pouliquen. Ce groupe \u00e9tait r\u00e9gi selon les conventions internationales sur les prisonniers de guerre. Sa mise \u00e0 disposition relevait d\u2019une convention particuli\u00e8re qui r\u00e9gissait leur h\u00e9bergement, leur ravitaillement, leurs jours et conditions de travail, leur sant\u00e9.<\/p>\n\n\n\n<p>En contrepartie de journ\u00e9es de mise \u00e0 disposition de charroi, monsieur Hasco\u00ebt avait le droit d\u2019utiliser ces prisonniers en renfort pour les gros travaux agricoles de sa ferme.<\/p>\n\n\n\n<p>&nbsp;&nbsp;&nbsp;&nbsp;&nbsp;&nbsp;&nbsp;&nbsp;Dans les faits cette pr\u00e9sence de prisonniers ne cr\u00e9a pas de probl\u00e8me hormis l\u2019attitude n\u00e9gative du seul prisonnier SS de ce groupe. Les prisonniers avaient leur dortoir situ\u00e9 \u00e0 l\u2019\u00e9tage d\u2019un b\u00e2timent grange. Leur cuisine \u00e9tait au rez de chauss\u00e9e. Ils s\u2019\u00e9taient aussi construit \u00e0 c\u00f4t\u00e9 un petit baraquement qui leur servait de cambuse.<\/p>\n\n\n\n<p>Les horaires de travail de ces prisonniers \u00e9taient plus que d\u00e9cents. Ils finissaient \u00e0 dix-huit heures le soir, ce qui \u00e0 la longue leur permettait d\u2019aller donner des coups de mains dans les fermes environnantes, contre la garantie d\u2019un bon souper.<\/p>\n\n\n\n<p>Cela les conduisit \u00e0 prendre une part active pour combattre l\u2019incendie de la ferme de Kergoat-Ker en 1946. Lors du sinistre, les prisonniers pr\u00e9sents prirent l\u2019initiative d\u2019organiser le cheminement des seaux pour \u00e9teindre le feu ; ils remplissaient et &nbsp;chargeaient les seaux et les apportaient sur le site, les femmes les redescendaient pour refaire la boucle.<\/p>\n\n\n\n<p>Les \u00e9vasions furent rares. Le suivi m\u00e9dical des prisonniers laissait \u00e0 d\u00e9sirer et bien souvent ce furent les paysans qui les recevaient qui durent les soigner. Au cours de l\u2019ann\u00e9e 1946 le groupe diminua en fonction de l\u2019avancement des travaux et des diverses mesures relatives \u00e0 la lib\u00e9ration gradu\u00e9e des prisonniers. Entre temps, ces prisonniers purent aussi recevoir des nouvelles, bonnes ou mauvaises, de leurs familles, ainsi que des colis de ravitaillement.<\/p>\n\n\n\n<p>De cette pr\u00e9sence allemande, il ne reste plus \u00e0 Keryacob que quelques anneaux fix\u00e9s \u00e0 l\u2019\u00e9tage d\u2019une grange pour tenir les b\u00e2tis de couchage, et une route pentue qui d\u00e9vale vers un ruisseau charmant et discret.<\/p>\n\n\n\n<p class=\"has-text-align-right\"><strong>Andr\u00e9 BOZEC<\/strong><\/p>\n","protected":false},"excerpt":{"rendered":"<p>1945-1946 Quelques mentions relatives \u00e0 l\u2019utilisation d\u2019un commando de prisonniers&#8230; &nbsp;&nbsp;&nbsp;&nbsp;&nbsp;&nbsp;&nbsp;&nbsp;A la fin de la seconde guerre mondiale, monsieur Jean-Marie Hasco\u00ebt, exploitant agricole \u00e0 la ferme de Keryacob-Vraz, pr\u00e8s du hameau de Saint Albin, avait su plaider aupr\u00e8s des autorit\u00e9s &hellip; <a href=\"https:\/\/passeurspatrimoineplogonnec.fr\/?page_id=611\">Continuer la lecture <span class=\"meta-nav\">&rarr;<\/span><\/a><\/p>\n","protected":false},"author":1,"featured_media":0,"parent":0,"menu_order":0,"comment_status":"closed","ping_status":"closed","template":"","meta":{"footnotes":""},"class_list":["post-611","page","type-page","status-publish","hentry"],"yoast_head":"<!-- This site is optimized with the Yoast SEO plugin v27.4 - https:\/\/yoast.com\/product\/yoast-seo-wordpress\/ -->\n<title>Prisonniers allemands \u00e0 Keryacob - Passeurs de Patrimoine de Plogonnec<\/title>\n<meta name=\"robots\" content=\"index, follow, max-snippet:-1, max-image-preview:large, max-video-preview:-1\" \/>\n<link rel=\"canonical\" href=\"https:\/\/passeurspatrimoineplogonnec.fr\/?page_id=611\" \/>\n<meta property=\"og:locale\" content=\"fr_FR\" \/>\n<meta property=\"og:type\" content=\"article\" \/>\n<meta property=\"og:title\" content=\"Prisonniers allemands \u00e0 Keryacob - Passeurs de Patrimoine de Plogonnec\" \/>\n<meta property=\"og:description\" content=\"1945-1946 Quelques mentions relatives \u00e0 l\u2019utilisation d\u2019un commando de prisonniers&#8230; &nbsp;&nbsp;&nbsp;&nbsp;&nbsp;&nbsp;&nbsp;&nbsp;A la fin de la seconde guerre mondiale, monsieur Jean-Marie Hasco\u00ebt, exploitant agricole \u00e0 la ferme de Keryacob-Vraz, pr\u00e8s du hameau de Saint Albin, avait su plaider aupr\u00e8s des autorit\u00e9s &hellip; Continuer la lecture &rarr;\" \/>\n<meta property=\"og:url\" content=\"https:\/\/passeurspatrimoineplogonnec.fr\/?page_id=611\" \/>\n<meta property=\"og:site_name\" content=\"Passeurs de Patrimoine de Plogonnec\" \/>\n<meta property=\"article:modified_time\" content=\"2023-11-11T17:21:37+00:00\" \/>\n<meta name=\"twitter:card\" content=\"summary_large_image\" \/>\n<meta name=\"twitter:label1\" content=\"Dur\u00e9e de lecture estim\u00e9e\" \/>\n\t<meta name=\"twitter:data1\" content=\"3 minutes\" \/>\n<script type=\"application\/ld+json\" class=\"yoast-schema-graph\">{\"@context\":\"https:\\\/\\\/schema.org\",\"@graph\":[{\"@type\":\"WebPage\",\"@id\":\"https:\\\/\\\/passeurspatrimoineplogonnec.fr\\\/?page_id=611\",\"url\":\"https:\\\/\\\/passeurspatrimoineplogonnec.fr\\\/?page_id=611\",\"name\":\"Prisonniers allemands \u00e0 Keryacob - Passeurs de Patrimoine de Plogonnec\",\"isPartOf\":{\"@id\":\"https:\\\/\\\/passeurspatrimoineplogonnec.fr\\\/#website\"},\"datePublished\":\"2021-12-03T17:07:16+00:00\",\"dateModified\":\"2023-11-11T17:21:37+00:00\",\"breadcrumb\":{\"@id\":\"https:\\\/\\\/passeurspatrimoineplogonnec.fr\\\/?page_id=611#breadcrumb\"},\"inLanguage\":\"fr-FR\",\"potentialAction\":[{\"@type\":\"ReadAction\",\"target\":[\"https:\\\/\\\/passeurspatrimoineplogonnec.fr\\\/?page_id=611\"]}]},{\"@type\":\"BreadcrumbList\",\"@id\":\"https:\\\/\\\/passeurspatrimoineplogonnec.fr\\\/?page_id=611#breadcrumb\",\"itemListElement\":[{\"@type\":\"ListItem\",\"position\":1,\"name\":\"Accueil\",\"item\":\"https:\\\/\\\/passeurspatrimoineplogonnec.fr\\\/\"},{\"@type\":\"ListItem\",\"position\":2,\"name\":\"Prisonniers allemands \u00e0 Keryacob\"}]},{\"@type\":\"WebSite\",\"@id\":\"https:\\\/\\\/passeurspatrimoineplogonnec.fr\\\/#website\",\"url\":\"https:\\\/\\\/passeurspatrimoineplogonnec.fr\\\/\",\"name\":\"Passeurs de Patrimoine de Plogonnec\",\"description\":\"\",\"potentialAction\":[{\"@type\":\"SearchAction\",\"target\":{\"@type\":\"EntryPoint\",\"urlTemplate\":\"https:\\\/\\\/passeurspatrimoineplogonnec.fr\\\/?s={search_term_string}\"},\"query-input\":{\"@type\":\"PropertyValueSpecification\",\"valueRequired\":true,\"valueName\":\"search_term_string\"}}],\"inLanguage\":\"fr-FR\"}]}<\/script>\n<!-- \/ Yoast SEO plugin. -->","yoast_head_json":{"title":"Prisonniers allemands \u00e0 Keryacob - Passeurs de Patrimoine de Plogonnec","robots":{"index":"index","follow":"follow","max-snippet":"max-snippet:-1","max-image-preview":"max-image-preview:large","max-video-preview":"max-video-preview:-1"},"canonical":"https:\/\/passeurspatrimoineplogonnec.fr\/?page_id=611","og_locale":"fr_FR","og_type":"article","og_title":"Prisonniers allemands \u00e0 Keryacob - Passeurs de Patrimoine de Plogonnec","og_description":"1945-1946 Quelques mentions relatives \u00e0 l\u2019utilisation d\u2019un commando de prisonniers&#8230; &nbsp;&nbsp;&nbsp;&nbsp;&nbsp;&nbsp;&nbsp;&nbsp;A la fin de la seconde guerre mondiale, monsieur Jean-Marie Hasco\u00ebt, exploitant agricole \u00e0 la ferme de Keryacob-Vraz, pr\u00e8s du hameau de Saint Albin, avait su plaider aupr\u00e8s des autorit\u00e9s &hellip; Continuer la lecture &rarr;","og_url":"https:\/\/passeurspatrimoineplogonnec.fr\/?page_id=611","og_site_name":"Passeurs de Patrimoine de Plogonnec","article_modified_time":"2023-11-11T17:21:37+00:00","twitter_card":"summary_large_image","twitter_misc":{"Dur\u00e9e de lecture estim\u00e9e":"3 minutes"},"schema":{"@context":"https:\/\/schema.org","@graph":[{"@type":"WebPage","@id":"https:\/\/passeurspatrimoineplogonnec.fr\/?page_id=611","url":"https:\/\/passeurspatrimoineplogonnec.fr\/?page_id=611","name":"Prisonniers allemands \u00e0 Keryacob - Passeurs de Patrimoine de Plogonnec","isPartOf":{"@id":"https:\/\/passeurspatrimoineplogonnec.fr\/#website"},"datePublished":"2021-12-03T17:07:16+00:00","dateModified":"2023-11-11T17:21:37+00:00","breadcrumb":{"@id":"https:\/\/passeurspatrimoineplogonnec.fr\/?page_id=611#breadcrumb"},"inLanguage":"fr-FR","potentialAction":[{"@type":"ReadAction","target":["https:\/\/passeurspatrimoineplogonnec.fr\/?page_id=611"]}]},{"@type":"BreadcrumbList","@id":"https:\/\/passeurspatrimoineplogonnec.fr\/?page_id=611#breadcrumb","itemListElement":[{"@type":"ListItem","position":1,"name":"Accueil","item":"https:\/\/passeurspatrimoineplogonnec.fr\/"},{"@type":"ListItem","position":2,"name":"Prisonniers allemands \u00e0 Keryacob"}]},{"@type":"WebSite","@id":"https:\/\/passeurspatrimoineplogonnec.fr\/#website","url":"https:\/\/passeurspatrimoineplogonnec.fr\/","name":"Passeurs de Patrimoine de Plogonnec","description":"","potentialAction":[{"@type":"SearchAction","target":{"@type":"EntryPoint","urlTemplate":"https:\/\/passeurspatrimoineplogonnec.fr\/?s={search_term_string}"},"query-input":{"@type":"PropertyValueSpecification","valueRequired":true,"valueName":"search_term_string"}}],"inLanguage":"fr-FR"}]}},"_links":{"self":[{"href":"https:\/\/passeurspatrimoineplogonnec.fr\/index.php?rest_route=\/wp\/v2\/pages\/611","targetHints":{"allow":["GET"]}}],"collection":[{"href":"https:\/\/passeurspatrimoineplogonnec.fr\/index.php?rest_route=\/wp\/v2\/pages"}],"about":[{"href":"https:\/\/passeurspatrimoineplogonnec.fr\/index.php?rest_route=\/wp\/v2\/types\/page"}],"author":[{"embeddable":true,"href":"https:\/\/passeurspatrimoineplogonnec.fr\/index.php?rest_route=\/wp\/v2\/users\/1"}],"replies":[{"embeddable":true,"href":"https:\/\/passeurspatrimoineplogonnec.fr\/index.php?rest_route=%2Fwp%2Fv2%2Fcomments&post=611"}],"version-history":[{"count":2,"href":"https:\/\/passeurspatrimoineplogonnec.fr\/index.php?rest_route=\/wp\/v2\/pages\/611\/revisions"}],"predecessor-version":[{"id":615,"href":"https:\/\/passeurspatrimoineplogonnec.fr\/index.php?rest_route=\/wp\/v2\/pages\/611\/revisions\/615"}],"wp:attachment":[{"href":"https:\/\/passeurspatrimoineplogonnec.fr\/index.php?rest_route=%2Fwp%2Fv2%2Fmedia&parent=611"}],"curies":[{"name":"wp","href":"https:\/\/api.w.org\/{rel}","templated":true}]}}