{"id":616,"date":"2021-12-03T18:11:31","date_gmt":"2021-12-03T17:11:31","guid":{"rendered":"http:\/\/passeurspatrimoineplogonnec.fr\/?page_id=616"},"modified":"2023-11-12T12:38:34","modified_gmt":"2023-11-12T11:38:34","slug":"famille-damey","status":"publish","type":"page","link":"https:\/\/passeurspatrimoineplogonnec.fr\/?page_id=616","title":{"rendered":"Famille Damey"},"content":{"rendered":"\n<p><strong>Damet<\/strong>. &#8211; Nom d\u2019une ancienne famille de l\u2019\u00e9v\u00each\u00e9 de Nantes qui portait \u00ab&nbsp;de sable au croissant d\u2019argent surmont\u00e9 d\u2019un marteau d\u2019or&nbsp;\u00bb (Courcy, I, 320 et pl. C, n\u00b0 3).<\/p>\n\n\n\n<p>Jean Damet recevant du duc Fran\u00e7ois Ier un rubis, comme \u00e9trennes, en 1445.<\/p>\n\n\n\n<p>On rencontre actuellement dans le Finist\u00e8re une famille Damey, dont Henri Damey, notaire \u00e0 Plogonnec, conseiller g\u00e9n\u00e9ral du canton de Douarnenez, fr\u00e8re d\u2019un autre notaire, adjoint au maire de Douarnenez.<\/p>\n\n\n\n<p>Source&nbsp;: R\u00e9pertoire g\u00e9n\u00e9ral de bio bibliographie bretonne par Ren\u00e9 Kerviler, 1899. T. XI., p. 257.<\/p>\n\n\n\n<p class=\"has-text-align-center\">*******<\/p>\n\n\n\n<p>Damey est vraisemblablement une variante de Damay, nom qui s\u2019applique \u00e0 une personne originaire d\u2019Amay, localit\u00e9 situ\u00e9e dans l\u2019arrondissement d\u2019Huy en Belgique.<\/p>\n\n\n\n<p>Source&nbsp;: Dictionnaire des noms de famille bretons, par Albert Deshayes, p. 334.<\/p>\n\n\n\n<p class=\"has-text-align-center\">*******<\/p>\n\n\n\n<p>La tombe Dubuisson au cimeti\u00e8re Saint Louis de Quimper<\/p>\n\n\n\n<p>Il existe au cimeti\u00e8re Saint Louis de Quimper une tombe de la famille Dubuisson.<\/p>\n\n\n\n<p>Cette tombe accueille entre autres les d\u00e9pouilles de Joseph Louis Dubuisson et de son \u00e9pouse n\u00e9e Massard Lahoussaye. Le pr\u00e9nom de cette dame n&rsquo;appara\u00eet pas, mais le Docteur Bernard Bischoff a d\u00e9couvert dans ses recherches g\u00e9n\u00e9alogiques sur la famille Damey de Locronan et Plogonnec que cette dame avait une s\u0153ur a\u00een\u00e9e Aim\u00e9e Louise Marie Massard Lahoussaye, n\u00e9e le 18 mars 1814 \u00e0 Chateaulin qui \u00e9pousa le 12 septembre 1843 \u00e0 Plon\u00e9our-Trez, Eug\u00e8ne Vincent D\u00e9sir\u00e9 Auguste Damey, n\u00e9 le 22 janvier 1806 \u00e0 Locronan, notaire \u00e0 Plogonnec, et d\u00e9c\u00e9d\u00e9 \u00e0 Quimper le 17 juin 1871.<\/p>\n\n\n\n<p>La tombe comporte les mentions suivantes&nbsp;:<\/p>\n\n\n\n<p class=\"has-text-align-center\"><strong>Joseph Louis<\/strong><\/p>\n\n\n\n<p class=\"has-text-align-center\"><strong>DUBUISSON<\/strong><\/p>\n\n\n\n<p class=\"has-text-align-center\">Receveur des contributions<\/p>\n\n\n\n<p class=\"has-text-align-center\">Indirectes<\/p>\n\n\n\n<p class=\"has-text-align-center\">D\u00e9c\u00e9d\u00e9 le 22 mars 1851<\/p>\n\n\n\n<p class=\"has-text-align-center\">Ag\u00e9 de 52 ans<\/p>\n\n\n\n<p class=\"has-text-align-center\"><strong>Mme DUBUISSON<\/strong><\/p>\n\n\n\n<p class=\"has-text-align-center\"><strong>N\u00e9e MASSARD LAHOUSSAYE<\/strong><\/p>\n\n\n\n<p class=\"has-text-align-center\">D\u00e9c\u00e9d\u00e9e le 24 7bre 1899<\/p>\n\n\n\n<p class=\"has-text-align-center\">A l\u2019\u00e2ge de 79 ans<\/p>\n\n\n\n<p class=\"has-text-align-center\"><strong>Marie &nbsp; &nbsp; &nbsp; &nbsp; &nbsp; &nbsp; &nbsp; &nbsp; Emma<\/strong><\/p>\n\n\n\n<p class=\"has-text-align-center\"><strong>DUBUISSON &nbsp; &nbsp; DUBUISSON<\/strong><\/p>\n\n\n\n<p class=\"has-text-align-center\">D\u00e9c\u00e9d\u00e9e le 17 &nbsp; &nbsp; &nbsp; &nbsp; &nbsp; 1848 &nbsp; &nbsp; &nbsp; &nbsp;. &nbsp; &nbsp; &nbsp;<\/p>\n\n\n\n<p class=\"has-text-align-center\">F\u00e9vrier 1842 &nbsp; &nbsp; &nbsp; &nbsp; &nbsp; &nbsp; 1925 &nbsp; &nbsp; &nbsp; .<\/p>\n\n\n\n<p class=\"has-text-align-center\">A l\u2019\u00e2ge de 46 ans &nbsp; &nbsp; &nbsp; &nbsp; &nbsp; &nbsp; &nbsp; &nbsp; &nbsp; &nbsp; &nbsp;.<\/p>\n\n\n\n<p class=\"has-text-align-center\"><strong>PRIEZ<\/strong><\/p>\n\n\n\n<p class=\"has-text-align-center\">C.P. n\u00b0 88 POILLET A\u00ceN\u00c9 ET FILS BREST Cre T N\u00b0 1220<\/p>\n\n\n\n<p class=\"has-text-align-center\">*******<\/p>\n\n\n\n<p class=\"has-text-align-center\"><strong>Horloge Jappy de la famille Damey<\/strong><\/p>\n\n\n\n<p>A ce jour le dimanche sept juillet deux mille treize, je crois utile de faire le point sur une horloge de marque Jappy qui se trouve en ma possession selon les termes suivants qui figurent au dos du meuble d\u2019horloge.<\/p>\n\n\n\n<p>Cet ensemble se compose d\u2019un m\u00e9canisme d\u2019horloge classique de marque Jappy et dat\u00e9 de 1874. Le tout est ench\u00e2ss\u00e9 dans une console de marbre noir irr\u00e9gulier et qui de par l\u2019injure du temps a pris en certains endroits une coloration blanch\u00e2tre. La console est de base cubique avec un cadran dor\u00e9 gradu\u00e9 \u00e0 la p\u00e9riph\u00e9rie et orn\u00e9 de chiffres romains de douze millim\u00e8tres de hauteur. Le cube est orn\u00e9 aux quatre angles d\u2019un l\u00e9ger cadre grav\u00e9 d\u2019or de lignes pures et de tiges \u00e0 billes. Ce cube est aussi accost\u00e9e de deux contreforts orn\u00e9s en fa\u00e7ade des m\u00eames tiges, et aux plans de descentes plats. Ces contreforts s\u2019appuient sur un larmier simple et sont somm\u00e9s d\u2019un larmier simple. A l\u2019origine le contrefort droit s\u2019ouvre en discr\u00e9tion \u00e0 droite de l\u2019ensemble. J\u2019y ai ajout\u00e9 une touche personnelle en donnant au contrefort gauche le m\u00eame artifice que son comp\u00e8re droit. A la base l\u2019ensemble cube et contreforts prend appui sur le larmier qui lui-m\u00eame prend appui sur un caisson rectangulaire assez simple et orn\u00e9 en fa\u00e7ade des m\u00eames gravures \u00e0 tiges. Le caisson cale sa base sur quatre pieds ronds concaves de marbre noir.<\/p>\n\n\n\n<p>Le dessus de la console re\u00e7oit ench\u00e2ss\u00e9 un bronze dor\u00e9 repr\u00e9sentant une femme s\u2019appuyant sur une colonne corinthienne et tenant une canne courb\u00e9e simple. Une guirlande florale fait discr\u00e8tement le lien entre la femme et la colonne. Le tout est trait\u00e9 de la &nbsp;mani\u00e8re gr\u00e9co-romaine habituelle de l\u2019artiste sculpteur Paul Buboy, petit neveu du sculpteur Pigalle. Compte tenu des th\u00e9matiques abord\u00e9es par cet artiste reconnu, il s\u2019agirait d\u2019une all\u00e9gorie du \u00ab&nbsp;printemps&nbsp;\u00bb. Ce genre d\u2019article a une cotation int\u00e9ressante outre Atlantique. Ce n\u2019est en fait qu\u2019une vision r\u00e9elle de l\u2019artiste au sujet d\u2019un fait assez ancestral.<\/p>\n\n\n\n<p>Au revers de la console se trouve une ouverture exactement conforme &nbsp;au rayon et au diam\u00e8tre du cadran de fa\u00e7ade. Suite \u00e0 &nbsp;la restauration chez l\u2019horloger Le Bot de Plon\u00e9vez Porzay en 1987, cette ouverture a \u00e9t\u00e9 orn\u00e9e d\u2019un cadre de verre simple. Un impr\u00e9vu de circulation lors du retour de l\u2019horloge sur Brest a fait chuter le tout et a explos\u00e9 ce verre de base. Je l\u2019ai fait remplacer par un carton qui reprend les \u00e9l\u00e9ments suivants&nbsp;:<\/p>\n\n\n\n<p>\u00ab&nbsp;Cette horloge Jappy de 1874 a \u00e9t\u00e9 la propri\u00e9t\u00e9 d\u2019Henri-Marie Damey, notaire \u00e0 Plogonnec, Maire de Plogonnec de 1896 \u00e0 1919. A son d\u00e9c\u00e8s elle est rest\u00e9e la propri\u00e9t\u00e9 de son \u00e9pouse Marie-Louise Caroline Vincent, qui la l\u00e9gua ensuite \u00e0 son Fils Charles Alexandre Damey. Au d\u00e9c\u00e8s de celui-ci le 10 f\u00e9vrier 1960 \u00e0 Concarneau, elle la donna \u00e0 son &nbsp;fils &nbsp;Charles Damey qui la revendit en 1962 \u00e0 Corentin Ja\u00efn n\u00e9 \u00e0 Plon\u00e9vez-Porzay, vivant \u00e0 Plogonnec. Ce dernier en fit don en 1978 \u00e0 son filleul Jean Bozec &nbsp;qui la vendit en 1987 \u00e0 son fr\u00e8re Andr\u00e9 Bozec qui la fit enti\u00e8rement restaurer chez l\u2019horloger Le Bot \u00e0 Plon\u00e9vez-Porzay en 1988.&nbsp;\u00bb<\/p>\n\n\n\n<p>De fait toutes les pi\u00e8ces sont d\u2019origine sauf le balancier qui, je le crains fort, a servi de pendule de sourcier \u00e0 l\u2019oncle Ja\u00efn. L\u2019ensemble comporte un second t\u00e9moignage au sujet de la famille Damey. Il s\u2019agit d\u2019un document papier log\u00e9 dans le f\u00fbt de la colonne. Le texte mentionne&nbsp;:<\/p>\n\n\n\n<p>\u00ab&nbsp;Quimper, le 04 avril 2009. Statuette de muse, sans doute Erato, pour l\u2019\u00e9l\u00e9gie. \u0152uvre de Paul Dubois. L\u2019horloge en place est une Jappy de 1874. Elle fut sans doute acquise par Ma\u00eetre Henry-Marie Damey, notaire \u00e0 Plogonnec, n\u00e9 le 17 d\u00e9cembre 1844 \u00e0 Locronan, dans le Finist\u00e8re, mari\u00e9 \u00e0 Brest le 25 octobre 1875 \u00e0 Marie-Louise Caroline Vincent, plus connue localement \u00e0 Plogonnec sous le surnom de \u201car sparfel goz \/ le vieil \u00e9pervier&nbsp;\u00bb, mort le 15 mars 1921 \u00e0 Brest et enterr\u00e9 au cimeti\u00e8re de Brest-Saint Martin&nbsp;: carr\u00e9 C15 rang 4 tombe n\u00b0 5 pour les familles Menetrier, Vincent et Maissin.<\/p>\n\n\n\n<p>Madame Damey, n\u00e9e Vincent est n\u00e9e le 16 avril 1856 \u00e0 Brest et y est d\u00e9c\u00e9d\u00e9e le 20 novembre 1937. Henri-Marie Damey \u00e9tait le fils d\u2019Eug\u00e8ne D\u00e9sir\u00e9 Auguste Damey, notaire \u00e0 Plogonnec, n\u00e9 le 22 janvier 1806 \u00e0 Locronan, mari\u00e9 le 12 septembre 1843 \u00e0 Aim\u00e9e Louise Marie Massard La Houssay, n\u00e9e le 18 mars 1814 \u00e0 Chateaulin, d\u00e9c\u00e9d\u00e9 le 17 juin 1871 \u00e0 Quimper.<\/p>\n\n\n\n<p>Il \u00e9tait lui-m\u00eame le fils de Claude Henry Joseph Damey, capitaine au r\u00e9giment du Cap Ha\u00eftien et au 106<sup>\u00e8me<\/sup>&nbsp;de ligne, commissaire du Directoire ex\u00e9cutif de Plogonnec, maire de Plogonnec, notaire \u00e0 Plogonnec. N\u00e9 le 21 mai 1766 \u00e0 Besan\u00e7on, il s\u2019\u00e9tait mari\u00e9 le 27 juin 1796 \u00e0 Marie-Louise Piclet, n\u00e9e le 22 mars 1770 \u00e0 Locronan et morte le 15 mai 1843 \u00e0 Locronan. Il mourut le 03 juillet 1837 \u00e0 Locronan. Claude Henry Joseph Damey &nbsp;avait particip\u00e9 \u00e0 la bataille de Savannah en 1778 pour l\u2019ind\u00e9pendance des Etats Unis d\u2019Am\u00e9rique. Ses parents \u00e9taient Jacques Damey et Claude Fran\u00e7oise Metoyer, install\u00e9s \u00e0 Besan\u00e7on. Les parents de Marie Louise Piclet \u00e9taient Louis Piclet, marchant en toile \u00e0 Locronan, rue Lann sur la place de l\u2019\u00e9glise, et Marie Jeanne &nbsp;Le Denn&nbsp;\u00bb .<\/p>\n\n\n\n<p>Sur la foi de ces \u00e9l\u00e9ments g\u00e9n\u00e9alogiques, je restitue ma parent\u00e9 indirecte avec cette famille via le mariage de Charles Alexandre Damey. Il naquit le 19 octobre 1883 \u00e0 Plogonnec et mourut le 10 f\u00e9vrier 1960 \u00e0 Concarneau. Il s\u2019\u00e9tait mari\u00e9 le 19 mai 1920 \u00e0 Philom\u00e8ne Ren\u00e9e Marie Louboutin, n\u00e9e le 19 octobre 1859 \u00e0 Plogonnec et d\u00e9c\u00e9d\u00e9e le 29 novembre 1950 \u00e0 Plogonnec, tante de ma grand-m\u00e8re paternelle Marie Ren\u00e9e Toussaint Philippe.<\/p>\n\n\n\n<p>Par \u00e9coulement du temps et d\u00e9laissement, les int\u00e9r\u00eats juridiques Damey ont gliss\u00e9 entre temps vers les familles Louboutin et Bozec qui assurent jusqu\u2019\u00e0 ce jour l\u2019entretien de leurs tombes.<\/p>\n\n\n\n<p>J\u2019ai proc\u00e9d\u00e9 personnellement au constat de la succession de Charles Damey, dernier petit cousin de mon p\u00e8re de ce c\u00f4t\u00e9. Avec la tante Alice Louboutin nous avons fait en sorte de r\u00e9tablir le tombe Damey au cimeti\u00e8re de Plogonnec\u2026<\/p>\n\n\n\n<p>Pour la suite de ce billet, eu \u00e9gard \u00e0 \u00ab&nbsp;l\u2019origine&nbsp;\u00bb bretonne de la famille Damey apr\u00e8s un \u00e9pisode am\u00e9ricain et un constant attachement bonapartiste de cette famille, j\u2019ai trouv\u00e9 judicieux de sceller en cette colonne le pr\u00e9sent billet sous le double tampon d\u2019une pi\u00e8ce de monnaie du second empire, date l\u00e9g\u00e8rement ant\u00e9rieure \u00e0 la pendule, et d\u2019une pi\u00e8ce comm\u00e9morative du g\u00e9n\u00e9ral La Fayette eu \u00e9gard \u00e0 la participation de Claude Henry Joseph Damey aux batailles de la guerre d\u2019ind\u00e9pendance de l\u2019Am\u00e9rique.<\/p>\n\n\n\n<p class=\"has-text-align-right\"><strong>Andr\u00e9 Bozec<\/strong><\/p>\n","protected":false},"excerpt":{"rendered":"<p>Damet. &#8211; Nom d\u2019une ancienne famille de l\u2019\u00e9v\u00each\u00e9 de Nantes qui portait \u00ab&nbsp;de sable au croissant d\u2019argent surmont\u00e9 d\u2019un marteau d\u2019or&nbsp;\u00bb (Courcy, I, 320 et pl. C, n\u00b0 3). Jean Damet recevant du duc Fran\u00e7ois Ier un rubis, comme \u00e9trennes, &hellip; <a href=\"https:\/\/passeurspatrimoineplogonnec.fr\/?page_id=616\">Continuer la lecture <span class=\"meta-nav\">&rarr;<\/span><\/a><\/p>\n","protected":false},"author":1,"featured_media":0,"parent":0,"menu_order":0,"comment_status":"closed","ping_status":"closed","template":"","meta":{"footnotes":""},"class_list":["post-616","page","type-page","status-publish","hentry"],"yoast_head":"<!-- This site is optimized with the Yoast SEO plugin v27.4 - https:\/\/yoast.com\/product\/yoast-seo-wordpress\/ -->\n<title>Famille Damey - Passeurs de Patrimoine de Plogonnec<\/title>\n<meta name=\"robots\" content=\"index, follow, max-snippet:-1, max-image-preview:large, max-video-preview:-1\" \/>\n<link rel=\"canonical\" href=\"https:\/\/passeurspatrimoineplogonnec.fr\/?page_id=616\" \/>\n<meta property=\"og:locale\" content=\"fr_FR\" \/>\n<meta property=\"og:type\" content=\"article\" \/>\n<meta property=\"og:title\" content=\"Famille Damey - Passeurs de Patrimoine de Plogonnec\" \/>\n<meta property=\"og:description\" content=\"Damet. &#8211; Nom d\u2019une ancienne famille de l\u2019\u00e9v\u00each\u00e9 de Nantes qui portait \u00ab&nbsp;de sable au croissant d\u2019argent surmont\u00e9 d\u2019un marteau d\u2019or&nbsp;\u00bb (Courcy, I, 320 et pl. C, n\u00b0 3). Jean Damet recevant du duc Fran\u00e7ois Ier un rubis, comme \u00e9trennes, &hellip; Continuer la lecture &rarr;\" \/>\n<meta property=\"og:url\" content=\"https:\/\/passeurspatrimoineplogonnec.fr\/?page_id=616\" \/>\n<meta property=\"og:site_name\" content=\"Passeurs de Patrimoine de Plogonnec\" \/>\n<meta property=\"article:modified_time\" content=\"2023-11-12T11:38:34+00:00\" \/>\n<meta name=\"twitter:card\" content=\"summary_large_image\" \/>\n<meta name=\"twitter:label1\" content=\"Dur\u00e9e de lecture estim\u00e9e\" \/>\n\t<meta name=\"twitter:data1\" content=\"7 minutes\" \/>\n<script type=\"application\/ld+json\" class=\"yoast-schema-graph\">{\"@context\":\"https:\\\/\\\/schema.org\",\"@graph\":[{\"@type\":\"WebPage\",\"@id\":\"https:\\\/\\\/passeurspatrimoineplogonnec.fr\\\/?page_id=616\",\"url\":\"https:\\\/\\\/passeurspatrimoineplogonnec.fr\\\/?page_id=616\",\"name\":\"Famille Damey - Passeurs de Patrimoine de Plogonnec\",\"isPartOf\":{\"@id\":\"https:\\\/\\\/passeurspatrimoineplogonnec.fr\\\/#website\"},\"datePublished\":\"2021-12-03T17:11:31+00:00\",\"dateModified\":\"2023-11-12T11:38:34+00:00\",\"breadcrumb\":{\"@id\":\"https:\\\/\\\/passeurspatrimoineplogonnec.fr\\\/?page_id=616#breadcrumb\"},\"inLanguage\":\"fr-FR\",\"potentialAction\":[{\"@type\":\"ReadAction\",\"target\":[\"https:\\\/\\\/passeurspatrimoineplogonnec.fr\\\/?page_id=616\"]}]},{\"@type\":\"BreadcrumbList\",\"@id\":\"https:\\\/\\\/passeurspatrimoineplogonnec.fr\\\/?page_id=616#breadcrumb\",\"itemListElement\":[{\"@type\":\"ListItem\",\"position\":1,\"name\":\"Accueil\",\"item\":\"https:\\\/\\\/passeurspatrimoineplogonnec.fr\\\/\"},{\"@type\":\"ListItem\",\"position\":2,\"name\":\"Famille Damey\"}]},{\"@type\":\"WebSite\",\"@id\":\"https:\\\/\\\/passeurspatrimoineplogonnec.fr\\\/#website\",\"url\":\"https:\\\/\\\/passeurspatrimoineplogonnec.fr\\\/\",\"name\":\"Passeurs de Patrimoine de Plogonnec\",\"description\":\"\",\"potentialAction\":[{\"@type\":\"SearchAction\",\"target\":{\"@type\":\"EntryPoint\",\"urlTemplate\":\"https:\\\/\\\/passeurspatrimoineplogonnec.fr\\\/?s={search_term_string}\"},\"query-input\":{\"@type\":\"PropertyValueSpecification\",\"valueRequired\":true,\"valueName\":\"search_term_string\"}}],\"inLanguage\":\"fr-FR\"}]}<\/script>\n<!-- \/ Yoast SEO plugin. -->","yoast_head_json":{"title":"Famille Damey - Passeurs de Patrimoine de Plogonnec","robots":{"index":"index","follow":"follow","max-snippet":"max-snippet:-1","max-image-preview":"max-image-preview:large","max-video-preview":"max-video-preview:-1"},"canonical":"https:\/\/passeurspatrimoineplogonnec.fr\/?page_id=616","og_locale":"fr_FR","og_type":"article","og_title":"Famille Damey - Passeurs de Patrimoine de Plogonnec","og_description":"Damet. &#8211; Nom d\u2019une ancienne famille de l\u2019\u00e9v\u00each\u00e9 de Nantes qui portait \u00ab&nbsp;de sable au croissant d\u2019argent surmont\u00e9 d\u2019un marteau d\u2019or&nbsp;\u00bb (Courcy, I, 320 et pl. C, n\u00b0 3). Jean Damet recevant du duc Fran\u00e7ois Ier un rubis, comme \u00e9trennes, &hellip; Continuer la lecture &rarr;","og_url":"https:\/\/passeurspatrimoineplogonnec.fr\/?page_id=616","og_site_name":"Passeurs de Patrimoine de Plogonnec","article_modified_time":"2023-11-12T11:38:34+00:00","twitter_card":"summary_large_image","twitter_misc":{"Dur\u00e9e de lecture estim\u00e9e":"7 minutes"},"schema":{"@context":"https:\/\/schema.org","@graph":[{"@type":"WebPage","@id":"https:\/\/passeurspatrimoineplogonnec.fr\/?page_id=616","url":"https:\/\/passeurspatrimoineplogonnec.fr\/?page_id=616","name":"Famille Damey - Passeurs de Patrimoine de Plogonnec","isPartOf":{"@id":"https:\/\/passeurspatrimoineplogonnec.fr\/#website"},"datePublished":"2021-12-03T17:11:31+00:00","dateModified":"2023-11-12T11:38:34+00:00","breadcrumb":{"@id":"https:\/\/passeurspatrimoineplogonnec.fr\/?page_id=616#breadcrumb"},"inLanguage":"fr-FR","potentialAction":[{"@type":"ReadAction","target":["https:\/\/passeurspatrimoineplogonnec.fr\/?page_id=616"]}]},{"@type":"BreadcrumbList","@id":"https:\/\/passeurspatrimoineplogonnec.fr\/?page_id=616#breadcrumb","itemListElement":[{"@type":"ListItem","position":1,"name":"Accueil","item":"https:\/\/passeurspatrimoineplogonnec.fr\/"},{"@type":"ListItem","position":2,"name":"Famille Damey"}]},{"@type":"WebSite","@id":"https:\/\/passeurspatrimoineplogonnec.fr\/#website","url":"https:\/\/passeurspatrimoineplogonnec.fr\/","name":"Passeurs de Patrimoine de Plogonnec","description":"","potentialAction":[{"@type":"SearchAction","target":{"@type":"EntryPoint","urlTemplate":"https:\/\/passeurspatrimoineplogonnec.fr\/?s={search_term_string}"},"query-input":{"@type":"PropertyValueSpecification","valueRequired":true,"valueName":"search_term_string"}}],"inLanguage":"fr-FR"}]}},"_links":{"self":[{"href":"https:\/\/passeurspatrimoineplogonnec.fr\/index.php?rest_route=\/wp\/v2\/pages\/616","targetHints":{"allow":["GET"]}}],"collection":[{"href":"https:\/\/passeurspatrimoineplogonnec.fr\/index.php?rest_route=\/wp\/v2\/pages"}],"about":[{"href":"https:\/\/passeurspatrimoineplogonnec.fr\/index.php?rest_route=\/wp\/v2\/types\/page"}],"author":[{"embeddable":true,"href":"https:\/\/passeurspatrimoineplogonnec.fr\/index.php?rest_route=\/wp\/v2\/users\/1"}],"replies":[{"embeddable":true,"href":"https:\/\/passeurspatrimoineplogonnec.fr\/index.php?rest_route=%2Fwp%2Fv2%2Fcomments&post=616"}],"version-history":[{"count":9,"href":"https:\/\/passeurspatrimoineplogonnec.fr\/index.php?rest_route=\/wp\/v2\/pages\/616\/revisions"}],"predecessor-version":[{"id":775,"href":"https:\/\/passeurspatrimoineplogonnec.fr\/index.php?rest_route=\/wp\/v2\/pages\/616\/revisions\/775"}],"wp:attachment":[{"href":"https:\/\/passeurspatrimoineplogonnec.fr\/index.php?rest_route=%2Fwp%2Fv2%2Fmedia&parent=616"}],"curies":[{"name":"wp","href":"https:\/\/api.w.org\/{rel}","templated":true}]}}