{"id":628,"date":"2021-12-06T09:17:34","date_gmt":"2021-12-06T08:17:34","guid":{"rendered":"http:\/\/passeurspatrimoineplogonnec.fr\/?page_id=628"},"modified":"2023-11-12T12:35:23","modified_gmt":"2023-11-12T11:35:23","slug":"les-recteurs-de-plogonnec","status":"publish","type":"page","link":"https:\/\/passeurspatrimoineplogonnec.fr\/?page_id=628","title":{"rendered":"Les recteurs de Plogonnec"},"content":{"rendered":"\n<p>La paroisse de Plogonnec est une paroisse dite primitive. Son \u00e9ponyme est saint Konoc (Egonnec), fr\u00e8re de saint Pol Aur\u00e9lien, venu du Pays de Galles vers le V<sup>e<\/sup> si\u00e8cle. Entre temps la paroisse a connu une modification insolite du saint patron en faveur de saint Thurien issu du pays de Dol. Le souvenir de saint Egonnec comme saint patron de la paroisse a perdur\u00e9 jusqu\u2019\u00e0 ce jour puisque les anciens ont toujours parl\u00e9 du pardon de saint Egonnec sous le vocable breton de pardon ar vourc\u2019h (le pardon du bourg) quand bien m\u00eame que sa chapelle ne se situe pas au bourg\u00a0!<\/p>\n\n\n\n<p>Au XVI<sup>e<\/sup> si\u00e8cle, suite \u00e0 une \u00e9pid\u00e9mie de peste, la paroisse de Plogonnec a r\u00e9cup\u00e9r\u00e9 quelques feux sur celle de Plon\u00e9vez-Porzay qui les avait un peu d\u00e9laiss\u00e9s socialement et religieusement. La r\u00e9activit\u00e9 de Plogonnec en leur faveur fut le mobile de cette translation.<\/p>\n\n\n\n<p><\/p>\n\n\n\n<p><strong>Les recteurs de Plogonnec sous la souverainet\u00e9 bretonne<\/strong><\/p>\n\n\n\n<figure class=\"wp-block-table\"><table><tbody><tr><td>Vers 1313<\/td><td>Nicolas Gautier, il fut pr\u00e9c\u00e9demment recteur de Neuillac.<\/td><\/tr><tr><td>&#8212;&#8212;&#8212;&#8212;&#8211;<\/td><td>Lacune.<\/td><\/tr><tr><td>00.00.0000 &#8211; 00.00.1375<\/td><td>Herv\u00e9 Sulven, il d\u00e9missionne le 09 septembre 1375. <\/td><\/tr><tr><td>00.00.1375 &#8211;   00.00.1375<\/td><td>Vacance.<\/td><\/tr><tr><td>00.00.1375 &#8211; 00.00.0000<\/td><td>Raoul Pennec.<\/td><\/tr><tr><td>&#8212;&#8212;&#8212;&#8212;&#8211;<\/td><td>Lacune.<\/td><\/tr><\/tbody><\/table><\/figure>\n\n\n\n<p class=\"has-text-align-center\"><\/p>\n\n\n\n<p><strong>Les recteurs de Plogonnec sous la monarchie fran\u00e7aise<\/strong><\/p>\n\n\n\n<figure class=\"wp-block-table\"><table><tbody><tr><td>En 1531<\/td><td>Fran\u00e7ois de Tr\u00e9anna<\/td><\/tr><tr><td>1531 &#8211; 1538<\/td><td>Lacune<\/td><\/tr><tr><td>En 1538<\/td><td>Nicolas de Tyvarlen, chanoine, recteur de Plogonnec et de Cast<\/td><\/tr><tr><td>1538 &#8211; 1559<\/td><td>Lacune<\/td><\/tr><tr><td>En 1559<\/td><td>Jean Le Gall, le 05 janvier 1559<\/td><\/tr><tr><td>1560 &#8211; 1560<\/td><td>Alain Mauguen, r\u00e9signe.<\/td><\/tr><tr><td>En 1560<\/td><td>Alain de Lezongar, le 11 mai 1560<\/td><\/tr><tr><td>1560 &#8211; 1580<\/td><td>Lacune<\/td><\/tr><tr><td>En 1580<\/td><td>Jean Le Gall<\/td><\/tr><tr><td>1580 &#8211; 1596<\/td><td>Lacune<\/td><\/tr><tr><td>1596 &#8211; 1623<\/td><td>Louis Le Noy<\/td><\/tr><tr><td>1623 &#8211; 1658<\/td><td>Guillaume Toulguengat<\/td><\/tr><tr><td>1658 &#8211; 1670<\/td><td>Ren\u00e9 Seznec, oncle de l&rsquo;autre.<\/td><\/tr><tr><td>1670 &#8211; 1671<\/td><td>Pierre Guinguenet<\/td><\/tr><tr><td>1671 &#8211; 1697<\/td><td>Ren\u00e9 Seznec, neveu de l&rsquo;autre.<\/td><\/tr><tr><td>1692 &#8211; 1694<\/td><td>Ren\u00e9 Blanchard, promoteur.<\/td><\/tr><tr><td>1697 &#8211; 1698<\/td><td>Louis des Hayeux<\/td><\/tr><tr><td>1698 &#8211; 1705<\/td><td>Claude Sala\u00fcn, docteur en Sorbonne, n\u00e9 \u00e0 Colorec.<\/td><\/tr><tr><td>1705 &#8211; 1706<\/td><td>Vacance.<\/td><\/tr><tr><td>1706 &#8211; 1717<\/td><td>Guillaune-ren\u00e9 Bougeant +.<\/td><\/tr><tr><td>1717 &#8211; 1732<\/td><td>Ren\u00e9 Lozeac&rsquo;h, docteur en Sorbonne, devient recteur de Cuzon.<\/td><\/tr><tr><td>1732 &#8211; 1743<\/td><td>Pierre-joseph Lair, ancien recteur de Qu\u00e9m\u00e9n\u00e9ven .(~16\/06\/1743 +)<\/td><\/tr><tr><td>1743 &#8211; 1767<\/td><td>Jean-marie Heussaff d&rsquo;Oisant +.<\/td><\/tr><tr><td>1767 &#8211; 1780<\/td><td>Yves du Cou\u00e9dic, ancien recteur de Locronan.<\/td><\/tr><tr><td>1780 &#8211; 1785<\/td><td>Nicolas Le Douar\u00e9 +.<\/td><\/tr><tr><td>1785 &#8211; 1786<\/td><td>Vacance.<\/td><\/tr><tr><td>1786 &#8211; 1792<\/td><td>Jean-Marie de Leiss\u00e8gues de Rosaven, d\u00e9put\u00e9 du clerg\u00e9 aux Etats G\u00e9n\u00e9raux. Il part en exil \u00e0 Jersey, puis \u00e0 Londres, puis au duch\u00e9 de Cl\u00e8ves et en fin \u00e0 Paderborn.<\/td><\/tr><\/tbody><\/table><\/figure>\n\n\n\n<p><strong>Les recteurs de Plogonnec sous la r\u00e9volution.<\/strong><\/p>\n\n\n\n<figure class=\"wp-block-table\"><table><tbody><tr><td>1792 &#8211; 1800<\/td><td>Antoine-Marie le Hars, jureur, bougre du suivant, se retire sur Guengat comme cafetier-souteneur, puis \u00e0 Kerven en Plogonnec o\u00f9 il d\u00e9c\u00e8de le 09 f\u00e9vrier 1837. ( Person Vian Kerven ).<\/td><\/tr><tr><td>1800 &#8211; 1802<\/td><td>Pierre Colin, jureur, bardache du pr\u00e9c\u00e9dent, r\u00e9cus\u00e9 pour alcoolisme.<\/td><\/tr><\/tbody><\/table><\/figure>\n\n\n\n<p><strong>Recteurs de Plogonnec sous l&rsquo;ordre bourgeois.<\/strong><\/p>\n\n\n\n<figure class=\"wp-block-table\"><table><tbody><tr><td>1802 &#8211; 1804<\/td><td>Nicolas Louboutin, 1\u00e8re fois.<\/td><\/tr><tr><td>1804 &#8211; 1805<\/td><td>Nicolas Kernal\u00e9guen +.<\/td><\/tr><tr><td>1805 &#8211; 1813<\/td><td>Nicolas Louboutin, 2\u00e8me fois.<\/td><\/tr><tr><td>1813 &#8211; 1816<\/td><td>Ren\u00e9 Pennarun, puis cur\u00e9 de Lamb\u00e9z\u00e9lec et mort chanoine \u00e0 Quimper.<\/td><\/tr><tr><td>1816 &#8211; 1817<\/td><td>Alain le Floc&rsquo;h, de Keroredan.<\/td><\/tr><tr><td>1817 &#8211; 1824<\/td><td>Vincent Kervennic.<\/td><\/tr><tr><td>1824 &#8211; 1827<\/td><td>Guillaume Rioual.<\/td><\/tr><tr><td>1827 &#8211; 1851<\/td><td>Yves Tanguy.<\/td><\/tr><tr><td>1851 &#8211; 1863<\/td><td>Joseph Marie Dupont, le restaurateur.<\/td><\/tr><tr><td>1863 &#8211; 1886<\/td><td>Laurent Pennarun +.<\/td><\/tr><tr><td>1886 -1896<\/td><td>Jean-Fran\u00e7ois le Bras<\/td><\/tr><tr><td>1896 &#8211; 1926<\/td><td>Matthieu Carval, chanoine honoraire.<\/td><\/tr><tr><td>1926 &#8211; 1937<\/td><td>Michel L\u00e9on, chanoine honoraire.<\/td><\/tr><tr><td>1937 &#8211; 1947<\/td><td>Pierre le Bihan, chanoine.<\/td><\/tr><tr><td>1947 &#8211; 1968<\/td><td>Jean-Laurent Croissant, de Landudal.<\/td><\/tr><tr><td>1968 &#8211; 1978<\/td><td>Michel le Guellec, il se retire \u00e0 Peumerit.<\/td><\/tr><tr><td>1978 &#8211; 1990<\/td><td>Mathurin Bernard, ancien recteur de Sca\u00ebr, se retire \u00e0 Lababan. (+29\/08\/2010 )<\/td><\/tr><tr><td>1990 &#8211; 1998<\/td><td>Guy L\u00e9on, originaire de Landivisiau ( +07\/07\/1998 ).<\/td><\/tr><\/tbody><\/table><\/figure>\n\n\n\n<p>Depuis 1998 il n\u2019y a plus de recteur r\u00e9sident \u00e0 Plogonnec. La paroisse est desservie par le pr\u00eatre en charge du secteur pastoral de Quimper rural nord (Plogonnec, Guengat, Plone\u00efs, Gourlizon).<\/p>\n\n\n\n<p class=\"has-text-align-center\"><\/p>\n\n\n\n<p><strong>Les recteurs de Quimper rural nord.<\/strong><\/p>\n\n\n\n<p>Ce secteur paroissial regroupe les paroisses de Plogonnec, Guengat, Plone\u00efs, et Gourlizon.<\/p>\n\n\n\n<figure class=\"wp-block-table\"><table><tbody><tr><td>1998 &#8211; 2008<\/td><td>Xavier Daniel, en r\u00e9sidence \u00e0 Plone\u00efs, passe \u00e0 Audierne.<\/td><\/tr><tr><td>1998 &#8211; 2008<\/td><td>Joseph Priol, de facto, en retraite, r\u00e9sidentiel \u00e0 plone\u00efs. +<\/td><\/tr><tr><td>2007 &#8211; 2016<\/td><td>Ren\u00e9 Rannou, r\u00e9sidentiel \u00e0 Plogonnec, passe \u00e0 Rumengol comme exorciste dioc\u00e9sain. ( + 03\/11\/2018 \u00e0 Brest ).<\/td><\/tr><\/tbody><\/table><\/figure>\n\n\n\n<p><strong>Intervenant sur le secteur de Quimper rural Nord<\/strong><\/p>\n\n\n\n<figure class=\"wp-block-table\"><table><tbody><tr><td>2016 &#8211; 2017<\/td><td>Michel Maz\u00e9as, chanoine, cur\u00e9 doyen de la cath\u00e9drale de Quimper, puis \u00e0 St Louis de Brest.<\/td><\/tr><\/tbody><\/table><\/figure>\n\n\n\n<p><\/p>\n","protected":false},"excerpt":{"rendered":"<p>La paroisse de Plogonnec est une paroisse dite primitive. Son \u00e9ponyme est saint Konoc (Egonnec), fr\u00e8re de saint Pol Aur\u00e9lien, venu du Pays de Galles vers le Ve si\u00e8cle. Entre temps la paroisse a connu une modification insolite du saint &hellip; <a href=\"https:\/\/passeurspatrimoineplogonnec.fr\/?page_id=628\">Continuer la lecture <span class=\"meta-nav\">&rarr;<\/span><\/a><\/p>\n","protected":false},"author":1,"featured_media":0,"parent":0,"menu_order":0,"comment_status":"closed","ping_status":"closed","template":"","meta":{"footnotes":""},"class_list":["post-628","page","type-page","status-publish","hentry"],"yoast_head":"<!-- This site is optimized with the Yoast SEO plugin v27.4 - https:\/\/yoast.com\/product\/yoast-seo-wordpress\/ -->\n<title>Les recteurs de Plogonnec - Passeurs de Patrimoine de Plogonnec<\/title>\n<meta name=\"robots\" content=\"index, follow, max-snippet:-1, max-image-preview:large, max-video-preview:-1\" \/>\n<link rel=\"canonical\" href=\"https:\/\/passeurspatrimoineplogonnec.fr\/?page_id=628\" \/>\n<meta property=\"og:locale\" content=\"fr_FR\" \/>\n<meta property=\"og:type\" content=\"article\" \/>\n<meta property=\"og:title\" content=\"Les recteurs de Plogonnec - Passeurs de Patrimoine de Plogonnec\" \/>\n<meta property=\"og:description\" content=\"La paroisse de Plogonnec est une paroisse dite primitive. Son \u00e9ponyme est saint Konoc (Egonnec), fr\u00e8re de saint Pol Aur\u00e9lien, venu du Pays de Galles vers le Ve si\u00e8cle. Entre temps la paroisse a connu une modification insolite du saint &hellip; Continuer la lecture &rarr;\" \/>\n<meta property=\"og:url\" content=\"https:\/\/passeurspatrimoineplogonnec.fr\/?page_id=628\" \/>\n<meta property=\"og:site_name\" content=\"Passeurs de Patrimoine de Plogonnec\" \/>\n<meta property=\"article:modified_time\" content=\"2023-11-12T11:35:23+00:00\" \/>\n<meta name=\"twitter:card\" content=\"summary_large_image\" \/>\n<meta name=\"twitter:label1\" content=\"Dur\u00e9e de lecture estim\u00e9e\" \/>\n\t<meta name=\"twitter:data1\" content=\"3 minutes\" \/>\n<script type=\"application\/ld+json\" class=\"yoast-schema-graph\">{\"@context\":\"https:\\\/\\\/schema.org\",\"@graph\":[{\"@type\":\"WebPage\",\"@id\":\"https:\\\/\\\/passeurspatrimoineplogonnec.fr\\\/?page_id=628\",\"url\":\"https:\\\/\\\/passeurspatrimoineplogonnec.fr\\\/?page_id=628\",\"name\":\"Les recteurs de Plogonnec - Passeurs de Patrimoine de Plogonnec\",\"isPartOf\":{\"@id\":\"https:\\\/\\\/passeurspatrimoineplogonnec.fr\\\/#website\"},\"datePublished\":\"2021-12-06T08:17:34+00:00\",\"dateModified\":\"2023-11-12T11:35:23+00:00\",\"breadcrumb\":{\"@id\":\"https:\\\/\\\/passeurspatrimoineplogonnec.fr\\\/?page_id=628#breadcrumb\"},\"inLanguage\":\"fr-FR\",\"potentialAction\":[{\"@type\":\"ReadAction\",\"target\":[\"https:\\\/\\\/passeurspatrimoineplogonnec.fr\\\/?page_id=628\"]}]},{\"@type\":\"BreadcrumbList\",\"@id\":\"https:\\\/\\\/passeurspatrimoineplogonnec.fr\\\/?page_id=628#breadcrumb\",\"itemListElement\":[{\"@type\":\"ListItem\",\"position\":1,\"name\":\"Accueil\",\"item\":\"https:\\\/\\\/passeurspatrimoineplogonnec.fr\\\/\"},{\"@type\":\"ListItem\",\"position\":2,\"name\":\"Les recteurs de Plogonnec\"}]},{\"@type\":\"WebSite\",\"@id\":\"https:\\\/\\\/passeurspatrimoineplogonnec.fr\\\/#website\",\"url\":\"https:\\\/\\\/passeurspatrimoineplogonnec.fr\\\/\",\"name\":\"Passeurs de Patrimoine de Plogonnec\",\"description\":\"\",\"potentialAction\":[{\"@type\":\"SearchAction\",\"target\":{\"@type\":\"EntryPoint\",\"urlTemplate\":\"https:\\\/\\\/passeurspatrimoineplogonnec.fr\\\/?s={search_term_string}\"},\"query-input\":{\"@type\":\"PropertyValueSpecification\",\"valueRequired\":true,\"valueName\":\"search_term_string\"}}],\"inLanguage\":\"fr-FR\"}]}<\/script>\n<!-- \/ Yoast SEO plugin. -->","yoast_head_json":{"title":"Les recteurs de Plogonnec - Passeurs de Patrimoine de Plogonnec","robots":{"index":"index","follow":"follow","max-snippet":"max-snippet:-1","max-image-preview":"max-image-preview:large","max-video-preview":"max-video-preview:-1"},"canonical":"https:\/\/passeurspatrimoineplogonnec.fr\/?page_id=628","og_locale":"fr_FR","og_type":"article","og_title":"Les recteurs de Plogonnec - Passeurs de Patrimoine de Plogonnec","og_description":"La paroisse de Plogonnec est une paroisse dite primitive. Son \u00e9ponyme est saint Konoc (Egonnec), fr\u00e8re de saint Pol Aur\u00e9lien, venu du Pays de Galles vers le Ve si\u00e8cle. Entre temps la paroisse a connu une modification insolite du saint &hellip; Continuer la lecture &rarr;","og_url":"https:\/\/passeurspatrimoineplogonnec.fr\/?page_id=628","og_site_name":"Passeurs de Patrimoine de Plogonnec","article_modified_time":"2023-11-12T11:35:23+00:00","twitter_card":"summary_large_image","twitter_misc":{"Dur\u00e9e de lecture estim\u00e9e":"3 minutes"},"schema":{"@context":"https:\/\/schema.org","@graph":[{"@type":"WebPage","@id":"https:\/\/passeurspatrimoineplogonnec.fr\/?page_id=628","url":"https:\/\/passeurspatrimoineplogonnec.fr\/?page_id=628","name":"Les recteurs de Plogonnec - Passeurs de Patrimoine de Plogonnec","isPartOf":{"@id":"https:\/\/passeurspatrimoineplogonnec.fr\/#website"},"datePublished":"2021-12-06T08:17:34+00:00","dateModified":"2023-11-12T11:35:23+00:00","breadcrumb":{"@id":"https:\/\/passeurspatrimoineplogonnec.fr\/?page_id=628#breadcrumb"},"inLanguage":"fr-FR","potentialAction":[{"@type":"ReadAction","target":["https:\/\/passeurspatrimoineplogonnec.fr\/?page_id=628"]}]},{"@type":"BreadcrumbList","@id":"https:\/\/passeurspatrimoineplogonnec.fr\/?page_id=628#breadcrumb","itemListElement":[{"@type":"ListItem","position":1,"name":"Accueil","item":"https:\/\/passeurspatrimoineplogonnec.fr\/"},{"@type":"ListItem","position":2,"name":"Les recteurs de Plogonnec"}]},{"@type":"WebSite","@id":"https:\/\/passeurspatrimoineplogonnec.fr\/#website","url":"https:\/\/passeurspatrimoineplogonnec.fr\/","name":"Passeurs de Patrimoine de Plogonnec","description":"","potentialAction":[{"@type":"SearchAction","target":{"@type":"EntryPoint","urlTemplate":"https:\/\/passeurspatrimoineplogonnec.fr\/?s={search_term_string}"},"query-input":{"@type":"PropertyValueSpecification","valueRequired":true,"valueName":"search_term_string"}}],"inLanguage":"fr-FR"}]}},"_links":{"self":[{"href":"https:\/\/passeurspatrimoineplogonnec.fr\/index.php?rest_route=\/wp\/v2\/pages\/628","targetHints":{"allow":["GET"]}}],"collection":[{"href":"https:\/\/passeurspatrimoineplogonnec.fr\/index.php?rest_route=\/wp\/v2\/pages"}],"about":[{"href":"https:\/\/passeurspatrimoineplogonnec.fr\/index.php?rest_route=\/wp\/v2\/types\/page"}],"author":[{"embeddable":true,"href":"https:\/\/passeurspatrimoineplogonnec.fr\/index.php?rest_route=\/wp\/v2\/users\/1"}],"replies":[{"embeddable":true,"href":"https:\/\/passeurspatrimoineplogonnec.fr\/index.php?rest_route=%2Fwp%2Fv2%2Fcomments&post=628"}],"version-history":[{"count":54,"href":"https:\/\/passeurspatrimoineplogonnec.fr\/index.php?rest_route=\/wp\/v2\/pages\/628\/revisions"}],"predecessor-version":[{"id":969,"href":"https:\/\/passeurspatrimoineplogonnec.fr\/index.php?rest_route=\/wp\/v2\/pages\/628\/revisions\/969"}],"wp:attachment":[{"href":"https:\/\/passeurspatrimoineplogonnec.fr\/index.php?rest_route=%2Fwp%2Fv2%2Fmedia&parent=628"}],"curies":[{"name":"wp","href":"https:\/\/api.w.org\/{rel}","templated":true}]}}