{"id":734,"date":"2021-12-07T17:34:49","date_gmt":"2021-12-07T16:34:49","guid":{"rendered":"http:\/\/passeurspatrimoineplogonnec.fr\/?page_id=734"},"modified":"2023-11-12T12:41:14","modified_gmt":"2023-11-12T11:41:14","slug":"la-porte-du-porche-de-leglise-saint-thurien","status":"publish","type":"page","link":"https:\/\/passeurspatrimoineplogonnec.fr\/?page_id=734","title":{"rendered":"La porte du porche de l\u2019\u00e9glise saint Thurien"},"content":{"rendered":"\n<p>L\u2019\u00e9glise de Plogonnec comporte un porche plac\u00e9 au plein sud de l\u2019\u00e9difice. Son ouverture est de style roman ainsi que sa porte de fonds qui donne acc\u00e8s \u00e0 la nef de l\u2019\u00e9glise.<\/p>\n\n\n\n<p>Ce porche date sans doute du XIV<sup>e<\/sup> si\u00e8cle et se trouvait \u00e0 l\u2019origine au pignon ouest de l\u2019\u00e9difice primitif. Lors de la s\u00e9quence d\u2019agrandissement de l\u2019\u00e9glise au XVI<sup>e<\/sup> si\u00e8cle, pour aller plus vite, en faisant du neuf avec du vieux, et a moindre co\u00fbt, l\u2019on a replac\u00e9 ce porche au plein sud. Il r\u00e9sulte de la man\u0153uvre un r\u00e9agencement bancal assez discret. Le d\u00e9vers appara\u00eet toutefois sur le callage entre les rinceaux gothiques de la voute et les bases romanes r\u00e9 usit\u00e9es. Le porche ainsi transpos\u00e9 fait \u00e0 peu pr\u00eat quatre toises sur quatre.<\/p>\n\n\n\n<p>Au dessus de ce porche se situe une pi\u00e8ce assez modeste en proportion qui servait de bureau pour la fabrique. Ce sera en suite la premi\u00e8re mairie de Plogonnec. L\u2019on y acc\u00e9dait alors par un escalier de bois int\u00e9rieur, tel que celui qui se retrouve actuellement \u00e0 l\u2019\u00e9glise de Guengat.<\/p>\n\n\n\n<p>Ce porche a une double finalit\u00e9 artistique et sociale&nbsp;: c\u2019est pour qui vient de l\u2019ext\u00e9rieur un repli abrit\u00e9 de part sa profondeur, et c\u2019est aussi un lieu de triomphe pour les mari\u00e9s qui en sortent&nbsp;avec un effet th\u00e9\u00e2tral.<\/p>\n\n\n\n<p>Et pour fermer le tout nous avons une porte&nbsp;en bois.<\/p>\n\n\n\n<p>Du premier abord se pose la question des dimensions de cette porte. Concr\u00e8tement elle fait 225,00 cm de haut, 149,5 cm de large, et 5,00 cm d\u2019\u00e9paisseur. Elle est d\u2019un seul tenant. Le ratio entre sa base carr\u00e9e et sa vo\u00fbte rel\u00e8ve du nombre d\u2019or. Le placement des quilles de gonds de part et d\u2019autre laisse \u00e0 penser \u00e0 une formule initiale d\u2019une ouverture \u00e0 double battants. Mais \u00e0 y voir de plus pr\u00e8s, une telle solution ne n\u00e9cessiterait pas des quilles de si large diam\u00e8tre. Nous sommes donc, d\u00e8s le d\u00e9part sur la formule d\u2019un battant unique. Ce battement a toutefois \u00e9t\u00e9 invers\u00e9 dans un second temps, comme l\u2019attestent la pr\u00e9sence de gonds d\u2019\u00e9gale largeur de chaque c\u00f4t\u00e9 de la porte. L\u2019\u00e9paisseur des gonds vient conforter le fait d\u2019un support \u00e0 la port\u00e9e d\u2019un seul battant. La porte est fix\u00e9e \u00e0 ses deux supports par huit points de fixation en fer sur chaque traverse de bois. L\u2019ensemble est rest\u00e9 d\u2019aspect brut \u00e0 l\u2019int\u00e9rieur tandis que de tr\u00e8s nombreuses couches de peinture \u00e0 la sanguine se retrouvent du c\u00f4t\u00e9 ext\u00e9rieur.<\/p>\n\n\n\n<p>Toutefois une interrogation demeure sur ses dimensions&nbsp;: elles sont de l\u2019ordre du centim\u00e8tre pile. Ceci me conduit \u00e0 consid\u00e9rer deux \u00e9tapes suppl\u00e9mentaires dans la vie de cette porte.<\/p>\n\n\n\n<p>1\u00b0) Une reprise de l\u2019encadrement du tout sur fait de mesures au centim\u00e8tre \u00e0 une date inconnue mais du temps de l\u2019application de ce syst\u00e8me m\u00e9trique, soit apr\u00e8s 1791. A y voir de plus pr\u00e8s les pi\u00e8ces tenantes anciennes des divers panneaux sont soit l\u00e9g\u00e8rement plus minces que l\u2019encadrement o\u00f9 alors ont pu \u00eatre rabot\u00e9es de l\u2019arri\u00e8re. Par ailleurs, le d\u00e9calage d\u2019arc du sommet de la porte par rapport \u00e0 la courbe de la vo\u00fbte d\u2019ouverture est assez cons\u00e9quent entre 3 et 5 cm, ce qui fait quand m\u00eame beaucoup et qui a trouv\u00e9 son illustration par le placement judicieux d\u2019un tampon de cuir sur la course de l\u2019arc pour faire l\u2019\u00e9tanch\u00e9it\u00e9 du tout. Nous devons cette heureuse initiative \u00e0 l\u2019ancien et dernier bedeau de l\u2019\u00e9glise de Plogonnec, Monsieur Albert Tand\u00e9, sellier bourrelier de profession, qui tint cette charge depuis l\u2019apr\u00e8s guerre jusqu\u2019en 1987.<\/p>\n\n\n\n<p>2\u00b0) Une inversion de son sens d\u2019ouverture \u00e0 partir du montant m\u00e9trique existant que l\u2019on constate actuellement sur le montant gauche de la porte qui comporte \u00e0 la dimension exacte des percements les \u00e9l\u00e9ments d\u2019ouverture qui aujourd\u2019hui sont \u00e0 poste sur le montant droit.<\/p>\n\n\n\n<p>Il semble donc que jusqu\u2019\u00e0 pr\u00e9sent la formule d\u2019une porte unique ait \u00e9t\u00e9 d\u2019usage en ce lieu, avec une simple inversion du sens d\u2019ouverture entre temps, apr\u00e8s 1791.<\/p>\n\n\n\n<p>A y regarder de plus pr\u00e8s, il semble aussi que certaines pi\u00e8ces de panneaux et d\u2019inter-montage sont, de part la finesse de leur ornementation, le fait d\u2019artistes ext\u00e9rieurs et plus anciennes que l\u2019entourage. Concr\u00e8tement, les artistes auraient fournit leurs \u0153uvre sous la forme de panneaux et de montants interm\u00e9diaires. Le charpentier du coin aura sans doute eu la charge d\u2019emboiter le tout, \u00e0 0,5 cm pr\u00e8s dans un premier temps, et ensuite le tout aura \u00e9t\u00e9 repris dans un entourage \u00e0 dimensions m\u00e9triques, puis apr\u00e8s il a \u00e9t\u00e9 proc\u00e9d\u00e9 \u00e0 une inversion du sens d\u2019ouverture avec inversion des serrures et loquets. Il est \u00e0 noter pour le montage que le chevillage n&rsquo;appara\u00eet que sur les pi\u00e8ces longues. Cette technique est identique aux pratiques locales en mati\u00e8re de mobilier.<\/p>\n\n\n\n<p>Pour son illustration cette porte se distribue sous cinq registres. Le registre sup\u00e9rieur \u00e9voque le ciel avec le Christ. Les deux registres suivant font la liaison entre le ciel et la terre. Les deux derniers \u00e9voquent la terre.<\/p>\n\n\n\n<p>Le premier registre \u00e0 compter du bas est tr\u00e8s simple. Il est constitu\u00e9 de deux panneaux rectangulaires avec cadre et un montant interm\u00e9diaire orn\u00e9 d\u2019un motif v\u00e9g\u00e9tal. Il n\u2019y aucune ornementation des panneaux.<\/p>\n\n\n\n<p>Le second registre se compose de trois panneaux rectangulaires avec cadre et de deux montants interm\u00e9diaires. Les panneaux ext\u00e9rieurs sont orn\u00e9s de motifs v\u00e9g\u00e9taux, ainsi que les deux montants qui les s\u00e9parent du panneau central. Celui-ci est orn\u00e9 d\u2019un motif floral.<\/p>\n\n\n\n<p>Le troisi\u00e8me registre se compose de deux panneaux rectangulaires et d\u2019un montant interm\u00e9diaire. Les panneaux ext\u00e9rieurs sont avec cadre et plac\u00e9s horizontalement sur leur longueur. Ils sont orn\u00e9s chacun d\u2019un angelot volant avec sa paire d\u2019aile et soutenant de chaque c\u00f4t\u00e9 un fil orn\u00e9 sur deux niveaux de deux n\u0153uds glant\u00e9s. Le montant central est d\u2019une seule pi\u00e8ce et comporte un personnage plac\u00e9 sur un socle tronconique et encadr\u00e9 de rinceaux v\u00e9g\u00e9taux. Ce personnage masculin semble avoir comme une tr\u00e8s grosse ceinture qui descend jusqu\u2019\u00e0 ses pieds. Ce pourrait-\u00eatre saint Jean le Baptiste.<\/p>\n\n\n\n<p>Le quatri\u00e8me registre se compose de trois panneaux qui sont emboit\u00e9s dans la base vout\u00e9e de la porte. Les panneaux ext\u00e9rieurs sont d\u2019une seule pi\u00e8ce, celui du centre est \u00e0 cadre. Le panneau lat\u00e9ral gauche est orn\u00e9 par un personnage imberbe plac\u00e9 sur un socle tronconique. Il est v\u00eatu d\u2019une dalmatique. Ce pourrait \u00eatre saint \u00c9tienne, second patron de la paroisse. Le panneau lat\u00e9ral droit est orn\u00e9 par un personnage en habit \u00e9piscopal, avec mitre. Ce pourrait \u00eatre saint Thurien, le premier patron de la paroisse. A sa gauche, le restant du panneau est orn\u00e9 d\u2019un motif \u00e0 rinceaux v\u00e9g\u00e9taux. Le panneau central est orn\u00e9 d\u2019un angelot volant avec sa paire d\u2019aile et soutenant de chaque c\u00f4t\u00e9 une treille de raisin.<\/p>\n\n\n\n<p>Le cinqui\u00e8me registre comporte trois panneaux. Le panneau central n\u2019est que partiellement emboit\u00e9 dans le cadre de la porte et son sommet est aussi celui de la voute de porte. Il est orn\u00e9 d\u2019un personnage barbu plac\u00e9 sur un socle tronconique. Il semble qu\u2019il s\u2019agit tout simplement du Christ. Les deux panneaux lat\u00e9raux sont chacun d\u2019un seul tenant et sont orn\u00e9s d\u2019une t\u00eate d\u2019angelot avec sa paire d\u2019aile.<\/p>\n\n\n\n<p><a><\/a> Cette porte ne poss\u00e8de pas de mention de date. Seuls quelques graffitis r\u00e9cents apparaissent \u00e7a et l\u00e0. La forte usure g\u00e9n\u00e9rale des ornements \u00e0 forme humaine rend leur identification assez incertaine. Mais l\u2019ensemble r\u00e9pond \u00e0 une logique religieuse conforme au culte local. Le registre sup\u00e9rieur \u00e9voque le ciel avec le Christ. Les deux registres suivants se r\u00e9f\u00e8rent au ciel avec une lecture verticale du Christ \u00e0 saint Jean le Baptiste, et horizontale de saint Thurien \u00e0 saint \u00c9tienne. Le tout est accompagn\u00e9 par les angelots. Les deux registres inf\u00e9rieurs se r\u00e9f\u00e8rent au monde terrestre avec les fleurs et les feuillages, et le vide des panneaux du bas. Le style g\u00e9n\u00e9ral des diff\u00e9rents panneaux fait penser \u00e0 une r\u00e9alisation de la seconde partie du XVI<sup>e<\/sup> si\u00e8cle, peut-\u00eatre du d\u00e9but du XVII<sup>e<\/sup> si\u00e8cle, avec une reprise des montants et des traversants du d\u00e9but du XIX<sup>e<\/sup> si\u00e8cle.<\/p>\n\n\n\n<p class=\"has-text-align-right\">Le 8 octobre 2010<\/p>\n\n\n\n<p class=\"has-text-align-right\">Andr\u00e9 BOZEC<\/p>\n\n\n\n<figure class=\"wp-block-gallery has-nested-images columns-default is-cropped wp-block-gallery-1 is-layout-flex wp-block-gallery-is-layout-flex\">\n<figure class=\"wp-block-image size-large\"><a href=\"http:\/\/passeurspatrimoineplogonnec.fr\/wp-content\/uploads\/2021\/12\/Porte-du-porche-Saint-Thurien-arriere-.jpg\" target=\"_blank\" rel=\"noreferrer noopener\"><img loading=\"lazy\" decoding=\"async\" width=\"724\" height=\"1024\" data-id=\"745\" src=\"http:\/\/passeurspatrimoineplogonnec.fr\/wp-content\/uploads\/2021\/12\/Porte-du-porche-Saint-Thurien-arriere--724x1024.jpg\" alt=\"\" class=\"wp-image-745\" srcset=\"https:\/\/passeurspatrimoineplogonnec.fr\/wp-content\/uploads\/2021\/12\/Porte-du-porche-Saint-Thurien-arriere--724x1024.jpg 724w, https:\/\/passeurspatrimoineplogonnec.fr\/wp-content\/uploads\/2021\/12\/Porte-du-porche-Saint-Thurien-arriere--212x300.jpg 212w, https:\/\/passeurspatrimoineplogonnec.fr\/wp-content\/uploads\/2021\/12\/Porte-du-porche-Saint-Thurien-arriere--768x1086.jpg 768w, https:\/\/passeurspatrimoineplogonnec.fr\/wp-content\/uploads\/2021\/12\/Porte-du-porche-Saint-Thurien-arriere--1087x1536.jpg 1087w, https:\/\/passeurspatrimoineplogonnec.fr\/wp-content\/uploads\/2021\/12\/Porte-du-porche-Saint-Thurien-arriere--1449x2048.jpg 1449w, https:\/\/passeurspatrimoineplogonnec.fr\/wp-content\/uploads\/2021\/12\/Porte-du-porche-Saint-Thurien-arriere-.jpg 1654w\" sizes=\"auto, (max-width: 724px) 100vw, 724px\" \/><\/a><\/figure>\n\n\n\n<figure class=\"wp-block-image size-large\"><a href=\"http:\/\/passeurspatrimoineplogonnec.fr\/wp-content\/uploads\/2021\/12\/Porte-du-porche-Saint-Thurien-avant-.jpg\" target=\"_blank\" rel=\"noreferrer noopener\"><img loading=\"lazy\" decoding=\"async\" width=\"724\" height=\"1024\" data-id=\"746\" src=\"http:\/\/passeurspatrimoineplogonnec.fr\/wp-content\/uploads\/2021\/12\/Porte-du-porche-Saint-Thurien-avant--724x1024.jpg\" alt=\"\" class=\"wp-image-746\" srcset=\"https:\/\/passeurspatrimoineplogonnec.fr\/wp-content\/uploads\/2021\/12\/Porte-du-porche-Saint-Thurien-avant--724x1024.jpg 724w, https:\/\/passeurspatrimoineplogonnec.fr\/wp-content\/uploads\/2021\/12\/Porte-du-porche-Saint-Thurien-avant--212x300.jpg 212w, https:\/\/passeurspatrimoineplogonnec.fr\/wp-content\/uploads\/2021\/12\/Porte-du-porche-Saint-Thurien-avant--768x1086.jpg 768w, https:\/\/passeurspatrimoineplogonnec.fr\/wp-content\/uploads\/2021\/12\/Porte-du-porche-Saint-Thurien-avant--1087x1536.jpg 1087w, https:\/\/passeurspatrimoineplogonnec.fr\/wp-content\/uploads\/2021\/12\/Porte-du-porche-Saint-Thurien-avant--1449x2048.jpg 1449w, https:\/\/passeurspatrimoineplogonnec.fr\/wp-content\/uploads\/2021\/12\/Porte-du-porche-Saint-Thurien-avant-.jpg 1654w\" sizes=\"auto, (max-width: 724px) 100vw, 724px\" \/><\/a><\/figure>\n<\/figure>\n\n\n\n<p>Cliquez sur les photos pour les agrandir.<\/p>\n","protected":false},"excerpt":{"rendered":"<p>L\u2019\u00e9glise de Plogonnec comporte un porche plac\u00e9 au plein sud de l\u2019\u00e9difice. Son ouverture est de style roman ainsi que sa porte de fonds qui donne acc\u00e8s \u00e0 la nef de l\u2019\u00e9glise. Ce porche date sans doute du XIVe si\u00e8cle &hellip; <a href=\"https:\/\/passeurspatrimoineplogonnec.fr\/?page_id=734\">Continuer la lecture <span class=\"meta-nav\">&rarr;<\/span><\/a><\/p>\n","protected":false},"author":1,"featured_media":0,"parent":0,"menu_order":0,"comment_status":"closed","ping_status":"closed","template":"","meta":{"footnotes":""},"class_list":["post-734","page","type-page","status-publish","hentry"],"yoast_head":"<!-- This site is optimized with the Yoast SEO plugin v27.3 - https:\/\/yoast.com\/product\/yoast-seo-wordpress\/ -->\n<title>La porte du porche de l\u2019\u00e9glise saint Thurien - Passeurs de Patrimoine de Plogonnec<\/title>\n<meta name=\"robots\" content=\"index, follow, max-snippet:-1, max-image-preview:large, max-video-preview:-1\" \/>\n<link rel=\"canonical\" href=\"https:\/\/passeurspatrimoineplogonnec.fr\/?page_id=734\" \/>\n<meta property=\"og:locale\" content=\"fr_FR\" \/>\n<meta property=\"og:type\" content=\"article\" \/>\n<meta property=\"og:title\" content=\"La porte du porche de l\u2019\u00e9glise saint Thurien - Passeurs de Patrimoine de Plogonnec\" \/>\n<meta property=\"og:description\" content=\"L\u2019\u00e9glise de Plogonnec comporte un porche plac\u00e9 au plein sud de l\u2019\u00e9difice. Son ouverture est de style roman ainsi que sa porte de fonds qui donne acc\u00e8s \u00e0 la nef de l\u2019\u00e9glise. Ce porche date sans doute du XIVe si\u00e8cle &hellip; Continuer la lecture &rarr;\" \/>\n<meta property=\"og:url\" content=\"https:\/\/passeurspatrimoineplogonnec.fr\/?page_id=734\" \/>\n<meta property=\"og:site_name\" content=\"Passeurs de Patrimoine de Plogonnec\" \/>\n<meta property=\"article:modified_time\" content=\"2023-11-12T11:41:14+00:00\" \/>\n<meta property=\"og:image\" content=\"http:\/\/passeurspatrimoineplogonnec.fr\/wp-content\/uploads\/2021\/12\/Porte-du-porche-Saint-Thurien-arriere--724x1024.jpg\" \/>\n<meta name=\"twitter:card\" content=\"summary_large_image\" \/>\n<meta name=\"twitter:label1\" content=\"Dur\u00e9e de lecture estim\u00e9e\" \/>\n\t<meta name=\"twitter:data1\" content=\"7 minutes\" \/>\n<script type=\"application\/ld+json\" class=\"yoast-schema-graph\">{\"@context\":\"https:\\\/\\\/schema.org\",\"@graph\":[{\"@type\":\"WebPage\",\"@id\":\"https:\\\/\\\/passeurspatrimoineplogonnec.fr\\\/?page_id=734\",\"url\":\"https:\\\/\\\/passeurspatrimoineplogonnec.fr\\\/?page_id=734\",\"name\":\"La porte du porche de l\u2019\u00e9glise saint Thurien - Passeurs de Patrimoine de Plogonnec\",\"isPartOf\":{\"@id\":\"https:\\\/\\\/passeurspatrimoineplogonnec.fr\\\/#website\"},\"primaryImageOfPage\":{\"@id\":\"https:\\\/\\\/passeurspatrimoineplogonnec.fr\\\/?page_id=734#primaryimage\"},\"image\":{\"@id\":\"https:\\\/\\\/passeurspatrimoineplogonnec.fr\\\/?page_id=734#primaryimage\"},\"thumbnailUrl\":\"http:\\\/\\\/passeurspatrimoineplogonnec.fr\\\/wp-content\\\/uploads\\\/2021\\\/12\\\/Porte-du-porche-Saint-Thurien-arriere--724x1024.jpg\",\"datePublished\":\"2021-12-07T16:34:49+00:00\",\"dateModified\":\"2023-11-12T11:41:14+00:00\",\"breadcrumb\":{\"@id\":\"https:\\\/\\\/passeurspatrimoineplogonnec.fr\\\/?page_id=734#breadcrumb\"},\"inLanguage\":\"fr-FR\",\"potentialAction\":[{\"@type\":\"ReadAction\",\"target\":[\"https:\\\/\\\/passeurspatrimoineplogonnec.fr\\\/?page_id=734\"]}]},{\"@type\":\"ImageObject\",\"inLanguage\":\"fr-FR\",\"@id\":\"https:\\\/\\\/passeurspatrimoineplogonnec.fr\\\/?page_id=734#primaryimage\",\"url\":\"https:\\\/\\\/passeurspatrimoineplogonnec.fr\\\/wp-content\\\/uploads\\\/2021\\\/12\\\/Porte-du-porche-Saint-Thurien-arriere-.jpg\",\"contentUrl\":\"https:\\\/\\\/passeurspatrimoineplogonnec.fr\\\/wp-content\\\/uploads\\\/2021\\\/12\\\/Porte-du-porche-Saint-Thurien-arriere-.jpg\",\"width\":1654,\"height\":2338},{\"@type\":\"BreadcrumbList\",\"@id\":\"https:\\\/\\\/passeurspatrimoineplogonnec.fr\\\/?page_id=734#breadcrumb\",\"itemListElement\":[{\"@type\":\"ListItem\",\"position\":1,\"name\":\"Accueil\",\"item\":\"https:\\\/\\\/passeurspatrimoineplogonnec.fr\\\/\"},{\"@type\":\"ListItem\",\"position\":2,\"name\":\"La porte du porche de l\u2019\u00e9glise saint Thurien\"}]},{\"@type\":\"WebSite\",\"@id\":\"https:\\\/\\\/passeurspatrimoineplogonnec.fr\\\/#website\",\"url\":\"https:\\\/\\\/passeurspatrimoineplogonnec.fr\\\/\",\"name\":\"Passeurs de Patrimoine de Plogonnec\",\"description\":\"\",\"potentialAction\":[{\"@type\":\"SearchAction\",\"target\":{\"@type\":\"EntryPoint\",\"urlTemplate\":\"https:\\\/\\\/passeurspatrimoineplogonnec.fr\\\/?s={search_term_string}\"},\"query-input\":{\"@type\":\"PropertyValueSpecification\",\"valueRequired\":true,\"valueName\":\"search_term_string\"}}],\"inLanguage\":\"fr-FR\"}]}<\/script>\n<!-- \/ Yoast SEO plugin. -->","yoast_head_json":{"title":"La porte du porche de l\u2019\u00e9glise saint Thurien - Passeurs de Patrimoine de Plogonnec","robots":{"index":"index","follow":"follow","max-snippet":"max-snippet:-1","max-image-preview":"max-image-preview:large","max-video-preview":"max-video-preview:-1"},"canonical":"https:\/\/passeurspatrimoineplogonnec.fr\/?page_id=734","og_locale":"fr_FR","og_type":"article","og_title":"La porte du porche de l\u2019\u00e9glise saint Thurien - Passeurs de Patrimoine de Plogonnec","og_description":"L\u2019\u00e9glise de Plogonnec comporte un porche plac\u00e9 au plein sud de l\u2019\u00e9difice. Son ouverture est de style roman ainsi que sa porte de fonds qui donne acc\u00e8s \u00e0 la nef de l\u2019\u00e9glise. Ce porche date sans doute du XIVe si\u00e8cle &hellip; Continuer la lecture &rarr;","og_url":"https:\/\/passeurspatrimoineplogonnec.fr\/?page_id=734","og_site_name":"Passeurs de Patrimoine de Plogonnec","article_modified_time":"2023-11-12T11:41:14+00:00","og_image":[{"url":"http:\/\/passeurspatrimoineplogonnec.fr\/wp-content\/uploads\/2021\/12\/Porte-du-porche-Saint-Thurien-arriere--724x1024.jpg","type":"","width":"","height":""}],"twitter_card":"summary_large_image","twitter_misc":{"Dur\u00e9e de lecture estim\u00e9e":"7 minutes"},"schema":{"@context":"https:\/\/schema.org","@graph":[{"@type":"WebPage","@id":"https:\/\/passeurspatrimoineplogonnec.fr\/?page_id=734","url":"https:\/\/passeurspatrimoineplogonnec.fr\/?page_id=734","name":"La porte du porche de l\u2019\u00e9glise saint Thurien - Passeurs de Patrimoine de Plogonnec","isPartOf":{"@id":"https:\/\/passeurspatrimoineplogonnec.fr\/#website"},"primaryImageOfPage":{"@id":"https:\/\/passeurspatrimoineplogonnec.fr\/?page_id=734#primaryimage"},"image":{"@id":"https:\/\/passeurspatrimoineplogonnec.fr\/?page_id=734#primaryimage"},"thumbnailUrl":"http:\/\/passeurspatrimoineplogonnec.fr\/wp-content\/uploads\/2021\/12\/Porte-du-porche-Saint-Thurien-arriere--724x1024.jpg","datePublished":"2021-12-07T16:34:49+00:00","dateModified":"2023-11-12T11:41:14+00:00","breadcrumb":{"@id":"https:\/\/passeurspatrimoineplogonnec.fr\/?page_id=734#breadcrumb"},"inLanguage":"fr-FR","potentialAction":[{"@type":"ReadAction","target":["https:\/\/passeurspatrimoineplogonnec.fr\/?page_id=734"]}]},{"@type":"ImageObject","inLanguage":"fr-FR","@id":"https:\/\/passeurspatrimoineplogonnec.fr\/?page_id=734#primaryimage","url":"https:\/\/passeurspatrimoineplogonnec.fr\/wp-content\/uploads\/2021\/12\/Porte-du-porche-Saint-Thurien-arriere-.jpg","contentUrl":"https:\/\/passeurspatrimoineplogonnec.fr\/wp-content\/uploads\/2021\/12\/Porte-du-porche-Saint-Thurien-arriere-.jpg","width":1654,"height":2338},{"@type":"BreadcrumbList","@id":"https:\/\/passeurspatrimoineplogonnec.fr\/?page_id=734#breadcrumb","itemListElement":[{"@type":"ListItem","position":1,"name":"Accueil","item":"https:\/\/passeurspatrimoineplogonnec.fr\/"},{"@type":"ListItem","position":2,"name":"La porte du porche de l\u2019\u00e9glise saint Thurien"}]},{"@type":"WebSite","@id":"https:\/\/passeurspatrimoineplogonnec.fr\/#website","url":"https:\/\/passeurspatrimoineplogonnec.fr\/","name":"Passeurs de Patrimoine de Plogonnec","description":"","potentialAction":[{"@type":"SearchAction","target":{"@type":"EntryPoint","urlTemplate":"https:\/\/passeurspatrimoineplogonnec.fr\/?s={search_term_string}"},"query-input":{"@type":"PropertyValueSpecification","valueRequired":true,"valueName":"search_term_string"}}],"inLanguage":"fr-FR"}]}},"_links":{"self":[{"href":"https:\/\/passeurspatrimoineplogonnec.fr\/index.php?rest_route=\/wp\/v2\/pages\/734","targetHints":{"allow":["GET"]}}],"collection":[{"href":"https:\/\/passeurspatrimoineplogonnec.fr\/index.php?rest_route=\/wp\/v2\/pages"}],"about":[{"href":"https:\/\/passeurspatrimoineplogonnec.fr\/index.php?rest_route=\/wp\/v2\/types\/page"}],"author":[{"embeddable":true,"href":"https:\/\/passeurspatrimoineplogonnec.fr\/index.php?rest_route=\/wp\/v2\/users\/1"}],"replies":[{"embeddable":true,"href":"https:\/\/passeurspatrimoineplogonnec.fr\/index.php?rest_route=%2Fwp%2Fv2%2Fcomments&post=734"}],"version-history":[{"count":9,"href":"https:\/\/passeurspatrimoineplogonnec.fr\/index.php?rest_route=\/wp\/v2\/pages\/734\/revisions"}],"predecessor-version":[{"id":3799,"href":"https:\/\/passeurspatrimoineplogonnec.fr\/index.php?rest_route=\/wp\/v2\/pages\/734\/revisions\/3799"}],"wp:attachment":[{"href":"https:\/\/passeurspatrimoineplogonnec.fr\/index.php?rest_route=%2Fwp%2Fv2%2Fmedia&parent=734"}],"curies":[{"name":"wp","href":"https:\/\/api.w.org\/{rel}","templated":true}]}}