{"id":94,"date":"2021-11-09T15:32:14","date_gmt":"2021-11-09T14:32:14","guid":{"rendered":"http:\/\/passeurspatrimoineplogonnec.fr\/?page_id=94"},"modified":"2022-06-10T16:21:13","modified_gmt":"2022-06-10T14:21:13","slug":"recits-et-legendes","status":"publish","type":"page","link":"https:\/\/passeurspatrimoineplogonnec.fr\/?page_id=94","title":{"rendered":"R\u00e9cits et l\u00e9gendes"},"content":{"rendered":"\n<figure class=\"wp-block-pullquote has-black-color has-text-color has-background has-small-font-size\" style=\"background:linear-gradient(71deg,rgb(238,238,238) 0%,rgb(169,184,195) 100%)\"><blockquote><p>Person Vihan Kerven<\/p><p>Histoire d&rsquo;un Plogonniste \u00e0 la guerre des Balkans<\/p><\/blockquote><\/figure>\n","protected":false},"excerpt":{"rendered":"<p>Person Vihan Kerven Histoire d&rsquo;un Plogonniste \u00e0 la guerre des Balkans<\/p>\n","protected":false},"author":1,"featured_media":0,"parent":0,"menu_order":0,"comment_status":"closed","ping_status":"closed","template":"","meta":{"footnotes":""},"class_list":["post-94","page","type-page","status-publish","hentry"],"yoast_head":"<!-- This site is optimized with the Yoast SEO plugin v27.4 - https:\/\/yoast.com\/product\/yoast-seo-wordpress\/ -->\n<title>R\u00e9cits et l\u00e9gendes - Passeurs de Patrimoine de Plogonnec<\/title>\n<meta name=\"robots\" content=\"index, follow, max-snippet:-1, max-image-preview:large, max-video-preview:-1\" \/>\n<link rel=\"canonical\" href=\"https:\/\/passeurspatrimoineplogonnec.fr\/?page_id=94\" \/>\n<meta property=\"og:locale\" content=\"fr_FR\" \/>\n<meta property=\"og:type\" content=\"article\" \/>\n<meta property=\"og:title\" content=\"R\u00e9cits et l\u00e9gendes - Passeurs de Patrimoine de Plogonnec\" \/>\n<meta property=\"og:description\" content=\"Person Vihan Kerven Histoire d&rsquo;un Plogonniste \u00e0 la guerre des Balkans\" \/>\n<meta property=\"og:url\" content=\"https:\/\/passeurspatrimoineplogonnec.fr\/?page_id=94\" \/>\n<meta property=\"og:site_name\" content=\"Passeurs de Patrimoine de Plogonnec\" \/>\n<meta property=\"article:modified_time\" content=\"2022-06-10T14:21:13+00:00\" \/>\n<meta name=\"twitter:card\" content=\"summary_large_image\" \/>\n<meta name=\"twitter:label1\" content=\"Dur\u00e9e de lecture estim\u00e9e\" \/>\n\t<meta name=\"twitter:data1\" content=\"1 minute\" \/>\n<script type=\"application\/ld+json\" class=\"yoast-schema-graph\">{\"@context\":\"https:\\\/\\\/schema.org\",\"@graph\":[{\"@type\":\"WebPage\",\"@id\":\"https:\\\/\\\/passeurspatrimoineplogonnec.fr\\\/?page_id=94\",\"url\":\"https:\\\/\\\/passeurspatrimoineplogonnec.fr\\\/?page_id=94\",\"name\":\"R\u00e9cits et l\u00e9gendes - Passeurs de Patrimoine de Plogonnec\",\"isPartOf\":{\"@id\":\"https:\\\/\\\/passeurspatrimoineplogonnec.fr\\\/#website\"},\"datePublished\":\"2021-11-09T14:32:14+00:00\",\"dateModified\":\"2022-06-10T14:21:13+00:00\",\"breadcrumb\":{\"@id\":\"https:\\\/\\\/passeurspatrimoineplogonnec.fr\\\/?page_id=94#breadcrumb\"},\"inLanguage\":\"fr-FR\",\"potentialAction\":[{\"@type\":\"ReadAction\",\"target\":[\"https:\\\/\\\/passeurspatrimoineplogonnec.fr\\\/?page_id=94\"]}]},{\"@type\":\"BreadcrumbList\",\"@id\":\"https:\\\/\\\/passeurspatrimoineplogonnec.fr\\\/?page_id=94#breadcrumb\",\"itemListElement\":[{\"@type\":\"ListItem\",\"position\":1,\"name\":\"Accueil\",\"item\":\"https:\\\/\\\/passeurspatrimoineplogonnec.fr\\\/\"},{\"@type\":\"ListItem\",\"position\":2,\"name\":\"R\u00e9cits et l\u00e9gendes\"}]},{\"@type\":\"WebSite\",\"@id\":\"https:\\\/\\\/passeurspatrimoineplogonnec.fr\\\/#website\",\"url\":\"https:\\\/\\\/passeurspatrimoineplogonnec.fr\\\/\",\"name\":\"Passeurs de Patrimoine de Plogonnec\",\"description\":\"\",\"potentialAction\":[{\"@type\":\"SearchAction\",\"target\":{\"@type\":\"EntryPoint\",\"urlTemplate\":\"https:\\\/\\\/passeurspatrimoineplogonnec.fr\\\/?s={search_term_string}\"},\"query-input\":{\"@type\":\"PropertyValueSpecification\",\"valueRequired\":true,\"valueName\":\"search_term_string\"}}],\"inLanguage\":\"fr-FR\"}]}<\/script>\n<!-- \/ Yoast SEO plugin. -->","yoast_head_json":{"title":"R\u00e9cits et l\u00e9gendes - Passeurs de Patrimoine de Plogonnec","robots":{"index":"index","follow":"follow","max-snippet":"max-snippet:-1","max-image-preview":"max-image-preview:large","max-video-preview":"max-video-preview:-1"},"canonical":"https:\/\/passeurspatrimoineplogonnec.fr\/?page_id=94","og_locale":"fr_FR","og_type":"article","og_title":"R\u00e9cits et l\u00e9gendes - Passeurs de Patrimoine de Plogonnec","og_description":"Person Vihan Kerven Histoire d&rsquo;un Plogonniste \u00e0 la guerre des Balkans","og_url":"https:\/\/passeurspatrimoineplogonnec.fr\/?page_id=94","og_site_name":"Passeurs de Patrimoine de Plogonnec","article_modified_time":"2022-06-10T14:21:13+00:00","twitter_card":"summary_large_image","twitter_misc":{"Dur\u00e9e de lecture estim\u00e9e":"1 minute"},"schema":{"@context":"https:\/\/schema.org","@graph":[{"@type":"WebPage","@id":"https:\/\/passeurspatrimoineplogonnec.fr\/?page_id=94","url":"https:\/\/passeurspatrimoineplogonnec.fr\/?page_id=94","name":"R\u00e9cits et l\u00e9gendes - Passeurs de Patrimoine de Plogonnec","isPartOf":{"@id":"https:\/\/passeurspatrimoineplogonnec.fr\/#website"},"datePublished":"2021-11-09T14:32:14+00:00","dateModified":"2022-06-10T14:21:13+00:00","breadcrumb":{"@id":"https:\/\/passeurspatrimoineplogonnec.fr\/?page_id=94#breadcrumb"},"inLanguage":"fr-FR","potentialAction":[{"@type":"ReadAction","target":["https:\/\/passeurspatrimoineplogonnec.fr\/?page_id=94"]}]},{"@type":"BreadcrumbList","@id":"https:\/\/passeurspatrimoineplogonnec.fr\/?page_id=94#breadcrumb","itemListElement":[{"@type":"ListItem","position":1,"name":"Accueil","item":"https:\/\/passeurspatrimoineplogonnec.fr\/"},{"@type":"ListItem","position":2,"name":"R\u00e9cits et l\u00e9gendes"}]},{"@type":"WebSite","@id":"https:\/\/passeurspatrimoineplogonnec.fr\/#website","url":"https:\/\/passeurspatrimoineplogonnec.fr\/","name":"Passeurs de Patrimoine de Plogonnec","description":"","potentialAction":[{"@type":"SearchAction","target":{"@type":"EntryPoint","urlTemplate":"https:\/\/passeurspatrimoineplogonnec.fr\/?s={search_term_string}"},"query-input":{"@type":"PropertyValueSpecification","valueRequired":true,"valueName":"search_term_string"}}],"inLanguage":"fr-FR"}]}},"_links":{"self":[{"href":"https:\/\/passeurspatrimoineplogonnec.fr\/index.php?rest_route=\/wp\/v2\/pages\/94","targetHints":{"allow":["GET"]}}],"collection":[{"href":"https:\/\/passeurspatrimoineplogonnec.fr\/index.php?rest_route=\/wp\/v2\/pages"}],"about":[{"href":"https:\/\/passeurspatrimoineplogonnec.fr\/index.php?rest_route=\/wp\/v2\/types\/page"}],"author":[{"embeddable":true,"href":"https:\/\/passeurspatrimoineplogonnec.fr\/index.php?rest_route=\/wp\/v2\/users\/1"}],"replies":[{"embeddable":true,"href":"https:\/\/passeurspatrimoineplogonnec.fr\/index.php?rest_route=%2Fwp%2Fv2%2Fcomments&post=94"}],"version-history":[{"count":6,"href":"https:\/\/passeurspatrimoineplogonnec.fr\/index.php?rest_route=\/wp\/v2\/pages\/94\/revisions"}],"predecessor-version":[{"id":1496,"href":"https:\/\/passeurspatrimoineplogonnec.fr\/index.php?rest_route=\/wp\/v2\/pages\/94\/revisions\/1496"}],"wp:attachment":[{"href":"https:\/\/passeurspatrimoineplogonnec.fr\/index.php?rest_route=%2Fwp%2Fv2%2Fmedia&parent=94"}],"curies":[{"name":"wp","href":"https:\/\/api.w.org\/{rel}","templated":true}]}}