{"id":951,"date":"2022-02-22T15:07:39","date_gmt":"2022-02-22T14:07:39","guid":{"rendered":"http:\/\/passeurspatrimoineplogonnec.fr\/?page_id=951"},"modified":"2023-11-11T17:39:50","modified_gmt":"2023-11-11T16:39:50","slug":"la-fontaine-st-egarrec-st-egonnec","status":"publish","type":"page","link":"https:\/\/passeurspatrimoineplogonnec.fr\/?page_id=951","title":{"rendered":"La fontaine St Egarrec &#8211; St Egonnec"},"content":{"rendered":"\n<p><em><strong>Le 6 avril , les \u00ab\u00a0Passeurs de Patrimoine de Plogonnec\u00a0\u00bb ont repris la campagne de travaux de l&rsquo;ann\u00e9e 2023.<\/strong><\/em><\/p>\n\n\n\n<p><em><strong>Au programme de l&rsquo;ann\u00e9e :\u00a0\u00a0<\/strong><\/em><\/p>\n\n\n\n<p><em><strong>La restauration de la rigole d&rsquo;\u00e9coulement de la fontaine Saint-Egonnec.&nbsp;<\/strong><\/em><\/p>\n\n\n\n<p><em><strong>Le chantier de d\u00e9construction et de rel\u00e8vement du muret du ruisseau d&rsquo;\u00e9coulement\u00a0 de la fontaine Saint-Egarec\u00a0 situ\u00e9e dans le plac\u00eetre de la chapelle.\u00a0<\/strong><\/em><\/p>\n\n\n\n<p><em><strong>&nbsp;L&rsquo;ouverture d&rsquo;un sentier vers un lavoir \u00ab\u00a0oubli\u00e9\u00a0\u00bb \u00e0 l&rsquo;entr\u00e9e du chemin de Kerustans.&nbsp;<\/strong><\/em><\/p>\n\n\n\n<p><em><strong>\u00a0La jonction de deux circuits de randonn\u00e9e, l&rsquo;un de Plogonnec, l&rsquo;autre de Guengat.\u00a0<\/strong><\/em><\/p>\n\n\n\n<p class=\"has-text-align-center\">*****************************************<\/p>\n\n\n\n<p>Ce circuit \u00e9labor\u00e9 par Christian sera r\u00e9alisable sous r\u00e9serve de faisabilit\u00e9 technique (un chemin \u00e0 cr\u00e9er avec franchissement de zone humide pour acc\u00e9der \u00e0 l&rsquo;un des lavoirs) et de l&rsquo;accord des propri\u00e9taires.<\/p>\n\n\n\n<figure class=\"wp-block-image size-large\"><a href=\"http:\/\/passeurspatrimoineplogonnec.fr\/wp-content\/uploads\/2022\/11\/proposition-de-circuit-de-St-Thegonnec-scaled.jpg\" target=\"_blank\" rel=\"noreferrer noopener\"><img loading=\"lazy\" decoding=\"async\" width=\"1024\" height=\"768\" src=\"http:\/\/passeurspatrimoineplogonnec.fr\/wp-content\/uploads\/2022\/11\/proposition-de-circuit-de-St-Thegonnec-1024x768.jpg\" alt=\"\" class=\"wp-image-1999\" srcset=\"https:\/\/passeurspatrimoineplogonnec.fr\/wp-content\/uploads\/2022\/11\/proposition-de-circuit-de-St-Thegonnec-1024x768.jpg 1024w, https:\/\/passeurspatrimoineplogonnec.fr\/wp-content\/uploads\/2022\/11\/proposition-de-circuit-de-St-Thegonnec-300x225.jpg 300w, https:\/\/passeurspatrimoineplogonnec.fr\/wp-content\/uploads\/2022\/11\/proposition-de-circuit-de-St-Thegonnec-768x576.jpg 768w, https:\/\/passeurspatrimoineplogonnec.fr\/wp-content\/uploads\/2022\/11\/proposition-de-circuit-de-St-Thegonnec-1536x1152.jpg 1536w, https:\/\/passeurspatrimoineplogonnec.fr\/wp-content\/uploads\/2022\/11\/proposition-de-circuit-de-St-Thegonnec-2048x1536.jpg 2048w\" sizes=\"auto, (max-width: 1024px) 100vw, 1024px\" \/><\/a><\/figure>\n","protected":false},"excerpt":{"rendered":"<p>Le 6 avril , les \u00ab\u00a0Passeurs de Patrimoine de Plogonnec\u00a0\u00bb ont repris la campagne de travaux de l&rsquo;ann\u00e9e 2023. Au programme de l&rsquo;ann\u00e9e :\u00a0\u00a0 La restauration de la rigole d&rsquo;\u00e9coulement de la fontaine Saint-Egonnec.&nbsp; Le chantier de d\u00e9construction et de &hellip; <a href=\"https:\/\/passeurspatrimoineplogonnec.fr\/?page_id=951\">Continuer la lecture <span class=\"meta-nav\">&rarr;<\/span><\/a><\/p>\n","protected":false},"author":1,"featured_media":0,"parent":0,"menu_order":0,"comment_status":"closed","ping_status":"closed","template":"","meta":{"footnotes":""},"class_list":["post-951","page","type-page","status-publish","hentry"],"yoast_head":"<!-- This site is optimized with the Yoast SEO plugin v27.4 - https:\/\/yoast.com\/product\/yoast-seo-wordpress\/ -->\n<title>La fontaine St Egarrec - St Egonnec - Passeurs de Patrimoine de Plogonnec<\/title>\n<meta name=\"robots\" content=\"index, follow, max-snippet:-1, max-image-preview:large, max-video-preview:-1\" \/>\n<link rel=\"canonical\" href=\"https:\/\/passeurspatrimoineplogonnec.fr\/?page_id=951\" \/>\n<meta property=\"og:locale\" content=\"fr_FR\" \/>\n<meta property=\"og:type\" content=\"article\" \/>\n<meta property=\"og:title\" content=\"La fontaine St Egarrec - St Egonnec - Passeurs de Patrimoine de Plogonnec\" \/>\n<meta property=\"og:description\" content=\"Le 6 avril , les \u00ab\u00a0Passeurs de Patrimoine de Plogonnec\u00a0\u00bb ont repris la campagne de travaux de l&rsquo;ann\u00e9e 2023. Au programme de l&rsquo;ann\u00e9e :\u00a0\u00a0 La restauration de la rigole d&rsquo;\u00e9coulement de la fontaine Saint-Egonnec.&nbsp; Le chantier de d\u00e9construction et de &hellip; Continuer la lecture &rarr;\" \/>\n<meta property=\"og:url\" content=\"https:\/\/passeurspatrimoineplogonnec.fr\/?page_id=951\" \/>\n<meta property=\"og:site_name\" content=\"Passeurs de Patrimoine de Plogonnec\" \/>\n<meta property=\"article:modified_time\" content=\"2023-11-11T16:39:50+00:00\" \/>\n<meta property=\"og:image\" content=\"http:\/\/passeurspatrimoineplogonnec.fr\/wp-content\/uploads\/2022\/11\/proposition-de-circuit-de-St-Thegonnec-1024x768.jpg\" \/>\n<meta name=\"twitter:card\" content=\"summary_large_image\" \/>\n<meta name=\"twitter:label1\" content=\"Dur\u00e9e de lecture estim\u00e9e\" \/>\n\t<meta name=\"twitter:data1\" content=\"1 minute\" \/>\n<script type=\"application\/ld+json\" class=\"yoast-schema-graph\">{\"@context\":\"https:\\\/\\\/schema.org\",\"@graph\":[{\"@type\":\"WebPage\",\"@id\":\"https:\\\/\\\/passeurspatrimoineplogonnec.fr\\\/?page_id=951\",\"url\":\"https:\\\/\\\/passeurspatrimoineplogonnec.fr\\\/?page_id=951\",\"name\":\"La fontaine St Egarrec - St Egonnec - Passeurs de Patrimoine de Plogonnec\",\"isPartOf\":{\"@id\":\"https:\\\/\\\/passeurspatrimoineplogonnec.fr\\\/#website\"},\"primaryImageOfPage\":{\"@id\":\"https:\\\/\\\/passeurspatrimoineplogonnec.fr\\\/?page_id=951#primaryimage\"},\"image\":{\"@id\":\"https:\\\/\\\/passeurspatrimoineplogonnec.fr\\\/?page_id=951#primaryimage\"},\"thumbnailUrl\":\"http:\\\/\\\/passeurspatrimoineplogonnec.fr\\\/wp-content\\\/uploads\\\/2022\\\/11\\\/proposition-de-circuit-de-St-Thegonnec-1024x768.jpg\",\"datePublished\":\"2022-02-22T14:07:39+00:00\",\"dateModified\":\"2023-11-11T16:39:50+00:00\",\"breadcrumb\":{\"@id\":\"https:\\\/\\\/passeurspatrimoineplogonnec.fr\\\/?page_id=951#breadcrumb\"},\"inLanguage\":\"fr-FR\",\"potentialAction\":[{\"@type\":\"ReadAction\",\"target\":[\"https:\\\/\\\/passeurspatrimoineplogonnec.fr\\\/?page_id=951\"]}]},{\"@type\":\"ImageObject\",\"inLanguage\":\"fr-FR\",\"@id\":\"https:\\\/\\\/passeurspatrimoineplogonnec.fr\\\/?page_id=951#primaryimage\",\"url\":\"https:\\\/\\\/passeurspatrimoineplogonnec.fr\\\/wp-content\\\/uploads\\\/2022\\\/11\\\/proposition-de-circuit-de-St-Thegonnec-scaled.jpg\",\"contentUrl\":\"https:\\\/\\\/passeurspatrimoineplogonnec.fr\\\/wp-content\\\/uploads\\\/2022\\\/11\\\/proposition-de-circuit-de-St-Thegonnec-scaled.jpg\",\"width\":2560,\"height\":1920},{\"@type\":\"BreadcrumbList\",\"@id\":\"https:\\\/\\\/passeurspatrimoineplogonnec.fr\\\/?page_id=951#breadcrumb\",\"itemListElement\":[{\"@type\":\"ListItem\",\"position\":1,\"name\":\"Accueil\",\"item\":\"https:\\\/\\\/passeurspatrimoineplogonnec.fr\\\/\"},{\"@type\":\"ListItem\",\"position\":2,\"name\":\"La fontaine St Egarrec &#8211; St Egonnec\"}]},{\"@type\":\"WebSite\",\"@id\":\"https:\\\/\\\/passeurspatrimoineplogonnec.fr\\\/#website\",\"url\":\"https:\\\/\\\/passeurspatrimoineplogonnec.fr\\\/\",\"name\":\"Passeurs de Patrimoine de Plogonnec\",\"description\":\"\",\"potentialAction\":[{\"@type\":\"SearchAction\",\"target\":{\"@type\":\"EntryPoint\",\"urlTemplate\":\"https:\\\/\\\/passeurspatrimoineplogonnec.fr\\\/?s={search_term_string}\"},\"query-input\":{\"@type\":\"PropertyValueSpecification\",\"valueRequired\":true,\"valueName\":\"search_term_string\"}}],\"inLanguage\":\"fr-FR\"}]}<\/script>\n<!-- \/ Yoast SEO plugin. -->","yoast_head_json":{"title":"La fontaine St Egarrec - St Egonnec - Passeurs de Patrimoine de Plogonnec","robots":{"index":"index","follow":"follow","max-snippet":"max-snippet:-1","max-image-preview":"max-image-preview:large","max-video-preview":"max-video-preview:-1"},"canonical":"https:\/\/passeurspatrimoineplogonnec.fr\/?page_id=951","og_locale":"fr_FR","og_type":"article","og_title":"La fontaine St Egarrec - St Egonnec - Passeurs de Patrimoine de Plogonnec","og_description":"Le 6 avril , les \u00ab\u00a0Passeurs de Patrimoine de Plogonnec\u00a0\u00bb ont repris la campagne de travaux de l&rsquo;ann\u00e9e 2023. Au programme de l&rsquo;ann\u00e9e :\u00a0\u00a0 La restauration de la rigole d&rsquo;\u00e9coulement de la fontaine Saint-Egonnec.&nbsp; Le chantier de d\u00e9construction et de &hellip; Continuer la lecture &rarr;","og_url":"https:\/\/passeurspatrimoineplogonnec.fr\/?page_id=951","og_site_name":"Passeurs de Patrimoine de Plogonnec","article_modified_time":"2023-11-11T16:39:50+00:00","og_image":[{"url":"http:\/\/passeurspatrimoineplogonnec.fr\/wp-content\/uploads\/2022\/11\/proposition-de-circuit-de-St-Thegonnec-1024x768.jpg","type":"","width":"","height":""}],"twitter_card":"summary_large_image","twitter_misc":{"Dur\u00e9e de lecture estim\u00e9e":"1 minute"},"schema":{"@context":"https:\/\/schema.org","@graph":[{"@type":"WebPage","@id":"https:\/\/passeurspatrimoineplogonnec.fr\/?page_id=951","url":"https:\/\/passeurspatrimoineplogonnec.fr\/?page_id=951","name":"La fontaine St Egarrec - St Egonnec - Passeurs de Patrimoine de Plogonnec","isPartOf":{"@id":"https:\/\/passeurspatrimoineplogonnec.fr\/#website"},"primaryImageOfPage":{"@id":"https:\/\/passeurspatrimoineplogonnec.fr\/?page_id=951#primaryimage"},"image":{"@id":"https:\/\/passeurspatrimoineplogonnec.fr\/?page_id=951#primaryimage"},"thumbnailUrl":"http:\/\/passeurspatrimoineplogonnec.fr\/wp-content\/uploads\/2022\/11\/proposition-de-circuit-de-St-Thegonnec-1024x768.jpg","datePublished":"2022-02-22T14:07:39+00:00","dateModified":"2023-11-11T16:39:50+00:00","breadcrumb":{"@id":"https:\/\/passeurspatrimoineplogonnec.fr\/?page_id=951#breadcrumb"},"inLanguage":"fr-FR","potentialAction":[{"@type":"ReadAction","target":["https:\/\/passeurspatrimoineplogonnec.fr\/?page_id=951"]}]},{"@type":"ImageObject","inLanguage":"fr-FR","@id":"https:\/\/passeurspatrimoineplogonnec.fr\/?page_id=951#primaryimage","url":"https:\/\/passeurspatrimoineplogonnec.fr\/wp-content\/uploads\/2022\/11\/proposition-de-circuit-de-St-Thegonnec-scaled.jpg","contentUrl":"https:\/\/passeurspatrimoineplogonnec.fr\/wp-content\/uploads\/2022\/11\/proposition-de-circuit-de-St-Thegonnec-scaled.jpg","width":2560,"height":1920},{"@type":"BreadcrumbList","@id":"https:\/\/passeurspatrimoineplogonnec.fr\/?page_id=951#breadcrumb","itemListElement":[{"@type":"ListItem","position":1,"name":"Accueil","item":"https:\/\/passeurspatrimoineplogonnec.fr\/"},{"@type":"ListItem","position":2,"name":"La fontaine St Egarrec &#8211; St Egonnec"}]},{"@type":"WebSite","@id":"https:\/\/passeurspatrimoineplogonnec.fr\/#website","url":"https:\/\/passeurspatrimoineplogonnec.fr\/","name":"Passeurs de Patrimoine de Plogonnec","description":"","potentialAction":[{"@type":"SearchAction","target":{"@type":"EntryPoint","urlTemplate":"https:\/\/passeurspatrimoineplogonnec.fr\/?s={search_term_string}"},"query-input":{"@type":"PropertyValueSpecification","valueRequired":true,"valueName":"search_term_string"}}],"inLanguage":"fr-FR"}]}},"_links":{"self":[{"href":"https:\/\/passeurspatrimoineplogonnec.fr\/index.php?rest_route=\/wp\/v2\/pages\/951","targetHints":{"allow":["GET"]}}],"collection":[{"href":"https:\/\/passeurspatrimoineplogonnec.fr\/index.php?rest_route=\/wp\/v2\/pages"}],"about":[{"href":"https:\/\/passeurspatrimoineplogonnec.fr\/index.php?rest_route=\/wp\/v2\/types\/page"}],"author":[{"embeddable":true,"href":"https:\/\/passeurspatrimoineplogonnec.fr\/index.php?rest_route=\/wp\/v2\/users\/1"}],"replies":[{"embeddable":true,"href":"https:\/\/passeurspatrimoineplogonnec.fr\/index.php?rest_route=%2Fwp%2Fv2%2Fcomments&post=951"}],"version-history":[{"count":10,"href":"https:\/\/passeurspatrimoineplogonnec.fr\/index.php?rest_route=\/wp\/v2\/pages\/951\/revisions"}],"predecessor-version":[{"id":2975,"href":"https:\/\/passeurspatrimoineplogonnec.fr\/index.php?rest_route=\/wp\/v2\/pages\/951\/revisions\/2975"}],"wp:attachment":[{"href":"https:\/\/passeurspatrimoineplogonnec.fr\/index.php?rest_route=%2Fwp%2Fv2%2Fmedia&parent=951"}],"curies":[{"name":"wp","href":"https:\/\/api.w.org\/{rel}","templated":true}]}}