{"id":959,"date":"2022-02-22T15:22:49","date_gmt":"2022-02-22T14:22:49","guid":{"rendered":"http:\/\/passeurspatrimoineplogonnec.fr\/?page_id=959"},"modified":"2023-12-11T18:12:41","modified_gmt":"2023-12-11T17:12:41","slug":"le-maquis-de-kernoalet","status":"publish","type":"page","link":"https:\/\/passeurspatrimoineplogonnec.fr\/?page_id=959","title":{"rendered":"Le maquis de Kernoalet"},"content":{"rendered":"\n<p><strong>R\u00e9cit partiel de l\u2019action dans la R\u00e9sistance d\u2019Yvon Chancerelle, fr\u00e8re a\u00een\u00e9 de Patrick Chancerelle de Kernoalet.<\/strong><\/p>\n\n\n\n<p><strong>Septembre 1938<\/strong>, apr\u00e8s des vacances \u00e0 Douarnenez je rentre \u00e0 Salon-de-Provence comme \u00e9l\u00e8ve officier. Nous commen\u00e7ons \u00e0 voler sur POTEZ 25 pour passer notre brevet d\u2019observateur, puis quelques mois apr\u00e8s nous avons commenc\u00e9 des vols sur MORANE 315 et MORANE 230 en vue de notre brevet de pilote.<\/p>\n\n\n\n<p><strong>Septembre 1939<\/strong>, l\u2019Italie entre en guerre et l\u2019\u00c9cole de l\u2019Air doit \u00e9vacuer Salon-de-Provence. C\u2019est ainsi que tous les aspirants de l\u2019\u00e9cole, fiers de leurs galons sont charg\u00e9s dans des wagons \u00e0 bestiaux, direction Bordeaux et Mont-de-Marsan.<\/p>\n\n\n\n<p><strong>Juin 1940<\/strong>, c\u2019est la d\u00e9bandade. Je quitte Bordeaux dans un avion de fortune vers Perpignan. Arriv\u00e9 \u00e0 Perpignan, je traverse la M\u00e9diterran\u00e9e et me retrouve \u00e0 Oran. Je continue sur Marrakech o\u00f9 je suis affect\u00e9 au groupe de \u00ab reconnaissance \u00bb, observateur sur POTEZ 25. Comme nous ne volons pas beaucoup, du fait de l\u2019Armistice, fin 1940 je rentre en France. Je me porte volontaire pour encadrer les \u00ab chantiers de jeunesse \u00bb ; un mois apr\u00e8s, je suis affect\u00e9 \u00e0 Cauterets.<\/p>\n\n\n\n<p>Que vous dire de Cauterets : la vie consiste pour les jeunes \u00e0 rester dans leurs piaules pendant que les moniteurs escaladent les pics environnants pendant tout l\u2019hiver 1940\/1941 !!! Je monte donc un jour \u00e0 Chamali\u00e8res pour voir le grand patron pour lui dire que tout cela ne peut pas durer, il me met \u00e0 la porte ! Je reprends contact avec l\u2019Arm\u00e9e de l\u2019Air de la Zone Libre et suis imm\u00e9diatement affect\u00e9 au groupe de \u00ab bombardement \u00bb \u00e0 Istres.<\/p>\n\n\n\n<p><strong>L\u2019ann\u00e9e<\/strong><strong>1941<\/strong>, se passe sans \u00e9l\u00e9ments marquants : Affect\u00e9 dans une Arm\u00e9e sous les ordres du Mar\u00e9chal P\u00e9tain et sous la surveillance de l\u2019Occupant.<\/p>\n\n\n\n<p><strong>Le 22 juin 1942<\/strong>, j\u2019\u00e9pouse Catherine rencontr\u00e9e en 1940 et nous installons \u00e0 Salon-de- Provence. A peine install\u00e9s, nous recevons beaucoup de visites. Une premi\u00e8re surprise c\u2019est Patrick. Mon fr\u00e8re Patrick qui vient de s\u2019\u00e9vader d\u2019Allemagne.<\/p>\n\n\n\n<p><strong>Novembre 1942, <\/strong>la situation est assez tendue et il est question pour beaucoup de pilotes de partir pour l\u2019Afrique du Nord. Avec un ami, nous avons l\u2019intention de voler un avion et de traverser la M\u00e9diterran\u00e9e. Mais la flotte de Toulon se saborde et nous recevons l\u2019ordre de quitter Istres pour remonter vers Lyon.<\/p>\n\n\n\n<p>Les pleins d\u2019essence des LEO 45 sont faits de telle mani\u00e8re qu\u2019on ne puisse traverser la M\u00e9diterran\u00e9e. Nous avons juste ce qu\u2019il faut pour aller \u00e0 Saint-Rembert-d\u2019Albion, o\u00f9 nous nous posons tous. Cinq heures du matin les Allemands arrivent, mitraillettes aux poings : ils viennent d\u2019envahir la Zone Libre. Ils nous retiennent toute la matin\u00e9e et nous recevons l\u2019ordre de rejoindre nos foyers, nos avions sont r\u00e9quisitionn\u00e9s par l\u2019occupant.<\/p>\n\n\n\n<p><strong>F\u00e9vrier<\/strong><strong>1943<\/strong>, nous arrivons \u00e0 Douarnenez par le train et nous trouvons la Bretagne triste et noire. Nous nous installons \u00e0 Ker Bihen.<\/p>\n\n\n\n<p>Je ne sais pas ce que je vais faire ; soit partir pour l\u2019Angleterre, soit pour l\u2019Afrique du Nord\u2026 Tr\u00e8s vite je prends contact avec Luc Robet qui est dans la R\u00e9sistance depuis un long moment.<\/p>\n\n\n\n<p>Il me met en contact avec une organisation de r\u00e9sistance de l\u2019arm\u00e9e \u00ab l\u2019O.R.A \u00bb dirig\u00e9e par le G\u00e9n\u00e9ral MASNOU. Il me dissuade de rejoindre l\u2019Angleterre ou l\u2019Afrique. Finalement je rencontre le G\u00e9n\u00e9ral et nous organisons \u00ab l\u2019O.R.A \u00bb dans la r\u00e9gion de Douarnenez.<\/p>\n\n\n\n<p><strong>Notre P.C est \u00e0 Kernoale<\/strong>t, o\u00f9 viendra s\u2019installer Patrick de retour de Grenoble. Il y a des d\u00e9parts de bateaux de Douarnenez et d\u2019autres ports de la c\u00f4te. La Gestapo s\u2019active beaucoup, elle recherche les R\u00e9sistants. Aussi, prenons-nous quelques pr\u00e9cautions. Nous creusons dans le jardin de Ker Bihen une cache dissimul\u00e9e sous des rondins, des branches et des feuilles mortes, de fa\u00e7on \u00e0 pouvoir nous cacher, si nous \u00e9tions r\u00e9veill\u00e9s vers deux ou trois heures du matin par la Gestapo.<\/p>\n\n\n\n<p>J\u2019ai pr\u00e9vu une corde pour passer par la fen\u00eatre et rejoindre plus rapidement notre jardin. Mon fr\u00e8re Patrick a pris les m\u00eames dispositions \u00e0 Kernoalet. Cette cache lui a \u00e9t\u00e9 d\u2019ailleurs tr\u00e8s utile et efficace lors d\u2019une rafle que les Allemands avaient mont\u00e9 pour le capturer.<\/p>\n\n\n\n<p><strong>Hiver 1944<\/strong>, nous avons de nombreuses r\u00e9unions de R\u00e9sistance. Il est pr\u00e9vu un parachutage d\u2019armes dans la for\u00eat du N\u00e9vet. Nous y passerons quelques nuits sans succ\u00e8s !<\/p>\n\n\n\n<p>La Gestapo est de plus en plus active, il y a des arrestations. Ce pauvre Luc est arr\u00eat\u00e9 \u00e0 l\u2019arriv\u00e9e du train \u00e0 Rennes. Train que je devais prendre avec lui, mais que j\u2019avais manqu\u00e9. Peu de temps apr\u00e8s, c\u2019est l\u2019abb\u00e9 Cariou qui est arr\u00eat\u00e9.<\/p>\n\n\n\n<p>Puis Kernoalet est entour\u00e9 par plusieurs centaines d\u2019Allemands qui arrivent du Juch. Ils fouillent toutes les fermes sauf la maison de Patrick. Elle ne figurait pas sur la carte d\u2019Etat-Major que d\u00e9tenait l\u2019officier allemand en charge des op\u00e9rations !<\/p>\n\n\n\n<p>Un matin, mon fr\u00e8re Herv\u00e9 qui va \u00e0 la messe \u00e0 Sainte-H\u00e9l\u00e8ne se fait arr\u00eater par les Allemand. Ils regardent la liste et disent \u00ab non, ce n\u2019est pas le Chancerelle que nous cherchons \u00bb, Herv\u00e9 se pr\u00e9cipite \u00e0 la maison pour nous alerter. Nous avons disparus dans la nature\u2026<\/p>\n\n\n\n<p><strong>Juin 1944<\/strong>, les F.F.I sont en folie ! Il faut les calmer. Nous intervenons pour les mod\u00e9rer et essayer de s\u2019organiser.<\/p>\n\n\n\n<p><strong>Ao\u00fbt<\/strong><strong>1944,<\/strong><strong>lib\u00e9ration<\/strong><strong>de<\/strong><strong>Douarnenez<\/strong>: On dit que les Am\u00e9ricains arrivent sur Quimper, sur la pointe de la Bretagne. Les F.F.I sont de plus en plus excit\u00e9s. C\u2019est la lib\u00e9ration de Douarnenez, des coups de feu partent d\u2019un peu partout. Des unit\u00e9s allemandes qui se trouvent du c\u00f4t\u00e9 d\u2019Audierne et de la Pointe du Raz se replient sur Douarnenez.<\/p>\n\n\n\n<p>Dans la nuit des F.F.I se pr\u00e9cipitent sur l\u2019\u00eele Tristan pour obtenir la reddition des Allemands qui y sont. Ils ne veulent se rendre qu\u2019\u00e0 un officier Fran\u00e7ais. J\u2019ai donc le m\u00e9rite d\u2019aller recueillir leur reddition.<\/p>\n\n\n\n<p>La nuit est tr\u00e8s chaude. Au petit jour des renforts allemands arrivent sur le Ris et viennent s\u2019\u00e9tablir dans les bois des Plomarc\u2019h. Une r\u00e9sistande F.F.I se met en place. Les fusils-mitrailleurs sont bien utiles. Au m\u00eame moment, les unit\u00e9s F.F.I qui se trouvent \u00e0 Kernoalet sous les ordres de <strong>Patrick,<\/strong>reviennent sur les Plomarc\u2019h.<\/p>\n\n\n\n<p>Le Commandant Gu\u00e9briac, qui a pris le commandement des unit\u00e9s F.F.I obtient une tr\u00eave de la part des Allemands et les armes sont d\u00e9pos\u00e9es au carrefour de la Croix.<\/p>\n\n\n\n<p>Nous nous rendons \u00e0 la Kommandantur de Ploar\u00e9 pour n\u00e9gocier une reddition. Nous sommes consid\u00e9r\u00e9s comme des \u00ab terroristes \u00bb et le Kommandant allemand nous \u00ab engueule \u00bb tout ce qu\u2019il peut. Nous n\u2019en menons pas large, lorsque quelqu\u2019un frappe \u00e0 la porte et lui remet un papier, au bout de dix secondes de silence, il nous dit \u00ab vous \u00eates libres ! \u00bb<\/p>\n\n\n\n<p>Je n\u2019ai jamais su exactement de quoi il s\u2019agissait, mais je pense que c\u2019\u00e9tait une information comme quoi les troupes am\u00e9ricaines avan\u00e7aient en direction de Douarnenez. En effet, le soir m\u00eame les troupes allemandes avaient quitt\u00e9 la ville et s\u2019\u00e9taient repli\u00e9es du c\u00f4t\u00e9 de Sainte-Anne-la-Palud.<\/p>\n\n\n\n<p>Nous occupons les hauteurs de Tr\u00e9funtec, au dessus de la plage et retrouvons les unit\u00e9s F.F.I, ainsi que les unit\u00e9s fran\u00e7aises et am\u00e9ricaines. Nous avons devant nous les troupes allemandes qui se replient.<\/p>\n\n\n\n<p>C\u2019est de cette position que nous assisteront impuissants, \u00e0 la \u00ab m\u00e9prise de Telgruc \u00bb et au bombardement des troupes am\u00e9ricaines et fran\u00e7aises par les avions de l\u2019US air Force. L\u2019abb\u00e9 Heydon de Plogonnec, y trouvera la mort.<\/p>\n\n\n\n<p>Par la suite nous prendrons part au si\u00e8ge et aux combats du M\u00e9nez-Hom, dernier point de r\u00e9sistance de la presqu\u2019\u00eele.<\/p>\n\n\n\n<p class=\"has-text-align-center\">*************************<\/p>\n\n\n\n<p>Texte extrait de la biographie d\u2019Yvon Chancerelle.<\/p>\n\n\n\n<p>11\/12\/2023\/DH.16\/PPdP<\/p>\n","protected":false},"excerpt":{"rendered":"<p>R\u00e9cit partiel de l\u2019action dans la R\u00e9sistance d\u2019Yvon Chancerelle, fr\u00e8re a\u00een\u00e9 de Patrick Chancerelle de Kernoalet. Septembre 1938, apr\u00e8s des vacances \u00e0 Douarnenez je rentre \u00e0 Salon-de-Provence comme \u00e9l\u00e8ve officier. Nous commen\u00e7ons \u00e0 voler sur POTEZ 25 pour passer notre &hellip; <a href=\"https:\/\/passeurspatrimoineplogonnec.fr\/?page_id=959\">Continuer la lecture <span class=\"meta-nav\">&rarr;<\/span><\/a><\/p>\n","protected":false},"author":1,"featured_media":0,"parent":0,"menu_order":0,"comment_status":"closed","ping_status":"closed","template":"","meta":{"footnotes":""},"class_list":["post-959","page","type-page","status-publish","hentry"],"yoast_head":"<!-- This site is optimized with the Yoast SEO plugin v27.4 - https:\/\/yoast.com\/product\/yoast-seo-wordpress\/ -->\n<title>Le maquis de Kernoalet - Passeurs de Patrimoine de Plogonnec<\/title>\n<meta name=\"robots\" content=\"index, follow, max-snippet:-1, max-image-preview:large, max-video-preview:-1\" \/>\n<link rel=\"canonical\" href=\"https:\/\/passeurspatrimoineplogonnec.fr\/?page_id=959\" \/>\n<meta property=\"og:locale\" content=\"fr_FR\" \/>\n<meta property=\"og:type\" content=\"article\" \/>\n<meta property=\"og:title\" content=\"Le maquis de Kernoalet - Passeurs de Patrimoine de Plogonnec\" \/>\n<meta property=\"og:description\" content=\"R\u00e9cit partiel de l\u2019action dans la R\u00e9sistance d\u2019Yvon Chancerelle, fr\u00e8re a\u00een\u00e9 de Patrick Chancerelle de Kernoalet. Septembre 1938, apr\u00e8s des vacances \u00e0 Douarnenez je rentre \u00e0 Salon-de-Provence comme \u00e9l\u00e8ve officier. Nous commen\u00e7ons \u00e0 voler sur POTEZ 25 pour passer notre &hellip; Continuer la lecture &rarr;\" \/>\n<meta property=\"og:url\" content=\"https:\/\/passeurspatrimoineplogonnec.fr\/?page_id=959\" \/>\n<meta property=\"og:site_name\" content=\"Passeurs de Patrimoine de Plogonnec\" \/>\n<meta property=\"article:modified_time\" content=\"2023-12-11T17:12:41+00:00\" \/>\n<meta name=\"twitter:card\" content=\"summary_large_image\" \/>\n<meta name=\"twitter:label1\" content=\"Dur\u00e9e de lecture estim\u00e9e\" \/>\n\t<meta name=\"twitter:data1\" content=\"6 minutes\" \/>\n<script type=\"application\/ld+json\" class=\"yoast-schema-graph\">{\"@context\":\"https:\\\/\\\/schema.org\",\"@graph\":[{\"@type\":\"WebPage\",\"@id\":\"https:\\\/\\\/passeurspatrimoineplogonnec.fr\\\/?page_id=959\",\"url\":\"https:\\\/\\\/passeurspatrimoineplogonnec.fr\\\/?page_id=959\",\"name\":\"Le maquis de Kernoalet - Passeurs de Patrimoine de Plogonnec\",\"isPartOf\":{\"@id\":\"https:\\\/\\\/passeurspatrimoineplogonnec.fr\\\/#website\"},\"datePublished\":\"2022-02-22T14:22:49+00:00\",\"dateModified\":\"2023-12-11T17:12:41+00:00\",\"breadcrumb\":{\"@id\":\"https:\\\/\\\/passeurspatrimoineplogonnec.fr\\\/?page_id=959#breadcrumb\"},\"inLanguage\":\"fr-FR\",\"potentialAction\":[{\"@type\":\"ReadAction\",\"target\":[\"https:\\\/\\\/passeurspatrimoineplogonnec.fr\\\/?page_id=959\"]}]},{\"@type\":\"BreadcrumbList\",\"@id\":\"https:\\\/\\\/passeurspatrimoineplogonnec.fr\\\/?page_id=959#breadcrumb\",\"itemListElement\":[{\"@type\":\"ListItem\",\"position\":1,\"name\":\"Accueil\",\"item\":\"https:\\\/\\\/passeurspatrimoineplogonnec.fr\\\/\"},{\"@type\":\"ListItem\",\"position\":2,\"name\":\"Le maquis de Kernoalet\"}]},{\"@type\":\"WebSite\",\"@id\":\"https:\\\/\\\/passeurspatrimoineplogonnec.fr\\\/#website\",\"url\":\"https:\\\/\\\/passeurspatrimoineplogonnec.fr\\\/\",\"name\":\"Passeurs de Patrimoine de Plogonnec\",\"description\":\"\",\"potentialAction\":[{\"@type\":\"SearchAction\",\"target\":{\"@type\":\"EntryPoint\",\"urlTemplate\":\"https:\\\/\\\/passeurspatrimoineplogonnec.fr\\\/?s={search_term_string}\"},\"query-input\":{\"@type\":\"PropertyValueSpecification\",\"valueRequired\":true,\"valueName\":\"search_term_string\"}}],\"inLanguage\":\"fr-FR\"}]}<\/script>\n<!-- \/ Yoast SEO plugin. -->","yoast_head_json":{"title":"Le maquis de Kernoalet - Passeurs de Patrimoine de Plogonnec","robots":{"index":"index","follow":"follow","max-snippet":"max-snippet:-1","max-image-preview":"max-image-preview:large","max-video-preview":"max-video-preview:-1"},"canonical":"https:\/\/passeurspatrimoineplogonnec.fr\/?page_id=959","og_locale":"fr_FR","og_type":"article","og_title":"Le maquis de Kernoalet - Passeurs de Patrimoine de Plogonnec","og_description":"R\u00e9cit partiel de l\u2019action dans la R\u00e9sistance d\u2019Yvon Chancerelle, fr\u00e8re a\u00een\u00e9 de Patrick Chancerelle de Kernoalet. Septembre 1938, apr\u00e8s des vacances \u00e0 Douarnenez je rentre \u00e0 Salon-de-Provence comme \u00e9l\u00e8ve officier. Nous commen\u00e7ons \u00e0 voler sur POTEZ 25 pour passer notre &hellip; Continuer la lecture &rarr;","og_url":"https:\/\/passeurspatrimoineplogonnec.fr\/?page_id=959","og_site_name":"Passeurs de Patrimoine de Plogonnec","article_modified_time":"2023-12-11T17:12:41+00:00","twitter_card":"summary_large_image","twitter_misc":{"Dur\u00e9e de lecture estim\u00e9e":"6 minutes"},"schema":{"@context":"https:\/\/schema.org","@graph":[{"@type":"WebPage","@id":"https:\/\/passeurspatrimoineplogonnec.fr\/?page_id=959","url":"https:\/\/passeurspatrimoineplogonnec.fr\/?page_id=959","name":"Le maquis de Kernoalet - Passeurs de Patrimoine de Plogonnec","isPartOf":{"@id":"https:\/\/passeurspatrimoineplogonnec.fr\/#website"},"datePublished":"2022-02-22T14:22:49+00:00","dateModified":"2023-12-11T17:12:41+00:00","breadcrumb":{"@id":"https:\/\/passeurspatrimoineplogonnec.fr\/?page_id=959#breadcrumb"},"inLanguage":"fr-FR","potentialAction":[{"@type":"ReadAction","target":["https:\/\/passeurspatrimoineplogonnec.fr\/?page_id=959"]}]},{"@type":"BreadcrumbList","@id":"https:\/\/passeurspatrimoineplogonnec.fr\/?page_id=959#breadcrumb","itemListElement":[{"@type":"ListItem","position":1,"name":"Accueil","item":"https:\/\/passeurspatrimoineplogonnec.fr\/"},{"@type":"ListItem","position":2,"name":"Le maquis de Kernoalet"}]},{"@type":"WebSite","@id":"https:\/\/passeurspatrimoineplogonnec.fr\/#website","url":"https:\/\/passeurspatrimoineplogonnec.fr\/","name":"Passeurs de Patrimoine de Plogonnec","description":"","potentialAction":[{"@type":"SearchAction","target":{"@type":"EntryPoint","urlTemplate":"https:\/\/passeurspatrimoineplogonnec.fr\/?s={search_term_string}"},"query-input":{"@type":"PropertyValueSpecification","valueRequired":true,"valueName":"search_term_string"}}],"inLanguage":"fr-FR"}]}},"_links":{"self":[{"href":"https:\/\/passeurspatrimoineplogonnec.fr\/index.php?rest_route=\/wp\/v2\/pages\/959","targetHints":{"allow":["GET"]}}],"collection":[{"href":"https:\/\/passeurspatrimoineplogonnec.fr\/index.php?rest_route=\/wp\/v2\/pages"}],"about":[{"href":"https:\/\/passeurspatrimoineplogonnec.fr\/index.php?rest_route=\/wp\/v2\/types\/page"}],"author":[{"embeddable":true,"href":"https:\/\/passeurspatrimoineplogonnec.fr\/index.php?rest_route=\/wp\/v2\/users\/1"}],"replies":[{"embeddable":true,"href":"https:\/\/passeurspatrimoineplogonnec.fr\/index.php?rest_route=%2Fwp%2Fv2%2Fcomments&post=959"}],"version-history":[{"count":6,"href":"https:\/\/passeurspatrimoineplogonnec.fr\/index.php?rest_route=\/wp\/v2\/pages\/959\/revisions"}],"predecessor-version":[{"id":3943,"href":"https:\/\/passeurspatrimoineplogonnec.fr\/index.php?rest_route=\/wp\/v2\/pages\/959\/revisions\/3943"}],"wp:attachment":[{"href":"https:\/\/passeurspatrimoineplogonnec.fr\/index.php?rest_route=%2Fwp%2Fv2%2Fmedia&parent=959"}],"curies":[{"name":"wp","href":"https:\/\/api.w.org\/{rel}","templated":true}]}}