{"id":965,"date":"2022-02-22T15:31:57","date_gmt":"2022-02-22T14:31:57","guid":{"rendered":"http:\/\/passeurspatrimoineplogonnec.fr\/?page_id=965"},"modified":"2022-10-23T11:22:07","modified_gmt":"2022-10-23T09:22:07","slug":"legion-dhonneur-emile-renevot","status":"publish","type":"page","link":"https:\/\/passeurspatrimoineplogonnec.fr\/?page_id=965","title":{"rendered":"L\u00e9gion d&rsquo;honneur Emile Ren\u00e9vot 26 f\u00e9vrier 2022"},"content":{"rendered":"\n<figure class=\"wp-block-gallery has-nested-images columns-default is-cropped wp-block-gallery-1 is-layout-flex wp-block-gallery-is-layout-flex\">\n<figure class=\"wp-block-image size-large\"><a href=\"http:\/\/passeurspatrimoineplogonnec.fr\/wp-content\/uploads\/2022\/02\/Legion-dhonneur-Emile-Renevot.pdf\" target=\"_blank\" rel=\"noopener\"><img loading=\"lazy\" decoding=\"async\" width=\"627\" height=\"417\" data-id=\"234\" src=\"http:\/\/passeurspatrimoineplogonnec.fr\/wp-content\/uploads\/2021\/11\/11-novembre-2021-11-.jpg\" alt=\"\" class=\"wp-image-234\" srcset=\"https:\/\/passeurspatrimoineplogonnec.fr\/wp-content\/uploads\/2021\/11\/11-novembre-2021-11-.jpg 627w, https:\/\/passeurspatrimoineplogonnec.fr\/wp-content\/uploads\/2021\/11\/11-novembre-2021-11--300x200.jpg 300w\" sizes=\"auto, (max-width: 627px) 100vw, 627px\" \/><\/a><\/figure>\n<\/figure>\n\n\n\n<p class=\"has-text-align-center\"><a href=\"http:\/\/passeurspatrimoineplogonnec.fr\/wp-content\/uploads\/2022\/02\/Legion-dhonneur-Emile-Renevot.pdf\" target=\"_blank\" rel=\"noreferrer noopener\"><strong>C\u00e9r\u00e9monie du 26 f\u00e9vrier 2022 : <\/strong>Remise de la croix de Chevalier de la l\u00e9gion d&rsquo;Honneur  <strong>Emile Ren\u00e9vot<\/strong><\/a><\/p>\n","protected":false},"excerpt":{"rendered":"<p>C\u00e9r\u00e9monie du 26 f\u00e9vrier 2022 : Remise de la croix de Chevalier de la l\u00e9gion d&rsquo;Honneur Emile Ren\u00e9vot<\/p>\n","protected":false},"author":1,"featured_media":0,"parent":0,"menu_order":0,"comment_status":"closed","ping_status":"closed","template":"","meta":{"footnotes":""},"class_list":["post-965","page","type-page","status-publish","hentry"],"yoast_head":"<!-- This site is optimized with the Yoast SEO plugin v27.4 - https:\/\/yoast.com\/product\/yoast-seo-wordpress\/ -->\n<title>L\u00e9gion d&#039;honneur Emile Ren\u00e9vot 26 f\u00e9vrier 2022 - Passeurs de Patrimoine de Plogonnec<\/title>\n<meta name=\"robots\" content=\"index, follow, max-snippet:-1, max-image-preview:large, max-video-preview:-1\" \/>\n<link rel=\"canonical\" href=\"https:\/\/passeurspatrimoineplogonnec.fr\/?page_id=965\" \/>\n<meta property=\"og:locale\" content=\"fr_FR\" \/>\n<meta property=\"og:type\" content=\"article\" \/>\n<meta property=\"og:title\" content=\"L\u00e9gion d&#039;honneur Emile Ren\u00e9vot 26 f\u00e9vrier 2022 - Passeurs de Patrimoine de Plogonnec\" \/>\n<meta property=\"og:description\" content=\"C\u00e9r\u00e9monie du 26 f\u00e9vrier 2022 : Remise de la croix de Chevalier de la l\u00e9gion d&rsquo;Honneur Emile Ren\u00e9vot\" \/>\n<meta property=\"og:url\" content=\"https:\/\/passeurspatrimoineplogonnec.fr\/?page_id=965\" \/>\n<meta property=\"og:site_name\" content=\"Passeurs de Patrimoine de Plogonnec\" \/>\n<meta property=\"article:modified_time\" content=\"2022-10-23T09:22:07+00:00\" \/>\n<meta property=\"og:image\" content=\"http:\/\/passeurspatrimoineplogonnec.fr\/wp-content\/uploads\/2021\/11\/11-novembre-2021-11-.jpg\" \/>\n<meta name=\"twitter:card\" content=\"summary_large_image\" \/>\n<meta name=\"twitter:label1\" content=\"Dur\u00e9e de lecture estim\u00e9e\" \/>\n\t<meta name=\"twitter:data1\" content=\"1 minute\" \/>\n<script type=\"application\/ld+json\" class=\"yoast-schema-graph\">{\"@context\":\"https:\\\/\\\/schema.org\",\"@graph\":[{\"@type\":\"WebPage\",\"@id\":\"https:\\\/\\\/passeurspatrimoineplogonnec.fr\\\/?page_id=965\",\"url\":\"https:\\\/\\\/passeurspatrimoineplogonnec.fr\\\/?page_id=965\",\"name\":\"L\u00e9gion d'honneur Emile Ren\u00e9vot 26 f\u00e9vrier 2022 - Passeurs de Patrimoine de Plogonnec\",\"isPartOf\":{\"@id\":\"https:\\\/\\\/passeurspatrimoineplogonnec.fr\\\/#website\"},\"primaryImageOfPage\":{\"@id\":\"https:\\\/\\\/passeurspatrimoineplogonnec.fr\\\/?page_id=965#primaryimage\"},\"image\":{\"@id\":\"https:\\\/\\\/passeurspatrimoineplogonnec.fr\\\/?page_id=965#primaryimage\"},\"thumbnailUrl\":\"http:\\\/\\\/passeurspatrimoineplogonnec.fr\\\/wp-content\\\/uploads\\\/2021\\\/11\\\/11-novembre-2021-11-.jpg\",\"datePublished\":\"2022-02-22T14:31:57+00:00\",\"dateModified\":\"2022-10-23T09:22:07+00:00\",\"breadcrumb\":{\"@id\":\"https:\\\/\\\/passeurspatrimoineplogonnec.fr\\\/?page_id=965#breadcrumb\"},\"inLanguage\":\"fr-FR\",\"potentialAction\":[{\"@type\":\"ReadAction\",\"target\":[\"https:\\\/\\\/passeurspatrimoineplogonnec.fr\\\/?page_id=965\"]}]},{\"@type\":\"ImageObject\",\"inLanguage\":\"fr-FR\",\"@id\":\"https:\\\/\\\/passeurspatrimoineplogonnec.fr\\\/?page_id=965#primaryimage\",\"url\":\"https:\\\/\\\/passeurspatrimoineplogonnec.fr\\\/wp-content\\\/uploads\\\/2021\\\/11\\\/11-novembre-2021-11-.jpg\",\"contentUrl\":\"https:\\\/\\\/passeurspatrimoineplogonnec.fr\\\/wp-content\\\/uploads\\\/2021\\\/11\\\/11-novembre-2021-11-.jpg\",\"width\":627,\"height\":417},{\"@type\":\"BreadcrumbList\",\"@id\":\"https:\\\/\\\/passeurspatrimoineplogonnec.fr\\\/?page_id=965#breadcrumb\",\"itemListElement\":[{\"@type\":\"ListItem\",\"position\":1,\"name\":\"Accueil\",\"item\":\"https:\\\/\\\/passeurspatrimoineplogonnec.fr\\\/\"},{\"@type\":\"ListItem\",\"position\":2,\"name\":\"L\u00e9gion d&#8217;honneur Emile Ren\u00e9vot 26 f\u00e9vrier 2022\"}]},{\"@type\":\"WebSite\",\"@id\":\"https:\\\/\\\/passeurspatrimoineplogonnec.fr\\\/#website\",\"url\":\"https:\\\/\\\/passeurspatrimoineplogonnec.fr\\\/\",\"name\":\"Passeurs de Patrimoine de Plogonnec\",\"description\":\"\",\"potentialAction\":[{\"@type\":\"SearchAction\",\"target\":{\"@type\":\"EntryPoint\",\"urlTemplate\":\"https:\\\/\\\/passeurspatrimoineplogonnec.fr\\\/?s={search_term_string}\"},\"query-input\":{\"@type\":\"PropertyValueSpecification\",\"valueRequired\":true,\"valueName\":\"search_term_string\"}}],\"inLanguage\":\"fr-FR\"}]}<\/script>\n<!-- \/ Yoast SEO plugin. -->","yoast_head_json":{"title":"L\u00e9gion d'honneur Emile Ren\u00e9vot 26 f\u00e9vrier 2022 - Passeurs de Patrimoine de Plogonnec","robots":{"index":"index","follow":"follow","max-snippet":"max-snippet:-1","max-image-preview":"max-image-preview:large","max-video-preview":"max-video-preview:-1"},"canonical":"https:\/\/passeurspatrimoineplogonnec.fr\/?page_id=965","og_locale":"fr_FR","og_type":"article","og_title":"L\u00e9gion d'honneur Emile Ren\u00e9vot 26 f\u00e9vrier 2022 - Passeurs de Patrimoine de Plogonnec","og_description":"C\u00e9r\u00e9monie du 26 f\u00e9vrier 2022 : Remise de la croix de Chevalier de la l\u00e9gion d&rsquo;Honneur Emile Ren\u00e9vot","og_url":"https:\/\/passeurspatrimoineplogonnec.fr\/?page_id=965","og_site_name":"Passeurs de Patrimoine de Plogonnec","article_modified_time":"2022-10-23T09:22:07+00:00","og_image":[{"url":"http:\/\/passeurspatrimoineplogonnec.fr\/wp-content\/uploads\/2021\/11\/11-novembre-2021-11-.jpg","type":"","width":"","height":""}],"twitter_card":"summary_large_image","twitter_misc":{"Dur\u00e9e de lecture estim\u00e9e":"1 minute"},"schema":{"@context":"https:\/\/schema.org","@graph":[{"@type":"WebPage","@id":"https:\/\/passeurspatrimoineplogonnec.fr\/?page_id=965","url":"https:\/\/passeurspatrimoineplogonnec.fr\/?page_id=965","name":"L\u00e9gion d'honneur Emile Ren\u00e9vot 26 f\u00e9vrier 2022 - Passeurs de Patrimoine de Plogonnec","isPartOf":{"@id":"https:\/\/passeurspatrimoineplogonnec.fr\/#website"},"primaryImageOfPage":{"@id":"https:\/\/passeurspatrimoineplogonnec.fr\/?page_id=965#primaryimage"},"image":{"@id":"https:\/\/passeurspatrimoineplogonnec.fr\/?page_id=965#primaryimage"},"thumbnailUrl":"http:\/\/passeurspatrimoineplogonnec.fr\/wp-content\/uploads\/2021\/11\/11-novembre-2021-11-.jpg","datePublished":"2022-02-22T14:31:57+00:00","dateModified":"2022-10-23T09:22:07+00:00","breadcrumb":{"@id":"https:\/\/passeurspatrimoineplogonnec.fr\/?page_id=965#breadcrumb"},"inLanguage":"fr-FR","potentialAction":[{"@type":"ReadAction","target":["https:\/\/passeurspatrimoineplogonnec.fr\/?page_id=965"]}]},{"@type":"ImageObject","inLanguage":"fr-FR","@id":"https:\/\/passeurspatrimoineplogonnec.fr\/?page_id=965#primaryimage","url":"https:\/\/passeurspatrimoineplogonnec.fr\/wp-content\/uploads\/2021\/11\/11-novembre-2021-11-.jpg","contentUrl":"https:\/\/passeurspatrimoineplogonnec.fr\/wp-content\/uploads\/2021\/11\/11-novembre-2021-11-.jpg","width":627,"height":417},{"@type":"BreadcrumbList","@id":"https:\/\/passeurspatrimoineplogonnec.fr\/?page_id=965#breadcrumb","itemListElement":[{"@type":"ListItem","position":1,"name":"Accueil","item":"https:\/\/passeurspatrimoineplogonnec.fr\/"},{"@type":"ListItem","position":2,"name":"L\u00e9gion d&#8217;honneur Emile Ren\u00e9vot 26 f\u00e9vrier 2022"}]},{"@type":"WebSite","@id":"https:\/\/passeurspatrimoineplogonnec.fr\/#website","url":"https:\/\/passeurspatrimoineplogonnec.fr\/","name":"Passeurs de Patrimoine de Plogonnec","description":"","potentialAction":[{"@type":"SearchAction","target":{"@type":"EntryPoint","urlTemplate":"https:\/\/passeurspatrimoineplogonnec.fr\/?s={search_term_string}"},"query-input":{"@type":"PropertyValueSpecification","valueRequired":true,"valueName":"search_term_string"}}],"inLanguage":"fr-FR"}]}},"_links":{"self":[{"href":"https:\/\/passeurspatrimoineplogonnec.fr\/index.php?rest_route=\/wp\/v2\/pages\/965","targetHints":{"allow":["GET"]}}],"collection":[{"href":"https:\/\/passeurspatrimoineplogonnec.fr\/index.php?rest_route=\/wp\/v2\/pages"}],"about":[{"href":"https:\/\/passeurspatrimoineplogonnec.fr\/index.php?rest_route=\/wp\/v2\/types\/page"}],"author":[{"embeddable":true,"href":"https:\/\/passeurspatrimoineplogonnec.fr\/index.php?rest_route=\/wp\/v2\/users\/1"}],"replies":[{"embeddable":true,"href":"https:\/\/passeurspatrimoineplogonnec.fr\/index.php?rest_route=%2Fwp%2Fv2%2Fcomments&post=965"}],"version-history":[{"count":7,"href":"https:\/\/passeurspatrimoineplogonnec.fr\/index.php?rest_route=\/wp\/v2\/pages\/965\/revisions"}],"predecessor-version":[{"id":1949,"href":"https:\/\/passeurspatrimoineplogonnec.fr\/index.php?rest_route=\/wp\/v2\/pages\/965\/revisions\/1949"}],"wp:attachment":[{"href":"https:\/\/passeurspatrimoineplogonnec.fr\/index.php?rest_route=%2Fwp%2Fv2%2Fmedia&parent=965"}],"curies":[{"name":"wp","href":"https:\/\/api.w.org\/{rel}","templated":true}]}}